{"id":14482,"date":"2025-10-01T15:55:33","date_gmt":"2025-10-01T13:55:33","guid":{"rendered":"https:\/\/thelyflabs.com\/?post_type=product&#038;p=14482"},"modified":"2026-04-08T11:51:06","modified_gmt":"2026-04-08T09:51:06","slug":"cartucho-desechable-full-spectrum-red-berries","status":"publish","type":"product","link":"https:\/\/thelyflabs.com\/en\/product\/cartucho-desechable-full-spectrum-red-berries","title":{"rendered":"Full Spectrum Disposable Cartridge \u2013 Red Berries"},"content":{"rendered":"<h4><b>Full Spectrum Disposable Cartridge \u2013 Red Berries<\/b><\/h4>\n<p>Experience the power of CBD with our disposable vape cartridge <b>Full Spectrum<\/b> aroma of <b>Red Berries<\/b>, <span class=\"citation-32 citation-end-32\">Available exclusively at Iguana Smoke. Our advanced formula combines a wealth of cannabinoids to offer you a unique and complete vaping experience. <\/span><\/p>\n<p><span class=\"citation-32 citation-end-32\">Extracted from high-quality organic hemp, our Full Spectrum CBD preserves the plant&#039;s natural synergy to maximize its benefits. Enjoy fast, effective relief with every puff.<\/span>to.<\/p>\n<p>The cartridge contains <b>700mg CBD (70% concentration)<\/b>, which provides up to <b>300 puffs<\/b> in its 1ml version and up <b>600 puffs<\/b> In the 2ml version, its compact design and compatibility with 510-connection batteries make it ideal for use anytime, anywhere, without the need for recharging or maintenance.<\/p>\n<p><b>Featured Features:<\/b><\/p>\n<ul>\n<li>High quality Full Spectrum CBD.<\/li>\n<li>Organic hemp extraction.<\/li>\n<li>Available in 1 ml and 2 ml.<\/li>\n<li>Up to 300 puffs (1 ml) and up to 600 puffs (2 ml).<\/li>\n<li>Without THC.<\/li>\n<li>Quality guaranteed by Iguana Smoke.<\/li>\n<\/ul>\n<p><b>Benefits:<\/b><\/p>\n<ul>\n<li>Fast and effective relief.<\/li>\n<li>Promotes relaxation and well-being.<\/li>\n<li>No unwanted psychoactive effects.<\/li>\n<\/ul>\n<h4><b>What is a disposable cartridge?<\/b><\/h4>\n<p>Disposable cartridges are vaping devices that connect to batteries with a 510 type connection. These cartridges are discarded once the liquid has been used up.<\/p>\n<p>This is a collector&#039;s item. Not for direct consumption or smoking.<\/p>","protected":false},"excerpt":{"rendered":"<h4><strong>Characteristics<\/strong><\/h4>\n<ul>\n<li>Connection: type 510<\/li>\n<li>Ability: <span style=\"font-size: 16px\">1 ml \/ 2 ml<\/span><\/li>\n<li>Puffs: <span style=\"font-size: 16px\">300 \/ 600<\/span><\/li>\n<li>High-quality natural terpenes<\/li>\n<li>CBD: <span style=\"font-size: 16px\"> 70% \/ 700mg \/ 1400mg\u00a0<\/span><\/li>\n<li>THC: 0%<\/li>\n<li>Nicotine: 0%<\/li>\n<li>Does not contain VG, PG, PEG, MCT or any other cutting agents<\/li>\n<li><a href=\"https:\/\/iguanasmoke.com\/analiticas\">Quality Analysis here<\/a><\/li>\n<\/ul>","protected":false},"featured_media":14487,"comment_status":"open","ping_status":"closed","template":"","meta":{"_acf_changed":false,"site-sidebar-layout":"default","site-content-layout":"","ast-site-content-layout":"default","site-content-style":"default","site-sidebar-style":"default","ast-global-header-display":"","ast-banner-title-visibility":"","ast-main-header-display":"","ast-hfb-above-header-display":"","ast-hfb-below-header-display":"","ast-hfb-mobile-header-display":"","site-post-title":"","ast-breadcrumbs-content":"","ast-featured-img":"","footer-sml-layout":"","theme-transparent-header-meta":"default","adv-header-id-meta":"","stick-header-meta":"","header-above-stick-meta":"","header-main-stick-meta":"","header-below-stick-meta":"","astra-migrate-meta-layouts":"set","ast-page-background-enabled":"default","ast-page-background-meta":{"desktop":{"background-color":"var(--ast-global-color-4)","background-image":"","background-repeat":"repeat","background-position":"center center","background-size":"auto","background-attachment":"scroll","background-type":"","background-media":"","overlay-type":"","overlay-color":"","overlay-opacity":"","overlay-gradient":""},"tablet":{"background-color":"","background-image":"","background-repeat":"repeat","background-position":"center center","background-size":"auto","background-attachment":"scroll","background-type":"","background-media":"","overlay-type":"","overlay-color":"","overlay-opacity":"","overlay-gradient":""},"mobile":{"background-color":"","background-image":"","background-repeat":"repeat","background-position":"center center","background-size":"auto","background-attachment":"scroll","background-type":"","background-media":"","overlay-type":"","overlay-color":"","overlay-opacity":"","overlay-gradient":""}},"ast-content-background-meta":{"desktop":{"background-color":"var(--ast-global-color-5)","background-image":"","background-repeat":"repeat","background-position":"center center","background-size":"auto","background-attachment":"scroll","background-type":"","background-media":"","overlay-type":"","overlay-color":"","overlay-opacity":"","overlay-gradient":""},"tablet":{"background-color":"var(--ast-global-color-5)","background-image":"","background-repeat":"repeat","background-position":"center center","background-size":"auto","background-attachment":"scroll","background-type":"","background-media":"","overlay-type":"","overlay-color":"","overlay-opacity":"","overlay-gradient":""},"mobile":{"background-color":"var(--ast-global-color-5)","background-image":"","background-repeat":"repeat","background-position":"center center","background-size":"auto","background-attachment":"scroll","background-type":"","background-media":"","overlay-type":"","overlay-color":"","overlay-opacity":"","overlay-gradient":""}}},"product_brand":[],"product_cat":[91,142,126,79],"product_tag":[],"class_list":{"0":"post-14482","1":"product","2":"type-product","3":"status-publish","4":"has-post-thumbnail","6":"product_cat-cartuchos","7":"product_cat-cartuchos-vapers-cbd","8":"product_cat-full-spectrum","9":"product_cat-full-spectrum-cbd","10":"desktop-align-center","11":"tablet-align-left","12":"mobile-align-left","14":"first","15":"instock","16":"taxable","17":"shipping-taxable","18":"purchasable","19":"product-type-variable"},"acf":[],"yoast_head":"<!-- This site is optimized with the Yoast SEO plugin v27.3 - https:\/\/yoast.com\/product\/yoast-seo-wordpress\/ -->\n<title>Cartucho desechable Full Spectrum - Red Berries - THE LYF LABS<\/title>\n<meta name=\"description\" content=\"Cartucho desechable Full Spectrum Iguana Smoke sabor Red Berries con 70% de CBD extracto natural de c\u00e1\u00f1amo. Promueve la relajaci\u00f3n sin efectos psicoactivos.\" \/>\n<meta name=\"robots\" content=\"index, follow, max-snippet:-1, max-image-preview:large, max-video-preview:-1\" \/>\n<link rel=\"canonical\" href=\"https:\/\/thelyflabs.com\/en\/product\/cartucho-desechable-full-spectrum-red-berries\/\" \/>\n<meta property=\"og:locale\" content=\"en_GB\" \/>\n<meta property=\"og:type\" content=\"article\" \/>\n<meta property=\"og:title\" content=\"Cartucho desechable Full Spectrum - Red Berries - THE LYF LABS\" \/>\n<meta property=\"og:description\" content=\"Cartucho desechable Full Spectrum Iguana Smoke sabor Red Berries con 70% de CBD extracto natural de c\u00e1\u00f1amo. Promueve la relajaci\u00f3n sin efectos psicoactivos.\" \/>\n<meta property=\"og:url\" content=\"https:\/\/thelyflabs.com\/en\/product\/cartucho-desechable-full-spectrum-red-berries\/\" \/>\n<meta property=\"og:site_name\" content=\"THE LYF LABS\" \/>\n<meta property=\"article:modified_time\" content=\"2026-04-08T09:51:06+00:00\" \/>\n<meta property=\"og:image\" content=\"https:\/\/thelyflabs.com\/wp-content\/uploads\/2025\/10\/Bolsas-y-Cartucho-Cart-Full-Spectrum-Red-Berries-2025.webp\" \/>\n\t<meta property=\"og:image:width\" content=\"1000\" \/>\n\t<meta property=\"og:image:height\" content=\"1000\" \/>\n\t<meta property=\"og:image:type\" content=\"image\/webp\" \/>\n<meta name=\"twitter:card\" content=\"summary_large_image\" \/>\n<meta name=\"twitter:label1\" content=\"Estimated reading time\" \/>\n\t<meta name=\"twitter:data1\" content=\"2 minutes\" \/>\n<script type=\"application\/ld+json\" class=\"yoast-schema-graph\">{\"@context\":\"https:\\\/\\\/schema.org\",\"@graph\":[{\"@type\":\"WebPage\",\"@id\":\"https:\\\/\\\/thelyflabs.com\\\/product\\\/cartucho-desechable-full-spectrum-red-berries\",\"url\":\"https:\\\/\\\/thelyflabs.com\\\/product\\\/cartucho-desechable-full-spectrum-red-berries\",\"name\":\"Cartucho desechable Full Spectrum - Red Berries - THE LYF LABS\",\"isPartOf\":{\"@id\":\"https:\\\/\\\/thelyflabs.com\\\/#website\"},\"primaryImageOfPage\":{\"@id\":\"https:\\\/\\\/thelyflabs.com\\\/product\\\/cartucho-desechable-full-spectrum-red-berries#primaryimage\"},\"image\":{\"@id\":\"https:\\\/\\\/thelyflabs.com\\\/product\\\/cartucho-desechable-full-spectrum-red-berries#primaryimage\"},\"thumbnailUrl\":\"https:\\\/\\\/thelyflabs.com\\\/wp-content\\\/uploads\\\/2025\\\/10\\\/Bolsas-y-Cartucho-Cart-Full-Spectrum-Red-Berries-2025.webp\",\"datePublished\":\"2025-10-01T13:55:33+00:00\",\"dateModified\":\"2026-04-08T09:51:06+00:00\",\"description\":\"Cartucho desechable Full Spectrum Iguana Smoke sabor Red Berries con 70% de CBD extracto natural de c\u00e1\u00f1amo. Promueve la relajaci\u00f3n sin efectos psicoactivos.\",\"breadcrumb\":{\"@id\":\"https:\\\/\\\/thelyflabs.com\\\/product\\\/cartucho-desechable-full-spectrum-red-berries#breadcrumb\"},\"inLanguage\":\"en-GB\",\"potentialAction\":[{\"@type\":\"ReadAction\",\"target\":[\"https:\\\/\\\/thelyflabs.com\\\/product\\\/cartucho-desechable-full-spectrum-red-berries\"]}]},{\"@type\":\"ImageObject\",\"inLanguage\":\"en-GB\",\"@id\":\"https:\\\/\\\/thelyflabs.com\\\/product\\\/cartucho-desechable-full-spectrum-red-berries#primaryimage\",\"url\":\"https:\\\/\\\/thelyflabs.com\\\/wp-content\\\/uploads\\\/2025\\\/10\\\/Bolsas-y-Cartucho-Cart-Full-Spectrum-Red-Berries-2025.webp\",\"contentUrl\":\"https:\\\/\\\/thelyflabs.com\\\/wp-content\\\/uploads\\\/2025\\\/10\\\/Bolsas-y-Cartucho-Cart-Full-Spectrum-Red-Berries-2025.webp\",\"width\":1000,\"height\":1000,\"caption\":\"cartucho full spectrum\"},{\"@type\":\"BreadcrumbList\",\"@id\":\"https:\\\/\\\/thelyflabs.com\\\/product\\\/cartucho-desechable-full-spectrum-red-berries#breadcrumb\",\"itemListElement\":[{\"@type\":\"ListItem\",\"position\":1,\"name\":\"Portada\",\"item\":\"https:\\\/\\\/thelyflabs.com\\\/\"},{\"@type\":\"ListItem\",\"position\":2,\"name\":\"Tienda\",\"item\":\"https:\\\/\\\/thelyflabs.com\\\/tienda\"},{\"@type\":\"ListItem\",\"position\":3,\"name\":\"Cartucho desechable Full Spectrum &#8211; Red Berries\"}]},{\"@type\":\"WebSite\",\"@id\":\"https:\\\/\\\/thelyflabs.com\\\/#website\",\"url\":\"https:\\\/\\\/thelyflabs.com\\\/\",\"name\":\"The LYF Labs\",\"description\":\"CBD al por mayor\",\"publisher\":{\"@id\":\"https:\\\/\\\/thelyflabs.com\\\/#organization\"},\"potentialAction\":[{\"@type\":\"SearchAction\",\"target\":{\"@type\":\"EntryPoint\",\"urlTemplate\":\"https:\\\/\\\/thelyflabs.com\\\/?s={search_term_string}\"},\"query-input\":{\"@type\":\"PropertyValueSpecification\",\"valueRequired\":true,\"valueName\":\"search_term_string\"}}],\"inLanguage\":\"en-GB\"},{\"@type\":\"Organization\",\"@id\":\"https:\\\/\\\/thelyflabs.com\\\/#organization\",\"name\":\"The LYF Labs\",\"url\":\"https:\\\/\\\/thelyflabs.com\\\/\",\"logo\":{\"@type\":\"ImageObject\",\"inLanguage\":\"en-GB\",\"@id\":\"https:\\\/\\\/thelyflabs.com\\\/#\\\/schema\\\/logo\\\/image\\\/\",\"url\":\"https:\\\/\\\/thelyflabs.com\\\/wp-content\\\/uploads\\\/2023\\\/01\\\/cropped-LogoTheLYFLabs.png\",\"contentUrl\":\"https:\\\/\\\/thelyflabs.com\\\/wp-content\\\/uploads\\\/2023\\\/01\\\/cropped-LogoTheLYFLabs.png\",\"width\":600,\"height\":180,\"caption\":\"The LYF Labs\"},\"image\":{\"@id\":\"https:\\\/\\\/thelyflabs.com\\\/#\\\/schema\\\/logo\\\/image\\\/\"}}]}<\/script>\n<!-- \/ Yoast SEO plugin. -->","yoast_head_json":{"title":"Cartucho desechable Full Spectrum - Red Berries - THE LYF LABS","description":"Cartucho desechable Full Spectrum Iguana Smoke sabor Red Berries con 70% de CBD extracto natural de c\u00e1\u00f1amo. Promueve la relajaci\u00f3n sin efectos psicoactivos.","robots":{"index":"index","follow":"follow","max-snippet":"max-snippet:-1","max-image-preview":"max-image-preview:large","max-video-preview":"max-video-preview:-1"},"canonical":"https:\/\/thelyflabs.com\/en\/product\/cartucho-desechable-full-spectrum-red-berries\/","og_locale":"en_GB","og_type":"article","og_title":"Cartucho desechable Full Spectrum - Red Berries - THE LYF LABS","og_description":"Cartucho desechable Full Spectrum Iguana Smoke sabor Red Berries con 70% de CBD extracto natural de c\u00e1\u00f1amo. Promueve la relajaci\u00f3n sin efectos psicoactivos.","og_url":"https:\/\/thelyflabs.com\/en\/product\/cartucho-desechable-full-spectrum-red-berries\/","og_site_name":"THE LYF LABS","article_modified_time":"2026-04-08T09:51:06+00:00","og_image":[{"width":1000,"height":1000,"url":"https:\/\/thelyflabs.com\/wp-content\/uploads\/2025\/10\/Bolsas-y-Cartucho-Cart-Full-Spectrum-Red-Berries-2025.webp","type":"image\/webp"}],"twitter_card":"summary_large_image","twitter_misc":{"Estimated reading time":"2 minutes"},"schema":{"@context":"https:\/\/schema.org","@graph":[{"@type":"WebPage","@id":"https:\/\/thelyflabs.com\/product\/cartucho-desechable-full-spectrum-red-berries","url":"https:\/\/thelyflabs.com\/product\/cartucho-desechable-full-spectrum-red-berries","name":"Cartucho desechable Full Spectrum - Red Berries - THE LYF LABS","isPartOf":{"@id":"https:\/\/thelyflabs.com\/#website"},"primaryImageOfPage":{"@id":"https:\/\/thelyflabs.com\/product\/cartucho-desechable-full-spectrum-red-berries#primaryimage"},"image":{"@id":"https:\/\/thelyflabs.com\/product\/cartucho-desechable-full-spectrum-red-berries#primaryimage"},"thumbnailUrl":"https:\/\/thelyflabs.com\/wp-content\/uploads\/2025\/10\/Bolsas-y-Cartucho-Cart-Full-Spectrum-Red-Berries-2025.webp","datePublished":"2025-10-01T13:55:33+00:00","dateModified":"2026-04-08T09:51:06+00:00","description":"Cartucho desechable Full Spectrum Iguana Smoke sabor Red Berries con 70% de CBD extracto natural de c\u00e1\u00f1amo. Promueve la relajaci\u00f3n sin efectos psicoactivos.","breadcrumb":{"@id":"https:\/\/thelyflabs.com\/product\/cartucho-desechable-full-spectrum-red-berries#breadcrumb"},"inLanguage":"en-GB","potentialAction":[{"@type":"ReadAction","target":["https:\/\/thelyflabs.com\/product\/cartucho-desechable-full-spectrum-red-berries"]}]},{"@type":"ImageObject","inLanguage":"en-GB","@id":"https:\/\/thelyflabs.com\/product\/cartucho-desechable-full-spectrum-red-berries#primaryimage","url":"https:\/\/thelyflabs.com\/wp-content\/uploads\/2025\/10\/Bolsas-y-Cartucho-Cart-Full-Spectrum-Red-Berries-2025.webp","contentUrl":"https:\/\/thelyflabs.com\/wp-content\/uploads\/2025\/10\/Bolsas-y-Cartucho-Cart-Full-Spectrum-Red-Berries-2025.webp","width":1000,"height":1000,"caption":"cartucho full spectrum"},{"@type":"BreadcrumbList","@id":"https:\/\/thelyflabs.com\/product\/cartucho-desechable-full-spectrum-red-berries#breadcrumb","itemListElement":[{"@type":"ListItem","position":1,"name":"Portada","item":"https:\/\/thelyflabs.com\/"},{"@type":"ListItem","position":2,"name":"Tienda","item":"https:\/\/thelyflabs.com\/tienda"},{"@type":"ListItem","position":3,"name":"Cartucho desechable Full Spectrum &#8211; Red Berries"}]},{"@type":"WebSite","@id":"https:\/\/thelyflabs.com\/#website","url":"https:\/\/thelyflabs.com\/","name":"The LYF Labs","description":"CBD wholesale","publisher":{"@id":"https:\/\/thelyflabs.com\/#organization"},"potentialAction":[{"@type":"SearchAction","target":{"@type":"EntryPoint","urlTemplate":"https:\/\/thelyflabs.com\/?s={search_term_string}"},"query-input":{"@type":"PropertyValueSpecification","valueRequired":true,"valueName":"search_term_string"}}],"inLanguage":"en-GB"},{"@type":"Organization","@id":"https:\/\/thelyflabs.com\/#organization","name":"The LYF Labs","url":"https:\/\/thelyflabs.com\/","logo":{"@type":"ImageObject","inLanguage":"en-GB","@id":"https:\/\/thelyflabs.com\/#\/schema\/logo\/image\/","url":"https:\/\/thelyflabs.com\/wp-content\/uploads\/2023\/01\/cropped-LogoTheLYFLabs.png","contentUrl":"https:\/\/thelyflabs.com\/wp-content\/uploads\/2023\/01\/cropped-LogoTheLYFLabs.png","width":600,"height":180,"caption":"The LYF Labs"},"image":{"@id":"https:\/\/thelyflabs.com\/#\/schema\/logo\/image\/"}}]}},"_links":{"self":[{"href":"https:\/\/thelyflabs.com\/en\/wp-json\/wp\/v2\/product\/14482","targetHints":{"allow":["GET"]}}],"collection":[{"href":"https:\/\/thelyflabs.com\/en\/wp-json\/wp\/v2\/product"}],"about":[{"href":"https:\/\/thelyflabs.com\/en\/wp-json\/wp\/v2\/types\/product"}],"replies":[{"embeddable":true,"href":"https:\/\/thelyflabs.com\/en\/wp-json\/wp\/v2\/comments?post=14482"}],"wp:featuredmedia":[{"embeddable":true,"href":"https:\/\/thelyflabs.com\/en\/wp-json\/wp\/v2\/media\/14487"}],"wp:attachment":[{"href":"https:\/\/thelyflabs.com\/en\/wp-json\/wp\/v2\/media?parent=14482"}],"wp:term":[{"taxonomy":"product_brand","embeddable":true,"href":"https:\/\/thelyflabs.com\/en\/wp-json\/wp\/v2\/product_brand?post=14482"},{"taxonomy":"product_cat","embeddable":true,"href":"https:\/\/thelyflabs.com\/en\/wp-json\/wp\/v2\/product_cat?post=14482"},{"taxonomy":"product_tag","embeddable":true,"href":"https:\/\/thelyflabs.com\/en\/wp-json\/wp\/v2\/product_tag?post=14482"}],"curies":[{"name":"wp","href":"https:\/\/api.w.org\/{rel}","templated":true}]}}