{"id":15256,"date":"2025-11-13T15:53:45","date_gmt":"2025-11-13T14:53:45","guid":{"rendered":"https:\/\/thelyflabs.com\/?post_type=product&#038;p=15256"},"modified":"2026-04-27T13:02:49","modified_gmt":"2026-04-27T11:02:49","slug":"space-hash-bubblegum-e8h","status":"publish","type":"product","link":"https:\/\/thelyflabs.com\/en\/product\/space-hash-bubblegum-e8h","title":{"rendered":"Space Hash Bubblegum E8H"},"content":{"rendered":"<h1><span style=\"font-weight: 400\">Space Hash Bubblegum E8H: the new molecule<\/span><\/h1>\n<p><span style=\"font-weight: 400\">Welcome to the future, we present to you the newest addition to the family <em>Space Hash<\/em>which will give you an out-of-this-world experience (THC-free hashish). <strong>Space Hash Bubblegum E8H<\/strong> It&#039;s the jewel in the crown.<\/span><\/p>\n<ul>\n<li>It is a safe product that meets legal standards, with less than 0.3% of THC.<\/li>\n<li>Furthermore, it contains no chemicals or artificial additives.<\/li>\n<li>Enriched with the E8H molecule.<\/li>\n<li>Ideal for discerning consumers and lovers of premium hashish.<\/li>\n<li>Quality tested by independent laboratories <a href=\"https:\/\/iguanasmoke.com\/analiticas-2\/\">here<\/a>.<\/li>\n<\/ul>\n<p>&nbsp;<\/p>\n<h2><em>Space Hash: A Trip to the Other Side<\/em><\/h2>\n<p><span style=\"font-weight: 400\">The term &quot;Space&quot; is not a coincidence. Our <strong>Space Hash are high-purity resins<\/strong>, <strong>enriched with extra molecules<\/strong> that invite you to a <strong>unique sensory journey<\/strong>Discover an out-of-this-world experience that combines the <strong>artisanal tradition of hashish<\/strong> with the <strong>innovation<\/strong> the most cutting-edge in the world <strong>CBD<\/strong>.\u00a0<\/span><\/p>\n<p>&nbsp;<\/p>\n<h2><strong>What is the E8H molecule?<\/strong><\/h2>\n<p><span style=\"font-weight: 400\">This has been designed to offer a <strong>experience<\/strong> <strong>unique<\/strong>, <strong>very similar to that of the HHC<\/strong>However, unlike what you already know, this cutting-edge molecule offers a unique experience that will change your expectations; it&#039;s your THC-free hashish. <\/span><\/p>\n<p><span style=\"font-weight: 400\">It&#039;s unique, you have to try it to experience it! Its recent development places it within an evolving regulatory framework, thus opening up new possibilities in the world of vaping. <\/span><\/p>\n<p><span style=\"font-weight: 400\">Although the effects can vary from person to person, experiences typically include:<\/span><\/p>\n<ul>\n<li>Similar experiences to those with THC, a pleasant sensation.<\/li>\n<li>General relaxation and stress reduction<\/li>\n<li>A feeling of calm or well-being.<\/li>\n<\/ul>\n<p>&nbsp;<\/p>\n<h2>Features of Space Hash Bubblegum E8H:<\/h2>\n<ul>\n<li><span style=\"font-size: 16px;font-weight: 400\"><strong>Aroma and flavor:<\/strong> It gives off a <strong>subtle aroma and a taste<\/strong> <strong>enveloping<\/strong> From the very beginning, it&#039;s not cloying. Tasty and with a balanced effect.<\/span><\/li>\n<li><strong>Origin and purity:<\/strong> <span style=\"font-size: 16px;font-weight: 400\">This high-purity resin captures the trichomes from the finest fresh flowers (using ice and water). A clean extraction that preserves all the cannabis terpenes. E8H, a cannabinoid similar to HHC, is then added to create a unique hashish.<\/span><\/li>\n<li><span style=\"font-size: 16px;font-weight: 400\"><strong>Appearance and Texture:<\/strong>\u00a0 Its dark brown color and compact yet malleable appearance make it an attractive hash for those who appreciate visual quality. With a texture that&#039;s easy to handle, it&#039;s perfect for enjoying alone or with others.\u00a0<\/span><\/li>\n<\/ul>\n<p>&nbsp;<\/p>\n<section class=\"product-description\">\n<h2>Quality and safety<\/h2>\n<p>In <strong>The Lyf Labs<\/strong>, we guarantee that each batch of <span style=\"font-weight: 400\"><strong>Space Hash Bubblegum E8H<\/strong><\/span>\u00a0It undergoes rigorous laboratory analysis to confirm its purity, absence of pesticides, and legal THC levels (less than 0.3%). Our commitment to quality and safety allows us to offer a reliable product suitable for all users who value legality and excellence in their consumption.<\/p>\n<p>&nbsp;<\/p>\n<p><span style=\"font-size: 1.7em;font-weight: bold\">Why buy <span style=\"font-weight: 400\"><strong>Space Hash Bubblegum E8H<\/strong><\/span>\u00a0at The Lyf Labs?<\/span><\/p>\n<\/section>\n<section class=\"product-description\">\n<ul>\n<li>Product 100% legal in the European Union, complying with current regulations on THC.<\/li>\n<li>Natural, without pesticides or chemical additives, guaranteeing safe and healthy consumption.<\/li>\n<li>Tested in certified laboratories to ensure maximum purity and quality.<\/li>\n<li>Fast delivery and professional service accompany every purchase.<\/li>\n<li>Secure purchasing and specialized support to resolve any questions.<\/li>\n<\/ul>\n<p>The Lyf Labs is committed to offering products that combine tradition, innovation and the highest quality. <span style=\"font-weight: 400\"><strong>Space Hash Bubblegum E8H<\/strong><\/span>\u00a0It&#039;s an outstanding choice for those seeking artisanal hash with a modern profile and a unique user experience. Trust us to add a product that stands out for its authenticity, flavor, and reliability to your collection or catalog.<\/p>\n<p>&nbsp;<\/p>\n<p><span style=\"font-size: 1.7em;font-weight: bold\">The Lyf Labs is quality<\/span><\/p>\n<\/section>\n<p>The Lyf Labs represents excellence in the wholesale cannabinoid market, offering innovative, safe, and high-purity products to specialty stores and distributors. We focus on meeting the needs of a professional sector seeking consistent quality, traceability, and competitive prices. If you&#039;re looking for a reliable and forward-thinking supplier, you&#039;ll find a strategic partner in The Lyf Labs to help you grow in the hemp market.<\/p>","protected":false},"excerpt":{"rendered":"<p><span style=\"font-weight: 400\">Space Hash Bubblegum E8H is aromatic and flavorful. Enriched with the E8H molecule, it will make you feel amazing and indulgent.\u00a0<\/span><\/p>\n<ul>\n<li><strong style=\"font-size: 16px;font-style: normal\">Dark brown color and pleasant texture<\/strong><\/li>\n<li><strong>Less than 0.3% of THC \u2013 100% legal throughout Europe<\/strong><\/li>\n<li><strong>Natural production<\/strong>\u2013 No pesticides or artificial chemicals<\/li>\n<\/ul>\n<p>Quality analysis: click\u00a0<a href=\"https:\/\/iguanasmoke.com\/analiticas\/\" target=\"_blank\" rel=\"noopener\">here<\/a><\/p>","protected":false},"featured_media":15258,"comment_status":"open","ping_status":"closed","template":"","meta":{"_acf_changed":false,"site-sidebar-layout":"default","site-content-layout":"","ast-site-content-layout":"default","site-content-style":"default","site-sidebar-style":"default","ast-global-header-display":"","ast-banner-title-visibility":"","ast-main-header-display":"","ast-hfb-above-header-display":"","ast-hfb-below-header-display":"","ast-hfb-mobile-header-display":"","site-post-title":"","ast-breadcrumbs-content":"","ast-featured-img":"","footer-sml-layout":"","theme-transparent-header-meta":"default","adv-header-id-meta":"","stick-header-meta":"","header-above-stick-meta":"","header-main-stick-meta":"","header-below-stick-meta":"","astra-migrate-meta-layouts":"set","ast-page-background-enabled":"default","ast-page-background-meta":{"desktop":{"background-color":"var(--ast-global-color-4)","background-image":"","background-repeat":"repeat","background-position":"center center","background-size":"auto","background-attachment":"scroll","background-type":"","background-media":"","overlay-type":"","overlay-color":"","overlay-opacity":"","overlay-gradient":""},"tablet":{"background-color":"","background-image":"","background-repeat":"repeat","background-position":"center center","background-size":"auto","background-attachment":"scroll","background-type":"","background-media":"","overlay-type":"","overlay-color":"","overlay-opacity":"","overlay-gradient":""},"mobile":{"background-color":"","background-image":"","background-repeat":"repeat","background-position":"center center","background-size":"auto","background-attachment":"scroll","background-type":"","background-media":"","overlay-type":"","overlay-color":"","overlay-opacity":"","overlay-gradient":""}},"ast-content-background-meta":{"desktop":{"background-color":"var(--ast-global-color-5)","background-image":"","background-repeat":"repeat","background-position":"center center","background-size":"auto","background-attachment":"scroll","background-type":"","background-media":"","overlay-type":"","overlay-color":"","overlay-opacity":"","overlay-gradient":""},"tablet":{"background-color":"var(--ast-global-color-5)","background-image":"","background-repeat":"repeat","background-position":"center center","background-size":"auto","background-attachment":"scroll","background-type":"","background-media":"","overlay-type":"","overlay-color":"","overlay-opacity":"","overlay-gradient":""},"mobile":{"background-color":"var(--ast-global-color-5)","background-image":"","background-repeat":"repeat","background-position":"center center","background-size":"auto","background-attachment":"scroll","background-type":"","background-media":"","overlay-type":"","overlay-color":"","overlay-opacity":"","overlay-gradient":""}}},"product_brand":[],"product_cat":[145,146,66],"product_tag":[],"class_list":{"0":"post-15256","1":"product","2":"type-product","3":"status-publish","4":"has-post-thumbnail","6":"product_cat-e8h","7":"product_cat-nuevas-moleculas","8":"product_cat-resinas","9":"desktop-align-center","10":"tablet-align-left","11":"mobile-align-left","13":"first","14":"outofstock","15":"taxable","16":"shipping-taxable","17":"product-type-variable"},"acf":[],"yoast_head":"<!-- This site is optimized with the Yoast SEO plugin v27.5 - https:\/\/yoast.com\/product\/yoast-seo-wordpress\/ -->\n<title>Space Hash Bubblegum E8H - THE LYF LABS<\/title>\n<meta name=\"robots\" content=\"index, follow, max-snippet:-1, max-image-preview:large, max-video-preview:-1\" \/>\n<link rel=\"canonical\" href=\"https:\/\/thelyflabs.com\/en\/product\/space-hash-bubblegum-e8h\/\" \/>\n<meta property=\"og:locale\" content=\"en_GB\" \/>\n<meta property=\"og:type\" content=\"article\" \/>\n<meta property=\"og:title\" content=\"Space Hash Bubblegum E8H - THE LYF LABS\" \/>\n<meta property=\"og:description\" content=\"El Space Hash Bubblegum E8H es arom\u00e1tico, sabroso. Enriquecido con la mol\u00e9cula E8H, que te har\u00e1 volar y disfrutar.\u00a0   Color marr\u00f3n oscuro y textura agradable  Menos de 0,3% de THC \u2013 100% legal en toda Europa  Producci\u00f3n natural\u2013 Sin pesticidas ni qu\u00edmicos artificiales  An\u00e1lisis de calidad: pincha\u00a0aqu\u00ed\" \/>\n<meta property=\"og:url\" content=\"https:\/\/thelyflabs.com\/en\/product\/space-hash-bubblegum-e8h\/\" \/>\n<meta property=\"og:site_name\" content=\"THE LYF LABS\" \/>\n<meta property=\"article:modified_time\" content=\"2026-04-27T11:02:49+00:00\" \/>\n<meta property=\"og:image\" content=\"https:\/\/thelyflabs.com\/wp-content\/uploads\/2025\/11\/Bubllegum-2g-con-resina.webp\" \/>\n\t<meta property=\"og:image:width\" content=\"1000\" \/>\n\t<meta property=\"og:image:height\" content=\"1000\" \/>\n\t<meta property=\"og:image:type\" content=\"image\/webp\" \/>\n<meta name=\"twitter:card\" content=\"summary_large_image\" \/>\n<meta name=\"twitter:label1\" content=\"Estimated reading time\" \/>\n\t<meta name=\"twitter:data1\" content=\"4 minutes\" \/>\n<script type=\"application\/ld+json\" class=\"yoast-schema-graph\">{\"@context\":\"https:\\\/\\\/schema.org\",\"@graph\":[{\"@type\":\"WebPage\",\"@id\":\"https:\\\/\\\/thelyflabs.com\\\/product\\\/space-hash-bubblegum-e8h\",\"url\":\"https:\\\/\\\/thelyflabs.com\\\/product\\\/space-hash-bubblegum-e8h\",\"name\":\"Space Hash Bubblegum E8H - THE LYF LABS\",\"isPartOf\":{\"@id\":\"https:\\\/\\\/thelyflabs.com\\\/#website\"},\"primaryImageOfPage\":{\"@id\":\"https:\\\/\\\/thelyflabs.com\\\/product\\\/space-hash-bubblegum-e8h#primaryimage\"},\"image\":{\"@id\":\"https:\\\/\\\/thelyflabs.com\\\/product\\\/space-hash-bubblegum-e8h#primaryimage\"},\"thumbnailUrl\":\"https:\\\/\\\/thelyflabs.com\\\/wp-content\\\/uploads\\\/2025\\\/11\\\/Bubllegum-2g-con-resina.webp\",\"datePublished\":\"2025-11-13T14:53:45+00:00\",\"dateModified\":\"2026-04-27T11:02:49+00:00\",\"breadcrumb\":{\"@id\":\"https:\\\/\\\/thelyflabs.com\\\/product\\\/space-hash-bubblegum-e8h#breadcrumb\"},\"inLanguage\":\"en-GB\",\"potentialAction\":[{\"@type\":\"ReadAction\",\"target\":[\"https:\\\/\\\/thelyflabs.com\\\/product\\\/space-hash-bubblegum-e8h\"]}]},{\"@type\":\"ImageObject\",\"inLanguage\":\"en-GB\",\"@id\":\"https:\\\/\\\/thelyflabs.com\\\/product\\\/space-hash-bubblegum-e8h#primaryimage\",\"url\":\"https:\\\/\\\/thelyflabs.com\\\/wp-content\\\/uploads\\\/2025\\\/11\\\/Bubllegum-2g-con-resina.webp\",\"contentUrl\":\"https:\\\/\\\/thelyflabs.com\\\/wp-content\\\/uploads\\\/2025\\\/11\\\/Bubllegum-2g-con-resina.webp\",\"width\":1000,\"height\":1000,\"caption\":\"hachis hhc\"},{\"@type\":\"BreadcrumbList\",\"@id\":\"https:\\\/\\\/thelyflabs.com\\\/product\\\/space-hash-bubblegum-e8h#breadcrumb\",\"itemListElement\":[{\"@type\":\"ListItem\",\"position\":1,\"name\":\"Portada\",\"item\":\"https:\\\/\\\/thelyflabs.com\\\/\"},{\"@type\":\"ListItem\",\"position\":2,\"name\":\"Tienda\",\"item\":\"https:\\\/\\\/thelyflabs.com\\\/tienda\"},{\"@type\":\"ListItem\",\"position\":3,\"name\":\"Space Hash Bubblegum E8H\"}]},{\"@type\":\"WebSite\",\"@id\":\"https:\\\/\\\/thelyflabs.com\\\/#website\",\"url\":\"https:\\\/\\\/thelyflabs.com\\\/\",\"name\":\"The LYF Labs\",\"description\":\"CBD al por mayor\",\"publisher\":{\"@id\":\"https:\\\/\\\/thelyflabs.com\\\/#organization\"},\"potentialAction\":[{\"@type\":\"SearchAction\",\"target\":{\"@type\":\"EntryPoint\",\"urlTemplate\":\"https:\\\/\\\/thelyflabs.com\\\/?s={search_term_string}\"},\"query-input\":{\"@type\":\"PropertyValueSpecification\",\"valueRequired\":true,\"valueName\":\"search_term_string\"}}],\"inLanguage\":\"en-GB\"},{\"@type\":\"Organization\",\"@id\":\"https:\\\/\\\/thelyflabs.com\\\/#organization\",\"name\":\"The LYF Labs\",\"url\":\"https:\\\/\\\/thelyflabs.com\\\/\",\"logo\":{\"@type\":\"ImageObject\",\"inLanguage\":\"en-GB\",\"@id\":\"https:\\\/\\\/thelyflabs.com\\\/#\\\/schema\\\/logo\\\/image\\\/\",\"url\":\"https:\\\/\\\/thelyflabs.com\\\/wp-content\\\/uploads\\\/2023\\\/01\\\/cropped-LogoTheLYFLabs.png\",\"contentUrl\":\"https:\\\/\\\/thelyflabs.com\\\/wp-content\\\/uploads\\\/2023\\\/01\\\/cropped-LogoTheLYFLabs.png\",\"width\":600,\"height\":180,\"caption\":\"The LYF Labs\"},\"image\":{\"@id\":\"https:\\\/\\\/thelyflabs.com\\\/#\\\/schema\\\/logo\\\/image\\\/\"}}]}<\/script>\n<!-- \/ Yoast SEO plugin. -->","yoast_head_json":{"title":"Space Hash Bubblegum E8H - THE LYF LABS","robots":{"index":"index","follow":"follow","max-snippet":"max-snippet:-1","max-image-preview":"max-image-preview:large","max-video-preview":"max-video-preview:-1"},"canonical":"https:\/\/thelyflabs.com\/en\/product\/space-hash-bubblegum-e8h\/","og_locale":"en_GB","og_type":"article","og_title":"Space Hash Bubblegum E8H - THE LYF LABS","og_description":"El Space Hash Bubblegum E8H es arom\u00e1tico, sabroso. Enriquecido con la mol\u00e9cula E8H, que te har\u00e1 volar y disfrutar.\u00a0   Color marr\u00f3n oscuro y textura agradable  Menos de 0,3% de THC \u2013 100% legal en toda Europa  Producci\u00f3n natural\u2013 Sin pesticidas ni qu\u00edmicos artificiales  An\u00e1lisis de calidad: pincha\u00a0aqu\u00ed","og_url":"https:\/\/thelyflabs.com\/en\/product\/space-hash-bubblegum-e8h\/","og_site_name":"THE LYF LABS","article_modified_time":"2026-04-27T11:02:49+00:00","og_image":[{"width":1000,"height":1000,"url":"https:\/\/thelyflabs.com\/wp-content\/uploads\/2025\/11\/Bubllegum-2g-con-resina.webp","type":"image\/webp"}],"twitter_card":"summary_large_image","twitter_misc":{"Estimated reading time":"4 minutes"},"schema":{"@context":"https:\/\/schema.org","@graph":[{"@type":"WebPage","@id":"https:\/\/thelyflabs.com\/product\/space-hash-bubblegum-e8h","url":"https:\/\/thelyflabs.com\/product\/space-hash-bubblegum-e8h","name":"Space Hash Bubblegum E8H - THE LYF LABS","isPartOf":{"@id":"https:\/\/thelyflabs.com\/#website"},"primaryImageOfPage":{"@id":"https:\/\/thelyflabs.com\/product\/space-hash-bubblegum-e8h#primaryimage"},"image":{"@id":"https:\/\/thelyflabs.com\/product\/space-hash-bubblegum-e8h#primaryimage"},"thumbnailUrl":"https:\/\/thelyflabs.com\/wp-content\/uploads\/2025\/11\/Bubllegum-2g-con-resina.webp","datePublished":"2025-11-13T14:53:45+00:00","dateModified":"2026-04-27T11:02:49+00:00","breadcrumb":{"@id":"https:\/\/thelyflabs.com\/product\/space-hash-bubblegum-e8h#breadcrumb"},"inLanguage":"en-GB","potentialAction":[{"@type":"ReadAction","target":["https:\/\/thelyflabs.com\/product\/space-hash-bubblegum-e8h"]}]},{"@type":"ImageObject","inLanguage":"en-GB","@id":"https:\/\/thelyflabs.com\/product\/space-hash-bubblegum-e8h#primaryimage","url":"https:\/\/thelyflabs.com\/wp-content\/uploads\/2025\/11\/Bubllegum-2g-con-resina.webp","contentUrl":"https:\/\/thelyflabs.com\/wp-content\/uploads\/2025\/11\/Bubllegum-2g-con-resina.webp","width":1000,"height":1000,"caption":"hachis hhc"},{"@type":"BreadcrumbList","@id":"https:\/\/thelyflabs.com\/product\/space-hash-bubblegum-e8h#breadcrumb","itemListElement":[{"@type":"ListItem","position":1,"name":"Portada","item":"https:\/\/thelyflabs.com\/"},{"@type":"ListItem","position":2,"name":"Tienda","item":"https:\/\/thelyflabs.com\/tienda"},{"@type":"ListItem","position":3,"name":"Space Hash Bubblegum E8H"}]},{"@type":"WebSite","@id":"https:\/\/thelyflabs.com\/#website","url":"https:\/\/thelyflabs.com\/","name":"The LYF Labs","description":"CBD wholesale","publisher":{"@id":"https:\/\/thelyflabs.com\/#organization"},"potentialAction":[{"@type":"SearchAction","target":{"@type":"EntryPoint","urlTemplate":"https:\/\/thelyflabs.com\/?s={search_term_string}"},"query-input":{"@type":"PropertyValueSpecification","valueRequired":true,"valueName":"search_term_string"}}],"inLanguage":"en-GB"},{"@type":"Organization","@id":"https:\/\/thelyflabs.com\/#organization","name":"The LYF Labs","url":"https:\/\/thelyflabs.com\/","logo":{"@type":"ImageObject","inLanguage":"en-GB","@id":"https:\/\/thelyflabs.com\/#\/schema\/logo\/image\/","url":"https:\/\/thelyflabs.com\/wp-content\/uploads\/2023\/01\/cropped-LogoTheLYFLabs.png","contentUrl":"https:\/\/thelyflabs.com\/wp-content\/uploads\/2023\/01\/cropped-LogoTheLYFLabs.png","width":600,"height":180,"caption":"The LYF Labs"},"image":{"@id":"https:\/\/thelyflabs.com\/#\/schema\/logo\/image\/"}}]}},"_links":{"self":[{"href":"https:\/\/thelyflabs.com\/en\/wp-json\/wp\/v2\/product\/15256","targetHints":{"allow":["GET"]}}],"collection":[{"href":"https:\/\/thelyflabs.com\/en\/wp-json\/wp\/v2\/product"}],"about":[{"href":"https:\/\/thelyflabs.com\/en\/wp-json\/wp\/v2\/types\/product"}],"replies":[{"embeddable":true,"href":"https:\/\/thelyflabs.com\/en\/wp-json\/wp\/v2\/comments?post=15256"}],"wp:featuredmedia":[{"embeddable":true,"href":"https:\/\/thelyflabs.com\/en\/wp-json\/wp\/v2\/media\/15258"}],"wp:attachment":[{"href":"https:\/\/thelyflabs.com\/en\/wp-json\/wp\/v2\/media?parent=15256"}],"wp:term":[{"taxonomy":"product_brand","embeddable":true,"href":"https:\/\/thelyflabs.com\/en\/wp-json\/wp\/v2\/product_brand?post=15256"},{"taxonomy":"product_cat","embeddable":true,"href":"https:\/\/thelyflabs.com\/en\/wp-json\/wp\/v2\/product_cat?post=15256"},{"taxonomy":"product_tag","embeddable":true,"href":"https:\/\/thelyflabs.com\/en\/wp-json\/wp\/v2\/product_tag?post=15256"}],"curies":[{"name":"wp","href":"https:\/\/api.w.org\/{rel}","templated":true}]}}