{"id":15956,"date":"2026-01-02T11:03:45","date_gmt":"2026-01-02T10:03:45","guid":{"rendered":"https:\/\/thelyflabs.com\/?post_type=product&#038;p=15956"},"modified":"2026-03-06T10:48:37","modified_gmt":"2026-03-06T09:48:37","slug":"hash-libanes","status":"publish","type":"product","link":"https:\/\/thelyflabs.com\/en\/product\/hash-libanes","title":{"rendered":"Lebanese CBD Hash"},"content":{"rendered":"<h1><span style=\"font-weight: 400\">Lebanese CBD Hash 40%: the classic hashish\u00a0<\/span><\/h1>\n<p><span style=\"font-weight: 400\">Welcome to a new premium quality experience with the <strong>Lebanese CBD Hash<\/strong>This resin is revolutionizing the market, inspired by the classic style of Lebanese hashish, it contains a <strong>CBD 40%<\/strong> and offers you a unique combination of relaxing properties with an exceptional aroma: it has a <strong>handcrafted finish<\/strong> worthy of the most professional palates.<\/span><\/p>\n<p><span style=\"font-weight: 400\">It&#039;s ideal for those seeking authenticity and therapeutic benefits thanks to its balanced flavor, smoothness, and intensity. Furthermore, it stands out for its <strong>high concentration of CBD<\/strong>...no less than 40%. Furthermore, it has less than 0.3% of THC, making this hashish... <strong>legal in Spain and Europe<\/strong>.<\/span><\/p>\n<p><span style=\"font-weight: 400\">It&#039;s much more than just CBD hash; it&#039;s a masterpiece that combines quality, purity, and an unparalleled aroma. Explore its texture and savor its aromas! Discover why... <strong>Lebanese CBD hashish <\/strong>It is one of the most authentic and highest quality resins you can find if you want <strong>cheap CBD hashish<\/strong> but premium.<\/span><\/p>\n<p>&nbsp;<\/p>\n<h2>Characteristics of Lebanese CBD Hash:<\/h2>\n<ul>\n<li><b>Appearance and Texture: <span style=\"font-size: 16px;font-weight: 400\">It stands out for its <strong>compact texture<\/strong>This brown hashish has a good <strong>consistency\u00a0<\/strong>which facilitates pleasant use, reflecting the care and precision in its artisanal production.\u00a0<\/span><\/b><\/li>\n<li><span style=\"font-size: 16px;font-weight: 400\"><strong>Aroma and flavor:<\/strong> warm notes, <strong>spicy and slightly earthy<\/strong>;\u00a0<\/span><\/li>\n<li><strong>Origin and purity:<\/strong><span style=\"font-size: 16px;font-weight: 400\"> has been made with <strong>traditional methods <\/strong>that allow the natural cannabinoids and terpenes of hemp to be preserved.\u00a0<\/span><\/li>\n<\/ul>\n<p>&nbsp;<\/p>\n<section class=\"product-description\">\n<h2>Quality and safety<\/h2>\n<p>In <strong>The Lyf Labs<\/strong>, we guarantee that each batch of <span style=\"font-weight: 400\"><strong>Lebanese CBD Hash<\/strong><\/span>\u00a0It undergoes rigorous laboratory analysis to confirm its purity, absence of pesticides, and legal THC levels (less than 0.3%). Our commitment to quality and safety allows us to offer a reliable product suitable for all users who value legality and excellence in their consumption.<\/p>\n<p>&nbsp;<\/p>\n<p><span style=\"font-size: 1.7em;font-weight: bold\">Why buy <span style=\"font-weight: 400\"><strong>Lebanese CBD Hash<\/strong><\/span> at The Lyf Labs?<\/span><\/p>\n<\/section>\n<section class=\"product-description\">\n<ul>\n<li>Product 100% legal in the European Union, complying with current regulations on THC.<\/li>\n<li>Natural, without pesticides or chemical additives, guaranteeing safe and healthy consumption.<\/li>\n<li>Tested in certified laboratories to ensure maximum purity and quality.<\/li>\n<li>Fast delivery and professional service accompany every purchase.<\/li>\n<li>Secure purchasing and specialized support to resolve any questions.<\/li>\n<\/ul>\n<p>The Lyf Labs is committed to offering products that combine tradition, innovation and the highest quality. <span style=\"font-weight: 400\"><strong>Lebanese CBD Hash<\/strong><\/span>\u00a0It&#039;s an outstanding choice for those seeking artisanal hash with a modern profile and a unique user experience. Trust us to add a product that stands out for its authenticity, flavor, and reliability to your collection or catalog.<\/p>\n<p><span style=\"font-size: 1.7em;font-weight: bold\">The Lyf Labs is quality<\/span><\/p>\n<\/section>\n<p>The Lyf Labs represents excellence in the wholesale cannabinoid market, offering innovative, safe, and high-purity products to specialty stores and distributors. We focus on meeting the needs of a professional sector seeking consistent quality, traceability, and competitive prices. If you&#039;re looking for a reliable and forward-thinking supplier, you&#039;ll find a strategic partner in The Lyf Labs to help you grow in the hemp market.<\/p>\n<p>&nbsp;<\/p>","protected":false},"excerpt":{"rendered":"<p><span style=\"font-weight: 400\">Try Lebanese CBD Hash 40%, a unique CBD resin with a special aroma. Inspired by the traditional style of Lebanese hashish, it&#039;s intense and balanced, with no psychoactive effects.\u00a0<\/span><\/p>\n<ul>\n<li>Composition: 40% of CBD and &lt;0.3% THC<\/li>\n<li>100% legal in Spain<\/li>\n<\/ul>\n<p>Quality analysis: click\u00a0<a href=\"https:\/\/iguanasmoke.com\/analiticas\/\" target=\"_blank\" rel=\"noopener\">here<\/a><\/p>","protected":false},"featured_media":15961,"comment_status":"open","ping_status":"closed","template":"","meta":{"_acf_changed":false,"site-sidebar-layout":"default","site-content-layout":"","ast-site-content-layout":"default","site-content-style":"default","site-sidebar-style":"default","ast-global-header-display":"","ast-banner-title-visibility":"","ast-main-header-display":"","ast-hfb-above-header-display":"","ast-hfb-below-header-display":"","ast-hfb-mobile-header-display":"","site-post-title":"","ast-breadcrumbs-content":"","ast-featured-img":"","footer-sml-layout":"","theme-transparent-header-meta":"default","adv-header-id-meta":"","stick-header-meta":"","header-above-stick-meta":"","header-main-stick-meta":"","header-below-stick-meta":"","astra-migrate-meta-layouts":"set","ast-page-background-enabled":"default","ast-page-background-meta":{"desktop":{"background-color":"var(--ast-global-color-4)","background-image":"","background-repeat":"repeat","background-position":"center center","background-size":"auto","background-attachment":"scroll","background-type":"","background-media":"","overlay-type":"","overlay-color":"","overlay-opacity":"","overlay-gradient":""},"tablet":{"background-color":"","background-image":"","background-repeat":"repeat","background-position":"center center","background-size":"auto","background-attachment":"scroll","background-type":"","background-media":"","overlay-type":"","overlay-color":"","overlay-opacity":"","overlay-gradient":""},"mobile":{"background-color":"","background-image":"","background-repeat":"repeat","background-position":"center center","background-size":"auto","background-attachment":"scroll","background-type":"","background-media":"","overlay-type":"","overlay-color":"","overlay-opacity":"","overlay-gradient":""}},"ast-content-background-meta":{"desktop":{"background-color":"var(--ast-global-color-5)","background-image":"","background-repeat":"repeat","background-position":"center center","background-size":"auto","background-attachment":"scroll","background-type":"","background-media":"","overlay-type":"","overlay-color":"","overlay-opacity":"","overlay-gradient":""},"tablet":{"background-color":"var(--ast-global-color-5)","background-image":"","background-repeat":"repeat","background-position":"center center","background-size":"auto","background-attachment":"scroll","background-type":"","background-media":"","overlay-type":"","overlay-color":"","overlay-opacity":"","overlay-gradient":""},"mobile":{"background-color":"var(--ast-global-color-5)","background-image":"","background-repeat":"repeat","background-position":"center center","background-size":"auto","background-attachment":"scroll","background-type":"","background-media":"","overlay-type":"","overlay-color":"","overlay-opacity":"","overlay-gradient":""}}},"product_brand":[],"product_cat":[66,86],"product_tag":[],"class_list":{"0":"post-15956","1":"product","2":"type-product","3":"status-publish","4":"has-post-thumbnail","6":"product_cat-resinas","7":"product_cat-resinas-cbd","8":"desktop-align-center","9":"tablet-align-left","10":"mobile-align-left","12":"first","13":"outofstock","14":"taxable","15":"shipping-taxable","16":"purchasable","17":"product-type-variable"},"acf":[],"yoast_head":"<!-- This site is optimized with the Yoast SEO plugin v27.3 - https:\/\/yoast.com\/product\/yoast-seo-wordpress\/ -->\n<title>Hash CBD Liban\u00e9s - THE LYF LABS<\/title>\n<meta name=\"description\" content=\"Descubre el hash CBD Liban\u00e9s, con toques marroqu\u00eds y actuales. Descubre el aut\u00e9ntico sabor del l\u00edbano con 40% de CBD con Iguana Smoke.\" \/>\n<meta name=\"robots\" content=\"index, follow, max-snippet:-1, max-image-preview:large, max-video-preview:-1\" \/>\n<link rel=\"canonical\" href=\"https:\/\/thelyflabs.com\/en\/product\/hash-libanes\/\" \/>\n<meta property=\"og:locale\" content=\"en_GB\" \/>\n<meta property=\"og:type\" content=\"article\" \/>\n<meta property=\"og:title\" content=\"Hash CBD Liban\u00e9s - THE LYF LABS\" \/>\n<meta property=\"og:description\" content=\"Descubre el hash CBD Liban\u00e9s, con toques marroqu\u00eds y actuales. Descubre el aut\u00e9ntico sabor del l\u00edbano con 40% de CBD con Iguana Smoke.\" \/>\n<meta property=\"og:url\" content=\"https:\/\/thelyflabs.com\/en\/product\/hash-libanes\/\" \/>\n<meta property=\"og:site_name\" content=\"THE LYF LABS\" \/>\n<meta property=\"article:modified_time\" content=\"2026-03-06T09:48:37+00:00\" \/>\n<meta property=\"og:image\" content=\"https:\/\/thelyflabs.com\/wp-content\/uploads\/2026\/01\/Hash-Libanes.webp\" \/>\n\t<meta property=\"og:image:width\" content=\"1000\" \/>\n\t<meta property=\"og:image:height\" content=\"1000\" \/>\n\t<meta property=\"og:image:type\" content=\"image\/webp\" \/>\n<meta name=\"twitter:card\" content=\"summary_large_image\" \/>\n<meta name=\"twitter:label1\" content=\"Estimated reading time\" \/>\n\t<meta name=\"twitter:data1\" content=\"3 minutes\" \/>\n<script type=\"application\/ld+json\" class=\"yoast-schema-graph\">{\"@context\":\"https:\\\/\\\/schema.org\",\"@graph\":[{\"@type\":\"WebPage\",\"@id\":\"https:\\\/\\\/thelyflabs.com\\\/product\\\/hash-libanes\",\"url\":\"https:\\\/\\\/thelyflabs.com\\\/product\\\/hash-libanes\",\"name\":\"Hash CBD Liban\u00e9s - THE LYF LABS\",\"isPartOf\":{\"@id\":\"https:\\\/\\\/thelyflabs.com\\\/#website\"},\"primaryImageOfPage\":{\"@id\":\"https:\\\/\\\/thelyflabs.com\\\/product\\\/hash-libanes#primaryimage\"},\"image\":{\"@id\":\"https:\\\/\\\/thelyflabs.com\\\/product\\\/hash-libanes#primaryimage\"},\"thumbnailUrl\":\"https:\\\/\\\/thelyflabs.com\\\/wp-content\\\/uploads\\\/2026\\\/01\\\/Hash-Libanes.webp\",\"datePublished\":\"2026-01-02T10:03:45+00:00\",\"dateModified\":\"2026-03-06T09:48:37+00:00\",\"description\":\"Descubre el hash CBD Liban\u00e9s, con toques marroqu\u00eds y actuales. Descubre el aut\u00e9ntico sabor del l\u00edbano con 40% de CBD con Iguana Smoke.\",\"breadcrumb\":{\"@id\":\"https:\\\/\\\/thelyflabs.com\\\/product\\\/hash-libanes#breadcrumb\"},\"inLanguage\":\"en-GB\",\"potentialAction\":[{\"@type\":\"ReadAction\",\"target\":[\"https:\\\/\\\/thelyflabs.com\\\/product\\\/hash-libanes\"]}]},{\"@type\":\"ImageObject\",\"inLanguage\":\"en-GB\",\"@id\":\"https:\\\/\\\/thelyflabs.com\\\/product\\\/hash-libanes#primaryimage\",\"url\":\"https:\\\/\\\/thelyflabs.com\\\/wp-content\\\/uploads\\\/2026\\\/01\\\/Hash-Libanes.webp\",\"contentUrl\":\"https:\\\/\\\/thelyflabs.com\\\/wp-content\\\/uploads\\\/2026\\\/01\\\/Hash-Libanes.webp\",\"width\":1000,\"height\":1000,\"caption\":\"hash libanes\"},{\"@type\":\"BreadcrumbList\",\"@id\":\"https:\\\/\\\/thelyflabs.com\\\/product\\\/hash-libanes#breadcrumb\",\"itemListElement\":[{\"@type\":\"ListItem\",\"position\":1,\"name\":\"Portada\",\"item\":\"https:\\\/\\\/thelyflabs.com\\\/\"},{\"@type\":\"ListItem\",\"position\":2,\"name\":\"Tienda\",\"item\":\"https:\\\/\\\/thelyflabs.com\\\/tienda\"},{\"@type\":\"ListItem\",\"position\":3,\"name\":\"Hash CBD Liban\u00e9s\"}]},{\"@type\":\"WebSite\",\"@id\":\"https:\\\/\\\/thelyflabs.com\\\/#website\",\"url\":\"https:\\\/\\\/thelyflabs.com\\\/\",\"name\":\"The LYF Labs\",\"description\":\"CBD al por mayor\",\"publisher\":{\"@id\":\"https:\\\/\\\/thelyflabs.com\\\/#organization\"},\"potentialAction\":[{\"@type\":\"SearchAction\",\"target\":{\"@type\":\"EntryPoint\",\"urlTemplate\":\"https:\\\/\\\/thelyflabs.com\\\/?s={search_term_string}\"},\"query-input\":{\"@type\":\"PropertyValueSpecification\",\"valueRequired\":true,\"valueName\":\"search_term_string\"}}],\"inLanguage\":\"en-GB\"},{\"@type\":\"Organization\",\"@id\":\"https:\\\/\\\/thelyflabs.com\\\/#organization\",\"name\":\"The LYF Labs\",\"url\":\"https:\\\/\\\/thelyflabs.com\\\/\",\"logo\":{\"@type\":\"ImageObject\",\"inLanguage\":\"en-GB\",\"@id\":\"https:\\\/\\\/thelyflabs.com\\\/#\\\/schema\\\/logo\\\/image\\\/\",\"url\":\"https:\\\/\\\/thelyflabs.com\\\/wp-content\\\/uploads\\\/2023\\\/01\\\/cropped-LogoTheLYFLabs.png\",\"contentUrl\":\"https:\\\/\\\/thelyflabs.com\\\/wp-content\\\/uploads\\\/2023\\\/01\\\/cropped-LogoTheLYFLabs.png\",\"width\":600,\"height\":180,\"caption\":\"The LYF Labs\"},\"image\":{\"@id\":\"https:\\\/\\\/thelyflabs.com\\\/#\\\/schema\\\/logo\\\/image\\\/\"}}]}<\/script>\n<!-- \/ Yoast SEO plugin. -->","yoast_head_json":{"title":"Hash CBD Liban\u00e9s - THE LYF LABS","description":"Descubre el hash CBD Liban\u00e9s, con toques marroqu\u00eds y actuales. Descubre el aut\u00e9ntico sabor del l\u00edbano con 40% de CBD con Iguana Smoke.","robots":{"index":"index","follow":"follow","max-snippet":"max-snippet:-1","max-image-preview":"max-image-preview:large","max-video-preview":"max-video-preview:-1"},"canonical":"https:\/\/thelyflabs.com\/en\/product\/hash-libanes\/","og_locale":"en_GB","og_type":"article","og_title":"Hash CBD Liban\u00e9s - THE LYF LABS","og_description":"Descubre el hash CBD Liban\u00e9s, con toques marroqu\u00eds y actuales. Descubre el aut\u00e9ntico sabor del l\u00edbano con 40% de CBD con Iguana Smoke.","og_url":"https:\/\/thelyflabs.com\/en\/product\/hash-libanes\/","og_site_name":"THE LYF LABS","article_modified_time":"2026-03-06T09:48:37+00:00","og_image":[{"width":1000,"height":1000,"url":"https:\/\/thelyflabs.com\/wp-content\/uploads\/2026\/01\/Hash-Libanes.webp","type":"image\/webp"}],"twitter_card":"summary_large_image","twitter_misc":{"Estimated reading time":"3 minutes"},"schema":{"@context":"https:\/\/schema.org","@graph":[{"@type":"WebPage","@id":"https:\/\/thelyflabs.com\/product\/hash-libanes","url":"https:\/\/thelyflabs.com\/product\/hash-libanes","name":"Hash CBD Liban\u00e9s - THE LYF LABS","isPartOf":{"@id":"https:\/\/thelyflabs.com\/#website"},"primaryImageOfPage":{"@id":"https:\/\/thelyflabs.com\/product\/hash-libanes#primaryimage"},"image":{"@id":"https:\/\/thelyflabs.com\/product\/hash-libanes#primaryimage"},"thumbnailUrl":"https:\/\/thelyflabs.com\/wp-content\/uploads\/2026\/01\/Hash-Libanes.webp","datePublished":"2026-01-02T10:03:45+00:00","dateModified":"2026-03-06T09:48:37+00:00","description":"Descubre el hash CBD Liban\u00e9s, con toques marroqu\u00eds y actuales. Descubre el aut\u00e9ntico sabor del l\u00edbano con 40% de CBD con Iguana Smoke.","breadcrumb":{"@id":"https:\/\/thelyflabs.com\/product\/hash-libanes#breadcrumb"},"inLanguage":"en-GB","potentialAction":[{"@type":"ReadAction","target":["https:\/\/thelyflabs.com\/product\/hash-libanes"]}]},{"@type":"ImageObject","inLanguage":"en-GB","@id":"https:\/\/thelyflabs.com\/product\/hash-libanes#primaryimage","url":"https:\/\/thelyflabs.com\/wp-content\/uploads\/2026\/01\/Hash-Libanes.webp","contentUrl":"https:\/\/thelyflabs.com\/wp-content\/uploads\/2026\/01\/Hash-Libanes.webp","width":1000,"height":1000,"caption":"hash libanes"},{"@type":"BreadcrumbList","@id":"https:\/\/thelyflabs.com\/product\/hash-libanes#breadcrumb","itemListElement":[{"@type":"ListItem","position":1,"name":"Portada","item":"https:\/\/thelyflabs.com\/"},{"@type":"ListItem","position":2,"name":"Tienda","item":"https:\/\/thelyflabs.com\/tienda"},{"@type":"ListItem","position":3,"name":"Hash CBD Liban\u00e9s"}]},{"@type":"WebSite","@id":"https:\/\/thelyflabs.com\/#website","url":"https:\/\/thelyflabs.com\/","name":"The LYF Labs","description":"CBD wholesale","publisher":{"@id":"https:\/\/thelyflabs.com\/#organization"},"potentialAction":[{"@type":"SearchAction","target":{"@type":"EntryPoint","urlTemplate":"https:\/\/thelyflabs.com\/?s={search_term_string}"},"query-input":{"@type":"PropertyValueSpecification","valueRequired":true,"valueName":"search_term_string"}}],"inLanguage":"en-GB"},{"@type":"Organization","@id":"https:\/\/thelyflabs.com\/#organization","name":"The LYF Labs","url":"https:\/\/thelyflabs.com\/","logo":{"@type":"ImageObject","inLanguage":"en-GB","@id":"https:\/\/thelyflabs.com\/#\/schema\/logo\/image\/","url":"https:\/\/thelyflabs.com\/wp-content\/uploads\/2023\/01\/cropped-LogoTheLYFLabs.png","contentUrl":"https:\/\/thelyflabs.com\/wp-content\/uploads\/2023\/01\/cropped-LogoTheLYFLabs.png","width":600,"height":180,"caption":"The LYF Labs"},"image":{"@id":"https:\/\/thelyflabs.com\/#\/schema\/logo\/image\/"}}]}},"_links":{"self":[{"href":"https:\/\/thelyflabs.com\/en\/wp-json\/wp\/v2\/product\/15956","targetHints":{"allow":["GET"]}}],"collection":[{"href":"https:\/\/thelyflabs.com\/en\/wp-json\/wp\/v2\/product"}],"about":[{"href":"https:\/\/thelyflabs.com\/en\/wp-json\/wp\/v2\/types\/product"}],"replies":[{"embeddable":true,"href":"https:\/\/thelyflabs.com\/en\/wp-json\/wp\/v2\/comments?post=15956"}],"wp:featuredmedia":[{"embeddable":true,"href":"https:\/\/thelyflabs.com\/en\/wp-json\/wp\/v2\/media\/15961"}],"wp:attachment":[{"href":"https:\/\/thelyflabs.com\/en\/wp-json\/wp\/v2\/media?parent=15956"}],"wp:term":[{"taxonomy":"product_brand","embeddable":true,"href":"https:\/\/thelyflabs.com\/en\/wp-json\/wp\/v2\/product_brand?post=15956"},{"taxonomy":"product_cat","embeddable":true,"href":"https:\/\/thelyflabs.com\/en\/wp-json\/wp\/v2\/product_cat?post=15956"},{"taxonomy":"product_tag","embeddable":true,"href":"https:\/\/thelyflabs.com\/en\/wp-json\/wp\/v2\/product_tag?post=15956"}],"curies":[{"name":"wp","href":"https:\/\/api.w.org\/{rel}","templated":true}]}}