{"id":18019,"date":"2026-04-10T13:17:12","date_gmt":"2026-04-10T11:17:12","guid":{"rendered":"https:\/\/thelyflabs.com\/?post_type=product&#038;p=18019"},"modified":"2026-04-10T13:27:00","modified_gmt":"2026-04-10T11:27:00","slug":"space-pop-corn-cogollos-pequenos-10-oh-10g","status":"publish","type":"product","link":"https:\/\/thelyflabs.com\/en\/product\/space-pop-corn-cogollos-pequenos-10-oh-10g","title":{"rendered":"Space Pop Corn &#8211; Cogollos peque\u00f1os 10-OH 10g"},"content":{"rendered":"<h1><b>Space Pop Corn &#8211; Cogollos peque\u00f1os 10-OH 10g mayorista (Mini buds)<\/b><\/h1>\n<p><span style=\"font-weight: 400\">Llega la nueva versi\u00f3n mini de <strong>Space Pop Corn 10-OH<\/strong> para aquellos interesados en comprar flores con nuevas mol\u00e9culas. Descubre ahora tus <strong>cogollos peque\u00f1os 10-OH 10g<\/strong> mayorista en formato econ\u00f3mico y de gran calidad, con hasta un 12% de CBD y enriquecido con 10-OH. Este formato <strong>Space Pop Corn<\/strong>, tambi\u00e9n conocido como <strong>Mini buds<\/strong>, ofrece un equilibrio perfecto entre precio, calidad y comodidad para quienes consumen CBD con frecuencia.<\/span><\/p>\n<p>&nbsp;<\/p>\n<h2>\u00bfQu\u00e9 son los cogollos peque\u00f1os 10-OH 10g mayorista?<\/h2>\n<p><span style=\"font-weight: 400\">The<strong> cogollos peque\u00f1os 10-OH 10g son flores de tama\u00f1o reducido<\/strong>, en <strong>The Lyf Labs<\/strong>\u00a0los llamamos <strong>Pop Corn o Mini Buds<\/strong>. Tienen la misma potencia arom\u00e1tica y calidad que los cogollos premium pero con un <strong>formato compacto<\/strong> que permite ofrecer <strong>m\u00e1s cantidad a mejor precio<\/strong>, sin renunciar al sabor ni al perfil de cannabinoides.<\/span><\/p>\n<p>&nbsp;<\/p>\n<h2><b>Caracter\u00edsticas de los mini buds:\u00a0<\/b><\/h2>\n<p><span style=\"font-weight: 400\">Our<strong> Space Pop Corn<\/strong> <strong>10-OH<\/strong> destacan por su estructura densa y bien compactada: son <strong>cogollos densos y compactos<\/strong>. Sus tonos verdes intensos llenos de <strong>pistils<\/strong> <strong>orange<\/strong> hacen que sea un espect\u00e1culo mirarlos, destacando tambi\u00e9n por sus tricomas brillantes. En cada bolsa, encontrar\u00e1s <strong>cogollos peque\u00f1os 10-OH 10g<\/strong> escogidos entre una selecci\u00f3n homog\u00e9nea de flores peque\u00f1as cuidadosamente curadas para garantizar un aroma intenso y una <strong>experiencia incre\u00edble<\/strong>.<\/span><\/p>\n<p>&nbsp;<\/p>\n<h2><b>Aroma y perfil terp\u00e9nico<\/b><\/h2>\n<p><span style=\"font-weight: 400\">The <strong>Mini buds 10-OH <\/strong>ofrecen un perfil olfativo complejo y profundamente atractivo. Encontrar\u00e1s una mezcla equilibrada de:<\/span><\/p>\n<ul>\n<li><em><span style=\"font-weight: 400\">notas dulces frutales<\/span><\/em><\/li>\n<li><em><span style=\"font-weight: 400\">un toque distintivo herbal<\/span><\/em><\/li>\n<li><em><span style=\"font-weight: 400\">matices c\u00edtricos<\/span><\/em><\/li>\n<li><em><span style=\"font-weight: 400\">un fondo terroso suave<\/span><\/em><\/li>\n<\/ul>\n<p>Un aroma profundo y envolvente ideal para quienes buscan flores con personalidad.<\/p>\n<p>&nbsp;<\/p>\n<h2><b>Valoraci\u00f3n general del Space Pop Corn 10-OH<\/b><\/h2>\n<p><span style=\"font-weight: 400\">The<strong> cogollos peque\u00f1os 10-OH 10g <\/strong>of <strong>The Lyf Labs<\/strong>, representan lo mejor del mundo del CBD. Son una alternativa perfecta para quienes quieren <strong>comprar flores CBD mayorista <\/strong>con una excelente calidad-precio. Son flores<strong> legales, seguras y cargadas de terpenos<\/strong>, ideales tanto para uso ocasional como para consumidores habituales.\u00a0<\/span><\/p>\n<p>&nbsp;<\/p>\n<section class=\"product-description\">\n<h2>Quality and safety<\/h2>\n<p>In <strong>The Lyf Labs<\/strong>, we guarantee that each batch of <span style=\"font-weight: 400\"> <strong>Space Pop Corn 10-OH<\/strong><\/span>\u00a0It undergoes rigorous laboratory analysis to confirm its purity, absence of pesticides, and legal THC levels (less than 0.3%). Our commitment to quality and safety allows us to offer a reliable product suitable for all users who value legality and excellence in their consumption.<\/p>\n<\/section>\n<section class=\"product-description\">The Lyf Labs se compromete a ofrecer <strong>productos que combinan tradici\u00f3n, innovaci\u00f3n y m\u00e1xima calidad<\/strong>. Conf\u00eda en nosotros para llevar a tu colecci\u00f3n o cat\u00e1logo un producto que destaca por su autenticidad, sabor y fiabilidad.<\/section>\n<section><\/section>\n<section><\/section>\n<section><\/section>\n<section><\/section>\n<section><\/section>\n<section><\/section>\n<section><\/section>\n<section><\/section>\n<section><\/section>\n<h2><\/h2>\n<p>&nbsp;<\/p>\n<h3 class=\"product-description\"><span style=\"font-size: 1.7em;font-weight: bold\">The Lyf Labs is quality<\/span><\/h3>\n<p>The Lyf Labs representa la excelencia en el <strong>mercado mayorista de cannabinoides,<\/strong> ofreciendo productos innovadores, seguros y de alta pureza para <strong>tiendas especializadas y distribuidores<\/strong>. Nos enfocamos en satisfacer las necesidades de un sector profesional que busca calidad constante, trazabilidad y <strong>precios competitivos<\/strong>. Si buscas un proveedor confiable y con visi\u00f3n de futuro, en The Lyf Labs encontrar\u00e1s un aliado estrat\u00e9gico para crecer en el mercado del c\u00e1\u00f1amo.<\/p>\n<p>&nbsp;<\/p>\n<p>&nbsp;<\/p>\n<h6>\u2139\ufe0f<strong> Legal information<\/strong><\/h6>\n<p><em><span style=\"font-weight: 400\">*Producto destinado a coleccionismo o aromaterapia, conforme a la legislaci\u00f3n espa\u00f1ola vigente. <\/span><\/em><\/p>\n<p><em><span style=\"font-weight: 400\">**Derivados del c\u00e1\u00f1amo industrial certificado. Contiene menos del 0,3 THC y no incluye cannabinoides ilegales como HHC, HHC-P, THCP, THCP-O, H4CBD ni sustancias recogidas en el Anexo I del Real Decreto 2829\/1977, as\u00ed como tampoco contiene sustancias fiscalizadas por convenios internacionales.\u00a0\u00a0<\/span><\/em><\/p>","protected":false},"excerpt":{"rendered":"<p><span style=\"font-weight: 400\">Seleccionados cuidadosamente para satisfacer las necesidades arom\u00e1ticas de los consumidores de Flores 10-OH:<\/span><\/p>\n<ul>\n<li style=\"list-style-type: none\">\n<ul>\n<li>Flor CBD premium enriquecida con la mol\u00e9cula 10-OH<\/li>\n<li>CBD: 12% \/ THC: &lt;0,3%<\/li>\n<li>Cogollos peque\u00f1os (Mini Buds) &#8211; 10g<\/li>\n<li>Aroma c\u00edtrico, con tonos dulces y herbales<\/li>\n<li>100% legal en Espa\u00f1a y Europa<\/li>\n<\/ul>\n<\/li>\n<\/ul>\n<p><span style=\"font-weight: 400\">Consultation<strong> <a href=\"https:\/\/iguanasmoke.com\/analiticas\/\">laboratory analysis.<\/a><\/strong><\/span><\/p>","protected":false},"featured_media":18020,"comment_status":"open","ping_status":"closed","template":"","meta":{"_acf_changed":false,"site-sidebar-layout":"default","site-content-layout":"","ast-site-content-layout":"default","site-content-style":"default","site-sidebar-style":"default","ast-global-header-display":"","ast-banner-title-visibility":"","ast-main-header-display":"","ast-hfb-above-header-display":"","ast-hfb-below-header-display":"","ast-hfb-mobile-header-display":"","site-post-title":"","ast-breadcrumbs-content":"","ast-featured-img":"","footer-sml-layout":"","theme-transparent-header-meta":"default","adv-header-id-meta":"","stick-header-meta":"","header-above-stick-meta":"","header-main-stick-meta":"","header-below-stick-meta":"","astra-migrate-meta-layouts":"set","ast-page-background-enabled":"default","ast-page-background-meta":{"desktop":{"background-color":"var(--ast-global-color-4)","background-image":"","background-repeat":"repeat","background-position":"center center","background-size":"auto","background-attachment":"scroll","background-type":"","background-media":"","overlay-type":"","overlay-color":"","overlay-opacity":"","overlay-gradient":""},"tablet":{"background-color":"","background-image":"","background-repeat":"repeat","background-position":"center center","background-size":"auto","background-attachment":"scroll","background-type":"","background-media":"","overlay-type":"","overlay-color":"","overlay-opacity":"","overlay-gradient":""},"mobile":{"background-color":"","background-image":"","background-repeat":"repeat","background-position":"center center","background-size":"auto","background-attachment":"scroll","background-type":"","background-media":"","overlay-type":"","overlay-color":"","overlay-opacity":"","overlay-gradient":""}},"ast-content-background-meta":{"desktop":{"background-color":"var(--ast-global-color-5)","background-image":"","background-repeat":"repeat","background-position":"center center","background-size":"auto","background-attachment":"scroll","background-type":"","background-media":"","overlay-type":"","overlay-color":"","overlay-opacity":"","overlay-gradient":""},"tablet":{"background-color":"var(--ast-global-color-5)","background-image":"","background-repeat":"repeat","background-position":"center center","background-size":"auto","background-attachment":"scroll","background-type":"","background-media":"","overlay-type":"","overlay-color":"","overlay-opacity":"","overlay-gradient":""},"mobile":{"background-color":"var(--ast-global-color-5)","background-image":"","background-repeat":"repeat","background-position":"center center","background-size":"auto","background-attachment":"scroll","background-type":"","background-media":"","overlay-type":"","overlay-color":"","overlay-opacity":"","overlay-gradient":""}}},"product_brand":[],"product_cat":[152],"product_tag":[],"class_list":{"0":"post-18019","1":"product","2":"type-product","3":"status-publish","4":"has-post-thumbnail","6":"product_cat-pop-corn-molecula-10-oh","7":"desktop-align-center","8":"tablet-align-left","9":"mobile-align-left","11":"first","12":"instock","13":"taxable","14":"shipping-taxable","15":"product-type-simple"},"acf":[],"yoast_head":"<!-- This site is optimized with the Yoast SEO plugin v27.3 - https:\/\/yoast.com\/product\/yoast-seo-wordpress\/ -->\n<title>Cogollos peque\u00f1os 10-OH 10g mayorista - THE LYF LABS<\/title>\n<meta name=\"description\" content=\"Cogollos peque\u00f1os 10-OH 10g mayorista te ofrecen lo mejor en formato mini. Con un 12% de CBD, son perfectos para tu consumo diario.\" \/>\n<meta name=\"robots\" content=\"index, follow, max-snippet:-1, max-image-preview:large, max-video-preview:-1\" \/>\n<link rel=\"canonical\" href=\"https:\/\/thelyflabs.com\/en\/product\/space-pop-corn-cogollos-pequenos-10-oh-10g\/\" \/>\n<meta property=\"og:locale\" content=\"en_GB\" \/>\n<meta property=\"og:type\" content=\"article\" \/>\n<meta property=\"og:title\" content=\"Cogollos peque\u00f1os 10-OH 10g mayorista - THE LYF LABS\" \/>\n<meta property=\"og:description\" content=\"Cogollos peque\u00f1os 10-OH 10g mayorista te ofrecen lo mejor en formato mini. Con un 12% de CBD, son perfectos para tu consumo diario.\" \/>\n<meta property=\"og:url\" content=\"https:\/\/thelyflabs.com\/en\/product\/space-pop-corn-cogollos-pequenos-10-oh-10g\/\" \/>\n<meta property=\"og:site_name\" content=\"THE LYF LABS\" \/>\n<meta property=\"article:modified_time\" content=\"2026-04-10T11:27:00+00:00\" \/>\n<meta property=\"og:image\" content=\"https:\/\/thelyflabs.com\/wp-content\/uploads\/2026\/04\/Space-pop-corn.webp\" \/>\n\t<meta property=\"og:image:width\" content=\"1000\" \/>\n\t<meta property=\"og:image:height\" content=\"1000\" \/>\n\t<meta property=\"og:image:type\" content=\"image\/webp\" \/>\n<meta name=\"twitter:card\" content=\"summary_large_image\" \/>\n<meta name=\"twitter:label1\" content=\"Estimated reading time\" \/>\n\t<meta name=\"twitter:data1\" content=\"3 minutes\" \/>\n<script type=\"application\/ld+json\" class=\"yoast-schema-graph\">{\"@context\":\"https:\\\/\\\/schema.org\",\"@graph\":[{\"@type\":\"WebPage\",\"@id\":\"https:\\\/\\\/thelyflabs.com\\\/product\\\/space-pop-corn-cogollos-pequenos-10-oh-10g\",\"url\":\"https:\\\/\\\/thelyflabs.com\\\/product\\\/space-pop-corn-cogollos-pequenos-10-oh-10g\",\"name\":\"Cogollos peque\u00f1os 10-OH 10g mayorista - THE LYF LABS\",\"isPartOf\":{\"@id\":\"https:\\\/\\\/thelyflabs.com\\\/#website\"},\"primaryImageOfPage\":{\"@id\":\"https:\\\/\\\/thelyflabs.com\\\/product\\\/space-pop-corn-cogollos-pequenos-10-oh-10g#primaryimage\"},\"image\":{\"@id\":\"https:\\\/\\\/thelyflabs.com\\\/product\\\/space-pop-corn-cogollos-pequenos-10-oh-10g#primaryimage\"},\"thumbnailUrl\":\"https:\\\/\\\/thelyflabs.com\\\/wp-content\\\/uploads\\\/2026\\\/04\\\/Space-pop-corn.webp\",\"datePublished\":\"2026-04-10T11:17:12+00:00\",\"dateModified\":\"2026-04-10T11:27:00+00:00\",\"description\":\"Cogollos peque\u00f1os 10-OH 10g mayorista te ofrecen lo mejor en formato mini. Con un 12% de CBD, son perfectos para tu consumo diario.\",\"breadcrumb\":{\"@id\":\"https:\\\/\\\/thelyflabs.com\\\/product\\\/space-pop-corn-cogollos-pequenos-10-oh-10g#breadcrumb\"},\"inLanguage\":\"en-GB\",\"potentialAction\":[{\"@type\":\"ReadAction\",\"target\":[\"https:\\\/\\\/thelyflabs.com\\\/product\\\/space-pop-corn-cogollos-pequenos-10-oh-10g\"]}]},{\"@type\":\"ImageObject\",\"inLanguage\":\"en-GB\",\"@id\":\"https:\\\/\\\/thelyflabs.com\\\/product\\\/space-pop-corn-cogollos-pequenos-10-oh-10g#primaryimage\",\"url\":\"https:\\\/\\\/thelyflabs.com\\\/wp-content\\\/uploads\\\/2026\\\/04\\\/Space-pop-corn.webp\",\"contentUrl\":\"https:\\\/\\\/thelyflabs.com\\\/wp-content\\\/uploads\\\/2026\\\/04\\\/Space-pop-corn.webp\",\"width\":1000,\"height\":1000,\"caption\":\"Bolsa Space Pop Corn cogollos peque\u00f1os 10-OH\"},{\"@type\":\"BreadcrumbList\",\"@id\":\"https:\\\/\\\/thelyflabs.com\\\/product\\\/space-pop-corn-cogollos-pequenos-10-oh-10g#breadcrumb\",\"itemListElement\":[{\"@type\":\"ListItem\",\"position\":1,\"name\":\"Portada\",\"item\":\"https:\\\/\\\/thelyflabs.com\\\/\"},{\"@type\":\"ListItem\",\"position\":2,\"name\":\"Tienda\",\"item\":\"https:\\\/\\\/thelyflabs.com\\\/tienda\"},{\"@type\":\"ListItem\",\"position\":3,\"name\":\"Space Pop Corn &#8211; Cogollos peque\u00f1os 10-OH 10g\"}]},{\"@type\":\"WebSite\",\"@id\":\"https:\\\/\\\/thelyflabs.com\\\/#website\",\"url\":\"https:\\\/\\\/thelyflabs.com\\\/\",\"name\":\"The LYF Labs\",\"description\":\"CBD al por mayor\",\"publisher\":{\"@id\":\"https:\\\/\\\/thelyflabs.com\\\/#organization\"},\"potentialAction\":[{\"@type\":\"SearchAction\",\"target\":{\"@type\":\"EntryPoint\",\"urlTemplate\":\"https:\\\/\\\/thelyflabs.com\\\/?s={search_term_string}\"},\"query-input\":{\"@type\":\"PropertyValueSpecification\",\"valueRequired\":true,\"valueName\":\"search_term_string\"}}],\"inLanguage\":\"en-GB\"},{\"@type\":\"Organization\",\"@id\":\"https:\\\/\\\/thelyflabs.com\\\/#organization\",\"name\":\"The LYF Labs\",\"url\":\"https:\\\/\\\/thelyflabs.com\\\/\",\"logo\":{\"@type\":\"ImageObject\",\"inLanguage\":\"en-GB\",\"@id\":\"https:\\\/\\\/thelyflabs.com\\\/#\\\/schema\\\/logo\\\/image\\\/\",\"url\":\"https:\\\/\\\/thelyflabs.com\\\/wp-content\\\/uploads\\\/2023\\\/01\\\/cropped-LogoTheLYFLabs.png\",\"contentUrl\":\"https:\\\/\\\/thelyflabs.com\\\/wp-content\\\/uploads\\\/2023\\\/01\\\/cropped-LogoTheLYFLabs.png\",\"width\":600,\"height\":180,\"caption\":\"The LYF Labs\"},\"image\":{\"@id\":\"https:\\\/\\\/thelyflabs.com\\\/#\\\/schema\\\/logo\\\/image\\\/\"}}]}<\/script>\n<!-- \/ Yoast SEO plugin. -->","yoast_head_json":{"title":"Cogollos peque\u00f1os 10-OH 10g mayorista - THE LYF LABS","description":"Cogollos peque\u00f1os 10-OH 10g mayorista te ofrecen lo mejor en formato mini. Con un 12% de CBD, son perfectos para tu consumo diario.","robots":{"index":"index","follow":"follow","max-snippet":"max-snippet:-1","max-image-preview":"max-image-preview:large","max-video-preview":"max-video-preview:-1"},"canonical":"https:\/\/thelyflabs.com\/en\/product\/space-pop-corn-cogollos-pequenos-10-oh-10g\/","og_locale":"en_GB","og_type":"article","og_title":"Cogollos peque\u00f1os 10-OH 10g mayorista - THE LYF LABS","og_description":"Cogollos peque\u00f1os 10-OH 10g mayorista te ofrecen lo mejor en formato mini. Con un 12% de CBD, son perfectos para tu consumo diario.","og_url":"https:\/\/thelyflabs.com\/en\/product\/space-pop-corn-cogollos-pequenos-10-oh-10g\/","og_site_name":"THE LYF LABS","article_modified_time":"2026-04-10T11:27:00+00:00","og_image":[{"width":1000,"height":1000,"url":"https:\/\/thelyflabs.com\/wp-content\/uploads\/2026\/04\/Space-pop-corn.webp","type":"image\/webp"}],"twitter_card":"summary_large_image","twitter_misc":{"Estimated reading time":"3 minutes"},"schema":{"@context":"https:\/\/schema.org","@graph":[{"@type":"WebPage","@id":"https:\/\/thelyflabs.com\/product\/space-pop-corn-cogollos-pequenos-10-oh-10g","url":"https:\/\/thelyflabs.com\/product\/space-pop-corn-cogollos-pequenos-10-oh-10g","name":"Cogollos peque\u00f1os 10-OH 10g mayorista - THE LYF LABS","isPartOf":{"@id":"https:\/\/thelyflabs.com\/#website"},"primaryImageOfPage":{"@id":"https:\/\/thelyflabs.com\/product\/space-pop-corn-cogollos-pequenos-10-oh-10g#primaryimage"},"image":{"@id":"https:\/\/thelyflabs.com\/product\/space-pop-corn-cogollos-pequenos-10-oh-10g#primaryimage"},"thumbnailUrl":"https:\/\/thelyflabs.com\/wp-content\/uploads\/2026\/04\/Space-pop-corn.webp","datePublished":"2026-04-10T11:17:12+00:00","dateModified":"2026-04-10T11:27:00+00:00","description":"Cogollos peque\u00f1os 10-OH 10g mayorista te ofrecen lo mejor en formato mini. Con un 12% de CBD, son perfectos para tu consumo diario.","breadcrumb":{"@id":"https:\/\/thelyflabs.com\/product\/space-pop-corn-cogollos-pequenos-10-oh-10g#breadcrumb"},"inLanguage":"en-GB","potentialAction":[{"@type":"ReadAction","target":["https:\/\/thelyflabs.com\/product\/space-pop-corn-cogollos-pequenos-10-oh-10g"]}]},{"@type":"ImageObject","inLanguage":"en-GB","@id":"https:\/\/thelyflabs.com\/product\/space-pop-corn-cogollos-pequenos-10-oh-10g#primaryimage","url":"https:\/\/thelyflabs.com\/wp-content\/uploads\/2026\/04\/Space-pop-corn.webp","contentUrl":"https:\/\/thelyflabs.com\/wp-content\/uploads\/2026\/04\/Space-pop-corn.webp","width":1000,"height":1000,"caption":"Bolsa Space Pop Corn cogollos peque\u00f1os 10-OH"},{"@type":"BreadcrumbList","@id":"https:\/\/thelyflabs.com\/product\/space-pop-corn-cogollos-pequenos-10-oh-10g#breadcrumb","itemListElement":[{"@type":"ListItem","position":1,"name":"Portada","item":"https:\/\/thelyflabs.com\/"},{"@type":"ListItem","position":2,"name":"Tienda","item":"https:\/\/thelyflabs.com\/tienda"},{"@type":"ListItem","position":3,"name":"Space Pop Corn &#8211; Cogollos peque\u00f1os 10-OH 10g"}]},{"@type":"WebSite","@id":"https:\/\/thelyflabs.com\/#website","url":"https:\/\/thelyflabs.com\/","name":"The LYF Labs","description":"CBD wholesale","publisher":{"@id":"https:\/\/thelyflabs.com\/#organization"},"potentialAction":[{"@type":"SearchAction","target":{"@type":"EntryPoint","urlTemplate":"https:\/\/thelyflabs.com\/?s={search_term_string}"},"query-input":{"@type":"PropertyValueSpecification","valueRequired":true,"valueName":"search_term_string"}}],"inLanguage":"en-GB"},{"@type":"Organization","@id":"https:\/\/thelyflabs.com\/#organization","name":"The LYF Labs","url":"https:\/\/thelyflabs.com\/","logo":{"@type":"ImageObject","inLanguage":"en-GB","@id":"https:\/\/thelyflabs.com\/#\/schema\/logo\/image\/","url":"https:\/\/thelyflabs.com\/wp-content\/uploads\/2023\/01\/cropped-LogoTheLYFLabs.png","contentUrl":"https:\/\/thelyflabs.com\/wp-content\/uploads\/2023\/01\/cropped-LogoTheLYFLabs.png","width":600,"height":180,"caption":"The LYF Labs"},"image":{"@id":"https:\/\/thelyflabs.com\/#\/schema\/logo\/image\/"}}]}},"_links":{"self":[{"href":"https:\/\/thelyflabs.com\/en\/wp-json\/wp\/v2\/product\/18019","targetHints":{"allow":["GET"]}}],"collection":[{"href":"https:\/\/thelyflabs.com\/en\/wp-json\/wp\/v2\/product"}],"about":[{"href":"https:\/\/thelyflabs.com\/en\/wp-json\/wp\/v2\/types\/product"}],"replies":[{"embeddable":true,"href":"https:\/\/thelyflabs.com\/en\/wp-json\/wp\/v2\/comments?post=18019"}],"wp:featuredmedia":[{"embeddable":true,"href":"https:\/\/thelyflabs.com\/en\/wp-json\/wp\/v2\/media\/18020"}],"wp:attachment":[{"href":"https:\/\/thelyflabs.com\/en\/wp-json\/wp\/v2\/media?parent=18019"}],"wp:term":[{"taxonomy":"product_brand","embeddable":true,"href":"https:\/\/thelyflabs.com\/en\/wp-json\/wp\/v2\/product_brand?post=18019"},{"taxonomy":"product_cat","embeddable":true,"href":"https:\/\/thelyflabs.com\/en\/wp-json\/wp\/v2\/product_cat?post=18019"},{"taxonomy":"product_tag","embeddable":true,"href":"https:\/\/thelyflabs.com\/en\/wp-json\/wp\/v2\/product_tag?post=18019"}],"curies":[{"name":"wp","href":"https:\/\/api.w.org\/{rel}","templated":true}]}}