{"id":4179,"date":"2024-01-05T14:04:14","date_gmt":"2024-01-05T14:04:14","guid":{"rendered":"https:\/\/thelyflabs.com\/?post_type=product&#038;p=4179"},"modified":"2025-11-26T17:20:52","modified_gmt":"2025-11-26T16:20:52","slug":"pack-de-flores-de-cbd-25-x-2g","status":"publish","type":"product","link":"https:\/\/thelyflabs.com\/en\/product\/pack-de-flores-de-cbd-25-x-2g","title":{"rendered":"Pack of CBD Flowers 25u x 2g"},"content":{"rendered":"<h3>Pack of CBD Flowers 25u x 2g<\/h3>\n<p>Save with our <strong>Packs of<\/strong> <strong>CBD flowers.<\/strong><\/p>\n<p>By buying your flowers in packs you can save between 15% and 25% depending on the type of flowers and size chosen.<\/p>\n<p>Don&#039;t miss this shopping opportunity. <strong>CBD flowers<\/strong> still <strong>improved price<\/strong> for buying in larger quantities.<\/p>\n<p>With this <strong>package<\/strong> the shipment <strong>it&#039;s included<\/strong> in the price<\/p>\n<p>The flowers of CBD Iguana Smoke are harvested in an organic way, 100%, without pesticides or GMO.<\/p>\n<p style=\"text-align: justify;\">All Iguana Smoke flowers are 100% legal since they are harvested from Cannabis Sativa plants approved by the European Union and contain less than 0.2% of THC, so they do not have any psychoactive effect.<\/p>\n<h4>WHY IGUANA SMOKE?<\/h4>\n<p>Iguana Smoke is synonymous with quality; an attractive brand that connects with the new generations of CBD consumers who are looking for a safe, reliable and affordable product, which has all the characteristics to successfully position itself in the booming CBD market. If you have any questions, contact us and we will be happy to help you.<\/p>","protected":false},"excerpt":{"rendered":"<h3>Save 20% with this Pack<\/h3>\n<ul>\n<li>CBD: 10-15% \/ THC: &lt; 0.2%<\/li>\n<li>100% legal in Europe<\/li>\n<li>Save \u20ac24 with this 2-gram pack of CBD Flowers<\/li>\n<li>Free shipping<\/li>\n<li>\u20ac4 of LYF Credits for your next purchase<\/li>\n<\/ul>\n<p>Quality analysis: click <a href=\"https:\/\/iguanasmoke.com\/wp-content\/uploads\/2023\/07\/Certificate-of-Analysis_B2900055_Shelby.pdf\" target=\"_blank\" rel=\"noopener\">here<\/a><\/p>","protected":false},"featured_media":5205,"comment_status":"open","ping_status":"closed","template":"","meta":{"_acf_changed":false,"site-sidebar-layout":"default","site-content-layout":"","ast-site-content-layout":"default","site-content-style":"default","site-sidebar-style":"default","ast-global-header-display":"","ast-banner-title-visibility":"","ast-main-header-display":"","ast-hfb-above-header-display":"","ast-hfb-below-header-display":"","ast-hfb-mobile-header-display":"","site-post-title":"","ast-breadcrumbs-content":"","ast-featured-img":"","footer-sml-layout":"","theme-transparent-header-meta":"default","adv-header-id-meta":"","stick-header-meta":"","header-above-stick-meta":"","header-main-stick-meta":"","header-below-stick-meta":"","astra-migrate-meta-layouts":"set","ast-page-background-enabled":"default","ast-page-background-meta":{"desktop":{"background-color":"var(--ast-global-color-4)","background-image":"","background-repeat":"repeat","background-position":"center center","background-size":"auto","background-attachment":"scroll","background-type":"","background-media":"","overlay-type":"","overlay-color":"","overlay-opacity":"","overlay-gradient":""},"tablet":{"background-color":"","background-image":"","background-repeat":"repeat","background-position":"center center","background-size":"auto","background-attachment":"scroll","background-type":"","background-media":"","overlay-type":"","overlay-color":"","overlay-opacity":"","overlay-gradient":""},"mobile":{"background-color":"","background-image":"","background-repeat":"repeat","background-position":"center center","background-size":"auto","background-attachment":"scroll","background-type":"","background-media":"","overlay-type":"","overlay-color":"","overlay-opacity":"","overlay-gradient":""}},"ast-content-background-meta":{"desktop":{"background-color":"var(--ast-global-color-5)","background-image":"","background-repeat":"repeat","background-position":"center center","background-size":"auto","background-attachment":"scroll","background-type":"","background-media":"","overlay-type":"","overlay-color":"","overlay-opacity":"","overlay-gradient":""},"tablet":{"background-color":"var(--ast-global-color-5)","background-image":"","background-repeat":"repeat","background-position":"center center","background-size":"auto","background-attachment":"scroll","background-type":"","background-media":"","overlay-type":"","overlay-color":"","overlay-opacity":"","overlay-gradient":""},"mobile":{"background-color":"var(--ast-global-color-5)","background-image":"","background-repeat":"repeat","background-position":"center center","background-size":"auto","background-attachment":"scroll","background-type":"","background-media":"","overlay-type":"","overlay-color":"","overlay-opacity":"","overlay-gradient":""}}},"product_brand":[],"product_cat":[24,40,102],"product_tag":[],"class_list":{"0":"post-4179","1":"product","2":"type-product","3":"status-publish","4":"has-post-thumbnail","6":"product_cat-flores-de-cbd","7":"product_cat-iguanasmoke","8":"product_cat-packs-y-ofertas","9":"desktop-align-center","10":"tablet-align-left","11":"mobile-align-left","13":"first","14":"instock","15":"sale","16":"taxable","17":"shipping-taxable","18":"purchasable","19":"product-type-composite"},"acf":[],"yoast_head":"<!-- This site is optimized with the Yoast SEO plugin v27.4 - https:\/\/yoast.com\/product\/yoast-seo-wordpress\/ -->\n<title>Pack de Flores de CBD 25u x 2g - THE LYF LABS<\/title>\n<meta name=\"robots\" content=\"index, follow, max-snippet:-1, max-image-preview:large, max-video-preview:-1\" \/>\n<link rel=\"canonical\" href=\"https:\/\/thelyflabs.com\/en\/product\/pack-de-flores-de-cbd-25-x-2g\/\" \/>\n<meta property=\"og:locale\" content=\"en_GB\" \/>\n<meta property=\"og:type\" content=\"article\" \/>\n<meta property=\"og:title\" content=\"Pack de Flores de CBD 25u x 2g - THE LYF LABS\" \/>\n<meta property=\"og:description\" content=\"Ahorra 20% con este Pack   CBD: 10-15% \/ THC: &lt; 0,2%  100% legal en Europa  Ahorra 24\u20ac con este pack de Flores de CBD de 2 gramos  Envio gratuito  4\u20ac de Cr\u00e9ditos LYF para tu pr\u00f3xima compra  An\u00e1lisis de calidad: pincha aqu\u00ed\" \/>\n<meta property=\"og:url\" content=\"https:\/\/thelyflabs.com\/en\/product\/pack-de-flores-de-cbd-25-x-2g\/\" \/>\n<meta property=\"og:site_name\" content=\"THE LYF LABS\" \/>\n<meta property=\"article:modified_time\" content=\"2025-11-26T16:20:52+00:00\" \/>\n<meta property=\"og:image\" content=\"https:\/\/thelyflabs.com\/wp-content\/uploads\/2024\/01\/Pack-Flores-CBD-25x2g.webp\" \/>\n\t<meta property=\"og:image:width\" content=\"500\" \/>\n\t<meta property=\"og:image:height\" content=\"500\" \/>\n\t<meta property=\"og:image:type\" content=\"image\/webp\" \/>\n<meta name=\"twitter:card\" content=\"summary_large_image\" \/>\n<meta name=\"twitter:label1\" content=\"Estimated reading time\" \/>\n\t<meta name=\"twitter:data1\" content=\"1 minute\" \/>\n<script type=\"application\/ld+json\" class=\"yoast-schema-graph\">{\"@context\":\"https:\\\/\\\/schema.org\",\"@graph\":[{\"@type\":\"WebPage\",\"@id\":\"https:\\\/\\\/thelyflabs.com\\\/product\\\/pack-de-flores-de-cbd-25-x-2g\",\"url\":\"https:\\\/\\\/thelyflabs.com\\\/product\\\/pack-de-flores-de-cbd-25-x-2g\",\"name\":\"Pack de Flores de CBD 25u x 2g - THE LYF LABS\",\"isPartOf\":{\"@id\":\"https:\\\/\\\/thelyflabs.com\\\/#website\"},\"primaryImageOfPage\":{\"@id\":\"https:\\\/\\\/thelyflabs.com\\\/product\\\/pack-de-flores-de-cbd-25-x-2g#primaryimage\"},\"image\":{\"@id\":\"https:\\\/\\\/thelyflabs.com\\\/product\\\/pack-de-flores-de-cbd-25-x-2g#primaryimage\"},\"thumbnailUrl\":\"https:\\\/\\\/thelyflabs.com\\\/wp-content\\\/uploads\\\/2024\\\/01\\\/Pack-Flores-CBD-25x2g.webp\",\"datePublished\":\"2024-01-05T14:04:14+00:00\",\"dateModified\":\"2025-11-26T16:20:52+00:00\",\"breadcrumb\":{\"@id\":\"https:\\\/\\\/thelyflabs.com\\\/product\\\/pack-de-flores-de-cbd-25-x-2g#breadcrumb\"},\"inLanguage\":\"en-GB\",\"potentialAction\":[{\"@type\":\"ReadAction\",\"target\":[\"https:\\\/\\\/thelyflabs.com\\\/product\\\/pack-de-flores-de-cbd-25-x-2g\"]}]},{\"@type\":\"ImageObject\",\"inLanguage\":\"en-GB\",\"@id\":\"https:\\\/\\\/thelyflabs.com\\\/product\\\/pack-de-flores-de-cbd-25-x-2g#primaryimage\",\"url\":\"https:\\\/\\\/thelyflabs.com\\\/wp-content\\\/uploads\\\/2024\\\/01\\\/Pack-Flores-CBD-25x2g.webp\",\"contentUrl\":\"https:\\\/\\\/thelyflabs.com\\\/wp-content\\\/uploads\\\/2024\\\/01\\\/Pack-Flores-CBD-25x2g.webp\",\"width\":500,\"height\":500,\"caption\":\"paquete flores cbd para tiendas x25\"},{\"@type\":\"BreadcrumbList\",\"@id\":\"https:\\\/\\\/thelyflabs.com\\\/product\\\/pack-de-flores-de-cbd-25-x-2g#breadcrumb\",\"itemListElement\":[{\"@type\":\"ListItem\",\"position\":1,\"name\":\"Portada\",\"item\":\"https:\\\/\\\/thelyflabs.com\\\/\"},{\"@type\":\"ListItem\",\"position\":2,\"name\":\"Tienda\",\"item\":\"https:\\\/\\\/thelyflabs.com\\\/tienda\"},{\"@type\":\"ListItem\",\"position\":3,\"name\":\"Pack de Flores de CBD 25u x 2g\"}]},{\"@type\":\"WebSite\",\"@id\":\"https:\\\/\\\/thelyflabs.com\\\/#website\",\"url\":\"https:\\\/\\\/thelyflabs.com\\\/\",\"name\":\"The LYF Labs\",\"description\":\"CBD al por mayor\",\"publisher\":{\"@id\":\"https:\\\/\\\/thelyflabs.com\\\/#organization\"},\"potentialAction\":[{\"@type\":\"SearchAction\",\"target\":{\"@type\":\"EntryPoint\",\"urlTemplate\":\"https:\\\/\\\/thelyflabs.com\\\/?s={search_term_string}\"},\"query-input\":{\"@type\":\"PropertyValueSpecification\",\"valueRequired\":true,\"valueName\":\"search_term_string\"}}],\"inLanguage\":\"en-GB\"},{\"@type\":\"Organization\",\"@id\":\"https:\\\/\\\/thelyflabs.com\\\/#organization\",\"name\":\"The LYF Labs\",\"url\":\"https:\\\/\\\/thelyflabs.com\\\/\",\"logo\":{\"@type\":\"ImageObject\",\"inLanguage\":\"en-GB\",\"@id\":\"https:\\\/\\\/thelyflabs.com\\\/#\\\/schema\\\/logo\\\/image\\\/\",\"url\":\"https:\\\/\\\/thelyflabs.com\\\/wp-content\\\/uploads\\\/2023\\\/01\\\/cropped-LogoTheLYFLabs.png\",\"contentUrl\":\"https:\\\/\\\/thelyflabs.com\\\/wp-content\\\/uploads\\\/2023\\\/01\\\/cropped-LogoTheLYFLabs.png\",\"width\":600,\"height\":180,\"caption\":\"The LYF Labs\"},\"image\":{\"@id\":\"https:\\\/\\\/thelyflabs.com\\\/#\\\/schema\\\/logo\\\/image\\\/\"}}]}<\/script>\n<!-- \/ Yoast SEO plugin. -->","yoast_head_json":{"title":"Pack of CBD Flowers 25u x 2g - THE LYF LABS","robots":{"index":"index","follow":"follow","max-snippet":"max-snippet:-1","max-image-preview":"max-image-preview:large","max-video-preview":"max-video-preview:-1"},"canonical":"https:\/\/thelyflabs.com\/en\/product\/pack-de-flores-de-cbd-25-x-2g\/","og_locale":"en_GB","og_type":"article","og_title":"Pack de Flores de CBD 25u x 2g - THE LYF LABS","og_description":"Ahorra 20% con este Pack   CBD: 10-15% \/ THC: &lt; 0,2%  100% legal en Europa  Ahorra 24\u20ac con este pack de Flores de CBD de 2 gramos  Envio gratuito  4\u20ac de Cr\u00e9ditos LYF para tu pr\u00f3xima compra  An\u00e1lisis de calidad: pincha aqu\u00ed","og_url":"https:\/\/thelyflabs.com\/en\/product\/pack-de-flores-de-cbd-25-x-2g\/","og_site_name":"THE LYF LABS","article_modified_time":"2025-11-26T16:20:52+00:00","og_image":[{"width":500,"height":500,"url":"https:\/\/thelyflabs.com\/wp-content\/uploads\/2024\/01\/Pack-Flores-CBD-25x2g.webp","type":"image\/webp"}],"twitter_card":"summary_large_image","twitter_misc":{"Estimated reading time":"1 minute"},"schema":{"@context":"https:\/\/schema.org","@graph":[{"@type":"WebPage","@id":"https:\/\/thelyflabs.com\/product\/pack-de-flores-de-cbd-25-x-2g","url":"https:\/\/thelyflabs.com\/product\/pack-de-flores-de-cbd-25-x-2g","name":"Pack of CBD Flowers 25u x 2g - THE LYF LABS","isPartOf":{"@id":"https:\/\/thelyflabs.com\/#website"},"primaryImageOfPage":{"@id":"https:\/\/thelyflabs.com\/product\/pack-de-flores-de-cbd-25-x-2g#primaryimage"},"image":{"@id":"https:\/\/thelyflabs.com\/product\/pack-de-flores-de-cbd-25-x-2g#primaryimage"},"thumbnailUrl":"https:\/\/thelyflabs.com\/wp-content\/uploads\/2024\/01\/Pack-Flores-CBD-25x2g.webp","datePublished":"2024-01-05T14:04:14+00:00","dateModified":"2025-11-26T16:20:52+00:00","breadcrumb":{"@id":"https:\/\/thelyflabs.com\/product\/pack-de-flores-de-cbd-25-x-2g#breadcrumb"},"inLanguage":"en-GB","potentialAction":[{"@type":"ReadAction","target":["https:\/\/thelyflabs.com\/product\/pack-de-flores-de-cbd-25-x-2g"]}]},{"@type":"ImageObject","inLanguage":"en-GB","@id":"https:\/\/thelyflabs.com\/product\/pack-de-flores-de-cbd-25-x-2g#primaryimage","url":"https:\/\/thelyflabs.com\/wp-content\/uploads\/2024\/01\/Pack-Flores-CBD-25x2g.webp","contentUrl":"https:\/\/thelyflabs.com\/wp-content\/uploads\/2024\/01\/Pack-Flores-CBD-25x2g.webp","width":500,"height":500,"caption":"paquete flores cbd para tiendas x25"},{"@type":"BreadcrumbList","@id":"https:\/\/thelyflabs.com\/product\/pack-de-flores-de-cbd-25-x-2g#breadcrumb","itemListElement":[{"@type":"ListItem","position":1,"name":"Portada","item":"https:\/\/thelyflabs.com\/"},{"@type":"ListItem","position":2,"name":"Tienda","item":"https:\/\/thelyflabs.com\/tienda"},{"@type":"ListItem","position":3,"name":"Pack de Flores de CBD 25u x 2g"}]},{"@type":"WebSite","@id":"https:\/\/thelyflabs.com\/#website","url":"https:\/\/thelyflabs.com\/","name":"The LYF Labs","description":"CBD wholesale","publisher":{"@id":"https:\/\/thelyflabs.com\/#organization"},"potentialAction":[{"@type":"SearchAction","target":{"@type":"EntryPoint","urlTemplate":"https:\/\/thelyflabs.com\/?s={search_term_string}"},"query-input":{"@type":"PropertyValueSpecification","valueRequired":true,"valueName":"search_term_string"}}],"inLanguage":"en-GB"},{"@type":"Organization","@id":"https:\/\/thelyflabs.com\/#organization","name":"The LYF Labs","url":"https:\/\/thelyflabs.com\/","logo":{"@type":"ImageObject","inLanguage":"en-GB","@id":"https:\/\/thelyflabs.com\/#\/schema\/logo\/image\/","url":"https:\/\/thelyflabs.com\/wp-content\/uploads\/2023\/01\/cropped-LogoTheLYFLabs.png","contentUrl":"https:\/\/thelyflabs.com\/wp-content\/uploads\/2023\/01\/cropped-LogoTheLYFLabs.png","width":600,"height":180,"caption":"The LYF Labs"},"image":{"@id":"https:\/\/thelyflabs.com\/#\/schema\/logo\/image\/"}}]}},"_links":{"self":[{"href":"https:\/\/thelyflabs.com\/en\/wp-json\/wp\/v2\/product\/4179","targetHints":{"allow":["GET"]}}],"collection":[{"href":"https:\/\/thelyflabs.com\/en\/wp-json\/wp\/v2\/product"}],"about":[{"href":"https:\/\/thelyflabs.com\/en\/wp-json\/wp\/v2\/types\/product"}],"replies":[{"embeddable":true,"href":"https:\/\/thelyflabs.com\/en\/wp-json\/wp\/v2\/comments?post=4179"}],"wp:featuredmedia":[{"embeddable":true,"href":"https:\/\/thelyflabs.com\/en\/wp-json\/wp\/v2\/media\/5205"}],"wp:attachment":[{"href":"https:\/\/thelyflabs.com\/en\/wp-json\/wp\/v2\/media?parent=4179"}],"wp:term":[{"taxonomy":"product_brand","embeddable":true,"href":"https:\/\/thelyflabs.com\/en\/wp-json\/wp\/v2\/product_brand?post=4179"},{"taxonomy":"product_cat","embeddable":true,"href":"https:\/\/thelyflabs.com\/en\/wp-json\/wp\/v2\/product_cat?post=4179"},{"taxonomy":"product_tag","embeddable":true,"href":"https:\/\/thelyflabs.com\/en\/wp-json\/wp\/v2\/product_tag?post=4179"}],"curies":[{"name":"wp","href":"https:\/\/api.w.org\/{rel}","templated":true}]}}