{"id":439,"date":"2023-02-01T14:41:40","date_gmt":"2023-02-01T14:41:40","guid":{"rendered":"https:\/\/thelyflabs.com\/?post_type=product&#038;p=439"},"modified":"2026-04-24T16:14:56","modified_gmt":"2026-04-24T14:14:56","slug":"pack-de-5-pre-rolls-x-0-5-gr","status":"publish","type":"product","link":"https:\/\/thelyflabs.com\/en\/product\/pack-de-5-pre-rolls-x-0-5-gr","title":{"rendered":"Pack Pre Roll CBD &#8211; Conos 0.5g"},"content":{"rendered":"<h1><span style=\"font-weight: 400\">Pack Pre Roll CBD &#8211; Conos 0.5g\u00a0<\/span><\/h1>\n<p data-start=\"277\" data-end=\"346\"><span style=\"font-weight: 400\">This <strong>Pack Pre Roll CBD<\/strong> es tu aliado perfecto. Los <strong>Conos 0.5g CBD mayorista <\/strong>of <strong>Iguana Smoke<\/strong> han sido creados para los que quieren ir al grano: 5 conos perfectamente liados, listos para ser encendidos y disfrutar. Con flores CBD seleccionadas y sin complicacioens.\u00a0<\/span><\/p>\n<p data-start=\"277\" data-end=\"346\"><span style=\"font-weight: 400\">Cada <strong>cono preliado<\/strong> contains <strong>0.5g de flor CBD Sour Tsunami<\/strong>, cultivada de forma ecol\u00f3gica y <strong>sin restos, trim ni mezclas<\/strong>. Solo <strong>flor premium lista<\/strong> para ofrecerte una <strong>experiencia suave, natural y muy chill<\/strong>. <\/span><\/p>\n<p data-start=\"277\" data-end=\"346\"><span style=\"font-weight: 400\">Descubre m\u00e1s formatos para <a href=\"https:\/\/iguanasmoke.com\/categoria\/flores\/flores-cbd\/\"><strong>comprar flores CBD<\/strong><\/a>, donde descubrir\u00e1s nuestra amplia selecci\u00f3n de flores CBD premium.<\/span><\/p>\n<p data-start=\"277\" data-end=\"346\"><span style=\"color: #ffffff\">&#8211;<\/span><\/p>\n<h2><strong>Pack Pre Roll CBD de calidad &#8211; listos para encender<\/strong><\/h2>\n<p><span style=\"font-weight: 400\">Our <strong>Conos 0.5g CBD mayorista<\/strong>\u00a0est\u00e1n liados con <strong>papel Raw org\u00e1nico<\/strong>, libre de qu\u00edmicos, aditivos o colorantes. En su interior encontrar\u00e1s flores seleccionadas con <strong>15% CBD<\/strong> y menos del <strong>0,3% THC<\/strong>. As\u00ed, son 100% legales en Espa\u00f1a y Europa.<\/span><\/p>\n<p><span style=\"font-weight: 400\">Este formato mini es primo-hermano del formato<strong> <a href=\"https:\/\/iguanasmoke.com\/producto\/comprar-cbd-flores-pre-roll-cono-king-size-cbd-1gr\/\">Pre Roll CBD &#8211; Cono King Size<\/a> <\/strong>XL y es ideal para compartir, o no.\u00a0<\/span><\/p>\n<p>&nbsp;<\/p>\n<h2 data-start=\"1495\" data-end=\"1540\">Caracter\u00edsticas de los Conos 0.5g CBD mayorista:<\/h2>\n<ul>\n<li><span style=\"font-weight: 400\"><strong>5 conos Raw preliados con 0.5g <\/strong>de aut\u00e9ntica flor <strong>Sour Tsunami <\/strong><\/span><\/li>\n<li><span style=\"font-weight: 400\"><strong>CBD<\/strong> to the <strong>15%<\/strong> and <strong>THC &lt;0,3%<\/strong> -Producto legal sin efectos psicoactivos <\/span><\/li>\n<li><span style=\"font-weight: 400\"><strong>Papeles Raw<\/strong> org\u00e1nicos y sin qu\u00edmicos <\/span><\/li>\n<li><span style=\"font-weight: 400\"><strong>Sativa Dominant<\/strong>, con aroma dulce e intenso <\/span><\/li>\n<li><span style=\"font-weight: 400\"><strong>Organic farming<\/strong>, sin pesticidas ni transg\u00e9nicos<\/span><\/li>\n<li><span style=\"font-weight: 400\">Listo para usar: perfecto para compartir o disfrutar solo<\/span><\/li>\n<\/ul>\n<p>&nbsp;<\/p>\n<section class=\"product-description\">\n<h2><b>\u00bfD\u00f3nde comprar tus <span style=\"font-weight: 400\"><strong>Conos 0.5g CBD mayorista<\/strong><\/span><\/b><b>?<\/b><\/h2>\n<p><span style=\"font-weight: 400\">If you are looking for <strong>Pre Rolls<\/strong><strong>, <\/strong>este es tu lugar seguro en Espa\u00f1a<strong>.<\/strong> Todos nuestros productos est\u00e1n aprobados por la UE, garantizando su legalidad y seguridad. Adem\u00e1s, si quieres puedes consultar <\/span><strong><a href=\"https:\/\/iguanasmoke.com\/analiticas\/\">laboratory analysis.<\/a><\/strong><\/p>\n<p><span style=\"font-weight: 400\">No te olvides de explorar <\/span><span style=\"font-weight: 400\">nuestra variedad y encontrar ya tus favoritos.<\/span><\/p>\n<p><strong data-start=\"303\" data-end=\"345\">Env\u00edo r\u00e1pido y discreto en toda Espa\u00f1a<\/strong>, with <strong data-start=\"351\" data-end=\"387\">atenci\u00f3n cercana y personalizada<\/strong> para resolver cualquier duda antes y despu\u00e9s de tu compra.<\/p>\n<p>&nbsp;<\/p>\n<h2>Quality and safety<\/h2>\n<p>In <strong>The Lyf Labs<\/strong>, we guarantee that each batch of <span style=\"font-weight: 400\"><strong>Conos 0.5g CBD mayorista<\/strong><\/span>\u00a0It undergoes rigorous laboratory analysis to confirm its purity, absence of pesticides, and legal THC levels (less than 0.3%). Our commitment to quality and safety allows us to offer a reliable product suitable for all users who value legality and excellence in their consumption.<\/p>\n<\/section>\n<section class=\"product-description\">The Lyf Labs se compromete a ofrecer <strong>productos que combinan tradici\u00f3n, innovaci\u00f3n y m\u00e1xima calidad<\/strong>. Conf\u00eda en nosotros para llevar a tu colecci\u00f3n o cat\u00e1logo un producto que destaca por su autenticidad, sabor y fiabilidad.<\/section>\n<section><\/section>\n<section><\/section>\n<section><\/section>\n<section><\/section>\n<section><\/section>\n<section><\/section>\n<section><\/section>\n<section><\/section>\n<section><\/section>\n<p>&nbsp;<\/p>\n<h3 class=\"product-description\"><span style=\"font-size: 1.7em;font-weight: bold\">The Lyf Labs is quality<\/span><\/h3>\n<p>The Lyf Labs representa la excelencia en el <strong>mercado mayorista de cannabinoides,<\/strong> ofreciendo productos innovadores, seguros y de alta pureza para <strong>tiendas especializadas y distribuidores<\/strong>. Nos enfocamos en satisfacer las necesidades de un sector profesional que busca calidad constante, trazabilidad y <strong>precios competitivos<\/strong>. Si buscas un proveedor confiable y con visi\u00f3n de futuro, en The Lyf Labs encontrar\u00e1s un aliado estrat\u00e9gico para crecer en el mercado del c\u00e1\u00f1amo.<\/p>\n<p>&nbsp;<\/p>\n<h6>\u2139\ufe0f<strong> Legal information<\/strong><\/h6>\n<p><em><span style=\"font-weight: 400\">*Producto destinado a coleccionismo o aromaterapia, conforme a la legislaci\u00f3n espa\u00f1ola vigente. <\/span><\/em><\/p>\n<p><em><span style=\"font-weight: 400\">**Derivados del c\u00e1\u00f1amo industrial certificado. Contiene menos del 0,3 THC y no incluye cannabinoides ilegales como HHC, HHC-P, THCP, THCP-O, H4CBD ni sustancias recogidas en el Anexo I del Real Decreto 2829\/1977, as\u00ed como tampoco contiene sustancias fiscalizadas por convenios internacionales.<\/span><\/em><\/p>","protected":false},"excerpt":{"rendered":"<p>Este formato ser\u00e1 tu favorito con su fuerte aroma dulce y su calidad premium:<\/p>\n<ul>\n<li>We don&#039;t use trim, only top quality flowers<\/li>\n<li>5 conos papel Raw con 0.5g de flor<\/li>\n<li style=\"text-align: justify\">Cantidad de flores aprox: 2,5 gramos<\/li>\n<li style=\"text-align: justify\">CBD: 15% \/ THC: &lt;0,3%<\/li>\n<li style=\"text-align: justify\">100% legal in Europe<\/li>\n<\/ul>\n<p>An\u00e1lisis de calidad <a href=\"https:\/\/iguanasmoke.com\/wp-content\/uploads\/2018\/02\/Pre-Rolls-de-CBD.pdf\" target=\"_blank\" rel=\"noopener\">here<\/a><\/p>","protected":false},"featured_media":7892,"comment_status":"open","ping_status":"closed","template":"","meta":{"_acf_changed":false,"site-sidebar-layout":"default","site-content-layout":"default","ast-site-content-layout":"default","site-content-style":"default","site-sidebar-style":"default","ast-global-header-display":"","ast-banner-title-visibility":"","ast-main-header-display":"","ast-hfb-above-header-display":"","ast-hfb-below-header-display":"","ast-hfb-mobile-header-display":"","site-post-title":"","ast-breadcrumbs-content":"","ast-featured-img":"","footer-sml-layout":"","theme-transparent-header-meta":"default","adv-header-id-meta":"","stick-header-meta":"","header-above-stick-meta":"","header-main-stick-meta":"","header-below-stick-meta":"","astra-migrate-meta-layouts":"set","ast-page-background-enabled":"default","ast-page-background-meta":{"desktop":{"background-color":"var(--ast-global-color-4)","background-image":"","background-repeat":"repeat","background-position":"center center","background-size":"auto","background-attachment":"scroll","background-type":"","background-media":"","overlay-type":"","overlay-color":"","overlay-opacity":"","overlay-gradient":""},"tablet":{"background-color":"","background-image":"","background-repeat":"repeat","background-position":"center center","background-size":"auto","background-attachment":"scroll","background-type":"","background-media":"","overlay-type":"","overlay-color":"","overlay-opacity":"","overlay-gradient":""},"mobile":{"background-color":"","background-image":"","background-repeat":"repeat","background-position":"center center","background-size":"auto","background-attachment":"scroll","background-type":"","background-media":"","overlay-type":"","overlay-color":"","overlay-opacity":"","overlay-gradient":""}},"ast-content-background-meta":{"desktop":{"background-color":"var(--ast-global-color-5)","background-image":"","background-repeat":"repeat","background-position":"center center","background-size":"auto","background-attachment":"scroll","background-type":"","background-media":"","overlay-type":"","overlay-color":"","overlay-opacity":"","overlay-gradient":""},"tablet":{"background-color":"var(--ast-global-color-5)","background-image":"","background-repeat":"repeat","background-position":"center center","background-size":"auto","background-attachment":"scroll","background-type":"","background-media":"","overlay-type":"","overlay-color":"","overlay-opacity":"","overlay-gradient":""},"mobile":{"background-color":"var(--ast-global-color-5)","background-image":"","background-repeat":"repeat","background-position":"center center","background-size":"auto","background-attachment":"scroll","background-type":"","background-media":"","overlay-type":"","overlay-color":"","overlay-opacity":"","overlay-gradient":""}}},"product_brand":[],"product_cat":[40,27],"product_tag":[],"class_list":{"0":"post-439","1":"product","2":"type-product","3":"status-publish","4":"has-post-thumbnail","6":"product_cat-iguanasmoke","7":"product_cat-pre-rolls","8":"desktop-align-center","9":"tablet-align-left","10":"mobile-align-left","12":"first","13":"instock","14":"taxable","15":"shipping-taxable","16":"product-type-simple"},"acf":[],"yoast_head":"<!-- This site is optimized with the Yoast SEO plugin v27.5 - https:\/\/yoast.com\/product\/yoast-seo-wordpress\/ -->\n<title>Conos 0.5g CBD mayorista - THE LYF LABS<\/title>\n<meta name=\"description\" content=\"Pack Pre-Roll CBD con 5 Conos 0.5g CBD mayorista preliados con papel RAW. Compra flores de CBD listas para disfrutar, con 15% de CBD y formato pr\u00e1ctico.\" \/>\n<meta name=\"robots\" content=\"index, follow, max-snippet:-1, max-image-preview:large, max-video-preview:-1\" \/>\n<link rel=\"canonical\" href=\"https:\/\/thelyflabs.com\/en\/product\/pack-de-5-pre-rolls-x-0-5-gr\/\" \/>\n<meta property=\"og:locale\" content=\"en_GB\" \/>\n<meta property=\"og:type\" content=\"article\" \/>\n<meta property=\"og:title\" content=\"Conos 0.5g CBD mayorista - THE LYF LABS\" \/>\n<meta property=\"og:description\" content=\"Pack Pre-Roll CBD con 5 Conos 0.5g CBD mayorista preliados con papel RAW. Compra flores de CBD listas para disfrutar, con 15% de CBD y formato pr\u00e1ctico.\" \/>\n<meta property=\"og:url\" content=\"https:\/\/thelyflabs.com\/en\/product\/pack-de-5-pre-rolls-x-0-5-gr\/\" \/>\n<meta property=\"og:site_name\" content=\"THE LYF LABS\" \/>\n<meta property=\"article:modified_time\" content=\"2026-04-24T14:14:56+00:00\" \/>\n<meta property=\"og:image\" content=\"https:\/\/thelyflabs.com\/wp-content\/uploads\/2023\/02\/mockup-pre-roll-box-con.webp\" \/>\n\t<meta property=\"og:image:width\" content=\"1000\" \/>\n\t<meta property=\"og:image:height\" content=\"1000\" \/>\n\t<meta property=\"og:image:type\" content=\"image\/webp\" \/>\n<meta name=\"twitter:card\" content=\"summary_large_image\" \/>\n<meta name=\"twitter:label1\" content=\"Estimated reading time\" \/>\n\t<meta name=\"twitter:data1\" content=\"3 minutes\" \/>\n<script type=\"application\/ld+json\" class=\"yoast-schema-graph\">{\"@context\":\"https:\\\/\\\/schema.org\",\"@graph\":[{\"@type\":\"WebPage\",\"@id\":\"https:\\\/\\\/thelyflabs.com\\\/product\\\/pack-de-5-pre-rolls-x-0-5-gr\",\"url\":\"https:\\\/\\\/thelyflabs.com\\\/product\\\/pack-de-5-pre-rolls-x-0-5-gr\",\"name\":\"Conos 0.5g CBD mayorista - THE LYF LABS\",\"isPartOf\":{\"@id\":\"https:\\\/\\\/thelyflabs.com\\\/#website\"},\"primaryImageOfPage\":{\"@id\":\"https:\\\/\\\/thelyflabs.com\\\/product\\\/pack-de-5-pre-rolls-x-0-5-gr#primaryimage\"},\"image\":{\"@id\":\"https:\\\/\\\/thelyflabs.com\\\/product\\\/pack-de-5-pre-rolls-x-0-5-gr#primaryimage\"},\"thumbnailUrl\":\"https:\\\/\\\/thelyflabs.com\\\/wp-content\\\/uploads\\\/2023\\\/02\\\/mockup-pre-roll-box-con.webp\",\"datePublished\":\"2023-02-01T14:41:40+00:00\",\"dateModified\":\"2026-04-24T14:14:56+00:00\",\"description\":\"Pack Pre-Roll CBD con 5 Conos 0.5g CBD mayorista preliados con papel RAW. Compra flores de CBD listas para disfrutar, con 15% de CBD y formato pr\u00e1ctico.\",\"breadcrumb\":{\"@id\":\"https:\\\/\\\/thelyflabs.com\\\/product\\\/pack-de-5-pre-rolls-x-0-5-gr#breadcrumb\"},\"inLanguage\":\"en-GB\",\"potentialAction\":[{\"@type\":\"ReadAction\",\"target\":[\"https:\\\/\\\/thelyflabs.com\\\/product\\\/pack-de-5-pre-rolls-x-0-5-gr\"]}]},{\"@type\":\"ImageObject\",\"inLanguage\":\"en-GB\",\"@id\":\"https:\\\/\\\/thelyflabs.com\\\/product\\\/pack-de-5-pre-rolls-x-0-5-gr#primaryimage\",\"url\":\"https:\\\/\\\/thelyflabs.com\\\/wp-content\\\/uploads\\\/2023\\\/02\\\/mockup-pre-roll-box-con.webp\",\"contentUrl\":\"https:\\\/\\\/thelyflabs.com\\\/wp-content\\\/uploads\\\/2023\\\/02\\\/mockup-pre-roll-box-con.webp\",\"width\":1000,\"height\":1000,\"caption\":\"Conos 0.5g CBD mayorista\"},{\"@type\":\"BreadcrumbList\",\"@id\":\"https:\\\/\\\/thelyflabs.com\\\/product\\\/pack-de-5-pre-rolls-x-0-5-gr#breadcrumb\",\"itemListElement\":[{\"@type\":\"ListItem\",\"position\":1,\"name\":\"Portada\",\"item\":\"https:\\\/\\\/thelyflabs.com\\\/\"},{\"@type\":\"ListItem\",\"position\":2,\"name\":\"Tienda\",\"item\":\"https:\\\/\\\/thelyflabs.com\\\/tienda\"},{\"@type\":\"ListItem\",\"position\":3,\"name\":\"Pack Pre Roll CBD &#8211; Conos 0.5g\"}]},{\"@type\":\"WebSite\",\"@id\":\"https:\\\/\\\/thelyflabs.com\\\/#website\",\"url\":\"https:\\\/\\\/thelyflabs.com\\\/\",\"name\":\"The LYF Labs\",\"description\":\"CBD al por mayor\",\"publisher\":{\"@id\":\"https:\\\/\\\/thelyflabs.com\\\/#organization\"},\"potentialAction\":[{\"@type\":\"SearchAction\",\"target\":{\"@type\":\"EntryPoint\",\"urlTemplate\":\"https:\\\/\\\/thelyflabs.com\\\/?s={search_term_string}\"},\"query-input\":{\"@type\":\"PropertyValueSpecification\",\"valueRequired\":true,\"valueName\":\"search_term_string\"}}],\"inLanguage\":\"en-GB\"},{\"@type\":\"Organization\",\"@id\":\"https:\\\/\\\/thelyflabs.com\\\/#organization\",\"name\":\"The LYF Labs\",\"url\":\"https:\\\/\\\/thelyflabs.com\\\/\",\"logo\":{\"@type\":\"ImageObject\",\"inLanguage\":\"en-GB\",\"@id\":\"https:\\\/\\\/thelyflabs.com\\\/#\\\/schema\\\/logo\\\/image\\\/\",\"url\":\"https:\\\/\\\/thelyflabs.com\\\/wp-content\\\/uploads\\\/2023\\\/01\\\/cropped-LogoTheLYFLabs.png\",\"contentUrl\":\"https:\\\/\\\/thelyflabs.com\\\/wp-content\\\/uploads\\\/2023\\\/01\\\/cropped-LogoTheLYFLabs.png\",\"width\":600,\"height\":180,\"caption\":\"The LYF Labs\"},\"image\":{\"@id\":\"https:\\\/\\\/thelyflabs.com\\\/#\\\/schema\\\/logo\\\/image\\\/\"}}]}<\/script>\n<!-- \/ Yoast SEO plugin. -->","yoast_head_json":{"title":"Conos 0.5g CBD mayorista - THE LYF LABS","description":"Pack Pre-Roll CBD con 5 Conos 0.5g CBD mayorista preliados con papel RAW. Compra flores de CBD listas para disfrutar, con 15% de CBD y formato pr\u00e1ctico.","robots":{"index":"index","follow":"follow","max-snippet":"max-snippet:-1","max-image-preview":"max-image-preview:large","max-video-preview":"max-video-preview:-1"},"canonical":"https:\/\/thelyflabs.com\/en\/product\/pack-de-5-pre-rolls-x-0-5-gr\/","og_locale":"en_GB","og_type":"article","og_title":"Conos 0.5g CBD mayorista - THE LYF LABS","og_description":"Pack Pre-Roll CBD con 5 Conos 0.5g CBD mayorista preliados con papel RAW. Compra flores de CBD listas para disfrutar, con 15% de CBD y formato pr\u00e1ctico.","og_url":"https:\/\/thelyflabs.com\/en\/product\/pack-de-5-pre-rolls-x-0-5-gr\/","og_site_name":"THE LYF LABS","article_modified_time":"2026-04-24T14:14:56+00:00","og_image":[{"width":1000,"height":1000,"url":"https:\/\/thelyflabs.com\/wp-content\/uploads\/2023\/02\/mockup-pre-roll-box-con.webp","type":"image\/webp"}],"twitter_card":"summary_large_image","twitter_misc":{"Estimated reading time":"3 minutes"},"schema":{"@context":"https:\/\/schema.org","@graph":[{"@type":"WebPage","@id":"https:\/\/thelyflabs.com\/product\/pack-de-5-pre-rolls-x-0-5-gr","url":"https:\/\/thelyflabs.com\/product\/pack-de-5-pre-rolls-x-0-5-gr","name":"Conos 0.5g CBD mayorista - THE LYF LABS","isPartOf":{"@id":"https:\/\/thelyflabs.com\/#website"},"primaryImageOfPage":{"@id":"https:\/\/thelyflabs.com\/product\/pack-de-5-pre-rolls-x-0-5-gr#primaryimage"},"image":{"@id":"https:\/\/thelyflabs.com\/product\/pack-de-5-pre-rolls-x-0-5-gr#primaryimage"},"thumbnailUrl":"https:\/\/thelyflabs.com\/wp-content\/uploads\/2023\/02\/mockup-pre-roll-box-con.webp","datePublished":"2023-02-01T14:41:40+00:00","dateModified":"2026-04-24T14:14:56+00:00","description":"Pack Pre-Roll CBD con 5 Conos 0.5g CBD mayorista preliados con papel RAW. Compra flores de CBD listas para disfrutar, con 15% de CBD y formato pr\u00e1ctico.","breadcrumb":{"@id":"https:\/\/thelyflabs.com\/product\/pack-de-5-pre-rolls-x-0-5-gr#breadcrumb"},"inLanguage":"en-GB","potentialAction":[{"@type":"ReadAction","target":["https:\/\/thelyflabs.com\/product\/pack-de-5-pre-rolls-x-0-5-gr"]}]},{"@type":"ImageObject","inLanguage":"en-GB","@id":"https:\/\/thelyflabs.com\/product\/pack-de-5-pre-rolls-x-0-5-gr#primaryimage","url":"https:\/\/thelyflabs.com\/wp-content\/uploads\/2023\/02\/mockup-pre-roll-box-con.webp","contentUrl":"https:\/\/thelyflabs.com\/wp-content\/uploads\/2023\/02\/mockup-pre-roll-box-con.webp","width":1000,"height":1000,"caption":"Conos 0.5g CBD mayorista"},{"@type":"BreadcrumbList","@id":"https:\/\/thelyflabs.com\/product\/pack-de-5-pre-rolls-x-0-5-gr#breadcrumb","itemListElement":[{"@type":"ListItem","position":1,"name":"Portada","item":"https:\/\/thelyflabs.com\/"},{"@type":"ListItem","position":2,"name":"Tienda","item":"https:\/\/thelyflabs.com\/tienda"},{"@type":"ListItem","position":3,"name":"Pack Pre Roll CBD &#8211; Conos 0.5g"}]},{"@type":"WebSite","@id":"https:\/\/thelyflabs.com\/#website","url":"https:\/\/thelyflabs.com\/","name":"The LYF Labs","description":"CBD wholesale","publisher":{"@id":"https:\/\/thelyflabs.com\/#organization"},"potentialAction":[{"@type":"SearchAction","target":{"@type":"EntryPoint","urlTemplate":"https:\/\/thelyflabs.com\/?s={search_term_string}"},"query-input":{"@type":"PropertyValueSpecification","valueRequired":true,"valueName":"search_term_string"}}],"inLanguage":"en-GB"},{"@type":"Organization","@id":"https:\/\/thelyflabs.com\/#organization","name":"The LYF Labs","url":"https:\/\/thelyflabs.com\/","logo":{"@type":"ImageObject","inLanguage":"en-GB","@id":"https:\/\/thelyflabs.com\/#\/schema\/logo\/image\/","url":"https:\/\/thelyflabs.com\/wp-content\/uploads\/2023\/01\/cropped-LogoTheLYFLabs.png","contentUrl":"https:\/\/thelyflabs.com\/wp-content\/uploads\/2023\/01\/cropped-LogoTheLYFLabs.png","width":600,"height":180,"caption":"The LYF Labs"},"image":{"@id":"https:\/\/thelyflabs.com\/#\/schema\/logo\/image\/"}}]}},"_links":{"self":[{"href":"https:\/\/thelyflabs.com\/en\/wp-json\/wp\/v2\/product\/439","targetHints":{"allow":["GET"]}}],"collection":[{"href":"https:\/\/thelyflabs.com\/en\/wp-json\/wp\/v2\/product"}],"about":[{"href":"https:\/\/thelyflabs.com\/en\/wp-json\/wp\/v2\/types\/product"}],"replies":[{"embeddable":true,"href":"https:\/\/thelyflabs.com\/en\/wp-json\/wp\/v2\/comments?post=439"}],"wp:featuredmedia":[{"embeddable":true,"href":"https:\/\/thelyflabs.com\/en\/wp-json\/wp\/v2\/media\/7892"}],"wp:attachment":[{"href":"https:\/\/thelyflabs.com\/en\/wp-json\/wp\/v2\/media?parent=439"}],"wp:term":[{"taxonomy":"product_brand","embeddable":true,"href":"https:\/\/thelyflabs.com\/en\/wp-json\/wp\/v2\/product_brand?post=439"},{"taxonomy":"product_cat","embeddable":true,"href":"https:\/\/thelyflabs.com\/en\/wp-json\/wp\/v2\/product_cat?post=439"},{"taxonomy":"product_tag","embeddable":true,"href":"https:\/\/thelyflabs.com\/en\/wp-json\/wp\/v2\/product_tag?post=439"}],"curies":[{"name":"wp","href":"https:\/\/api.w.org\/{rel}","templated":true}]}}