{"id":4896,"date":"2024-01-17T17:45:51","date_gmt":"2024-01-17T16:45:51","guid":{"rendered":"https:\/\/thelyflabs.com\/?post_type=product&#038;p=4896"},"modified":"2025-10-22T10:40:55","modified_gmt":"2025-10-22T08:40:55","slug":"pack-pop-corn-20u-x-25g","status":"publish","type":"product","link":"https:\/\/thelyflabs.com\/en\/product\/pack-pop-corn-20u-x-25g","title":{"rendered":"Pop Corn Pack 20u x 25g"},"content":{"rendered":"<h1>Pop Corn Pack 20u x 25g<\/h1>\n<h2 data-start=\"252\" data-end=\"323\">Mini Intense and Natural CBD Buds<\/h2>\n<p data-start=\"325\" data-end=\"624\">At Iguana Smoke, experts in CBD products, we present one of our flagship formats: Popcorn Sour Tsunami CBD 25g. These mini buds, also known as popcorn, combine a potent aroma, high CBD content, and an affordable format perfect for frequent users.<\/p>\n<p data-start=\"626\" data-end=\"787\">Its small size doesn&#039;t affect its quality at all: the buds are dense, well-cured, and carefully selected to offer a complete and legal experience.<\/p>\n<p>Pack Features:<\/p>\n<ul>\n<li>High-Quality CBD: Each bag of popcorn is enriched with premium CBD, carefully selected to offer a unique wellness experience.<\/li>\n<li>20 Bags per Pack: Ideal for wholesalers and distributors looking to meet the growing market demand for CBD products. Offer your customers a delicious and healthy option.<\/li>\n<li>Special Wholesale Pricing: At THE LYF LABS, we&#039;re proud to offer our partners exclusive wholesale pricing. Take advantage of this opportunity to expand your catalog and increase your profit margins.<\/li>\n<li>Attractive Packaging: Each bag features an eye-catching, eye-catching design that will grab customers&#039; attention. Perfect for attractive shelves and displays.<\/li>\n<li>0.3% THC: Our CBD popcorn has 0.3% THC, ensuring a non-psychoactive experience. Consumers can enjoy a delicious snack without worries.<\/li>\n<\/ul>\n<p>Discover the perfect balance between indulgence and well-being with the Wholesale Pack of 20 Bags of CBD Popcorn from Iguana Smoke. Order now and take your CBD experience to new levels of satisfaction.<\/p>","protected":false},"excerpt":{"rendered":"<ul>\n<li>20 Bags of 25 grams of Pop Corn Iguana Smoke<\/li>\n<li>THC &lt; 0.3%<\/li>\n<\/ul>","protected":false},"featured_media":5089,"comment_status":"open","ping_status":"closed","template":"","meta":{"_acf_changed":false,"site-sidebar-layout":"default","site-content-layout":"","ast-site-content-layout":"default","site-content-style":"default","site-sidebar-style":"default","ast-global-header-display":"","ast-banner-title-visibility":"","ast-main-header-display":"","ast-hfb-above-header-display":"","ast-hfb-below-header-display":"","ast-hfb-mobile-header-display":"","site-post-title":"","ast-breadcrumbs-content":"","ast-featured-img":"","footer-sml-layout":"","theme-transparent-header-meta":"default","adv-header-id-meta":"","stick-header-meta":"","header-above-stick-meta":"","header-main-stick-meta":"","header-below-stick-meta":"","astra-migrate-meta-layouts":"set","ast-page-background-enabled":"default","ast-page-background-meta":{"desktop":{"background-color":"var(--ast-global-color-4)","background-image":"","background-repeat":"repeat","background-position":"center center","background-size":"auto","background-attachment":"scroll","background-type":"","background-media":"","overlay-type":"","overlay-color":"","overlay-opacity":"","overlay-gradient":""},"tablet":{"background-color":"","background-image":"","background-repeat":"repeat","background-position":"center center","background-size":"auto","background-attachment":"scroll","background-type":"","background-media":"","overlay-type":"","overlay-color":"","overlay-opacity":"","overlay-gradient":""},"mobile":{"background-color":"","background-image":"","background-repeat":"repeat","background-position":"center center","background-size":"auto","background-attachment":"scroll","background-type":"","background-media":"","overlay-type":"","overlay-color":"","overlay-opacity":"","overlay-gradient":""}},"ast-content-background-meta":{"desktop":{"background-color":"var(--ast-global-color-5)","background-image":"","background-repeat":"repeat","background-position":"center center","background-size":"auto","background-attachment":"scroll","background-type":"","background-media":"","overlay-type":"","overlay-color":"","overlay-opacity":"","overlay-gradient":""},"tablet":{"background-color":"var(--ast-global-color-5)","background-image":"","background-repeat":"repeat","background-position":"center center","background-size":"auto","background-attachment":"scroll","background-type":"","background-media":"","overlay-type":"","overlay-color":"","overlay-opacity":"","overlay-gradient":""},"mobile":{"background-color":"var(--ast-global-color-5)","background-image":"","background-repeat":"repeat","background-position":"center center","background-size":"auto","background-attachment":"scroll","background-type":"","background-media":"","overlay-type":"","overlay-color":"","overlay-opacity":"","overlay-gradient":""}}},"product_brand":[],"product_cat":[24,40,102,110],"product_tag":[],"class_list":{"0":"post-4896","1":"product","2":"type-product","3":"status-publish","4":"has-post-thumbnail","6":"product_cat-flores-de-cbd","7":"product_cat-iguanasmoke","8":"product_cat-packs-y-ofertas","9":"product_cat-pop-corn-mini-buds","10":"desktop-align-center","11":"tablet-align-left","12":"mobile-align-left","14":"first","15":"instock","16":"sale","17":"taxable","18":"shipping-taxable","19":"purchasable","20":"product-type-composite"},"acf":[],"yoast_head":"<!-- This site is optimized with the Yoast SEO plugin v27.4 - https:\/\/yoast.com\/product\/yoast-seo-wordpress\/ -->\n<title>Comprar Pop Corn CBD 25g | Mini Buds Potentes y Legales<\/title>\n<meta name=\"description\" content=\"Mini Cogollos CBD Sour Tsunami 25g en Iguana Smoke. Aroma c\u00edtrico, 15% de CBD, y menos de 0,2% THC. Comprar CBD legal con env\u00edo r\u00e1pido y discreto en Espa\u00f1a.\" \/>\n<meta name=\"robots\" content=\"index, follow, max-snippet:-1, max-image-preview:large, max-video-preview:-1\" \/>\n<link rel=\"canonical\" href=\"https:\/\/thelyflabs.com\/en\/product\/pack-pop-corn-20u-x-25g\/\" \/>\n<meta property=\"og:locale\" content=\"en_GB\" \/>\n<meta property=\"og:type\" content=\"article\" \/>\n<meta property=\"og:title\" content=\"Comprar Pop Corn CBD 25g | Mini Buds Potentes y Legales\" \/>\n<meta property=\"og:description\" content=\"Mini Cogollos CBD Sour Tsunami 25g en Iguana Smoke. Aroma c\u00edtrico, 15% de CBD, y menos de 0,2% THC. Comprar CBD legal con env\u00edo r\u00e1pido y discreto en Espa\u00f1a.\" \/>\n<meta property=\"og:url\" content=\"https:\/\/thelyflabs.com\/en\/product\/pack-pop-corn-20u-x-25g\/\" \/>\n<meta property=\"og:site_name\" content=\"THE LYF LABS\" \/>\n<meta property=\"article:modified_time\" content=\"2025-10-22T08:40:55+00:00\" \/>\n<meta property=\"og:image\" content=\"https:\/\/thelyflabs.com\/wp-content\/uploads\/2024\/01\/Pack-Pop-corn-20x25g.webp\" \/>\n\t<meta property=\"og:image:width\" content=\"500\" \/>\n\t<meta property=\"og:image:height\" content=\"500\" \/>\n\t<meta property=\"og:image:type\" content=\"image\/webp\" \/>\n<meta name=\"twitter:card\" content=\"summary_large_image\" \/>\n<meta name=\"twitter:label1\" content=\"Estimated reading time\" \/>\n\t<meta name=\"twitter:data1\" content=\"2 minutes\" \/>\n<script type=\"application\/ld+json\" class=\"yoast-schema-graph\">{\"@context\":\"https:\\\/\\\/schema.org\",\"@graph\":[{\"@type\":\"WebPage\",\"@id\":\"https:\\\/\\\/thelyflabs.com\\\/product\\\/pack-pop-corn-20u-x-25g\",\"url\":\"https:\\\/\\\/thelyflabs.com\\\/product\\\/pack-pop-corn-20u-x-25g\",\"name\":\"Comprar Pop Corn CBD 25g | Mini Buds Potentes y Legales\",\"isPartOf\":{\"@id\":\"https:\\\/\\\/thelyflabs.com\\\/#website\"},\"primaryImageOfPage\":{\"@id\":\"https:\\\/\\\/thelyflabs.com\\\/product\\\/pack-pop-corn-20u-x-25g#primaryimage\"},\"image\":{\"@id\":\"https:\\\/\\\/thelyflabs.com\\\/product\\\/pack-pop-corn-20u-x-25g#primaryimage\"},\"thumbnailUrl\":\"https:\\\/\\\/thelyflabs.com\\\/wp-content\\\/uploads\\\/2024\\\/01\\\/Pack-Pop-corn-20x25g.webp\",\"datePublished\":\"2024-01-17T16:45:51+00:00\",\"dateModified\":\"2025-10-22T08:40:55+00:00\",\"description\":\"Mini Cogollos CBD Sour Tsunami 25g en Iguana Smoke. Aroma c\u00edtrico, 15% de CBD, y menos de 0,2% THC. Comprar CBD legal con env\u00edo r\u00e1pido y discreto en Espa\u00f1a.\",\"breadcrumb\":{\"@id\":\"https:\\\/\\\/thelyflabs.com\\\/product\\\/pack-pop-corn-20u-x-25g#breadcrumb\"},\"inLanguage\":\"en-GB\",\"potentialAction\":[{\"@type\":\"ReadAction\",\"target\":[\"https:\\\/\\\/thelyflabs.com\\\/product\\\/pack-pop-corn-20u-x-25g\"]}]},{\"@type\":\"ImageObject\",\"inLanguage\":\"en-GB\",\"@id\":\"https:\\\/\\\/thelyflabs.com\\\/product\\\/pack-pop-corn-20u-x-25g#primaryimage\",\"url\":\"https:\\\/\\\/thelyflabs.com\\\/wp-content\\\/uploads\\\/2024\\\/01\\\/Pack-Pop-corn-20x25g.webp\",\"contentUrl\":\"https:\\\/\\\/thelyflabs.com\\\/wp-content\\\/uploads\\\/2024\\\/01\\\/Pack-Pop-corn-20x25g.webp\",\"width\":500,\"height\":500,\"caption\":\"flores cbd al por mayor\"},{\"@type\":\"BreadcrumbList\",\"@id\":\"https:\\\/\\\/thelyflabs.com\\\/product\\\/pack-pop-corn-20u-x-25g#breadcrumb\",\"itemListElement\":[{\"@type\":\"ListItem\",\"position\":1,\"name\":\"Portada\",\"item\":\"https:\\\/\\\/thelyflabs.com\\\/\"},{\"@type\":\"ListItem\",\"position\":2,\"name\":\"Tienda\",\"item\":\"https:\\\/\\\/thelyflabs.com\\\/tienda\"},{\"@type\":\"ListItem\",\"position\":3,\"name\":\"Pack Pop Corn 20u x 25g\"}]},{\"@type\":\"WebSite\",\"@id\":\"https:\\\/\\\/thelyflabs.com\\\/#website\",\"url\":\"https:\\\/\\\/thelyflabs.com\\\/\",\"name\":\"The LYF Labs\",\"description\":\"CBD al por mayor\",\"publisher\":{\"@id\":\"https:\\\/\\\/thelyflabs.com\\\/#organization\"},\"potentialAction\":[{\"@type\":\"SearchAction\",\"target\":{\"@type\":\"EntryPoint\",\"urlTemplate\":\"https:\\\/\\\/thelyflabs.com\\\/?s={search_term_string}\"},\"query-input\":{\"@type\":\"PropertyValueSpecification\",\"valueRequired\":true,\"valueName\":\"search_term_string\"}}],\"inLanguage\":\"en-GB\"},{\"@type\":\"Organization\",\"@id\":\"https:\\\/\\\/thelyflabs.com\\\/#organization\",\"name\":\"The LYF Labs\",\"url\":\"https:\\\/\\\/thelyflabs.com\\\/\",\"logo\":{\"@type\":\"ImageObject\",\"inLanguage\":\"en-GB\",\"@id\":\"https:\\\/\\\/thelyflabs.com\\\/#\\\/schema\\\/logo\\\/image\\\/\",\"url\":\"https:\\\/\\\/thelyflabs.com\\\/wp-content\\\/uploads\\\/2023\\\/01\\\/cropped-LogoTheLYFLabs.png\",\"contentUrl\":\"https:\\\/\\\/thelyflabs.com\\\/wp-content\\\/uploads\\\/2023\\\/01\\\/cropped-LogoTheLYFLabs.png\",\"width\":600,\"height\":180,\"caption\":\"The LYF Labs\"},\"image\":{\"@id\":\"https:\\\/\\\/thelyflabs.com\\\/#\\\/schema\\\/logo\\\/image\\\/\"}}]}<\/script>\n<!-- \/ Yoast SEO plugin. -->","yoast_head_json":{"title":"Buy CBD Popcorn 25g | Potent and Legal Mini Buds","description":"Sour Tsunami Mini CBD Buds 25g in Iguana Smoke. Citrus aroma, 15% CBD, and less than 0.2% THC. Buy legal CBD with fast and discreet shipping in Spain.","robots":{"index":"index","follow":"follow","max-snippet":"max-snippet:-1","max-image-preview":"max-image-preview:large","max-video-preview":"max-video-preview:-1"},"canonical":"https:\/\/thelyflabs.com\/en\/product\/pack-pop-corn-20u-x-25g\/","og_locale":"en_GB","og_type":"article","og_title":"Comprar Pop Corn CBD 25g | Mini Buds Potentes y Legales","og_description":"Mini Cogollos CBD Sour Tsunami 25g en Iguana Smoke. Aroma c\u00edtrico, 15% de CBD, y menos de 0,2% THC. Comprar CBD legal con env\u00edo r\u00e1pido y discreto en Espa\u00f1a.","og_url":"https:\/\/thelyflabs.com\/en\/product\/pack-pop-corn-20u-x-25g\/","og_site_name":"THE LYF LABS","article_modified_time":"2025-10-22T08:40:55+00:00","og_image":[{"width":500,"height":500,"url":"https:\/\/thelyflabs.com\/wp-content\/uploads\/2024\/01\/Pack-Pop-corn-20x25g.webp","type":"image\/webp"}],"twitter_card":"summary_large_image","twitter_misc":{"Estimated reading time":"2 minutes"},"schema":{"@context":"https:\/\/schema.org","@graph":[{"@type":"WebPage","@id":"https:\/\/thelyflabs.com\/product\/pack-pop-corn-20u-x-25g","url":"https:\/\/thelyflabs.com\/product\/pack-pop-corn-20u-x-25g","name":"Buy CBD Popcorn 25g | Potent and Legal Mini Buds","isPartOf":{"@id":"https:\/\/thelyflabs.com\/#website"},"primaryImageOfPage":{"@id":"https:\/\/thelyflabs.com\/product\/pack-pop-corn-20u-x-25g#primaryimage"},"image":{"@id":"https:\/\/thelyflabs.com\/product\/pack-pop-corn-20u-x-25g#primaryimage"},"thumbnailUrl":"https:\/\/thelyflabs.com\/wp-content\/uploads\/2024\/01\/Pack-Pop-corn-20x25g.webp","datePublished":"2024-01-17T16:45:51+00:00","dateModified":"2025-10-22T08:40:55+00:00","description":"Sour Tsunami Mini CBD Buds 25g in Iguana Smoke. Citrus aroma, 15% CBD, and less than 0.2% THC. Buy legal CBD with fast and discreet shipping in Spain.","breadcrumb":{"@id":"https:\/\/thelyflabs.com\/product\/pack-pop-corn-20u-x-25g#breadcrumb"},"inLanguage":"en-GB","potentialAction":[{"@type":"ReadAction","target":["https:\/\/thelyflabs.com\/product\/pack-pop-corn-20u-x-25g"]}]},{"@type":"ImageObject","inLanguage":"en-GB","@id":"https:\/\/thelyflabs.com\/product\/pack-pop-corn-20u-x-25g#primaryimage","url":"https:\/\/thelyflabs.com\/wp-content\/uploads\/2024\/01\/Pack-Pop-corn-20x25g.webp","contentUrl":"https:\/\/thelyflabs.com\/wp-content\/uploads\/2024\/01\/Pack-Pop-corn-20x25g.webp","width":500,"height":500,"caption":"flores cbd al por mayor"},{"@type":"BreadcrumbList","@id":"https:\/\/thelyflabs.com\/product\/pack-pop-corn-20u-x-25g#breadcrumb","itemListElement":[{"@type":"ListItem","position":1,"name":"Portada","item":"https:\/\/thelyflabs.com\/"},{"@type":"ListItem","position":2,"name":"Tienda","item":"https:\/\/thelyflabs.com\/tienda"},{"@type":"ListItem","position":3,"name":"Pack Pop Corn 20u x 25g"}]},{"@type":"WebSite","@id":"https:\/\/thelyflabs.com\/#website","url":"https:\/\/thelyflabs.com\/","name":"The LYF Labs","description":"CBD wholesale","publisher":{"@id":"https:\/\/thelyflabs.com\/#organization"},"potentialAction":[{"@type":"SearchAction","target":{"@type":"EntryPoint","urlTemplate":"https:\/\/thelyflabs.com\/?s={search_term_string}"},"query-input":{"@type":"PropertyValueSpecification","valueRequired":true,"valueName":"search_term_string"}}],"inLanguage":"en-GB"},{"@type":"Organization","@id":"https:\/\/thelyflabs.com\/#organization","name":"The LYF Labs","url":"https:\/\/thelyflabs.com\/","logo":{"@type":"ImageObject","inLanguage":"en-GB","@id":"https:\/\/thelyflabs.com\/#\/schema\/logo\/image\/","url":"https:\/\/thelyflabs.com\/wp-content\/uploads\/2023\/01\/cropped-LogoTheLYFLabs.png","contentUrl":"https:\/\/thelyflabs.com\/wp-content\/uploads\/2023\/01\/cropped-LogoTheLYFLabs.png","width":600,"height":180,"caption":"The LYF Labs"},"image":{"@id":"https:\/\/thelyflabs.com\/#\/schema\/logo\/image\/"}}]}},"_links":{"self":[{"href":"https:\/\/thelyflabs.com\/en\/wp-json\/wp\/v2\/product\/4896","targetHints":{"allow":["GET"]}}],"collection":[{"href":"https:\/\/thelyflabs.com\/en\/wp-json\/wp\/v2\/product"}],"about":[{"href":"https:\/\/thelyflabs.com\/en\/wp-json\/wp\/v2\/types\/product"}],"replies":[{"embeddable":true,"href":"https:\/\/thelyflabs.com\/en\/wp-json\/wp\/v2\/comments?post=4896"}],"wp:featuredmedia":[{"embeddable":true,"href":"https:\/\/thelyflabs.com\/en\/wp-json\/wp\/v2\/media\/5089"}],"wp:attachment":[{"href":"https:\/\/thelyflabs.com\/en\/wp-json\/wp\/v2\/media?parent=4896"}],"wp:term":[{"taxonomy":"product_brand","embeddable":true,"href":"https:\/\/thelyflabs.com\/en\/wp-json\/wp\/v2\/product_brand?post=4896"},{"taxonomy":"product_cat","embeddable":true,"href":"https:\/\/thelyflabs.com\/en\/wp-json\/wp\/v2\/product_cat?post=4896"},{"taxonomy":"product_tag","embeddable":true,"href":"https:\/\/thelyflabs.com\/en\/wp-json\/wp\/v2\/product_tag?post=4896"}],"curies":[{"name":"wp","href":"https:\/\/api.w.org\/{rel}","templated":true}]}}