{"id":7787,"date":"2024-07-31T07:41:34","date_gmt":"2024-07-31T05:41:34","guid":{"rendered":"https:\/\/thelyflabs.com\/?post_type=product&#038;p=7787"},"modified":"2024-07-31T14:51:21","modified_gmt":"2024-07-31T12:51:21","slug":"semillas-de-canamo-peladas-con-chocolate-negro-lyf-250g","status":"publish","type":"product","link":"https:\/\/thelyflabs.com\/en\/product\/semillas-de-canamo-peladas-con-chocolate-negro-lyf-250g","title":{"rendered":"LYF Dark Chocolate Peeled Hemp Seeds (250g)"},"content":{"rendered":"<h3>LYF Dark Chocolate Peeled Hemp Seeds \u2013 (250g)<\/h3>\n<p>Enjoy the delicious and nutritious taste of LYF&#039;s dark chocolate peeled hemp seeds! These organically grown seeds are an exceptional source of nutrients and flavour.<\/p>\n<p><strong>Featured Benefits:<\/strong><\/p>\n<ul>\n<li><strong>Organic Farming:<\/strong> Our seeds come from sustainable crops, guaranteeing the highest quality and respect for the environment.<\/li>\n<li><strong>Rich in Omega 3 and 6:<\/strong> Keep your heart healthy and balance your diet with these essential fatty acids, known for their beneficial cardiovascular and anti-inflammatory properties.<\/li>\n<li><strong>High Protein Content:<\/strong> Perfect for athletes and active people, these seeds are an excellent source of vegetable proteins, ideal for strengthening muscles and tissues.<\/li>\n<\/ul>\n<p><strong>With Dark Chocolate:<\/strong> A delicious option for chocolate lovers, our hemp seeds combine exquisite flavor with all the nutritional benefits. They are perfect to add to your smoothies, desserts, cereals, or simply enjoy as a healthy snack.<\/p>\n<p><strong>Presentation:<\/strong> 250g bag, designed to maintain the freshness and quality of the product, easy to carry and store.<\/p>\n<p>In <strong>THE LYF LABS<\/strong>, we are proud to offer products that are not only delicious, but also beneficial for your health. Add LYF&#039;s peeled hemp seeds with dark chocolate to your daily diet and feel the difference in your well-being.<\/p>","protected":false},"excerpt":{"rendered":"<h3>\u00a0Boost your health with LYF&#039;s peeled hemp seeds! Organically grown, these seeds are rich in omega 3 and 6 and have a high protein content.<\/h3>\n<p><strong>Benefits:<\/strong><\/p>\n<ul>\n<li>Organic farming<\/li>\n<li>Rich in omega 3 and 6<\/li>\n<li>High protein content<\/li>\n<li>With dark chocolate curls<\/li>\n<\/ul>\n<p><strong>Uses:<\/strong><\/p>\n<ul>\n<li>Add to smoothies<\/li>\n<li>Salads<\/li>\n<li>Yogurts<\/li>\n<li>Snacks<\/li>\n<\/ul>","protected":false},"featured_media":7792,"comment_status":"open","ping_status":"closed","template":"","meta":{"_acf_changed":false,"site-sidebar-layout":"default","site-content-layout":"","ast-site-content-layout":"default","site-content-style":"default","site-sidebar-style":"default","ast-global-header-display":"","ast-banner-title-visibility":"","ast-main-header-display":"","ast-hfb-above-header-display":"","ast-hfb-below-header-display":"","ast-hfb-mobile-header-display":"","site-post-title":"","ast-breadcrumbs-content":"","ast-featured-img":"","footer-sml-layout":"","theme-transparent-header-meta":"default","adv-header-id-meta":"","stick-header-meta":"","header-above-stick-meta":"","header-main-stick-meta":"","header-below-stick-meta":"","astra-migrate-meta-layouts":"set","ast-page-background-enabled":"default","ast-page-background-meta":{"desktop":{"background-color":"var(--ast-global-color-4)","background-image":"","background-repeat":"repeat","background-position":"center center","background-size":"auto","background-attachment":"scroll","background-type":"","background-media":"","overlay-type":"","overlay-color":"","overlay-opacity":"","overlay-gradient":""},"tablet":{"background-color":"","background-image":"","background-repeat":"repeat","background-position":"center center","background-size":"auto","background-attachment":"scroll","background-type":"","background-media":"","overlay-type":"","overlay-color":"","overlay-opacity":"","overlay-gradient":""},"mobile":{"background-color":"","background-image":"","background-repeat":"repeat","background-position":"center center","background-size":"auto","background-attachment":"scroll","background-type":"","background-media":"","overlay-type":"","overlay-color":"","overlay-opacity":"","overlay-gradient":""}},"ast-content-background-meta":{"desktop":{"background-color":"var(--ast-global-color-5)","background-image":"","background-repeat":"repeat","background-position":"center center","background-size":"auto","background-attachment":"scroll","background-type":"","background-media":"","overlay-type":"","overlay-color":"","overlay-opacity":"","overlay-gradient":""},"tablet":{"background-color":"var(--ast-global-color-5)","background-image":"","background-repeat":"repeat","background-position":"center center","background-size":"auto","background-attachment":"scroll","background-type":"","background-media":"","overlay-type":"","overlay-color":"","overlay-opacity":"","overlay-gradient":""},"mobile":{"background-color":"var(--ast-global-color-5)","background-image":"","background-repeat":"repeat","background-position":"center center","background-size":"auto","background-attachment":"scroll","background-type":"","background-media":"","overlay-type":"","overlay-color":"","overlay-opacity":"","overlay-gradient":""}}},"product_brand":[],"product_cat":[124,44,108],"product_tag":[],"class_list":{"0":"post-7787","1":"product","2":"type-product","3":"status-publish","4":"has-post-thumbnail","6":"product_cat-alimentacion","7":"product_cat-lyf","8":"product_cat-novedades","9":"desktop-align-center","10":"tablet-align-left","11":"mobile-align-left","13":"first","14":"instock","15":"taxable","16":"shipping-taxable","17":"purchasable","18":"product-type-simple"},"acf":[],"yoast_head":"<!-- This site is optimized with the Yoast SEO plugin v27.4 - https:\/\/yoast.com\/product\/yoast-seo-wordpress\/ -->\n<title>Semillas de C\u00e1\u00f1amo Peladas con Chocolate Negro LYF (250g) - THE LYF LABS<\/title>\n<meta name=\"description\" content=\"Semillas de Ca\u00f1amo en un formato listo para consumir. Manten tu salud con este snack natural. Env\u00edo gratuito en Espa\u00f1a y Portugal a partir de 100\u20ac.\" \/>\n<meta name=\"robots\" content=\"index, follow, max-snippet:-1, max-image-preview:large, max-video-preview:-1\" \/>\n<link rel=\"canonical\" href=\"https:\/\/thelyflabs.com\/en\/product\/semillas-de-canamo-peladas-con-chocolate-negro-lyf-250g\/\" \/>\n<meta property=\"og:locale\" content=\"en_GB\" \/>\n<meta property=\"og:type\" content=\"article\" \/>\n<meta property=\"og:title\" content=\"Semillas de C\u00e1\u00f1amo Peladas con Chocolate Negro LYF (250g) - THE LYF LABS\" \/>\n<meta property=\"og:description\" content=\"Semillas de Ca\u00f1amo en un formato listo para consumir. Manten tu salud con este snack natural. Env\u00edo gratuito en Espa\u00f1a y Portugal a partir de 100\u20ac.\" \/>\n<meta property=\"og:url\" content=\"https:\/\/thelyflabs.com\/en\/product\/semillas-de-canamo-peladas-con-chocolate-negro-lyf-250g\/\" \/>\n<meta property=\"og:site_name\" content=\"THE LYF LABS\" \/>\n<meta property=\"article:modified_time\" content=\"2024-07-31T12:51:21+00:00\" \/>\n<meta property=\"og:image\" content=\"https:\/\/thelyflabs.com\/wp-content\/uploads\/2024\/07\/Bolsas-doble-Choco.-frontal.webp\" \/>\n\t<meta property=\"og:image:width\" content=\"1000\" \/>\n\t<meta property=\"og:image:height\" content=\"1000\" \/>\n\t<meta property=\"og:image:type\" content=\"image\/webp\" \/>\n<meta name=\"twitter:card\" content=\"summary_large_image\" \/>\n<meta name=\"twitter:label1\" content=\"Estimated reading time\" \/>\n\t<meta name=\"twitter:data1\" content=\"3 minutes\" \/>\n<script type=\"application\/ld+json\" class=\"yoast-schema-graph\">{\"@context\":\"https:\\\/\\\/schema.org\",\"@graph\":[{\"@type\":\"WebPage\",\"@id\":\"https:\\\/\\\/thelyflabs.com\\\/product\\\/semillas-de-canamo-peladas-con-chocolate-negro-lyf-250g\",\"url\":\"https:\\\/\\\/thelyflabs.com\\\/product\\\/semillas-de-canamo-peladas-con-chocolate-negro-lyf-250g\",\"name\":\"Semillas de C\u00e1\u00f1amo Peladas con Chocolate Negro LYF (250g) - THE LYF LABS\",\"isPartOf\":{\"@id\":\"https:\\\/\\\/thelyflabs.com\\\/#website\"},\"primaryImageOfPage\":{\"@id\":\"https:\\\/\\\/thelyflabs.com\\\/product\\\/semillas-de-canamo-peladas-con-chocolate-negro-lyf-250g#primaryimage\"},\"image\":{\"@id\":\"https:\\\/\\\/thelyflabs.com\\\/product\\\/semillas-de-canamo-peladas-con-chocolate-negro-lyf-250g#primaryimage\"},\"thumbnailUrl\":\"https:\\\/\\\/thelyflabs.com\\\/wp-content\\\/uploads\\\/2024\\\/07\\\/Bolsas-doble-Choco.-frontal.webp\",\"datePublished\":\"2024-07-31T05:41:34+00:00\",\"dateModified\":\"2024-07-31T12:51:21+00:00\",\"description\":\"Semillas de Ca\u00f1amo en un formato listo para consumir. Manten tu salud con este snack natural. Env\u00edo gratuito en Espa\u00f1a y Portugal a partir de 100\u20ac.\",\"breadcrumb\":{\"@id\":\"https:\\\/\\\/thelyflabs.com\\\/product\\\/semillas-de-canamo-peladas-con-chocolate-negro-lyf-250g#breadcrumb\"},\"inLanguage\":\"en-GB\",\"potentialAction\":[{\"@type\":\"ReadAction\",\"target\":[\"https:\\\/\\\/thelyflabs.com\\\/product\\\/semillas-de-canamo-peladas-con-chocolate-negro-lyf-250g\"]}]},{\"@type\":\"ImageObject\",\"inLanguage\":\"en-GB\",\"@id\":\"https:\\\/\\\/thelyflabs.com\\\/product\\\/semillas-de-canamo-peladas-con-chocolate-negro-lyf-250g#primaryimage\",\"url\":\"https:\\\/\\\/thelyflabs.com\\\/wp-content\\\/uploads\\\/2024\\\/07\\\/Bolsas-doble-Choco.-frontal.webp\",\"contentUrl\":\"https:\\\/\\\/thelyflabs.com\\\/wp-content\\\/uploads\\\/2024\\\/07\\\/Bolsas-doble-Choco.-frontal.webp\",\"width\":1000,\"height\":1000},{\"@type\":\"BreadcrumbList\",\"@id\":\"https:\\\/\\\/thelyflabs.com\\\/product\\\/semillas-de-canamo-peladas-con-chocolate-negro-lyf-250g#breadcrumb\",\"itemListElement\":[{\"@type\":\"ListItem\",\"position\":1,\"name\":\"Portada\",\"item\":\"https:\\\/\\\/thelyflabs.com\\\/\"},{\"@type\":\"ListItem\",\"position\":2,\"name\":\"Tienda\",\"item\":\"https:\\\/\\\/thelyflabs.com\\\/tienda\"},{\"@type\":\"ListItem\",\"position\":3,\"name\":\"Semillas de C\u00e1\u00f1amo Peladas con Chocolate Negro LYF (250g)\"}]},{\"@type\":\"WebSite\",\"@id\":\"https:\\\/\\\/thelyflabs.com\\\/#website\",\"url\":\"https:\\\/\\\/thelyflabs.com\\\/\",\"name\":\"The LYF Labs\",\"description\":\"CBD al por mayor\",\"publisher\":{\"@id\":\"https:\\\/\\\/thelyflabs.com\\\/#organization\"},\"potentialAction\":[{\"@type\":\"SearchAction\",\"target\":{\"@type\":\"EntryPoint\",\"urlTemplate\":\"https:\\\/\\\/thelyflabs.com\\\/?s={search_term_string}\"},\"query-input\":{\"@type\":\"PropertyValueSpecification\",\"valueRequired\":true,\"valueName\":\"search_term_string\"}}],\"inLanguage\":\"en-GB\"},{\"@type\":\"Organization\",\"@id\":\"https:\\\/\\\/thelyflabs.com\\\/#organization\",\"name\":\"The LYF Labs\",\"url\":\"https:\\\/\\\/thelyflabs.com\\\/\",\"logo\":{\"@type\":\"ImageObject\",\"inLanguage\":\"en-GB\",\"@id\":\"https:\\\/\\\/thelyflabs.com\\\/#\\\/schema\\\/logo\\\/image\\\/\",\"url\":\"https:\\\/\\\/thelyflabs.com\\\/wp-content\\\/uploads\\\/2023\\\/01\\\/cropped-LogoTheLYFLabs.png\",\"contentUrl\":\"https:\\\/\\\/thelyflabs.com\\\/wp-content\\\/uploads\\\/2023\\\/01\\\/cropped-LogoTheLYFLabs.png\",\"width\":600,\"height\":180,\"caption\":\"The LYF Labs\"},\"image\":{\"@id\":\"https:\\\/\\\/thelyflabs.com\\\/#\\\/schema\\\/logo\\\/image\\\/\"}}]}<\/script>\n<!-- \/ Yoast SEO plugin. -->","yoast_head_json":{"title":"Semillas de C\u00e1\u00f1amo Peladas con Chocolate Negro LYF (250g) - THE LYF LABS","description":"Hemp seeds in a ready-to-eat format. Maintain your health with this natural snack. Free shipping in Spain and Portugal on orders over \u20ac100.","robots":{"index":"index","follow":"follow","max-snippet":"max-snippet:-1","max-image-preview":"max-image-preview:large","max-video-preview":"max-video-preview:-1"},"canonical":"https:\/\/thelyflabs.com\/en\/product\/semillas-de-canamo-peladas-con-chocolate-negro-lyf-250g\/","og_locale":"en_GB","og_type":"article","og_title":"Semillas de C\u00e1\u00f1amo Peladas con Chocolate Negro LYF (250g) - THE LYF LABS","og_description":"Semillas de Ca\u00f1amo en un formato listo para consumir. Manten tu salud con este snack natural. Env\u00edo gratuito en Espa\u00f1a y Portugal a partir de 100\u20ac.","og_url":"https:\/\/thelyflabs.com\/en\/product\/semillas-de-canamo-peladas-con-chocolate-negro-lyf-250g\/","og_site_name":"THE LYF LABS","article_modified_time":"2024-07-31T12:51:21+00:00","og_image":[{"width":1000,"height":1000,"url":"https:\/\/thelyflabs.com\/wp-content\/uploads\/2024\/07\/Bolsas-doble-Choco.-frontal.webp","type":"image\/webp"}],"twitter_card":"summary_large_image","twitter_misc":{"Estimated reading time":"3 minutes"},"schema":{"@context":"https:\/\/schema.org","@graph":[{"@type":"WebPage","@id":"https:\/\/thelyflabs.com\/product\/semillas-de-canamo-peladas-con-chocolate-negro-lyf-250g","url":"https:\/\/thelyflabs.com\/product\/semillas-de-canamo-peladas-con-chocolate-negro-lyf-250g","name":"Semillas de C\u00e1\u00f1amo Peladas con Chocolate Negro LYF (250g) - THE LYF LABS","isPartOf":{"@id":"https:\/\/thelyflabs.com\/#website"},"primaryImageOfPage":{"@id":"https:\/\/thelyflabs.com\/product\/semillas-de-canamo-peladas-con-chocolate-negro-lyf-250g#primaryimage"},"image":{"@id":"https:\/\/thelyflabs.com\/product\/semillas-de-canamo-peladas-con-chocolate-negro-lyf-250g#primaryimage"},"thumbnailUrl":"https:\/\/thelyflabs.com\/wp-content\/uploads\/2024\/07\/Bolsas-doble-Choco.-frontal.webp","datePublished":"2024-07-31T05:41:34+00:00","dateModified":"2024-07-31T12:51:21+00:00","description":"Hemp seeds in a ready-to-eat format. Maintain your health with this natural snack. Free shipping in Spain and Portugal on orders over \u20ac100.","breadcrumb":{"@id":"https:\/\/thelyflabs.com\/product\/semillas-de-canamo-peladas-con-chocolate-negro-lyf-250g#breadcrumb"},"inLanguage":"en-GB","potentialAction":[{"@type":"ReadAction","target":["https:\/\/thelyflabs.com\/product\/semillas-de-canamo-peladas-con-chocolate-negro-lyf-250g"]}]},{"@type":"ImageObject","inLanguage":"en-GB","@id":"https:\/\/thelyflabs.com\/product\/semillas-de-canamo-peladas-con-chocolate-negro-lyf-250g#primaryimage","url":"https:\/\/thelyflabs.com\/wp-content\/uploads\/2024\/07\/Bolsas-doble-Choco.-frontal.webp","contentUrl":"https:\/\/thelyflabs.com\/wp-content\/uploads\/2024\/07\/Bolsas-doble-Choco.-frontal.webp","width":1000,"height":1000},{"@type":"BreadcrumbList","@id":"https:\/\/thelyflabs.com\/product\/semillas-de-canamo-peladas-con-chocolate-negro-lyf-250g#breadcrumb","itemListElement":[{"@type":"ListItem","position":1,"name":"Portada","item":"https:\/\/thelyflabs.com\/"},{"@type":"ListItem","position":2,"name":"Tienda","item":"https:\/\/thelyflabs.com\/tienda"},{"@type":"ListItem","position":3,"name":"Semillas de C\u00e1\u00f1amo Peladas con Chocolate Negro LYF (250g)"}]},{"@type":"WebSite","@id":"https:\/\/thelyflabs.com\/#website","url":"https:\/\/thelyflabs.com\/","name":"The LYF Labs","description":"CBD wholesale","publisher":{"@id":"https:\/\/thelyflabs.com\/#organization"},"potentialAction":[{"@type":"SearchAction","target":{"@type":"EntryPoint","urlTemplate":"https:\/\/thelyflabs.com\/?s={search_term_string}"},"query-input":{"@type":"PropertyValueSpecification","valueRequired":true,"valueName":"search_term_string"}}],"inLanguage":"en-GB"},{"@type":"Organization","@id":"https:\/\/thelyflabs.com\/#organization","name":"The LYF Labs","url":"https:\/\/thelyflabs.com\/","logo":{"@type":"ImageObject","inLanguage":"en-GB","@id":"https:\/\/thelyflabs.com\/#\/schema\/logo\/image\/","url":"https:\/\/thelyflabs.com\/wp-content\/uploads\/2023\/01\/cropped-LogoTheLYFLabs.png","contentUrl":"https:\/\/thelyflabs.com\/wp-content\/uploads\/2023\/01\/cropped-LogoTheLYFLabs.png","width":600,"height":180,"caption":"The LYF Labs"},"image":{"@id":"https:\/\/thelyflabs.com\/#\/schema\/logo\/image\/"}}]}},"_links":{"self":[{"href":"https:\/\/thelyflabs.com\/en\/wp-json\/wp\/v2\/product\/7787","targetHints":{"allow":["GET"]}}],"collection":[{"href":"https:\/\/thelyflabs.com\/en\/wp-json\/wp\/v2\/product"}],"about":[{"href":"https:\/\/thelyflabs.com\/en\/wp-json\/wp\/v2\/types\/product"}],"replies":[{"embeddable":true,"href":"https:\/\/thelyflabs.com\/en\/wp-json\/wp\/v2\/comments?post=7787"}],"wp:featuredmedia":[{"embeddable":true,"href":"https:\/\/thelyflabs.com\/en\/wp-json\/wp\/v2\/media\/7792"}],"wp:attachment":[{"href":"https:\/\/thelyflabs.com\/en\/wp-json\/wp\/v2\/media?parent=7787"}],"wp:term":[{"taxonomy":"product_brand","embeddable":true,"href":"https:\/\/thelyflabs.com\/en\/wp-json\/wp\/v2\/product_brand?post=7787"},{"taxonomy":"product_cat","embeddable":true,"href":"https:\/\/thelyflabs.com\/en\/wp-json\/wp\/v2\/product_cat?post=7787"},{"taxonomy":"product_tag","embeddable":true,"href":"https:\/\/thelyflabs.com\/en\/wp-json\/wp\/v2\/product_tag?post=7787"}],"curies":[{"name":"wp","href":"https:\/\/api.w.org\/{rel}","templated":true}]}}