{"id":8827,"date":"2024-11-07T12:41:58","date_gmt":"2024-11-07T11:41:58","guid":{"rendered":"https:\/\/thelyflabs.com\/?post_type=product&#038;p=8827"},"modified":"2025-09-15T17:24:40","modified_gmt":"2025-09-15T15:24:40","slug":"extracto-organico-de-cordyceps","status":"publish","type":"product","link":"https:\/\/thelyflabs.com\/en\/product\/extracto-organico-de-cordyceps","title":{"rendered":"Organic Cordyceps Extract"},"content":{"rendered":"<h3>Cordyceps Sinensis Extract: Energizing and Natural Supplement<\/h3>\n<p>He <strong>Cordyceps Sinensis Extract<\/strong> Cordyceps is a pure, concentrated, alcohol-free dietary supplement designed to naturally enhance your vitality. With a powerful formula in an easily absorbed liquid format, this extract maximizes the benefits of Cordyceps.<\/p>\n<h3>Discovering Cordyceps<\/h3>\n<p>He <strong>Cordyceps<\/strong> Cordyceps is a fascinating genus of fungi that includes around 400 species. Known for its parasitic ability, this fungus grows on insects such as caterpillars, earning it the name \u201ccaterpillar fungus.\u201d Cordyceps thrive in tropical, humid climates, especially in mountainous regions of Nepal, Tibet, Japan, Korea, Vietnam, and China.<\/p>\n<p>For centuries, Cordyceps has been used in traditional Chinese and Tibetan medicine for its energizing and medicinal properties. It is believed to improve energy and stamina, increase libido, boost the immune system, and combat fatigue. Additionally, it has been used as a treatment for respiratory conditions such as bronchitis, as well as kidney, liver, and cholesterol problems. Studies also suggest that Cordyceps may also help to reduce the symptoms of heartburn. <strong>Cordyceps extract<\/strong> may have antitumor properties.<\/p>\n<h3>Benefits of Cordyceps Extract<\/h3>\n<ol>\n<li><strong>Fight against cancer<\/strong>: Studies conducted at the Hong Kong Polytechnic University showed that the <strong>Cordyceps Sinensis mycelium extract<\/strong> It may inhibit the growth of cancer cells, reducing tumor mass by 60% in certain types of cancer, such as melanoma.<\/li>\n<li><strong>Kidney protection<\/strong>: Cordyceps Sinensis has shown promising results in protecting the kidneys, helping to reduce serum creatinine levels in people with chronic kidney disease, thereby improving kidney function.<\/li>\n<li><strong>Increased energy and endurance<\/strong>: Cordyceps gained notoriety at the 1993 Olympics, when Chinese athletes consuming this mushroom broke several records. Later studies showed that the <strong>Cordyceps extract<\/strong> increases energy levels, improves endurance and fights fatigue.<\/li>\n<li><strong>Immune support<\/strong>: Thanks to its ability to modulate the immune system, Cordyceps can help strengthen the body&#039;s defenses, improving its ability to fight infections and diseases.<\/li>\n<\/ol>\n<h3>Wonders of Cordyceps Extract<\/h3>\n<p>He <strong>Cordyceps extract<\/strong> It is a natural option for those looking to increase their energy, endurance and overall well-being. In addition to its energy benefits, this extract can be a valuable ally in the treatment of chronic diseases and the improvement of kidney and cardiovascular health.<\/p>","protected":false},"excerpt":{"rendered":"<h4>Features of Cordyceps Extract:<\/h4>\n<ul>\n<li>50 ml glass spray bottle.<\/li>\n<li>Powerful dual extract 15:1.<\/li>\n<li>Each bottle contains the equivalent of 150 g of raw, dried Cordyceps Sinensis.<\/li>\n<li>1 bottle = 33 daily doses.<\/li>\n<li>Recommended dosage: 5 sprays under the tongue daily.<\/li>\n<\/ul>","protected":false},"featured_media":8828,"comment_status":"open","ping_status":"closed","template":"","meta":{"_acf_changed":false,"site-sidebar-layout":"default","site-content-layout":"","ast-site-content-layout":"default","site-content-style":"default","site-sidebar-style":"default","ast-global-header-display":"","ast-banner-title-visibility":"","ast-main-header-display":"","ast-hfb-above-header-display":"","ast-hfb-below-header-display":"","ast-hfb-mobile-header-display":"","site-post-title":"","ast-breadcrumbs-content":"","ast-featured-img":"","footer-sml-layout":"","theme-transparent-header-meta":"default","adv-header-id-meta":"","stick-header-meta":"","header-above-stick-meta":"","header-main-stick-meta":"","header-below-stick-meta":"","astra-migrate-meta-layouts":"set","ast-page-background-enabled":"default","ast-page-background-meta":{"desktop":{"background-color":"var(--ast-global-color-4)","background-image":"","background-repeat":"repeat","background-position":"center center","background-size":"auto","background-attachment":"scroll","background-type":"","background-media":"","overlay-type":"","overlay-color":"","overlay-opacity":"","overlay-gradient":""},"tablet":{"background-color":"","background-image":"","background-repeat":"repeat","background-position":"center center","background-size":"auto","background-attachment":"scroll","background-type":"","background-media":"","overlay-type":"","overlay-color":"","overlay-opacity":"","overlay-gradient":""},"mobile":{"background-color":"","background-image":"","background-repeat":"repeat","background-position":"center center","background-size":"auto","background-attachment":"scroll","background-type":"","background-media":"","overlay-type":"","overlay-color":"","overlay-opacity":"","overlay-gradient":""}},"ast-content-background-meta":{"desktop":{"background-color":"var(--ast-global-color-5)","background-image":"","background-repeat":"repeat","background-position":"center center","background-size":"auto","background-attachment":"scroll","background-type":"","background-media":"","overlay-type":"","overlay-color":"","overlay-opacity":"","overlay-gradient":""},"tablet":{"background-color":"var(--ast-global-color-5)","background-image":"","background-repeat":"repeat","background-position":"center center","background-size":"auto","background-attachment":"scroll","background-type":"","background-media":"","overlay-type":"","overlay-color":"","overlay-opacity":"","overlay-gradient":""},"mobile":{"background-color":"var(--ast-global-color-5)","background-image":"","background-repeat":"repeat","background-position":"center center","background-size":"auto","background-attachment":"scroll","background-type":"","background-media":"","overlay-type":"","overlay-color":"","overlay-opacity":"","overlay-gradient":""}}},"product_brand":[],"product_cat":[127],"product_tag":[],"class_list":{"0":"post-8827","1":"product","2":"type-product","3":"status-publish","4":"has-post-thumbnail","6":"product_cat-setas-funcionales","7":"desktop-align-center","8":"tablet-align-left","9":"mobile-align-left","11":"first","12":"outofstock","13":"taxable","14":"shipping-taxable","15":"purchasable","16":"product-type-simple"},"acf":[],"yoast_head":"<!-- This site is optimized with the Yoast SEO plugin v27.4 - https:\/\/yoast.com\/product\/yoast-seo-wordpress\/ -->\n<title>Extracto Org\u00e1nico de Cordyceps - THE LYF LABS<\/title>\n<meta name=\"description\" content=\"Compra extracto de Cordyceps org\u00e1nico de alta calidad en The LYF Labs. Suplemento natural para aumentar energ\u00eda, mejorar la resistencia y fortalecer el sistema inmunol\u00f3gico. Certificado org\u00e1nico, sin gluten, vegano y probado en laboratorios\" \/>\n<meta name=\"robots\" content=\"index, follow, max-snippet:-1, max-image-preview:large, max-video-preview:-1\" \/>\n<link rel=\"canonical\" href=\"https:\/\/thelyflabs.com\/en\/product\/extracto-organico-de-cordyceps\/\" \/>\n<meta property=\"og:locale\" content=\"en_GB\" \/>\n<meta property=\"og:type\" content=\"article\" \/>\n<meta property=\"og:title\" content=\"Extracto Org\u00e1nico de Cordyceps - THE LYF LABS\" \/>\n<meta property=\"og:description\" content=\"Compra extracto de Cordyceps org\u00e1nico de alta calidad en The LYF Labs. Suplemento natural para aumentar energ\u00eda, mejorar la resistencia y fortalecer el sistema inmunol\u00f3gico. Certificado org\u00e1nico, sin gluten, vegano y probado en laboratorios\" \/>\n<meta property=\"og:url\" content=\"https:\/\/thelyflabs.com\/en\/product\/extracto-organico-de-cordyceps\/\" \/>\n<meta property=\"og:site_name\" content=\"THE LYF LABS\" \/>\n<meta property=\"article:modified_time\" content=\"2025-09-15T15:24:40+00:00\" \/>\n<meta property=\"og:image\" content=\"https:\/\/thelyflabs.com\/wp-content\/uploads\/2024\/10\/7.webp\" \/>\n\t<meta property=\"og:image:width\" content=\"1409\" \/>\n\t<meta property=\"og:image:height\" content=\"2000\" \/>\n\t<meta property=\"og:image:type\" content=\"image\/webp\" \/>\n<meta name=\"twitter:card\" content=\"summary_large_image\" \/>\n<meta name=\"twitter:label1\" content=\"Estimated reading time\" \/>\n\t<meta name=\"twitter:data1\" content=\"3 minutes\" \/>\n<script type=\"application\/ld+json\" class=\"yoast-schema-graph\">{\"@context\":\"https:\\\/\\\/schema.org\",\"@graph\":[{\"@type\":\"WebPage\",\"@id\":\"https:\\\/\\\/thelyflabs.com\\\/product\\\/extracto-organico-de-cordyceps\",\"url\":\"https:\\\/\\\/thelyflabs.com\\\/product\\\/extracto-organico-de-cordyceps\",\"name\":\"Extracto Org\u00e1nico de Cordyceps - THE LYF LABS\",\"isPartOf\":{\"@id\":\"https:\\\/\\\/thelyflabs.com\\\/#website\"},\"primaryImageOfPage\":{\"@id\":\"https:\\\/\\\/thelyflabs.com\\\/product\\\/extracto-organico-de-cordyceps#primaryimage\"},\"image\":{\"@id\":\"https:\\\/\\\/thelyflabs.com\\\/product\\\/extracto-organico-de-cordyceps#primaryimage\"},\"thumbnailUrl\":\"https:\\\/\\\/thelyflabs.com\\\/wp-content\\\/uploads\\\/2024\\\/10\\\/7.webp\",\"datePublished\":\"2024-11-07T11:41:58+00:00\",\"dateModified\":\"2025-09-15T15:24:40+00:00\",\"description\":\"Compra extracto de Cordyceps org\u00e1nico de alta calidad en The LYF Labs. Suplemento natural para aumentar energ\u00eda, mejorar la resistencia y fortalecer el sistema inmunol\u00f3gico. Certificado org\u00e1nico, sin gluten, vegano y probado en laboratorios\",\"breadcrumb\":{\"@id\":\"https:\\\/\\\/thelyflabs.com\\\/product\\\/extracto-organico-de-cordyceps#breadcrumb\"},\"inLanguage\":\"en-GB\",\"potentialAction\":[{\"@type\":\"ReadAction\",\"target\":[\"https:\\\/\\\/thelyflabs.com\\\/product\\\/extracto-organico-de-cordyceps\"]}]},{\"@type\":\"ImageObject\",\"inLanguage\":\"en-GB\",\"@id\":\"https:\\\/\\\/thelyflabs.com\\\/product\\\/extracto-organico-de-cordyceps#primaryimage\",\"url\":\"https:\\\/\\\/thelyflabs.com\\\/wp-content\\\/uploads\\\/2024\\\/10\\\/7.webp\",\"contentUrl\":\"https:\\\/\\\/thelyflabs.com\\\/wp-content\\\/uploads\\\/2024\\\/10\\\/7.webp\",\"width\":1409,\"height\":2000},{\"@type\":\"BreadcrumbList\",\"@id\":\"https:\\\/\\\/thelyflabs.com\\\/product\\\/extracto-organico-de-cordyceps#breadcrumb\",\"itemListElement\":[{\"@type\":\"ListItem\",\"position\":1,\"name\":\"Portada\",\"item\":\"https:\\\/\\\/thelyflabs.com\\\/\"},{\"@type\":\"ListItem\",\"position\":2,\"name\":\"Tienda\",\"item\":\"https:\\\/\\\/thelyflabs.com\\\/tienda\"},{\"@type\":\"ListItem\",\"position\":3,\"name\":\"Extracto Org\u00e1nico de Cordyceps\"}]},{\"@type\":\"WebSite\",\"@id\":\"https:\\\/\\\/thelyflabs.com\\\/#website\",\"url\":\"https:\\\/\\\/thelyflabs.com\\\/\",\"name\":\"The LYF Labs\",\"description\":\"CBD al por mayor\",\"publisher\":{\"@id\":\"https:\\\/\\\/thelyflabs.com\\\/#organization\"},\"potentialAction\":[{\"@type\":\"SearchAction\",\"target\":{\"@type\":\"EntryPoint\",\"urlTemplate\":\"https:\\\/\\\/thelyflabs.com\\\/?s={search_term_string}\"},\"query-input\":{\"@type\":\"PropertyValueSpecification\",\"valueRequired\":true,\"valueName\":\"search_term_string\"}}],\"inLanguage\":\"en-GB\"},{\"@type\":\"Organization\",\"@id\":\"https:\\\/\\\/thelyflabs.com\\\/#organization\",\"name\":\"The LYF Labs\",\"url\":\"https:\\\/\\\/thelyflabs.com\\\/\",\"logo\":{\"@type\":\"ImageObject\",\"inLanguage\":\"en-GB\",\"@id\":\"https:\\\/\\\/thelyflabs.com\\\/#\\\/schema\\\/logo\\\/image\\\/\",\"url\":\"https:\\\/\\\/thelyflabs.com\\\/wp-content\\\/uploads\\\/2023\\\/01\\\/cropped-LogoTheLYFLabs.png\",\"contentUrl\":\"https:\\\/\\\/thelyflabs.com\\\/wp-content\\\/uploads\\\/2023\\\/01\\\/cropped-LogoTheLYFLabs.png\",\"width\":600,\"height\":180,\"caption\":\"The LYF Labs\"},\"image\":{\"@id\":\"https:\\\/\\\/thelyflabs.com\\\/#\\\/schema\\\/logo\\\/image\\\/\"}}]}<\/script>\n<!-- \/ Yoast SEO plugin. -->","yoast_head_json":{"title":"Extracto Org\u00e1nico de Cordyceps - THE LYF LABS","description":"Compra extracto de Cordyceps org\u00e1nico de alta calidad en The LYF Labs. Suplemento natural para aumentar energ\u00eda, mejorar la resistencia y fortalecer el sistema inmunol\u00f3gico. Certificado org\u00e1nico, sin gluten, vegano y probado en laboratorios","robots":{"index":"index","follow":"follow","max-snippet":"max-snippet:-1","max-image-preview":"max-image-preview:large","max-video-preview":"max-video-preview:-1"},"canonical":"https:\/\/thelyflabs.com\/en\/product\/extracto-organico-de-cordyceps\/","og_locale":"en_GB","og_type":"article","og_title":"Extracto Org\u00e1nico de Cordyceps - THE LYF LABS","og_description":"Compra extracto de Cordyceps org\u00e1nico de alta calidad en The LYF Labs. Suplemento natural para aumentar energ\u00eda, mejorar la resistencia y fortalecer el sistema inmunol\u00f3gico. Certificado org\u00e1nico, sin gluten, vegano y probado en laboratorios","og_url":"https:\/\/thelyflabs.com\/en\/product\/extracto-organico-de-cordyceps\/","og_site_name":"THE LYF LABS","article_modified_time":"2025-09-15T15:24:40+00:00","og_image":[{"width":1409,"height":2000,"url":"https:\/\/thelyflabs.com\/wp-content\/uploads\/2024\/10\/7.webp","type":"image\/webp"}],"twitter_card":"summary_large_image","twitter_misc":{"Estimated reading time":"3 minutes"},"schema":{"@context":"https:\/\/schema.org","@graph":[{"@type":"WebPage","@id":"https:\/\/thelyflabs.com\/product\/extracto-organico-de-cordyceps","url":"https:\/\/thelyflabs.com\/product\/extracto-organico-de-cordyceps","name":"Extracto Org\u00e1nico de Cordyceps - THE LYF LABS","isPartOf":{"@id":"https:\/\/thelyflabs.com\/#website"},"primaryImageOfPage":{"@id":"https:\/\/thelyflabs.com\/product\/extracto-organico-de-cordyceps#primaryimage"},"image":{"@id":"https:\/\/thelyflabs.com\/product\/extracto-organico-de-cordyceps#primaryimage"},"thumbnailUrl":"https:\/\/thelyflabs.com\/wp-content\/uploads\/2024\/10\/7.webp","datePublished":"2024-11-07T11:41:58+00:00","dateModified":"2025-09-15T15:24:40+00:00","description":"Compra extracto de Cordyceps org\u00e1nico de alta calidad en The LYF Labs. Suplemento natural para aumentar energ\u00eda, mejorar la resistencia y fortalecer el sistema inmunol\u00f3gico. Certificado org\u00e1nico, sin gluten, vegano y probado en laboratorios","breadcrumb":{"@id":"https:\/\/thelyflabs.com\/product\/extracto-organico-de-cordyceps#breadcrumb"},"inLanguage":"en-GB","potentialAction":[{"@type":"ReadAction","target":["https:\/\/thelyflabs.com\/product\/extracto-organico-de-cordyceps"]}]},{"@type":"ImageObject","inLanguage":"en-GB","@id":"https:\/\/thelyflabs.com\/product\/extracto-organico-de-cordyceps#primaryimage","url":"https:\/\/thelyflabs.com\/wp-content\/uploads\/2024\/10\/7.webp","contentUrl":"https:\/\/thelyflabs.com\/wp-content\/uploads\/2024\/10\/7.webp","width":1409,"height":2000},{"@type":"BreadcrumbList","@id":"https:\/\/thelyflabs.com\/product\/extracto-organico-de-cordyceps#breadcrumb","itemListElement":[{"@type":"ListItem","position":1,"name":"Portada","item":"https:\/\/thelyflabs.com\/"},{"@type":"ListItem","position":2,"name":"Tienda","item":"https:\/\/thelyflabs.com\/tienda"},{"@type":"ListItem","position":3,"name":"Extracto Org\u00e1nico de Cordyceps"}]},{"@type":"WebSite","@id":"https:\/\/thelyflabs.com\/#website","url":"https:\/\/thelyflabs.com\/","name":"The LYF Labs","description":"CBD wholesale","publisher":{"@id":"https:\/\/thelyflabs.com\/#organization"},"potentialAction":[{"@type":"SearchAction","target":{"@type":"EntryPoint","urlTemplate":"https:\/\/thelyflabs.com\/?s={search_term_string}"},"query-input":{"@type":"PropertyValueSpecification","valueRequired":true,"valueName":"search_term_string"}}],"inLanguage":"en-GB"},{"@type":"Organization","@id":"https:\/\/thelyflabs.com\/#organization","name":"The LYF Labs","url":"https:\/\/thelyflabs.com\/","logo":{"@type":"ImageObject","inLanguage":"en-GB","@id":"https:\/\/thelyflabs.com\/#\/schema\/logo\/image\/","url":"https:\/\/thelyflabs.com\/wp-content\/uploads\/2023\/01\/cropped-LogoTheLYFLabs.png","contentUrl":"https:\/\/thelyflabs.com\/wp-content\/uploads\/2023\/01\/cropped-LogoTheLYFLabs.png","width":600,"height":180,"caption":"The LYF Labs"},"image":{"@id":"https:\/\/thelyflabs.com\/#\/schema\/logo\/image\/"}}]}},"_links":{"self":[{"href":"https:\/\/thelyflabs.com\/en\/wp-json\/wp\/v2\/product\/8827","targetHints":{"allow":["GET"]}}],"collection":[{"href":"https:\/\/thelyflabs.com\/en\/wp-json\/wp\/v2\/product"}],"about":[{"href":"https:\/\/thelyflabs.com\/en\/wp-json\/wp\/v2\/types\/product"}],"replies":[{"embeddable":true,"href":"https:\/\/thelyflabs.com\/en\/wp-json\/wp\/v2\/comments?post=8827"}],"wp:featuredmedia":[{"embeddable":true,"href":"https:\/\/thelyflabs.com\/en\/wp-json\/wp\/v2\/media\/8828"}],"wp:attachment":[{"href":"https:\/\/thelyflabs.com\/en\/wp-json\/wp\/v2\/media?parent=8827"}],"wp:term":[{"taxonomy":"product_brand","embeddable":true,"href":"https:\/\/thelyflabs.com\/en\/wp-json\/wp\/v2\/product_brand?post=8827"},{"taxonomy":"product_cat","embeddable":true,"href":"https:\/\/thelyflabs.com\/en\/wp-json\/wp\/v2\/product_cat?post=8827"},{"taxonomy":"product_tag","embeddable":true,"href":"https:\/\/thelyflabs.com\/en\/wp-json\/wp\/v2\/product_tag?post=8827"}],"curies":[{"name":"wp","href":"https:\/\/api.w.org\/{rel}","templated":true}]}}