{"id":8830,"date":"2024-11-07T12:42:09","date_gmt":"2024-11-07T11:42:09","guid":{"rendered":"https:\/\/thelyflabs.com\/?post_type=product&#038;p=8830"},"modified":"2025-09-15T17:24:31","modified_gmt":"2025-09-15T15:24:31","slug":"extracto-organico-de-melena-de-leon","status":"publish","type":"product","link":"https:\/\/thelyflabs.com\/en\/product\/extracto-organico-de-melena-de-leon","title":{"rendered":"Organic Lion&#039;s Mane Extract"},"content":{"rendered":"<h3>Organic Lion&#039;s Mane Extract<\/h3>\n<p>Our <strong>Organic Lion&#039;s Mane Extract<\/strong> is a concentrated food supplement, made with dual extraction (hot water and alcohol) to maximize its benefits. Manufactured in the EU with the highest quality standards.<\/p>\n<h3>Benefits of Lion&#039;s Mane Extract<\/h3>\n<p>The <strong>Lion&#039;s Mane<\/strong> (Hericium erinaceus) is a mushroom known for its multiple health benefits, backed by traditional Eastern medicine. Dual extracts, such as this one, are especially effective at extracting all the active compounds from the mushroom.<\/p>\n<h4>Key Benefits:<\/h4>\n<ul>\n<li><strong>Improved cognitive function<\/strong>: Lion&#039;s Mane stimulates the production of Nerve Growth Factor (NGF), helping neuronal regeneration, improving memory, concentration and mental clarity.<\/li>\n<li><strong>Support for the nervous system<\/strong>: Helps repair damaged nerves, being useful for improving neurological health and promoting injury recovery.<\/li>\n<li><strong>Reduction of anxiety and depression<\/strong>: Studies suggest that Lion&#039;s Mane may reduce symptoms of anxiety and depression by acting on the central nervous system.<\/li>\n<li><strong>Anti-inflammatory and antioxidant properties<\/strong>: Its content of antioxidants and anti-inflammatory compounds protects cells from damage caused by oxidative stress.<\/li>\n<li><strong>Improve digestive health<\/strong>:This mushroom is traditionally used to relieve gastrointestinal problems such as ulcers and inflammation.<\/li>\n<li><strong>Anticancer potential<\/strong>: Preliminary research indicates that lion&#039;s mane extract may inhibit the growth of cancer cells.<\/li>\n<li><strong>Strengthening the immune system<\/strong>: The beta-glucans present in lion&#039;s mane stimulate the immune system, helping the body fight infections.<\/li>\n<\/ul>\n<p>These benefits are linked to the quality of the extract and its constant use. <strong>lion&#039;s mane extract<\/strong> dual, which uses both water and alcohol in its extraction process, ensures a higher concentration of active compounds, maximizing their effectiveness.<\/p>","protected":false},"excerpt":{"rendered":"<h4>Characteristics of Lion&#039;s Mane Extract:<\/h4>\n<ul>\n<li>50ml Miron violet glass dropper bottle or pharmaceutical brown glass.<\/li>\n<li>Easy to use: add two doses to a glass of water or directly under the tongue.<\/li>\n<li>Contains approximately 25% alcohol.<\/li>\n<li><strong>Dual extract<\/strong> with hot water and alcohol to extract water-soluble and non-water-soluble compounds.<\/li>\n<li>Made with extract containing more than 20% of Beta glucans 1,3\/1,6.<\/li>\n<li>No added starch, grains or other fillers.<\/li>\n<li>Only organic fruiting bodies, no mycelium.<\/li>\n<li>Gluten-free, non-GMO and suitable for vegans.<\/li>\n<li>Premium quality, tested in accredited third-party laboratories.<\/li>\n<li>Shelf life of 18 months from date of manufacture.<\/li>\n<\/ul>","protected":false},"featured_media":8832,"comment_status":"open","ping_status":"closed","template":"","meta":{"_acf_changed":false,"site-sidebar-layout":"default","site-content-layout":"","ast-site-content-layout":"default","site-content-style":"default","site-sidebar-style":"default","ast-global-header-display":"","ast-banner-title-visibility":"","ast-main-header-display":"","ast-hfb-above-header-display":"","ast-hfb-below-header-display":"","ast-hfb-mobile-header-display":"","site-post-title":"","ast-breadcrumbs-content":"","ast-featured-img":"","footer-sml-layout":"","theme-transparent-header-meta":"default","adv-header-id-meta":"","stick-header-meta":"","header-above-stick-meta":"","header-main-stick-meta":"","header-below-stick-meta":"","astra-migrate-meta-layouts":"set","ast-page-background-enabled":"default","ast-page-background-meta":{"desktop":{"background-color":"var(--ast-global-color-4)","background-image":"","background-repeat":"repeat","background-position":"center center","background-size":"auto","background-attachment":"scroll","background-type":"","background-media":"","overlay-type":"","overlay-color":"","overlay-opacity":"","overlay-gradient":""},"tablet":{"background-color":"","background-image":"","background-repeat":"repeat","background-position":"center center","background-size":"auto","background-attachment":"scroll","background-type":"","background-media":"","overlay-type":"","overlay-color":"","overlay-opacity":"","overlay-gradient":""},"mobile":{"background-color":"","background-image":"","background-repeat":"repeat","background-position":"center center","background-size":"auto","background-attachment":"scroll","background-type":"","background-media":"","overlay-type":"","overlay-color":"","overlay-opacity":"","overlay-gradient":""}},"ast-content-background-meta":{"desktop":{"background-color":"var(--ast-global-color-5)","background-image":"","background-repeat":"repeat","background-position":"center center","background-size":"auto","background-attachment":"scroll","background-type":"","background-media":"","overlay-type":"","overlay-color":"","overlay-opacity":"","overlay-gradient":""},"tablet":{"background-color":"var(--ast-global-color-5)","background-image":"","background-repeat":"repeat","background-position":"center center","background-size":"auto","background-attachment":"scroll","background-type":"","background-media":"","overlay-type":"","overlay-color":"","overlay-opacity":"","overlay-gradient":""},"mobile":{"background-color":"var(--ast-global-color-5)","background-image":"","background-repeat":"repeat","background-position":"center center","background-size":"auto","background-attachment":"scroll","background-type":"","background-media":"","overlay-type":"","overlay-color":"","overlay-opacity":"","overlay-gradient":""}}},"product_brand":[],"product_cat":[127],"product_tag":[],"class_list":{"0":"post-8830","1":"product","2":"type-product","3":"status-publish","4":"has-post-thumbnail","6":"product_cat-setas-funcionales","7":"desktop-align-center","8":"tablet-align-left","9":"mobile-align-left","11":"first","12":"outofstock","13":"taxable","14":"shipping-taxable","15":"purchasable","16":"product-type-simple"},"acf":[],"yoast_head":"<!-- This site is optimized with the Yoast SEO plugin v27.4 - https:\/\/yoast.com\/product\/yoast-seo-wordpress\/ -->\n<title>Extracto Org\u00e1nico de Melena de Le\u00f3n - THE LYF LABS<\/title>\n<meta name=\"description\" content=\"Compra extracto org\u00e1nico de melena de le\u00f3n de alta calidad en The LYF Labs. Suplemento natural para mejorar la funci\u00f3n cognitiva, apoyar el sistema nervioso y reforzar el sistema inmunol\u00f3gico. Certificado, sin gluten y vegano.\" \/>\n<meta name=\"robots\" content=\"index, follow, max-snippet:-1, max-image-preview:large, max-video-preview:-1\" \/>\n<link rel=\"canonical\" href=\"https:\/\/thelyflabs.com\/en\/product\/extracto-organico-de-melena-de-leon\/\" \/>\n<meta property=\"og:locale\" content=\"en_GB\" \/>\n<meta property=\"og:type\" content=\"article\" \/>\n<meta property=\"og:title\" content=\"Extracto Org\u00e1nico de Melena de Le\u00f3n - THE LYF LABS\" \/>\n<meta property=\"og:description\" content=\"Compra extracto org\u00e1nico de melena de le\u00f3n de alta calidad en The LYF Labs. Suplemento natural para mejorar la funci\u00f3n cognitiva, apoyar el sistema nervioso y reforzar el sistema inmunol\u00f3gico. Certificado, sin gluten y vegano.\" \/>\n<meta property=\"og:url\" content=\"https:\/\/thelyflabs.com\/en\/product\/extracto-organico-de-melena-de-leon\/\" \/>\n<meta property=\"og:site_name\" content=\"THE LYF LABS\" \/>\n<meta property=\"article:modified_time\" content=\"2025-09-15T15:24:31+00:00\" \/>\n<meta property=\"og:image\" content=\"https:\/\/thelyflabs.com\/wp-content\/uploads\/2024\/10\/8.webp\" \/>\n\t<meta property=\"og:image:width\" content=\"1409\" \/>\n\t<meta property=\"og:image:height\" content=\"2000\" \/>\n\t<meta property=\"og:image:type\" content=\"image\/webp\" \/>\n<meta name=\"twitter:card\" content=\"summary_large_image\" \/>\n<meta name=\"twitter:label1\" content=\"Estimated reading time\" \/>\n\t<meta name=\"twitter:data1\" content=\"3 minutes\" \/>\n<script type=\"application\/ld+json\" class=\"yoast-schema-graph\">{\"@context\":\"https:\\\/\\\/schema.org\",\"@graph\":[{\"@type\":\"WebPage\",\"@id\":\"https:\\\/\\\/thelyflabs.com\\\/product\\\/extracto-organico-de-melena-de-leon\",\"url\":\"https:\\\/\\\/thelyflabs.com\\\/product\\\/extracto-organico-de-melena-de-leon\",\"name\":\"Extracto Org\u00e1nico de Melena de Le\u00f3n - THE LYF LABS\",\"isPartOf\":{\"@id\":\"https:\\\/\\\/thelyflabs.com\\\/#website\"},\"primaryImageOfPage\":{\"@id\":\"https:\\\/\\\/thelyflabs.com\\\/product\\\/extracto-organico-de-melena-de-leon#primaryimage\"},\"image\":{\"@id\":\"https:\\\/\\\/thelyflabs.com\\\/product\\\/extracto-organico-de-melena-de-leon#primaryimage\"},\"thumbnailUrl\":\"https:\\\/\\\/thelyflabs.com\\\/wp-content\\\/uploads\\\/2024\\\/10\\\/8.webp\",\"datePublished\":\"2024-11-07T11:42:09+00:00\",\"dateModified\":\"2025-09-15T15:24:31+00:00\",\"description\":\"Compra extracto org\u00e1nico de melena de le\u00f3n de alta calidad en The LYF Labs. Suplemento natural para mejorar la funci\u00f3n cognitiva, apoyar el sistema nervioso y reforzar el sistema inmunol\u00f3gico. Certificado, sin gluten y vegano.\",\"breadcrumb\":{\"@id\":\"https:\\\/\\\/thelyflabs.com\\\/product\\\/extracto-organico-de-melena-de-leon#breadcrumb\"},\"inLanguage\":\"en-GB\",\"potentialAction\":[{\"@type\":\"ReadAction\",\"target\":[\"https:\\\/\\\/thelyflabs.com\\\/product\\\/extracto-organico-de-melena-de-leon\"]}]},{\"@type\":\"ImageObject\",\"inLanguage\":\"en-GB\",\"@id\":\"https:\\\/\\\/thelyflabs.com\\\/product\\\/extracto-organico-de-melena-de-leon#primaryimage\",\"url\":\"https:\\\/\\\/thelyflabs.com\\\/wp-content\\\/uploads\\\/2024\\\/10\\\/8.webp\",\"contentUrl\":\"https:\\\/\\\/thelyflabs.com\\\/wp-content\\\/uploads\\\/2024\\\/10\\\/8.webp\",\"width\":1409,\"height\":2000},{\"@type\":\"BreadcrumbList\",\"@id\":\"https:\\\/\\\/thelyflabs.com\\\/product\\\/extracto-organico-de-melena-de-leon#breadcrumb\",\"itemListElement\":[{\"@type\":\"ListItem\",\"position\":1,\"name\":\"Portada\",\"item\":\"https:\\\/\\\/thelyflabs.com\\\/\"},{\"@type\":\"ListItem\",\"position\":2,\"name\":\"Tienda\",\"item\":\"https:\\\/\\\/thelyflabs.com\\\/tienda\"},{\"@type\":\"ListItem\",\"position\":3,\"name\":\"Extracto Org\u00e1nico de Melena de Le\u00f3n\"}]},{\"@type\":\"WebSite\",\"@id\":\"https:\\\/\\\/thelyflabs.com\\\/#website\",\"url\":\"https:\\\/\\\/thelyflabs.com\\\/\",\"name\":\"The LYF Labs\",\"description\":\"CBD al por mayor\",\"publisher\":{\"@id\":\"https:\\\/\\\/thelyflabs.com\\\/#organization\"},\"potentialAction\":[{\"@type\":\"SearchAction\",\"target\":{\"@type\":\"EntryPoint\",\"urlTemplate\":\"https:\\\/\\\/thelyflabs.com\\\/?s={search_term_string}\"},\"query-input\":{\"@type\":\"PropertyValueSpecification\",\"valueRequired\":true,\"valueName\":\"search_term_string\"}}],\"inLanguage\":\"en-GB\"},{\"@type\":\"Organization\",\"@id\":\"https:\\\/\\\/thelyflabs.com\\\/#organization\",\"name\":\"The LYF Labs\",\"url\":\"https:\\\/\\\/thelyflabs.com\\\/\",\"logo\":{\"@type\":\"ImageObject\",\"inLanguage\":\"en-GB\",\"@id\":\"https:\\\/\\\/thelyflabs.com\\\/#\\\/schema\\\/logo\\\/image\\\/\",\"url\":\"https:\\\/\\\/thelyflabs.com\\\/wp-content\\\/uploads\\\/2023\\\/01\\\/cropped-LogoTheLYFLabs.png\",\"contentUrl\":\"https:\\\/\\\/thelyflabs.com\\\/wp-content\\\/uploads\\\/2023\\\/01\\\/cropped-LogoTheLYFLabs.png\",\"width\":600,\"height\":180,\"caption\":\"The LYF Labs\"},\"image\":{\"@id\":\"https:\\\/\\\/thelyflabs.com\\\/#\\\/schema\\\/logo\\\/image\\\/\"}}]}<\/script>\n<!-- \/ Yoast SEO plugin. -->","yoast_head_json":{"title":"Extracto Org\u00e1nico de Melena de Le\u00f3n - THE LYF LABS","description":"Compra extracto org\u00e1nico de melena de le\u00f3n de alta calidad en The LYF Labs. Suplemento natural para mejorar la funci\u00f3n cognitiva, apoyar el sistema nervioso y reforzar el sistema inmunol\u00f3gico. Certificado, sin gluten y vegano.","robots":{"index":"index","follow":"follow","max-snippet":"max-snippet:-1","max-image-preview":"max-image-preview:large","max-video-preview":"max-video-preview:-1"},"canonical":"https:\/\/thelyflabs.com\/en\/product\/extracto-organico-de-melena-de-leon\/","og_locale":"en_GB","og_type":"article","og_title":"Extracto Org\u00e1nico de Melena de Le\u00f3n - THE LYF LABS","og_description":"Compra extracto org\u00e1nico de melena de le\u00f3n de alta calidad en The LYF Labs. Suplemento natural para mejorar la funci\u00f3n cognitiva, apoyar el sistema nervioso y reforzar el sistema inmunol\u00f3gico. Certificado, sin gluten y vegano.","og_url":"https:\/\/thelyflabs.com\/en\/product\/extracto-organico-de-melena-de-leon\/","og_site_name":"THE LYF LABS","article_modified_time":"2025-09-15T15:24:31+00:00","og_image":[{"width":1409,"height":2000,"url":"https:\/\/thelyflabs.com\/wp-content\/uploads\/2024\/10\/8.webp","type":"image\/webp"}],"twitter_card":"summary_large_image","twitter_misc":{"Estimated reading time":"3 minutes"},"schema":{"@context":"https:\/\/schema.org","@graph":[{"@type":"WebPage","@id":"https:\/\/thelyflabs.com\/product\/extracto-organico-de-melena-de-leon","url":"https:\/\/thelyflabs.com\/product\/extracto-organico-de-melena-de-leon","name":"Extracto Org\u00e1nico de Melena de Le\u00f3n - THE LYF LABS","isPartOf":{"@id":"https:\/\/thelyflabs.com\/#website"},"primaryImageOfPage":{"@id":"https:\/\/thelyflabs.com\/product\/extracto-organico-de-melena-de-leon#primaryimage"},"image":{"@id":"https:\/\/thelyflabs.com\/product\/extracto-organico-de-melena-de-leon#primaryimage"},"thumbnailUrl":"https:\/\/thelyflabs.com\/wp-content\/uploads\/2024\/10\/8.webp","datePublished":"2024-11-07T11:42:09+00:00","dateModified":"2025-09-15T15:24:31+00:00","description":"Compra extracto org\u00e1nico de melena de le\u00f3n de alta calidad en The LYF Labs. Suplemento natural para mejorar la funci\u00f3n cognitiva, apoyar el sistema nervioso y reforzar el sistema inmunol\u00f3gico. Certificado, sin gluten y vegano.","breadcrumb":{"@id":"https:\/\/thelyflabs.com\/product\/extracto-organico-de-melena-de-leon#breadcrumb"},"inLanguage":"en-GB","potentialAction":[{"@type":"ReadAction","target":["https:\/\/thelyflabs.com\/product\/extracto-organico-de-melena-de-leon"]}]},{"@type":"ImageObject","inLanguage":"en-GB","@id":"https:\/\/thelyflabs.com\/product\/extracto-organico-de-melena-de-leon#primaryimage","url":"https:\/\/thelyflabs.com\/wp-content\/uploads\/2024\/10\/8.webp","contentUrl":"https:\/\/thelyflabs.com\/wp-content\/uploads\/2024\/10\/8.webp","width":1409,"height":2000},{"@type":"BreadcrumbList","@id":"https:\/\/thelyflabs.com\/product\/extracto-organico-de-melena-de-leon#breadcrumb","itemListElement":[{"@type":"ListItem","position":1,"name":"Portada","item":"https:\/\/thelyflabs.com\/"},{"@type":"ListItem","position":2,"name":"Tienda","item":"https:\/\/thelyflabs.com\/tienda"},{"@type":"ListItem","position":3,"name":"Extracto Org\u00e1nico de Melena de Le\u00f3n"}]},{"@type":"WebSite","@id":"https:\/\/thelyflabs.com\/#website","url":"https:\/\/thelyflabs.com\/","name":"The LYF Labs","description":"CBD wholesale","publisher":{"@id":"https:\/\/thelyflabs.com\/#organization"},"potentialAction":[{"@type":"SearchAction","target":{"@type":"EntryPoint","urlTemplate":"https:\/\/thelyflabs.com\/?s={search_term_string}"},"query-input":{"@type":"PropertyValueSpecification","valueRequired":true,"valueName":"search_term_string"}}],"inLanguage":"en-GB"},{"@type":"Organization","@id":"https:\/\/thelyflabs.com\/#organization","name":"The LYF Labs","url":"https:\/\/thelyflabs.com\/","logo":{"@type":"ImageObject","inLanguage":"en-GB","@id":"https:\/\/thelyflabs.com\/#\/schema\/logo\/image\/","url":"https:\/\/thelyflabs.com\/wp-content\/uploads\/2023\/01\/cropped-LogoTheLYFLabs.png","contentUrl":"https:\/\/thelyflabs.com\/wp-content\/uploads\/2023\/01\/cropped-LogoTheLYFLabs.png","width":600,"height":180,"caption":"The LYF Labs"},"image":{"@id":"https:\/\/thelyflabs.com\/#\/schema\/logo\/image\/"}}]}},"_links":{"self":[{"href":"https:\/\/thelyflabs.com\/en\/wp-json\/wp\/v2\/product\/8830","targetHints":{"allow":["GET"]}}],"collection":[{"href":"https:\/\/thelyflabs.com\/en\/wp-json\/wp\/v2\/product"}],"about":[{"href":"https:\/\/thelyflabs.com\/en\/wp-json\/wp\/v2\/types\/product"}],"replies":[{"embeddable":true,"href":"https:\/\/thelyflabs.com\/en\/wp-json\/wp\/v2\/comments?post=8830"}],"wp:featuredmedia":[{"embeddable":true,"href":"https:\/\/thelyflabs.com\/en\/wp-json\/wp\/v2\/media\/8832"}],"wp:attachment":[{"href":"https:\/\/thelyflabs.com\/en\/wp-json\/wp\/v2\/media?parent=8830"}],"wp:term":[{"taxonomy":"product_brand","embeddable":true,"href":"https:\/\/thelyflabs.com\/en\/wp-json\/wp\/v2\/product_brand?post=8830"},{"taxonomy":"product_cat","embeddable":true,"href":"https:\/\/thelyflabs.com\/en\/wp-json\/wp\/v2\/product_cat?post=8830"},{"taxonomy":"product_tag","embeddable":true,"href":"https:\/\/thelyflabs.com\/en\/wp-json\/wp\/v2\/product_tag?post=8830"}],"curies":[{"name":"wp","href":"https:\/\/api.w.org\/{rel}","templated":true}]}}