{"id":8839,"date":"2024-11-07T12:42:43","date_gmt":"2024-11-07T11:42:43","guid":{"rendered":"https:\/\/thelyflabs.com\/?post_type=product&#038;p=8839"},"modified":"2025-09-15T17:23:59","modified_gmt":"2025-09-15T15:23:59","slug":"extracto-organico-de-hongos-focus","status":"publish","type":"product","link":"https:\/\/thelyflabs.com\/en\/product\/extracto-organico-de-hongos-focus","title":{"rendered":"Organic Focus Mushroom Extract"},"content":{"rendered":"<h1>Organic Focus Mushroom Extract<\/h1>\n<p><strong>Your compass to improve concentration, avoid procrastination and confusion: get back on the path of attention and clarity<\/strong><\/p>\n<p>Do you try to concentrate while your mind wanders? Whether you&#039;re studying, learning a new skill, preparing for an interview or a presentation, it&#039;s easy to get distracted. What happened to that sharp focus you used to have?<\/p>\n<p>The <strong>Focus Compass<\/strong> combines floral remedies and the most effective mushrooms to help you regain clear thinking and mental precision.<\/p>\n<h3>Active ingredients:<\/h3>\n<h4><strong>Fungus:<\/strong><\/h4>\n<ul>\n<li><strong>Reishi:<\/strong> The superhero of non-REM sleep. Helps prolong the time in non-REM sleep, promoting quality sleep.<\/li>\n<li><strong>Cordyceps:<\/strong> It plays a crucial role in regulating the circadian rhythm and can increase serotonin and melatonin levels, essential for the sleep process.<\/li>\n<li><strong>Lion&#039;s Mane:<\/strong> It contributes to naturally increasing BDNF, a neurotrophic factor whose deficiency, according to studies, is associated with sleep problems.<\/li>\n<li><strong>Chaga:<\/strong> Regulates the natural response to stress, reducing inflammation, cholesterol and blood sugar levels.<\/li>\n<\/ul>\n<h4><strong>Floral mixes:<\/strong><\/h4>\n<ul>\n<li><strong>Nan&#039;s Polianthus:<\/strong> Stimulates energy to drive any project.<\/li>\n<li><strong>Welding:<\/strong> Provides a global view, keeping the big picture in mind.<\/li>\n<li><strong>Carrot:<\/strong> Help with the organization so you can achieve your goals.<\/li>\n<li><strong>Ranunculus:<\/strong> Fosters creative confidence.<\/li>\n<li><strong>Blackberry:<\/strong> It facilitates the advancement and concretization of ideas.<\/li>\n<li><strong>Clematis:<\/strong> Helps stop daydreaming and stay focused.<\/li>\n<\/ul>","protected":false},"excerpt":{"rendered":"<p>The <strong>Focus Compass<\/strong> will help you navigate moments when you need mental acuity and crystal-clear focus.<\/p>\n<p><strong>Size:<\/strong> 50 ml<br \/>\n<strong>Servings:<\/strong> 30 (3 sprays in the morning \/ 3 at night)<\/p>","protected":false},"featured_media":8840,"comment_status":"open","ping_status":"closed","template":"","meta":{"_acf_changed":false,"site-sidebar-layout":"default","site-content-layout":"","ast-site-content-layout":"default","site-content-style":"default","site-sidebar-style":"default","ast-global-header-display":"","ast-banner-title-visibility":"","ast-main-header-display":"","ast-hfb-above-header-display":"","ast-hfb-below-header-display":"","ast-hfb-mobile-header-display":"","site-post-title":"","ast-breadcrumbs-content":"","ast-featured-img":"","footer-sml-layout":"","theme-transparent-header-meta":"default","adv-header-id-meta":"","stick-header-meta":"","header-above-stick-meta":"","header-main-stick-meta":"","header-below-stick-meta":"","astra-migrate-meta-layouts":"set","ast-page-background-enabled":"default","ast-page-background-meta":{"desktop":{"background-color":"var(--ast-global-color-4)","background-image":"","background-repeat":"repeat","background-position":"center center","background-size":"auto","background-attachment":"scroll","background-type":"","background-media":"","overlay-type":"","overlay-color":"","overlay-opacity":"","overlay-gradient":""},"tablet":{"background-color":"","background-image":"","background-repeat":"repeat","background-position":"center center","background-size":"auto","background-attachment":"scroll","background-type":"","background-media":"","overlay-type":"","overlay-color":"","overlay-opacity":"","overlay-gradient":""},"mobile":{"background-color":"","background-image":"","background-repeat":"repeat","background-position":"center center","background-size":"auto","background-attachment":"scroll","background-type":"","background-media":"","overlay-type":"","overlay-color":"","overlay-opacity":"","overlay-gradient":""}},"ast-content-background-meta":{"desktop":{"background-color":"var(--ast-global-color-5)","background-image":"","background-repeat":"repeat","background-position":"center center","background-size":"auto","background-attachment":"scroll","background-type":"","background-media":"","overlay-type":"","overlay-color":"","overlay-opacity":"","overlay-gradient":""},"tablet":{"background-color":"var(--ast-global-color-5)","background-image":"","background-repeat":"repeat","background-position":"center center","background-size":"auto","background-attachment":"scroll","background-type":"","background-media":"","overlay-type":"","overlay-color":"","overlay-opacity":"","overlay-gradient":""},"mobile":{"background-color":"var(--ast-global-color-5)","background-image":"","background-repeat":"repeat","background-position":"center center","background-size":"auto","background-attachment":"scroll","background-type":"","background-media":"","overlay-type":"","overlay-color":"","overlay-opacity":"","overlay-gradient":""}}},"product_brand":[],"product_cat":[127],"product_tag":[],"class_list":{"0":"post-8839","1":"product","2":"type-product","3":"status-publish","4":"has-post-thumbnail","6":"product_cat-setas-funcionales","7":"desktop-align-center","8":"tablet-align-left","9":"mobile-align-left","11":"first","12":"outofstock","13":"taxable","14":"shipping-taxable","15":"purchasable","16":"product-type-simple"},"acf":[],"yoast_head":"<!-- This site is optimized with the Yoast SEO plugin v27.4 - https:\/\/yoast.com\/product\/yoast-seo-wordpress\/ -->\n<title>Extracto Org\u00e1nico de Hongos Focus - THE LYF LABS<\/title>\n<meta name=\"description\" content=\"Descubre el poder del extracto org\u00e1nico de hongo Focus para mejorar la concentraci\u00f3n y la claridad mental. Ideal para combatir la distracci\u00f3n, aumentar el enfoque y potenciar tu productividad de manera natural. Compr\u00e1lo en The LYF Labs\" \/>\n<meta name=\"robots\" content=\"index, follow, max-snippet:-1, max-image-preview:large, max-video-preview:-1\" \/>\n<link rel=\"canonical\" href=\"https:\/\/thelyflabs.com\/en\/product\/extracto-organico-de-hongos-focus\/\" \/>\n<meta property=\"og:locale\" content=\"en_GB\" \/>\n<meta property=\"og:type\" content=\"article\" \/>\n<meta property=\"og:title\" content=\"Extracto Org\u00e1nico de Hongos Focus - THE LYF LABS\" \/>\n<meta property=\"og:description\" content=\"Descubre el poder del extracto org\u00e1nico de hongo Focus para mejorar la concentraci\u00f3n y la claridad mental. Ideal para combatir la distracci\u00f3n, aumentar el enfoque y potenciar tu productividad de manera natural. Compr\u00e1lo en The LYF Labs\" \/>\n<meta property=\"og:url\" content=\"https:\/\/thelyflabs.com\/en\/product\/extracto-organico-de-hongos-focus\/\" \/>\n<meta property=\"og:site_name\" content=\"THE LYF LABS\" \/>\n<meta property=\"article:modified_time\" content=\"2025-09-15T15:23:59+00:00\" \/>\n<meta property=\"og:image\" content=\"https:\/\/thelyflabs.com\/wp-content\/uploads\/2024\/10\/4.webp\" \/>\n\t<meta property=\"og:image:width\" content=\"1409\" \/>\n\t<meta property=\"og:image:height\" content=\"2000\" \/>\n\t<meta property=\"og:image:type\" content=\"image\/webp\" \/>\n<meta name=\"twitter:card\" content=\"summary_large_image\" \/>\n<meta name=\"twitter:label1\" content=\"Estimated reading time\" \/>\n\t<meta name=\"twitter:data1\" content=\"2 minutes\" \/>\n<script type=\"application\/ld+json\" class=\"yoast-schema-graph\">{\"@context\":\"https:\\\/\\\/schema.org\",\"@graph\":[{\"@type\":\"WebPage\",\"@id\":\"https:\\\/\\\/thelyflabs.com\\\/product\\\/extracto-organico-de-hongos-focus\",\"url\":\"https:\\\/\\\/thelyflabs.com\\\/product\\\/extracto-organico-de-hongos-focus\",\"name\":\"Extracto Org\u00e1nico de Hongos Focus - THE LYF LABS\",\"isPartOf\":{\"@id\":\"https:\\\/\\\/thelyflabs.com\\\/#website\"},\"primaryImageOfPage\":{\"@id\":\"https:\\\/\\\/thelyflabs.com\\\/product\\\/extracto-organico-de-hongos-focus#primaryimage\"},\"image\":{\"@id\":\"https:\\\/\\\/thelyflabs.com\\\/product\\\/extracto-organico-de-hongos-focus#primaryimage\"},\"thumbnailUrl\":\"https:\\\/\\\/thelyflabs.com\\\/wp-content\\\/uploads\\\/2024\\\/10\\\/4.webp\",\"datePublished\":\"2024-11-07T11:42:43+00:00\",\"dateModified\":\"2025-09-15T15:23:59+00:00\",\"description\":\"Descubre el poder del extracto org\u00e1nico de hongo Focus para mejorar la concentraci\u00f3n y la claridad mental. Ideal para combatir la distracci\u00f3n, aumentar el enfoque y potenciar tu productividad de manera natural. Compr\u00e1lo en The LYF Labs\",\"breadcrumb\":{\"@id\":\"https:\\\/\\\/thelyflabs.com\\\/product\\\/extracto-organico-de-hongos-focus#breadcrumb\"},\"inLanguage\":\"en-GB\",\"potentialAction\":[{\"@type\":\"ReadAction\",\"target\":[\"https:\\\/\\\/thelyflabs.com\\\/product\\\/extracto-organico-de-hongos-focus\"]}]},{\"@type\":\"ImageObject\",\"inLanguage\":\"en-GB\",\"@id\":\"https:\\\/\\\/thelyflabs.com\\\/product\\\/extracto-organico-de-hongos-focus#primaryimage\",\"url\":\"https:\\\/\\\/thelyflabs.com\\\/wp-content\\\/uploads\\\/2024\\\/10\\\/4.webp\",\"contentUrl\":\"https:\\\/\\\/thelyflabs.com\\\/wp-content\\\/uploads\\\/2024\\\/10\\\/4.webp\",\"width\":1409,\"height\":2000},{\"@type\":\"BreadcrumbList\",\"@id\":\"https:\\\/\\\/thelyflabs.com\\\/product\\\/extracto-organico-de-hongos-focus#breadcrumb\",\"itemListElement\":[{\"@type\":\"ListItem\",\"position\":1,\"name\":\"Portada\",\"item\":\"https:\\\/\\\/thelyflabs.com\\\/\"},{\"@type\":\"ListItem\",\"position\":2,\"name\":\"Tienda\",\"item\":\"https:\\\/\\\/thelyflabs.com\\\/tienda\"},{\"@type\":\"ListItem\",\"position\":3,\"name\":\"Extracto Org\u00e1nico de Hongos Focus\"}]},{\"@type\":\"WebSite\",\"@id\":\"https:\\\/\\\/thelyflabs.com\\\/#website\",\"url\":\"https:\\\/\\\/thelyflabs.com\\\/\",\"name\":\"The LYF Labs\",\"description\":\"CBD al por mayor\",\"publisher\":{\"@id\":\"https:\\\/\\\/thelyflabs.com\\\/#organization\"},\"potentialAction\":[{\"@type\":\"SearchAction\",\"target\":{\"@type\":\"EntryPoint\",\"urlTemplate\":\"https:\\\/\\\/thelyflabs.com\\\/?s={search_term_string}\"},\"query-input\":{\"@type\":\"PropertyValueSpecification\",\"valueRequired\":true,\"valueName\":\"search_term_string\"}}],\"inLanguage\":\"en-GB\"},{\"@type\":\"Organization\",\"@id\":\"https:\\\/\\\/thelyflabs.com\\\/#organization\",\"name\":\"The LYF Labs\",\"url\":\"https:\\\/\\\/thelyflabs.com\\\/\",\"logo\":{\"@type\":\"ImageObject\",\"inLanguage\":\"en-GB\",\"@id\":\"https:\\\/\\\/thelyflabs.com\\\/#\\\/schema\\\/logo\\\/image\\\/\",\"url\":\"https:\\\/\\\/thelyflabs.com\\\/wp-content\\\/uploads\\\/2023\\\/01\\\/cropped-LogoTheLYFLabs.png\",\"contentUrl\":\"https:\\\/\\\/thelyflabs.com\\\/wp-content\\\/uploads\\\/2023\\\/01\\\/cropped-LogoTheLYFLabs.png\",\"width\":600,\"height\":180,\"caption\":\"The LYF Labs\"},\"image\":{\"@id\":\"https:\\\/\\\/thelyflabs.com\\\/#\\\/schema\\\/logo\\\/image\\\/\"}}]}<\/script>\n<!-- \/ Yoast SEO plugin. -->","yoast_head_json":{"title":"Organic Mushroom Extract Focus - THE LYF LABS","description":"Discover the power of organic Focus mushroom extract to improve concentration and mental clarity. Ideal for combating distraction, increasing focus, and boosting your productivity naturally. Buy it at The LYF Labs","robots":{"index":"index","follow":"follow","max-snippet":"max-snippet:-1","max-image-preview":"max-image-preview:large","max-video-preview":"max-video-preview:-1"},"canonical":"https:\/\/thelyflabs.com\/en\/product\/extracto-organico-de-hongos-focus\/","og_locale":"en_GB","og_type":"article","og_title":"Extracto Org\u00e1nico de Hongos Focus - THE LYF LABS","og_description":"Descubre el poder del extracto org\u00e1nico de hongo Focus para mejorar la concentraci\u00f3n y la claridad mental. Ideal para combatir la distracci\u00f3n, aumentar el enfoque y potenciar tu productividad de manera natural. Compr\u00e1lo en The LYF Labs","og_url":"https:\/\/thelyflabs.com\/en\/product\/extracto-organico-de-hongos-focus\/","og_site_name":"THE LYF LABS","article_modified_time":"2025-09-15T15:23:59+00:00","og_image":[{"width":1409,"height":2000,"url":"https:\/\/thelyflabs.com\/wp-content\/uploads\/2024\/10\/4.webp","type":"image\/webp"}],"twitter_card":"summary_large_image","twitter_misc":{"Estimated reading time":"2 minutes"},"schema":{"@context":"https:\/\/schema.org","@graph":[{"@type":"WebPage","@id":"https:\/\/thelyflabs.com\/product\/extracto-organico-de-hongos-focus","url":"https:\/\/thelyflabs.com\/product\/extracto-organico-de-hongos-focus","name":"Organic Mushroom Extract Focus - THE LYF LABS","isPartOf":{"@id":"https:\/\/thelyflabs.com\/#website"},"primaryImageOfPage":{"@id":"https:\/\/thelyflabs.com\/product\/extracto-organico-de-hongos-focus#primaryimage"},"image":{"@id":"https:\/\/thelyflabs.com\/product\/extracto-organico-de-hongos-focus#primaryimage"},"thumbnailUrl":"https:\/\/thelyflabs.com\/wp-content\/uploads\/2024\/10\/4.webp","datePublished":"2024-11-07T11:42:43+00:00","dateModified":"2025-09-15T15:23:59+00:00","description":"Discover the power of organic Focus mushroom extract to improve concentration and mental clarity. Ideal for combating distraction, increasing focus, and boosting your productivity naturally. Buy it at The LYF Labs","breadcrumb":{"@id":"https:\/\/thelyflabs.com\/product\/extracto-organico-de-hongos-focus#breadcrumb"},"inLanguage":"en-GB","potentialAction":[{"@type":"ReadAction","target":["https:\/\/thelyflabs.com\/product\/extracto-organico-de-hongos-focus"]}]},{"@type":"ImageObject","inLanguage":"en-GB","@id":"https:\/\/thelyflabs.com\/product\/extracto-organico-de-hongos-focus#primaryimage","url":"https:\/\/thelyflabs.com\/wp-content\/uploads\/2024\/10\/4.webp","contentUrl":"https:\/\/thelyflabs.com\/wp-content\/uploads\/2024\/10\/4.webp","width":1409,"height":2000},{"@type":"BreadcrumbList","@id":"https:\/\/thelyflabs.com\/product\/extracto-organico-de-hongos-focus#breadcrumb","itemListElement":[{"@type":"ListItem","position":1,"name":"Portada","item":"https:\/\/thelyflabs.com\/"},{"@type":"ListItem","position":2,"name":"Tienda","item":"https:\/\/thelyflabs.com\/tienda"},{"@type":"ListItem","position":3,"name":"Extracto Org\u00e1nico de Hongos Focus"}]},{"@type":"WebSite","@id":"https:\/\/thelyflabs.com\/#website","url":"https:\/\/thelyflabs.com\/","name":"The LYF Labs","description":"CBD wholesale","publisher":{"@id":"https:\/\/thelyflabs.com\/#organization"},"potentialAction":[{"@type":"SearchAction","target":{"@type":"EntryPoint","urlTemplate":"https:\/\/thelyflabs.com\/?s={search_term_string}"},"query-input":{"@type":"PropertyValueSpecification","valueRequired":true,"valueName":"search_term_string"}}],"inLanguage":"en-GB"},{"@type":"Organization","@id":"https:\/\/thelyflabs.com\/#organization","name":"The LYF Labs","url":"https:\/\/thelyflabs.com\/","logo":{"@type":"ImageObject","inLanguage":"en-GB","@id":"https:\/\/thelyflabs.com\/#\/schema\/logo\/image\/","url":"https:\/\/thelyflabs.com\/wp-content\/uploads\/2023\/01\/cropped-LogoTheLYFLabs.png","contentUrl":"https:\/\/thelyflabs.com\/wp-content\/uploads\/2023\/01\/cropped-LogoTheLYFLabs.png","width":600,"height":180,"caption":"The LYF Labs"},"image":{"@id":"https:\/\/thelyflabs.com\/#\/schema\/logo\/image\/"}}]}},"_links":{"self":[{"href":"https:\/\/thelyflabs.com\/en\/wp-json\/wp\/v2\/product\/8839","targetHints":{"allow":["GET"]}}],"collection":[{"href":"https:\/\/thelyflabs.com\/en\/wp-json\/wp\/v2\/product"}],"about":[{"href":"https:\/\/thelyflabs.com\/en\/wp-json\/wp\/v2\/types\/product"}],"replies":[{"embeddable":true,"href":"https:\/\/thelyflabs.com\/en\/wp-json\/wp\/v2\/comments?post=8839"}],"wp:featuredmedia":[{"embeddable":true,"href":"https:\/\/thelyflabs.com\/en\/wp-json\/wp\/v2\/media\/8840"}],"wp:attachment":[{"href":"https:\/\/thelyflabs.com\/en\/wp-json\/wp\/v2\/media?parent=8839"}],"wp:term":[{"taxonomy":"product_brand","embeddable":true,"href":"https:\/\/thelyflabs.com\/en\/wp-json\/wp\/v2\/product_brand?post=8839"},{"taxonomy":"product_cat","embeddable":true,"href":"https:\/\/thelyflabs.com\/en\/wp-json\/wp\/v2\/product_cat?post=8839"},{"taxonomy":"product_tag","embeddable":true,"href":"https:\/\/thelyflabs.com\/en\/wp-json\/wp\/v2\/product_tag?post=8839"}],"curies":[{"name":"wp","href":"https:\/\/api.w.org\/{rel}","templated":true}]}}