{"id":8841,"date":"2024-11-07T12:40:49","date_gmt":"2024-11-07T11:40:49","guid":{"rendered":"https:\/\/thelyflabs.com\/?post_type=product&#038;p=8841"},"modified":"2025-09-15T17:24:50","modified_gmt":"2025-09-15T15:24:50","slug":"extracto-de-hongos-sleep","status":"publish","type":"product","link":"https:\/\/thelyflabs.com\/en\/product\/extracto-de-hongos-sleep","title":{"rendered":"Sleep Mushroom Extract"},"content":{"rendered":"<h1>Sleep Mushroom Extract<\/h1>\n<p>Lack of sleep can significantly impact our health and well-being. Getting enough sleep is crucial for functioning, energy, and recovery. Studies show that a good night\u2019s sleep, while completely necessary and natural, is elusive for one-third of the population.<\/p>\n<p>The <strong>Tincture for Sleep<\/strong> is a blend of the finest adaptogenic mushroom extracts and herbal remedies, designed to help you fall asleep and, most importantly, maintain restful sleep.<\/p>\n<h3>Active ingredients:<\/h3>\n<h4><strong>Adaptogenic mushrooms:<\/strong><\/h4>\n<ul>\n<li><strong>Reishi:<\/strong> The superhero of non-REM sleep. It prolongs the time spent in this crucial phase, ensuring quality sleep.<\/li>\n<li><strong>Cordyceps:<\/strong> It regulates the circadian rhythm and can increase serotonin and melatonin levels, both essential for the sleep process.<\/li>\n<li><strong>Lion&#039;s Mane:<\/strong> It promotes the natural increase of BDNF, whose deficiency is associated with sleep problems, according to studies.<\/li>\n<li><strong>Chaga:<\/strong> Regulates the stress response system, reducing inflammation, cholesterol and blood sugar levels.<\/li>\n<\/ul>\n<h4><strong>Flower remedies:<\/strong><\/h4>\n<ul>\n<li><strong>Eastern Water River:<\/strong> Helps release old feelings and emotions.<\/li>\n<li><strong>Bell:<\/strong> It facilitates the unraveling of complex thoughts.<\/li>\n<li><strong>Oak:<\/strong> Promotes stillness and rest.<\/li>\n<li><strong>Veronica:<\/strong> Promotes mental slowing.<\/li>\n<li><strong>Wild garlic:<\/strong> Provides universal support and helps to leave fears behind.<\/li>\n<li><strong>Red Chestnut:<\/strong> It helps to release worries about others and what you cannot change.<\/li>\n<li><strong>White Chestnut:<\/strong> It makes it easier to let go of unwanted thoughts.<\/li>\n<\/ul>\n<p>The <strong>Compass of Dreams<\/strong> helps relax the mind and body in preparation for sleep and accompanies you throughout the night to ensure a deep and restful sleep.<\/p>\n<h3>Warnings:<\/h3>\n<ul>\n<li>Keep out of eyes.<\/li>\n<li>Consult a professional if you are pregnant or breastfeeding.<\/li>\n<li>Keep out of reach of children.<\/li>\n<\/ul>","protected":false},"excerpt":{"rendered":"<p><strong>The compass to find calm in a restless mind and stop the annoying cycle of repetitive thoughts and find the desired dream.<\/strong><\/p>\n<p><strong>Size:<\/strong> 50 ml<br \/>\n<strong>Servings:<\/strong> 30 (5\u20136 sprays per day)<\/p>","protected":false},"featured_media":8842,"comment_status":"open","ping_status":"closed","template":"","meta":{"_acf_changed":false,"site-sidebar-layout":"default","site-content-layout":"","ast-site-content-layout":"default","site-content-style":"default","site-sidebar-style":"default","ast-global-header-display":"","ast-banner-title-visibility":"","ast-main-header-display":"","ast-hfb-above-header-display":"","ast-hfb-below-header-display":"","ast-hfb-mobile-header-display":"","site-post-title":"","ast-breadcrumbs-content":"","ast-featured-img":"","footer-sml-layout":"","theme-transparent-header-meta":"default","adv-header-id-meta":"","stick-header-meta":"","header-above-stick-meta":"","header-main-stick-meta":"","header-below-stick-meta":"","astra-migrate-meta-layouts":"set","ast-page-background-enabled":"default","ast-page-background-meta":{"desktop":{"background-color":"var(--ast-global-color-4)","background-image":"","background-repeat":"repeat","background-position":"center center","background-size":"auto","background-attachment":"scroll","background-type":"","background-media":"","overlay-type":"","overlay-color":"","overlay-opacity":"","overlay-gradient":""},"tablet":{"background-color":"","background-image":"","background-repeat":"repeat","background-position":"center center","background-size":"auto","background-attachment":"scroll","background-type":"","background-media":"","overlay-type":"","overlay-color":"","overlay-opacity":"","overlay-gradient":""},"mobile":{"background-color":"","background-image":"","background-repeat":"repeat","background-position":"center center","background-size":"auto","background-attachment":"scroll","background-type":"","background-media":"","overlay-type":"","overlay-color":"","overlay-opacity":"","overlay-gradient":""}},"ast-content-background-meta":{"desktop":{"background-color":"var(--ast-global-color-5)","background-image":"","background-repeat":"repeat","background-position":"center center","background-size":"auto","background-attachment":"scroll","background-type":"","background-media":"","overlay-type":"","overlay-color":"","overlay-opacity":"","overlay-gradient":""},"tablet":{"background-color":"var(--ast-global-color-5)","background-image":"","background-repeat":"repeat","background-position":"center center","background-size":"auto","background-attachment":"scroll","background-type":"","background-media":"","overlay-type":"","overlay-color":"","overlay-opacity":"","overlay-gradient":""},"mobile":{"background-color":"var(--ast-global-color-5)","background-image":"","background-repeat":"repeat","background-position":"center center","background-size":"auto","background-attachment":"scroll","background-type":"","background-media":"","overlay-type":"","overlay-color":"","overlay-opacity":"","overlay-gradient":""}}},"product_brand":[],"product_cat":[127],"product_tag":[],"class_list":{"0":"post-8841","1":"product","2":"type-product","3":"status-publish","4":"has-post-thumbnail","6":"product_cat-setas-funcionales","7":"desktop-align-center","8":"tablet-align-left","9":"mobile-align-left","11":"first","12":"outofstock","13":"taxable","14":"shipping-taxable","15":"purchasable","16":"product-type-simple"},"acf":[],"yoast_head":"<!-- This site is optimized with the Yoast SEO plugin v27.4 - https:\/\/yoast.com\/product\/yoast-seo-wordpress\/ -->\n<title>Extracto de Hongos Sleep - THE LYF LABS<\/title>\n<meta name=\"description\" content=\"Mejora tu descanso con el extracto org\u00e1nico de hongo Sleep. Formulado con hongos adapt\u00f3genos para ayudarte a conciliar el sue\u00f1o y mantener un descanso profundo. \u00a1Compra ahora y disfruta de noches reparadoras!\" \/>\n<meta name=\"robots\" content=\"index, follow, max-snippet:-1, max-image-preview:large, max-video-preview:-1\" \/>\n<link rel=\"canonical\" href=\"https:\/\/thelyflabs.com\/en\/product\/extracto-de-hongos-sleep\/\" \/>\n<meta property=\"og:locale\" content=\"en_GB\" \/>\n<meta property=\"og:type\" content=\"article\" \/>\n<meta property=\"og:title\" content=\"Extracto de Hongos Sleep - THE LYF LABS\" \/>\n<meta property=\"og:description\" content=\"Mejora tu descanso con el extracto org\u00e1nico de hongo Sleep. Formulado con hongos adapt\u00f3genos para ayudarte a conciliar el sue\u00f1o y mantener un descanso profundo. \u00a1Compra ahora y disfruta de noches reparadoras!\" \/>\n<meta property=\"og:url\" content=\"https:\/\/thelyflabs.com\/en\/product\/extracto-de-hongos-sleep\/\" \/>\n<meta property=\"og:site_name\" content=\"THE LYF LABS\" \/>\n<meta property=\"article:modified_time\" content=\"2025-09-15T15:24:50+00:00\" \/>\n<meta property=\"og:image\" content=\"https:\/\/thelyflabs.com\/wp-content\/uploads\/2024\/10\/5-1.webp\" \/>\n\t<meta property=\"og:image:width\" content=\"1409\" \/>\n\t<meta property=\"og:image:height\" content=\"2000\" \/>\n\t<meta property=\"og:image:type\" content=\"image\/webp\" \/>\n<meta name=\"twitter:card\" content=\"summary_large_image\" \/>\n<meta name=\"twitter:label1\" content=\"Estimated reading time\" \/>\n\t<meta name=\"twitter:data1\" content=\"2 minutes\" \/>\n<script type=\"application\/ld+json\" class=\"yoast-schema-graph\">{\"@context\":\"https:\\\/\\\/schema.org\",\"@graph\":[{\"@type\":\"WebPage\",\"@id\":\"https:\\\/\\\/thelyflabs.com\\\/product\\\/extracto-de-hongos-sleep\",\"url\":\"https:\\\/\\\/thelyflabs.com\\\/product\\\/extracto-de-hongos-sleep\",\"name\":\"Extracto de Hongos Sleep - THE LYF LABS\",\"isPartOf\":{\"@id\":\"https:\\\/\\\/thelyflabs.com\\\/#website\"},\"primaryImageOfPage\":{\"@id\":\"https:\\\/\\\/thelyflabs.com\\\/product\\\/extracto-de-hongos-sleep#primaryimage\"},\"image\":{\"@id\":\"https:\\\/\\\/thelyflabs.com\\\/product\\\/extracto-de-hongos-sleep#primaryimage\"},\"thumbnailUrl\":\"https:\\\/\\\/thelyflabs.com\\\/wp-content\\\/uploads\\\/2024\\\/10\\\/5-1.webp\",\"datePublished\":\"2024-11-07T11:40:49+00:00\",\"dateModified\":\"2025-09-15T15:24:50+00:00\",\"description\":\"Mejora tu descanso con el extracto org\u00e1nico de hongo Sleep. Formulado con hongos adapt\u00f3genos para ayudarte a conciliar el sue\u00f1o y mantener un descanso profundo. \u00a1Compra ahora y disfruta de noches reparadoras!\",\"breadcrumb\":{\"@id\":\"https:\\\/\\\/thelyflabs.com\\\/product\\\/extracto-de-hongos-sleep#breadcrumb\"},\"inLanguage\":\"en-GB\",\"potentialAction\":[{\"@type\":\"ReadAction\",\"target\":[\"https:\\\/\\\/thelyflabs.com\\\/product\\\/extracto-de-hongos-sleep\"]}]},{\"@type\":\"ImageObject\",\"inLanguage\":\"en-GB\",\"@id\":\"https:\\\/\\\/thelyflabs.com\\\/product\\\/extracto-de-hongos-sleep#primaryimage\",\"url\":\"https:\\\/\\\/thelyflabs.com\\\/wp-content\\\/uploads\\\/2024\\\/10\\\/5-1.webp\",\"contentUrl\":\"https:\\\/\\\/thelyflabs.com\\\/wp-content\\\/uploads\\\/2024\\\/10\\\/5-1.webp\",\"width\":1409,\"height\":2000},{\"@type\":\"BreadcrumbList\",\"@id\":\"https:\\\/\\\/thelyflabs.com\\\/product\\\/extracto-de-hongos-sleep#breadcrumb\",\"itemListElement\":[{\"@type\":\"ListItem\",\"position\":1,\"name\":\"Portada\",\"item\":\"https:\\\/\\\/thelyflabs.com\\\/\"},{\"@type\":\"ListItem\",\"position\":2,\"name\":\"Tienda\",\"item\":\"https:\\\/\\\/thelyflabs.com\\\/tienda\"},{\"@type\":\"ListItem\",\"position\":3,\"name\":\"Extracto de Hongos Sleep\"}]},{\"@type\":\"WebSite\",\"@id\":\"https:\\\/\\\/thelyflabs.com\\\/#website\",\"url\":\"https:\\\/\\\/thelyflabs.com\\\/\",\"name\":\"The LYF Labs\",\"description\":\"CBD al por mayor\",\"publisher\":{\"@id\":\"https:\\\/\\\/thelyflabs.com\\\/#organization\"},\"potentialAction\":[{\"@type\":\"SearchAction\",\"target\":{\"@type\":\"EntryPoint\",\"urlTemplate\":\"https:\\\/\\\/thelyflabs.com\\\/?s={search_term_string}\"},\"query-input\":{\"@type\":\"PropertyValueSpecification\",\"valueRequired\":true,\"valueName\":\"search_term_string\"}}],\"inLanguage\":\"en-GB\"},{\"@type\":\"Organization\",\"@id\":\"https:\\\/\\\/thelyflabs.com\\\/#organization\",\"name\":\"The LYF Labs\",\"url\":\"https:\\\/\\\/thelyflabs.com\\\/\",\"logo\":{\"@type\":\"ImageObject\",\"inLanguage\":\"en-GB\",\"@id\":\"https:\\\/\\\/thelyflabs.com\\\/#\\\/schema\\\/logo\\\/image\\\/\",\"url\":\"https:\\\/\\\/thelyflabs.com\\\/wp-content\\\/uploads\\\/2023\\\/01\\\/cropped-LogoTheLYFLabs.png\",\"contentUrl\":\"https:\\\/\\\/thelyflabs.com\\\/wp-content\\\/uploads\\\/2023\\\/01\\\/cropped-LogoTheLYFLabs.png\",\"width\":600,\"height\":180,\"caption\":\"The LYF Labs\"},\"image\":{\"@id\":\"https:\\\/\\\/thelyflabs.com\\\/#\\\/schema\\\/logo\\\/image\\\/\"}}]}<\/script>\n<!-- \/ Yoast SEO plugin. -->","yoast_head_json":{"title":"Extracto de Hongos Sleep - THE LYF LABS","description":"Mejora tu descanso con el extracto org\u00e1nico de hongo Sleep. Formulado con hongos adapt\u00f3genos para ayudarte a conciliar el sue\u00f1o y mantener un descanso profundo. \u00a1Compra ahora y disfruta de noches reparadoras!","robots":{"index":"index","follow":"follow","max-snippet":"max-snippet:-1","max-image-preview":"max-image-preview:large","max-video-preview":"max-video-preview:-1"},"canonical":"https:\/\/thelyflabs.com\/en\/product\/extracto-de-hongos-sleep\/","og_locale":"en_GB","og_type":"article","og_title":"Extracto de Hongos Sleep - THE LYF LABS","og_description":"Mejora tu descanso con el extracto org\u00e1nico de hongo Sleep. Formulado con hongos adapt\u00f3genos para ayudarte a conciliar el sue\u00f1o y mantener un descanso profundo. \u00a1Compra ahora y disfruta de noches reparadoras!","og_url":"https:\/\/thelyflabs.com\/en\/product\/extracto-de-hongos-sleep\/","og_site_name":"THE LYF LABS","article_modified_time":"2025-09-15T15:24:50+00:00","og_image":[{"width":1409,"height":2000,"url":"https:\/\/thelyflabs.com\/wp-content\/uploads\/2024\/10\/5-1.webp","type":"image\/webp"}],"twitter_card":"summary_large_image","twitter_misc":{"Estimated reading time":"2 minutes"},"schema":{"@context":"https:\/\/schema.org","@graph":[{"@type":"WebPage","@id":"https:\/\/thelyflabs.com\/product\/extracto-de-hongos-sleep","url":"https:\/\/thelyflabs.com\/product\/extracto-de-hongos-sleep","name":"Extracto de Hongos Sleep - THE LYF LABS","isPartOf":{"@id":"https:\/\/thelyflabs.com\/#website"},"primaryImageOfPage":{"@id":"https:\/\/thelyflabs.com\/product\/extracto-de-hongos-sleep#primaryimage"},"image":{"@id":"https:\/\/thelyflabs.com\/product\/extracto-de-hongos-sleep#primaryimage"},"thumbnailUrl":"https:\/\/thelyflabs.com\/wp-content\/uploads\/2024\/10\/5-1.webp","datePublished":"2024-11-07T11:40:49+00:00","dateModified":"2025-09-15T15:24:50+00:00","description":"Mejora tu descanso con el extracto org\u00e1nico de hongo Sleep. Formulado con hongos adapt\u00f3genos para ayudarte a conciliar el sue\u00f1o y mantener un descanso profundo. \u00a1Compra ahora y disfruta de noches reparadoras!","breadcrumb":{"@id":"https:\/\/thelyflabs.com\/product\/extracto-de-hongos-sleep#breadcrumb"},"inLanguage":"en-GB","potentialAction":[{"@type":"ReadAction","target":["https:\/\/thelyflabs.com\/product\/extracto-de-hongos-sleep"]}]},{"@type":"ImageObject","inLanguage":"en-GB","@id":"https:\/\/thelyflabs.com\/product\/extracto-de-hongos-sleep#primaryimage","url":"https:\/\/thelyflabs.com\/wp-content\/uploads\/2024\/10\/5-1.webp","contentUrl":"https:\/\/thelyflabs.com\/wp-content\/uploads\/2024\/10\/5-1.webp","width":1409,"height":2000},{"@type":"BreadcrumbList","@id":"https:\/\/thelyflabs.com\/product\/extracto-de-hongos-sleep#breadcrumb","itemListElement":[{"@type":"ListItem","position":1,"name":"Portada","item":"https:\/\/thelyflabs.com\/"},{"@type":"ListItem","position":2,"name":"Tienda","item":"https:\/\/thelyflabs.com\/tienda"},{"@type":"ListItem","position":3,"name":"Extracto de Hongos Sleep"}]},{"@type":"WebSite","@id":"https:\/\/thelyflabs.com\/#website","url":"https:\/\/thelyflabs.com\/","name":"The LYF Labs","description":"CBD wholesale","publisher":{"@id":"https:\/\/thelyflabs.com\/#organization"},"potentialAction":[{"@type":"SearchAction","target":{"@type":"EntryPoint","urlTemplate":"https:\/\/thelyflabs.com\/?s={search_term_string}"},"query-input":{"@type":"PropertyValueSpecification","valueRequired":true,"valueName":"search_term_string"}}],"inLanguage":"en-GB"},{"@type":"Organization","@id":"https:\/\/thelyflabs.com\/#organization","name":"The LYF Labs","url":"https:\/\/thelyflabs.com\/","logo":{"@type":"ImageObject","inLanguage":"en-GB","@id":"https:\/\/thelyflabs.com\/#\/schema\/logo\/image\/","url":"https:\/\/thelyflabs.com\/wp-content\/uploads\/2023\/01\/cropped-LogoTheLYFLabs.png","contentUrl":"https:\/\/thelyflabs.com\/wp-content\/uploads\/2023\/01\/cropped-LogoTheLYFLabs.png","width":600,"height":180,"caption":"The LYF Labs"},"image":{"@id":"https:\/\/thelyflabs.com\/#\/schema\/logo\/image\/"}}]}},"_links":{"self":[{"href":"https:\/\/thelyflabs.com\/en\/wp-json\/wp\/v2\/product\/8841","targetHints":{"allow":["GET"]}}],"collection":[{"href":"https:\/\/thelyflabs.com\/en\/wp-json\/wp\/v2\/product"}],"about":[{"href":"https:\/\/thelyflabs.com\/en\/wp-json\/wp\/v2\/types\/product"}],"replies":[{"embeddable":true,"href":"https:\/\/thelyflabs.com\/en\/wp-json\/wp\/v2\/comments?post=8841"}],"wp:featuredmedia":[{"embeddable":true,"href":"https:\/\/thelyflabs.com\/en\/wp-json\/wp\/v2\/media\/8842"}],"wp:attachment":[{"href":"https:\/\/thelyflabs.com\/en\/wp-json\/wp\/v2\/media?parent=8841"}],"wp:term":[{"taxonomy":"product_brand","embeddable":true,"href":"https:\/\/thelyflabs.com\/en\/wp-json\/wp\/v2\/product_brand?post=8841"},{"taxonomy":"product_cat","embeddable":true,"href":"https:\/\/thelyflabs.com\/en\/wp-json\/wp\/v2\/product_cat?post=8841"},{"taxonomy":"product_tag","embeddable":true,"href":"https:\/\/thelyflabs.com\/en\/wp-json\/wp\/v2\/product_tag?post=8841"}],"curies":[{"name":"wp","href":"https:\/\/api.w.org\/{rel}","templated":true}]}}