{"id":3,"date":"2023-01-22T14:15:50","date_gmt":"2023-01-22T14:15:50","guid":{"rendered":"http:\/\/thelyflabs.com\/?page_id=3"},"modified":"2026-03-25T09:32:14","modified_gmt":"2026-03-25T08:32:14","slug":"privacy-policy","status":"publish","type":"page","link":"https:\/\/thelyflabs.com\/fr\/privacy-policy","title":{"rendered":"Politique de confidentialit\u00e9"},"content":{"rendered":"<p style=\"text-align: justify;\"><strong>Conditions l\u00e9gales de confidentialit\u00e9<\/strong><\/p>\n<!-- \/wp:post-content -->\n<p style=\"text-align: justify;\"><!-- wp:paragraph -->Les Conditions L\u00e9gales de Confidentialit\u00e9 font partie des Conditions L\u00e9gales G\u00e9n\u00e9rales (ci-apr\u00e8s, les \u00ab Conditions d&#039;Utilisation \u00bb) qui r\u00e9gissent, entre autres, l&#039;acc\u00e8s et l&#039;utilisation du site Internet contenu dans le domaine thelyflabs.com (ci-apr\u00e8s, le \u00ab Site Internet \u00bb). \u00bb ).<\/p>\n<!-- \/wp:paragraph -->\n<p style=\"text-align: justify;\"><!-- wp:paragraph -->L&#039;acc\u00e8s et l&#039;utilisation du Site impliquent l&#039;acceptation, sans r\u00e9serve d&#039;aucune sorte, en tant qu&#039;UTILISATEUR, des Conditions d&#039;Utilisation.<\/p>\n<!-- \/wp:paragraph -->\n<p style=\"text-align: justify;\"><!-- wp:paragraph --><strong>1. IDENTIFICATION DU RESPONSABLE<\/strong><\/p>\n<!-- \/wp:paragraph -->\n<p style=\"text-align: justify;\"><!-- wp:paragraph -->Raz\u00f3n Social: Aura Works s.r.o.<\/p>\n<!-- \/wp:paragraph -->\n<p style=\"text-align: justify;\"><!-- wp:paragraph -->N\u00famero de Identificaci\u00f3n Fiscal (VAT): CZ23934352<\/p>\n<!-- \/wp:paragraph -->\n<p style=\"text-align: justify;\"><!-- wp:paragraph -->N\u00famero de Identificaci\u00f3n (I\u010cO): 239 34 352<\/p>\n<!-- \/wp:paragraph -->\n<p style=\"text-align: justify;\"><!-- wp:paragraph -->Domicilio Social: \u0160umavsk\u00e1 1094\/3, Vinohrady, 120 00 Praga 2, Rep\u00fablica Checa<\/p>\n<!-- \/wp:paragraph -->\n<p style=\"text-align: justify;\"><!-- wp:paragraph -->Courriel : contacto@thelyflabs.com<\/p>\n<!-- \/wp:paragraph -->\n<p style=\"text-align: justify;\"><!-- wp:paragraph --><strong>2. DONN\u00c9ES PERSONNELLES QUE NOUS STOCKONS ET TRAITONS<\/strong><\/p>\n<!-- \/wp:paragraph -->\n<p style=\"text-align: justify;\"><!-- wp:paragraph -->Les informations que nous collectons comprennent l&#039;adresse de protocole Internet (IP) de l&#039;appareil que vous utilisez, le programme de navigation que vous utilisez, votre syst\u00e8me d&#039;exploitation, la date et l&#039;heure d&#039;acc\u00e8s, l&#039;adresse Internet par laquelle vous avez acc\u00e9d\u00e9 \u00e0 notre site Web, ainsi que des informations sur comment vous utilisez notre site Web.<\/p>\n<!-- \/wp:paragraph -->\n<p style=\"text-align: justify;\"><!-- wp:paragraph -->De mani\u00e8re g\u00e9n\u00e9rale, les informations personnelles que nous fournit l&#039;UTILISATEUR et\/ou UTILISATEUR-CLIENT sont : nom et pr\u00e9nom, adresse, pi\u00e8ce d&#039;identit\u00e9, date de naissance, email, num\u00e9ro de t\u00e9l\u00e9phone de contact et informations de paiement.<\/p>\n<!-- \/wp:paragraph -->\n<p style=\"text-align: justify;\"><!-- wp:paragraph -->Nous ne collectons aucune information personnelle aupr\u00e8s de mineurs.<\/p>\n<!-- \/wp:paragraph -->\n<p style=\"text-align: justify;\"><!-- wp:paragraph -->Si vous \u00eates mineur, veuillez ne pas tenter de vous inscrire en tant que CLIENT-UTILISATEUR.<\/p>\n<!-- \/wp:paragraph -->\n<p style=\"text-align: justify;\"><!-- wp:paragraph -->Si nous d\u00e9couvrons que nous avons obtenu par erreur des informations personnelles d&#039;un mineur, nous supprimerons ces informations d\u00e8s que possible.<\/p>\n<!-- \/wp:paragraph -->\n<p style=\"text-align: justify;\"><!-- wp:paragraph --><strong>3. ACCEPTATION ET CONSENTEMENT DE LA PARTIE INT\u00c9RESS\u00c9E<\/strong><\/p>\n<!-- \/wp:paragraph -->\n<p style=\"text-align: justify;\"><!-- wp:paragraph -->Dans les cas o\u00f9 pour faire une demande, il est n\u00e9cessaire de remplir et d&#039;envoyer un formulaire, le remplir impliquera n\u00e9cessairement que vous avez \u00e9t\u00e9 inform\u00e9 et que vous avez express\u00e9ment donn\u00e9 votre consentement au contenu de la clause jointe audit formulaire ou l&#039;acceptation de la Politique de Confidentialit\u00e9. .<\/p>\n<!-- \/wp:paragraph -->\n<p style=\"text-align: justify;\"><!-- wp:paragraph -->Tous nos formulaires comportent le symbole * dans les donn\u00e9es obligatoires. Si vous ne fournissez pas ces champs ou n&#039;acceptez pas la politique de confidentialit\u00e9, l&#039;envoi des informations ne sera pas autoris\u00e9.<\/p>\n<!-- \/wp:paragraph -->\n<p style=\"text-align: justify;\"><!-- wp:paragraph -->En particulier, l&#039;UTILISATEUR : \u00ab J&#039;ai plus de 18 ans et j&#039;ai lu et accept\u00e9 la Politique de Confidentialit\u00e9 et Cookies \u00bb.<\/p>\n<!-- \/wp:paragraph -->\n<p style=\"text-align: justify;\"><!-- wp:paragraph --><strong>4. L\u00c9GITIMATION DU TRAITEMENT DES DONN\u00c9ES PERSONNELLES<\/strong><\/p>\n<!-- \/wp:paragraph -->\n<p style=\"text-align: justify;\"><!-- wp:paragraph -->A. Consentement de l&#039;UTILISATEUR et\/ou UTILISATEUR-CLIENT.<\/p>\n<!-- \/wp:paragraph -->\n<p style=\"text-align: justify;\"><!-- wp:paragraph -->B. Ex\u00e9cution d&#039;un contrat.<\/p>\n<!-- \/wp:paragraph -->\n<p style=\"text-align: justify;\"><!-- wp:paragraph -->C. Cumplimiento de obligaciones legales, como puede ser la gesti\u00f3n del cobro de los recibos correspondientes al pago de los servicios prestados.<\/p>\n<!-- \/wp:paragraph -->\n<p style=\"text-align: justify;\"><!-- wp:paragraph --><strong>5. RESPECT D&#039;UNE OBLIGATION L\u00c9GALE<\/strong><\/p>\n<!-- \/wp:paragraph -->\n<p style=\"text-align: justify;\"><!-- wp:paragraph -->La gesti\u00f3n del cobro de los recibos correspondientes al pago de los servicios prestados se realizar\u00e1 de conformidad con la normativa legal aplicable en cada momento.<\/p>\n<!-- \/wp:paragraph -->\n<p style=\"text-align: justify;\"><!-- wp:paragraph --><strong>6. UTILISATEUR-CLIENT, FINALIT\u00c9S DU TRAITEMENT DE VOS DONN\u00c9ES<\/strong><\/p>\n<!-- \/wp:paragraph -->\n<p style=\"text-align: justify;\"><!-- wp:paragraph -->Chez The LYF Labs, nous traiterons vos donn\u00e9es personnelles aux fins suivantes\u00a0:<\/p>\n<!-- \/wp:paragraph -->\n<p style=\"text-align: justify;\"><!-- wp:paragraph -->A. G\u00e9rer la relation contractuelle et la fourniture des services demand\u00e9s par l&#039;UTILISATEUR-CLIENT.<\/p>\n<!-- \/wp:paragraph -->\n<p style=\"text-align: justify;\"><!-- wp:paragraph -->B. Effectuer toutes les d\u00e9marches administratives, fiscales et comptables n\u00e9cessaires au respect de nos engagements et obligations l\u00e9gales.<\/p>\n<!-- \/wp:paragraph -->\n<p style=\"text-align: justify;\"><!-- wp:paragraph -->C. En cas de pr\u00e9l\u00e8vement automatique, The LYF Labs g\u00e9rera l&#039;encaissement sur le compte indiqu\u00e9 \u00e0 cet effet et ind\u00e9finiment, tant que les relations entre les deux parties se poursuivent, au travers des quittances correspondant au paiement des prestations fournies par The LYF Labs. .<\/p>\n<!-- \/wp:paragraph -->\n<p style=\"text-align: justify;\"><!-- wp:paragraph -->D. Informer l&#039;UTILISATEUR-CLIENT par tout moyen, y compris l&#039;envoi de communications commerciales \u00e0 l&#039;adresse \u00e9lectronique que l&#039;UTILISATEUR-CLIENT, le cas \u00e9ch\u00e9ant, fournit, des produits et services de The LYF Labs similaires \u00e0 ceux achet\u00e9s par l&#039;Utilisateur.<\/p>\n<!-- \/wp:paragraph -->\n<p style=\"text-align: justify;\"><!-- wp:paragraph -->E. R\u00e9aliser des activit\u00e9s promotionnelles sur d&#039;autres produits et services de The LYF Labs, y compris l&#039;envoi de communications commerciales \u00e0 l&#039;adresse e-mail fournie par l&#039;UTILISATEUR-CLIENT, le cas \u00e9ch\u00e9ant.<\/p>\n<!-- \/wp:paragraph -->\n<p style=\"text-align: justify;\"><!-- wp:paragraph --><strong>7. DROITS DE L&#039;UTILISATEUR<\/strong><\/p>\n<!-- \/wp:paragraph -->\n<p style=\"text-align: justify;\"><!-- wp:paragraph -->A. Sachez si nous traitons vos donn\u00e9es ou non.<\/p>\n<!-- \/wp:paragraph -->\n<p style=\"text-align: justify;\"><!-- wp:paragraph -->B. Acc\u00e9dez \u00e0 vos donn\u00e9es personnelles.<\/p>\n<!-- \/wp:paragraph -->\n<p style=\"text-align: justify;\"><!-- wp:paragraph -->C. Demander la rectification de vos donn\u00e9es si elles sont inexactes.<\/p>\n<!-- \/wp:paragraph -->\n<p style=\"text-align: justify;\"><!-- wp:paragraph -->D. Demandez la suppression de vos donn\u00e9es si elles ne sont plus n\u00e9cessaires aux fins pour lesquelles elles ont \u00e9t\u00e9 collect\u00e9es ou si vous retirez le consentement accord\u00e9.<\/p>\n<!-- \/wp:paragraph -->\n<p style=\"text-align: justify;\"><!-- wp:paragraph -->E. Demander la limitation du traitement de vos donn\u00e9es, dans certains cas, auquel cas nous les conserverons uniquement conform\u00e9ment \u00e0 la r\u00e9glementation en vigueur.<\/p>\n<!-- \/wp:paragraph -->\n<p style=\"text-align: justify;\"><!-- wp:paragraph -->F. Transporter vos donn\u00e9es, qui vous seront fournies dans un format structur\u00e9, couramment utilis\u00e9 ou lisible par machine. Si vous pr\u00e9f\u00e9rez, nous pouvons les transmettre au nouveau responsable que vous nous d\u00e9signerez. Elle n&#039;est valable que dans certains cas.<\/p>\n<!-- \/wp:paragraph -->\n<p style=\"text-align: justify;\"><!-- wp:paragraph -->G. D\u00e9poser une r\u00e9clamation aupr\u00e8s de l&#039;Agence espagnole de protection des donn\u00e9es ou de l&#039;autorit\u00e9 de contr\u00f4le comp\u00e9tente, si vous consid\u00e9rez que nous ne vous avons pas servi correctement.<\/p>\n<!-- \/wp:paragraph -->\n<p style=\"text-align: justify;\"><!-- wp:paragraph -->H. R\u00e9voquer votre consentement \u00e0 tout traitement pour lequel vous avez consenti, \u00e0 tout moment.<\/p>\n<!-- \/wp:paragraph -->\n<p style=\"text-align: justify;\"><!-- wp:paragraph -->Si vous modifiez des informations, veuillez nous en informer afin que nous puissions les tenir \u00e0 jour.<\/p>\n<!-- \/wp:paragraph -->\n<p style=\"text-align: justify;\"><!-- wp:paragraph --><strong>8. FORMULAIRE POUR OBTENIR LES DROITS DE L&#039;UTILISATEUR<\/strong><\/p>\n<!-- \/wp:paragraph -->\n<p style=\"text-align: justify;\">Le LYF Labs dispose de formulaires pour l&#039;exercice de vos droits que vous pouvez nous demander par courrier \u00e9lectronique ou, si vous pr\u00e9f\u00e9rez, vous pouvez utiliser ceux pr\u00e9par\u00e9s par l&#039;Agence espagnole de protection des donn\u00e9es ou par des tiers.<\/p>\n<p style=\"text-align: justify;\"><!-- wp:paragraph -->Ces formulaires doivent \u00eatre sign\u00e9s \u00e9lectroniquement ou \u00eatre accompagn\u00e9s d\u2019une photocopie de votre DNI. Si quelqu&#039;un vous repr\u00e9sente, vous devez joindre une copie de votre pi\u00e8ce d&#039;identit\u00e9 ou signer le formulaire avec votre signature \u00e9lectronique. Les formulaires peuvent \u00eatre d\u00e9pos\u00e9s en personne, envoy\u00e9s par lettre simple ou par courrier \u00e9lectronique \u00e0 l&#039;adresse qui figure \u00e0 l&#039;article 1.<\/p>\n<!-- \/wp:paragraph -->\n<p style=\"text-align: justify;\"><!-- wp:paragraph --><strong>9. DUR\u00c9E DE CONSERVATION DES DONN\u00c9ES PERSONNELLES<\/strong><\/p>\n<!-- \/wp:paragraph -->\n<p style=\"text-align: justify;\"><!-- wp:paragraph -->Les donn\u00e9es de l&#039;UTILISATEUR trait\u00e9es pour l&#039;envoi de publicit\u00e9s et de promotions \u00e0 The LYF Labs seront conserv\u00e9es jusqu&#039;\u00e0 la r\u00e9vocation du consentement accord\u00e9. Les donn\u00e9es UTILISATEUR-CLIENT seront conserv\u00e9es pendant toute la dur\u00e9e de la prestation ou obligation l\u00e9gale de les conserver.<\/p>\n<!-- \/wp:paragraph -->\n<p style=\"text-align: justify;\"><!-- wp:paragraph --><strong>10. DESTINATAIRES DES DONN\u00c9ES PERSONNELLES<\/strong><\/p>\n<!-- \/wp:paragraph -->\n<p style=\"text-align: justify;\"><!-- wp:paragraph -->Les donn\u00e9es personnelles collect\u00e9es seront trait\u00e9es exclusivement pour la bonne ex\u00e9cution de la prestation.<\/p>\n<!-- \/wp:paragraph -->\n<p style=\"text-align: justify;\"><!-- wp:paragraph -->Dans le cadre des fonctions d&#039;inspection, d&#039;\u00e9valuation, d&#039;accr\u00e9ditation et de planification, le personnel technique d\u00fbment accr\u00e9dit\u00e9 aura acc\u00e8s \u00e0 vos donn\u00e9es dans l&#039;exercice de ses fonctions de contr\u00f4le de la qualit\u00e9 du service, du respect de vos droits ou de toute autre obligation de l&#039;entreprise en par rapport aux utilisateurs ou \u00e0 l&#039;administration publique elle-m\u00eame.<\/p>\n<!-- \/wp:paragraph -->\n<p style=\"text-align: justify;\"><!-- wp:paragraph -->Vos donn\u00e9es ne seront pas transf\u00e9r\u00e9es \u00e0 des tiers, sauf obligation l\u00e9gale.<\/p>\n<!-- \/wp:paragraph -->\n<p style=\"text-align: justify;\"><!-- wp:paragraph -->En concreto se comunicar\u00e1n a la Agencia Estatal de la Administraci\u00f3n Tributaria y a bancos y entidades financieras para el cobro del servicio prestado o producto adquirido, as\u00ed como a los encargados del tratamiento necesarios para la ejecuci\u00f3n del acuerdo.<\/p>\n<!-- \/wp:paragraph -->\n<p style=\"text-align: justify;\"><!-- wp:paragraph -->En cas d&#039;achat ou de paiement, si vous choisissez une application, un site Internet, une plateforme, une carte bancaire ou tout autre service en ligne, vos donn\u00e9es seront transf\u00e9r\u00e9es vers cette plateforme ou trait\u00e9es dans son environnement, toujours avec une s\u00e9curit\u00e9 maximale.<\/p>\n<!-- \/wp:paragraph -->\n<p style=\"text-align: justify;\"><!-- wp:paragraph --><strong>11.BLOGUE<\/strong><\/p>\n<!-- \/wp:paragraph -->\n<p style=\"text-align: justify;\"><!-- wp:paragraph -->Sur le Site, l&#039;UTILISATEUR est autoris\u00e9 \u00e0 s&#039;abonner au blog propri\u00e9t\u00e9 de The LYF Labs \u00e0 condition de nous fournir une adresse email. Nous stockerons uniquement votre adresse e-mail dans notre base de donn\u00e9es et vous enverrons des e-mails p\u00e9riodiquement jusqu&#039;\u00e0 ce que vous demandiez votre d\u00e9sabonnement ou que nous arr\u00eations d&#039;envoyer des e-mails.<\/p>\n<!-- \/wp:paragraph -->\n<p style=\"text-align: justify;\"><!-- wp:paragraph --><strong>12. R\u00c9SEAUX SOCIAUX<\/strong><\/p>\n<!-- \/wp:paragraph -->\n<p style=\"text-align: justify;\"><!-- wp:paragraph -->Toute rectification de vos donn\u00e9es, informations ou publications doit \u00eatre effectu\u00e9e via la configuration de votre profil ou compte sur le r\u00e9seau social lui-m\u00eame.<\/p>\n<!-- \/wp:paragraph -->\n<p style=\"text-align: justify;\"><!-- wp:paragraph -->L&#039;acceptation d&#039;une relation contractuelle dans l&#039;environnement du r\u00e9seau social correspondant, et conform\u00e9ment \u00e0 ses politiques de confidentialit\u00e9 :<\/p>\n<!-- \/wp:paragraph -->\n<p style=\"text-align: justify;\"><!-- wp:paragraph -->Facebook<\/p>\n<p style=\"text-align: justify;\"><span style=\"text-align: justify;\">https:\/\/www.facebook.com\/policy.php?ref=pf<\/span><\/p>\n<!-- \/wp:paragraph -->\n<p style=\"text-align: justify;\"><!-- wp:paragraph -->Instagram<\/p>\n<p style=\"text-align: justify;\"><span style=\"text-align: justify;\">https:\/\/help.instagram.com\/155833707900388<\/span><\/p>\n<!-- \/wp:paragraph -->\n<p style=\"text-align: justify;\"><!-- wp:paragraph -->Linkedin<\/p>\n<p style=\"text-align: justify;\"><span style=\"text-align: justify;\">https:\/\/www.linkedin.com\/legal\/privacy-policy?trk=hb_ft_priv<\/span><\/p>\n<!-- \/wp:paragraph -->\n<p style=\"text-align: justify;\"><!-- wp:paragraph -->Google*<\/p>\n<p style=\"text-align: justify;\"><span style=\"text-align: justify;\">https:\/\/www.google.com\/intl\/es\/policies\/privacy\/<\/span><\/p>\n<!-- \/wp:paragraph -->\n<p style=\"text-align: justify;\"><!-- wp:paragraph -->*(Google+ et YouTube)<\/p>\n<!-- \/wp:paragraph -->\n<p style=\"text-align: justify;\"><!-- wp:paragraph --><strong>13.MESURES DE S\u00c9CURIT\u00c9<\/strong><\/p>\n<!-- \/wp:paragraph -->\n<p style=\"text-align: justify;\">THE LYF LABS vous informe qu&#039;il a mis en \u0153uvre les mesures de s\u00e9curit\u00e9 techniques et organisationnelles n\u00e9cessaires pour garantir la s\u00e9curit\u00e9 de vos donn\u00e9es personnelles et emp\u00eacher leur alt\u00e9ration, perte, traitement et\/ou acc\u00e8s non autoris\u00e9, compte tenu de l&#039;\u00e9tat de la technologie, de la nature des les donn\u00e9es stock\u00e9es et les risques auxquels elles sont expos\u00e9es, qu&#039;ils proviennent de l&#039;action humaine ou de l&#039;environnement physique ou naturel, le tout conform\u00e9ment aux dispositions de la r\u00e9glementation en vigueur.<\/p>","protected":false},"excerpt":{"rendered":"<p>Condiciones Legales de Privacidad Las Condiciones Legales de Privacidad forman parte de las Condiciones Legales Generales (en adelante, las \u00abCondiciones de Uso\u00bb) que rigen, entre otros, el acceso y uso al sitio web contenido en el dominio thelyflabs.com (en adelante, la \u00abWeb\u00bb). El acceso y uso a la Web supone la aceptaci\u00f3n, sin reservas de [&hellip;]<\/p>\n","protected":false},"author":1,"featured_media":0,"parent":0,"menu_order":0,"comment_status":"closed","ping_status":"open","template":"","meta":{"_acf_changed":false,"site-sidebar-layout":"default","site-content-layout":"","ast-site-content-layout":"default","site-content-style":"default","site-sidebar-style":"default","ast-global-header-display":"","ast-banner-title-visibility":"","ast-main-header-display":"","ast-hfb-above-header-display":"","ast-hfb-below-header-display":"","ast-hfb-mobile-header-display":"","site-post-title":"","ast-breadcrumbs-content":"","ast-featured-img":"","footer-sml-layout":"","theme-transparent-header-meta":"","adv-header-id-meta":"","stick-header-meta":"","header-above-stick-meta":"","header-main-stick-meta":"","header-below-stick-meta":"","astra-migrate-meta-layouts":"set","ast-page-background-enabled":"default","ast-page-background-meta":{"desktop":{"background-color":"var(--ast-global-color-4)","background-image":"","background-repeat":"repeat","background-position":"center center","background-size":"auto","background-attachment":"scroll","background-type":"","background-media":"","overlay-type":"","overlay-color":"","overlay-opacity":"","overlay-gradient":""},"tablet":{"background-color":"","background-image":"","background-repeat":"repeat","background-position":"center center","background-size":"auto","background-attachment":"scroll","background-type":"","background-media":"","overlay-type":"","overlay-color":"","overlay-opacity":"","overlay-gradient":""},"mobile":{"background-color":"","background-image":"","background-repeat":"repeat","background-position":"center center","background-size":"auto","background-attachment":"scroll","background-type":"","background-media":"","overlay-type":"","overlay-color":"","overlay-opacity":"","overlay-gradient":""}},"ast-content-background-meta":{"desktop":{"background-color":"var(--ast-global-color-5)","background-image":"","background-repeat":"repeat","background-position":"center center","background-size":"auto","background-attachment":"scroll","background-type":"","background-media":"","overlay-type":"","overlay-color":"","overlay-opacity":"","overlay-gradient":""},"tablet":{"background-color":"var(--ast-global-color-5)","background-image":"","background-repeat":"repeat","background-position":"center center","background-size":"auto","background-attachment":"scroll","background-type":"","background-media":"","overlay-type":"","overlay-color":"","overlay-opacity":"","overlay-gradient":""},"mobile":{"background-color":"var(--ast-global-color-5)","background-image":"","background-repeat":"repeat","background-position":"center center","background-size":"auto","background-attachment":"scroll","background-type":"","background-media":"","overlay-type":"","overlay-color":"","overlay-opacity":"","overlay-gradient":""}},"footnotes":""},"class_list":["post-3","page","type-page","status-publish","hentry"],"acf":[],"yoast_head":"<!-- This site is optimized with the Yoast SEO plugin v27.3 - https:\/\/yoast.com\/product\/yoast-seo-wordpress\/ -->\n<title>Pol\u00edtica de privacidad - THE LYF LABS<\/title>\n<meta name=\"robots\" content=\"index, follow, max-snippet:-1, max-image-preview:large, max-video-preview:-1\" \/>\n<link rel=\"canonical\" href=\"https:\/\/thelyflabs.com\/fr\/privacy-policy\/\" \/>\n<meta property=\"og:locale\" content=\"fr_FR\" \/>\n<meta property=\"og:type\" content=\"article\" \/>\n<meta property=\"og:title\" content=\"Pol\u00edtica de privacidad - THE LYF LABS\" \/>\n<meta property=\"og:description\" content=\"Condiciones Legales de Privacidad Las Condiciones Legales de Privacidad forman parte de las Condiciones Legales Generales (en adelante, las \u00abCondiciones de Uso\u00bb) que rigen, entre otros, el acceso y uso al sitio web contenido en el dominio thelyflabs.com (en adelante, la \u00abWeb\u00bb). El acceso y uso a la Web supone la aceptaci\u00f3n, sin reservas de [&hellip;]\" \/>\n<meta property=\"og:url\" content=\"https:\/\/thelyflabs.com\/fr\/privacy-policy\/\" \/>\n<meta property=\"og:site_name\" content=\"THE LYF LABS\" \/>\n<meta property=\"article:modified_time\" content=\"2026-03-25T08:32:14+00:00\" \/>\n<meta name=\"twitter:card\" content=\"summary_large_image\" \/>\n<meta name=\"twitter:label1\" content=\"Dur\u00e9e de lecture estim\u00e9e\" \/>\n\t<meta name=\"twitter:data1\" content=\"6 minutes\" \/>\n<script type=\"application\/ld+json\" class=\"yoast-schema-graph\">{\"@context\":\"https:\\\/\\\/schema.org\",\"@graph\":[{\"@type\":\"WebPage\",\"@id\":\"https:\\\/\\\/thelyflabs.com\\\/privacy-policy\",\"url\":\"https:\\\/\\\/thelyflabs.com\\\/privacy-policy\",\"name\":\"Pol\u00edtica de privacidad - THE LYF LABS\",\"isPartOf\":{\"@id\":\"https:\\\/\\\/thelyflabs.com\\\/#website\"},\"datePublished\":\"2023-01-22T14:15:50+00:00\",\"dateModified\":\"2026-03-25T08:32:14+00:00\",\"breadcrumb\":{\"@id\":\"https:\\\/\\\/thelyflabs.com\\\/privacy-policy#breadcrumb\"},\"inLanguage\":\"fr-FR\",\"potentialAction\":[{\"@type\":\"ReadAction\",\"target\":[\"https:\\\/\\\/thelyflabs.com\\\/privacy-policy\"]}]},{\"@type\":\"BreadcrumbList\",\"@id\":\"https:\\\/\\\/thelyflabs.com\\\/privacy-policy#breadcrumb\",\"itemListElement\":[{\"@type\":\"ListItem\",\"position\":1,\"name\":\"Portada\",\"item\":\"https:\\\/\\\/thelyflabs.com\\\/\"},{\"@type\":\"ListItem\",\"position\":2,\"name\":\"Pol\u00edtica de privacidad\"}]},{\"@type\":\"WebSite\",\"@id\":\"https:\\\/\\\/thelyflabs.com\\\/#website\",\"url\":\"https:\\\/\\\/thelyflabs.com\\\/\",\"name\":\"The LYF Labs\",\"description\":\"CBD al por mayor\",\"publisher\":{\"@id\":\"https:\\\/\\\/thelyflabs.com\\\/#organization\"},\"potentialAction\":[{\"@type\":\"SearchAction\",\"target\":{\"@type\":\"EntryPoint\",\"urlTemplate\":\"https:\\\/\\\/thelyflabs.com\\\/?s={search_term_string}\"},\"query-input\":{\"@type\":\"PropertyValueSpecification\",\"valueRequired\":true,\"valueName\":\"search_term_string\"}}],\"inLanguage\":\"fr-FR\"},{\"@type\":\"Organization\",\"@id\":\"https:\\\/\\\/thelyflabs.com\\\/#organization\",\"name\":\"The LYF Labs\",\"url\":\"https:\\\/\\\/thelyflabs.com\\\/\",\"logo\":{\"@type\":\"ImageObject\",\"inLanguage\":\"fr-FR\",\"@id\":\"https:\\\/\\\/thelyflabs.com\\\/#\\\/schema\\\/logo\\\/image\\\/\",\"url\":\"https:\\\/\\\/thelyflabs.com\\\/wp-content\\\/uploads\\\/2023\\\/01\\\/cropped-LogoTheLYFLabs.png\",\"contentUrl\":\"https:\\\/\\\/thelyflabs.com\\\/wp-content\\\/uploads\\\/2023\\\/01\\\/cropped-LogoTheLYFLabs.png\",\"width\":600,\"height\":180,\"caption\":\"The LYF Labs\"},\"image\":{\"@id\":\"https:\\\/\\\/thelyflabs.com\\\/#\\\/schema\\\/logo\\\/image\\\/\"}}]}<\/script>\n<!-- \/ Yoast SEO plugin. -->","yoast_head_json":{"title":"Politique de confidentialit\u00e9 - THE LYF LABS","robots":{"index":"index","follow":"follow","max-snippet":"max-snippet:-1","max-image-preview":"max-image-preview:large","max-video-preview":"max-video-preview:-1"},"canonical":"https:\/\/thelyflabs.com\/fr\/privacy-policy\/","og_locale":"fr_FR","og_type":"article","og_title":"Pol\u00edtica de privacidad - THE LYF LABS","og_description":"Condiciones Legales de Privacidad Las Condiciones Legales de Privacidad forman parte de las Condiciones Legales Generales (en adelante, las \u00abCondiciones de Uso\u00bb) que rigen, entre otros, el acceso y uso al sitio web contenido en el dominio thelyflabs.com (en adelante, la \u00abWeb\u00bb). El acceso y uso a la Web supone la aceptaci\u00f3n, sin reservas de [&hellip;]","og_url":"https:\/\/thelyflabs.com\/fr\/privacy-policy\/","og_site_name":"THE LYF LABS","article_modified_time":"2026-03-25T08:32:14+00:00","twitter_card":"summary_large_image","twitter_misc":{"Dur\u00e9e de lecture estim\u00e9e":"6 minutes"},"schema":{"@context":"https:\/\/schema.org","@graph":[{"@type":"WebPage","@id":"https:\/\/thelyflabs.com\/privacy-policy","url":"https:\/\/thelyflabs.com\/privacy-policy","name":"Politique de confidentialit\u00e9 - THE LYF LABS","isPartOf":{"@id":"https:\/\/thelyflabs.com\/#website"},"datePublished":"2023-01-22T14:15:50+00:00","dateModified":"2026-03-25T08:32:14+00:00","breadcrumb":{"@id":"https:\/\/thelyflabs.com\/privacy-policy#breadcrumb"},"inLanguage":"fr-FR","potentialAction":[{"@type":"ReadAction","target":["https:\/\/thelyflabs.com\/privacy-policy"]}]},{"@type":"BreadcrumbList","@id":"https:\/\/thelyflabs.com\/privacy-policy#breadcrumb","itemListElement":[{"@type":"ListItem","position":1,"name":"Portada","item":"https:\/\/thelyflabs.com\/"},{"@type":"ListItem","position":2,"name":"Pol\u00edtica de privacidad"}]},{"@type":"WebSite","@id":"https:\/\/thelyflabs.com\/#website","url":"https:\/\/thelyflabs.com\/","name":"Les laboratoires LYF","description":"Vente en gros de CBD","publisher":{"@id":"https:\/\/thelyflabs.com\/#organization"},"potentialAction":[{"@type":"SearchAction","target":{"@type":"EntryPoint","urlTemplate":"https:\/\/thelyflabs.com\/?s={search_term_string}"},"query-input":{"@type":"PropertyValueSpecification","valueRequired":true,"valueName":"search_term_string"}}],"inLanguage":"fr-FR"},{"@type":"Organization","@id":"https:\/\/thelyflabs.com\/#organization","name":"Les laboratoires LYF","url":"https:\/\/thelyflabs.com\/","logo":{"@type":"ImageObject","inLanguage":"fr-FR","@id":"https:\/\/thelyflabs.com\/#\/schema\/logo\/image\/","url":"https:\/\/thelyflabs.com\/wp-content\/uploads\/2023\/01\/cropped-LogoTheLYFLabs.png","contentUrl":"https:\/\/thelyflabs.com\/wp-content\/uploads\/2023\/01\/cropped-LogoTheLYFLabs.png","width":600,"height":180,"caption":"The LYF Labs"},"image":{"@id":"https:\/\/thelyflabs.com\/#\/schema\/logo\/image\/"}}]}},"_links":{"self":[{"href":"https:\/\/thelyflabs.com\/fr\/wp-json\/wp\/v2\/pages\/3","targetHints":{"allow":["GET"]}}],"collection":[{"href":"https:\/\/thelyflabs.com\/fr\/wp-json\/wp\/v2\/pages"}],"about":[{"href":"https:\/\/thelyflabs.com\/fr\/wp-json\/wp\/v2\/types\/page"}],"author":[{"embeddable":true,"href":"https:\/\/thelyflabs.com\/fr\/wp-json\/wp\/v2\/users\/1"}],"replies":[{"embeddable":true,"href":"https:\/\/thelyflabs.com\/fr\/wp-json\/wp\/v2\/comments?post=3"}],"version-history":[{"count":5,"href":"https:\/\/thelyflabs.com\/fr\/wp-json\/wp\/v2\/pages\/3\/revisions"}],"predecessor-version":[{"id":17637,"href":"https:\/\/thelyflabs.com\/fr\/wp-json\/wp\/v2\/pages\/3\/revisions\/17637"}],"wp:attachment":[{"href":"https:\/\/thelyflabs.com\/fr\/wp-json\/wp\/v2\/media?parent=3"}],"curies":[{"name":"wp","href":"https:\/\/api.w.org\/{rel}","templated":true}]}}