{"id":84,"date":"2023-01-28T16:43:47","date_gmt":"2023-01-28T16:43:47","guid":{"rendered":"https:\/\/thelyflabs.com\/?page_id=84"},"modified":"2023-02-21T18:08:43","modified_gmt":"2023-02-21T18:08:43","slug":"empresa","status":"publish","type":"page","link":"https:\/\/thelyflabs.com\/fr\/empresa","title":{"rendered":"Entreprise"},"content":{"rendered":"<div data-elementor-type=\"wp-page\" data-elementor-id=\"84\" class=\"elementor elementor-84\" data-elementor-post-type=\"page\">\n\t\t\t\t\t\t<section class=\"elementor-section elementor-top-section elementor-element elementor-element-f30f68b elementor-section-boxed elementor-section-height-default elementor-section-height-default elementor-invisible\" data-id=\"f30f68b\" data-element_type=\"section\" data-e-type=\"section\" data-settings=\"{&quot;animation&quot;:&quot;fadeIn&quot;}\">\n\t\t\t\t\t\t<div class=\"elementor-container elementor-column-gap-default\">\n\t\t\t\t\t<div class=\"elementor-column elementor-col-100 elementor-top-column elementor-element elementor-element-715d933\" data-id=\"715d933\" data-element_type=\"column\" data-e-type=\"column\">\n\t\t\t<div class=\"elementor-widget-wrap elementor-element-populated\">\n\t\t\t\t\t\t<div class=\"elementor-element elementor-element-b7990a5 elementor-widget elementor-widget-spacer\" data-id=\"b7990a5\" data-element_type=\"widget\" data-e-type=\"widget\" data-widget_type=\"spacer.default\">\n\t\t\t\t<div class=\"elementor-widget-container\">\n\t\t\t\t\t\t\t<div class=\"elementor-spacer\">\n\t\t\t<div class=\"elementor-spacer-inner\"><\/div>\n\t\t<\/div>\n\t\t\t\t\t\t<\/div>\n\t\t\t\t<\/div>\n\t\t\t\t<div class=\"elementor-element elementor-element-b5fa885 elementor-widget elementor-widget-heading\" data-id=\"b5fa885\" data-element_type=\"widget\" data-e-type=\"widget\" data-widget_type=\"heading.default\">\n\t\t\t\t<div class=\"elementor-widget-container\">\n\t\t\t\t\t<h2 class=\"elementor-heading-title elementor-size-default\">Qu\u2019est-ce que The LYF Labs et pourquoi nous choisir ? <\/h2>\t\t\t\t<\/div>\n\t\t\t\t<\/div>\n\t\t\t\t<div class=\"elementor-element elementor-element-2b8be53 elementor-widget elementor-widget-text-editor\" data-id=\"2b8be53\" data-element_type=\"widget\" data-e-type=\"widget\" data-widget_type=\"text-editor.default\">\n\t\t\t\t<div class=\"elementor-widget-container\">\n\t\t\t\t\t\t\t\t\t<p style=\"margin: 0cm 0cm 19.2pt; text-align: justify; background-image: initial; background-position: initial; background-size: initial; background-repeat: initial; background-attachment: initial; background-origin: initial; background-clip: initial;\"><span lang=\"ES\" style=\"font-family: Montserrat; background-image: initial; background-position: initial; background-size: initial; background-repeat: initial; background-attachment: initial; background-origin: initial; background-clip: initial;\">Le LYF Labs est une entreprise d\u00e9di\u00e9e au d\u00e9veloppement de tous types de produits d\u00e9riv\u00e9s du chanvre<\/span><span lang=\"ES\" style=\"font-family: Montserrat;\">. Nous sommes fiers de dire que nous contr\u00f4lons l&#039;ensemble du processus de cr\u00e9ation de nos produits : de la culture de la plante de chanvre \u00e0 la fabrication du produit final. Nous pouvons \u00e9galement d\u00e9velopper votre marque et cr\u00e9er un E-Commerce adapt\u00e9 \u00e0 vos besoins de vente. Nous nous sp\u00e9cialisons dans tout ce qui est n\u00e9cessaire pour servir nos clients et les aider \u00e0 transformer leurs id\u00e9es en produits \u00e0 succ\u00e8s.<\/span><\/p>\n<p style=\"margin: 0cm 0cm 19.2pt; text-align: justify; background-image: initial; background-position: initial; background-size: initial; background-repeat: initial; background-attachment: initial; background-origin: initial; background-clip: initial;\"><span lang=\"ES\" style=\"font-family: Montserrat;\">Les LYF Labs sont n\u00e9s de notre amour et de notre respect pour la plante Cannabis Sativa. Nous connaissons ses bienfaits et nous cherchons \u00e0 utiliser les propri\u00e9t\u00e9s th\u00e9rapeutiques du chanvre et du cannabidiol (CBD) pour cr\u00e9er une gamme de produits qui contribuent au bien-\u00eatre de nos clients et qu&#039;ils peuvent consommer de mani\u00e8re s\u00fbre et fiable dans une grande vari\u00e9t\u00e9 de formats et pr\u00e9sentations disponibles.&nbsp; <\/span><\/p>\n<h3 style=\"margin: 0cm 0cm 19.2pt; text-align: justify; background-image: initial; background-position: initial; background-size: initial; background-repeat: initial; background-attachment: initial; background-origin: initial; background-clip: initial;\"><span lang=\"ES\" style=\"font-family: Montserrat;\">Engag\u00e9 pour l&#039;environnement<\/span><\/h3>\n<p style=\"margin: 0cm 0cm 19.2pt; text-align: justify; background-image: initial; background-position: initial; background-size: initial; background-repeat: initial; background-attachment: initial; background-origin: initial; background-clip: initial;\"><span lang=\"ES\" style=\"font-family: Montserrat;\">Le LYF Labs est une jeune entreprise espagnole engag\u00e9e en faveur de l&#039;environnement. Nous cultivons nos propres plantes de chanvre biologique de mani\u00e8re durable et sans aucun additif chimique ni OGM.<\/span><\/p>\n<h3 style=\"margin: 0cm 0cm 19.2pt; text-align: justify; background-image: initial; background-position: initial; background-size: initial; background-repeat: initial; background-attachment: initial; background-origin: initial; background-clip: initial;\"><span lang=\"ES\" style=\"font-family: Montserrat;\">Nous sommes sp\u00e9cialistes dans la vente de produits CBD pour les grossistes<\/span><\/h3>\n<p style=\"margin: 0cm 0cm 19.2pt; text-align: justify; background-image: initial; background-position: initial; background-size: initial; background-repeat: initial; background-attachment: initial; background-origin: initial; background-clip: initial;\"><span lang=\"ES\" style=\"font-family: Montserrat;\">Si vous recherchez des produits pr\u00eats \u00e0 vendre, de haute qualit\u00e9, avec un emballage soign\u00e9, des analyses disponibles et issus de marques attractives et reconnues du secteur, nous vous invitons \u00e0 d\u00e9couvrir notre catalogue de produits CBD pour grossistes que vous retrouverez dans notre grossiste exclusif. Magasin pour professionnels \u00e0 des prix abordables qui vous permettront d&#039;avoir une marge b\u00e9n\u00e9ficiaire importante.<\/span><\/p>\n<h3 style=\"text-align: justify; background-image: initial; background-position: initial; background-size: initial; background-repeat: initial; background-attachment: initial; background-origin: initial; background-clip: initial;\"><span lang=\"ES\" style=\"font-family: Montserrat;\">Nous vous conseillons sur votre activit\u00e9 de produits li\u00e9s au chanvre<\/span><\/h3>\n<p style=\"text-align: justify; background-image: initial; background-position: initial; background-size: initial; background-repeat: initial; background-attachment: initial; background-origin: initial; background-clip: initial;\"><span lang=\"ES\" style=\"font-family: Montserrat;\">Si en revanche vous souhaitez d\u00e9velopper vos propres produits, vous \u00eates au bon endroit. Nous pouvons vous aider dans la cr\u00e9ation de votre identit\u00e9 de marque, le d\u00e9veloppement d&#039;une gamme de produits avec un packaging personnalis\u00e9 de haute qualit\u00e9, la conception et le d\u00e9veloppement de votre site Internet avec E-Commerce et l&#039;assistance technique et juridique pour lancer votre entreprise ou prendre niveau sup\u00e9rieur \u00e0 votre entreprise existante.<\/span><\/p>\n<p style=\"text-align: justify; background-image: initial; background-position: initial; background-size: initial; background-repeat: initial; background-attachment: initial; background-origin: initial; background-clip: initial;\"><span lang=\"ES\" style=\"font-family: Montserrat;\">Nous sommes une \u00e9quipe d\u00e9di\u00e9e corps et \u00e2me \u00e0 la plante Cannabis Sativa qui nous fait si bien et nous traduisons cela dans tout ce que nous faisons, pour nous-m\u00eames et pour nos clients. <\/span><\/p>\n<p style=\"text-align: justify; background-image: initial; background-position: initial; background-size: initial; background-repeat: initial; background-attachment: initial; background-origin: initial; background-clip: initial;\"><span lang=\"ES\" style=\"font-family: Montserrat;\">Nous avons h\u00e2te que vous nous rejoigniez.&nbsp;&nbsp;<\/span><\/p>\t\t\t\t\t\t\t\t<\/div>\n\t\t\t\t<\/div>\n\t\t\t\t\t<\/div>\n\t\t<\/div>\n\t\t\t\t\t<\/div>\n\t\t<\/section>\n\t\t\t\t<\/div>","protected":false},"excerpt":{"rendered":"<p>\u00bfQu\u00e9 es The LYF Labs y por qu\u00e9 elegirnos? The LYF Labs es una empresa dedicada al desarrollo de todo tipo de productos derivados del C\u00e1\u00f1amo. Nos enorgullece decir que controlamos todo el proceso de creaci\u00f3n de nuestros productos: desde el cultivo de la planta del c\u00e1\u00f1amo hasta la fabricaci\u00f3n del producto final. Tambi\u00e9n podemos [&hellip;]<\/p>\n","protected":false},"author":1,"featured_media":0,"parent":0,"menu_order":0,"comment_status":"closed","ping_status":"closed","template":"","meta":{"_acf_changed":false,"site-sidebar-layout":"no-sidebar","site-content-layout":"page-builder","ast-site-content-layout":"default","site-content-style":"default","site-sidebar-style":"default","ast-global-header-display":"","ast-banner-title-visibility":"","ast-main-header-display":"","ast-hfb-above-header-display":"","ast-hfb-below-header-display":"","ast-hfb-mobile-header-display":"","site-post-title":"disabled","ast-breadcrumbs-content":"","ast-featured-img":"disabled","footer-sml-layout":"","theme-transparent-header-meta":"","adv-header-id-meta":"","stick-header-meta":"","header-above-stick-meta":"","header-main-stick-meta":"","header-below-stick-meta":"","astra-migrate-meta-layouts":"default","ast-page-background-enabled":"default","ast-page-background-meta":{"desktop":{"background-color":"var(--ast-global-color-4)","background-image":"","background-repeat":"repeat","background-position":"center center","background-size":"auto","background-attachment":"scroll","background-type":"","background-media":"","overlay-type":"","overlay-color":"","overlay-opacity":"","overlay-gradient":""},"tablet":{"background-color":"","background-image":"","background-repeat":"repeat","background-position":"center center","background-size":"auto","background-attachment":"scroll","background-type":"","background-media":"","overlay-type":"","overlay-color":"","overlay-opacity":"","overlay-gradient":""},"mobile":{"background-color":"","background-image":"","background-repeat":"repeat","background-position":"center center","background-size":"auto","background-attachment":"scroll","background-type":"","background-media":"","overlay-type":"","overlay-color":"","overlay-opacity":"","overlay-gradient":""}},"ast-content-background-meta":{"desktop":{"background-color":"var(--ast-global-color-5)","background-image":"","background-repeat":"repeat","background-position":"center center","background-size":"auto","background-attachment":"scroll","background-type":"","background-media":"","overlay-type":"","overlay-color":"","overlay-opacity":"","overlay-gradient":""},"tablet":{"background-color":"var(--ast-global-color-5)","background-image":"","background-repeat":"repeat","background-position":"center center","background-size":"auto","background-attachment":"scroll","background-type":"","background-media":"","overlay-type":"","overlay-color":"","overlay-opacity":"","overlay-gradient":""},"mobile":{"background-color":"var(--ast-global-color-5)","background-image":"","background-repeat":"repeat","background-position":"center center","background-size":"auto","background-attachment":"scroll","background-type":"","background-media":"","overlay-type":"","overlay-color":"","overlay-opacity":"","overlay-gradient":""}},"footnotes":""},"class_list":["post-84","page","type-page","status-publish","hentry"],"acf":[],"yoast_head":"<!-- This site is optimized with the Yoast SEO plugin v27.4 - https:\/\/yoast.com\/product\/yoast-seo-wordpress\/ -->\n<title>Empresa - THE LYF LABS<\/title>\n<meta name=\"robots\" content=\"index, follow, max-snippet:-1, max-image-preview:large, max-video-preview:-1\" \/>\n<link rel=\"canonical\" href=\"https:\/\/thelyflabs.com\/fr\/empresa\/\" \/>\n<meta property=\"og:locale\" content=\"fr_FR\" \/>\n<meta property=\"og:type\" content=\"article\" \/>\n<meta property=\"og:title\" content=\"Empresa - THE LYF LABS\" \/>\n<meta property=\"og:description\" content=\"\u00bfQu\u00e9 es The LYF Labs y por qu\u00e9 elegirnos? The LYF Labs es una empresa dedicada al desarrollo de todo tipo de productos derivados del C\u00e1\u00f1amo. Nos enorgullece decir que controlamos todo el proceso de creaci\u00f3n de nuestros productos: desde el cultivo de la planta del c\u00e1\u00f1amo hasta la fabricaci\u00f3n del producto final. Tambi\u00e9n podemos [&hellip;]\" \/>\n<meta property=\"og:url\" content=\"https:\/\/thelyflabs.com\/fr\/empresa\/\" \/>\n<meta property=\"og:site_name\" content=\"THE LYF LABS\" \/>\n<meta property=\"article:modified_time\" content=\"2023-02-21T18:08:43+00:00\" \/>\n<meta name=\"twitter:card\" content=\"summary_large_image\" \/>\n<meta name=\"twitter:label1\" content=\"Dur\u00e9e de lecture estim\u00e9e\" \/>\n\t<meta name=\"twitter:data1\" content=\"2 minutes\" \/>\n<script type=\"application\/ld+json\" class=\"yoast-schema-graph\">{\"@context\":\"https:\\\/\\\/schema.org\",\"@graph\":[{\"@type\":\"WebPage\",\"@id\":\"https:\\\/\\\/thelyflabs.com\\\/empresa\",\"url\":\"https:\\\/\\\/thelyflabs.com\\\/empresa\",\"name\":\"Empresa - THE LYF LABS\",\"isPartOf\":{\"@id\":\"https:\\\/\\\/thelyflabs.com\\\/#website\"},\"datePublished\":\"2023-01-28T16:43:47+00:00\",\"dateModified\":\"2023-02-21T18:08:43+00:00\",\"breadcrumb\":{\"@id\":\"https:\\\/\\\/thelyflabs.com\\\/empresa#breadcrumb\"},\"inLanguage\":\"fr-FR\",\"potentialAction\":[{\"@type\":\"ReadAction\",\"target\":[\"https:\\\/\\\/thelyflabs.com\\\/empresa\"]}]},{\"@type\":\"BreadcrumbList\",\"@id\":\"https:\\\/\\\/thelyflabs.com\\\/empresa#breadcrumb\",\"itemListElement\":[{\"@type\":\"ListItem\",\"position\":1,\"name\":\"Portada\",\"item\":\"https:\\\/\\\/thelyflabs.com\\\/\"},{\"@type\":\"ListItem\",\"position\":2,\"name\":\"Empresa\"}]},{\"@type\":\"WebSite\",\"@id\":\"https:\\\/\\\/thelyflabs.com\\\/#website\",\"url\":\"https:\\\/\\\/thelyflabs.com\\\/\",\"name\":\"The LYF Labs\",\"description\":\"CBD al por mayor\",\"publisher\":{\"@id\":\"https:\\\/\\\/thelyflabs.com\\\/#organization\"},\"potentialAction\":[{\"@type\":\"SearchAction\",\"target\":{\"@type\":\"EntryPoint\",\"urlTemplate\":\"https:\\\/\\\/thelyflabs.com\\\/?s={search_term_string}\"},\"query-input\":{\"@type\":\"PropertyValueSpecification\",\"valueRequired\":true,\"valueName\":\"search_term_string\"}}],\"inLanguage\":\"fr-FR\"},{\"@type\":\"Organization\",\"@id\":\"https:\\\/\\\/thelyflabs.com\\\/#organization\",\"name\":\"The LYF Labs\",\"url\":\"https:\\\/\\\/thelyflabs.com\\\/\",\"logo\":{\"@type\":\"ImageObject\",\"inLanguage\":\"fr-FR\",\"@id\":\"https:\\\/\\\/thelyflabs.com\\\/#\\\/schema\\\/logo\\\/image\\\/\",\"url\":\"https:\\\/\\\/thelyflabs.com\\\/wp-content\\\/uploads\\\/2023\\\/01\\\/cropped-LogoTheLYFLabs.png\",\"contentUrl\":\"https:\\\/\\\/thelyflabs.com\\\/wp-content\\\/uploads\\\/2023\\\/01\\\/cropped-LogoTheLYFLabs.png\",\"width\":600,\"height\":180,\"caption\":\"The LYF Labs\"},\"image\":{\"@id\":\"https:\\\/\\\/thelyflabs.com\\\/#\\\/schema\\\/logo\\\/image\\\/\"}}]}<\/script>\n<!-- \/ Yoast SEO plugin. -->","yoast_head_json":{"title":"Entreprise - THE LYF LABS","robots":{"index":"index","follow":"follow","max-snippet":"max-snippet:-1","max-image-preview":"max-image-preview:large","max-video-preview":"max-video-preview:-1"},"canonical":"https:\/\/thelyflabs.com\/fr\/empresa\/","og_locale":"fr_FR","og_type":"article","og_title":"Empresa - THE LYF LABS","og_description":"\u00bfQu\u00e9 es The LYF Labs y por qu\u00e9 elegirnos? The LYF Labs es una empresa dedicada al desarrollo de todo tipo de productos derivados del C\u00e1\u00f1amo. Nos enorgullece decir que controlamos todo el proceso de creaci\u00f3n de nuestros productos: desde el cultivo de la planta del c\u00e1\u00f1amo hasta la fabricaci\u00f3n del producto final. Tambi\u00e9n podemos [&hellip;]","og_url":"https:\/\/thelyflabs.com\/fr\/empresa\/","og_site_name":"THE LYF LABS","article_modified_time":"2023-02-21T18:08:43+00:00","twitter_card":"summary_large_image","twitter_misc":{"Dur\u00e9e de lecture estim\u00e9e":"2 minutes"},"schema":{"@context":"https:\/\/schema.org","@graph":[{"@type":"WebPage","@id":"https:\/\/thelyflabs.com\/empresa","url":"https:\/\/thelyflabs.com\/empresa","name":"Entreprise - THE LYF LABS","isPartOf":{"@id":"https:\/\/thelyflabs.com\/#website"},"datePublished":"2023-01-28T16:43:47+00:00","dateModified":"2023-02-21T18:08:43+00:00","breadcrumb":{"@id":"https:\/\/thelyflabs.com\/empresa#breadcrumb"},"inLanguage":"fr-FR","potentialAction":[{"@type":"ReadAction","target":["https:\/\/thelyflabs.com\/empresa"]}]},{"@type":"BreadcrumbList","@id":"https:\/\/thelyflabs.com\/empresa#breadcrumb","itemListElement":[{"@type":"ListItem","position":1,"name":"Portada","item":"https:\/\/thelyflabs.com\/"},{"@type":"ListItem","position":2,"name":"Empresa"}]},{"@type":"WebSite","@id":"https:\/\/thelyflabs.com\/#website","url":"https:\/\/thelyflabs.com\/","name":"Les laboratoires LYF","description":"Vente en gros de CBD","publisher":{"@id":"https:\/\/thelyflabs.com\/#organization"},"potentialAction":[{"@type":"SearchAction","target":{"@type":"EntryPoint","urlTemplate":"https:\/\/thelyflabs.com\/?s={search_term_string}"},"query-input":{"@type":"PropertyValueSpecification","valueRequired":true,"valueName":"search_term_string"}}],"inLanguage":"fr-FR"},{"@type":"Organization","@id":"https:\/\/thelyflabs.com\/#organization","name":"Les laboratoires LYF","url":"https:\/\/thelyflabs.com\/","logo":{"@type":"ImageObject","inLanguage":"fr-FR","@id":"https:\/\/thelyflabs.com\/#\/schema\/logo\/image\/","url":"https:\/\/thelyflabs.com\/wp-content\/uploads\/2023\/01\/cropped-LogoTheLYFLabs.png","contentUrl":"https:\/\/thelyflabs.com\/wp-content\/uploads\/2023\/01\/cropped-LogoTheLYFLabs.png","width":600,"height":180,"caption":"The LYF Labs"},"image":{"@id":"https:\/\/thelyflabs.com\/#\/schema\/logo\/image\/"}}]}},"_links":{"self":[{"href":"https:\/\/thelyflabs.com\/fr\/wp-json\/wp\/v2\/pages\/84","targetHints":{"allow":["GET"]}}],"collection":[{"href":"https:\/\/thelyflabs.com\/fr\/wp-json\/wp\/v2\/pages"}],"about":[{"href":"https:\/\/thelyflabs.com\/fr\/wp-json\/wp\/v2\/types\/page"}],"author":[{"embeddable":true,"href":"https:\/\/thelyflabs.com\/fr\/wp-json\/wp\/v2\/users\/1"}],"replies":[{"embeddable":true,"href":"https:\/\/thelyflabs.com\/fr\/wp-json\/wp\/v2\/comments?post=84"}],"version-history":[{"count":46,"href":"https:\/\/thelyflabs.com\/fr\/wp-json\/wp\/v2\/pages\/84\/revisions"}],"predecessor-version":[{"id":1128,"href":"https:\/\/thelyflabs.com\/fr\/wp-json\/wp\/v2\/pages\/84\/revisions\/1128"}],"wp:attachment":[{"href":"https:\/\/thelyflabs.com\/fr\/wp-json\/wp\/v2\/media?parent=84"}],"curies":[{"name":"wp","href":"https:\/\/api.w.org\/{rel}","templated":true}]}}