{"id":913,"date":"2023-02-10T19:51:24","date_gmt":"2023-02-10T19:51:24","guid":{"rendered":"https:\/\/thelyflabs.com\/?page_id=913"},"modified":"2023-02-10T19:51:25","modified_gmt":"2023-02-10T19:51:25","slug":"descargo-de-responsabilidad","status":"publish","type":"page","link":"https:\/\/thelyflabs.com\/fr\/descargo-de-responsabilidad","title":{"rendered":"Clause de non-responsabilit\u00e9"},"content":{"rendered":"<p>THE LYF LABS n\u2019est pas responsable de la mauvaise utilisation des produits.<\/p>\n\n\n\n<p>Aucun des produits n&#039;est destin\u00e9 \u00e0 diagnostiquer, traiter ou gu\u00e9rir une maladie. Il est recommand\u00e9 de consulter un m\u00e9decin avant de d\u00e9marrer un nouveau programme de compl\u00e9ments alimentaires.<\/p>\n\n\n\n<p>Les produits vendus chez THE LYF LABS, qu&#039;ils soient CBD ou Chanvre, ne sont pas destin\u00e9s et ne doivent pas se substituer \u00e0 tout traitement m\u00e9dical recommand\u00e9 par un professionnel agr\u00e9\u00e9. Chaque fois qu&#039;un produit est fourni, il doit \u00eatre supervis\u00e9 par un sp\u00e9cialiste et sera toujours sous la responsabilit\u00e9 de l&#039;utilisateur.<\/p>\n\n\n\n<p>Produit de collection.<\/p>\n\n\n\n<p>Produits destin\u00e9s \u00e0 un usage d\u00e9coratif. Non psychoactif. Ne pas inhaler. THC inf\u00e9rieur au d\u00e9cret royal 1729\/1999. Non recommand\u00e9 pour un usage alimentaire ou pharmaceutique.<\/p>\n\n\n\n<p>Nos textes ne remplacent en aucun cas les conseils professionnels d&#039;un m\u00e9decin ou d&#039;un pharmacien et ne peuvent pas \u00eatre utilis\u00e9s comme base pour un diagnostic ind\u00e9pendant et l&#039;initiation, la modification ou l&#039;arr\u00eat du traitement des maladies. Si vous avez des questions ou des plaintes concernant votre sant\u00e9, consultez toujours un m\u00e9decin de confiance. Le contenu de cette page a \u00e9t\u00e9 cr\u00e9\u00e9 avec le plus grand soin possible et sert exclusivement \u00e0 l&#039;information et \u00e0 la formation continue sur le sujet. Cependant, THE LYF LABS n&#039;assume aucune responsabilit\u00e9 quant \u00e0 l&#039;exactitude, l&#039;actualit\u00e9 et l&#039;int\u00e9grit\u00e9 des textes et contenus fournis.<\/p>","protected":false},"excerpt":{"rendered":"<p>THE LYF LABS no se responsabiliza del uso indebido de los productos. Ninguno de los productos est\u00e1n destinados a diagnosticar, tratar o curar ninguna enfermedad. Se recomienda consultar con un m\u00e9dico antes de comenzar un nuevo programa de suplementos diet\u00e9ticos. Los productos que se venden en THE LYF LABS ya sean de CBD o C\u00e1\u00f1amo [&hellip;]<\/p>\n","protected":false},"author":1,"featured_media":0,"parent":0,"menu_order":0,"comment_status":"closed","ping_status":"closed","template":"","meta":{"_acf_changed":false,"site-sidebar-layout":"default","site-content-layout":"","ast-site-content-layout":"default","site-content-style":"default","site-sidebar-style":"default","ast-global-header-display":"","ast-banner-title-visibility":"","ast-main-header-display":"","ast-hfb-above-header-display":"","ast-hfb-below-header-display":"","ast-hfb-mobile-header-display":"","site-post-title":"","ast-breadcrumbs-content":"","ast-featured-img":"","footer-sml-layout":"","theme-transparent-header-meta":"","adv-header-id-meta":"","stick-header-meta":"","header-above-stick-meta":"","header-main-stick-meta":"","header-below-stick-meta":"","astra-migrate-meta-layouts":"default","ast-page-background-enabled":"default","ast-page-background-meta":{"desktop":{"background-color":"var(--ast-global-color-4)","background-image":"","background-repeat":"repeat","background-position":"center center","background-size":"auto","background-attachment":"scroll","background-type":"","background-media":"","overlay-type":"","overlay-color":"","overlay-opacity":"","overlay-gradient":""},"tablet":{"background-color":"","background-image":"","background-repeat":"repeat","background-position":"center center","background-size":"auto","background-attachment":"scroll","background-type":"","background-media":"","overlay-type":"","overlay-color":"","overlay-opacity":"","overlay-gradient":""},"mobile":{"background-color":"","background-image":"","background-repeat":"repeat","background-position":"center center","background-size":"auto","background-attachment":"scroll","background-type":"","background-media":"","overlay-type":"","overlay-color":"","overlay-opacity":"","overlay-gradient":""}},"ast-content-background-meta":{"desktop":{"background-color":"var(--ast-global-color-5)","background-image":"","background-repeat":"repeat","background-position":"center center","background-size":"auto","background-attachment":"scroll","background-type":"","background-media":"","overlay-type":"","overlay-color":"","overlay-opacity":"","overlay-gradient":""},"tablet":{"background-color":"var(--ast-global-color-5)","background-image":"","background-repeat":"repeat","background-position":"center center","background-size":"auto","background-attachment":"scroll","background-type":"","background-media":"","overlay-type":"","overlay-color":"","overlay-opacity":"","overlay-gradient":""},"mobile":{"background-color":"var(--ast-global-color-5)","background-image":"","background-repeat":"repeat","background-position":"center center","background-size":"auto","background-attachment":"scroll","background-type":"","background-media":"","overlay-type":"","overlay-color":"","overlay-opacity":"","overlay-gradient":""}},"footnotes":""},"class_list":["post-913","page","type-page","status-publish","hentry"],"acf":[],"yoast_head":"<!-- This site is optimized with the Yoast SEO plugin v27.4 - https:\/\/yoast.com\/product\/yoast-seo-wordpress\/ -->\n<title>Descargo de responsabilidad - THE LYF LABS<\/title>\n<meta name=\"robots\" content=\"index, follow, max-snippet:-1, max-image-preview:large, max-video-preview:-1\" \/>\n<link rel=\"canonical\" href=\"https:\/\/thelyflabs.com\/fr\/descargo-de-responsabilidad\/\" \/>\n<meta property=\"og:locale\" content=\"fr_FR\" \/>\n<meta property=\"og:type\" content=\"article\" \/>\n<meta property=\"og:title\" content=\"Descargo de responsabilidad - THE LYF LABS\" \/>\n<meta property=\"og:description\" content=\"THE LYF LABS no se responsabiliza del uso indebido de los productos. Ninguno de los productos est\u00e1n destinados a diagnosticar, tratar o curar ninguna enfermedad. Se recomienda consultar con un m\u00e9dico antes de comenzar un nuevo programa de suplementos diet\u00e9ticos. Los productos que se venden en THE LYF LABS ya sean de CBD o C\u00e1\u00f1amo [&hellip;]\" \/>\n<meta property=\"og:url\" content=\"https:\/\/thelyflabs.com\/fr\/descargo-de-responsabilidad\/\" \/>\n<meta property=\"og:site_name\" content=\"THE LYF LABS\" \/>\n<meta property=\"article:modified_time\" content=\"2023-02-10T19:51:25+00:00\" \/>\n<meta name=\"twitter:card\" content=\"summary_large_image\" \/>\n<meta name=\"twitter:label1\" content=\"Dur\u00e9e de lecture estim\u00e9e\" \/>\n\t<meta name=\"twitter:data1\" content=\"1 minute\" \/>\n<script type=\"application\/ld+json\" class=\"yoast-schema-graph\">{\"@context\":\"https:\\\/\\\/schema.org\",\"@graph\":[{\"@type\":\"WebPage\",\"@id\":\"https:\\\/\\\/thelyflabs.com\\\/descargo-de-responsabilidad\",\"url\":\"https:\\\/\\\/thelyflabs.com\\\/descargo-de-responsabilidad\",\"name\":\"Descargo de responsabilidad - THE LYF LABS\",\"isPartOf\":{\"@id\":\"https:\\\/\\\/thelyflabs.com\\\/#website\"},\"datePublished\":\"2023-02-10T19:51:24+00:00\",\"dateModified\":\"2023-02-10T19:51:25+00:00\",\"breadcrumb\":{\"@id\":\"https:\\\/\\\/thelyflabs.com\\\/descargo-de-responsabilidad#breadcrumb\"},\"inLanguage\":\"fr-FR\",\"potentialAction\":[{\"@type\":\"ReadAction\",\"target\":[\"https:\\\/\\\/thelyflabs.com\\\/descargo-de-responsabilidad\"]}]},{\"@type\":\"BreadcrumbList\",\"@id\":\"https:\\\/\\\/thelyflabs.com\\\/descargo-de-responsabilidad#breadcrumb\",\"itemListElement\":[{\"@type\":\"ListItem\",\"position\":1,\"name\":\"Portada\",\"item\":\"https:\\\/\\\/thelyflabs.com\\\/\"},{\"@type\":\"ListItem\",\"position\":2,\"name\":\"Descargo de responsabilidad\"}]},{\"@type\":\"WebSite\",\"@id\":\"https:\\\/\\\/thelyflabs.com\\\/#website\",\"url\":\"https:\\\/\\\/thelyflabs.com\\\/\",\"name\":\"The LYF Labs\",\"description\":\"CBD al por mayor\",\"publisher\":{\"@id\":\"https:\\\/\\\/thelyflabs.com\\\/#organization\"},\"potentialAction\":[{\"@type\":\"SearchAction\",\"target\":{\"@type\":\"EntryPoint\",\"urlTemplate\":\"https:\\\/\\\/thelyflabs.com\\\/?s={search_term_string}\"},\"query-input\":{\"@type\":\"PropertyValueSpecification\",\"valueRequired\":true,\"valueName\":\"search_term_string\"}}],\"inLanguage\":\"fr-FR\"},{\"@type\":\"Organization\",\"@id\":\"https:\\\/\\\/thelyflabs.com\\\/#organization\",\"name\":\"The LYF Labs\",\"url\":\"https:\\\/\\\/thelyflabs.com\\\/\",\"logo\":{\"@type\":\"ImageObject\",\"inLanguage\":\"fr-FR\",\"@id\":\"https:\\\/\\\/thelyflabs.com\\\/#\\\/schema\\\/logo\\\/image\\\/\",\"url\":\"https:\\\/\\\/thelyflabs.com\\\/wp-content\\\/uploads\\\/2023\\\/01\\\/cropped-LogoTheLYFLabs.png\",\"contentUrl\":\"https:\\\/\\\/thelyflabs.com\\\/wp-content\\\/uploads\\\/2023\\\/01\\\/cropped-LogoTheLYFLabs.png\",\"width\":600,\"height\":180,\"caption\":\"The LYF Labs\"},\"image\":{\"@id\":\"https:\\\/\\\/thelyflabs.com\\\/#\\\/schema\\\/logo\\\/image\\\/\"}}]}<\/script>\n<!-- \/ Yoast SEO plugin. -->","yoast_head_json":{"title":"Avis de non-responsabilit\u00e9 - THE LYF LABS","robots":{"index":"index","follow":"follow","max-snippet":"max-snippet:-1","max-image-preview":"max-image-preview:large","max-video-preview":"max-video-preview:-1"},"canonical":"https:\/\/thelyflabs.com\/fr\/descargo-de-responsabilidad\/","og_locale":"fr_FR","og_type":"article","og_title":"Descargo de responsabilidad - THE LYF LABS","og_description":"THE LYF LABS no se responsabiliza del uso indebido de los productos. Ninguno de los productos est\u00e1n destinados a diagnosticar, tratar o curar ninguna enfermedad. Se recomienda consultar con un m\u00e9dico antes de comenzar un nuevo programa de suplementos diet\u00e9ticos. Los productos que se venden en THE LYF LABS ya sean de CBD o C\u00e1\u00f1amo [&hellip;]","og_url":"https:\/\/thelyflabs.com\/fr\/descargo-de-responsabilidad\/","og_site_name":"THE LYF LABS","article_modified_time":"2023-02-10T19:51:25+00:00","twitter_card":"summary_large_image","twitter_misc":{"Dur\u00e9e de lecture estim\u00e9e":"1 minute"},"schema":{"@context":"https:\/\/schema.org","@graph":[{"@type":"WebPage","@id":"https:\/\/thelyflabs.com\/descargo-de-responsabilidad","url":"https:\/\/thelyflabs.com\/descargo-de-responsabilidad","name":"Avis de non-responsabilit\u00e9 - THE LYF LABS","isPartOf":{"@id":"https:\/\/thelyflabs.com\/#website"},"datePublished":"2023-02-10T19:51:24+00:00","dateModified":"2023-02-10T19:51:25+00:00","breadcrumb":{"@id":"https:\/\/thelyflabs.com\/descargo-de-responsabilidad#breadcrumb"},"inLanguage":"fr-FR","potentialAction":[{"@type":"ReadAction","target":["https:\/\/thelyflabs.com\/descargo-de-responsabilidad"]}]},{"@type":"BreadcrumbList","@id":"https:\/\/thelyflabs.com\/descargo-de-responsabilidad#breadcrumb","itemListElement":[{"@type":"ListItem","position":1,"name":"Portada","item":"https:\/\/thelyflabs.com\/"},{"@type":"ListItem","position":2,"name":"Descargo de responsabilidad"}]},{"@type":"WebSite","@id":"https:\/\/thelyflabs.com\/#website","url":"https:\/\/thelyflabs.com\/","name":"Les laboratoires LYF","description":"Vente en gros de CBD","publisher":{"@id":"https:\/\/thelyflabs.com\/#organization"},"potentialAction":[{"@type":"SearchAction","target":{"@type":"EntryPoint","urlTemplate":"https:\/\/thelyflabs.com\/?s={search_term_string}"},"query-input":{"@type":"PropertyValueSpecification","valueRequired":true,"valueName":"search_term_string"}}],"inLanguage":"fr-FR"},{"@type":"Organization","@id":"https:\/\/thelyflabs.com\/#organization","name":"Les laboratoires LYF","url":"https:\/\/thelyflabs.com\/","logo":{"@type":"ImageObject","inLanguage":"fr-FR","@id":"https:\/\/thelyflabs.com\/#\/schema\/logo\/image\/","url":"https:\/\/thelyflabs.com\/wp-content\/uploads\/2023\/01\/cropped-LogoTheLYFLabs.png","contentUrl":"https:\/\/thelyflabs.com\/wp-content\/uploads\/2023\/01\/cropped-LogoTheLYFLabs.png","width":600,"height":180,"caption":"The LYF Labs"},"image":{"@id":"https:\/\/thelyflabs.com\/#\/schema\/logo\/image\/"}}]}},"_links":{"self":[{"href":"https:\/\/thelyflabs.com\/fr\/wp-json\/wp\/v2\/pages\/913","targetHints":{"allow":["GET"]}}],"collection":[{"href":"https:\/\/thelyflabs.com\/fr\/wp-json\/wp\/v2\/pages"}],"about":[{"href":"https:\/\/thelyflabs.com\/fr\/wp-json\/wp\/v2\/types\/page"}],"author":[{"embeddable":true,"href":"https:\/\/thelyflabs.com\/fr\/wp-json\/wp\/v2\/users\/1"}],"replies":[{"embeddable":true,"href":"https:\/\/thelyflabs.com\/fr\/wp-json\/wp\/v2\/comments?post=913"}],"version-history":[{"count":1,"href":"https:\/\/thelyflabs.com\/fr\/wp-json\/wp\/v2\/pages\/913\/revisions"}],"predecessor-version":[{"id":914,"href":"https:\/\/thelyflabs.com\/fr\/wp-json\/wp\/v2\/pages\/913\/revisions\/914"}],"wp:attachment":[{"href":"https:\/\/thelyflabs.com\/fr\/wp-json\/wp\/v2\/media?parent=913"}],"curies":[{"name":"wp","href":"https:\/\/api.w.org\/{rel}","templated":true}]}}