{"id":915,"date":"2023-02-10T19:56:07","date_gmt":"2023-02-10T19:56:07","guid":{"rendered":"https:\/\/thelyflabs.com\/?page_id=915"},"modified":"2023-05-15T12:37:48","modified_gmt":"2023-05-15T12:37:48","slug":"politica-de-envio-y-devoluciones","status":"publish","type":"page","link":"https:\/\/thelyflabs.com\/fr\/politica-de-envio-y-devoluciones","title":{"rendered":"Politique d&#039;exp\u00e9dition et de retour"},"content":{"rendered":"<p><strong>Conditions l\u00e9gales d&#039;exp\u00e9dition et de retour<\/strong><\/p>\n\n\n\n<p>Les Conditions L\u00e9gales d&#039;Exp\u00e9dition et d&#039;Annulation font partie des Conditions L\u00e9gales du Contrat (ci-apr\u00e8s, les \u00ab Conditions de Vente \u00bb) qui r\u00e9gissent les op\u00e9rations de vente r\u00e9alis\u00e9es dans la boutique en ligne contenue dans le domaine thelyflabs.com (ci-apr\u00e8s, la \u00ab Boutique en Ligne &quot;).<\/p>\n\n\n\n<p>L&#039;achat de l&#039;un des produits propos\u00e9s dans la Boutique en ligne implique l&#039;acceptation, sans r\u00e9serve d&#039;aucune sorte, en tant qu&#039;UTILISATEUR-CLIENT des Conditions d&#039;Utilisation et de Vente.<\/p>\n\n\n\n<ol class=\"wp-block-list\">\n<li><strong>M\u00c9THODES D&#039;EXP\u00c9DITION<\/strong><\/li>\n<\/ol>\n\n\n\n<p>LIVRAISON \u00c0 DOMICILE, une fois le paiement de la commande v\u00e9rifi\u00e9, celle-ci sera envoy\u00e9e \u00e0 l&#039;adresse postale de livraison communiqu\u00e9e par l&#039;UTILISATEUR-CLIENT. Nous vous enverrons des notifications par e-mail pour vous informer de l&#039;\u00e9tat de votre commande dans un d\u00e9lai ne d\u00e9passant pas 24 heures.<\/p>\n\n\n\n<p>EXP\u00c9DITION DE COLIS<\/p>\n\n\n\n<p>Les commandes re\u00e7ues avant 16h00 seront envoy\u00e9es le jour m\u00eame. Une fois ce d\u00e9lai pass\u00e9, les colis seront envoy\u00e9s dans les 24 heures ouvrables suivant la r\u00e9ception du paiement, via une entreprise de transport priv\u00e9e avec le num\u00e9ro de suivi correspondant envoy\u00e9 automatiquement au m\u00eame email. la commande a \u00e9t\u00e9 pass\u00e9e.<\/p>\n\n\n\n<p>Le colis arrivera dans les 24\/48 heures \u00e0 compter de l&#039;envoi du colis.<\/p>\n\n\n\n<p>En r\u00e8gle g\u00e9n\u00e9rale, le colis sera livr\u00e9 avant 19h00 pour toutes commandes pass\u00e9es sur la presqu&#039;\u00eele.<\/p>\n\n\n\n<p>Les frais de port sont au prix de 6\u20ac et sont offerts \u00e0 partir de 100\u20ac dans le panier (aucun coupon de r\u00e9duction appliqu\u00e9).<\/p>\n\n\n\n<p>ILES CANARIES (48-72h)<\/p>\n\n\n\n<p>Les commandes vers les \u00eeles Canaries seront exp\u00e9di\u00e9es dans les 24 heures suivant leur r\u00e9ception par une soci\u00e9t\u00e9 de transport priv\u00e9e, votre pi\u00e8ce d&#039;identit\u00e9 est n\u00e9cessaire et nous joindrons la facture au colis.<\/p>\n\n\n\n<p>Pour le moment, nous n&#039;exp\u00e9dions pas aux \u00eeles Canaries depuis le site Web, consultez par email. <\/p>\n\n\n\n<p>CEUTA\/MELILLA- (48-72h)<\/p>\n\n\n\n<p>Pour le moment, nous n&#039;effectuons pas d&#039;exp\u00e9ditions vers Ceuta \/ Melilla depuis le site Web, consultez par email. <\/p>\n\n\n\n<ol class=\"wp-block-list\" start=\"2\">\n<li><strong>FRAIS D&#039;EXP\u00c9DITION ET D\u00c9LAI D&#039;EXP\u00c9DITION<\/strong><\/li>\n<\/ol>\n\n\n\n<p>Les frais de LIVRAISON \u00c0 DOMICILE varient en fonction de la localisation et du poids, les montants et d\u00e9lais de livraison \u00e9tant pr\u00e9cis\u00e9s dans l&#039;offre commerciale de chaque produit. Pour les exp\u00e9ditions vers la p\u00e9ninsule, le d\u00e9lai de livraison est de 24 \u00e0 48 heures. Pour les exp\u00e9ditions vers le reste des pays europ\u00e9ens, le d\u00e9lai de livraison est de 5 \u00e0 7 jours.<\/p>\n\n\n\n<p>Les exp\u00e9ditions seront effectu\u00e9es uniquement et exclusivement par l&#039;interm\u00e9diaire de la Poste ou d&#039;une entreprise de transport priv\u00e9e et ce sera l&#039;UTILISATEUR-CLIENT qui assumera la totalit\u00e9 des frais d&#039;exp\u00e9dition, sauf lorsqu&#039;ils d\u00e9passent le montant \u00e9tabli pour l&#039;exp\u00e9dition gratuite ou s&#039;il existe une offre promotionnelle plus avantageuse pour le UTILISATEUR-CLIENT.<\/p>\n\n\n\n<ol class=\"wp-block-list\" start=\"3\">\n<li><strong>ANNULATIONS<\/strong><\/li>\n<\/ol>\n\n\n\n<p>Les LYF Labs peuvent accepter l&#039;annulation de toute commande tant qu&#039;elle n&#039;a pas \u00e9t\u00e9 exp\u00e9di\u00e9e et selon son \u00e9tat de pr\u00e9paration, elle doit \u00eatre communiqu\u00e9e via l&#039;adresse email suivante : contacto@thelyflabs.com.<\/p>\n\n\n\n<p>LYF Labs peut annuler la commande s&#039;il a des raisons de croire que le moyen de paiement ou l&#039;objet de l&#039;achat ne sont pas valides ou l\u00e9gaux.<\/p>\n\n\n\n<p>Dans ce cas, The LYF Labs contactera l&#039;UTILISATEUR-CLIENT et lui proposera une solution alternative pour r\u00e9soudre l&#039;irr\u00e9gularit\u00e9 d\u00e9tect\u00e9e.<\/p>\n\n\n\n<p><strong>Conditions l\u00e9gales de retour et de remboursement<\/strong><\/p>\n\n\n\n<p>Les Conditions L\u00e9gales de Retour et de Remboursement font partie des Conditions L\u00e9gales du Contrat (ci-apr\u00e8s, les \u00ab Conditions de Vente \u00bb) qui r\u00e9gissent les op\u00e9rations de vente r\u00e9alis\u00e9es dans la boutique en ligne contenue dans le domaine thelyflabs.com (ci-apr\u00e8s, la \u00ab Boutique en Ligne &quot;).<\/p>\n\n\n\n<p>L&#039;achat de l&#039;un des produits propos\u00e9s dans la Boutique en ligne implique l&#039;acceptation, sans r\u00e9serve d&#039;aucune sorte, en tant qu&#039;UTILISATEUR-CLIENT des Conditions d&#039;Utilisation et de Vente.<\/p>\n\n\n\n<ol class=\"wp-block-list\">\n<li><strong>RETOUR<\/strong><\/li>\n<\/ol>\n\n\n\n<p>Conform\u00e9ment \u00e0 la l\u00e9gislation en vigueur, l&#039;UTILISATEUR-CLIENT aura le droit de retourner tout produit dans un d\u00e9lai de quatorze (14) jours \u00e0 compter de la date de r\u00e9ception du produit.<\/p>\n\n\n\n<p>Le produit doit \u00eatre inutilis\u00e9 et en parfait \u00e9tat et comprenant les accessoires, la documentation et l&#039;emballage d&#039;origine, sinon le bien subira une d\u00e9pr\u00e9ciation.<\/p>\n\n\n\n<p>L&#039;UTILISATEUR-CLIENT sera uniquement responsable de la diminution de la valeur des produits r\u00e9sultant de manipulations autres que celles n\u00e9cessaires pour d\u00e9terminer la nature, les caract\u00e9ristiques et le fonctionnement des biens achet\u00e9s.<\/p>\n\n\n\n<p>En aucun cas, l&#039;argent ne sera rembours\u00e9 sur les produits floraux s&#039;ils ont \u00e9t\u00e9 ouverts.<\/p>\n\n\n\n<p>L&#039;UTILISATEUR-CLIENT doit communiquer son intention de retourner le produit achet\u00e9 \u00e0 The LYF Labs, pour ce faire, merci de nous contacter par email contacto@thelyflabs.com ou depuis le bouton de chat visible en bas \u00e0 droite de l&#039;\u00e9cran.<\/p>\n\n\n\n<ol class=\"wp-block-list\" start=\"2\">\n<li><strong>REMBOURSEMENT<\/strong><\/li>\n<\/ol>\n\n\n\n<p>Le montant sera rembours\u00e9 dans les conditions \u00e9tablies dans le RDL 1\/2007 et en utilisant le m\u00eame mode de paiement que celui utilis\u00e9 par l&#039;UTILISATEUR-CLIENT pour effectuer l&#039;achat.<\/p>\n\n\n\n<p>Pour toute forme de retour, la marchandise sera examin\u00e9e dans les locaux de The LYF Labs. Une fois son bon \u00e9tat v\u00e9rifi\u00e9, le montant sera rembours\u00e9 moins les frais d&#039;exp\u00e9dition, conform\u00e9ment au mode de paiement effectu\u00e9 par l&#039;UTILISATEUR-CLIENT dans un d\u00e9lai non. plus de 14 jours calendaires \u00e0 compter de la r\u00e9ception de la marchandise retourn\u00e9e.<\/p>\n\n\n\n<p>Les LYF Labs prendront en charge les frais directs de retour en cas d&#039;erreur d&#039;exp\u00e9dition ou de d\u00e9faut de fabrication. Pour ce faire, The LYF Labs se chargera de l&#039;exp\u00e9dition et, apr\u00e8s avoir v\u00e9rifi\u00e9 le bien-fond\u00e9 de l&#039;erreur ou du d\u00e9faut de fabrication du produit, paiera le montant \u00e9quivalent aux frais d&#039;exp\u00e9dition sous r\u00e9serve du retour du produit aux frais du UTILISATEUR-CLIENT.<\/p>\n\n\n\n<p>Dans le cas o\u00f9 il n&#039;y aurait pas de d\u00e9faut de fabrication ou d&#039;erreur d&#039;exp\u00e9dition, l&#039;UTILISATEUR-CLIENT prendra \u00e0 sa charge les frais d&#039;exp\u00e9dition pour \u00e9changer ou retourner sa commande pendant le d\u00e9lai de garantie l\u00e9gale de retour des produits pr\u00e9cit\u00e9, conform\u00e9ment \u00e0 la r\u00e9glementation en vigueur.<\/p>","protected":false},"excerpt":{"rendered":"<p>Condiciones Legales de Env\u00edos y Devoluciones Las Condiciones Legales de Env\u00edo y Anulaci\u00f3n forman parte de las Condiciones Legales de Contrataci\u00f3n (en adelante, las \u00abCondiciones de Venta\u00bb) que rigen las operaciones de venta realizadas en la tienda en l\u00ednea contenida en el dominio thelyflabs.com (en adelante, la \u00abTienda Online\u00bb). La compra de cualquiera de los [&hellip;]<\/p>\n","protected":false},"author":1,"featured_media":0,"parent":0,"menu_order":0,"comment_status":"closed","ping_status":"closed","template":"","meta":{"_acf_changed":false,"site-sidebar-layout":"default","site-content-layout":"","ast-site-content-layout":"default","site-content-style":"default","site-sidebar-style":"default","ast-global-header-display":"","ast-banner-title-visibility":"","ast-main-header-display":"","ast-hfb-above-header-display":"","ast-hfb-below-header-display":"","ast-hfb-mobile-header-display":"","site-post-title":"","ast-breadcrumbs-content":"","ast-featured-img":"","footer-sml-layout":"","theme-transparent-header-meta":"","adv-header-id-meta":"","stick-header-meta":"","header-above-stick-meta":"","header-main-stick-meta":"","header-below-stick-meta":"","astra-migrate-meta-layouts":"default","ast-page-background-enabled":"default","ast-page-background-meta":{"desktop":{"background-color":"var(--ast-global-color-4)","background-image":"","background-repeat":"repeat","background-position":"center center","background-size":"auto","background-attachment":"scroll","background-type":"","background-media":"","overlay-type":"","overlay-color":"","overlay-opacity":"","overlay-gradient":""},"tablet":{"background-color":"","background-image":"","background-repeat":"repeat","background-position":"center center","background-size":"auto","background-attachment":"scroll","background-type":"","background-media":"","overlay-type":"","overlay-color":"","overlay-opacity":"","overlay-gradient":""},"mobile":{"background-color":"","background-image":"","background-repeat":"repeat","background-position":"center center","background-size":"auto","background-attachment":"scroll","background-type":"","background-media":"","overlay-type":"","overlay-color":"","overlay-opacity":"","overlay-gradient":""}},"ast-content-background-meta":{"desktop":{"background-color":"var(--ast-global-color-5)","background-image":"","background-repeat":"repeat","background-position":"center center","background-size":"auto","background-attachment":"scroll","background-type":"","background-media":"","overlay-type":"","overlay-color":"","overlay-opacity":"","overlay-gradient":""},"tablet":{"background-color":"var(--ast-global-color-5)","background-image":"","background-repeat":"repeat","background-position":"center center","background-size":"auto","background-attachment":"scroll","background-type":"","background-media":"","overlay-type":"","overlay-color":"","overlay-opacity":"","overlay-gradient":""},"mobile":{"background-color":"var(--ast-global-color-5)","background-image":"","background-repeat":"repeat","background-position":"center center","background-size":"auto","background-attachment":"scroll","background-type":"","background-media":"","overlay-type":"","overlay-color":"","overlay-opacity":"","overlay-gradient":""}},"footnotes":""},"class_list":["post-915","page","type-page","status-publish","hentry"],"acf":[],"yoast_head":"<!-- This site is optimized with the Yoast SEO plugin v27.3 - https:\/\/yoast.com\/product\/yoast-seo-wordpress\/ -->\n<title>Pol\u00edtica de envi\u00f3 y devoluciones - THE LYF LABS<\/title>\n<meta name=\"robots\" content=\"index, follow, max-snippet:-1, max-image-preview:large, max-video-preview:-1\" \/>\n<link rel=\"canonical\" href=\"https:\/\/thelyflabs.com\/fr\/politica-de-envio-y-devoluciones\/\" \/>\n<meta property=\"og:locale\" content=\"fr_FR\" \/>\n<meta property=\"og:type\" content=\"article\" \/>\n<meta property=\"og:title\" content=\"Pol\u00edtica de envi\u00f3 y devoluciones - THE LYF LABS\" \/>\n<meta property=\"og:description\" content=\"Condiciones Legales de Env\u00edos y Devoluciones Las Condiciones Legales de Env\u00edo y Anulaci\u00f3n forman parte de las Condiciones Legales de Contrataci\u00f3n (en adelante, las \u00abCondiciones de Venta\u00bb) que rigen las operaciones de venta realizadas en la tienda en l\u00ednea contenida en el dominio thelyflabs.com (en adelante, la \u00abTienda Online\u00bb). La compra de cualquiera de los [&hellip;]\" \/>\n<meta property=\"og:url\" content=\"https:\/\/thelyflabs.com\/fr\/politica-de-envio-y-devoluciones\/\" \/>\n<meta property=\"og:site_name\" content=\"THE LYF LABS\" \/>\n<meta property=\"article:modified_time\" content=\"2023-05-15T12:37:48+00:00\" \/>\n<meta name=\"twitter:card\" content=\"summary_large_image\" \/>\n<meta name=\"twitter:label1\" content=\"Dur\u00e9e de lecture estim\u00e9e\" \/>\n\t<meta name=\"twitter:data1\" content=\"5 minutes\" \/>\n<script type=\"application\/ld+json\" class=\"yoast-schema-graph\">{\"@context\":\"https:\\\/\\\/schema.org\",\"@graph\":[{\"@type\":\"WebPage\",\"@id\":\"https:\\\/\\\/thelyflabs.com\\\/politica-de-envio-y-devoluciones\",\"url\":\"https:\\\/\\\/thelyflabs.com\\\/politica-de-envio-y-devoluciones\",\"name\":\"Pol\u00edtica de envi\u00f3 y devoluciones - THE LYF LABS\",\"isPartOf\":{\"@id\":\"https:\\\/\\\/thelyflabs.com\\\/#website\"},\"datePublished\":\"2023-02-10T19:56:07+00:00\",\"dateModified\":\"2023-05-15T12:37:48+00:00\",\"breadcrumb\":{\"@id\":\"https:\\\/\\\/thelyflabs.com\\\/politica-de-envio-y-devoluciones#breadcrumb\"},\"inLanguage\":\"fr-FR\",\"potentialAction\":[{\"@type\":\"ReadAction\",\"target\":[\"https:\\\/\\\/thelyflabs.com\\\/politica-de-envio-y-devoluciones\"]}]},{\"@type\":\"BreadcrumbList\",\"@id\":\"https:\\\/\\\/thelyflabs.com\\\/politica-de-envio-y-devoluciones#breadcrumb\",\"itemListElement\":[{\"@type\":\"ListItem\",\"position\":1,\"name\":\"Portada\",\"item\":\"https:\\\/\\\/thelyflabs.com\\\/\"},{\"@type\":\"ListItem\",\"position\":2,\"name\":\"Pol\u00edtica de envi\u00f3 y devoluciones\"}]},{\"@type\":\"WebSite\",\"@id\":\"https:\\\/\\\/thelyflabs.com\\\/#website\",\"url\":\"https:\\\/\\\/thelyflabs.com\\\/\",\"name\":\"The LYF Labs\",\"description\":\"CBD al por mayor\",\"publisher\":{\"@id\":\"https:\\\/\\\/thelyflabs.com\\\/#organization\"},\"potentialAction\":[{\"@type\":\"SearchAction\",\"target\":{\"@type\":\"EntryPoint\",\"urlTemplate\":\"https:\\\/\\\/thelyflabs.com\\\/?s={search_term_string}\"},\"query-input\":{\"@type\":\"PropertyValueSpecification\",\"valueRequired\":true,\"valueName\":\"search_term_string\"}}],\"inLanguage\":\"fr-FR\"},{\"@type\":\"Organization\",\"@id\":\"https:\\\/\\\/thelyflabs.com\\\/#organization\",\"name\":\"The LYF Labs\",\"url\":\"https:\\\/\\\/thelyflabs.com\\\/\",\"logo\":{\"@type\":\"ImageObject\",\"inLanguage\":\"fr-FR\",\"@id\":\"https:\\\/\\\/thelyflabs.com\\\/#\\\/schema\\\/logo\\\/image\\\/\",\"url\":\"https:\\\/\\\/thelyflabs.com\\\/wp-content\\\/uploads\\\/2023\\\/01\\\/cropped-LogoTheLYFLabs.png\",\"contentUrl\":\"https:\\\/\\\/thelyflabs.com\\\/wp-content\\\/uploads\\\/2023\\\/01\\\/cropped-LogoTheLYFLabs.png\",\"width\":600,\"height\":180,\"caption\":\"The LYF Labs\"},\"image\":{\"@id\":\"https:\\\/\\\/thelyflabs.com\\\/#\\\/schema\\\/logo\\\/image\\\/\"}}]}<\/script>\n<!-- \/ Yoast SEO plugin. -->","yoast_head_json":{"title":"Politique d&#039;exp\u00e9dition et de retour - THE LYF LABS","robots":{"index":"index","follow":"follow","max-snippet":"max-snippet:-1","max-image-preview":"max-image-preview:large","max-video-preview":"max-video-preview:-1"},"canonical":"https:\/\/thelyflabs.com\/fr\/politica-de-envio-y-devoluciones\/","og_locale":"fr_FR","og_type":"article","og_title":"Pol\u00edtica de envi\u00f3 y devoluciones - THE LYF LABS","og_description":"Condiciones Legales de Env\u00edos y Devoluciones Las Condiciones Legales de Env\u00edo y Anulaci\u00f3n forman parte de las Condiciones Legales de Contrataci\u00f3n (en adelante, las \u00abCondiciones de Venta\u00bb) que rigen las operaciones de venta realizadas en la tienda en l\u00ednea contenida en el dominio thelyflabs.com (en adelante, la \u00abTienda Online\u00bb). La compra de cualquiera de los [&hellip;]","og_url":"https:\/\/thelyflabs.com\/fr\/politica-de-envio-y-devoluciones\/","og_site_name":"THE LYF LABS","article_modified_time":"2023-05-15T12:37:48+00:00","twitter_card":"summary_large_image","twitter_misc":{"Dur\u00e9e de lecture estim\u00e9e":"5 minutes"},"schema":{"@context":"https:\/\/schema.org","@graph":[{"@type":"WebPage","@id":"https:\/\/thelyflabs.com\/politica-de-envio-y-devoluciones","url":"https:\/\/thelyflabs.com\/politica-de-envio-y-devoluciones","name":"Politique d&#039;exp\u00e9dition et de retour - THE LYF LABS","isPartOf":{"@id":"https:\/\/thelyflabs.com\/#website"},"datePublished":"2023-02-10T19:56:07+00:00","dateModified":"2023-05-15T12:37:48+00:00","breadcrumb":{"@id":"https:\/\/thelyflabs.com\/politica-de-envio-y-devoluciones#breadcrumb"},"inLanguage":"fr-FR","potentialAction":[{"@type":"ReadAction","target":["https:\/\/thelyflabs.com\/politica-de-envio-y-devoluciones"]}]},{"@type":"BreadcrumbList","@id":"https:\/\/thelyflabs.com\/politica-de-envio-y-devoluciones#breadcrumb","itemListElement":[{"@type":"ListItem","position":1,"name":"Portada","item":"https:\/\/thelyflabs.com\/"},{"@type":"ListItem","position":2,"name":"Pol\u00edtica de envi\u00f3 y devoluciones"}]},{"@type":"WebSite","@id":"https:\/\/thelyflabs.com\/#website","url":"https:\/\/thelyflabs.com\/","name":"Les laboratoires LYF","description":"Vente en gros de CBD","publisher":{"@id":"https:\/\/thelyflabs.com\/#organization"},"potentialAction":[{"@type":"SearchAction","target":{"@type":"EntryPoint","urlTemplate":"https:\/\/thelyflabs.com\/?s={search_term_string}"},"query-input":{"@type":"PropertyValueSpecification","valueRequired":true,"valueName":"search_term_string"}}],"inLanguage":"fr-FR"},{"@type":"Organization","@id":"https:\/\/thelyflabs.com\/#organization","name":"Les laboratoires LYF","url":"https:\/\/thelyflabs.com\/","logo":{"@type":"ImageObject","inLanguage":"fr-FR","@id":"https:\/\/thelyflabs.com\/#\/schema\/logo\/image\/","url":"https:\/\/thelyflabs.com\/wp-content\/uploads\/2023\/01\/cropped-LogoTheLYFLabs.png","contentUrl":"https:\/\/thelyflabs.com\/wp-content\/uploads\/2023\/01\/cropped-LogoTheLYFLabs.png","width":600,"height":180,"caption":"The LYF Labs"},"image":{"@id":"https:\/\/thelyflabs.com\/#\/schema\/logo\/image\/"}}]}},"_links":{"self":[{"href":"https:\/\/thelyflabs.com\/fr\/wp-json\/wp\/v2\/pages\/915","targetHints":{"allow":["GET"]}}],"collection":[{"href":"https:\/\/thelyflabs.com\/fr\/wp-json\/wp\/v2\/pages"}],"about":[{"href":"https:\/\/thelyflabs.com\/fr\/wp-json\/wp\/v2\/types\/page"}],"author":[{"embeddable":true,"href":"https:\/\/thelyflabs.com\/fr\/wp-json\/wp\/v2\/users\/1"}],"replies":[{"embeddable":true,"href":"https:\/\/thelyflabs.com\/fr\/wp-json\/wp\/v2\/comments?post=915"}],"version-history":[{"count":4,"href":"https:\/\/thelyflabs.com\/fr\/wp-json\/wp\/v2\/pages\/915\/revisions"}],"predecessor-version":[{"id":1862,"href":"https:\/\/thelyflabs.com\/fr\/wp-json\/wp\/v2\/pages\/915\/revisions\/1862"}],"wp:attachment":[{"href":"https:\/\/thelyflabs.com\/fr\/wp-json\/wp\/v2\/media?parent=915"}],"curies":[{"name":"wp","href":"https:\/\/api.w.org\/{rel}","templated":true}]}}