{"id":921,"date":"2023-02-10T21:06:34","date_gmt":"2023-02-10T21:06:34","guid":{"rendered":"https:\/\/thelyflabs.com\/?page_id=921"},"modified":"2026-03-25T09:30:00","modified_gmt":"2026-03-25T08:30:00","slug":"terminos-y-condiciones","status":"publish","type":"page","link":"https:\/\/thelyflabs.com\/fr\/terminos-y-condiciones","title":{"rendered":"Termes et conditions"},"content":{"rendered":"<p><strong>Conditions juridiques g\u00e9n\u00e9rales<\/strong><\/p>\n\n\n\n<p>Les Conditions L\u00e9gales G\u00e9n\u00e9rales comprennent les clauses suivantes en liaison avec les Conditions L\u00e9gales de Confidentialit\u00e9 et Cookies (ci-apr\u00e8s, les \u00ab Conditions d&#039;Utilisation \u00bb) qui r\u00e9gissent, entre autres, l&#039;acc\u00e8s et l&#039;utilisation du site Internet contenu dans le domaine thelyflabs.com (ci-apr\u00e8s, les &quot;Site web&quot;).<\/p>\n\n\n\n<p>L&#039;acc\u00e8s et l&#039;utilisation du Site impliquent l&#039;acceptation, sans r\u00e9serve d&#039;aucune sorte, en tant qu&#039;UTILISATEUR, des Conditions d&#039;Utilisation.<\/p>\n\n\n\n<p><strong>1.IDENTIFICATION<\/strong><\/p>\n\n\n\n<p>En cumplimiento con el deber de informaci\u00f3n establecido en la normativa aplicable, a continuaci\u00f3n se reflejan los siguientes datos: la empresa titular de la Web es Aura Works s.r.o. (en adelante, \u00abThe LYF Labs\u00bb), con N\u00famero de Identificaci\u00f3n Fiscal (VAT) CZ23934352, con domicilio social en \u0160umavsk\u00e1 1094\/3, Vinohrady, 120 00 Praga 2, Rep\u00fablica Checa, y correo electr\u00f3nico de contacto: contacto@thelyflabs.com. La sociedad se encuentra debidamente inscrita en el Registro Mercantil del Tribunal Municipal de Praga, secci\u00f3n C, expediente 435441, con n\u00famero de identificaci\u00f3n 239 34 352.<\/p>\n\n\n\n<p><strong>2.UTILISATEUR<\/strong><\/p>\n\n\n\n<p>L&#039;acc\u00e8s et\/ou l&#039;utilisation du Site attribue \u00e0 toute personne la qualit\u00e9 d&#039;\u00ab UTILISATEUR \u00bb, qui accepte express\u00e9ment et pleinement chacune des Conditions d&#039;Utilisation, y compris aussi bien celles \u00e9tablies pour certaines promotions que la Politique de Confidentialit\u00e9 et Cookies, li\u00e9s aux finalit\u00e9s du traitement des donn\u00e9es personnelles que l\u2019UTILISATEUR nous fournit. Veuillez les lire attentivement.<\/p>\n\n\n\n<p>Pour acc\u00e9der et\/ou utiliser le Site, l&#039;UTILISATEUR d\u00e9clare \u00eatre majeur et\/ou avoir la capacit\u00e9 juridique pour agir conform\u00e9ment \u00e0 sa loi nationale.<\/p>\n\n\n\n<p>L&#039;UTILISATEUR, en acceptant les pr\u00e9sentes Conditions d&#039;Utilisation, s&#039;engage express\u00e9ment \u00e0 :<\/p>\n\n\n\n<ol class=\"wp-block-list\">\n<li>Ne r\u00e9aliser aucune action visant \u00e0 endommager, bloquer, endommager, d\u00e9sactiver, surcharger, temporairement ou d\u00e9finitivement, les fonctionnalit\u00e9s, outils, contenus et\/ou infrastructures du Site Web de mani\u00e8re \u00e0 emp\u00eacher son utilisation normale.<\/li>\n\n\n\n<li>N&#039;introduisez pas ou ne cr\u00e9ez pas de contenu diffamatoire ou calomnieux, qu&#039;il provienne d&#039;autres UTILISATEURS ou de soci\u00e9t\u00e9s tierces autres que The LYF Labs. N&#039;utilisez aucun des \u00e9l\u00e9ments et informations contenus sur ce site Web \u00e0 des fins illicites express\u00e9ment interdites dans les pr\u00e9sentes Conditions d&#039;utilisation, comme ainsi qu&#039;aux conditions particuli\u00e8res qui, le cas \u00e9ch\u00e9ant, sont \u00e9tablies pour certaines applications et\/ou utilitaires et qui sont contraires aux droits et int\u00e9r\u00eats de The LYF Labs, de ses utilisateurs et\/ou de tiers.<\/li>\n\n\n\n<li>Ne pas proposer ni distribuer de produits et services, ni effectuer de publicit\u00e9s ou de communications commerciales non sollicit\u00e9es \u00e0 d&#039;autres utilisateurs ou \u00e0 des tiers.<\/li>\n<\/ol>\n\n\n\n<p>L&#039;UTILISATEUR sera responsable de tous dommages de toute nature que The LYF Labs ou tout tiers pourrait subir du fait du non-respect de l&#039;une quelconque des obligations auxquelles l&#039;UTILISATEUR est soumis en vertu des pr\u00e9sentes Conditions d&#039;Utilisation ou de la Loi.<\/p>\n\n\n\n<ol start=\"3\" class=\"wp-block-list\">\n<li><strong>PROTECTION DE DONN\u00c9ES<\/strong><\/li>\n<\/ol>\n\n\n\n<p>The LYF Labs cumple con lo dispuesto en el Reglamento (UE) 2016\/679 (RGPD), as\u00ed como con la Ley Org\u00e1nica 3\/2018 de Protecci\u00f3n de Datos Personales y garant\u00eda de los derechos digitales, cuando resulte de aplicaci\u00f3n, y vela por garantizar un correcto uso y tratamiento de los datos personales del USUARIO.<\/p>\n\n\n\n<p>Para ello, junto a cada formulario de recogida de datos de car\u00e1cter personal del USUARIO, The LYF Labs informar\u00e1 sobre la finalidad, base legal y tratamiento de los datos personales, as\u00ed como la forma de ejercer sus derechos.<\/p>\n\n\n\n<p>De m\u00eame, The LYF Labs informe qu&#039;il demandera le consentement de chaque UTILISATEUR concernant le stockage et le traitement de ses donn\u00e9es personnelles \u00e0 des fins commerciales.<\/p>\n\n\n\n<ol start=\"4\" class=\"wp-block-list\">\n<li><strong>UTILISATION DU WEB<\/strong><\/li>\n<\/ol>\n\n\n\n<p>thelyflabs.com donne acc\u00e8s \u00e0 une multitude d&#039;informations sur des produits et\/ou services, programmes ou donn\u00e9es sur Internet.<\/p>\n\n\n\n<p>L&#039;UTILISATEUR assume la responsabilit\u00e9 de l&#039;utilisation du portail, qui s&#039;\u00e9tend \u00e0 l&#039;inscription n\u00e9cessaire pour acc\u00e9der \u00e0 certains services ou contenus. Lors de cette inscription, l&#039;UTILISATEUR sera responsable de fournir des informations v\u00e9ridiques et licites. \u00c0 la suite de cette inscription, l&#039;UTILISATEUR pourra fournir un mot de passe que The LYF Labs ne conna\u00eetra pas et dont il sera responsable, s&#039;engageant \u00e0 en faire un usage diligent et confidentiel.<\/p>\n\n\n\n<p>L&#039;UTILISATEUR s&#039;engage \u00e0 faire un usage appropri\u00e9 des contenus et services que The LYF Labs peut proposer \u00e0 travers son site Internet et, \u00e0 titre d&#039;exemple mais non limitatif, \u00e0 ne pas les utiliser pour (i) se livrer \u00e0 des activit\u00e9s illicites, ill\u00e9gales ou contraires de bonne foi. et l&#039;ordre public\u00a0; (ii) causer des dommages aux syst\u00e8mes de The LYF Labs, de ses fournisseurs ou de tiers, introduire ou propager des virus informatiques ou tout autre syst\u00e8me physique ou logique sur le r\u00e9seau susceptible de provoquer les dommages susvis\u00e9s ; (iii) tenter d&#039;acc\u00e9der et, le cas \u00e9ch\u00e9ant, d&#039;utiliser les comptes de messagerie d&#039;autres utilisateurs et de modifier ou manipuler leurs messages.<\/p>\n\n\n\n<p>En cas de manquement total ou partiel par l&#039;UTILISATEUR des pr\u00e9sentes Conditions d&#039;Utilisation, The LYF Labs se r\u00e9serve le droit de refuser l&#039;acc\u00e8s sans pr\u00e9avis \u00e0 l&#039;UTILISATEUR.<\/p>\n\n\n\n<ol start=\"5\" class=\"wp-block-list\">\n<li><strong>PROPRI\u00c9T\u00c9 INTELLECTUELLE ET INDUSTRIELLE<\/strong><\/li>\n<\/ol>\n\n\n\n<p>The LYF Labs por s\u00ed o como cesionaria\/licenciataria en exclusiva, es titular de todos los derechos de propiedad intelectual e industrial de esta Web.<\/p>\n\n\n\n<ol start=\"10\" class=\"wp-block-list\">\n<li><strong>LOI APPLICABLE ET JURIDICTION<\/strong><\/li>\n<\/ol>\n\n\n\n<p>The LYF Labs se reserva la facultad de presentar las acciones civiles o penales que considere oportunas.<\/p>\n\n\n\n<p>La relaci\u00f3n entre The LYF Labs y el USUARIO se regir\u00e1 por la normativa de la Uni\u00f3n Europea y la legislaci\u00f3n aplicable. En caso de consumidores, se aplicar\u00e1 la normativa correspondiente a su pa\u00eds de residencia.<\/p>","protected":false},"excerpt":{"rendered":"<p>Condiciones Legales Generales Las Condiciones Legales Generales comprenden las siguientes cl\u00e1usulas en conjunci\u00f3n con las Condiciones Legales de Privacidad y de Cookies (en adelante, las \u00abCondiciones de Uso\u00bb) que rigen, entre otros, el acceso y uso al sitio web contenido en el dominio thelyflabs.com (en adelante, la \u00abWeb\u00bb). El acceso y uso a la Web [&hellip;]<\/p>\n","protected":false},"author":1,"featured_media":0,"parent":0,"menu_order":0,"comment_status":"closed","ping_status":"closed","template":"","meta":{"_acf_changed":false,"site-sidebar-layout":"default","site-content-layout":"","ast-site-content-layout":"default","site-content-style":"default","site-sidebar-style":"default","ast-global-header-display":"","ast-banner-title-visibility":"","ast-main-header-display":"","ast-hfb-above-header-display":"","ast-hfb-below-header-display":"","ast-hfb-mobile-header-display":"","site-post-title":"","ast-breadcrumbs-content":"","ast-featured-img":"","footer-sml-layout":"","theme-transparent-header-meta":"","adv-header-id-meta":"","stick-header-meta":"","header-above-stick-meta":"","header-main-stick-meta":"","header-below-stick-meta":"","astra-migrate-meta-layouts":"set","ast-page-background-enabled":"default","ast-page-background-meta":{"desktop":{"background-color":"var(--ast-global-color-4)","background-image":"","background-repeat":"repeat","background-position":"center center","background-size":"auto","background-attachment":"scroll","background-type":"","background-media":"","overlay-type":"","overlay-color":"","overlay-opacity":"","overlay-gradient":""},"tablet":{"background-color":"","background-image":"","background-repeat":"repeat","background-position":"center center","background-size":"auto","background-attachment":"scroll","background-type":"","background-media":"","overlay-type":"","overlay-color":"","overlay-opacity":"","overlay-gradient":""},"mobile":{"background-color":"","background-image":"","background-repeat":"repeat","background-position":"center center","background-size":"auto","background-attachment":"scroll","background-type":"","background-media":"","overlay-type":"","overlay-color":"","overlay-opacity":"","overlay-gradient":""}},"ast-content-background-meta":{"desktop":{"background-color":"var(--ast-global-color-5)","background-image":"","background-repeat":"repeat","background-position":"center center","background-size":"auto","background-attachment":"scroll","background-type":"","background-media":"","overlay-type":"","overlay-color":"","overlay-opacity":"","overlay-gradient":""},"tablet":{"background-color":"var(--ast-global-color-5)","background-image":"","background-repeat":"repeat","background-position":"center center","background-size":"auto","background-attachment":"scroll","background-type":"","background-media":"","overlay-type":"","overlay-color":"","overlay-opacity":"","overlay-gradient":""},"mobile":{"background-color":"var(--ast-global-color-5)","background-image":"","background-repeat":"repeat","background-position":"center center","background-size":"auto","background-attachment":"scroll","background-type":"","background-media":"","overlay-type":"","overlay-color":"","overlay-opacity":"","overlay-gradient":""}},"footnotes":""},"class_list":["post-921","page","type-page","status-publish","hentry"],"acf":[],"yoast_head":"<!-- This site is optimized with the Yoast SEO plugin v27.4 - https:\/\/yoast.com\/product\/yoast-seo-wordpress\/ -->\n<title>T\u00e9rminos y condiciones - THE LYF LABS<\/title>\n<meta name=\"robots\" content=\"index, follow, max-snippet:-1, max-image-preview:large, max-video-preview:-1\" \/>\n<link rel=\"canonical\" href=\"https:\/\/thelyflabs.com\/fr\/terminos-y-condiciones\/\" \/>\n<meta property=\"og:locale\" content=\"fr_FR\" \/>\n<meta property=\"og:type\" content=\"article\" \/>\n<meta property=\"og:title\" content=\"T\u00e9rminos y condiciones - THE LYF LABS\" \/>\n<meta property=\"og:description\" content=\"Condiciones Legales Generales Las Condiciones Legales Generales comprenden las siguientes cl\u00e1usulas en conjunci\u00f3n con las Condiciones Legales de Privacidad y de Cookies (en adelante, las \u00abCondiciones de Uso\u00bb) que rigen, entre otros, el acceso y uso al sitio web contenido en el dominio thelyflabs.com (en adelante, la \u00abWeb\u00bb). El acceso y uso a la Web [&hellip;]\" \/>\n<meta property=\"og:url\" content=\"https:\/\/thelyflabs.com\/fr\/terminos-y-condiciones\/\" \/>\n<meta property=\"og:site_name\" content=\"THE LYF LABS\" \/>\n<meta property=\"article:modified_time\" content=\"2026-03-25T08:30:00+00:00\" \/>\n<meta name=\"twitter:card\" content=\"summary_large_image\" \/>\n<meta name=\"twitter:label1\" content=\"Dur\u00e9e de lecture estim\u00e9e\" \/>\n\t<meta name=\"twitter:data1\" content=\"5 minutes\" \/>\n<script type=\"application\/ld+json\" class=\"yoast-schema-graph\">{\"@context\":\"https:\\\/\\\/schema.org\",\"@graph\":[{\"@type\":\"WebPage\",\"@id\":\"https:\\\/\\\/thelyflabs.com\\\/terminos-y-condiciones\",\"url\":\"https:\\\/\\\/thelyflabs.com\\\/terminos-y-condiciones\",\"name\":\"T\u00e9rminos y condiciones - THE LYF LABS\",\"isPartOf\":{\"@id\":\"https:\\\/\\\/thelyflabs.com\\\/#website\"},\"datePublished\":\"2023-02-10T21:06:34+00:00\",\"dateModified\":\"2026-03-25T08:30:00+00:00\",\"breadcrumb\":{\"@id\":\"https:\\\/\\\/thelyflabs.com\\\/terminos-y-condiciones#breadcrumb\"},\"inLanguage\":\"fr-FR\",\"potentialAction\":[{\"@type\":\"ReadAction\",\"target\":[\"https:\\\/\\\/thelyflabs.com\\\/terminos-y-condiciones\"]}]},{\"@type\":\"BreadcrumbList\",\"@id\":\"https:\\\/\\\/thelyflabs.com\\\/terminos-y-condiciones#breadcrumb\",\"itemListElement\":[{\"@type\":\"ListItem\",\"position\":1,\"name\":\"Portada\",\"item\":\"https:\\\/\\\/thelyflabs.com\\\/\"},{\"@type\":\"ListItem\",\"position\":2,\"name\":\"T\u00e9rminos y condiciones\"}]},{\"@type\":\"WebSite\",\"@id\":\"https:\\\/\\\/thelyflabs.com\\\/#website\",\"url\":\"https:\\\/\\\/thelyflabs.com\\\/\",\"name\":\"The LYF Labs\",\"description\":\"CBD al por mayor\",\"publisher\":{\"@id\":\"https:\\\/\\\/thelyflabs.com\\\/#organization\"},\"potentialAction\":[{\"@type\":\"SearchAction\",\"target\":{\"@type\":\"EntryPoint\",\"urlTemplate\":\"https:\\\/\\\/thelyflabs.com\\\/?s={search_term_string}\"},\"query-input\":{\"@type\":\"PropertyValueSpecification\",\"valueRequired\":true,\"valueName\":\"search_term_string\"}}],\"inLanguage\":\"fr-FR\"},{\"@type\":\"Organization\",\"@id\":\"https:\\\/\\\/thelyflabs.com\\\/#organization\",\"name\":\"The LYF Labs\",\"url\":\"https:\\\/\\\/thelyflabs.com\\\/\",\"logo\":{\"@type\":\"ImageObject\",\"inLanguage\":\"fr-FR\",\"@id\":\"https:\\\/\\\/thelyflabs.com\\\/#\\\/schema\\\/logo\\\/image\\\/\",\"url\":\"https:\\\/\\\/thelyflabs.com\\\/wp-content\\\/uploads\\\/2023\\\/01\\\/cropped-LogoTheLYFLabs.png\",\"contentUrl\":\"https:\\\/\\\/thelyflabs.com\\\/wp-content\\\/uploads\\\/2023\\\/01\\\/cropped-LogoTheLYFLabs.png\",\"width\":600,\"height\":180,\"caption\":\"The LYF Labs\"},\"image\":{\"@id\":\"https:\\\/\\\/thelyflabs.com\\\/#\\\/schema\\\/logo\\\/image\\\/\"}}]}<\/script>\n<!-- \/ Yoast SEO plugin. -->","yoast_head_json":{"title":"T\u00e9rminos y condiciones - THE LYF LABS","robots":{"index":"index","follow":"follow","max-snippet":"max-snippet:-1","max-image-preview":"max-image-preview:large","max-video-preview":"max-video-preview:-1"},"canonical":"https:\/\/thelyflabs.com\/fr\/terminos-y-condiciones\/","og_locale":"fr_FR","og_type":"article","og_title":"T\u00e9rminos y condiciones - THE LYF LABS","og_description":"Condiciones Legales Generales Las Condiciones Legales Generales comprenden las siguientes cl\u00e1usulas en conjunci\u00f3n con las Condiciones Legales de Privacidad y de Cookies (en adelante, las \u00abCondiciones de Uso\u00bb) que rigen, entre otros, el acceso y uso al sitio web contenido en el dominio thelyflabs.com (en adelante, la \u00abWeb\u00bb). El acceso y uso a la Web [&hellip;]","og_url":"https:\/\/thelyflabs.com\/fr\/terminos-y-condiciones\/","og_site_name":"THE LYF LABS","article_modified_time":"2026-03-25T08:30:00+00:00","twitter_card":"summary_large_image","twitter_misc":{"Dur\u00e9e de lecture estim\u00e9e":"5 minutes"},"schema":{"@context":"https:\/\/schema.org","@graph":[{"@type":"WebPage","@id":"https:\/\/thelyflabs.com\/terminos-y-condiciones","url":"https:\/\/thelyflabs.com\/terminos-y-condiciones","name":"T\u00e9rminos y condiciones - THE LYF LABS","isPartOf":{"@id":"https:\/\/thelyflabs.com\/#website"},"datePublished":"2023-02-10T21:06:34+00:00","dateModified":"2026-03-25T08:30:00+00:00","breadcrumb":{"@id":"https:\/\/thelyflabs.com\/terminos-y-condiciones#breadcrumb"},"inLanguage":"fr-FR","potentialAction":[{"@type":"ReadAction","target":["https:\/\/thelyflabs.com\/terminos-y-condiciones"]}]},{"@type":"BreadcrumbList","@id":"https:\/\/thelyflabs.com\/terminos-y-condiciones#breadcrumb","itemListElement":[{"@type":"ListItem","position":1,"name":"Portada","item":"https:\/\/thelyflabs.com\/"},{"@type":"ListItem","position":2,"name":"T\u00e9rminos y condiciones"}]},{"@type":"WebSite","@id":"https:\/\/thelyflabs.com\/#website","url":"https:\/\/thelyflabs.com\/","name":"Les laboratoires LYF","description":"Vente en gros de CBD","publisher":{"@id":"https:\/\/thelyflabs.com\/#organization"},"potentialAction":[{"@type":"SearchAction","target":{"@type":"EntryPoint","urlTemplate":"https:\/\/thelyflabs.com\/?s={search_term_string}"},"query-input":{"@type":"PropertyValueSpecification","valueRequired":true,"valueName":"search_term_string"}}],"inLanguage":"fr-FR"},{"@type":"Organization","@id":"https:\/\/thelyflabs.com\/#organization","name":"Les laboratoires LYF","url":"https:\/\/thelyflabs.com\/","logo":{"@type":"ImageObject","inLanguage":"fr-FR","@id":"https:\/\/thelyflabs.com\/#\/schema\/logo\/image\/","url":"https:\/\/thelyflabs.com\/wp-content\/uploads\/2023\/01\/cropped-LogoTheLYFLabs.png","contentUrl":"https:\/\/thelyflabs.com\/wp-content\/uploads\/2023\/01\/cropped-LogoTheLYFLabs.png","width":600,"height":180,"caption":"The LYF Labs"},"image":{"@id":"https:\/\/thelyflabs.com\/#\/schema\/logo\/image\/"}}]}},"_links":{"self":[{"href":"https:\/\/thelyflabs.com\/fr\/wp-json\/wp\/v2\/pages\/921","targetHints":{"allow":["GET"]}}],"collection":[{"href":"https:\/\/thelyflabs.com\/fr\/wp-json\/wp\/v2\/pages"}],"about":[{"href":"https:\/\/thelyflabs.com\/fr\/wp-json\/wp\/v2\/types\/page"}],"author":[{"embeddable":true,"href":"https:\/\/thelyflabs.com\/fr\/wp-json\/wp\/v2\/users\/1"}],"replies":[{"embeddable":true,"href":"https:\/\/thelyflabs.com\/fr\/wp-json\/wp\/v2\/comments?post=921"}],"version-history":[{"count":3,"href":"https:\/\/thelyflabs.com\/fr\/wp-json\/wp\/v2\/pages\/921\/revisions"}],"predecessor-version":[{"id":17636,"href":"https:\/\/thelyflabs.com\/fr\/wp-json\/wp\/v2\/pages\/921\/revisions\/17636"}],"wp:attachment":[{"href":"https:\/\/thelyflabs.com\/fr\/wp-json\/wp\/v2\/media?parent=921"}],"curies":[{"name":"wp","href":"https:\/\/api.w.org\/{rel}","templated":true}]}}