{"id":10213,"date":"2025-01-23T00:52:32","date_gmt":"2025-01-22T23:52:32","guid":{"rendered":"https:\/\/thelyflabs.com\/?post_type=product&#038;p=10213"},"modified":"2026-03-20T11:46:04","modified_gmt":"2026-03-20T10:46:04","slug":"piatella-hash-cbd-40","status":"publish","type":"product","link":"https:\/\/thelyflabs.com\/fr\/product\/piatella-hash-cbd-40","title":{"rendered":"Piatella Hash CBD 40%"},"content":{"rendered":"<h3 data-pm-slice=\"1 1 []\">Piatella Hash CBD 40% : le haschisch que vous attendiez<\/h3>\n<p>Chez Iguana Smoke, nous aimons vous offrir le meilleur de l&#039;univers CBD, et cette fois nous vous proposons un joyau que vous ne voudrez pas manquer : <strong>Piatella Hash CBD 40%<\/strong>. Ce haschich CBD se distingue par sa tr\u00e8s forte concentration en cannabidiol et sa texture incomparable, parfaite pour les amateurs de CBD qui recherchent qualit\u00e9 et saveur \u00e0 chaque exp\u00e9rience.<\/p>\n<h4>Qu\u2019est-ce que le Piatella Hash CBD ?<\/h4>\n<p><strong>Piatella CBD<\/strong> est une vari\u00e9t\u00e9 premium de haschisch CBD fabriqu\u00e9e \u00e0 partir des meilleures fleurs de chanvre industriel cultiv\u00e9es de mani\u00e8re biologique. Son nom, &quot;Piatella&quot;, fait r\u00e9f\u00e9rence \u00e0 sa texture caract\u00e9ristique, douce et mall\u00e9able, qui fond facilement, ce qui en fait une option id\u00e9ale pour ceux qui aiment explorer les ar\u00f4mes des r\u00e9sines de haute qualit\u00e9.<\/p>\n<p>Gr\u00e2ce \u00e0 sa concentration de 401 % de CBD, ce produit offre une exp\u00e9rience intens\u00e9ment relaxante et agr\u00e9able, sans les effets psychoactifs associ\u00e9s au THC. De plus, avec moins de 0,31 % de THC, il est parfaitement l\u00e9gal en Espagne et dans toute l&#039;Union europ\u00e9enne.<\/p>\n<p>&nbsp;<\/p>\n<h2>Caract\u00e9ristiques du haschisch CBD Piatella 40%\u00a0:<\/h2>\n<ul>\n<li><b>Aspect et texture : <\/b>Il se distingue visuellement par son t<strong>texture mall\u00e9able<\/strong> Il fond facilement, offrant une exp\u00e9rience tactile aussi agr\u00e9able que son effet. Ce haschisch CBD est fabriqu\u00e9 \u00e0 partir de <strong>collants<\/strong> haute pr\u00e9cision pour la s\u00e9paration des <strong>glandes r\u00e9sineuses de mati\u00e8re v\u00e9g\u00e9tale<\/strong>atteindre la perfection.<\/li>\n<li><span style=\"font-size: 16px;font-weight: 400\"><strong>Ar\u00f4me et saveur :<\/strong> intense, avec un profil terp\u00e9no\u00efde riche qui combine <strong>notes terreuses, sucr\u00e9es et \u00e9pic\u00e9es<\/strong>. \u00a0<\/span><\/li>\n<li><strong>Origine et puret\u00e9 :<\/strong> <span style=\"font-size: 16px;font-weight: 400\">Cette r\u00e9sine provient de sources fiables qui garantissent<strong> puret\u00e9 et qualit\u00e9<\/strong>Contrairement \u00e0 d&#039;autres produits, ce haschisch conserve toutes ses propri\u00e9t\u00e9s. <strong>terp\u00e8nes naturels<\/strong>Cela garantit une exp\u00e9rience olfactive et gustative exceptionnelle.<\/span><span style=\"font-size: 16px;font-weight: 400\">crucial pour ceux qui recherchent <strong>CBD pas cher<\/strong> mais ils ne veulent pas faire de compromis sur la qualit\u00e9 de <strong>Haschisch CBD Piatella 40%<\/strong>.<\/span><\/li>\n<\/ul>\n<section class=\"product-description\">\n<h2>Qualit\u00e9 et s\u00e9curit\u00e9<\/h2>\n<p>Dans <strong>Les laboratoires Lyf<\/strong>, nous garantissons que chaque lot de <strong>Piatella Hash CBD<\/strong>\u00a0Ce produit fait l&#039;objet d&#039;analyses rigoureuses en laboratoire afin de confirmer sa puret\u00e9, l&#039;absence de pesticides et un taux de THC l\u00e9gal (inf\u00e9rieur \u00e0 0,31 g\/L). Notre engagement envers la qualit\u00e9 et la s\u00e9curit\u00e9 nous permet de proposer un produit fiable, adapt\u00e9 \u00e0 tous les consommateurs soucieux de l\u00e9galit\u00e9 et d&#039;excellence.<\/p>\n<p>&nbsp;<\/p>\n<p><span style=\"font-size: 1.7em;font-weight: bold\">Pourquoi acheter <strong>Piatella Hash CBD<\/strong>\u00a0chez Lyf Labs ?<\/span><\/p>\n<\/section>\n<section class=\"product-description\">\n<ul>\n<li>Produit 100% l\u00e9gal dans l&#039;Union Europ\u00e9enne, conforme \u00e0 la r\u00e9glementation en vigueur sur le THC.<\/li>\n<li>Naturel, sans pesticides ni additifs chimiques, garantissant une consommation s\u00fbre et saine.<\/li>\n<li>Test\u00e9 dans des laboratoires certifi\u00e9s pour garantir une puret\u00e9 et une qualit\u00e9 maximales.<\/li>\n<li>Une livraison rapide et un service professionnel accompagnent chaque achat.<\/li>\n<li>Achat s\u00e9curis\u00e9 et support sp\u00e9cialis\u00e9 pour r\u00e9soudre toutes vos questions.<\/li>\n<\/ul>\n<p>Lyf Labs s&#039;engage \u00e0 proposer des produits alliant tradition, innovation et qualit\u00e9 sup\u00e9rieure. <strong>Piatella Hash CBD<\/strong>\u00a0C&#039;est un choix exceptionnel pour ceux qui recherchent un haschisch artisanal au profil moderne et \u00e0 l&#039;exp\u00e9rience utilisateur unique. Faites-nous confiance pour ajouter \u00e0 votre collection ou \u00e0 votre catalogue un produit qui se distingue par son authenticit\u00e9, sa saveur et sa fiabilit\u00e9.<\/p>\n<p>&nbsp;<\/p>\n<p><span style=\"font-size: 1.7em;font-weight: bold\">Lyf Labs, c&#039;est de la qualit\u00e9<\/span><\/p>\n<\/section>\n<p>The Lyf Labs repr\u00e9sente l&#039;excellence sur le march\u00e9 de gros des cannabino\u00efdes, proposant des produits innovants, s\u00fbrs et d&#039;une grande puret\u00e9 aux boutiques sp\u00e9cialis\u00e9es et aux distributeurs. Nous nous effor\u00e7ons de r\u00e9pondre aux besoins d&#039;un secteur professionnel en qu\u00eate de qualit\u00e9 constante, de tra\u00e7abilit\u00e9 et de prix comp\u00e9titifs. Si vous recherchez un fournisseur fiable et avant-gardiste, vous trouverez en The Lyf Labs un partenaire strat\u00e9gique pour vous accompagner dans votre croissance sur le march\u00e9 du chanvre.<\/p>\n<p>&nbsp;<\/p>","protected":false},"excerpt":{"rendered":"<p><span style=\"font-weight: 400\">Essayez le Piatella Hash 40% CBD, parfait pour ceux qui souhaitent profiter d&#039;un ar\u00f4me doux et fruit\u00e9.<\/span><\/p>\n<ul>\n<li><strong>CBD<\/strong>: 40%, garantissant une haute intensit\u00e9.<\/li>\n<li><strong>Parfum <\/strong>avec une touche \u00e9pic\u00e9e qui rappelle les r\u00e9sines traditionnelles.<\/li>\n<li>100% l\u00e9gal en Europe \u2013 moins de 0,3% THC.<\/li>\n<\/ul>\n<p>Analyse qualit\u00e9 : cliquez\u00a0<a href=\"https:\/\/iguanasmoke.com\/analiticas\/\" target=\"_blank\" rel=\"noopener\">ici<\/a><\/p>","protected":false},"featured_media":17479,"comment_status":"open","ping_status":"closed","template":"","meta":{"_acf_changed":false,"site-sidebar-layout":"default","site-content-layout":"","ast-site-content-layout":"default","site-content-style":"default","site-sidebar-style":"default","ast-global-header-display":"","ast-banner-title-visibility":"","ast-main-header-display":"","ast-hfb-above-header-display":"","ast-hfb-below-header-display":"","ast-hfb-mobile-header-display":"","site-post-title":"","ast-breadcrumbs-content":"","ast-featured-img":"","footer-sml-layout":"","theme-transparent-header-meta":"default","adv-header-id-meta":"","stick-header-meta":"","header-above-stick-meta":"","header-main-stick-meta":"","header-below-stick-meta":"","astra-migrate-meta-layouts":"set","ast-page-background-enabled":"default","ast-page-background-meta":{"desktop":{"background-color":"var(--ast-global-color-4)","background-image":"","background-repeat":"repeat","background-position":"center center","background-size":"auto","background-attachment":"scroll","background-type":"","background-media":"","overlay-type":"","overlay-color":"","overlay-opacity":"","overlay-gradient":""},"tablet":{"background-color":"","background-image":"","background-repeat":"repeat","background-position":"center center","background-size":"auto","background-attachment":"scroll","background-type":"","background-media":"","overlay-type":"","overlay-color":"","overlay-opacity":"","overlay-gradient":""},"mobile":{"background-color":"","background-image":"","background-repeat":"repeat","background-position":"center center","background-size":"auto","background-attachment":"scroll","background-type":"","background-media":"","overlay-type":"","overlay-color":"","overlay-opacity":"","overlay-gradient":""}},"ast-content-background-meta":{"desktop":{"background-color":"var(--ast-global-color-5)","background-image":"","background-repeat":"repeat","background-position":"center center","background-size":"auto","background-attachment":"scroll","background-type":"","background-media":"","overlay-type":"","overlay-color":"","overlay-opacity":"","overlay-gradient":""},"tablet":{"background-color":"var(--ast-global-color-5)","background-image":"","background-repeat":"repeat","background-position":"center center","background-size":"auto","background-attachment":"scroll","background-type":"","background-media":"","overlay-type":"","overlay-color":"","overlay-opacity":"","overlay-gradient":""},"mobile":{"background-color":"var(--ast-global-color-5)","background-image":"","background-repeat":"repeat","background-position":"center center","background-size":"auto","background-attachment":"scroll","background-type":"","background-media":"","overlay-type":"","overlay-color":"","overlay-opacity":"","overlay-gradient":""}}},"product_brand":[],"product_cat":[40,66,86],"product_tag":[],"class_list":{"0":"post-10213","1":"product","2":"type-product","3":"status-publish","4":"has-post-thumbnail","6":"product_cat-iguanasmoke","7":"product_cat-resinas","8":"product_cat-resinas-cbd","9":"desktop-align-center","10":"tablet-align-left","11":"mobile-align-left","13":"first","14":"instock","15":"taxable","16":"shipping-taxable","17":"purchasable","18":"product-type-variable"},"acf":[],"yoast_head":"<!-- This site is optimized with the Yoast SEO plugin v27.3 - https:\/\/yoast.com\/product\/yoast-seo-wordpress\/ -->\n<title>Piatella Hash CBD 40% - THE LYF LABS<\/title>\n<meta name=\"description\" content=\"Compra Piatella Hash CBD 40% de CBD al mejor precio para tiendas y mayoristas. Compra hach\u00eds CBD legal. Ofertas y beneficios exclusivos para distribuidores.\" \/>\n<meta name=\"robots\" content=\"index, follow, max-snippet:-1, max-image-preview:large, max-video-preview:-1\" \/>\n<link rel=\"canonical\" href=\"https:\/\/thelyflabs.com\/fr\/product\/piatella-hash-cbd-40\/\" \/>\n<meta property=\"og:locale\" content=\"fr_FR\" \/>\n<meta property=\"og:type\" content=\"article\" \/>\n<meta property=\"og:title\" content=\"Piatella Hash CBD 40% - THE LYF LABS\" \/>\n<meta property=\"og:description\" content=\"Compra Piatella Hash CBD 40% de CBD al mejor precio para tiendas y mayoristas. Compra hach\u00eds CBD legal. Ofertas y beneficios exclusivos para distribuidores.\" \/>\n<meta property=\"og:url\" content=\"https:\/\/thelyflabs.com\/fr\/product\/piatella-hash-cbd-40\/\" \/>\n<meta property=\"og:site_name\" content=\"THE LYF LABS\" \/>\n<meta property=\"article:modified_time\" content=\"2026-03-20T10:46:04+00:00\" \/>\n<meta property=\"og:image\" content=\"https:\/\/thelyflabs.com\/wp-content\/uploads\/2025\/01\/Piatella-2g-con-hash.webp\" \/>\n\t<meta property=\"og:image:width\" content=\"1000\" \/>\n\t<meta property=\"og:image:height\" content=\"1000\" \/>\n\t<meta property=\"og:image:type\" content=\"image\/webp\" \/>\n<meta name=\"twitter:card\" content=\"summary_large_image\" \/>\n<meta name=\"twitter:label1\" content=\"Dur\u00e9e de lecture estim\u00e9e\" \/>\n\t<meta name=\"twitter:data1\" content=\"3 minutes\" \/>\n<script type=\"application\/ld+json\" class=\"yoast-schema-graph\">{\"@context\":\"https:\\\/\\\/schema.org\",\"@graph\":[{\"@type\":\"WebPage\",\"@id\":\"https:\\\/\\\/thelyflabs.com\\\/product\\\/piatella-hash-cbd-40\",\"url\":\"https:\\\/\\\/thelyflabs.com\\\/product\\\/piatella-hash-cbd-40\",\"name\":\"Piatella Hash CBD 40% - THE LYF LABS\",\"isPartOf\":{\"@id\":\"https:\\\/\\\/thelyflabs.com\\\/#website\"},\"primaryImageOfPage\":{\"@id\":\"https:\\\/\\\/thelyflabs.com\\\/product\\\/piatella-hash-cbd-40#primaryimage\"},\"image\":{\"@id\":\"https:\\\/\\\/thelyflabs.com\\\/product\\\/piatella-hash-cbd-40#primaryimage\"},\"thumbnailUrl\":\"https:\\\/\\\/thelyflabs.com\\\/wp-content\\\/uploads\\\/2025\\\/01\\\/Piatella-2g-con-hash.webp\",\"datePublished\":\"2025-01-22T23:52:32+00:00\",\"dateModified\":\"2026-03-20T10:46:04+00:00\",\"description\":\"Compra Piatella Hash CBD 40% de CBD al mejor precio para tiendas y mayoristas. Compra hach\u00eds CBD legal. Ofertas y beneficios exclusivos para distribuidores.\",\"breadcrumb\":{\"@id\":\"https:\\\/\\\/thelyflabs.com\\\/product\\\/piatella-hash-cbd-40#breadcrumb\"},\"inLanguage\":\"fr-FR\",\"potentialAction\":[{\"@type\":\"ReadAction\",\"target\":[\"https:\\\/\\\/thelyflabs.com\\\/product\\\/piatella-hash-cbd-40\"]}]},{\"@type\":\"ImageObject\",\"inLanguage\":\"fr-FR\",\"@id\":\"https:\\\/\\\/thelyflabs.com\\\/product\\\/piatella-hash-cbd-40#primaryimage\",\"url\":\"https:\\\/\\\/thelyflabs.com\\\/wp-content\\\/uploads\\\/2025\\\/01\\\/Piatella-2g-con-hash.webp\",\"contentUrl\":\"https:\\\/\\\/thelyflabs.com\\\/wp-content\\\/uploads\\\/2025\\\/01\\\/Piatella-2g-con-hash.webp\",\"width\":1000,\"height\":1000,\"caption\":\"Hash CBD Piatella 2g\"},{\"@type\":\"BreadcrumbList\",\"@id\":\"https:\\\/\\\/thelyflabs.com\\\/product\\\/piatella-hash-cbd-40#breadcrumb\",\"itemListElement\":[{\"@type\":\"ListItem\",\"position\":1,\"name\":\"Portada\",\"item\":\"https:\\\/\\\/thelyflabs.com\\\/\"},{\"@type\":\"ListItem\",\"position\":2,\"name\":\"Tienda\",\"item\":\"https:\\\/\\\/thelyflabs.com\\\/tienda\"},{\"@type\":\"ListItem\",\"position\":3,\"name\":\"Piatella Hash CBD 40%\"}]},{\"@type\":\"WebSite\",\"@id\":\"https:\\\/\\\/thelyflabs.com\\\/#website\",\"url\":\"https:\\\/\\\/thelyflabs.com\\\/\",\"name\":\"The LYF Labs\",\"description\":\"CBD al por mayor\",\"publisher\":{\"@id\":\"https:\\\/\\\/thelyflabs.com\\\/#organization\"},\"potentialAction\":[{\"@type\":\"SearchAction\",\"target\":{\"@type\":\"EntryPoint\",\"urlTemplate\":\"https:\\\/\\\/thelyflabs.com\\\/?s={search_term_string}\"},\"query-input\":{\"@type\":\"PropertyValueSpecification\",\"valueRequired\":true,\"valueName\":\"search_term_string\"}}],\"inLanguage\":\"fr-FR\"},{\"@type\":\"Organization\",\"@id\":\"https:\\\/\\\/thelyflabs.com\\\/#organization\",\"name\":\"The LYF Labs\",\"url\":\"https:\\\/\\\/thelyflabs.com\\\/\",\"logo\":{\"@type\":\"ImageObject\",\"inLanguage\":\"fr-FR\",\"@id\":\"https:\\\/\\\/thelyflabs.com\\\/#\\\/schema\\\/logo\\\/image\\\/\",\"url\":\"https:\\\/\\\/thelyflabs.com\\\/wp-content\\\/uploads\\\/2023\\\/01\\\/cropped-LogoTheLYFLabs.png\",\"contentUrl\":\"https:\\\/\\\/thelyflabs.com\\\/wp-content\\\/uploads\\\/2023\\\/01\\\/cropped-LogoTheLYFLabs.png\",\"width\":600,\"height\":180,\"caption\":\"The LYF Labs\"},\"image\":{\"@id\":\"https:\\\/\\\/thelyflabs.com\\\/#\\\/schema\\\/logo\\\/image\\\/\"}}]}<\/script>\n<!-- \/ Yoast SEO plugin. -->","yoast_head_json":{"title":"Piatella Hash CBD 40% - THE LYF LABS","description":"Compra Piatella Hash CBD 40% de CBD al mejor precio para tiendas y mayoristas. Compra hach\u00eds CBD legal. Ofertas y beneficios exclusivos para distribuidores.","robots":{"index":"index","follow":"follow","max-snippet":"max-snippet:-1","max-image-preview":"max-image-preview:large","max-video-preview":"max-video-preview:-1"},"canonical":"https:\/\/thelyflabs.com\/fr\/product\/piatella-hash-cbd-40\/","og_locale":"fr_FR","og_type":"article","og_title":"Piatella Hash CBD 40% - THE LYF LABS","og_description":"Compra Piatella Hash CBD 40% de CBD al mejor precio para tiendas y mayoristas. Compra hach\u00eds CBD legal. Ofertas y beneficios exclusivos para distribuidores.","og_url":"https:\/\/thelyflabs.com\/fr\/product\/piatella-hash-cbd-40\/","og_site_name":"THE LYF LABS","article_modified_time":"2026-03-20T10:46:04+00:00","og_image":[{"width":1000,"height":1000,"url":"https:\/\/thelyflabs.com\/wp-content\/uploads\/2025\/01\/Piatella-2g-con-hash.webp","type":"image\/webp"}],"twitter_card":"summary_large_image","twitter_misc":{"Dur\u00e9e de lecture estim\u00e9e":"3 minutes"},"schema":{"@context":"https:\/\/schema.org","@graph":[{"@type":"WebPage","@id":"https:\/\/thelyflabs.com\/product\/piatella-hash-cbd-40","url":"https:\/\/thelyflabs.com\/product\/piatella-hash-cbd-40","name":"Piatella Hash CBD 40% - THE LYF LABS","isPartOf":{"@id":"https:\/\/thelyflabs.com\/#website"},"primaryImageOfPage":{"@id":"https:\/\/thelyflabs.com\/product\/piatella-hash-cbd-40#primaryimage"},"image":{"@id":"https:\/\/thelyflabs.com\/product\/piatella-hash-cbd-40#primaryimage"},"thumbnailUrl":"https:\/\/thelyflabs.com\/wp-content\/uploads\/2025\/01\/Piatella-2g-con-hash.webp","datePublished":"2025-01-22T23:52:32+00:00","dateModified":"2026-03-20T10:46:04+00:00","description":"Compra Piatella Hash CBD 40% de CBD al mejor precio para tiendas y mayoristas. Compra hach\u00eds CBD legal. Ofertas y beneficios exclusivos para distribuidores.","breadcrumb":{"@id":"https:\/\/thelyflabs.com\/product\/piatella-hash-cbd-40#breadcrumb"},"inLanguage":"fr-FR","potentialAction":[{"@type":"ReadAction","target":["https:\/\/thelyflabs.com\/product\/piatella-hash-cbd-40"]}]},{"@type":"ImageObject","inLanguage":"fr-FR","@id":"https:\/\/thelyflabs.com\/product\/piatella-hash-cbd-40#primaryimage","url":"https:\/\/thelyflabs.com\/wp-content\/uploads\/2025\/01\/Piatella-2g-con-hash.webp","contentUrl":"https:\/\/thelyflabs.com\/wp-content\/uploads\/2025\/01\/Piatella-2g-con-hash.webp","width":1000,"height":1000,"caption":"Hash CBD Piatella 2g"},{"@type":"BreadcrumbList","@id":"https:\/\/thelyflabs.com\/product\/piatella-hash-cbd-40#breadcrumb","itemListElement":[{"@type":"ListItem","position":1,"name":"Portada","item":"https:\/\/thelyflabs.com\/"},{"@type":"ListItem","position":2,"name":"Tienda","item":"https:\/\/thelyflabs.com\/tienda"},{"@type":"ListItem","position":3,"name":"Piatella Hash CBD 40%"}]},{"@type":"WebSite","@id":"https:\/\/thelyflabs.com\/#website","url":"https:\/\/thelyflabs.com\/","name":"Les laboratoires LYF","description":"Vente en gros de CBD","publisher":{"@id":"https:\/\/thelyflabs.com\/#organization"},"potentialAction":[{"@type":"SearchAction","target":{"@type":"EntryPoint","urlTemplate":"https:\/\/thelyflabs.com\/?s={search_term_string}"},"query-input":{"@type":"PropertyValueSpecification","valueRequired":true,"valueName":"search_term_string"}}],"inLanguage":"fr-FR"},{"@type":"Organization","@id":"https:\/\/thelyflabs.com\/#organization","name":"Les laboratoires LYF","url":"https:\/\/thelyflabs.com\/","logo":{"@type":"ImageObject","inLanguage":"fr-FR","@id":"https:\/\/thelyflabs.com\/#\/schema\/logo\/image\/","url":"https:\/\/thelyflabs.com\/wp-content\/uploads\/2023\/01\/cropped-LogoTheLYFLabs.png","contentUrl":"https:\/\/thelyflabs.com\/wp-content\/uploads\/2023\/01\/cropped-LogoTheLYFLabs.png","width":600,"height":180,"caption":"The LYF Labs"},"image":{"@id":"https:\/\/thelyflabs.com\/#\/schema\/logo\/image\/"}}]}},"_links":{"self":[{"href":"https:\/\/thelyflabs.com\/fr\/wp-json\/wp\/v2\/product\/10213","targetHints":{"allow":["GET"]}}],"collection":[{"href":"https:\/\/thelyflabs.com\/fr\/wp-json\/wp\/v2\/product"}],"about":[{"href":"https:\/\/thelyflabs.com\/fr\/wp-json\/wp\/v2\/types\/product"}],"replies":[{"embeddable":true,"href":"https:\/\/thelyflabs.com\/fr\/wp-json\/wp\/v2\/comments?post=10213"}],"wp:featuredmedia":[{"embeddable":true,"href":"https:\/\/thelyflabs.com\/fr\/wp-json\/wp\/v2\/media\/17479"}],"wp:attachment":[{"href":"https:\/\/thelyflabs.com\/fr\/wp-json\/wp\/v2\/media?parent=10213"}],"wp:term":[{"taxonomy":"product_brand","embeddable":true,"href":"https:\/\/thelyflabs.com\/fr\/wp-json\/wp\/v2\/product_brand?post=10213"},{"taxonomy":"product_cat","embeddable":true,"href":"https:\/\/thelyflabs.com\/fr\/wp-json\/wp\/v2\/product_cat?post=10213"},{"taxonomy":"product_tag","embeddable":true,"href":"https:\/\/thelyflabs.com\/fr\/wp-json\/wp\/v2\/product_tag?post=10213"}],"curies":[{"name":"wp","href":"https:\/\/api.w.org\/{rel}","templated":true}]}}