{"id":10215,"date":"2025-01-23T00:52:33","date_gmt":"2025-01-22T23:52:33","guid":{"rendered":"https:\/\/thelyflabs.com\/?post_type=product&#038;p=10215"},"modified":"2026-04-15T10:31:44","modified_gmt":"2026-04-15T08:31:44","slug":"ice-90%c2%b5-hash-cbd-60","status":"publish","type":"product","link":"https:\/\/thelyflabs.com\/fr\/product\/ice-90%c2%b5-hash-cbd-60","title":{"rendered":"Glace 90\u00b5 Hash CBD 60%"},"content":{"rendered":"<h3>Ice 90\u00b5 Hash CBD 60% : Qualit\u00e9 Artisanale et Pure<\/h3>\n<p>D\u00e9couvrez le <strong>Glace 90\u00b5 Hash CBD 60%<\/strong>, le nouveau standard du haschich CBD qui vient r\u00e9volutionner votre exp\u00e9rience ! Ce hash CBD est fabriqu\u00e9 avec des mailles de 90 microns, une m\u00e9thode d&#039;extraction m\u00e9ticuleuse qui s\u00e9lectionne uniquement les meilleurs trichomes pour obtenir un produit premium, rempli de terp\u00e8nes naturels et sans additifs artificiels. Pr\u00eat \u00e0 faire passer votre passion pour le haschisch CBD au niveau sup\u00e9rieur ?<\/p>\n<h3>Qu&#039;est-ce qui rend Ice 90\u00b5 Hash CBD 60% sp\u00e9cial ?<\/h3>\n<p>Il <strong>Glace 90\u00b5 Hash CBD<\/strong> C\u2019est un joyau dans le monde du CBD. Il s&#039;agit d&#039;un haschisch artisanal, cr\u00e9\u00e9 en mettant l&#039;accent sur la puret\u00e9 et la qualit\u00e9. En le regardant, vous remarquerez sa texture unique et les cristaux de r\u00e9sine qui le distinguent des autres produits sur le march\u00e9.<\/p>\n<p>Ce haschich promet non seulement un ar\u00f4me et une saveur exquises, mais garantit \u00e9galement une exp\u00e9rience unique aux amateurs de cannabis. <strong>Haschisch CBD<\/strong>. Lorsque vous le sentirez, vous ressentirez un m\u00e9lange intense d&#039;ar\u00f4mes terreux avec une touche fra\u00eeche et subtilement sucr\u00e9e qui n&#039;est obtenue qu&#039;avec du chanvre de la meilleure qualit\u00e9.<\/p>\n<p>&nbsp;<\/p>\n<h3>Processus d\u2019extraction du CBD Ice 90\u00b5 Hash<\/h3>\n<p>Le nom <strong>Glace 90\u00b5<\/strong> vient de son processus de fabrication exclusif, qui utilise des mailles de 90 microns pour filtrer soigneusement les glandes de r\u00e9sine de cannabis, appel\u00e9es trichomes. Cette m\u00e9thode, r\u00e9alis\u00e9e avec de l&#039;eau glac\u00e9e, garantit que seules les t\u00eates de trichomes les plus pures font partie du produit final, laissant derri\u00e8re elles les mati\u00e8res v\u00e9g\u00e9tales et autres d\u00e9bris ind\u00e9sirables.<\/p>\n<p>Le r\u00e9sultat est un hasch propre et concentr\u00e9, id\u00e9al pour ceux qui recherchent une exp\u00e9rience sans compromis avec une forte concentration de CBD.<\/p>\n<p>&nbsp;<\/p>\n<h3>A qui s&#039;adresse-t-il ?<\/h3>\n<p>Il <strong>Glace 90\u00b5 Hash CBD<\/strong> Il est parfait pour ceux qui appr\u00e9cient la qualit\u00e9 artisanale et souhaitent un produit qui allie puissance, ar\u00f4me et saveur. Elle est id\u00e9ale aussi bien pour les collectionneurs que pour les amateurs de CBD \u00e0 la recherche de quelque chose d\u2019unique et raffin\u00e9. Son joli ton brun miel, qui se transforme en or sous l&#039;effet de la chaleur, en fait un produit qui se distingue par sa qualit\u00e9 et son esth\u00e9tique.<\/p>\n<p>&nbsp;<\/p>\n<section class=\"product-description\">\n<h2>Qualit\u00e9 et s\u00e9curit\u00e9<\/h2>\n<p>Dans <strong>Les laboratoires Lyf<\/strong>, nous garantissons que chaque lot de <strong>Glace 90\u00b5 Hash CBD<\/strong>\u00a0Ce produit fait l&#039;objet d&#039;analyses rigoureuses en laboratoire afin de confirmer sa puret\u00e9, l&#039;absence de pesticides et un taux de THC l\u00e9gal (inf\u00e9rieur \u00e0 0,31 g\/L). Notre engagement envers la qualit\u00e9 et la s\u00e9curit\u00e9 nous permet de proposer un produit fiable, adapt\u00e9 \u00e0 tous les consommateurs soucieux de l\u00e9galit\u00e9 et d&#039;excellence.<\/p>\n<p>&nbsp;<\/p>\n<p><span style=\"font-size: 1.7em;font-weight: bold\">Pourquoi acheter <strong>Glace 90\u00b5 Hash CBD<\/strong>\u00a0chez Lyf Labs ?<\/span><\/p>\n<\/section>\n<section class=\"product-description\">\n<ul>\n<li>Produit 100% l\u00e9gal dans l&#039;Union Europ\u00e9enne, conforme \u00e0 la r\u00e9glementation en vigueur sur le THC.<\/li>\n<li>Naturel, sans pesticides ni additifs chimiques, garantissant une consommation s\u00fbre et saine.<\/li>\n<li>Test\u00e9 dans des laboratoires certifi\u00e9s pour garantir une puret\u00e9 et une qualit\u00e9 maximales.<\/li>\n<li>Une livraison rapide et un service professionnel accompagnent chaque achat.<\/li>\n<li>Achat s\u00e9curis\u00e9 et support sp\u00e9cialis\u00e9 pour r\u00e9soudre toutes vos questions.<\/li>\n<\/ul>\n<p>Lyf Labs s&#039;engage \u00e0 proposer des produits alliant tradition, innovation et qualit\u00e9 sup\u00e9rieure. <strong>Glace 90\u00b5 Hash CBD<\/strong>\u00a0C&#039;est un choix exceptionnel pour ceux qui recherchent un haschisch artisanal au profil moderne et \u00e0 l&#039;exp\u00e9rience utilisateur unique. Faites-nous confiance pour ajouter \u00e0 votre collection ou \u00e0 votre catalogue un produit qui se distingue par son authenticit\u00e9, sa saveur et sa fiabilit\u00e9.<\/p>\n<p><span style=\"font-size: 1.7em;font-weight: bold\">Lyf Labs, c&#039;est de la qualit\u00e9<\/span><\/p>\n<\/section>\n<p>The Lyf Labs repr\u00e9sente l&#039;excellence sur le march\u00e9 de gros des cannabino\u00efdes, proposant des produits innovants, s\u00fbrs et d&#039;une grande puret\u00e9 aux boutiques sp\u00e9cialis\u00e9es et aux distributeurs. Nous nous effor\u00e7ons de r\u00e9pondre aux besoins d&#039;un secteur professionnel en qu\u00eate de qualit\u00e9 constante, de tra\u00e7abilit\u00e9 et de prix comp\u00e9titifs. Si vous recherchez un fournisseur fiable et avant-gardiste, vous trouverez en The Lyf Labs un partenaire strat\u00e9gique pour vous accompagner dans votre croissance sur le march\u00e9 du chanvre.<\/p>","protected":false},"excerpt":{"rendered":"<p>Il <strong>Hash CBD Ice 90\u00b5<\/strong> Elle se distingue par son profil aromatique sophistiqu\u00e9, offrant une exp\u00e9rience \u00e0 la fois douce et intense, id\u00e9ale pour ceux qui recherchent quelque chose de plus\u00a0:<\/p>\n<ul>\n<li><strong>Haschisch pur CBD<\/strong>60% de CBD et moins de 0,3 THC.<\/li>\n<li><strong>Agriculture biologique.<\/strong><\/li>\n<li>100% l\u00e9gal en Espagne<\/li>\n<\/ul>\n<p>Analyse qualit\u00e9 : cliquez\u00a0<a href=\"https:\/\/iguanasmoke.com\/analiticas\/\" target=\"_blank\" rel=\"noopener\">ici<\/a><\/p>","protected":false},"featured_media":17471,"comment_status":"open","ping_status":"closed","template":"","meta":{"_acf_changed":false,"site-sidebar-layout":"default","site-content-layout":"","ast-site-content-layout":"default","site-content-style":"default","site-sidebar-style":"default","ast-global-header-display":"","ast-banner-title-visibility":"","ast-main-header-display":"","ast-hfb-above-header-display":"","ast-hfb-below-header-display":"","ast-hfb-mobile-header-display":"","site-post-title":"","ast-breadcrumbs-content":"","ast-featured-img":"","footer-sml-layout":"","theme-transparent-header-meta":"default","adv-header-id-meta":"","stick-header-meta":"","header-above-stick-meta":"","header-main-stick-meta":"","header-below-stick-meta":"","astra-migrate-meta-layouts":"set","ast-page-background-enabled":"default","ast-page-background-meta":{"desktop":{"background-color":"var(--ast-global-color-4)","background-image":"","background-repeat":"repeat","background-position":"center center","background-size":"auto","background-attachment":"scroll","background-type":"","background-media":"","overlay-type":"","overlay-color":"","overlay-opacity":"","overlay-gradient":""},"tablet":{"background-color":"","background-image":"","background-repeat":"repeat","background-position":"center center","background-size":"auto","background-attachment":"scroll","background-type":"","background-media":"","overlay-type":"","overlay-color":"","overlay-opacity":"","overlay-gradient":""},"mobile":{"background-color":"","background-image":"","background-repeat":"repeat","background-position":"center center","background-size":"auto","background-attachment":"scroll","background-type":"","background-media":"","overlay-type":"","overlay-color":"","overlay-opacity":"","overlay-gradient":""}},"ast-content-background-meta":{"desktop":{"background-color":"var(--ast-global-color-5)","background-image":"","background-repeat":"repeat","background-position":"center center","background-size":"auto","background-attachment":"scroll","background-type":"","background-media":"","overlay-type":"","overlay-color":"","overlay-opacity":"","overlay-gradient":""},"tablet":{"background-color":"var(--ast-global-color-5)","background-image":"","background-repeat":"repeat","background-position":"center center","background-size":"auto","background-attachment":"scroll","background-type":"","background-media":"","overlay-type":"","overlay-color":"","overlay-opacity":"","overlay-gradient":""},"mobile":{"background-color":"var(--ast-global-color-5)","background-image":"","background-repeat":"repeat","background-position":"center center","background-size":"auto","background-attachment":"scroll","background-type":"","background-media":"","overlay-type":"","overlay-color":"","overlay-opacity":"","overlay-gradient":""}}},"product_brand":[],"product_cat":[40,66,86],"product_tag":[],"class_list":{"0":"post-10215","1":"product","2":"type-product","3":"status-publish","4":"has-post-thumbnail","6":"product_cat-iguanasmoke","7":"product_cat-resinas","8":"product_cat-resinas-cbd","9":"desktop-align-center","10":"tablet-align-left","11":"mobile-align-left","13":"first","14":"outofstock","15":"taxable","16":"shipping-taxable","17":"purchasable","18":"product-type-variable"},"acf":[],"yoast_head":"<!-- This site is optimized with the Yoast SEO plugin v27.4 - https:\/\/yoast.com\/product\/yoast-seo-wordpress\/ -->\n<title>Ice 90\u00b5 Hash CBD 60% - THE LYF LABS<\/title>\n<meta name=\"description\" content=\"Descubre nuestro Hash CBD Ice 90\u00b5. Compra hach\u00eds CBD online ahora y experimenta la relajaci\u00f3n que te ofrece con la mejor calidad-precio.\" \/>\n<meta name=\"robots\" content=\"index, follow, max-snippet:-1, max-image-preview:large, max-video-preview:-1\" \/>\n<link rel=\"canonical\" href=\"https:\/\/thelyflabs.com\/fr\/product\/ice-90\u00b5-hash-cbd-60\/\" \/>\n<meta property=\"og:locale\" content=\"fr_FR\" \/>\n<meta property=\"og:type\" content=\"article\" \/>\n<meta property=\"og:title\" content=\"Ice 90\u00b5 Hash CBD 60% - THE LYF LABS\" \/>\n<meta property=\"og:description\" content=\"Descubre nuestro Hash CBD Ice 90\u00b5. Compra hach\u00eds CBD online ahora y experimenta la relajaci\u00f3n que te ofrece con la mejor calidad-precio.\" \/>\n<meta property=\"og:url\" content=\"https:\/\/thelyflabs.com\/fr\/product\/ice-90\u00b5-hash-cbd-60\/\" \/>\n<meta property=\"og:site_name\" content=\"THE LYF LABS\" \/>\n<meta property=\"article:modified_time\" content=\"2026-04-15T08:31:44+00:00\" \/>\n<meta property=\"og:image\" content=\"https:\/\/thelyflabs.com\/wp-content\/uploads\/2025\/01\/Ice-90-2g-con-hash.webp\" \/>\n\t<meta property=\"og:image:width\" content=\"1000\" \/>\n\t<meta property=\"og:image:height\" content=\"1000\" \/>\n\t<meta property=\"og:image:type\" content=\"image\/webp\" \/>\n<meta name=\"twitter:card\" content=\"summary_large_image\" \/>\n<meta name=\"twitter:label1\" content=\"Dur\u00e9e de lecture estim\u00e9e\" \/>\n\t<meta name=\"twitter:data1\" content=\"3 minutes\" \/>\n<script type=\"application\/ld+json\" class=\"yoast-schema-graph\">{\"@context\":\"https:\\\/\\\/schema.org\",\"@graph\":[{\"@type\":\"WebPage\",\"@id\":\"https:\\\/\\\/thelyflabs.com\\\/product\\\/ice-90%c2%b5-hash-cbd-60\",\"url\":\"https:\\\/\\\/thelyflabs.com\\\/product\\\/ice-90%c2%b5-hash-cbd-60\",\"name\":\"Ice 90\u00b5 Hash CBD 60% - THE LYF LABS\",\"isPartOf\":{\"@id\":\"https:\\\/\\\/thelyflabs.com\\\/#website\"},\"primaryImageOfPage\":{\"@id\":\"https:\\\/\\\/thelyflabs.com\\\/product\\\/ice-90%c2%b5-hash-cbd-60#primaryimage\"},\"image\":{\"@id\":\"https:\\\/\\\/thelyflabs.com\\\/product\\\/ice-90%c2%b5-hash-cbd-60#primaryimage\"},\"thumbnailUrl\":\"https:\\\/\\\/thelyflabs.com\\\/wp-content\\\/uploads\\\/2025\\\/01\\\/Ice-90-2g-con-hash.webp\",\"datePublished\":\"2025-01-22T23:52:33+00:00\",\"dateModified\":\"2026-04-15T08:31:44+00:00\",\"description\":\"Descubre nuestro Hash CBD Ice 90\u00b5. Compra hach\u00eds CBD online ahora y experimenta la relajaci\u00f3n que te ofrece con la mejor calidad-precio.\",\"breadcrumb\":{\"@id\":\"https:\\\/\\\/thelyflabs.com\\\/product\\\/ice-90%c2%b5-hash-cbd-60#breadcrumb\"},\"inLanguage\":\"fr-FR\",\"potentialAction\":[{\"@type\":\"ReadAction\",\"target\":[\"https:\\\/\\\/thelyflabs.com\\\/product\\\/ice-90%c2%b5-hash-cbd-60\"]}]},{\"@type\":\"ImageObject\",\"inLanguage\":\"fr-FR\",\"@id\":\"https:\\\/\\\/thelyflabs.com\\\/product\\\/ice-90%c2%b5-hash-cbd-60#primaryimage\",\"url\":\"https:\\\/\\\/thelyflabs.com\\\/wp-content\\\/uploads\\\/2025\\\/01\\\/Ice-90-2g-con-hash.webp\",\"contentUrl\":\"https:\\\/\\\/thelyflabs.com\\\/wp-content\\\/uploads\\\/2025\\\/01\\\/Ice-90-2g-con-hash.webp\",\"width\":1000,\"height\":1000,\"caption\":\"Hash CBD Ice90 2g\"},{\"@type\":\"BreadcrumbList\",\"@id\":\"https:\\\/\\\/thelyflabs.com\\\/product\\\/ice-90%c2%b5-hash-cbd-60#breadcrumb\",\"itemListElement\":[{\"@type\":\"ListItem\",\"position\":1,\"name\":\"Portada\",\"item\":\"https:\\\/\\\/thelyflabs.com\\\/\"},{\"@type\":\"ListItem\",\"position\":2,\"name\":\"Tienda\",\"item\":\"https:\\\/\\\/thelyflabs.com\\\/tienda\"},{\"@type\":\"ListItem\",\"position\":3,\"name\":\"Ice 90\u00b5 Hash CBD 60%\"}]},{\"@type\":\"WebSite\",\"@id\":\"https:\\\/\\\/thelyflabs.com\\\/#website\",\"url\":\"https:\\\/\\\/thelyflabs.com\\\/\",\"name\":\"The LYF Labs\",\"description\":\"CBD al por mayor\",\"publisher\":{\"@id\":\"https:\\\/\\\/thelyflabs.com\\\/#organization\"},\"potentialAction\":[{\"@type\":\"SearchAction\",\"target\":{\"@type\":\"EntryPoint\",\"urlTemplate\":\"https:\\\/\\\/thelyflabs.com\\\/?s={search_term_string}\"},\"query-input\":{\"@type\":\"PropertyValueSpecification\",\"valueRequired\":true,\"valueName\":\"search_term_string\"}}],\"inLanguage\":\"fr-FR\"},{\"@type\":\"Organization\",\"@id\":\"https:\\\/\\\/thelyflabs.com\\\/#organization\",\"name\":\"The LYF Labs\",\"url\":\"https:\\\/\\\/thelyflabs.com\\\/\",\"logo\":{\"@type\":\"ImageObject\",\"inLanguage\":\"fr-FR\",\"@id\":\"https:\\\/\\\/thelyflabs.com\\\/#\\\/schema\\\/logo\\\/image\\\/\",\"url\":\"https:\\\/\\\/thelyflabs.com\\\/wp-content\\\/uploads\\\/2023\\\/01\\\/cropped-LogoTheLYFLabs.png\",\"contentUrl\":\"https:\\\/\\\/thelyflabs.com\\\/wp-content\\\/uploads\\\/2023\\\/01\\\/cropped-LogoTheLYFLabs.png\",\"width\":600,\"height\":180,\"caption\":\"The LYF Labs\"},\"image\":{\"@id\":\"https:\\\/\\\/thelyflabs.com\\\/#\\\/schema\\\/logo\\\/image\\\/\"}}]}<\/script>\n<!-- \/ Yoast SEO plugin. -->","yoast_head_json":{"title":"Hash glac\u00e9 90\u00b5 CBD 60% - THE LYF LABS","description":"Descubre nuestro Hash CBD Ice 90\u00b5. Compra hach\u00eds CBD online ahora y experimenta la relajaci\u00f3n que te ofrece con la mejor calidad-precio.","robots":{"index":"index","follow":"follow","max-snippet":"max-snippet:-1","max-image-preview":"max-image-preview:large","max-video-preview":"max-video-preview:-1"},"canonical":"https:\/\/thelyflabs.com\/fr\/product\/ice-90\u00b5-hash-cbd-60\/","og_locale":"fr_FR","og_type":"article","og_title":"Ice 90\u00b5 Hash CBD 60% - THE LYF LABS","og_description":"Descubre nuestro Hash CBD Ice 90\u00b5. Compra hach\u00eds CBD online ahora y experimenta la relajaci\u00f3n que te ofrece con la mejor calidad-precio.","og_url":"https:\/\/thelyflabs.com\/fr\/product\/ice-90\u00b5-hash-cbd-60\/","og_site_name":"THE LYF LABS","article_modified_time":"2026-04-15T08:31:44+00:00","og_image":[{"width":1000,"height":1000,"url":"https:\/\/thelyflabs.com\/wp-content\/uploads\/2025\/01\/Ice-90-2g-con-hash.webp","type":"image\/webp"}],"twitter_card":"summary_large_image","twitter_misc":{"Dur\u00e9e de lecture estim\u00e9e":"3 minutes"},"schema":{"@context":"https:\/\/schema.org","@graph":[{"@type":"WebPage","@id":"https:\/\/thelyflabs.com\/product\/ice-90%c2%b5-hash-cbd-60","url":"https:\/\/thelyflabs.com\/product\/ice-90%c2%b5-hash-cbd-60","name":"Hash glac\u00e9 90\u00b5 CBD 60% - THE LYF LABS","isPartOf":{"@id":"https:\/\/thelyflabs.com\/#website"},"primaryImageOfPage":{"@id":"https:\/\/thelyflabs.com\/product\/ice-90%c2%b5-hash-cbd-60#primaryimage"},"image":{"@id":"https:\/\/thelyflabs.com\/product\/ice-90%c2%b5-hash-cbd-60#primaryimage"},"thumbnailUrl":"https:\/\/thelyflabs.com\/wp-content\/uploads\/2025\/01\/Ice-90-2g-con-hash.webp","datePublished":"2025-01-22T23:52:33+00:00","dateModified":"2026-04-15T08:31:44+00:00","description":"Descubre nuestro Hash CBD Ice 90\u00b5. Compra hach\u00eds CBD online ahora y experimenta la relajaci\u00f3n que te ofrece con la mejor calidad-precio.","breadcrumb":{"@id":"https:\/\/thelyflabs.com\/product\/ice-90%c2%b5-hash-cbd-60#breadcrumb"},"inLanguage":"fr-FR","potentialAction":[{"@type":"ReadAction","target":["https:\/\/thelyflabs.com\/product\/ice-90%c2%b5-hash-cbd-60"]}]},{"@type":"ImageObject","inLanguage":"fr-FR","@id":"https:\/\/thelyflabs.com\/product\/ice-90%c2%b5-hash-cbd-60#primaryimage","url":"https:\/\/thelyflabs.com\/wp-content\/uploads\/2025\/01\/Ice-90-2g-con-hash.webp","contentUrl":"https:\/\/thelyflabs.com\/wp-content\/uploads\/2025\/01\/Ice-90-2g-con-hash.webp","width":1000,"height":1000,"caption":"Hash CBD Ice90 2g"},{"@type":"BreadcrumbList","@id":"https:\/\/thelyflabs.com\/product\/ice-90%c2%b5-hash-cbd-60#breadcrumb","itemListElement":[{"@type":"ListItem","position":1,"name":"Portada","item":"https:\/\/thelyflabs.com\/"},{"@type":"ListItem","position":2,"name":"Tienda","item":"https:\/\/thelyflabs.com\/tienda"},{"@type":"ListItem","position":3,"name":"Ice 90\u00b5 Hash CBD 60%"}]},{"@type":"WebSite","@id":"https:\/\/thelyflabs.com\/#website","url":"https:\/\/thelyflabs.com\/","name":"Les laboratoires LYF","description":"Vente en gros de CBD","publisher":{"@id":"https:\/\/thelyflabs.com\/#organization"},"potentialAction":[{"@type":"SearchAction","target":{"@type":"EntryPoint","urlTemplate":"https:\/\/thelyflabs.com\/?s={search_term_string}"},"query-input":{"@type":"PropertyValueSpecification","valueRequired":true,"valueName":"search_term_string"}}],"inLanguage":"fr-FR"},{"@type":"Organization","@id":"https:\/\/thelyflabs.com\/#organization","name":"Les laboratoires LYF","url":"https:\/\/thelyflabs.com\/","logo":{"@type":"ImageObject","inLanguage":"fr-FR","@id":"https:\/\/thelyflabs.com\/#\/schema\/logo\/image\/","url":"https:\/\/thelyflabs.com\/wp-content\/uploads\/2023\/01\/cropped-LogoTheLYFLabs.png","contentUrl":"https:\/\/thelyflabs.com\/wp-content\/uploads\/2023\/01\/cropped-LogoTheLYFLabs.png","width":600,"height":180,"caption":"The LYF Labs"},"image":{"@id":"https:\/\/thelyflabs.com\/#\/schema\/logo\/image\/"}}]}},"_links":{"self":[{"href":"https:\/\/thelyflabs.com\/fr\/wp-json\/wp\/v2\/product\/10215","targetHints":{"allow":["GET"]}}],"collection":[{"href":"https:\/\/thelyflabs.com\/fr\/wp-json\/wp\/v2\/product"}],"about":[{"href":"https:\/\/thelyflabs.com\/fr\/wp-json\/wp\/v2\/types\/product"}],"replies":[{"embeddable":true,"href":"https:\/\/thelyflabs.com\/fr\/wp-json\/wp\/v2\/comments?post=10215"}],"wp:featuredmedia":[{"embeddable":true,"href":"https:\/\/thelyflabs.com\/fr\/wp-json\/wp\/v2\/media\/17471"}],"wp:attachment":[{"href":"https:\/\/thelyflabs.com\/fr\/wp-json\/wp\/v2\/media?parent=10215"}],"wp:term":[{"taxonomy":"product_brand","embeddable":true,"href":"https:\/\/thelyflabs.com\/fr\/wp-json\/wp\/v2\/product_brand?post=10215"},{"taxonomy":"product_cat","embeddable":true,"href":"https:\/\/thelyflabs.com\/fr\/wp-json\/wp\/v2\/product_cat?post=10215"},{"taxonomy":"product_tag","embeddable":true,"href":"https:\/\/thelyflabs.com\/fr\/wp-json\/wp\/v2\/product_tag?post=10215"}],"curies":[{"name":"wp","href":"https:\/\/api.w.org\/{rel}","templated":true}]}}