{"id":10216,"date":"2025-01-23T00:52:34","date_gmt":"2025-01-22T23:52:34","guid":{"rendered":"https:\/\/thelyflabs.com\/?post_type=product&#038;p=10216"},"modified":"2026-04-15T10:38:04","modified_gmt":"2026-04-15T08:38:04","slug":"dry-sift-hash-cbd-15","status":"publish","type":"product","link":"https:\/\/thelyflabs.com\/fr\/product\/dry-sift-hash-cbd-15","title":{"rendered":"Hachage tamis\u00e9 \u00e0 sec CBD 15%"},"content":{"rendered":"<h1><span style=\"font-weight: 400\">Hash CBD Dry Sift 15%\u00a0: le haschisch CBD artisanal que vous m\u00e9ritez<\/span><\/h1>\n<p><span style=\"font-weight: 400\">Con\u00e7u pour les plus exigeants <strong>Hash CBD tamis\u00e9 \u00e0 sec 15% <\/strong> C&#039;est bien plus que du simple haschisch. C&#039;est un chef-d&#039;\u0153uvre, fruit d&#039;une extraction artisanale, con\u00e7u pour offrir une exp\u00e9rience authentique et enrichissante. Ce haschisch offre une combinaison unique de propri\u00e9t\u00e9s relaxantes et d&#039;un ar\u00f4me exceptionnel\u00a0: il poss\u00e8de un <strong>finition artisanale<\/strong> Digne des palais les plus exigeants.<\/span><\/p>\n<p>Il est id\u00e9al pour ceux qui recherchent l&#039;authenticit\u00e9 et des bienfaits th\u00e9rapeutiques gr\u00e2ce \u00e0 sa saveur et \u00e0 sa perfection. <strong>concentration \u00e9quilibr\u00e9e de CBD<\/strong>. <span style=\"font-weight: 400\">Il contient \u00e9galement moins de 0,31 % de THC, donc ce haschisch est <strong>l\u00e9gal en Espagne et en Europe<\/strong>.<\/span><\/p>\n<p>Bien plus qu&#039;un simple haschisch CBD, c&#039;est un produit artisanal alliant qualit\u00e9, puret\u00e9 et un ar\u00f4me incomparable\u00a0; une option d&#039;exception sur le march\u00e9. <span style=\"font-weight: 400\"> Explorez sa texture et savourez ses ar\u00f4mes ! D\u00e9couvrez pourquoi <strong>Haschisch CBD tamis\u00e9 \u00e0 sec 15% <\/strong>C&#039;est l&#039;une des r\u00e9sines les plus authentiques et de la plus haute qualit\u00e9 que vous puissiez trouver si vous le souhaitez. <strong>haschisch CBD bon march\u00e9<\/strong> mais premium.<\/span><\/p>\n<p>&nbsp;<\/p>\n<h2>Caract\u00e9ristiques du haschisch CBD tamis\u00e9 \u00e0 sec\u00a0:<\/h2>\n<ul>\n<li><b>Aspect et texture : <span style=\"font-size: 16px;font-weight: 400\">Il se distingue par son <strong>texture soyeuse et lisse<\/strong>Ce haschisch, de couleur blond clair, a un c<strong>consistance friable<\/strong> qui facilite une utilisation agr\u00e9able, refl\u00e9tant le soin et la pr\u00e9cision de sa fabrication artisanale. <span style=\"font-weight: 400\">vous pouvez voir le <strong>petits cristaux de r\u00e9sine<\/strong>, signe qu&#039;il est riche en cannabino\u00efdes et en terp\u00e8nes de haute qualit\u00e9.<\/span><\/span><\/b><\/li>\n<li><span style=\"font-size: 16px;font-weight: 400\"><strong>Ar\u00f4me et saveur :<\/strong> profond et naturel; Avec des touches <strong>parfums terreux et d&#039;agrumes<\/strong>.<\/span><\/li>\n<li><strong>Origine et puret\u00e9 :<\/strong><span style=\"font-size: 16px;font-weight: 400\"> <strong><span style=\"font-weight: 400\">Tout commence par l&#039;extraction du haschisch, un proc\u00e9d\u00e9 de tamisage \u00e0 sec appel\u00e9 \u00ab\u00a0Dry-Sift\u00a0\u00bb. Cette m\u00e9thode traditionnelle permet de s\u00e9parer les cristaux les plus purs de la plante de chanvre. L&#039;utilisation de tamis \u00e0 mailles fines donne une r\u00e9sine \u00e0 la texture lisse, \u00e0 l&#039;ar\u00f4me intense et d&#039;une puret\u00e9 in\u00e9gal\u00e9e.<\/span><\/strong><\/span><\/li>\n<\/ul>\n<p>&nbsp;<\/p>\n<p>&nbsp;<\/p>\n<h3><strong>Un haschisch CBD con\u00e7u pour les plus exigeants<\/strong><\/h3>\n<p>En r\u00e9sum\u00e9, le <strong>Hachage tamis\u00e9 \u00e0 sec CBD 15%<\/strong> C&#039;est bien plus qu&#039;un simple produit \u00e0 base de chanvre. C&#039;est un chef-d&#039;\u0153uvre d&#039;extraction artisanale, con\u00e7u pour offrir une exp\u00e9rience authentique et enrichissante. Avec sa forte concentration en CBD et son profil aromatique exquis, ce haschisch se positionne comme l&#039;une des meilleures options du march\u00e9 pour ceux qui recherchent la qualit\u00e9, la puret\u00e9 et la saveur.<\/p>\n<p><strong>Procurez-vous votre Dry Sift Hash CBD d\u00e8s maintenant et profitez de l\u2019essence la plus pure du chanvre !<\/strong> Si vous avez des questions ou des pr\u00e9occupations, n&#039;h\u00e9sitez pas \u00e0 contacter notre \u00e9quipe. Dans <strong>Fum\u00e9e d&#039;iguane<\/strong>, nous sommes l\u00e0 pour vous aider \u00e0 choisir le meilleur.<\/p>\n<p>&nbsp;<\/p>\n<section class=\"product-description\">\n<h2>Qualit\u00e9 et s\u00e9curit\u00e9<\/h2>\n<p>Dans <strong>Les laboratoires Lyf<\/strong>, nous garantissons que chaque lot de <span style=\"font-weight: 400\"><strong>Haschisch CBD tamis\u00e9 \u00e0 sec<\/strong><\/span>\u00a0Ce produit fait l&#039;objet d&#039;analyses rigoureuses en laboratoire afin de confirmer sa puret\u00e9, l&#039;absence de pesticides et un taux de THC l\u00e9gal (inf\u00e9rieur \u00e0 0,31 g\/L). Notre engagement envers la qualit\u00e9 et la s\u00e9curit\u00e9 nous permet de proposer un produit fiable, adapt\u00e9 \u00e0 tous les consommateurs soucieux de l\u00e9galit\u00e9 et d&#039;excellence.<\/p>\n<p>&nbsp;<\/p>\n<p><span style=\"font-size: 1.7em;font-weight: bold\">Pourquoi acheter <span style=\"font-weight: 400\"><strong>Haschisch CBD tamis\u00e9 \u00e0 sec<\/strong><\/span>\u00a0chez Lyf Labs ?<\/span><\/p>\n<\/section>\n<section class=\"product-description\">\n<ul>\n<li>Produit 100% l\u00e9gal dans l&#039;Union Europ\u00e9enne, conforme \u00e0 la r\u00e9glementation en vigueur sur le THC.<\/li>\n<li>Naturel, sans pesticides ni additifs chimiques, garantissant une consommation s\u00fbre et saine.<\/li>\n<li>Test\u00e9 dans des laboratoires certifi\u00e9s pour garantir une puret\u00e9 et une qualit\u00e9 maximales.<\/li>\n<li>Une livraison rapide et un service professionnel accompagnent chaque achat.<\/li>\n<li>Achat s\u00e9curis\u00e9 et support sp\u00e9cialis\u00e9 pour r\u00e9soudre toutes vos questions.<\/li>\n<\/ul>\n<p>Lyf Labs s&#039;engage \u00e0 proposer des produits alliant tradition, innovation et qualit\u00e9 sup\u00e9rieure. <span style=\"font-weight: 400\"><strong>Haschisch CBD tamis\u00e9 \u00e0 sec<\/strong><\/span>\u00a0C&#039;est un choix exceptionnel pour ceux qui recherchent un haschisch artisanal au profil moderne et \u00e0 l&#039;exp\u00e9rience utilisateur unique. Faites-nous confiance pour ajouter \u00e0 votre collection ou \u00e0 votre catalogue un produit qui se distingue par son authenticit\u00e9, sa saveur et sa fiabilit\u00e9.<\/p>\n<p>&nbsp;<\/p>\n<p><span style=\"font-size: 1.7em;font-weight: bold\">Lyf Labs, c&#039;est de la qualit\u00e9<\/span><\/p>\n<\/section>\n<p>The Lyf Labs repr\u00e9sente l&#039;excellence sur le march\u00e9 de gros des cannabino\u00efdes, proposant des produits innovants, s\u00fbrs et d&#039;une grande puret\u00e9 aux boutiques sp\u00e9cialis\u00e9es et aux distributeurs. Nous nous effor\u00e7ons de r\u00e9pondre aux besoins d&#039;un secteur professionnel en qu\u00eate de qualit\u00e9 constante, de tra\u00e7abilit\u00e9 et de prix comp\u00e9titifs. Si vous recherchez un fournisseur fiable et avant-gardiste, vous trouverez en The Lyf Labs un partenaire strat\u00e9gique pour vous accompagner dans votre croissance sur le march\u00e9 du chanvre.<\/p>\n<p>&nbsp;<\/p>","protected":false},"excerpt":{"rendered":"<p>Essayez d\u00e8s maintenant Dry Sift Hash 15% CBD, une r\u00e9sine de CBD unique \u00e0 l&#039;ar\u00f4me particulier.<\/p>\n<ul>\n<li><strong>Puret\u00e9 maximale : <\/strong>Concentration de CBD 15% et THC &lt;0,3%.<\/li>\n<li>100% l\u00e9gal en Europe<\/li>\n<\/ul>\n<p>Analyse qualit\u00e9 : cliquez\u00a0<a href=\"https:\/\/iguanasmoke.com\/analiticas\/\" target=\"_blank\" rel=\"noopener\">ici<\/a><\/p>","protected":false},"featured_media":17464,"comment_status":"open","ping_status":"closed","template":"","meta":{"_acf_changed":false,"site-sidebar-layout":"default","site-content-layout":"","ast-site-content-layout":"default","site-content-style":"default","site-sidebar-style":"default","ast-global-header-display":"","ast-banner-title-visibility":"","ast-main-header-display":"","ast-hfb-above-header-display":"","ast-hfb-below-header-display":"","ast-hfb-mobile-header-display":"","site-post-title":"","ast-breadcrumbs-content":"","ast-featured-img":"","footer-sml-layout":"","theme-transparent-header-meta":"default","adv-header-id-meta":"","stick-header-meta":"","header-above-stick-meta":"","header-main-stick-meta":"","header-below-stick-meta":"","astra-migrate-meta-layouts":"set","ast-page-background-enabled":"default","ast-page-background-meta":{"desktop":{"background-color":"var(--ast-global-color-4)","background-image":"","background-repeat":"repeat","background-position":"center center","background-size":"auto","background-attachment":"scroll","background-type":"","background-media":"","overlay-type":"","overlay-color":"","overlay-opacity":"","overlay-gradient":""},"tablet":{"background-color":"","background-image":"","background-repeat":"repeat","background-position":"center center","background-size":"auto","background-attachment":"scroll","background-type":"","background-media":"","overlay-type":"","overlay-color":"","overlay-opacity":"","overlay-gradient":""},"mobile":{"background-color":"","background-image":"","background-repeat":"repeat","background-position":"center center","background-size":"auto","background-attachment":"scroll","background-type":"","background-media":"","overlay-type":"","overlay-color":"","overlay-opacity":"","overlay-gradient":""}},"ast-content-background-meta":{"desktop":{"background-color":"var(--ast-global-color-5)","background-image":"","background-repeat":"repeat","background-position":"center center","background-size":"auto","background-attachment":"scroll","background-type":"","background-media":"","overlay-type":"","overlay-color":"","overlay-opacity":"","overlay-gradient":""},"tablet":{"background-color":"var(--ast-global-color-5)","background-image":"","background-repeat":"repeat","background-position":"center center","background-size":"auto","background-attachment":"scroll","background-type":"","background-media":"","overlay-type":"","overlay-color":"","overlay-opacity":"","overlay-gradient":""},"mobile":{"background-color":"var(--ast-global-color-5)","background-image":"","background-repeat":"repeat","background-position":"center center","background-size":"auto","background-attachment":"scroll","background-type":"","background-media":"","overlay-type":"","overlay-color":"","overlay-opacity":"","overlay-gradient":""}}},"product_brand":[],"product_cat":[40,66,86],"product_tag":[],"class_list":{"0":"post-10216","1":"product","2":"type-product","3":"status-publish","4":"has-post-thumbnail","6":"product_cat-iguanasmoke","7":"product_cat-resinas","8":"product_cat-resinas-cbd","9":"desktop-align-center","10":"tablet-align-left","11":"mobile-align-left","13":"first","14":"outofstock","15":"taxable","16":"shipping-taxable","17":"purchasable","18":"product-type-variable"},"acf":[],"yoast_head":"<!-- This site is optimized with the Yoast SEO plugin v27.4 - https:\/\/yoast.com\/product\/yoast-seo-wordpress\/ -->\n<title>Dry Sift Hash CBD 15% - Hash CBD al por mayor - THE LYF LABS<\/title>\n<meta name=\"description\" content=\"Compra la resina Hash CBD Dry Sift de 15% CBD de alta pureza y calidad premium. Proveniente de cultivo ecol\u00f3gico y libre de aditivos artificiales.\" \/>\n<meta name=\"robots\" content=\"index, follow, max-snippet:-1, max-image-preview:large, max-video-preview:-1\" \/>\n<link rel=\"canonical\" href=\"https:\/\/thelyflabs.com\/fr\/product\/dry-sift-hash-cbd-15\/\" \/>\n<meta property=\"og:locale\" content=\"fr_FR\" \/>\n<meta property=\"og:type\" content=\"article\" \/>\n<meta property=\"og:title\" content=\"Dry Sift Hash CBD 15% - Hash CBD al por mayor - THE LYF LABS\" \/>\n<meta property=\"og:description\" content=\"Compra la resina Hash CBD Dry Sift de 15% CBD de alta pureza y calidad premium. Proveniente de cultivo ecol\u00f3gico y libre de aditivos artificiales.\" \/>\n<meta property=\"og:url\" content=\"https:\/\/thelyflabs.com\/fr\/product\/dry-sift-hash-cbd-15\/\" \/>\n<meta property=\"og:site_name\" content=\"THE LYF LABS\" \/>\n<meta property=\"article:modified_time\" content=\"2026-04-15T08:38:04+00:00\" \/>\n<meta property=\"og:image\" content=\"https:\/\/thelyflabs.com\/wp-content\/uploads\/2025\/01\/Dry-sift-2g-con-hash.webp\" \/>\n\t<meta property=\"og:image:width\" content=\"1000\" \/>\n\t<meta property=\"og:image:height\" content=\"1000\" \/>\n\t<meta property=\"og:image:type\" content=\"image\/webp\" \/>\n<meta name=\"twitter:card\" content=\"summary_large_image\" \/>\n<meta name=\"twitter:label1\" content=\"Dur\u00e9e de lecture estim\u00e9e\" \/>\n\t<meta name=\"twitter:data1\" content=\"4 minutes\" \/>\n<script type=\"application\/ld+json\" class=\"yoast-schema-graph\">{\"@context\":\"https:\\\/\\\/schema.org\",\"@graph\":[{\"@type\":\"WebPage\",\"@id\":\"https:\\\/\\\/thelyflabs.com\\\/product\\\/dry-sift-hash-cbd-15\",\"url\":\"https:\\\/\\\/thelyflabs.com\\\/product\\\/dry-sift-hash-cbd-15\",\"name\":\"Dry Sift Hash CBD 15% - Hash CBD al por mayor - THE LYF LABS\",\"isPartOf\":{\"@id\":\"https:\\\/\\\/thelyflabs.com\\\/#website\"},\"primaryImageOfPage\":{\"@id\":\"https:\\\/\\\/thelyflabs.com\\\/product\\\/dry-sift-hash-cbd-15#primaryimage\"},\"image\":{\"@id\":\"https:\\\/\\\/thelyflabs.com\\\/product\\\/dry-sift-hash-cbd-15#primaryimage\"},\"thumbnailUrl\":\"https:\\\/\\\/thelyflabs.com\\\/wp-content\\\/uploads\\\/2025\\\/01\\\/Dry-sift-2g-con-hash.webp\",\"datePublished\":\"2025-01-22T23:52:34+00:00\",\"dateModified\":\"2026-04-15T08:38:04+00:00\",\"description\":\"Compra la resina Hash CBD Dry Sift de 15% CBD de alta pureza y calidad premium. Proveniente de cultivo ecol\u00f3gico y libre de aditivos artificiales.\",\"breadcrumb\":{\"@id\":\"https:\\\/\\\/thelyflabs.com\\\/product\\\/dry-sift-hash-cbd-15#breadcrumb\"},\"inLanguage\":\"fr-FR\",\"potentialAction\":[{\"@type\":\"ReadAction\",\"target\":[\"https:\\\/\\\/thelyflabs.com\\\/product\\\/dry-sift-hash-cbd-15\"]}]},{\"@type\":\"ImageObject\",\"inLanguage\":\"fr-FR\",\"@id\":\"https:\\\/\\\/thelyflabs.com\\\/product\\\/dry-sift-hash-cbd-15#primaryimage\",\"url\":\"https:\\\/\\\/thelyflabs.com\\\/wp-content\\\/uploads\\\/2025\\\/01\\\/Dry-sift-2g-con-hash.webp\",\"contentUrl\":\"https:\\\/\\\/thelyflabs.com\\\/wp-content\\\/uploads\\\/2025\\\/01\\\/Dry-sift-2g-con-hash.webp\",\"width\":1000,\"height\":1000,\"caption\":\"Hash CBD Dry Sift 2g\"},{\"@type\":\"BreadcrumbList\",\"@id\":\"https:\\\/\\\/thelyflabs.com\\\/product\\\/dry-sift-hash-cbd-15#breadcrumb\",\"itemListElement\":[{\"@type\":\"ListItem\",\"position\":1,\"name\":\"Portada\",\"item\":\"https:\\\/\\\/thelyflabs.com\\\/\"},{\"@type\":\"ListItem\",\"position\":2,\"name\":\"Tienda\",\"item\":\"https:\\\/\\\/thelyflabs.com\\\/tienda\"},{\"@type\":\"ListItem\",\"position\":3,\"name\":\"Dry Sift Hash CBD 15%\"}]},{\"@type\":\"WebSite\",\"@id\":\"https:\\\/\\\/thelyflabs.com\\\/#website\",\"url\":\"https:\\\/\\\/thelyflabs.com\\\/\",\"name\":\"The LYF Labs\",\"description\":\"CBD al por mayor\",\"publisher\":{\"@id\":\"https:\\\/\\\/thelyflabs.com\\\/#organization\"},\"potentialAction\":[{\"@type\":\"SearchAction\",\"target\":{\"@type\":\"EntryPoint\",\"urlTemplate\":\"https:\\\/\\\/thelyflabs.com\\\/?s={search_term_string}\"},\"query-input\":{\"@type\":\"PropertyValueSpecification\",\"valueRequired\":true,\"valueName\":\"search_term_string\"}}],\"inLanguage\":\"fr-FR\"},{\"@type\":\"Organization\",\"@id\":\"https:\\\/\\\/thelyflabs.com\\\/#organization\",\"name\":\"The LYF Labs\",\"url\":\"https:\\\/\\\/thelyflabs.com\\\/\",\"logo\":{\"@type\":\"ImageObject\",\"inLanguage\":\"fr-FR\",\"@id\":\"https:\\\/\\\/thelyflabs.com\\\/#\\\/schema\\\/logo\\\/image\\\/\",\"url\":\"https:\\\/\\\/thelyflabs.com\\\/wp-content\\\/uploads\\\/2023\\\/01\\\/cropped-LogoTheLYFLabs.png\",\"contentUrl\":\"https:\\\/\\\/thelyflabs.com\\\/wp-content\\\/uploads\\\/2023\\\/01\\\/cropped-LogoTheLYFLabs.png\",\"width\":600,\"height\":180,\"caption\":\"The LYF Labs\"},\"image\":{\"@id\":\"https:\\\/\\\/thelyflabs.com\\\/#\\\/schema\\\/logo\\\/image\\\/\"}}]}<\/script>\n<!-- \/ Yoast SEO plugin. -->","yoast_head_json":{"title":"Dry Sift Hash CBD 15% - Hash CBD al por mayor - THE LYF LABS","description":"Compra la resina Hash CBD Dry Sift de 15% CBD de alta pureza y calidad premium. Proveniente de cultivo ecol\u00f3gico y libre de aditivos artificiales.","robots":{"index":"index","follow":"follow","max-snippet":"max-snippet:-1","max-image-preview":"max-image-preview:large","max-video-preview":"max-video-preview:-1"},"canonical":"https:\/\/thelyflabs.com\/fr\/product\/dry-sift-hash-cbd-15\/","og_locale":"fr_FR","og_type":"article","og_title":"Dry Sift Hash CBD 15% - Hash CBD al por mayor - THE LYF LABS","og_description":"Compra la resina Hash CBD Dry Sift de 15% CBD de alta pureza y calidad premium. Proveniente de cultivo ecol\u00f3gico y libre de aditivos artificiales.","og_url":"https:\/\/thelyflabs.com\/fr\/product\/dry-sift-hash-cbd-15\/","og_site_name":"THE LYF LABS","article_modified_time":"2026-04-15T08:38:04+00:00","og_image":[{"width":1000,"height":1000,"url":"https:\/\/thelyflabs.com\/wp-content\/uploads\/2025\/01\/Dry-sift-2g-con-hash.webp","type":"image\/webp"}],"twitter_card":"summary_large_image","twitter_misc":{"Dur\u00e9e de lecture estim\u00e9e":"4 minutes"},"schema":{"@context":"https:\/\/schema.org","@graph":[{"@type":"WebPage","@id":"https:\/\/thelyflabs.com\/product\/dry-sift-hash-cbd-15","url":"https:\/\/thelyflabs.com\/product\/dry-sift-hash-cbd-15","name":"Dry Sift Hash CBD 15% - Hash CBD al por mayor - THE LYF LABS","isPartOf":{"@id":"https:\/\/thelyflabs.com\/#website"},"primaryImageOfPage":{"@id":"https:\/\/thelyflabs.com\/product\/dry-sift-hash-cbd-15#primaryimage"},"image":{"@id":"https:\/\/thelyflabs.com\/product\/dry-sift-hash-cbd-15#primaryimage"},"thumbnailUrl":"https:\/\/thelyflabs.com\/wp-content\/uploads\/2025\/01\/Dry-sift-2g-con-hash.webp","datePublished":"2025-01-22T23:52:34+00:00","dateModified":"2026-04-15T08:38:04+00:00","description":"Compra la resina Hash CBD Dry Sift de 15% CBD de alta pureza y calidad premium. Proveniente de cultivo ecol\u00f3gico y libre de aditivos artificiales.","breadcrumb":{"@id":"https:\/\/thelyflabs.com\/product\/dry-sift-hash-cbd-15#breadcrumb"},"inLanguage":"fr-FR","potentialAction":[{"@type":"ReadAction","target":["https:\/\/thelyflabs.com\/product\/dry-sift-hash-cbd-15"]}]},{"@type":"ImageObject","inLanguage":"fr-FR","@id":"https:\/\/thelyflabs.com\/product\/dry-sift-hash-cbd-15#primaryimage","url":"https:\/\/thelyflabs.com\/wp-content\/uploads\/2025\/01\/Dry-sift-2g-con-hash.webp","contentUrl":"https:\/\/thelyflabs.com\/wp-content\/uploads\/2025\/01\/Dry-sift-2g-con-hash.webp","width":1000,"height":1000,"caption":"Hash CBD Dry Sift 2g"},{"@type":"BreadcrumbList","@id":"https:\/\/thelyflabs.com\/product\/dry-sift-hash-cbd-15#breadcrumb","itemListElement":[{"@type":"ListItem","position":1,"name":"Portada","item":"https:\/\/thelyflabs.com\/"},{"@type":"ListItem","position":2,"name":"Tienda","item":"https:\/\/thelyflabs.com\/tienda"},{"@type":"ListItem","position":3,"name":"Dry Sift Hash CBD 15%"}]},{"@type":"WebSite","@id":"https:\/\/thelyflabs.com\/#website","url":"https:\/\/thelyflabs.com\/","name":"Les laboratoires LYF","description":"Vente en gros de CBD","publisher":{"@id":"https:\/\/thelyflabs.com\/#organization"},"potentialAction":[{"@type":"SearchAction","target":{"@type":"EntryPoint","urlTemplate":"https:\/\/thelyflabs.com\/?s={search_term_string}"},"query-input":{"@type":"PropertyValueSpecification","valueRequired":true,"valueName":"search_term_string"}}],"inLanguage":"fr-FR"},{"@type":"Organization","@id":"https:\/\/thelyflabs.com\/#organization","name":"Les laboratoires LYF","url":"https:\/\/thelyflabs.com\/","logo":{"@type":"ImageObject","inLanguage":"fr-FR","@id":"https:\/\/thelyflabs.com\/#\/schema\/logo\/image\/","url":"https:\/\/thelyflabs.com\/wp-content\/uploads\/2023\/01\/cropped-LogoTheLYFLabs.png","contentUrl":"https:\/\/thelyflabs.com\/wp-content\/uploads\/2023\/01\/cropped-LogoTheLYFLabs.png","width":600,"height":180,"caption":"The LYF Labs"},"image":{"@id":"https:\/\/thelyflabs.com\/#\/schema\/logo\/image\/"}}]}},"_links":{"self":[{"href":"https:\/\/thelyflabs.com\/fr\/wp-json\/wp\/v2\/product\/10216","targetHints":{"allow":["GET"]}}],"collection":[{"href":"https:\/\/thelyflabs.com\/fr\/wp-json\/wp\/v2\/product"}],"about":[{"href":"https:\/\/thelyflabs.com\/fr\/wp-json\/wp\/v2\/types\/product"}],"replies":[{"embeddable":true,"href":"https:\/\/thelyflabs.com\/fr\/wp-json\/wp\/v2\/comments?post=10216"}],"wp:featuredmedia":[{"embeddable":true,"href":"https:\/\/thelyflabs.com\/fr\/wp-json\/wp\/v2\/media\/17464"}],"wp:attachment":[{"href":"https:\/\/thelyflabs.com\/fr\/wp-json\/wp\/v2\/media?parent=10216"}],"wp:term":[{"taxonomy":"product_brand","embeddable":true,"href":"https:\/\/thelyflabs.com\/fr\/wp-json\/wp\/v2\/product_brand?post=10216"},{"taxonomy":"product_cat","embeddable":true,"href":"https:\/\/thelyflabs.com\/fr\/wp-json\/wp\/v2\/product_cat?post=10216"},{"taxonomy":"product_tag","embeddable":true,"href":"https:\/\/thelyflabs.com\/fr\/wp-json\/wp\/v2\/product_tag?post=10216"}],"curies":[{"name":"wp","href":"https:\/\/api.w.org\/{rel}","templated":true}]}}