{"id":10238,"date":"2025-01-23T16:36:28","date_gmt":"2025-01-23T15:36:28","guid":{"rendered":"https:\/\/thelyflabs.com\/?post_type=product&#038;p=10238"},"modified":"2026-03-25T14:32:05","modified_gmt":"2026-03-25T13:32:05","slug":"aceite-de-cbd-full-spectrum-para-mascotas-sabor-a-salmon","status":"publish","type":"product","link":"https:\/\/thelyflabs.com\/fr\/product\/aceite-de-cbd-full-spectrum-para-mascotas-sabor-a-salmon","title":{"rendered":"Aceite de CBD Full Spectrum 10ml para Mascotas sabor a salm\u00f3n"},"content":{"rendered":"<h3 data-pm-slice=\"1 1 []\">Huile de CBD pour animaux de compagnie : bien-\u00eatre naturel pour vos compagnons \u00e0 fourrure<\/h3>\n<p>Si vous recherchez une solution naturelle pour am\u00e9liorer la qualit\u00e9 de vie de votre animal, le <strong>Huile de CBD pour animaux de compagnie<\/strong> la saveur du saumon est exactement ce dont vous avez besoin. Con\u00e7ue sp\u00e9cialement pour les chiens et les chats, cette huile combine les bienfaits du cannabidiol (CBD) avec une d\u00e9licieuse saveur de saumon dont les animaux raffolent. D\u00e9couvrez comment ce produit peut faire une diff\u00e9rence significative dans le bien-\u00eatre de vos compagnons \u00e0 quatre pattes.<\/p>\n<h4>Qu\u2019est-ce que l\u2019huile de CBD pour animaux de compagnie ?<\/h4>\n<p>L&#039;huile de CBD est un compl\u00e9ment naturel \u00e0 base d&#039;extrait de cannabidiol, un compos\u00e9 non psychoactif pr\u00e9sent dans la plante de cannabis. Cet ingr\u00e9dient a gagn\u00e9 en popularit\u00e9 pour ses propri\u00e9t\u00e9s th\u00e9rapeutiques tant chez les humains que chez les animaux. Il <strong>Huile de CBD pour animaux de compagnie<\/strong> La saveur saumon est formul\u00e9e pour r\u00e9pondre aux besoins sp\u00e9cifiques des chiens et des chats, offrant un soulagement efficace et s\u00fbr.<\/p>\n<p>Huiles de CBD \u00e0 spectre complet (<strong>spectre complet<\/strong>) offrent des avantages suppl\u00e9mentaires en incluant une large gamme de compos\u00e9s naturels issus de la plante de cannabis, tels que des cannabino\u00efdes secondaires, des terp\u00e8nes et des flavono\u00efdes. Ces composants fonctionnent en synergie pour renforcer les effets th\u00e9rapeutiques du CBD, connus sous le nom d\u2019\u00ab effet d\u2019entourage \u00bb. En choisissant une huile \u00e0 spectre complet, votre animal b\u00e9n\u00e9ficiera d\u2019un soulagement plus efficace du stress, de l\u2019inflammation et de la douleur, ainsi que d\u2019un meilleur soutien immunitaire. Ce type d&#039;huile est id\u00e9al pour ceux qui recherchent une solution naturelle et compl\u00e8te pour am\u00e9liorer la qualit\u00e9 de vie de leurs compagnons \u00e0 quatre pattes.<\/p>\n<h4>Avantages de l\u2019huile de CBD pour les animaux de compagnie<\/h4>\n<ol start=\"1\" data-spread=\"true\">\n<li><strong>R\u00e9duction de l&#039;anxi\u00e9t\u00e9 et du stress<\/strong> Les animaux de compagnie peuvent souffrir d&#039;anxi\u00e9t\u00e9 en raison de diff\u00e9rents facteurs, tels que la s\u00e9paration, les voyages, les visites chez le v\u00e9t\u00e9rinaire ou les bruits forts comme les feux d&#039;artifice. Le CBD aide \u00e0 calmer le syst\u00e8me nerveux, favorisant ainsi une sensation de calme chez votre animal.<\/li>\n<li><strong>Soulagement de la douleur et de l&#039;inflammation<\/strong> Id\u00e9ale pour les animaux souffrant de probl\u00e8mes de mobilit\u00e9, d\u2019arthrite ou de douleurs chroniques, l\u2019huile de CBD est connue pour ses propri\u00e9t\u00e9s anti-inflammatoires et analg\u00e9siques. Aide \u00e0 am\u00e9liorer la qualit\u00e9 de vie des animaux de compagnie, leur permettant de rester actifs et heureux.<\/li>\n<li><strong>Am\u00e9lioration de la sant\u00e9 du pelage et de la peau<\/strong> Les acides gras om\u00e9ga-3 pr\u00e9sents dans cette huile, ainsi que le CBD, favorisent une peau saine et un pelage brillant. Ceci est particuli\u00e8rement utile pour les animaux souffrant de probl\u00e8mes dermatologiques.<\/li>\n<li><strong>Soutien au syst\u00e8me immunitaire<\/strong> Le CBD agit \u00e9galement comme un stimulant immunitaire, aidant \u00e0 garder votre animal en bonne sant\u00e9 et r\u00e9sistant aux maladies courantes.<\/li>\n<li><strong>Contr\u00f4le des convulsions et des troubles neurologiques<\/strong> Des \u00e9tudes ont montr\u00e9 que le CBD peut \u00eatre utile pour contr\u00f4ler les \u00e9pisodes de crises et d\u2019autres troubles neurologiques chez les animaux de compagnie, am\u00e9liorant ainsi leur qualit\u00e9 de vie.<\/li>\n<\/ol>\n<h4>Saveur Saumon : Un Plus Irr\u00e9sistible<\/h4>\n<p>Nous savons que l\u2019acceptation est essentielle lorsqu\u2019il s\u2019agit de suppl\u00e9ments pour animaux de compagnie. Par cons\u00e9quent, le <strong>Huile de CBD pour animaux de compagnie<\/strong> Il a une d\u00e9licieuse saveur de saumon, garantissant que votre chien ou chat le prendra avec plaisir. Cet ar\u00f4me naturel facilite non seulement l&#039;administration, mais ajoute \u00e9galement des nutriments b\u00e9n\u00e9fiques qui am\u00e9liorent la sant\u00e9 de votre animal.<\/p>\n<h4>Comment administrer l\u2019huile de CBD pour animaux de compagnie ?<\/h4>\n<p>La posologie recommand\u00e9e varie en fonction de la taille, du poids et des besoins sp\u00e9cifiques de votre animal. G\u00e9n\u00e9ralement, il est sugg\u00e9r\u00e9 de commencer avec une faible dose et de l\u2019augmenter progressivement jusqu\u2019\u00e0 trouver le niveau appropri\u00e9. Vous pouvez administrer l&#039;huile directement dans la bouche de votre animal, la m\u00e9langer \u00e0 sa nourriture ou m\u00eame l&#039;ajouter \u00e0 ses friandises pr\u00e9f\u00e9r\u00e9es.<\/p>\n<h5>Posologie g\u00e9n\u00e9rale sugg\u00e9r\u00e9e\u00a0:<\/h5>\n<ul data-spread=\"false\">\n<li><strong>Petits animaux (jusqu&#039;\u00e0 10 kg) :<\/strong> 1 \u00e0 2 gouttes par jour.<\/li>\n<li><strong>Animaux de taille moyenne (10-20 kg)\u00a0:<\/strong> 3 \u00e0 5 gouttes par jour.<\/li>\n<li><strong>Animaux de grande taille (20+ kg)\u00a0:<\/strong> 6 \u00e0 10 gouttes par jour.<\/li>\n<\/ul>\n<p>Consultez toujours votre v\u00e9t\u00e9rinaire avant de commencer tout suppl\u00e9ment pour vous assurer qu\u2019il convient \u00e0 votre animal.<\/p>\n<h4>Foire aux questions sur l\u2019huile de CBD pour animaux de compagnie<\/h4>\n<p><strong>Le CBD est-il sans danger pour mon animal de compagnie ?<\/strong> Oui, le CBD est sans danger pour les animaux de compagnie lorsqu\u2019il est administr\u00e9 aux doses recommand\u00e9es. Notre huile est exempte de THC, le compos\u00e9 psychoactif du cannabis, garantissant que votre animal ne subira pas d&#039;effets secondaires ind\u00e9sirables.<\/p>\n<p><strong>Quand vais-je commencer \u00e0 voir des r\u00e9sultats\u00a0?<\/strong> Les effets du CBD peuvent varier en fonction de chaque animal. Certains peuvent montrer une am\u00e9lioration en quelques jours, tandis que d\u2019autres peuvent n\u00e9cessiter plusieurs semaines d\u2019utilisation constante.<\/p>\n<p><strong>Puis-je utiliser l\u2019huile de CBD pour traiter des maladies sp\u00e9cifiques ?<\/strong> Le CBD est un excellent compl\u00e9ment pour traiter divers probl\u00e8mes, mais vous devez toujours consulter un v\u00e9t\u00e9rinaire avant de l\u2019utiliser dans le cadre d\u2019un traitement.<\/p>\n<h4>Donnez \u00e0 votre animal les soins qu&#039;il m\u00e9rite !<\/h4>\n<p>Le bien-\u00eatre de votre animal est entre vos mains. Avec le <strong>Huile de CBD pour animaux de compagnie<\/strong> ar\u00f4me saumon 3%, vous apporterez une solution naturelle et efficace pour am\u00e9liorer votre qualit\u00e9 de vie. Passez votre commande aujourd&#039;hui et transformez le quotidien de votre meilleur ami.<\/p>\n<p>Achetez maintenant et d\u00e9couvrez les avantages de <strong>Huile de CBD pour animaux de compagnie<\/strong>!<\/p>","protected":false},"excerpt":{"rendered":"<h4>Ingr\u00e9dients naturels et s\u00fbrs<\/h4>\n<p>Notre <strong>Huile de CBD pour animaux de compagnie<\/strong> Il est fabriqu\u00e9 avec des ingr\u00e9dients de la plus haute qualit\u00e9 :<\/p>\n<ul data-spread=\"false\">\n<li><strong>Extrait d&#039;isolat de CBD\u00a0:<\/strong> Il apporte tous les bienfaits du cannabidiol sans effets psychoactifs.<\/li>\n<li><strong>Huile de transporteur de saumon\u00a0:<\/strong> Riche en om\u00e9ga-3, cette huile am\u00e9liore la sant\u00e9 globale de votre animal.<\/li>\n<li><strong>Sans additifs chimiques ni conservateurs :<\/strong> Une option 100% naturelle et s\u00fbre.<\/li>\n<\/ul>\n<h4>Pourquoi choisir notre huile de CBD pour animaux de compagnie ?<\/h4>\n<ol start=\"1\" data-spread=\"false\">\n<li><strong>Formule sp\u00e9cialis\u00e9e :<\/strong> Con\u00e7u sp\u00e9cifiquement pour les besoins des chiens et des chats.<\/li>\n<li><strong>Qualit\u00e9 garantie :<\/strong> Produit selon les normes les plus \u00e9lev\u00e9es de puret\u00e9 et d\u2019efficacit\u00e9.<\/li>\n<li><strong>Saveur irr\u00e9sistible\u00a0:<\/strong> L&#039;huile aromatis\u00e9e au saumon est facile \u00e0 administrer.<\/li>\n<li><strong>Des r\u00e9sultats prouv\u00e9s :<\/strong> De nombreuses \u00e9tudes et t\u00e9moignages soutiennent les bienfaits du CBD pour les animaux de compagnie.<\/li>\n<\/ol>\n<p>Ingr\u00e9dients:<br \/>\nHuile de graines de chanvre 10ml<\/p>\n<p>huile de saumon<\/p>\n<p>Extracto de CBD (Isolate THC Free)<\/p>\n<p>Analyse qualit\u00e9 : cliquez <a href=\"https:\/\/iguanasmoke.com\/wp-content\/uploads\/2018\/02\/Aceite-ISO-5.pdf\" target=\"_blank\" rel=\"noopener\">ici<\/a><\/p>","protected":false},"featured_media":10245,"comment_status":"open","ping_status":"closed","template":"","meta":{"_acf_changed":false,"site-sidebar-layout":"default","site-content-layout":"","ast-site-content-layout":"default","site-content-style":"default","site-sidebar-style":"default","ast-global-header-display":"","ast-banner-title-visibility":"","ast-main-header-display":"","ast-hfb-above-header-display":"","ast-hfb-below-header-display":"","ast-hfb-mobile-header-display":"","site-post-title":"","ast-breadcrumbs-content":"","ast-featured-img":"","footer-sml-layout":"","theme-transparent-header-meta":"default","adv-header-id-meta":"","stick-header-meta":"","header-above-stick-meta":"","header-main-stick-meta":"","header-below-stick-meta":"","astra-migrate-meta-layouts":"set","ast-page-background-enabled":"default","ast-page-background-meta":{"desktop":{"background-color":"var(--ast-global-color-4)","background-image":"","background-repeat":"repeat","background-position":"center center","background-size":"auto","background-attachment":"scroll","background-type":"","background-media":"","overlay-type":"","overlay-color":"","overlay-opacity":"","overlay-gradient":""},"tablet":{"background-color":"","background-image":"","background-repeat":"repeat","background-position":"center center","background-size":"auto","background-attachment":"scroll","background-type":"","background-media":"","overlay-type":"","overlay-color":"","overlay-opacity":"","overlay-gradient":""},"mobile":{"background-color":"","background-image":"","background-repeat":"repeat","background-position":"center center","background-size":"auto","background-attachment":"scroll","background-type":"","background-media":"","overlay-type":"","overlay-color":"","overlay-opacity":"","overlay-gradient":""}},"ast-content-background-meta":{"desktop":{"background-color":"var(--ast-global-color-5)","background-image":"","background-repeat":"repeat","background-position":"center center","background-size":"auto","background-attachment":"scroll","background-type":"","background-media":"","overlay-type":"","overlay-color":"","overlay-opacity":"","overlay-gradient":""},"tablet":{"background-color":"var(--ast-global-color-5)","background-image":"","background-repeat":"repeat","background-position":"center center","background-size":"auto","background-attachment":"scroll","background-type":"","background-media":"","overlay-type":"","overlay-color":"","overlay-opacity":"","overlay-gradient":""},"mobile":{"background-color":"var(--ast-global-color-5)","background-image":"","background-repeat":"repeat","background-position":"center center","background-size":"auto","background-attachment":"scroll","background-type":"","background-media":"","overlay-type":"","overlay-color":"","overlay-opacity":"","overlay-gradient":""}}},"product_brand":[],"product_cat":[25,40,108],"product_tag":[],"class_list":{"0":"post-10238","1":"product","2":"type-product","3":"status-publish","4":"has-post-thumbnail","6":"product_cat-aceite-de-cbd","7":"product_cat-iguanasmoke","8":"product_cat-novedades","9":"desktop-align-center","10":"tablet-align-left","11":"mobile-align-left","13":"first","14":"instock","15":"taxable","16":"shipping-taxable","17":"purchasable","18":"product-type-variable"},"acf":[],"yoast_head":"<!-- This site is optimized with the Yoast SEO plugin v27.3 - https:\/\/yoast.com\/product\/yoast-seo-wordpress\/ -->\n<title>Aceite de CBD Full Spectrum 10ml para Mascotas sabor a salm\u00f3n - THE LYF LABS<\/title>\n<meta name=\"robots\" content=\"index, follow, max-snippet:-1, max-image-preview:large, max-video-preview:-1\" \/>\n<link rel=\"canonical\" href=\"https:\/\/thelyflabs.com\/fr\/product\/aceite-de-cbd-full-spectrum-para-mascotas-sabor-a-salmon\/\" \/>\n<meta property=\"og:locale\" content=\"fr_FR\" \/>\n<meta property=\"og:type\" content=\"article\" \/>\n<meta property=\"og:title\" content=\"Aceite de CBD Full Spectrum 10ml para Mascotas sabor a salm\u00f3n - THE LYF LABS\" \/>\n<meta property=\"og:description\" content=\"Ingredientes Naturales y Seguros Nuestro Aceite de CBD para mascotas est\u00e1 elaborado con ingredientes de la m\u00e1s alta calidad:   Extracto de CBD Isolate: Aporta todos los beneficios del cannabidiol sin efectos psicoactivos.  Aceite portador de salm\u00f3n: Rico en omega-3, este aceite mejora la salud general de tu mascota.  Sin aditivos qu\u00edmicos ni conservantes: Una opci\u00f3n 100% natural y segura.  \u00bfPor Qu\u00e9 Elegir Nuestro Aceite de CBD para Mascotas?   F\u00f3rmula especializada: Dise\u00f1ada espec\u00edficamente para las necesidades de perros y gatos.  Calidad garantizada: Producido con los est\u00e1ndares m\u00e1s altos de pureza y eficacia.  Sabor irresistible: El aceite con sabor a salm\u00f3n es f\u00e1cil de administrar.  Resultados comprobados: Numerosos estudios y testimonios respaldan los beneficios del CBD para mascotas.  Ingredientes: Aceite de semillas de c\u00e1\u00f1amo 10ml  Aceite de salm\u00f3n  Extracto de CBD (Isolate THC Free)  An\u00e1lisis de calidad: pincha aqu\u00ed\" \/>\n<meta property=\"og:url\" content=\"https:\/\/thelyflabs.com\/fr\/product\/aceite-de-cbd-full-spectrum-para-mascotas-sabor-a-salmon\/\" \/>\n<meta property=\"og:site_name\" content=\"THE LYF LABS\" \/>\n<meta property=\"article:modified_time\" content=\"2026-03-25T13:32:05+00:00\" \/>\n<meta property=\"og:image\" content=\"https:\/\/thelyflabs.com\/wp-content\/uploads\/2025\/01\/caja-y-botella-3-10-ml-der.png\" \/>\n\t<meta property=\"og:image:width\" content=\"1000\" \/>\n\t<meta property=\"og:image:height\" content=\"1000\" \/>\n\t<meta property=\"og:image:type\" content=\"image\/png\" \/>\n<meta name=\"twitter:card\" content=\"summary_large_image\" \/>\n<meta name=\"twitter:label1\" content=\"Dur\u00e9e de lecture estim\u00e9e\" \/>\n\t<meta name=\"twitter:data1\" content=\"4 minutes\" \/>\n<script type=\"application\/ld+json\" class=\"yoast-schema-graph\">{\"@context\":\"https:\\\/\\\/schema.org\",\"@graph\":[{\"@type\":\"WebPage\",\"@id\":\"https:\\\/\\\/thelyflabs.com\\\/product\\\/aceite-de-cbd-full-spectrum-para-mascotas-sabor-a-salmon\",\"url\":\"https:\\\/\\\/thelyflabs.com\\\/product\\\/aceite-de-cbd-full-spectrum-para-mascotas-sabor-a-salmon\",\"name\":\"Aceite de CBD Full Spectrum 10ml para Mascotas sabor a salm\u00f3n - THE LYF LABS\",\"isPartOf\":{\"@id\":\"https:\\\/\\\/thelyflabs.com\\\/#website\"},\"primaryImageOfPage\":{\"@id\":\"https:\\\/\\\/thelyflabs.com\\\/product\\\/aceite-de-cbd-full-spectrum-para-mascotas-sabor-a-salmon#primaryimage\"},\"image\":{\"@id\":\"https:\\\/\\\/thelyflabs.com\\\/product\\\/aceite-de-cbd-full-spectrum-para-mascotas-sabor-a-salmon#primaryimage\"},\"thumbnailUrl\":\"https:\\\/\\\/thelyflabs.com\\\/wp-content\\\/uploads\\\/2025\\\/01\\\/caja-y-botella-3-10-ml-der.png\",\"datePublished\":\"2025-01-23T15:36:28+00:00\",\"dateModified\":\"2026-03-25T13:32:05+00:00\",\"breadcrumb\":{\"@id\":\"https:\\\/\\\/thelyflabs.com\\\/product\\\/aceite-de-cbd-full-spectrum-para-mascotas-sabor-a-salmon#breadcrumb\"},\"inLanguage\":\"fr-FR\",\"potentialAction\":[{\"@type\":\"ReadAction\",\"target\":[\"https:\\\/\\\/thelyflabs.com\\\/product\\\/aceite-de-cbd-full-spectrum-para-mascotas-sabor-a-salmon\"]}]},{\"@type\":\"ImageObject\",\"inLanguage\":\"fr-FR\",\"@id\":\"https:\\\/\\\/thelyflabs.com\\\/product\\\/aceite-de-cbd-full-spectrum-para-mascotas-sabor-a-salmon#primaryimage\",\"url\":\"https:\\\/\\\/thelyflabs.com\\\/wp-content\\\/uploads\\\/2025\\\/01\\\/caja-y-botella-3-10-ml-der.png\",\"contentUrl\":\"https:\\\/\\\/thelyflabs.com\\\/wp-content\\\/uploads\\\/2025\\\/01\\\/caja-y-botella-3-10-ml-der.png\",\"width\":1000,\"height\":1000,\"caption\":\"aceite cbd\"},{\"@type\":\"BreadcrumbList\",\"@id\":\"https:\\\/\\\/thelyflabs.com\\\/product\\\/aceite-de-cbd-full-spectrum-para-mascotas-sabor-a-salmon#breadcrumb\",\"itemListElement\":[{\"@type\":\"ListItem\",\"position\":1,\"name\":\"Portada\",\"item\":\"https:\\\/\\\/thelyflabs.com\\\/\"},{\"@type\":\"ListItem\",\"position\":2,\"name\":\"Tienda\",\"item\":\"https:\\\/\\\/thelyflabs.com\\\/tienda\"},{\"@type\":\"ListItem\",\"position\":3,\"name\":\"Aceite de CBD Full Spectrum 10ml para Mascotas sabor a salm\u00f3n\"}]},{\"@type\":\"WebSite\",\"@id\":\"https:\\\/\\\/thelyflabs.com\\\/#website\",\"url\":\"https:\\\/\\\/thelyflabs.com\\\/\",\"name\":\"The LYF Labs\",\"description\":\"CBD al por mayor\",\"publisher\":{\"@id\":\"https:\\\/\\\/thelyflabs.com\\\/#organization\"},\"potentialAction\":[{\"@type\":\"SearchAction\",\"target\":{\"@type\":\"EntryPoint\",\"urlTemplate\":\"https:\\\/\\\/thelyflabs.com\\\/?s={search_term_string}\"},\"query-input\":{\"@type\":\"PropertyValueSpecification\",\"valueRequired\":true,\"valueName\":\"search_term_string\"}}],\"inLanguage\":\"fr-FR\"},{\"@type\":\"Organization\",\"@id\":\"https:\\\/\\\/thelyflabs.com\\\/#organization\",\"name\":\"The LYF Labs\",\"url\":\"https:\\\/\\\/thelyflabs.com\\\/\",\"logo\":{\"@type\":\"ImageObject\",\"inLanguage\":\"fr-FR\",\"@id\":\"https:\\\/\\\/thelyflabs.com\\\/#\\\/schema\\\/logo\\\/image\\\/\",\"url\":\"https:\\\/\\\/thelyflabs.com\\\/wp-content\\\/uploads\\\/2023\\\/01\\\/cropped-LogoTheLYFLabs.png\",\"contentUrl\":\"https:\\\/\\\/thelyflabs.com\\\/wp-content\\\/uploads\\\/2023\\\/01\\\/cropped-LogoTheLYFLabs.png\",\"width\":600,\"height\":180,\"caption\":\"The LYF Labs\"},\"image\":{\"@id\":\"https:\\\/\\\/thelyflabs.com\\\/#\\\/schema\\\/logo\\\/image\\\/\"}}]}<\/script>\n<!-- \/ Yoast SEO plugin. -->","yoast_head_json":{"title":"Aceite de CBD Full Spectrum 10ml para Mascotas sabor a salm\u00f3n - THE LYF LABS","robots":{"index":"index","follow":"follow","max-snippet":"max-snippet:-1","max-image-preview":"max-image-preview:large","max-video-preview":"max-video-preview:-1"},"canonical":"https:\/\/thelyflabs.com\/fr\/product\/aceite-de-cbd-full-spectrum-para-mascotas-sabor-a-salmon\/","og_locale":"fr_FR","og_type":"article","og_title":"Aceite de CBD Full Spectrum 10ml para Mascotas sabor a salm\u00f3n - THE LYF LABS","og_description":"Ingredientes Naturales y Seguros Nuestro Aceite de CBD para mascotas est\u00e1 elaborado con ingredientes de la m\u00e1s alta calidad:   Extracto de CBD Isolate: Aporta todos los beneficios del cannabidiol sin efectos psicoactivos.  Aceite portador de salm\u00f3n: Rico en omega-3, este aceite mejora la salud general de tu mascota.  Sin aditivos qu\u00edmicos ni conservantes: Una opci\u00f3n 100% natural y segura.  \u00bfPor Qu\u00e9 Elegir Nuestro Aceite de CBD para Mascotas?   F\u00f3rmula especializada: Dise\u00f1ada espec\u00edficamente para las necesidades de perros y gatos.  Calidad garantizada: Producido con los est\u00e1ndares m\u00e1s altos de pureza y eficacia.  Sabor irresistible: El aceite con sabor a salm\u00f3n es f\u00e1cil de administrar.  Resultados comprobados: Numerosos estudios y testimonios respaldan los beneficios del CBD para mascotas.  Ingredientes: Aceite de semillas de c\u00e1\u00f1amo 10ml  Aceite de salm\u00f3n  Extracto de CBD (Isolate THC Free)  An\u00e1lisis de calidad: pincha aqu\u00ed","og_url":"https:\/\/thelyflabs.com\/fr\/product\/aceite-de-cbd-full-spectrum-para-mascotas-sabor-a-salmon\/","og_site_name":"THE LYF LABS","article_modified_time":"2026-03-25T13:32:05+00:00","og_image":[{"width":1000,"height":1000,"url":"https:\/\/thelyflabs.com\/wp-content\/uploads\/2025\/01\/caja-y-botella-3-10-ml-der.png","type":"image\/png"}],"twitter_card":"summary_large_image","twitter_misc":{"Dur\u00e9e de lecture estim\u00e9e":"4 minutes"},"schema":{"@context":"https:\/\/schema.org","@graph":[{"@type":"WebPage","@id":"https:\/\/thelyflabs.com\/product\/aceite-de-cbd-full-spectrum-para-mascotas-sabor-a-salmon","url":"https:\/\/thelyflabs.com\/product\/aceite-de-cbd-full-spectrum-para-mascotas-sabor-a-salmon","name":"Aceite de CBD Full Spectrum 10ml para Mascotas sabor a salm\u00f3n - THE LYF LABS","isPartOf":{"@id":"https:\/\/thelyflabs.com\/#website"},"primaryImageOfPage":{"@id":"https:\/\/thelyflabs.com\/product\/aceite-de-cbd-full-spectrum-para-mascotas-sabor-a-salmon#primaryimage"},"image":{"@id":"https:\/\/thelyflabs.com\/product\/aceite-de-cbd-full-spectrum-para-mascotas-sabor-a-salmon#primaryimage"},"thumbnailUrl":"https:\/\/thelyflabs.com\/wp-content\/uploads\/2025\/01\/caja-y-botella-3-10-ml-der.png","datePublished":"2025-01-23T15:36:28+00:00","dateModified":"2026-03-25T13:32:05+00:00","breadcrumb":{"@id":"https:\/\/thelyflabs.com\/product\/aceite-de-cbd-full-spectrum-para-mascotas-sabor-a-salmon#breadcrumb"},"inLanguage":"fr-FR","potentialAction":[{"@type":"ReadAction","target":["https:\/\/thelyflabs.com\/product\/aceite-de-cbd-full-spectrum-para-mascotas-sabor-a-salmon"]}]},{"@type":"ImageObject","inLanguage":"fr-FR","@id":"https:\/\/thelyflabs.com\/product\/aceite-de-cbd-full-spectrum-para-mascotas-sabor-a-salmon#primaryimage","url":"https:\/\/thelyflabs.com\/wp-content\/uploads\/2025\/01\/caja-y-botella-3-10-ml-der.png","contentUrl":"https:\/\/thelyflabs.com\/wp-content\/uploads\/2025\/01\/caja-y-botella-3-10-ml-der.png","width":1000,"height":1000,"caption":"aceite cbd"},{"@type":"BreadcrumbList","@id":"https:\/\/thelyflabs.com\/product\/aceite-de-cbd-full-spectrum-para-mascotas-sabor-a-salmon#breadcrumb","itemListElement":[{"@type":"ListItem","position":1,"name":"Portada","item":"https:\/\/thelyflabs.com\/"},{"@type":"ListItem","position":2,"name":"Tienda","item":"https:\/\/thelyflabs.com\/tienda"},{"@type":"ListItem","position":3,"name":"Aceite de CBD Full Spectrum 10ml para Mascotas sabor a salm\u00f3n"}]},{"@type":"WebSite","@id":"https:\/\/thelyflabs.com\/#website","url":"https:\/\/thelyflabs.com\/","name":"Les laboratoires LYF","description":"Vente en gros de CBD","publisher":{"@id":"https:\/\/thelyflabs.com\/#organization"},"potentialAction":[{"@type":"SearchAction","target":{"@type":"EntryPoint","urlTemplate":"https:\/\/thelyflabs.com\/?s={search_term_string}"},"query-input":{"@type":"PropertyValueSpecification","valueRequired":true,"valueName":"search_term_string"}}],"inLanguage":"fr-FR"},{"@type":"Organization","@id":"https:\/\/thelyflabs.com\/#organization","name":"Les laboratoires LYF","url":"https:\/\/thelyflabs.com\/","logo":{"@type":"ImageObject","inLanguage":"fr-FR","@id":"https:\/\/thelyflabs.com\/#\/schema\/logo\/image\/","url":"https:\/\/thelyflabs.com\/wp-content\/uploads\/2023\/01\/cropped-LogoTheLYFLabs.png","contentUrl":"https:\/\/thelyflabs.com\/wp-content\/uploads\/2023\/01\/cropped-LogoTheLYFLabs.png","width":600,"height":180,"caption":"The LYF Labs"},"image":{"@id":"https:\/\/thelyflabs.com\/#\/schema\/logo\/image\/"}}]}},"_links":{"self":[{"href":"https:\/\/thelyflabs.com\/fr\/wp-json\/wp\/v2\/product\/10238","targetHints":{"allow":["GET"]}}],"collection":[{"href":"https:\/\/thelyflabs.com\/fr\/wp-json\/wp\/v2\/product"}],"about":[{"href":"https:\/\/thelyflabs.com\/fr\/wp-json\/wp\/v2\/types\/product"}],"replies":[{"embeddable":true,"href":"https:\/\/thelyflabs.com\/fr\/wp-json\/wp\/v2\/comments?post=10238"}],"wp:featuredmedia":[{"embeddable":true,"href":"https:\/\/thelyflabs.com\/fr\/wp-json\/wp\/v2\/media\/10245"}],"wp:attachment":[{"href":"https:\/\/thelyflabs.com\/fr\/wp-json\/wp\/v2\/media?parent=10238"}],"wp:term":[{"taxonomy":"product_brand","embeddable":true,"href":"https:\/\/thelyflabs.com\/fr\/wp-json\/wp\/v2\/product_brand?post=10238"},{"taxonomy":"product_cat","embeddable":true,"href":"https:\/\/thelyflabs.com\/fr\/wp-json\/wp\/v2\/product_cat?post=10238"},{"taxonomy":"product_tag","embeddable":true,"href":"https:\/\/thelyflabs.com\/fr\/wp-json\/wp\/v2\/product_tag?post=10238"}],"curies":[{"name":"wp","href":"https:\/\/api.w.org\/{rel}","templated":true}]}}