{"id":10576,"date":"2025-02-18T08:12:28","date_gmt":"2025-02-18T07:12:28","guid":{"rendered":"https:\/\/thelyflabs.com\/?post_type=product&#038;p=10576"},"modified":"2026-04-06T12:35:19","modified_gmt":"2026-04-06T10:35:19","slug":"iguana-power-bateria-510-para-cartuchos-400mah","status":"publish","type":"product","link":"https:\/\/thelyflabs.com\/fr\/product\/iguana-power-bateria-510-para-cartuchos-400mah","title":{"rendered":"Iguana Power \u2013 Batterie 510 400 mAh pour cartouches de 2 ml"},"content":{"rendered":"<h4>Iguana Power \u2013 510 Batterie pour Cartouches<\/h4>\n<p>D\u00e9couvrez la puissance et la polyvalence ultimes avec la batterie Iguana Smoke 510 Vape. Logiquement con\u00e7u pour r\u00e9pondre aux demandes des amateurs de vape, cet appareil de nouvelle g\u00e9n\u00e9ration offre des performances fiables et une exp\u00e9rience de vape in\u00e9gal\u00e9e.<\/p>\n<p>Fonctionnalit\u00e9s en vedette\u00a0:<\/p>\n<ul>\n<li><strong>Compatibilit\u00e9 universelle\u00a0:<\/strong> La batterie 510 est compatible avec une large gamme de cartouches et d&#039;atomiseurs, vous donnant la libert\u00e9 de choisir vos accessoires pr\u00e9f\u00e9r\u00e9s.<\/li>\n<li><strong>Bouton d&#039;activation\u00a0:<\/strong> Le bouton power a 3 utilisations diff\u00e9rentes selon le nombre de fois o\u00f9 on l&#039;appuie. En particulier, \u00e0 5 reprises il s&#039;allume ; Avec 3, la tension est modifi\u00e9e et avec 2, le pr\u00e9chauffage commence.<\/li>\n<li><strong>Puissance r\u00e9glable\u00a0:<\/strong> Personnalisez votre exp\u00e9rience de vape en ajustant la puissance selon vos pr\u00e9f\u00e9rences. En effet, profitez de nuages denses et de saveurs intenses en quelques clics seulement.<\/li>\n<li><strong>Portabilit\u00e9 et durabilit\u00e9\u00a0:<\/strong> Son design compact et r\u00e9sistant en fait le compagnon id\u00e9al de vos aventures quotidiennes. Alors, emportez-le avec vous en toute confiance, sachant qu&#039;il est con\u00e7u pour r\u00e9sister \u00e0 une utilisation constante.<\/li>\n<li><strong>Affichage avec indicateur de batterie<\/strong><\/li>\n<\/ul>\n<h4><strong>Qu&#039;est-ce qu&#039;une cartouche jetable ?<\/strong><\/h4>\n<p>Les cartouches jetables sont des appareils de vapotage qui se connectent \u00e0 des batteries avec une connexion de type 510. Ces cartouches sont jet\u00e9es une fois le liquide \u00e9puis\u00e9.<\/p>\n<div class=\"ewd-ufaq-faq-body\">\n<p>Il s&#039;agit d&#039;un produit de collection. Pas pour la consommation directe ou le tabagisme.<\/p>\n<\/div>","protected":false},"excerpt":{"rendered":"<h4>Batterie 510 pour cartouches<\/h4>\n<h5><strong>Caract\u00e9ristiques<\/strong><\/h5>\n<ul>\n<li>Batterie: 400 mAh<\/li>\n<li>Tension : 1,8 V \u00e0 4,2 V<\/li>\n<li>Affichage avec indicateur de batterie<\/li>\n<li>Fonction de pr\u00e9chauffage de 15 secondes<\/li>\n<li>Connexion : USB-C<\/li>\n<\/ul>","protected":false},"featured_media":10577,"comment_status":"open","ping_status":"closed","template":"","meta":{"_acf_changed":false,"site-sidebar-layout":"default","site-content-layout":"","ast-site-content-layout":"default","site-content-style":"default","site-sidebar-style":"default","ast-global-header-display":"","ast-banner-title-visibility":"","ast-main-header-display":"","ast-hfb-above-header-display":"","ast-hfb-below-header-display":"","ast-hfb-mobile-header-display":"","site-post-title":"","ast-breadcrumbs-content":"","ast-featured-img":"","footer-sml-layout":"","theme-transparent-header-meta":"default","adv-header-id-meta":"","stick-header-meta":"","header-above-stick-meta":"","header-main-stick-meta":"","header-below-stick-meta":"","astra-migrate-meta-layouts":"set","ast-page-background-enabled":"default","ast-page-background-meta":{"desktop":{"background-color":"var(--ast-global-color-4)","background-image":"","background-repeat":"repeat","background-position":"center center","background-size":"auto","background-attachment":"scroll","background-type":"","background-media":"","overlay-type":"","overlay-color":"","overlay-opacity":"","overlay-gradient":""},"tablet":{"background-color":"","background-image":"","background-repeat":"repeat","background-position":"center center","background-size":"auto","background-attachment":"scroll","background-type":"","background-media":"","overlay-type":"","overlay-color":"","overlay-opacity":"","overlay-gradient":""},"mobile":{"background-color":"","background-image":"","background-repeat":"repeat","background-position":"center center","background-size":"auto","background-attachment":"scroll","background-type":"","background-media":"","overlay-type":"","overlay-color":"","overlay-opacity":"","overlay-gradient":""}},"ast-content-background-meta":{"desktop":{"background-color":"var(--ast-global-color-5)","background-image":"","background-repeat":"repeat","background-position":"center center","background-size":"auto","background-attachment":"scroll","background-type":"","background-media":"","overlay-type":"","overlay-color":"","overlay-opacity":"","overlay-gradient":""},"tablet":{"background-color":"var(--ast-global-color-5)","background-image":"","background-repeat":"repeat","background-position":"center center","background-size":"auto","background-attachment":"scroll","background-type":"","background-media":"","overlay-type":"","overlay-color":"","overlay-opacity":"","overlay-gradient":""},"mobile":{"background-color":"var(--ast-global-color-5)","background-image":"","background-repeat":"repeat","background-position":"center center","background-size":"auto","background-attachment":"scroll","background-type":"","background-media":"","overlay-type":"","overlay-color":"","overlay-opacity":"","overlay-gradient":""}}},"product_brand":[],"product_cat":[91,79,40,87],"product_tag":[],"class_list":{"0":"post-10576","1":"product","2":"type-product","3":"status-publish","4":"has-post-thumbnail","6":"product_cat-cartuchos","7":"product_cat-full-spectrum-cbd","8":"product_cat-iguanasmoke","9":"product_cat-isolate-cbd","10":"desktop-align-center","11":"tablet-align-left","12":"mobile-align-left","14":"first","15":"instock","16":"taxable","17":"shipping-taxable","18":"purchasable","19":"product-type-simple"},"acf":[],"yoast_head":"<!-- This site is optimized with the Yoast SEO plugin v27.3 - https:\/\/yoast.com\/product\/yoast-seo-wordpress\/ -->\n<title>Iguana Power - Bateria 510 400 mAh para Cartuchos de 2ml - THE LYF LABS<\/title>\n<meta name=\"description\" content=\"Bateria 510 para cartuchos. Vapea CBD y mas con compatibilidad universal. Gran portabilidad para donde sea que estes. Solo en Iguana Smoke.\" \/>\n<meta name=\"robots\" content=\"index, follow, max-snippet:-1, max-image-preview:large, max-video-preview:-1\" \/>\n<link rel=\"canonical\" href=\"https:\/\/thelyflabs.com\/fr\/product\/iguana-power-bateria-510-para-cartuchos-400mah\/\" \/>\n<meta property=\"og:locale\" content=\"fr_FR\" \/>\n<meta property=\"og:type\" content=\"article\" \/>\n<meta property=\"og:title\" content=\"Iguana Power - Bateria 510 400 mAh para Cartuchos de 2ml - THE LYF LABS\" \/>\n<meta property=\"og:description\" content=\"Bateria 510 para cartuchos. Vapea CBD y mas con compatibilidad universal. Gran portabilidad para donde sea que estes. Solo en Iguana Smoke.\" \/>\n<meta property=\"og:url\" content=\"https:\/\/thelyflabs.com\/fr\/product\/iguana-power-bateria-510-para-cartuchos-400mah\/\" \/>\n<meta property=\"og:site_name\" content=\"THE LYF LABS\" \/>\n<meta property=\"article:modified_time\" content=\"2026-04-06T10:35:19+00:00\" \/>\n<meta property=\"og:image\" content=\"https:\/\/thelyflabs.com\/wp-content\/uploads\/2025\/02\/Bolsa-pen-battery2025-mockup.webp\" \/>\n\t<meta property=\"og:image:width\" content=\"1000\" \/>\n\t<meta property=\"og:image:height\" content=\"1000\" \/>\n\t<meta property=\"og:image:type\" content=\"image\/webp\" \/>\n<meta name=\"twitter:card\" content=\"summary_large_image\" \/>\n<meta name=\"twitter:label1\" content=\"Dur\u00e9e de lecture estim\u00e9e\" \/>\n\t<meta name=\"twitter:data1\" content=\"2 minutes\" \/>\n<script type=\"application\/ld+json\" class=\"yoast-schema-graph\">{\"@context\":\"https:\\\/\\\/schema.org\",\"@graph\":[{\"@type\":\"WebPage\",\"@id\":\"https:\\\/\\\/thelyflabs.com\\\/product\\\/iguana-power-bateria-510-para-cartuchos-400mah\",\"url\":\"https:\\\/\\\/thelyflabs.com\\\/product\\\/iguana-power-bateria-510-para-cartuchos-400mah\",\"name\":\"Iguana Power - Bateria 510 400 mAh para Cartuchos de 2ml - THE LYF LABS\",\"isPartOf\":{\"@id\":\"https:\\\/\\\/thelyflabs.com\\\/#website\"},\"primaryImageOfPage\":{\"@id\":\"https:\\\/\\\/thelyflabs.com\\\/product\\\/iguana-power-bateria-510-para-cartuchos-400mah#primaryimage\"},\"image\":{\"@id\":\"https:\\\/\\\/thelyflabs.com\\\/product\\\/iguana-power-bateria-510-para-cartuchos-400mah#primaryimage\"},\"thumbnailUrl\":\"https:\\\/\\\/thelyflabs.com\\\/wp-content\\\/uploads\\\/2025\\\/02\\\/Bolsa-pen-battery2025-mockup.webp\",\"datePublished\":\"2025-02-18T07:12:28+00:00\",\"dateModified\":\"2026-04-06T10:35:19+00:00\",\"description\":\"Bateria 510 para cartuchos. Vapea CBD y mas con compatibilidad universal. Gran portabilidad para donde sea que estes. Solo en Iguana Smoke.\",\"breadcrumb\":{\"@id\":\"https:\\\/\\\/thelyflabs.com\\\/product\\\/iguana-power-bateria-510-para-cartuchos-400mah#breadcrumb\"},\"inLanguage\":\"fr-FR\",\"potentialAction\":[{\"@type\":\"ReadAction\",\"target\":[\"https:\\\/\\\/thelyflabs.com\\\/product\\\/iguana-power-bateria-510-para-cartuchos-400mah\"]}]},{\"@type\":\"ImageObject\",\"inLanguage\":\"fr-FR\",\"@id\":\"https:\\\/\\\/thelyflabs.com\\\/product\\\/iguana-power-bateria-510-para-cartuchos-400mah#primaryimage\",\"url\":\"https:\\\/\\\/thelyflabs.com\\\/wp-content\\\/uploads\\\/2025\\\/02\\\/Bolsa-pen-battery2025-mockup.webp\",\"contentUrl\":\"https:\\\/\\\/thelyflabs.com\\\/wp-content\\\/uploads\\\/2025\\\/02\\\/Bolsa-pen-battery2025-mockup.webp\",\"width\":1000,\"height\":1000,\"caption\":\"bateria 510\"},{\"@type\":\"BreadcrumbList\",\"@id\":\"https:\\\/\\\/thelyflabs.com\\\/product\\\/iguana-power-bateria-510-para-cartuchos-400mah#breadcrumb\",\"itemListElement\":[{\"@type\":\"ListItem\",\"position\":1,\"name\":\"Portada\",\"item\":\"https:\\\/\\\/thelyflabs.com\\\/\"},{\"@type\":\"ListItem\",\"position\":2,\"name\":\"Tienda\",\"item\":\"https:\\\/\\\/thelyflabs.com\\\/tienda\"},{\"@type\":\"ListItem\",\"position\":3,\"name\":\"Iguana Power &#8211; Bateria 510 400 mAh para Cartuchos de 2ml\"}]},{\"@type\":\"WebSite\",\"@id\":\"https:\\\/\\\/thelyflabs.com\\\/#website\",\"url\":\"https:\\\/\\\/thelyflabs.com\\\/\",\"name\":\"The LYF Labs\",\"description\":\"CBD al por mayor\",\"publisher\":{\"@id\":\"https:\\\/\\\/thelyflabs.com\\\/#organization\"},\"potentialAction\":[{\"@type\":\"SearchAction\",\"target\":{\"@type\":\"EntryPoint\",\"urlTemplate\":\"https:\\\/\\\/thelyflabs.com\\\/?s={search_term_string}\"},\"query-input\":{\"@type\":\"PropertyValueSpecification\",\"valueRequired\":true,\"valueName\":\"search_term_string\"}}],\"inLanguage\":\"fr-FR\"},{\"@type\":\"Organization\",\"@id\":\"https:\\\/\\\/thelyflabs.com\\\/#organization\",\"name\":\"The LYF Labs\",\"url\":\"https:\\\/\\\/thelyflabs.com\\\/\",\"logo\":{\"@type\":\"ImageObject\",\"inLanguage\":\"fr-FR\",\"@id\":\"https:\\\/\\\/thelyflabs.com\\\/#\\\/schema\\\/logo\\\/image\\\/\",\"url\":\"https:\\\/\\\/thelyflabs.com\\\/wp-content\\\/uploads\\\/2023\\\/01\\\/cropped-LogoTheLYFLabs.png\",\"contentUrl\":\"https:\\\/\\\/thelyflabs.com\\\/wp-content\\\/uploads\\\/2023\\\/01\\\/cropped-LogoTheLYFLabs.png\",\"width\":600,\"height\":180,\"caption\":\"The LYF Labs\"},\"image\":{\"@id\":\"https:\\\/\\\/thelyflabs.com\\\/#\\\/schema\\\/logo\\\/image\\\/\"}}]}<\/script>\n<!-- \/ Yoast SEO plugin. -->","yoast_head_json":{"title":"Iguana Power - Batterie 510 400 mAh pour cartouches 2 ml - THE LYF LABS","description":"Batterie 510 pour cartouches. Vapez du CBD et plus encore avec une compatibilit\u00e9 universelle. Transportable o\u00f9 que vous soyez. Exclusivit\u00e9 Iguana Smoke.","robots":{"index":"index","follow":"follow","max-snippet":"max-snippet:-1","max-image-preview":"max-image-preview:large","max-video-preview":"max-video-preview:-1"},"canonical":"https:\/\/thelyflabs.com\/fr\/product\/iguana-power-bateria-510-para-cartuchos-400mah\/","og_locale":"fr_FR","og_type":"article","og_title":"Iguana Power - Bateria 510 400 mAh para Cartuchos de 2ml - THE LYF LABS","og_description":"Bateria 510 para cartuchos. Vapea CBD y mas con compatibilidad universal. Gran portabilidad para donde sea que estes. Solo en Iguana Smoke.","og_url":"https:\/\/thelyflabs.com\/fr\/product\/iguana-power-bateria-510-para-cartuchos-400mah\/","og_site_name":"THE LYF LABS","article_modified_time":"2026-04-06T10:35:19+00:00","og_image":[{"width":1000,"height":1000,"url":"https:\/\/thelyflabs.com\/wp-content\/uploads\/2025\/02\/Bolsa-pen-battery2025-mockup.webp","type":"image\/webp"}],"twitter_card":"summary_large_image","twitter_misc":{"Dur\u00e9e de lecture estim\u00e9e":"2 minutes"},"schema":{"@context":"https:\/\/schema.org","@graph":[{"@type":"WebPage","@id":"https:\/\/thelyflabs.com\/product\/iguana-power-bateria-510-para-cartuchos-400mah","url":"https:\/\/thelyflabs.com\/product\/iguana-power-bateria-510-para-cartuchos-400mah","name":"Iguana Power - Batterie 510 400 mAh pour cartouches 2 ml - THE LYF LABS","isPartOf":{"@id":"https:\/\/thelyflabs.com\/#website"},"primaryImageOfPage":{"@id":"https:\/\/thelyflabs.com\/product\/iguana-power-bateria-510-para-cartuchos-400mah#primaryimage"},"image":{"@id":"https:\/\/thelyflabs.com\/product\/iguana-power-bateria-510-para-cartuchos-400mah#primaryimage"},"thumbnailUrl":"https:\/\/thelyflabs.com\/wp-content\/uploads\/2025\/02\/Bolsa-pen-battery2025-mockup.webp","datePublished":"2025-02-18T07:12:28+00:00","dateModified":"2026-04-06T10:35:19+00:00","description":"Batterie 510 pour cartouches. Vapez du CBD et plus encore avec une compatibilit\u00e9 universelle. Transportable o\u00f9 que vous soyez. Exclusivit\u00e9 Iguana Smoke.","breadcrumb":{"@id":"https:\/\/thelyflabs.com\/product\/iguana-power-bateria-510-para-cartuchos-400mah#breadcrumb"},"inLanguage":"fr-FR","potentialAction":[{"@type":"ReadAction","target":["https:\/\/thelyflabs.com\/product\/iguana-power-bateria-510-para-cartuchos-400mah"]}]},{"@type":"ImageObject","inLanguage":"fr-FR","@id":"https:\/\/thelyflabs.com\/product\/iguana-power-bateria-510-para-cartuchos-400mah#primaryimage","url":"https:\/\/thelyflabs.com\/wp-content\/uploads\/2025\/02\/Bolsa-pen-battery2025-mockup.webp","contentUrl":"https:\/\/thelyflabs.com\/wp-content\/uploads\/2025\/02\/Bolsa-pen-battery2025-mockup.webp","width":1000,"height":1000,"caption":"bateria 510"},{"@type":"BreadcrumbList","@id":"https:\/\/thelyflabs.com\/product\/iguana-power-bateria-510-para-cartuchos-400mah#breadcrumb","itemListElement":[{"@type":"ListItem","position":1,"name":"Portada","item":"https:\/\/thelyflabs.com\/"},{"@type":"ListItem","position":2,"name":"Tienda","item":"https:\/\/thelyflabs.com\/tienda"},{"@type":"ListItem","position":3,"name":"Iguana Power &#8211; Bateria 510 400 mAh para Cartuchos de 2ml"}]},{"@type":"WebSite","@id":"https:\/\/thelyflabs.com\/#website","url":"https:\/\/thelyflabs.com\/","name":"Les laboratoires LYF","description":"Vente en gros de CBD","publisher":{"@id":"https:\/\/thelyflabs.com\/#organization"},"potentialAction":[{"@type":"SearchAction","target":{"@type":"EntryPoint","urlTemplate":"https:\/\/thelyflabs.com\/?s={search_term_string}"},"query-input":{"@type":"PropertyValueSpecification","valueRequired":true,"valueName":"search_term_string"}}],"inLanguage":"fr-FR"},{"@type":"Organization","@id":"https:\/\/thelyflabs.com\/#organization","name":"Les laboratoires LYF","url":"https:\/\/thelyflabs.com\/","logo":{"@type":"ImageObject","inLanguage":"fr-FR","@id":"https:\/\/thelyflabs.com\/#\/schema\/logo\/image\/","url":"https:\/\/thelyflabs.com\/wp-content\/uploads\/2023\/01\/cropped-LogoTheLYFLabs.png","contentUrl":"https:\/\/thelyflabs.com\/wp-content\/uploads\/2023\/01\/cropped-LogoTheLYFLabs.png","width":600,"height":180,"caption":"The LYF Labs"},"image":{"@id":"https:\/\/thelyflabs.com\/#\/schema\/logo\/image\/"}}]}},"_links":{"self":[{"href":"https:\/\/thelyflabs.com\/fr\/wp-json\/wp\/v2\/product\/10576","targetHints":{"allow":["GET"]}}],"collection":[{"href":"https:\/\/thelyflabs.com\/fr\/wp-json\/wp\/v2\/product"}],"about":[{"href":"https:\/\/thelyflabs.com\/fr\/wp-json\/wp\/v2\/types\/product"}],"replies":[{"embeddable":true,"href":"https:\/\/thelyflabs.com\/fr\/wp-json\/wp\/v2\/comments?post=10576"}],"wp:featuredmedia":[{"embeddable":true,"href":"https:\/\/thelyflabs.com\/fr\/wp-json\/wp\/v2\/media\/10577"}],"wp:attachment":[{"href":"https:\/\/thelyflabs.com\/fr\/wp-json\/wp\/v2\/media?parent=10576"}],"wp:term":[{"taxonomy":"product_brand","embeddable":true,"href":"https:\/\/thelyflabs.com\/fr\/wp-json\/wp\/v2\/product_brand?post=10576"},{"taxonomy":"product_cat","embeddable":true,"href":"https:\/\/thelyflabs.com\/fr\/wp-json\/wp\/v2\/product_cat?post=10576"},{"taxonomy":"product_tag","embeddable":true,"href":"https:\/\/thelyflabs.com\/fr\/wp-json\/wp\/v2\/product_tag?post=10576"}],"curies":[{"name":"wp","href":"https:\/\/api.w.org\/{rel}","templated":true}]}}