{"id":11589,"date":"2025-04-27T02:48:12","date_gmt":"2025-04-27T00:48:12","guid":{"rendered":"https:\/\/thelyflabs.com\/?post_type=product&#038;p=11589"},"modified":"2026-03-20T11:22:33","modified_gmt":"2026-03-20T10:22:33","slug":"vaper-stv-space-vape-gelato-2ml-sativanolstv","status":"publish","type":"product","link":"https:\/\/thelyflabs.com\/fr\/product\/vaper-stv-space-vape-gelato-2ml-sativanolstv","title":{"rendered":"Vaper STV \u2013 Space Vape Gelato 2 ml (Sativanol)"},"content":{"rendered":"<h4><strong>Vaper Space Vape Gelato jetable avec STV (SATIVANOL), CBD 40% et CBG 30%.<\/strong><\/h4>\n<p>Il <strong data-start=\"335\" data-end=\"362\">Saveur Gelato de Space Vape<\/strong> C&#039;est un vapoteur jetable avec une combinaison exclusive de <strong data-start=\"419\" data-end=\"438\">STV (Sativanol)<\/strong>, <strong data-start=\"440\" data-end=\"454\">CBD \u00e0 40%<\/strong> et <strong data-start=\"457\" data-end=\"471\">CBG \u00e0 30%<\/strong>, infus\u00e9 avec <strong data-start=\"489\" data-end=\"511\">terp\u00e8nes naturels<\/strong> qui reproduisent le profil sucr\u00e9, cr\u00e9meux et fruit\u00e9 de la vari\u00e9t\u00e9 l\u00e9gendaire <strong data-start=\"585\" data-end=\"595\">Gelato.<\/strong><\/p>\n<h4><strong>Qu&#039;est-ce que le STV ?<\/strong><\/h4>\n<p><strong>STV \u2013 La Super Sativa<\/strong> c&#039;est un <strong>d\u00e9riv\u00e9 de la derni\u00e8re g\u00e9n\u00e9ration de chanvre et r\u00e9cemment d\u00e9couvert<\/strong>, un cannabino\u00efde semi-synth\u00e9tique con\u00e7u pour offrir une puissance et une fonctionnalit\u00e9 in\u00e9gal\u00e9es. C&#039;est totalement unique : il procure une clart\u00e9 mentale de type Sativa.<\/p>\n<p>Gr\u00e2ce \u00e0 une science de pointe, nous avons isol\u00e9 un nouveau cannabino\u00efde du chanvre et effectu\u00e9 des ajustements semi-synth\u00e9tiques pr\u00e9cis pour am\u00e9liorer ses effets. Le r\u00e9sultat ? Une exp\u00e9rience cannabino\u00efde sans pr\u00e9c\u00e9dent, cr\u00e9\u00e9e pour ceux qui recherchent le meilleur de ce que l&#039;industrie du chanvre a \u00e0 offrir en termes de fonctionnalit\u00e9 et d&#039;effet Sativa.<\/p>\n<p><strong>STV \u2013 La Super Sativa<\/strong>. Contrairement \u00e0 tout autre cannabino\u00efde actuellement disponible, le STV offre une exp\u00e9rience stimulante sans contenir de THC, de THCP, de HHC ou d\u2019autres analogues traditionnels. Ce livre blanc explore les propri\u00e9t\u00e9s uniques, les avantages et les applications potentielles du STV, le positionnant comme une avanc\u00e9e r\u00e9volutionnaire sur le march\u00e9 des cannabino\u00efdes d\u00e9riv\u00e9s du chanvre.<\/p>\n<p><strong>Propri\u00e9t\u00e9s cl\u00e9s<\/strong><\/p>\n<ul>\n<li><strong>Aucune tol\u00e9rance connue<\/strong>Contrairement aux compos\u00e9s \u00e0 base de THC, les effets restent constants dans le temps.<\/li>\n<li><strong>D\u00e9but moyen, dur\u00e9e mod\u00e9r\u00e9e<\/strong>:Les effets commencent dans les 10 \u00e0 30 minutes suivant l&#039;utilisation, durent 3 \u00e0 4 heures et ne provoquent pas de somnolence le lendemain.<\/li>\n<li><strong>Potentiel activateur d&#039;autres cannabino\u00efdes<\/strong>:Peut amplifier les effets d\u2019autres cannabino\u00efdes et compos\u00e9s dans des formulations combin\u00e9es.<\/li>\n<\/ul>\n<p><strong>Pourquoi le STV est-il diff\u00e9rent des autres cannabino\u00efdes\u00a0?<\/strong><\/p>\n<p>Les cannabino\u00efdes traditionnels pr\u00e9sentent plusieurs limites : le THC provoque une alt\u00e9ration de l\u2019\u00e9tat mental, le THCP cr\u00e9e rapidement une tol\u00e9rance et le HHC produit des effets incoh\u00e9rents.<\/p>\n<p>STV, en revanche, \u2013 la Super Sativa \u2013 est un v\u00e9ritable changeur de jeu. Il offre une exp\u00e9rience contr\u00f4l\u00e9e et pr\u00e9visible, sans les inconv\u00e9nients des cannabino\u00efdes traditionnels.<\/p>\n<h4><strong>Qu&#039;est-ce qu&#039;une vape jetable ?<\/strong><\/h4>\n<p>Les vapoteurs jetables, \u00e9galement appel\u00e9s pods jetables, vaporisateurs jetables ou cigarettes \u00e9lectroniques, sont des appareils de vapotage de type \u00ab stylo \u00bb tr\u00e8s confortables et pratiques avec une batterie int\u00e9gr\u00e9e qui n&#039;est pas n\u00e9cessaire et avec un r\u00e9cipient pour le liquide \u00e0 vaper. Ni la batterie ni le liquide n&#039;ont besoin d&#039;\u00eatre recharg\u00e9s. Ce sont des appareils con\u00e7us pour r\u00e9aliser un certain nombre de bouff\u00e9es qui sont g\u00e9n\u00e9ralement indiqu\u00e9es \u00e0 l&#039;ext\u00e9rieur du produit.<\/p>\n<h4><strong>Placez-vous le Space Vape ?<\/strong><\/h4>\n<p>Comme le THC, le STV procure \u00e0 de nombreuses personnes une sensation agr\u00e9able lorsqu\u2019il est consomm\u00e9. Certaines personnes signalent des effets similaires \u00e0 ceux des produits conventionnels \u00e0 base de THC, mais il n\u2019y a pas suffisamment de donn\u00e9es pour \u00eatre s\u00fbr que cela soit vrai. Il n\u2019existe pas non plus suffisamment de donn\u00e9es pour savoir si la prise de STV peut entra\u00eener des effets secondaires n\u00e9gatifs ou m\u00eame des effets n\u00e9gatifs \u00e0 long terme.<\/p>\n<div class=\"ewd-ufaq-faq-body\">\n<p>Cependant, conform\u00e9ment \u00e0 la l\u00e9gislation en vigueur en Espagne, nous n&#039;encourageons en aucun cas l&#039;utilisation ou l&#039;ingestion des substances mentionn\u00e9es ci-dessus. Ne conduisez pas de v\u00e9hicules \u00e0 moteur et n\u2019utilisez pas de machines lourdes apr\u00e8s consommation.<br \/>\nDestin\u00e9 \u00e0 des fins industrielles, techniques et horticoles.<\/p>\n<p>Il s&#039;agit d&#039;un produit de collection. Pas pour la consommation directe ou le tabagisme.<\/p>\n<\/div>\n<p>Ce produit ne contient pas de cannabino\u00efdes inclus dans l&#039;annexe 1 du d\u00e9cret royal 2829\/1977, mis \u00e0 jour par l&#039;arr\u00eat\u00e9 SND\/380\/2025, du 14 avril, ni de substances contr\u00f4l\u00e9es par la Convention unique sur les stup\u00e9fiants de 1961 et la Convention sur les substances psychotropes de 1971.<\/p>","protected":false},"excerpt":{"rendered":"<h4>STV Space Vape Gelato Vape jetable (Sativanol)<\/h4>\n<p>Contient du STV, du CBD, du CBG et des terp\u00e8nes naturels aromatis\u00e9s avec l&#039;une des vari\u00e9t\u00e9s de cannabis les plus c\u00e9l\u00e8bres, le rafra\u00eechissant Gelato<\/p>\n<h5><strong>Caract\u00e9ristiques<\/strong><\/h5>\n<ul>\n<li>Dimensions : 105 mm x 24 mm x 11,2 mm<\/li>\n<li>Batterie : 380 mAh<\/li>\n<li>Capacit\u00e9 : 2 ml<\/li>\n<li>Bouff\u00e9es : jusqu&#039;\u00e0 600<\/li>\n<li>Terp\u00e8nes naturels de haute qualit\u00e9<\/li>\n<li>STV (Sativanol)<\/li>\n<li>CBD : 40%<\/li>\n<li>CBG : 30%<\/li>\n<li>THC\u00a0: 0%<\/li>\n<li>HHC: 0%<\/li>\n<li>THC-P : 0%<\/li>\n<li>Nicotine\u00a0: 0%<\/li>\n<li>Ne contient pas de VG, PG, PEG, MCT ou tout autre agent de coupe<\/li>\n<\/ul>\n<p>Tous nos produits sont issus de chanvre industriel certifi\u00e9. Ils contiennent moins de 0,3% de THC et ne contiennent aucun cannabino\u00efde ill\u00e9gaux tels que HHC, HHC-P, THCP, THCP-O, H4CBD ou l&#039;un de leurs d\u00e9riv\u00e9s. <a href=\"https:\/\/iguanasmoke.com\/analiticas\/\">Certificat d&#039;analyse ici.<\/a><\/p>","protected":false},"featured_media":16963,"comment_status":"open","ping_status":"closed","template":"","meta":{"_acf_changed":false,"site-sidebar-layout":"default","site-content-layout":"","ast-site-content-layout":"default","site-content-style":"default","site-sidebar-style":"default","ast-global-header-display":"","ast-banner-title-visibility":"","ast-main-header-display":"","ast-hfb-above-header-display":"","ast-hfb-below-header-display":"","ast-hfb-mobile-header-display":"","site-post-title":"","ast-breadcrumbs-content":"","ast-featured-img":"","footer-sml-layout":"","theme-transparent-header-meta":"default","adv-header-id-meta":"","stick-header-meta":"","header-above-stick-meta":"","header-main-stick-meta":"","header-below-stick-meta":"","astra-migrate-meta-layouts":"set","ast-page-background-enabled":"default","ast-page-background-meta":{"desktop":{"background-color":"var(--ast-global-color-4)","background-image":"","background-repeat":"repeat","background-position":"center center","background-size":"auto","background-attachment":"scroll","background-type":"","background-media":"","overlay-type":"","overlay-color":"","overlay-opacity":"","overlay-gradient":""},"tablet":{"background-color":"","background-image":"","background-repeat":"repeat","background-position":"center center","background-size":"auto","background-attachment":"scroll","background-type":"","background-media":"","overlay-type":"","overlay-color":"","overlay-opacity":"","overlay-gradient":""},"mobile":{"background-color":"","background-image":"","background-repeat":"repeat","background-position":"center center","background-size":"auto","background-attachment":"scroll","background-type":"","background-media":"","overlay-type":"","overlay-color":"","overlay-opacity":"","overlay-gradient":""}},"ast-content-background-meta":{"desktop":{"background-color":"var(--ast-global-color-5)","background-image":"","background-repeat":"repeat","background-position":"center center","background-size":"auto","background-attachment":"scroll","background-type":"","background-media":"","overlay-type":"","overlay-color":"","overlay-opacity":"","overlay-gradient":""},"tablet":{"background-color":"var(--ast-global-color-5)","background-image":"","background-repeat":"repeat","background-position":"center center","background-size":"auto","background-attachment":"scroll","background-type":"","background-media":"","overlay-type":"","overlay-color":"","overlay-opacity":"","overlay-gradient":""},"mobile":{"background-color":"var(--ast-global-color-5)","background-image":"","background-repeat":"repeat","background-position":"center center","background-size":"auto","background-attachment":"scroll","background-type":"","background-media":"","overlay-type":"","overlay-color":"","overlay-opacity":"","overlay-gradient":""}}},"product_brand":[],"product_cat":[146,143,138],"product_tag":[],"class_list":{"0":"post-11589","1":"product","2":"type-product","3":"status-publish","4":"has-post-thumbnail","6":"product_cat-nuevas-moleculas","7":"product_cat-stv","8":"product_cat-stv-sativanol","9":"desktop-align-center","10":"tablet-align-left","11":"mobile-align-left","13":"first","14":"instock","15":"taxable","16":"shipping-taxable","17":"purchasable","18":"product-type-simple"},"acf":[],"yoast_head":"<!-- This site is optimized with the Yoast SEO plugin v27.3 - https:\/\/yoast.com\/product\/yoast-seo-wordpress\/ -->\n<title>Vaper STV - Space Vape Gelato 2ml (Sativanol) - THE LYF LABS<\/title>\n<meta name=\"description\" content=\"Vaper desechable Space Vape sabor Gelato con STV, CBD 40% y CBG 30%. Terpenos naturales, sin THC ni nicotina. Precio exclusivo para tiendas y mayoristas.\" \/>\n<meta name=\"robots\" content=\"index, follow, max-snippet:-1, max-image-preview:large, max-video-preview:-1\" \/>\n<link rel=\"canonical\" href=\"https:\/\/thelyflabs.com\/fr\/product\/vaper-stv-space-vape-gelato-2ml-sativanolstv\/\" \/>\n<meta property=\"og:locale\" content=\"fr_FR\" \/>\n<meta property=\"og:type\" content=\"article\" \/>\n<meta property=\"og:title\" content=\"Vaper STV - Space Vape Gelato 2ml (Sativanol) - THE LYF LABS\" \/>\n<meta property=\"og:description\" content=\"Vaper desechable Space Vape sabor Gelato con STV, CBD 40% y CBG 30%. Terpenos naturales, sin THC ni nicotina. Precio exclusivo para tiendas y mayoristas.\" \/>\n<meta property=\"og:url\" content=\"https:\/\/thelyflabs.com\/fr\/product\/vaper-stv-space-vape-gelato-2ml-sativanolstv\/\" \/>\n<meta property=\"og:site_name\" content=\"THE LYF LABS\" \/>\n<meta property=\"article:modified_time\" content=\"2026-03-20T10:22:33+00:00\" \/>\n<meta property=\"og:image\" content=\"https:\/\/thelyflabs.com\/wp-content\/uploads\/2026\/03\/Mockup-gelato-der-pod.png\" \/>\n\t<meta property=\"og:image:width\" content=\"1000\" \/>\n\t<meta property=\"og:image:height\" content=\"1000\" \/>\n\t<meta property=\"og:image:type\" content=\"image\/png\" \/>\n<meta name=\"twitter:card\" content=\"summary_large_image\" \/>\n<meta name=\"twitter:label1\" content=\"Dur\u00e9e de lecture estim\u00e9e\" \/>\n\t<meta name=\"twitter:data1\" content=\"3 minutes\" \/>\n<script type=\"application\/ld+json\" class=\"yoast-schema-graph\">{\"@context\":\"https:\\\/\\\/schema.org\",\"@graph\":[{\"@type\":\"WebPage\",\"@id\":\"https:\\\/\\\/thelyflabs.com\\\/product\\\/vaper-stv-space-vape-gelato-2ml-sativanolstv\",\"url\":\"https:\\\/\\\/thelyflabs.com\\\/product\\\/vaper-stv-space-vape-gelato-2ml-sativanolstv\",\"name\":\"Vaper STV - Space Vape Gelato 2ml (Sativanol) - THE LYF LABS\",\"isPartOf\":{\"@id\":\"https:\\\/\\\/thelyflabs.com\\\/#website\"},\"primaryImageOfPage\":{\"@id\":\"https:\\\/\\\/thelyflabs.com\\\/product\\\/vaper-stv-space-vape-gelato-2ml-sativanolstv#primaryimage\"},\"image\":{\"@id\":\"https:\\\/\\\/thelyflabs.com\\\/product\\\/vaper-stv-space-vape-gelato-2ml-sativanolstv#primaryimage\"},\"thumbnailUrl\":\"https:\\\/\\\/thelyflabs.com\\\/wp-content\\\/uploads\\\/2026\\\/03\\\/Mockup-gelato-der-pod.png\",\"datePublished\":\"2025-04-27T00:48:12+00:00\",\"dateModified\":\"2026-03-20T10:22:33+00:00\",\"description\":\"Vaper desechable Space Vape sabor Gelato con STV, CBD 40% y CBG 30%. Terpenos naturales, sin THC ni nicotina. Precio exclusivo para tiendas y mayoristas.\",\"breadcrumb\":{\"@id\":\"https:\\\/\\\/thelyflabs.com\\\/product\\\/vaper-stv-space-vape-gelato-2ml-sativanolstv#breadcrumb\"},\"inLanguage\":\"fr-FR\",\"potentialAction\":[{\"@type\":\"ReadAction\",\"target\":[\"https:\\\/\\\/thelyflabs.com\\\/product\\\/vaper-stv-space-vape-gelato-2ml-sativanolstv\"]}]},{\"@type\":\"ImageObject\",\"inLanguage\":\"fr-FR\",\"@id\":\"https:\\\/\\\/thelyflabs.com\\\/product\\\/vaper-stv-space-vape-gelato-2ml-sativanolstv#primaryimage\",\"url\":\"https:\\\/\\\/thelyflabs.com\\\/wp-content\\\/uploads\\\/2026\\\/03\\\/Mockup-gelato-der-pod.png\",\"contentUrl\":\"https:\\\/\\\/thelyflabs.com\\\/wp-content\\\/uploads\\\/2026\\\/03\\\/Mockup-gelato-der-pod.png\",\"width\":1000,\"height\":1000,\"caption\":\"Caja m\u00e1s vaper naranja Gelato STV 2ml dcha\"},{\"@type\":\"BreadcrumbList\",\"@id\":\"https:\\\/\\\/thelyflabs.com\\\/product\\\/vaper-stv-space-vape-gelato-2ml-sativanolstv#breadcrumb\",\"itemListElement\":[{\"@type\":\"ListItem\",\"position\":1,\"name\":\"Portada\",\"item\":\"https:\\\/\\\/thelyflabs.com\\\/\"},{\"@type\":\"ListItem\",\"position\":2,\"name\":\"Tienda\",\"item\":\"https:\\\/\\\/thelyflabs.com\\\/tienda\"},{\"@type\":\"ListItem\",\"position\":3,\"name\":\"Vaper STV &#8211; Space Vape Gelato 2ml (Sativanol)\"}]},{\"@type\":\"WebSite\",\"@id\":\"https:\\\/\\\/thelyflabs.com\\\/#website\",\"url\":\"https:\\\/\\\/thelyflabs.com\\\/\",\"name\":\"The LYF Labs\",\"description\":\"CBD al por mayor\",\"publisher\":{\"@id\":\"https:\\\/\\\/thelyflabs.com\\\/#organization\"},\"potentialAction\":[{\"@type\":\"SearchAction\",\"target\":{\"@type\":\"EntryPoint\",\"urlTemplate\":\"https:\\\/\\\/thelyflabs.com\\\/?s={search_term_string}\"},\"query-input\":{\"@type\":\"PropertyValueSpecification\",\"valueRequired\":true,\"valueName\":\"search_term_string\"}}],\"inLanguage\":\"fr-FR\"},{\"@type\":\"Organization\",\"@id\":\"https:\\\/\\\/thelyflabs.com\\\/#organization\",\"name\":\"The LYF Labs\",\"url\":\"https:\\\/\\\/thelyflabs.com\\\/\",\"logo\":{\"@type\":\"ImageObject\",\"inLanguage\":\"fr-FR\",\"@id\":\"https:\\\/\\\/thelyflabs.com\\\/#\\\/schema\\\/logo\\\/image\\\/\",\"url\":\"https:\\\/\\\/thelyflabs.com\\\/wp-content\\\/uploads\\\/2023\\\/01\\\/cropped-LogoTheLYFLabs.png\",\"contentUrl\":\"https:\\\/\\\/thelyflabs.com\\\/wp-content\\\/uploads\\\/2023\\\/01\\\/cropped-LogoTheLYFLabs.png\",\"width\":600,\"height\":180,\"caption\":\"The LYF Labs\"},\"image\":{\"@id\":\"https:\\\/\\\/thelyflabs.com\\\/#\\\/schema\\\/logo\\\/image\\\/\"}}]}<\/script>\n<!-- \/ Yoast SEO plugin. -->","yoast_head_json":{"title":"Vaper STV - Space Vape Gelato 2ml (Sativanol) - THE LYF LABS","description":"Vaper desechable Space Vape sabor Gelato con STV, CBD 40% y CBG 30%. Terpenos naturales, sin THC ni nicotina. Precio exclusivo para tiendas y mayoristas.","robots":{"index":"index","follow":"follow","max-snippet":"max-snippet:-1","max-image-preview":"max-image-preview:large","max-video-preview":"max-video-preview:-1"},"canonical":"https:\/\/thelyflabs.com\/fr\/product\/vaper-stv-space-vape-gelato-2ml-sativanolstv\/","og_locale":"fr_FR","og_type":"article","og_title":"Vaper STV - Space Vape Gelato 2ml (Sativanol) - THE LYF LABS","og_description":"Vaper desechable Space Vape sabor Gelato con STV, CBD 40% y CBG 30%. Terpenos naturales, sin THC ni nicotina. Precio exclusivo para tiendas y mayoristas.","og_url":"https:\/\/thelyflabs.com\/fr\/product\/vaper-stv-space-vape-gelato-2ml-sativanolstv\/","og_site_name":"THE LYF LABS","article_modified_time":"2026-03-20T10:22:33+00:00","og_image":[{"width":1000,"height":1000,"url":"https:\/\/thelyflabs.com\/wp-content\/uploads\/2026\/03\/Mockup-gelato-der-pod.png","type":"image\/png"}],"twitter_card":"summary_large_image","twitter_misc":{"Dur\u00e9e de lecture estim\u00e9e":"3 minutes"},"schema":{"@context":"https:\/\/schema.org","@graph":[{"@type":"WebPage","@id":"https:\/\/thelyflabs.com\/product\/vaper-stv-space-vape-gelato-2ml-sativanolstv","url":"https:\/\/thelyflabs.com\/product\/vaper-stv-space-vape-gelato-2ml-sativanolstv","name":"Vaper STV - Space Vape Gelato 2ml (Sativanol) - THE LYF LABS","isPartOf":{"@id":"https:\/\/thelyflabs.com\/#website"},"primaryImageOfPage":{"@id":"https:\/\/thelyflabs.com\/product\/vaper-stv-space-vape-gelato-2ml-sativanolstv#primaryimage"},"image":{"@id":"https:\/\/thelyflabs.com\/product\/vaper-stv-space-vape-gelato-2ml-sativanolstv#primaryimage"},"thumbnailUrl":"https:\/\/thelyflabs.com\/wp-content\/uploads\/2026\/03\/Mockup-gelato-der-pod.png","datePublished":"2025-04-27T00:48:12+00:00","dateModified":"2026-03-20T10:22:33+00:00","description":"Vaper desechable Space Vape sabor Gelato con STV, CBD 40% y CBG 30%. Terpenos naturales, sin THC ni nicotina. Precio exclusivo para tiendas y mayoristas.","breadcrumb":{"@id":"https:\/\/thelyflabs.com\/product\/vaper-stv-space-vape-gelato-2ml-sativanolstv#breadcrumb"},"inLanguage":"fr-FR","potentialAction":[{"@type":"ReadAction","target":["https:\/\/thelyflabs.com\/product\/vaper-stv-space-vape-gelato-2ml-sativanolstv"]}]},{"@type":"ImageObject","inLanguage":"fr-FR","@id":"https:\/\/thelyflabs.com\/product\/vaper-stv-space-vape-gelato-2ml-sativanolstv#primaryimage","url":"https:\/\/thelyflabs.com\/wp-content\/uploads\/2026\/03\/Mockup-gelato-der-pod.png","contentUrl":"https:\/\/thelyflabs.com\/wp-content\/uploads\/2026\/03\/Mockup-gelato-der-pod.png","width":1000,"height":1000,"caption":"Caja m\u00e1s vaper naranja Gelato STV 2ml dcha"},{"@type":"BreadcrumbList","@id":"https:\/\/thelyflabs.com\/product\/vaper-stv-space-vape-gelato-2ml-sativanolstv#breadcrumb","itemListElement":[{"@type":"ListItem","position":1,"name":"Portada","item":"https:\/\/thelyflabs.com\/"},{"@type":"ListItem","position":2,"name":"Tienda","item":"https:\/\/thelyflabs.com\/tienda"},{"@type":"ListItem","position":3,"name":"Vaper STV &#8211; Space Vape Gelato 2ml (Sativanol)"}]},{"@type":"WebSite","@id":"https:\/\/thelyflabs.com\/#website","url":"https:\/\/thelyflabs.com\/","name":"Les laboratoires LYF","description":"Vente en gros de CBD","publisher":{"@id":"https:\/\/thelyflabs.com\/#organization"},"potentialAction":[{"@type":"SearchAction","target":{"@type":"EntryPoint","urlTemplate":"https:\/\/thelyflabs.com\/?s={search_term_string}"},"query-input":{"@type":"PropertyValueSpecification","valueRequired":true,"valueName":"search_term_string"}}],"inLanguage":"fr-FR"},{"@type":"Organization","@id":"https:\/\/thelyflabs.com\/#organization","name":"Les laboratoires LYF","url":"https:\/\/thelyflabs.com\/","logo":{"@type":"ImageObject","inLanguage":"fr-FR","@id":"https:\/\/thelyflabs.com\/#\/schema\/logo\/image\/","url":"https:\/\/thelyflabs.com\/wp-content\/uploads\/2023\/01\/cropped-LogoTheLYFLabs.png","contentUrl":"https:\/\/thelyflabs.com\/wp-content\/uploads\/2023\/01\/cropped-LogoTheLYFLabs.png","width":600,"height":180,"caption":"The LYF Labs"},"image":{"@id":"https:\/\/thelyflabs.com\/#\/schema\/logo\/image\/"}}]}},"_links":{"self":[{"href":"https:\/\/thelyflabs.com\/fr\/wp-json\/wp\/v2\/product\/11589","targetHints":{"allow":["GET"]}}],"collection":[{"href":"https:\/\/thelyflabs.com\/fr\/wp-json\/wp\/v2\/product"}],"about":[{"href":"https:\/\/thelyflabs.com\/fr\/wp-json\/wp\/v2\/types\/product"}],"replies":[{"embeddable":true,"href":"https:\/\/thelyflabs.com\/fr\/wp-json\/wp\/v2\/comments?post=11589"}],"wp:featuredmedia":[{"embeddable":true,"href":"https:\/\/thelyflabs.com\/fr\/wp-json\/wp\/v2\/media\/16963"}],"wp:attachment":[{"href":"https:\/\/thelyflabs.com\/fr\/wp-json\/wp\/v2\/media?parent=11589"}],"wp:term":[{"taxonomy":"product_brand","embeddable":true,"href":"https:\/\/thelyflabs.com\/fr\/wp-json\/wp\/v2\/product_brand?post=11589"},{"taxonomy":"product_cat","embeddable":true,"href":"https:\/\/thelyflabs.com\/fr\/wp-json\/wp\/v2\/product_cat?post=11589"},{"taxonomy":"product_tag","embeddable":true,"href":"https:\/\/thelyflabs.com\/fr\/wp-json\/wp\/v2\/product_tag?post=11589"}],"curies":[{"name":"wp","href":"https:\/\/api.w.org\/{rel}","templated":true}]}}