{"id":11853,"date":"2025-05-12T21:41:26","date_gmt":"2025-05-12T19:41:26","guid":{"rendered":"https:\/\/thelyflabs.com\/?post_type=product&#038;p=11853"},"modified":"2026-03-20T11:10:30","modified_gmt":"2026-03-20T10:10:30","slug":"vaper-10-oh-90-space-vape-gorilla-glue-2ml","status":"publish","type":"product","link":"https:\/\/thelyflabs.com\/fr\/product\/vaper-10-oh-90-space-vape-gorilla-glue-2ml","title":{"rendered":"Vaper 10-OH 90% Space Vape Gorilla Glue 2 ml"},"content":{"rendered":"<h3><strong>Vaper Space, cigarette \u00e9lectronique jetable au go\u00fbt de colle Gorilla Glue 10-OH 90%<\/strong><\/h3>\n<p>Offrez \u00e0 vos clients le stylo vape Gorilla Glue Space Vape 10-OH 90% et restez \u00e0 l&#039;avant-garde de la tendance du CBD l\u00e9gal. Ce stylo vape jetable est une alternative au CBD, contenant une mol\u00e9cule 90% de la nouvelle mol\u00e9cule 10-OH pour un effet relaxant. Son go\u00fbt intense et terreux, sans THC, nicotine ni agents de coupe, en fait un incontournable pour votre magasin.<\/p>\n<p>&nbsp;<\/p>\n<h4><strong>Qu&#039;est-ce que 10-OH ?<\/strong><\/h4>\n<p>Le 10-hydroxy est une mol\u00e9cule extraite de la plante de chanvre, qui est cr\u00e9\u00e9e lors de l&#039;oxydation du HHC par les enzymes h\u00e9patiques. Il a \u00e9t\u00e9 d\u00e9couvert dans les ann\u00e9es 1980, mais n&#039;a \u00e9t\u00e9 isol\u00e9 qu&#039;en 2015, gr\u00e2ce \u00e0 l&#039;extraction et \u00e0 l&#039;oxydation ult\u00e9rieure de l&#039;hexahydrocannabinol.<\/p>\n<p>Les espoirs initiaux plac\u00e9s dans ce d\u00e9riv\u00e9 r\u00e9sidaient dans une plus grande biodisponibilit\u00e9 (c\u2019est-\u00e0-dire une meilleure assimilation par l\u2019organisme) et un plus grand potentiel th\u00e9rapeutique.<\/p>\n<p>Cette mol\u00e9cule suscite encore aujourd\u2019hui des controverses quant \u00e0 ses effets. A priori, ce cannabino\u00efde interagirait particuli\u00e8rement avec le\u00a0\u00a0<strong>R\u00e9cepteurs CB1 et CB2 du syst\u00e8me endocannabino\u00efde\u00a0<\/strong>\u00a0du corps humain, mais aurait des actions similaires \u00e0 celles du THC.<\/p>\n<p>Les informations dont nous disposons sur le 10 OH sont bas\u00e9es sur des recherches insuffisantes, ainsi que sur des hypoth\u00e8ses et des exp\u00e9riences de consommateurs. Rappelons que le HHC, dont il est extrait, est interdit en France depuis 2023.<\/p>\n<h4>Pol\u00e9mique autour du 10 OH<\/h4>\n<p>Selon l&#039;ANSM, des \u00e9tudes ont montr\u00e9 que la structure chimique du HHC est similaire \u00e0 celle du delta 9 THC, qui est class\u00e9 comme stup\u00e9fiant. Le 10 OH HHC \u00e9tant un d\u00e9riv\u00e9 du HHC, la question de la l\u00e9galit\u00e9 de cette mol\u00e9cule se pose.<\/p>\n<p>Pour rappel, les produits vendus en France doivent avoir un taux de THC inf\u00e9rieur \u00e0 0,3 % pour \u00eatre l\u00e9gaux. Si les effets du 10-OH sont similaires, sa commercialisation devrait logiquement \u00eatre interdite prochainement.<\/p>\n<h4>Diff\u00e9rences entre le 10 OH et les autres mol\u00e9cules cannabino\u00efdes<\/h4>\n<p>Les mol\u00e9cules cannabino\u00efdes extraites de la plante de chanvre pr\u00e9sentent souvent des similitudes, mais leur diff\u00e9rence de structure chimique leur conf\u00e8re des diff\u00e9rences.<\/p>\n<p>Le 10 OH et le CBD sont deux mol\u00e9cules aux effets anti-inflammatoires et analg\u00e9siques, mais la premi\u00e8re a\u00a0 <strong>effets psychoactifs pouvant alt\u00e9rer la perception de la r\u00e9alit\u00e9<\/strong>\u00a0, contrairement au CBD.<\/p>\n<p>Si l\u2019on compare cette mol\u00e9cule au THC, ses effets psychoactifs sont similaires, mais sont att\u00e9nu\u00e9s par certains effets secondaires comme la parano\u00efa ou l\u2019anxi\u00e9t\u00e9. Par cons\u00e9quent, l\u2019exp\u00e9rience de consommation de 10-OH est plus l\u00e9g\u00e8re.<\/p>\n<h4><strong>Qu&#039;est-ce qu&#039;une vape jetable ?<\/strong><\/h4>\n<p>Les vapes jetables, aussi appel\u00e9es pods jetables, vaporisateurs jetables ou cigarettes \u00e9lectroniques, sont des dispositifs de vapotage de type \u00ab stylo \u00bb tr\u00e8s pratiques, dot\u00e9s d&#039;une batterie int\u00e9gr\u00e9e et d&#039;un r\u00e9servoir pour le liquide. Ni la batterie ni le liquide ne n\u00e9cessitent d&#039;\u00eatre recharg\u00e9s. Ces appareils sont con\u00e7us pour produire un nombre pr\u00e9cis de bouff\u00e9es, g\u00e9n\u00e9ralement indiqu\u00e9 sur l&#039;ext\u00e9rieur du produit.<\/p>\n<h4><strong>Est-ce que Space Vape 10-OH vous fait planer ?<\/strong><\/h4>\n<p>Tout comme le THC, le 10-OH procure \u00e0 de nombreuses personnes une sensation agr\u00e9able. Certaines personnes rapportent des effets similaires \u00e0 ceux des produits conventionnels \u00e0 base de THC, mais les donn\u00e9es sont insuffisantes pour en \u00eatre certaine. Il n&#039;existe pas non plus suffisamment de donn\u00e9es pour d\u00e9terminer si la prise de 10-OH peut entra\u00eener des effets secondaires n\u00e9gatifs, voire \u00e0 long terme.<\/p>\n<div class=\"ewd-ufaq-faq-body\">\n<p>Cependant, conform\u00e9ment \u00e0 la l\u00e9gislation en vigueur en Espagne, nous n&#039;encourageons en aucun cas l&#039;utilisation ou l&#039;ingestion des substances mentionn\u00e9es ci-dessus. Ne conduisez pas de v\u00e9hicules \u00e0 moteur et n\u2019utilisez pas de machines lourdes apr\u00e8s consommation.<br \/>\nDestin\u00e9 \u00e0 des fins industrielles, techniques et horticoles.<\/p>\n<p>Il s&#039;agit d&#039;un produit de collection. Pas pour la consommation directe ou le tabagisme.<\/p>\n<\/div>\n<p>Ce produit ne contient pas de cannabino\u00efdes inclus dans l&#039;annexe 1 du d\u00e9cret royal 2829\/1977, mis \u00e0 jour par l&#039;arr\u00eat\u00e9 SND\/380\/2025, du 14 avril, ni de substances contr\u00f4l\u00e9es par la Convention unique sur les stup\u00e9fiants de 1961 et la Convention sur les substances psychotropes de 1971.<\/p>","protected":false},"excerpt":{"rendered":"<h4>10-OH Space Vape Gorilla Glue Vape jetable<\/h4>\n<p>Contient du 10-OH et l&#039;ar\u00f4me de la vari\u00e9t\u00e9 de cannabis Gorilla Glue.<\/p>\n<h5><strong>Caract\u00e9ristiques<\/strong><\/h5>\n<ul>\n<li>Dimensions : 105 mm x 24 mm x 11,2 mm<\/li>\n<li>Batterie : 380 mAh<\/li>\n<li>Capacit\u00e9 : 2 ml<\/li>\n<li>Bouff\u00e9es : jusqu&#039;\u00e0 600<\/li>\n<li>Terp\u00e8nes naturels de haute qualit\u00e9<\/li>\n<li>10-OH : 90%<\/li>\n<li>THC\u00a0: 0%<\/li>\n<li>HHC: 0%<\/li>\n<li>THC-P : 0%<\/li>\n<li>Nicotine\u00a0: 0%<\/li>\n<li>Ne contient pas de VG, PG, PEG, MCT ou tout autre agent de coupe<\/li>\n<\/ul>\n<p>Tous nos produits sont issus de chanvre industriel certifi\u00e9. Ils contiennent moins de 0,31 TP3T de THC et sont exempts de cannabino\u00efdes ill\u00e9gaux tels que le HHC, le HHC-P, le THCP, le THCP-O, le H4CBD ou leurs d\u00e9riv\u00e9s. Vous pouvez consulter <a href=\"https:\/\/iguanasmoke.com\/analiticas\/\" target=\"_blank\" rel=\"noopener\">Certificat d&#039;analyse ici.<\/a><\/p>","protected":false},"featured_media":17063,"comment_status":"open","ping_status":"closed","template":"","meta":{"_acf_changed":false,"site-sidebar-layout":"default","site-content-layout":"","ast-site-content-layout":"default","site-content-style":"default","site-sidebar-style":"default","ast-global-header-display":"","ast-banner-title-visibility":"","ast-main-header-display":"","ast-hfb-above-header-display":"","ast-hfb-below-header-display":"","ast-hfb-mobile-header-display":"","site-post-title":"","ast-breadcrumbs-content":"","ast-featured-img":"","footer-sml-layout":"","theme-transparent-header-meta":"default","adv-header-id-meta":"","stick-header-meta":"","header-above-stick-meta":"","header-main-stick-meta":"","header-below-stick-meta":"","astra-migrate-meta-layouts":"set","ast-page-background-enabled":"default","ast-page-background-meta":{"desktop":{"background-color":"var(--ast-global-color-4)","background-image":"","background-repeat":"repeat","background-position":"center center","background-size":"auto","background-attachment":"scroll","background-type":"","background-media":"","overlay-type":"","overlay-color":"","overlay-opacity":"","overlay-gradient":""},"tablet":{"background-color":"","background-image":"","background-repeat":"repeat","background-position":"center center","background-size":"auto","background-attachment":"scroll","background-type":"","background-media":"","overlay-type":"","overlay-color":"","overlay-opacity":"","overlay-gradient":""},"mobile":{"background-color":"","background-image":"","background-repeat":"repeat","background-position":"center center","background-size":"auto","background-attachment":"scroll","background-type":"","background-media":"","overlay-type":"","overlay-color":"","overlay-opacity":"","overlay-gradient":""}},"ast-content-background-meta":{"desktop":{"background-color":"var(--ast-global-color-5)","background-image":"","background-repeat":"repeat","background-position":"center center","background-size":"auto","background-attachment":"scroll","background-type":"","background-media":"","overlay-type":"","overlay-color":"","overlay-opacity":"","overlay-gradient":""},"tablet":{"background-color":"var(--ast-global-color-5)","background-image":"","background-repeat":"repeat","background-position":"center center","background-size":"auto","background-attachment":"scroll","background-type":"","background-media":"","overlay-type":"","overlay-color":"","overlay-opacity":"","overlay-gradient":""},"mobile":{"background-color":"var(--ast-global-color-5)","background-image":"","background-repeat":"repeat","background-position":"center center","background-size":"auto","background-attachment":"scroll","background-type":"","background-media":"","overlay-type":"","overlay-color":"","overlay-opacity":"","overlay-gradient":""}}},"product_brand":[],"product_cat":[140,146],"product_tag":[],"class_list":{"0":"post-11853","1":"product","2":"type-product","3":"status-publish","4":"has-post-thumbnail","6":"product_cat-10oh","7":"product_cat-nuevas-moleculas","8":"desktop-align-center","9":"tablet-align-left","10":"mobile-align-left","12":"first","13":"instock","14":"taxable","15":"shipping-taxable","16":"purchasable","17":"product-type-simple"},"acf":[],"yoast_head":"<!-- This site is optimized with the Yoast SEO plugin v27.4 - https:\/\/yoast.com\/product\/yoast-seo-wordpress\/ -->\n<title>Vaper 10-OH 90% Space Vape Gorilla Glue 2ml - THE LYF LABS<\/title>\n<meta name=\"description\" content=\"Compra el Vaper 10-OH 90% Gorilla Glue Space Vape 1ml con descuento exclusivo para distribuidores y mayoristas. Mantente al d\u00eda con lo \u00faltimo en CBD legal.\" \/>\n<meta name=\"robots\" content=\"index, follow, max-snippet:-1, max-image-preview:large, max-video-preview:-1\" \/>\n<link rel=\"canonical\" href=\"https:\/\/thelyflabs.com\/fr\/product\/vaper-10-oh-90-space-vape-gorilla-glue-2ml\/\" \/>\n<meta property=\"og:locale\" content=\"fr_FR\" \/>\n<meta property=\"og:type\" content=\"article\" \/>\n<meta property=\"og:title\" content=\"Vaper 10-OH 90% Space Vape Gorilla Glue 2ml - THE LYF LABS\" \/>\n<meta property=\"og:description\" content=\"Compra el Vaper 10-OH 90% Gorilla Glue Space Vape 1ml con descuento exclusivo para distribuidores y mayoristas. Mantente al d\u00eda con lo \u00faltimo en CBD legal.\" \/>\n<meta property=\"og:url\" content=\"https:\/\/thelyflabs.com\/fr\/product\/vaper-10-oh-90-space-vape-gorilla-glue-2ml\/\" \/>\n<meta property=\"og:site_name\" content=\"THE LYF LABS\" \/>\n<meta property=\"article:modified_time\" content=\"2026-03-20T10:10:30+00:00\" \/>\n<meta property=\"og:image\" content=\"https:\/\/thelyflabs.com\/wp-content\/uploads\/2026\/03\/Mockup-10-OH-Gorilla-Glue-caja-y-pod-vde-der.webp\" \/>\n\t<meta property=\"og:image:width\" content=\"1000\" \/>\n\t<meta property=\"og:image:height\" content=\"1000\" \/>\n\t<meta property=\"og:image:type\" content=\"image\/webp\" \/>\n<meta name=\"twitter:card\" content=\"summary_large_image\" \/>\n<meta name=\"twitter:label1\" content=\"Dur\u00e9e de lecture estim\u00e9e\" \/>\n\t<meta name=\"twitter:data1\" content=\"4 minutes\" \/>\n<script type=\"application\/ld+json\" class=\"yoast-schema-graph\">{\"@context\":\"https:\\\/\\\/schema.org\",\"@graph\":[{\"@type\":\"WebPage\",\"@id\":\"https:\\\/\\\/thelyflabs.com\\\/product\\\/vaper-10-oh-90-space-vape-gorilla-glue-2ml\",\"url\":\"https:\\\/\\\/thelyflabs.com\\\/product\\\/vaper-10-oh-90-space-vape-gorilla-glue-2ml\",\"name\":\"Vaper 10-OH 90% Space Vape Gorilla Glue 2ml - THE LYF LABS\",\"isPartOf\":{\"@id\":\"https:\\\/\\\/thelyflabs.com\\\/#website\"},\"primaryImageOfPage\":{\"@id\":\"https:\\\/\\\/thelyflabs.com\\\/product\\\/vaper-10-oh-90-space-vape-gorilla-glue-2ml#primaryimage\"},\"image\":{\"@id\":\"https:\\\/\\\/thelyflabs.com\\\/product\\\/vaper-10-oh-90-space-vape-gorilla-glue-2ml#primaryimage\"},\"thumbnailUrl\":\"https:\\\/\\\/thelyflabs.com\\\/wp-content\\\/uploads\\\/2026\\\/03\\\/Mockup-10-OH-Gorilla-Glue-caja-y-pod-vde-der.webp\",\"datePublished\":\"2025-05-12T19:41:26+00:00\",\"dateModified\":\"2026-03-20T10:10:30+00:00\",\"description\":\"Compra el Vaper 10-OH 90% Gorilla Glue Space Vape 1ml con descuento exclusivo para distribuidores y mayoristas. Mantente al d\u00eda con lo \u00faltimo en CBD legal.\",\"breadcrumb\":{\"@id\":\"https:\\\/\\\/thelyflabs.com\\\/product\\\/vaper-10-oh-90-space-vape-gorilla-glue-2ml#breadcrumb\"},\"inLanguage\":\"fr-FR\",\"potentialAction\":[{\"@type\":\"ReadAction\",\"target\":[\"https:\\\/\\\/thelyflabs.com\\\/product\\\/vaper-10-oh-90-space-vape-gorilla-glue-2ml\"]}]},{\"@type\":\"ImageObject\",\"inLanguage\":\"fr-FR\",\"@id\":\"https:\\\/\\\/thelyflabs.com\\\/product\\\/vaper-10-oh-90-space-vape-gorilla-glue-2ml#primaryimage\",\"url\":\"https:\\\/\\\/thelyflabs.com\\\/wp-content\\\/uploads\\\/2026\\\/03\\\/Mockup-10-OH-Gorilla-Glue-caja-y-pod-vde-der.webp\",\"contentUrl\":\"https:\\\/\\\/thelyflabs.com\\\/wp-content\\\/uploads\\\/2026\\\/03\\\/Mockup-10-OH-Gorilla-Glue-caja-y-pod-vde-der.webp\",\"width\":1000,\"height\":1000,\"caption\":\"Caja m\u00e1s vaper verde Gorilla Glue 10-OH 2ml dcha\"},{\"@type\":\"BreadcrumbList\",\"@id\":\"https:\\\/\\\/thelyflabs.com\\\/product\\\/vaper-10-oh-90-space-vape-gorilla-glue-2ml#breadcrumb\",\"itemListElement\":[{\"@type\":\"ListItem\",\"position\":1,\"name\":\"Portada\",\"item\":\"https:\\\/\\\/thelyflabs.com\\\/\"},{\"@type\":\"ListItem\",\"position\":2,\"name\":\"Tienda\",\"item\":\"https:\\\/\\\/thelyflabs.com\\\/tienda\"},{\"@type\":\"ListItem\",\"position\":3,\"name\":\"Vaper 10-OH 90% Space Vape Gorilla Glue 2ml\"}]},{\"@type\":\"WebSite\",\"@id\":\"https:\\\/\\\/thelyflabs.com\\\/#website\",\"url\":\"https:\\\/\\\/thelyflabs.com\\\/\",\"name\":\"The LYF Labs\",\"description\":\"CBD al por mayor\",\"publisher\":{\"@id\":\"https:\\\/\\\/thelyflabs.com\\\/#organization\"},\"potentialAction\":[{\"@type\":\"SearchAction\",\"target\":{\"@type\":\"EntryPoint\",\"urlTemplate\":\"https:\\\/\\\/thelyflabs.com\\\/?s={search_term_string}\"},\"query-input\":{\"@type\":\"PropertyValueSpecification\",\"valueRequired\":true,\"valueName\":\"search_term_string\"}}],\"inLanguage\":\"fr-FR\"},{\"@type\":\"Organization\",\"@id\":\"https:\\\/\\\/thelyflabs.com\\\/#organization\",\"name\":\"The LYF Labs\",\"url\":\"https:\\\/\\\/thelyflabs.com\\\/\",\"logo\":{\"@type\":\"ImageObject\",\"inLanguage\":\"fr-FR\",\"@id\":\"https:\\\/\\\/thelyflabs.com\\\/#\\\/schema\\\/logo\\\/image\\\/\",\"url\":\"https:\\\/\\\/thelyflabs.com\\\/wp-content\\\/uploads\\\/2023\\\/01\\\/cropped-LogoTheLYFLabs.png\",\"contentUrl\":\"https:\\\/\\\/thelyflabs.com\\\/wp-content\\\/uploads\\\/2023\\\/01\\\/cropped-LogoTheLYFLabs.png\",\"width\":600,\"height\":180,\"caption\":\"The LYF Labs\"},\"image\":{\"@id\":\"https:\\\/\\\/thelyflabs.com\\\/#\\\/schema\\\/logo\\\/image\\\/\"}}]}<\/script>\n<!-- \/ Yoast SEO plugin. -->","yoast_head_json":{"title":"Vaper 10-OH 90% Space Vape Gorilla Glue 2ml - THE LYF LABS","description":"Compra el Vaper 10-OH 90% Gorilla Glue Space Vape 1ml con descuento exclusivo para distribuidores y mayoristas. Mantente al d\u00eda con lo \u00faltimo en CBD legal.","robots":{"index":"index","follow":"follow","max-snippet":"max-snippet:-1","max-image-preview":"max-image-preview:large","max-video-preview":"max-video-preview:-1"},"canonical":"https:\/\/thelyflabs.com\/fr\/product\/vaper-10-oh-90-space-vape-gorilla-glue-2ml\/","og_locale":"fr_FR","og_type":"article","og_title":"Vaper 10-OH 90% Space Vape Gorilla Glue 2ml - THE LYF LABS","og_description":"Compra el Vaper 10-OH 90% Gorilla Glue Space Vape 1ml con descuento exclusivo para distribuidores y mayoristas. Mantente al d\u00eda con lo \u00faltimo en CBD legal.","og_url":"https:\/\/thelyflabs.com\/fr\/product\/vaper-10-oh-90-space-vape-gorilla-glue-2ml\/","og_site_name":"THE LYF LABS","article_modified_time":"2026-03-20T10:10:30+00:00","og_image":[{"width":1000,"height":1000,"url":"https:\/\/thelyflabs.com\/wp-content\/uploads\/2026\/03\/Mockup-10-OH-Gorilla-Glue-caja-y-pod-vde-der.webp","type":"image\/webp"}],"twitter_card":"summary_large_image","twitter_misc":{"Dur\u00e9e de lecture estim\u00e9e":"4 minutes"},"schema":{"@context":"https:\/\/schema.org","@graph":[{"@type":"WebPage","@id":"https:\/\/thelyflabs.com\/product\/vaper-10-oh-90-space-vape-gorilla-glue-2ml","url":"https:\/\/thelyflabs.com\/product\/vaper-10-oh-90-space-vape-gorilla-glue-2ml","name":"Vaper 10-OH 90% Space Vape Gorilla Glue 2ml - THE LYF LABS","isPartOf":{"@id":"https:\/\/thelyflabs.com\/#website"},"primaryImageOfPage":{"@id":"https:\/\/thelyflabs.com\/product\/vaper-10-oh-90-space-vape-gorilla-glue-2ml#primaryimage"},"image":{"@id":"https:\/\/thelyflabs.com\/product\/vaper-10-oh-90-space-vape-gorilla-glue-2ml#primaryimage"},"thumbnailUrl":"https:\/\/thelyflabs.com\/wp-content\/uploads\/2026\/03\/Mockup-10-OH-Gorilla-Glue-caja-y-pod-vde-der.webp","datePublished":"2025-05-12T19:41:26+00:00","dateModified":"2026-03-20T10:10:30+00:00","description":"Compra el Vaper 10-OH 90% Gorilla Glue Space Vape 1ml con descuento exclusivo para distribuidores y mayoristas. Mantente al d\u00eda con lo \u00faltimo en CBD legal.","breadcrumb":{"@id":"https:\/\/thelyflabs.com\/product\/vaper-10-oh-90-space-vape-gorilla-glue-2ml#breadcrumb"},"inLanguage":"fr-FR","potentialAction":[{"@type":"ReadAction","target":["https:\/\/thelyflabs.com\/product\/vaper-10-oh-90-space-vape-gorilla-glue-2ml"]}]},{"@type":"ImageObject","inLanguage":"fr-FR","@id":"https:\/\/thelyflabs.com\/product\/vaper-10-oh-90-space-vape-gorilla-glue-2ml#primaryimage","url":"https:\/\/thelyflabs.com\/wp-content\/uploads\/2026\/03\/Mockup-10-OH-Gorilla-Glue-caja-y-pod-vde-der.webp","contentUrl":"https:\/\/thelyflabs.com\/wp-content\/uploads\/2026\/03\/Mockup-10-OH-Gorilla-Glue-caja-y-pod-vde-der.webp","width":1000,"height":1000,"caption":"Caja m\u00e1s vaper verde Gorilla Glue 10-OH 2ml dcha"},{"@type":"BreadcrumbList","@id":"https:\/\/thelyflabs.com\/product\/vaper-10-oh-90-space-vape-gorilla-glue-2ml#breadcrumb","itemListElement":[{"@type":"ListItem","position":1,"name":"Portada","item":"https:\/\/thelyflabs.com\/"},{"@type":"ListItem","position":2,"name":"Tienda","item":"https:\/\/thelyflabs.com\/tienda"},{"@type":"ListItem","position":3,"name":"Vaper 10-OH 90% Space Vape Gorilla Glue 2ml"}]},{"@type":"WebSite","@id":"https:\/\/thelyflabs.com\/#website","url":"https:\/\/thelyflabs.com\/","name":"Les laboratoires LYF","description":"Vente en gros de CBD","publisher":{"@id":"https:\/\/thelyflabs.com\/#organization"},"potentialAction":[{"@type":"SearchAction","target":{"@type":"EntryPoint","urlTemplate":"https:\/\/thelyflabs.com\/?s={search_term_string}"},"query-input":{"@type":"PropertyValueSpecification","valueRequired":true,"valueName":"search_term_string"}}],"inLanguage":"fr-FR"},{"@type":"Organization","@id":"https:\/\/thelyflabs.com\/#organization","name":"Les laboratoires LYF","url":"https:\/\/thelyflabs.com\/","logo":{"@type":"ImageObject","inLanguage":"fr-FR","@id":"https:\/\/thelyflabs.com\/#\/schema\/logo\/image\/","url":"https:\/\/thelyflabs.com\/wp-content\/uploads\/2023\/01\/cropped-LogoTheLYFLabs.png","contentUrl":"https:\/\/thelyflabs.com\/wp-content\/uploads\/2023\/01\/cropped-LogoTheLYFLabs.png","width":600,"height":180,"caption":"The LYF Labs"},"image":{"@id":"https:\/\/thelyflabs.com\/#\/schema\/logo\/image\/"}}]}},"_links":{"self":[{"href":"https:\/\/thelyflabs.com\/fr\/wp-json\/wp\/v2\/product\/11853","targetHints":{"allow":["GET"]}}],"collection":[{"href":"https:\/\/thelyflabs.com\/fr\/wp-json\/wp\/v2\/product"}],"about":[{"href":"https:\/\/thelyflabs.com\/fr\/wp-json\/wp\/v2\/types\/product"}],"replies":[{"embeddable":true,"href":"https:\/\/thelyflabs.com\/fr\/wp-json\/wp\/v2\/comments?post=11853"}],"wp:featuredmedia":[{"embeddable":true,"href":"https:\/\/thelyflabs.com\/fr\/wp-json\/wp\/v2\/media\/17063"}],"wp:attachment":[{"href":"https:\/\/thelyflabs.com\/fr\/wp-json\/wp\/v2\/media?parent=11853"}],"wp:term":[{"taxonomy":"product_brand","embeddable":true,"href":"https:\/\/thelyflabs.com\/fr\/wp-json\/wp\/v2\/product_brand?post=11853"},{"taxonomy":"product_cat","embeddable":true,"href":"https:\/\/thelyflabs.com\/fr\/wp-json\/wp\/v2\/product_cat?post=11853"},{"taxonomy":"product_tag","embeddable":true,"href":"https:\/\/thelyflabs.com\/fr\/wp-json\/wp\/v2\/product_tag?post=11853"}],"curies":[{"name":"wp","href":"https:\/\/api.w.org\/{rel}","templated":true}]}}