{"id":11937,"date":"2025-05-13T23:53:05","date_gmt":"2025-05-13T21:53:05","guid":{"rendered":"https:\/\/thelyflabs.com\/?post_type=product&#038;p=11937"},"modified":"2026-04-16T11:15:02","modified_gmt":"2026-04-16T09:15:02","slug":"cartucho-desechable-stv-sativanol-mango","status":"publish","type":"product","link":"https:\/\/thelyflabs.com\/fr\/product\/cartucho-desechable-stv-sativanol-mango","title":{"rendered":"Cartouche jetable STV Sativanol \u2013 Mangue"},"content":{"rendered":"<h1 class=\"\" data-start=\"302\" data-end=\"345\">Cartouche jetable STV Sativanol \u2013 Mangue<\/h1>\n<p class=\"\" data-start=\"347\" data-end=\"509\"><strong data-start=\"347\" data-end=\"509\">Sucr\u00e9, juteux et avec un effet notable. Essayez la saveur STV Sativanol Mango et transformez votre routine \u00e0 chaque bouff\u00e9e. Uniquement chez Iguana Smoke, votre boutique chill.<\/strong><\/p>\n<p class=\"\" data-start=\"511\" data-end=\"816\">Vous recherchez une cartouche de vape qui vous remontera le moral et vous remplira d&#039;un flux tropical ? Il <strong data-start=\"596\" data-end=\"621\">STV Sativanol \u2013 Mangue<\/strong> c&#039;est ton truc. Une capsule pr\u00e9-remplie avec le cannabino\u00efde le plus fonctionnel du moment et une saveur fruit\u00e9e qui ne passe pas inaper\u00e7ue. Chaque bouff\u00e9e vous donne de l&#039;\u00e9nergie, de la concentration et ce go\u00fbt sucr\u00e9 addictif.<\/p>\n<p class=\"\" data-start=\"818\" data-end=\"900\">Parfait pour ceux qui veulent une exp\u00e9rience propre, l\u00e9gale et brutalement savoureuse.<\/p>\n<h2 class=\"\" data-start=\"907\" data-end=\"932\">Qu&#039;est-ce que le STV Sativanol ?<\/h2>\n<p class=\"\" data-start=\"934\" data-end=\"1198\"><strong data-start=\"934\" data-end=\"953\">Sativanol (STV)<\/strong> Il s\u2019agit d\u2019un cannabino\u00efde semi-synth\u00e9tique de nouvelle g\u00e9n\u00e9ration d\u00e9riv\u00e9 du chanvre. Il ne contient pas de THC ni ses d\u00e9riv\u00e9s (HHC, THCP, etc.), mais son effet est comparable \u00e0 celui d&#039;une Sativa puissante : clart\u00e9 mentale, l\u00e9g\u00e8re euphorie et bien-\u00eatre sans le brouillard ni le blues.<\/p>\n<p class=\"\" data-start=\"1200\" data-end=\"1220\"><strong data-start=\"1200\" data-end=\"1220\">Avantages du STV :<\/strong><\/p>\n<ul data-start=\"1221\" data-end=\"1424\">\n<li class=\"\" data-start=\"1221\" data-end=\"1253\">\n<p class=\"\" data-start=\"1223\" data-end=\"1253\">Stimulation mentale et concentration.<\/p>\n<\/li>\n<li class=\"\" data-start=\"1254\" data-end=\"1298\">\n<p class=\"\" data-start=\"1256\" data-end=\"1298\">Ne g\u00e9n\u00e8re pas de tol\u00e9rance avec une utilisation fr\u00e9quente.<\/p>\n<\/li>\n<li class=\"\" data-start=\"1299\" data-end=\"1342\">\n<p class=\"\" data-start=\"1301\" data-end=\"1342\">Il ne vous laisse pas bloqu\u00e9 et ne provoque pas de somnolence.<\/p>\n<\/li>\n<li class=\"\" data-start=\"1343\" data-end=\"1375\">\n<p class=\"\" data-start=\"1345\" data-end=\"1375\">Effets longue dur\u00e9e (3-4 heures).<\/p>\n<\/li>\n<li class=\"\" data-start=\"1376\" data-end=\"1424\">\n<p class=\"\" data-start=\"1378\" data-end=\"1424\">100% l\u00e9gal et sans substances contr\u00f4l\u00e9es.<\/p>\n<\/li>\n<\/ul>\n<p class=\"\" data-start=\"1426\" data-end=\"1499\">Si vous aimez <strong data-start=\"1437\" data-end=\"1459\">acheter STV en ligne<\/strong>, c&#039;est la mani\u00e8re la plus riche de commencer.<\/p>\n<h2 class=\"\" data-start=\"1506\" data-end=\"1530\">Profil de saveur de mangue<\/h2>\n<p class=\"\" data-start=\"1532\" data-end=\"1699\">Il <strong data-start=\"1535\" data-end=\"1560\">Profil de saveur de mangue<\/strong> Il se caract\u00e9rise par son ar\u00f4me juteux, sucr\u00e9 et fruit\u00e9 avec une touche exotique qui donne \u00e0 chaque bouff\u00e9e l&#039;impression de mordre dans une mangue m\u00fbrie au soleil.<\/p>\n<p class=\"\" data-start=\"1701\" data-end=\"1736\"><strong data-start=\"1701\" data-end=\"1736\">Principaux terp\u00e8nes pr\u00e9sents :<\/strong><\/p>\n<ul data-start=\"1737\" data-end=\"1926\">\n<li class=\"\" data-start=\"1737\" data-end=\"1804\">\n<p class=\"\" data-start=\"1739\" data-end=\"1804\"><strong data-start=\"1739\" data-end=\"1750\">Myrc\u00e8ne<\/strong>: base fruit\u00e9e et herbac\u00e9e, \u00e0 l&#039;effet doux et enveloppant.<\/p>\n<\/li>\n<li class=\"\" data-start=\"1805\" data-end=\"1867\">\n<p class=\"\" data-start=\"1807\" data-end=\"1867\"><strong data-start=\"1807\" data-end=\"1819\">Limon\u00e8ne<\/strong>:agrumes et lumineux, aide \u00e0 l&#039;humeur.<\/p>\n<\/li>\n<li class=\"\" data-start=\"1868\" data-end=\"1926\">\n<p class=\"\" data-start=\"1870\" data-end=\"1926\"><strong data-start=\"1870\" data-end=\"1881\">Ocim\u00e8ne<\/strong>:floral, tropical, donne cette fra\u00eecheur suppl\u00e9mentaire.<\/p>\n<\/li>\n<\/ul>\n<p class=\"\" data-start=\"1928\" data-end=\"2033\">Le r\u00e9sultat : une vape fruit\u00e9e et savoureuse avec un effet mental doux mais stimulant. Parfait pour la journ\u00e9e.<\/p>\n<h2 class=\"\" data-start=\"2040\" data-end=\"2074\">Qu&#039;est-ce qu&#039;une cartouche jetable ?<\/h2>\n<p class=\"\" data-start=\"2076\" data-end=\"2288\">UN <strong data-start=\"2079\" data-end=\"2102\">cartouche jetable<\/strong> (\u00e9galement appel\u00e9 pod ou chariot) est un appareil pr\u00e9-rempli de liquide de vapotage. Il vous suffit d&#039;une batterie avec un filetage standard 510, de la brancher et le tour est jou\u00e9. Aucune recharge ni complication.<\/p>\n<p class=\"\" data-start=\"2290\" data-end=\"2349\"><strong data-start=\"2290\" data-end=\"2315\">STV Sativanol \u2013 Mangue<\/strong> Il est disponible en deux versions :<\/p>\n<ul data-start=\"2350\" data-end=\"2425\">\n<li class=\"\" data-start=\"2350\" data-end=\"2387\">\n<p class=\"\" data-start=\"2352\" data-end=\"2387\"><strong data-start=\"2352\" data-end=\"2360\">1 ml<\/strong> \u2013 Donne jusqu\u2019\u00e0 300 bouff\u00e9es.<\/p>\n<\/li>\n<li class=\"\" data-start=\"2388\" data-end=\"2425\">\n<p class=\"\" data-start=\"2390\" data-end=\"2425\"><strong data-start=\"2390\" data-end=\"2398\">2 ml<\/strong> \u2013 Donne jusqu\u2019\u00e0 600 bouff\u00e9es.<\/p>\n<\/li>\n<\/ul>\n<p class=\"\" data-start=\"2427\" data-end=\"2498\">Compact, propre et tr\u00e8s facile \u00e0 utiliser. Saveur brutale, aucun entretien.<\/p>\n<h2 class=\"\" data-start=\"2505\" data-end=\"2547\">Pourquoi acheter la cartouche STV Mango ?<\/h2>\n<p class=\"\" data-start=\"2549\" data-end=\"2769\">Parce que le <strong data-start=\"2559\" data-end=\"2572\">Vapeur STV<\/strong> C&#039;est le summum du vapotage l\u00e9gal. Effet puissant, saveur tropicale, z\u00e9ro THC et bonnes vibrations. Un choix id\u00e9al pour ceux qui recherchent performance, s\u00e9curit\u00e9 et sensations r\u00e9elles sans parano\u00efa ni somnolence.<\/p>\n<p class=\"\" data-start=\"2771\" data-end=\"2809\"><strong data-start=\"2771\" data-end=\"2809\">Avantages de la cartouche STV Mango :<\/strong><\/p>\n<ul data-start=\"2810\" data-end=\"3020\">\n<li class=\"\" data-start=\"2810\" data-end=\"2849\">\n<p class=\"\" data-start=\"2812\" data-end=\"2849\">Saveur de mangue premium, sucr\u00e9e et naturelle.<\/p>\n<\/li>\n<li class=\"\" data-start=\"2850\" data-end=\"2894\">\n<p class=\"\" data-start=\"2852\" data-end=\"2894\">Contient du STV : cannabino\u00efde l\u00e9gal, sans THC.<\/p>\n<\/li>\n<li class=\"\" data-start=\"2895\" data-end=\"2937\">\n<p class=\"\" data-start=\"2897\" data-end=\"2937\">Compatible avec les batteries universelles 510.<\/p>\n<\/li>\n<li class=\"\" data-start=\"2938\" data-end=\"2968\">\n<p class=\"\" data-start=\"2940\" data-end=\"2968\">Sans additifs ni solvants.<\/p>\n<\/li>\n<\/ul>\n<p class=\"\" data-start=\"3022\" data-end=\"3126\">Que vous soyez nouveau dans ce domaine ou que vous ne manquiez jamais une nouvelle version, cette cartouche est faite pour vous.<\/p>\n<h2 class=\"\" data-start=\"3133\" data-end=\"3162\">O\u00f9 acheter STV en ligne ?<\/h2>\n<p class=\"\" data-start=\"3164\" data-end=\"3291\">Dans <strong data-start=\"3167\" data-end=\"3183\">Fum\u00e9e d&#039;iguane<\/strong>, votre site de confiance pour <strong data-start=\"3212\" data-end=\"3243\">acheter une cartouche STV en ligne<\/strong>, avec des produits l\u00e9gaux, fonctionnels et savoureux.<\/p>\n<p class=\"\" data-start=\"3293\" data-end=\"3305\">Ici vous pouvez :<\/p>\n<ul data-start=\"3306\" data-end=\"3497\">\n<li class=\"\" data-start=\"3306\" data-end=\"3346\">\n<p class=\"\" data-start=\"3308\" data-end=\"3346\"><strong data-start=\"3308\" data-end=\"3345\">Achetez la vape STV au go\u00fbt de mangue<\/strong>.<\/p>\n<\/li>\n<li class=\"\" data-start=\"3347\" data-end=\"3398\">\n<p class=\"\" data-start=\"3349\" data-end=\"3398\"><strong data-start=\"3349\" data-end=\"3397\">Achetez des capsules de THC alternatives sans vrai THC<\/strong>.<\/p>\n<\/li>\n<li class=\"\" data-start=\"3399\" data-end=\"3444\">\n<p class=\"\" data-start=\"3401\" data-end=\"3444\"><strong data-start=\"3401\" data-end=\"3443\">Achetez des cartouches de THC fonctionnelles et l\u00e9gales<\/strong>.<\/p>\n<\/li>\n<li class=\"\" data-start=\"3445\" data-end=\"3497\">\n<p class=\"\" data-start=\"3447\" data-end=\"3497\">Explorez de nouvelles saveurs avec STV comme protagoniste.<\/p>\n<\/li>\n<\/ul>\n<p class=\"\" data-start=\"3499\" data-end=\"3570\">Avec une exp\u00e9dition rapide, un service client direct et un catalogue en constante \u00e9volution.<\/p>\n<h2 class=\"\" data-start=\"3577\" data-end=\"3633\">STV Mango : fruit\u00e9, fonctionnel et pour toutes les occasions<\/h2>\n<p class=\"\" data-start=\"3635\" data-end=\"3833\">Il <strong data-start=\"3638\" data-end=\"3660\">Cartouche STV Mango<\/strong> Il vous offre le meilleur des deux mondes : un high mental clair et un go\u00fbt qui vous met l&#039;eau \u00e0 la bouche. C&#039;est votre compagnon id\u00e9al pour les jours o\u00f9 vous avez besoin d&#039;\u00e9nergie et de fluidit\u00e9 sans complications.<\/p>\n<p class=\"\" data-start=\"3835\" data-end=\"3958\">Branchez-le, prenez une bouff\u00e9e et ressentez la fra\u00eecheur tropicale sur votre t\u00eate. Parce que si vous voulez vapoter, faites en sorte que ce soit savoureux, puissant et l\u00e9gal.<\/p>\n<hr class=\"\" data-start=\"3960\" data-end=\"3963\" \/>\n<p class=\"\" data-start=\"3965\" data-end=\"4047\"><strong data-start=\"3965\" data-end=\"4047\">Ce produit est un objet de collection. Ne convient pas \u00e0 la combustion ou \u00e0 la consommation directe.<\/strong><\/p>\n<p class=\"\" data-start=\"4049\" data-end=\"4187\"><strong data-start=\"4049\" data-end=\"4187\">Il ne contient pas de cannabino\u00efdes inclus dans l&#039;annexe I du d\u00e9cret royal 2829\/1977 ni de substances contr\u00f4l\u00e9es par des conventions internationales.<\/strong><\/p>","protected":false},"excerpt":{"rendered":"<h4>Cartouche jetable STV Sativanol \u2013 Mangue<\/h4>\n<h4><strong>Caract\u00e9ristiques<\/strong><\/h4>\n<ul>\n<li>Connexion : tapez 510<\/li>\n<li>Capacit\u00e9: <span style=\"font-size: 16px\">1 ml \/ 2 ml<\/span><\/li>\n<li>Bouff\u00e9es : <span style=\"font-size: 16px\">300 \/ 600<\/span><\/li>\n<li>Terp\u00e8nes naturels de haute qualit\u00e9<\/li>\n<li>STV (Sativanol)<\/li>\n<li>CBD : 40%<\/li>\n<li>CBG : 30%<\/li>\n<li>THC\u00a0: 0%<\/li>\n<li>HHC: 0%<\/li>\n<li>THC-P : 0%Nicotine : 0%<\/li>\n<li>Ne contient pas de VG, PG, PEG, MCT ou tout autre agent de coupe. Tous nos produits sont issus de chanvre industriel certifi\u00e9. Ils contiennent moins de 0,3% de THC et ne contiennent aucun cannabino\u00efde ill\u00e9gaux tels que HHC, HHC-P, THCP, THCP-O, H4CBD ou l&#039;un de leurs d\u00e9riv\u00e9s. vous pouvez consulter <a href=\"https:\/\/iguanasmoke.com\/analiticas\/\" target=\"_blank\" rel=\"noopener\">Certificat d&#039;analyse ici<\/a><\/li>\n<\/ul>","protected":false},"featured_media":11930,"comment_status":"open","ping_status":"closed","template":"","meta":{"_acf_changed":false,"site-sidebar-layout":"default","site-content-layout":"","ast-site-content-layout":"default","site-content-style":"default","site-sidebar-style":"default","ast-global-header-display":"","ast-banner-title-visibility":"","ast-main-header-display":"","ast-hfb-above-header-display":"","ast-hfb-below-header-display":"","ast-hfb-mobile-header-display":"","site-post-title":"","ast-breadcrumbs-content":"","ast-featured-img":"","footer-sml-layout":"","theme-transparent-header-meta":"default","adv-header-id-meta":"","stick-header-meta":"","header-above-stick-meta":"","header-main-stick-meta":"","header-below-stick-meta":"","astra-migrate-meta-layouts":"set","ast-page-background-enabled":"default","ast-page-background-meta":{"desktop":{"background-color":"var(--ast-global-color-4)","background-image":"","background-repeat":"repeat","background-position":"center center","background-size":"auto","background-attachment":"scroll","background-type":"","background-media":"","overlay-type":"","overlay-color":"","overlay-opacity":"","overlay-gradient":""},"tablet":{"background-color":"","background-image":"","background-repeat":"repeat","background-position":"center center","background-size":"auto","background-attachment":"scroll","background-type":"","background-media":"","overlay-type":"","overlay-color":"","overlay-opacity":"","overlay-gradient":""},"mobile":{"background-color":"","background-image":"","background-repeat":"repeat","background-position":"center center","background-size":"auto","background-attachment":"scroll","background-type":"","background-media":"","overlay-type":"","overlay-color":"","overlay-opacity":"","overlay-gradient":""}},"ast-content-background-meta":{"desktop":{"background-color":"var(--ast-global-color-5)","background-image":"","background-repeat":"repeat","background-position":"center center","background-size":"auto","background-attachment":"scroll","background-type":"","background-media":"","overlay-type":"","overlay-color":"","overlay-opacity":"","overlay-gradient":""},"tablet":{"background-color":"var(--ast-global-color-5)","background-image":"","background-repeat":"repeat","background-position":"center center","background-size":"auto","background-attachment":"scroll","background-type":"","background-media":"","overlay-type":"","overlay-color":"","overlay-opacity":"","overlay-gradient":""},"mobile":{"background-color":"var(--ast-global-color-5)","background-image":"","background-repeat":"repeat","background-position":"center center","background-size":"auto","background-attachment":"scroll","background-type":"","background-media":"","overlay-type":"","overlay-color":"","overlay-opacity":"","overlay-gradient":""}}},"product_brand":[],"product_cat":[91,146,143,138],"product_tag":[],"class_list":{"0":"post-11937","1":"product","2":"type-product","3":"status-publish","4":"has-post-thumbnail","6":"product_cat-cartuchos","7":"product_cat-nuevas-moleculas","8":"product_cat-stv","9":"product_cat-stv-sativanol","10":"desktop-align-center","11":"tablet-align-left","12":"mobile-align-left","14":"first","15":"outofstock","16":"taxable","17":"shipping-taxable","18":"purchasable","19":"product-type-variable"},"acf":[],"yoast_head":"<!-- This site is optimized with the Yoast SEO plugin v27.4 - https:\/\/yoast.com\/product\/yoast-seo-wordpress\/ -->\n<title>Cartucho desechable STV Sativanol - Mango - THE LYF LABS<\/title>\n<meta name=\"description\" content=\"STV Sativanol Mango al por mayor. Sabor tropical con terpenos naturales. Disponible en 1 ml y 2 ml. Sin THC, apto para distribuci\u00f3n legal.\" \/>\n<meta name=\"robots\" content=\"index, follow, max-snippet:-1, max-image-preview:large, max-video-preview:-1\" \/>\n<link rel=\"canonical\" href=\"https:\/\/thelyflabs.com\/fr\/product\/cartucho-desechable-stv-sativanol-mango\/\" \/>\n<meta property=\"og:locale\" content=\"fr_FR\" \/>\n<meta property=\"og:type\" content=\"article\" \/>\n<meta property=\"og:title\" content=\"Cartucho desechable STV Sativanol - Mango - THE LYF LABS\" \/>\n<meta property=\"og:description\" content=\"STV Sativanol Mango al por mayor. Sabor tropical con terpenos naturales. Disponible en 1 ml y 2 ml. Sin THC, apto para distribuci\u00f3n legal.\" \/>\n<meta property=\"og:url\" content=\"https:\/\/thelyflabs.com\/fr\/product\/cartucho-desechable-stv-sativanol-mango\/\" \/>\n<meta property=\"og:site_name\" content=\"THE LYF LABS\" \/>\n<meta property=\"article:modified_time\" content=\"2026-04-16T09:15:02+00:00\" \/>\n<meta property=\"og:image\" content=\"https:\/\/thelyflabs.com\/wp-content\/uploads\/2025\/05\/Bolsa-Cart-HHC-Mango-bolsa-2025.webp\" \/>\n\t<meta property=\"og:image:width\" content=\"1000\" \/>\n\t<meta property=\"og:image:height\" content=\"1000\" \/>\n\t<meta property=\"og:image:type\" content=\"image\/webp\" \/>\n<meta name=\"twitter:card\" content=\"summary_large_image\" \/>\n<meta name=\"twitter:label1\" content=\"Dur\u00e9e de lecture estim\u00e9e\" \/>\n\t<meta name=\"twitter:data1\" content=\"3 minutes\" \/>\n<script type=\"application\/ld+json\" class=\"yoast-schema-graph\">{\"@context\":\"https:\\\/\\\/schema.org\",\"@graph\":[{\"@type\":\"WebPage\",\"@id\":\"https:\\\/\\\/thelyflabs.com\\\/product\\\/cartucho-desechable-stv-sativanol-mango\",\"url\":\"https:\\\/\\\/thelyflabs.com\\\/product\\\/cartucho-desechable-stv-sativanol-mango\",\"name\":\"Cartucho desechable STV Sativanol - Mango - THE LYF LABS\",\"isPartOf\":{\"@id\":\"https:\\\/\\\/thelyflabs.com\\\/#website\"},\"primaryImageOfPage\":{\"@id\":\"https:\\\/\\\/thelyflabs.com\\\/product\\\/cartucho-desechable-stv-sativanol-mango#primaryimage\"},\"image\":{\"@id\":\"https:\\\/\\\/thelyflabs.com\\\/product\\\/cartucho-desechable-stv-sativanol-mango#primaryimage\"},\"thumbnailUrl\":\"https:\\\/\\\/thelyflabs.com\\\/wp-content\\\/uploads\\\/2025\\\/05\\\/Bolsa-Cart-HHC-Mango-bolsa-2025.webp\",\"datePublished\":\"2025-05-13T21:53:05+00:00\",\"dateModified\":\"2026-04-16T09:15:02+00:00\",\"description\":\"STV Sativanol Mango al por mayor. Sabor tropical con terpenos naturales. Disponible en 1 ml y 2 ml. Sin THC, apto para distribuci\u00f3n legal.\",\"breadcrumb\":{\"@id\":\"https:\\\/\\\/thelyflabs.com\\\/product\\\/cartucho-desechable-stv-sativanol-mango#breadcrumb\"},\"inLanguage\":\"fr-FR\",\"potentialAction\":[{\"@type\":\"ReadAction\",\"target\":[\"https:\\\/\\\/thelyflabs.com\\\/product\\\/cartucho-desechable-stv-sativanol-mango\"]}]},{\"@type\":\"ImageObject\",\"inLanguage\":\"fr-FR\",\"@id\":\"https:\\\/\\\/thelyflabs.com\\\/product\\\/cartucho-desechable-stv-sativanol-mango#primaryimage\",\"url\":\"https:\\\/\\\/thelyflabs.com\\\/wp-content\\\/uploads\\\/2025\\\/05\\\/Bolsa-Cart-HHC-Mango-bolsa-2025.webp\",\"contentUrl\":\"https:\\\/\\\/thelyflabs.com\\\/wp-content\\\/uploads\\\/2025\\\/05\\\/Bolsa-Cart-HHC-Mango-bolsa-2025.webp\",\"width\":1000,\"height\":1000},{\"@type\":\"BreadcrumbList\",\"@id\":\"https:\\\/\\\/thelyflabs.com\\\/product\\\/cartucho-desechable-stv-sativanol-mango#breadcrumb\",\"itemListElement\":[{\"@type\":\"ListItem\",\"position\":1,\"name\":\"Portada\",\"item\":\"https:\\\/\\\/thelyflabs.com\\\/\"},{\"@type\":\"ListItem\",\"position\":2,\"name\":\"Tienda\",\"item\":\"https:\\\/\\\/thelyflabs.com\\\/tienda\"},{\"@type\":\"ListItem\",\"position\":3,\"name\":\"Cartucho desechable STV Sativanol &#8211; Mango\"}]},{\"@type\":\"WebSite\",\"@id\":\"https:\\\/\\\/thelyflabs.com\\\/#website\",\"url\":\"https:\\\/\\\/thelyflabs.com\\\/\",\"name\":\"The LYF Labs\",\"description\":\"CBD al por mayor\",\"publisher\":{\"@id\":\"https:\\\/\\\/thelyflabs.com\\\/#organization\"},\"potentialAction\":[{\"@type\":\"SearchAction\",\"target\":{\"@type\":\"EntryPoint\",\"urlTemplate\":\"https:\\\/\\\/thelyflabs.com\\\/?s={search_term_string}\"},\"query-input\":{\"@type\":\"PropertyValueSpecification\",\"valueRequired\":true,\"valueName\":\"search_term_string\"}}],\"inLanguage\":\"fr-FR\"},{\"@type\":\"Organization\",\"@id\":\"https:\\\/\\\/thelyflabs.com\\\/#organization\",\"name\":\"The LYF Labs\",\"url\":\"https:\\\/\\\/thelyflabs.com\\\/\",\"logo\":{\"@type\":\"ImageObject\",\"inLanguage\":\"fr-FR\",\"@id\":\"https:\\\/\\\/thelyflabs.com\\\/#\\\/schema\\\/logo\\\/image\\\/\",\"url\":\"https:\\\/\\\/thelyflabs.com\\\/wp-content\\\/uploads\\\/2023\\\/01\\\/cropped-LogoTheLYFLabs.png\",\"contentUrl\":\"https:\\\/\\\/thelyflabs.com\\\/wp-content\\\/uploads\\\/2023\\\/01\\\/cropped-LogoTheLYFLabs.png\",\"width\":600,\"height\":180,\"caption\":\"The LYF Labs\"},\"image\":{\"@id\":\"https:\\\/\\\/thelyflabs.com\\\/#\\\/schema\\\/logo\\\/image\\\/\"}}]}<\/script>\n<!-- \/ Yoast SEO plugin. -->","yoast_head_json":{"title":"Cartucho desechable STV Sativanol - Mango - THE LYF LABS","description":"STV Sativanol Mango al por mayor. Sabor tropical con terpenos naturales. Disponible en 1 ml y 2 ml. Sin THC, apto para distribuci\u00f3n legal.","robots":{"index":"index","follow":"follow","max-snippet":"max-snippet:-1","max-image-preview":"max-image-preview:large","max-video-preview":"max-video-preview:-1"},"canonical":"https:\/\/thelyflabs.com\/fr\/product\/cartucho-desechable-stv-sativanol-mango\/","og_locale":"fr_FR","og_type":"article","og_title":"Cartucho desechable STV Sativanol - Mango - THE LYF LABS","og_description":"STV Sativanol Mango al por mayor. Sabor tropical con terpenos naturales. Disponible en 1 ml y 2 ml. Sin THC, apto para distribuci\u00f3n legal.","og_url":"https:\/\/thelyflabs.com\/fr\/product\/cartucho-desechable-stv-sativanol-mango\/","og_site_name":"THE LYF LABS","article_modified_time":"2026-04-16T09:15:02+00:00","og_image":[{"width":1000,"height":1000,"url":"https:\/\/thelyflabs.com\/wp-content\/uploads\/2025\/05\/Bolsa-Cart-HHC-Mango-bolsa-2025.webp","type":"image\/webp"}],"twitter_card":"summary_large_image","twitter_misc":{"Dur\u00e9e de lecture estim\u00e9e":"3 minutes"},"schema":{"@context":"https:\/\/schema.org","@graph":[{"@type":"WebPage","@id":"https:\/\/thelyflabs.com\/product\/cartucho-desechable-stv-sativanol-mango","url":"https:\/\/thelyflabs.com\/product\/cartucho-desechable-stv-sativanol-mango","name":"Cartucho desechable STV Sativanol - Mango - THE LYF LABS","isPartOf":{"@id":"https:\/\/thelyflabs.com\/#website"},"primaryImageOfPage":{"@id":"https:\/\/thelyflabs.com\/product\/cartucho-desechable-stv-sativanol-mango#primaryimage"},"image":{"@id":"https:\/\/thelyflabs.com\/product\/cartucho-desechable-stv-sativanol-mango#primaryimage"},"thumbnailUrl":"https:\/\/thelyflabs.com\/wp-content\/uploads\/2025\/05\/Bolsa-Cart-HHC-Mango-bolsa-2025.webp","datePublished":"2025-05-13T21:53:05+00:00","dateModified":"2026-04-16T09:15:02+00:00","description":"STV Sativanol Mango al por mayor. Sabor tropical con terpenos naturales. Disponible en 1 ml y 2 ml. Sin THC, apto para distribuci\u00f3n legal.","breadcrumb":{"@id":"https:\/\/thelyflabs.com\/product\/cartucho-desechable-stv-sativanol-mango#breadcrumb"},"inLanguage":"fr-FR","potentialAction":[{"@type":"ReadAction","target":["https:\/\/thelyflabs.com\/product\/cartucho-desechable-stv-sativanol-mango"]}]},{"@type":"ImageObject","inLanguage":"fr-FR","@id":"https:\/\/thelyflabs.com\/product\/cartucho-desechable-stv-sativanol-mango#primaryimage","url":"https:\/\/thelyflabs.com\/wp-content\/uploads\/2025\/05\/Bolsa-Cart-HHC-Mango-bolsa-2025.webp","contentUrl":"https:\/\/thelyflabs.com\/wp-content\/uploads\/2025\/05\/Bolsa-Cart-HHC-Mango-bolsa-2025.webp","width":1000,"height":1000},{"@type":"BreadcrumbList","@id":"https:\/\/thelyflabs.com\/product\/cartucho-desechable-stv-sativanol-mango#breadcrumb","itemListElement":[{"@type":"ListItem","position":1,"name":"Portada","item":"https:\/\/thelyflabs.com\/"},{"@type":"ListItem","position":2,"name":"Tienda","item":"https:\/\/thelyflabs.com\/tienda"},{"@type":"ListItem","position":3,"name":"Cartucho desechable STV Sativanol &#8211; Mango"}]},{"@type":"WebSite","@id":"https:\/\/thelyflabs.com\/#website","url":"https:\/\/thelyflabs.com\/","name":"Les laboratoires LYF","description":"Vente en gros de CBD","publisher":{"@id":"https:\/\/thelyflabs.com\/#organization"},"potentialAction":[{"@type":"SearchAction","target":{"@type":"EntryPoint","urlTemplate":"https:\/\/thelyflabs.com\/?s={search_term_string}"},"query-input":{"@type":"PropertyValueSpecification","valueRequired":true,"valueName":"search_term_string"}}],"inLanguage":"fr-FR"},{"@type":"Organization","@id":"https:\/\/thelyflabs.com\/#organization","name":"Les laboratoires LYF","url":"https:\/\/thelyflabs.com\/","logo":{"@type":"ImageObject","inLanguage":"fr-FR","@id":"https:\/\/thelyflabs.com\/#\/schema\/logo\/image\/","url":"https:\/\/thelyflabs.com\/wp-content\/uploads\/2023\/01\/cropped-LogoTheLYFLabs.png","contentUrl":"https:\/\/thelyflabs.com\/wp-content\/uploads\/2023\/01\/cropped-LogoTheLYFLabs.png","width":600,"height":180,"caption":"The LYF Labs"},"image":{"@id":"https:\/\/thelyflabs.com\/#\/schema\/logo\/image\/"}}]}},"_links":{"self":[{"href":"https:\/\/thelyflabs.com\/fr\/wp-json\/wp\/v2\/product\/11937","targetHints":{"allow":["GET"]}}],"collection":[{"href":"https:\/\/thelyflabs.com\/fr\/wp-json\/wp\/v2\/product"}],"about":[{"href":"https:\/\/thelyflabs.com\/fr\/wp-json\/wp\/v2\/types\/product"}],"replies":[{"embeddable":true,"href":"https:\/\/thelyflabs.com\/fr\/wp-json\/wp\/v2\/comments?post=11937"}],"wp:featuredmedia":[{"embeddable":true,"href":"https:\/\/thelyflabs.com\/fr\/wp-json\/wp\/v2\/media\/11930"}],"wp:attachment":[{"href":"https:\/\/thelyflabs.com\/fr\/wp-json\/wp\/v2\/media?parent=11937"}],"wp:term":[{"taxonomy":"product_brand","embeddable":true,"href":"https:\/\/thelyflabs.com\/fr\/wp-json\/wp\/v2\/product_brand?post=11937"},{"taxonomy":"product_cat","embeddable":true,"href":"https:\/\/thelyflabs.com\/fr\/wp-json\/wp\/v2\/product_cat?post=11937"},{"taxonomy":"product_tag","embeddable":true,"href":"https:\/\/thelyflabs.com\/fr\/wp-json\/wp\/v2\/product_tag?post=11937"}],"curies":[{"name":"wp","href":"https:\/\/api.w.org\/{rel}","templated":true}]}}