{"id":11938,"date":"2025-05-13T23:53:06","date_gmt":"2025-05-13T21:53:06","guid":{"rendered":"https:\/\/thelyflabs.com\/?post_type=product&#038;p=11938"},"modified":"2026-04-20T09:31:28","modified_gmt":"2026-04-20T07:31:28","slug":"cartucho-desechable-stv-sativanol-amnesia","status":"publish","type":"product","link":"https:\/\/thelyflabs.com\/fr\/product\/cartucho-desechable-stv-sativanol-amnesia","title":{"rendered":"Cartouche jetable STV Sativanol \u2013 Amnesia"},"content":{"rendered":"<h1 class=\"\" data-start=\"215\" data-end=\"260\">Cartouche jetable STV Sativanol \u2013 Amnesia<\/h1>\n<p class=\"\" data-start=\"262\" data-end=\"413\"><strong data-start=\"262\" data-end=\"413\">Activez votre esprit. R\u00e9veillez votre flux. D\u00e9couvrez STV avec la saveur Amnesia, la vari\u00e9t\u00e9 la plus citronn\u00e9e et c\u00e9r\u00e9brale du jeu. Uniquement chez Iguana Smoke, votre boutique chill.<\/strong><\/p>\n<p class=\"\" data-start=\"415\" data-end=\"799\">Il <strong data-start=\"418\" data-end=\"465\">Cartouche jetable STV Sativanol \u2013 Amnesia<\/strong> C&#039;est du pur dynamisme. Ce pod vape pr\u00e9-rempli est formul\u00e9 avec <strong data-start=\"537\" data-end=\"556\">Sativanol (STV)<\/strong>, un cannabino\u00efde de nouvelle g\u00e9n\u00e9ration qui vous am\u00e8ne \u00e0 un autre niveau sans avoir besoin de THC. \u00c0 cela s&#039;ajoute l&#039;ar\u00f4me vibrant du mythique <strong data-start=\"692\" data-end=\"703\">Amn\u00e9sie<\/strong>, une vari\u00e9t\u00e9 de terp\u00e8nes d&#039;agrumes et de notes herbac\u00e9es qui revitalise le corps et l&#039;esprit \u00e0 chaque bouff\u00e9e.<\/p>\n<p class=\"\" data-start=\"801\" data-end=\"931\">Id\u00e9al pour ceux qui recherchent un regain d&#039;\u00e9nergie mentale sans lourdeur ni brouillard. Donnez de l&#039;air frais \u00e0 votre t\u00eate, sans d\u00e9coller vos pieds du sol.<\/p>\n<h3 class=\"\" data-start=\"938\" data-end=\"957\">Qu&#039;est-ce que le STV ?<\/h3>\n<p class=\"\" data-start=\"959\" data-end=\"1271\"><strong data-start=\"959\" data-end=\"978\">Sativanol (STV)<\/strong> Il s&#039;agit d&#039;un cannabino\u00efde semi-synth\u00e9tique innovant, extrait du chanvre et optimis\u00e9 pour g\u00e9n\u00e9rer des effets fonctionnels, clairs et stables. Ce n\u2019est pas du THC, mais son impact est tout aussi puissant et beaucoup plus pratique. Il ne produit pas de tol\u00e9rance, il ne vous laisse pas tomber et vous accompagne au quotidien comme un bon coll\u00e8gue.<\/p>\n<p class=\"\" data-start=\"1273\" data-end=\"1296\"><strong data-start=\"1273\" data-end=\"1296\">Avantages du STV :<\/strong><\/p>\n<ul data-start=\"1297\" data-end=\"1497\">\n<li class=\"\" data-start=\"1297\" data-end=\"1330\">\n<p class=\"\" data-start=\"1299\" data-end=\"1330\">Euphorie concentr\u00e9e, sans parano\u00efa.<\/p>\n<\/li>\n<li class=\"\" data-start=\"1331\" data-end=\"1361\">\n<p class=\"\" data-start=\"1333\" data-end=\"1361\">Concentration accrue.<\/p>\n<\/li>\n<li class=\"\" data-start=\"1362\" data-end=\"1401\">\n<p class=\"\" data-start=\"1364\" data-end=\"1401\">Pas de chute ni de somnolence par la suite.<\/p>\n<\/li>\n<li class=\"\" data-start=\"1402\" data-end=\"1448\">\n<p class=\"\" data-start=\"1404\" data-end=\"1448\">Effet constant m\u00eame en cas d&#039;utilisation continue.<\/p>\n<\/li>\n<li class=\"\" data-start=\"1449\" data-end=\"1497\">\n<p class=\"\" data-start=\"1451\" data-end=\"1497\">Enti\u00e8rement exempt de THC, HHC, THCP et analogues.<\/p>\n<\/li>\n<\/ul>\n<p class=\"\" data-start=\"1499\" data-end=\"1602\"><strong data-start=\"1499\" data-end=\"1521\">Achetez STV en ligne<\/strong> C&#039;est l&#039;option la plus s\u00fbre pour profiter d&#039;un high moderne, l\u00e9gal et fonctionnel.<\/p>\n<h3 class=\"\" data-start=\"1609\" data-end=\"1642\">Profil terp\u00e9nique d&#039;Amnesia<\/h3>\n<p class=\"\" data-start=\"1644\" data-end=\"1883\">La souche <strong data-start=\"1652\" data-end=\"1663\">Amn\u00e9sie<\/strong> C&#039;est l&#039;une des vari\u00e9t\u00e9s les plus reconnues dans le monde du cannabis pour son ar\u00f4me d&#039;agrumes, frais et l\u00e9g\u00e8rement \u00e9pic\u00e9, avec un effet Sativa c\u00e9r\u00e9bral et p\u00e9tillant. Sa combinaison de terp\u00e8nes g\u00e9n\u00e8re une exp\u00e9rience aromatique explosive :<\/p>\n<ul data-start=\"1885\" data-end=\"2040\">\n<li class=\"\" data-start=\"1885\" data-end=\"1935\">\n<p class=\"\" data-start=\"1887\" data-end=\"1935\"><strong data-start=\"1887\" data-end=\"1899\">Limon\u00e8ne<\/strong>: citrique, \u00e9nergisant et anti-stress.<\/p>\n<\/li>\n<li class=\"\" data-start=\"1936\" data-end=\"1981\">\n<p class=\"\" data-start=\"1938\" data-end=\"1981\"><strong data-start=\"1938\" data-end=\"1949\">Myrc\u00e8ne<\/strong>:\u00e0 base de plantes, avec une touche apaisante.<\/p>\n<\/li>\n<li class=\"\" data-start=\"1982\" data-end=\"2040\">\n<p class=\"\" data-start=\"1984\" data-end=\"2040\"><strong data-start=\"1984\" data-end=\"1999\">Terpinol\u00e8ne<\/strong>:floral et complexe, avec une touche mentale.<\/p>\n<\/li>\n<\/ul>\n<p class=\"\" data-start=\"2042\" data-end=\"2169\">Le r\u00e9sultat est une saveur propre, fra\u00eeche et stimulante, id\u00e9ale pour commencer votre journ\u00e9e ou activer votre cr\u00e9ativit\u00e9 \u00e0 tout moment.<\/p>\n<h3 class=\"\" data-start=\"2176\" data-end=\"2211\">Qu&#039;est-ce qu&#039;une cartouche jetable ?<\/h3>\n<p class=\"\" data-start=\"2213\" data-end=\"2403\">UN <strong data-start=\"2216\" data-end=\"2249\">cartouche ou capsule jetable<\/strong> Il s&#039;agit d&#039;un syst\u00e8me de vapotage plug &amp; play. Vous le connectez \u00e0 votre batterie filet\u00e9e 510 (celle habituelle), vous l&#039;utilisez, et quand elle est \u00e9puis\u00e9e, vous la jetez. Pas de recharges, pas de tracas. Donnez une seconde vie \u00e0 vos capsules. Une fois termin\u00e9, apportez-les \u00e0 un point de recyclage.<\/p>\n<p class=\"\" data-start=\"2405\" data-end=\"2476\">Il <strong data-start=\"2408\" data-end=\"2444\">Cartouche STV Sativanol \u2013 Amnesia<\/strong> Il est disponible en deux tailles :<\/p>\n<ul data-start=\"2477\" data-end=\"2540\">\n<li class=\"\" data-start=\"2477\" data-end=\"2508\">\n<p class=\"\" data-start=\"2479\" data-end=\"2508\"><strong data-start=\"2479\" data-end=\"2487\">1 ml<\/strong> \u2013 Jusqu\u2019\u00e0 300 bouff\u00e9es.<\/p>\n<\/li>\n<li class=\"\" data-start=\"2509\" data-end=\"2540\">\n<p class=\"\" data-start=\"2511\" data-end=\"2540\"><strong data-start=\"2511\" data-end=\"2519\">2 ml<\/strong> \u2013 Jusqu\u2019\u00e0 600 bouff\u00e9es.<\/p>\n<\/li>\n<\/ul>\n<p class=\"\" data-start=\"2542\" data-end=\"2666\">Fabriqu\u00e9 avec de l&#039;extrait de chanvre biologique, sans solvants ni additifs rares. Uniquement des cannabino\u00efdes fonctionnels et une saveur brutale.<\/p>\n<h3 class=\"\" data-start=\"2673\" data-end=\"2717\">Pourquoi choisir STV Sativanol \u2013 Amnesia ?<\/h3>\n<p class=\"\" data-start=\"2719\" data-end=\"2897\"><strong data-start=\"2719\" data-end=\"2740\">Acheter un vapoteur STV<\/strong> Cela signifie transporter la technologie du cannabis du futur dans votre poche. Il n\u2019y a pas de THC, mais il y a un effet. Il n\u2019y a pas de fum\u00e9e, mais il y a un nuage. Il n\u2019y a aucun doute : cette cartouche est du feu pur.<\/p>\n<p class=\"\" data-start=\"2899\" data-end=\"2918\"><strong data-start=\"2899\" data-end=\"2918\">Principaux avantages :<\/strong><\/p>\n<ul data-start=\"2919\" data-end=\"3163\">\n<li class=\"\" data-start=\"2919\" data-end=\"2960\">\n<p class=\"\" data-start=\"2921\" data-end=\"2960\">STV sans THC ni substances contr\u00f4l\u00e9es.<\/p>\n<\/li>\n<li class=\"\" data-start=\"2961\" data-end=\"3014\">\n<p class=\"\" data-start=\"2963\" data-end=\"3014\">Saveur d&#039;agrumes de qualit\u00e9 sup\u00e9rieure inspir\u00e9e de la vari\u00e9t\u00e9 Amnesia.<\/p>\n<\/li>\n<li class=\"\" data-start=\"3015\" data-end=\"3066\">\n<p class=\"\" data-start=\"3017\" data-end=\"3066\">Compatible avec tous les vapoteurs avec connexion 510.<\/p>\n<\/li>\n<li class=\"\" data-start=\"3067\" data-end=\"3115\">\n<p class=\"\" data-start=\"3069\" data-end=\"3115\">Effets stimulants sans tol\u00e9rance accumul\u00e9e.<\/p>\n<\/li>\n<li class=\"\" data-start=\"3116\" data-end=\"3163\">\n<p class=\"\" data-start=\"3118\" data-end=\"3163\">Id\u00e9al pour une utilisation \u00e0 tout moment de la journ\u00e9e.<\/p>\n<\/li>\n<\/ul>\n<p class=\"\" data-start=\"3165\" data-end=\"3305\">Que vous l&#039;utilisiez pour vous concentrer, socialiser ou simplement flotter avec style, cette cartouche vous suivra sans saper votre \u00e9nergie.<\/p>\n<h3 class=\"\" data-start=\"3312\" data-end=\"3342\">O\u00f9 acheter STV en ligne ?<\/h3>\n<p class=\"\" data-start=\"3344\" data-end=\"3489\">Dans <strong data-start=\"3347\" data-end=\"3363\">Fum\u00e9e d&#039;iguane<\/strong>, clair. Ici vous pouvez <strong data-start=\"3384\" data-end=\"3408\">acheter une cartouche STV<\/strong> avec saveur Amnesia et la gamme compl\u00e8te de Sativanol avec exp\u00e9dition rapide et garantie de fra\u00eecheur.<\/p>\n<p class=\"\" data-start=\"3491\" data-end=\"3498\">En plus:<\/p>\n<ul data-start=\"3499\" data-end=\"3669\">\n<li class=\"\" data-start=\"3499\" data-end=\"3552\">\n<p class=\"\" data-start=\"3501\" data-end=\"3552\"><strong data-start=\"3501\" data-end=\"3528\">Achetez des capsules sans THC<\/strong> avec un effet de type Sativa.<\/p>\n<\/li>\n<li class=\"\" data-start=\"3553\" data-end=\"3611\">\n<p class=\"\" data-start=\"3555\" data-end=\"3611\"><strong data-start=\"3555\" data-end=\"3591\">Acheter une cartouche de THC alternative<\/strong>, juridique et fonctionnel.<\/p>\n<\/li>\n<li class=\"\" data-start=\"3612\" data-end=\"3669\">\n<p class=\"\" data-start=\"3614\" data-end=\"3669\"><strong data-start=\"3614\" data-end=\"3642\">Achetez STV vape en ligne<\/strong>, sans chichis ni surprises.<\/p>\n<\/li>\n<\/ul>\n<p class=\"\" data-start=\"3671\" data-end=\"3733\">Tout l\u00e9gal, tout puissant, tout \u00e9l\u00e9gant. Parce que tu le vaux bien.<\/p>\n<h3 class=\"\" data-start=\"3740\" data-end=\"3798\">STV Sativanol \u2013 Amnesia : clart\u00e9 mentale, saveur brutale<\/h3>\n<p class=\"\" data-start=\"3800\" data-end=\"3990\">Vous n\u2019avez plus besoin de devenir fou pour atteindre une exp\u00e9rience mentale et sensorielle de haut niveau. Le STV infus\u00e9 de terp\u00e8nes d&#039;Amnesia vous pr\u00e9pare \u00e0 tout ce qui se pr\u00e9sente \u00e0 vous : le travail, la salle de sport, l&#039;art ou simplement pour vous amuser.<\/p>\n<p class=\"\" data-start=\"3992\" data-end=\"4053\">Compact, propre et puissant. <strong data-start=\"4020\" data-end=\"4053\">Votre nouveau rituel commence ici.<\/strong><\/p>\n<hr class=\"\" data-start=\"4055\" data-end=\"4058\" \/>\n<p class=\"\" data-start=\"4060\" data-end=\"4142\"><strong data-start=\"4060\" data-end=\"4142\">Ce produit est un objet de collection. Ne convient pas \u00e0 la combustion ou \u00e0 la consommation directe.<\/strong><\/p>\n<p class=\"\" data-start=\"4144\" data-end=\"4309\"><strong data-start=\"4144\" data-end=\"4309\">Il ne contient pas de cannabino\u00efdes inclus dans l&#039;annexe I du d\u00e9cret royal 2829\/1977 ni de substances contr\u00f4l\u00e9es par la Convention unique de 1961 ou la Convention de 1971.<\/strong><\/p>","protected":false},"excerpt":{"rendered":"<h4>Cartouche jetable STV Sativanol \u2013 Amnesia<\/h4>\n<h4><strong>Caract\u00e9ristiques<\/strong><\/h4>\n<ul>\n<li>Connexion : tapez 510<\/li>\n<li>Capacit\u00e9: <span style=\"font-size: 16px\">1 ml \/ 2 ml<\/span><\/li>\n<li>Bouff\u00e9es : <span style=\"font-size: 16px\">300 \/ 600<\/span><\/li>\n<li>Terp\u00e8nes naturels de haute qualit\u00e9<\/li>\n<li>STV (Sativanol)<\/li>\n<li>CBD : 40%<\/li>\n<li>CBG : 30%<\/li>\n<li>THC\u00a0: 0%<\/li>\n<li>HHC: 0%<\/li>\n<li>THC-P : 0%Nicotine : 0%<\/li>\n<li>Ne contient pas de VG, PG, PEG, MCT ou tout autre agent de coupe. Tous nos produits sont issus de chanvre industriel certifi\u00e9. Ils contiennent moins de 0,3% de THC et ne contiennent aucun cannabino\u00efde ill\u00e9gaux tels que HHC, HHC-P, THCP, THCP-O, H4CBD ou l&#039;un de leurs d\u00e9riv\u00e9s. vous pouvez consulter <a href=\"https:\/\/iguanasmoke.com\/analiticas\/\" target=\"_blank\" rel=\"noopener\">Certificat d&#039;analyse ici<\/a><\/li>\n<\/ul>","protected":false},"featured_media":11932,"comment_status":"open","ping_status":"closed","template":"","meta":{"_acf_changed":false,"site-sidebar-layout":"default","site-content-layout":"","ast-site-content-layout":"default","site-content-style":"default","site-sidebar-style":"default","ast-global-header-display":"","ast-banner-title-visibility":"","ast-main-header-display":"","ast-hfb-above-header-display":"","ast-hfb-below-header-display":"","ast-hfb-mobile-header-display":"","site-post-title":"","ast-breadcrumbs-content":"","ast-featured-img":"","footer-sml-layout":"","theme-transparent-header-meta":"default","adv-header-id-meta":"","stick-header-meta":"","header-above-stick-meta":"","header-main-stick-meta":"","header-below-stick-meta":"","astra-migrate-meta-layouts":"set","ast-page-background-enabled":"default","ast-page-background-meta":{"desktop":{"background-color":"var(--ast-global-color-4)","background-image":"","background-repeat":"repeat","background-position":"center center","background-size":"auto","background-attachment":"scroll","background-type":"","background-media":"","overlay-type":"","overlay-color":"","overlay-opacity":"","overlay-gradient":""},"tablet":{"background-color":"","background-image":"","background-repeat":"repeat","background-position":"center center","background-size":"auto","background-attachment":"scroll","background-type":"","background-media":"","overlay-type":"","overlay-color":"","overlay-opacity":"","overlay-gradient":""},"mobile":{"background-color":"","background-image":"","background-repeat":"repeat","background-position":"center center","background-size":"auto","background-attachment":"scroll","background-type":"","background-media":"","overlay-type":"","overlay-color":"","overlay-opacity":"","overlay-gradient":""}},"ast-content-background-meta":{"desktop":{"background-color":"var(--ast-global-color-5)","background-image":"","background-repeat":"repeat","background-position":"center center","background-size":"auto","background-attachment":"scroll","background-type":"","background-media":"","overlay-type":"","overlay-color":"","overlay-opacity":"","overlay-gradient":""},"tablet":{"background-color":"var(--ast-global-color-5)","background-image":"","background-repeat":"repeat","background-position":"center center","background-size":"auto","background-attachment":"scroll","background-type":"","background-media":"","overlay-type":"","overlay-color":"","overlay-opacity":"","overlay-gradient":""},"mobile":{"background-color":"var(--ast-global-color-5)","background-image":"","background-repeat":"repeat","background-position":"center center","background-size":"auto","background-attachment":"scroll","background-type":"","background-media":"","overlay-type":"","overlay-color":"","overlay-opacity":"","overlay-gradient":""}}},"product_brand":[],"product_cat":[91,146,143,138],"product_tag":[],"class_list":{"0":"post-11938","1":"product","2":"type-product","3":"status-publish","4":"has-post-thumbnail","6":"product_cat-cartuchos","7":"product_cat-nuevas-moleculas","8":"product_cat-stv","9":"product_cat-stv-sativanol","10":"desktop-align-center","11":"tablet-align-left","12":"mobile-align-left","14":"first","15":"instock","16":"taxable","17":"shipping-taxable","18":"purchasable","19":"product-type-variable"},"acf":[],"yoast_head":"<!-- This site is optimized with the Yoast SEO plugin v27.4 - https:\/\/yoast.com\/product\/yoast-seo-wordpress\/ -->\n<title>Cartucho desechable STV Sativanol - Amnesia - THE LYF LABS<\/title>\n<meta name=\"description\" content=\"Cartucho Amnesia con STV Sativanol para venta mayorista. Perfil herbal y c\u00edtrico, sin THC. Formatos de 1 ml y 2 ml disponibles.\" \/>\n<meta name=\"robots\" content=\"index, follow, max-snippet:-1, max-image-preview:large, max-video-preview:-1\" \/>\n<link rel=\"canonical\" href=\"https:\/\/thelyflabs.com\/fr\/product\/cartucho-desechable-stv-sativanol-amnesia\/\" \/>\n<meta property=\"og:locale\" content=\"fr_FR\" \/>\n<meta property=\"og:type\" content=\"article\" \/>\n<meta property=\"og:title\" content=\"Cartucho desechable STV Sativanol - Amnesia - THE LYF LABS\" \/>\n<meta property=\"og:description\" content=\"Cartucho Amnesia con STV Sativanol para venta mayorista. Perfil herbal y c\u00edtrico, sin THC. Formatos de 1 ml y 2 ml disponibles.\" \/>\n<meta property=\"og:url\" content=\"https:\/\/thelyflabs.com\/fr\/product\/cartucho-desechable-stv-sativanol-amnesia\/\" \/>\n<meta property=\"og:site_name\" content=\"THE LYF LABS\" \/>\n<meta property=\"article:modified_time\" content=\"2026-04-20T07:31:28+00:00\" \/>\n<meta property=\"og:image\" content=\"https:\/\/thelyflabs.com\/wp-content\/uploads\/2025\/05\/Bolsa-Cart-HHC-Amnesia-bolsa-2025-1.webp\" \/>\n\t<meta property=\"og:image:width\" content=\"1000\" \/>\n\t<meta property=\"og:image:height\" content=\"1000\" \/>\n\t<meta property=\"og:image:type\" content=\"image\/webp\" \/>\n<meta name=\"twitter:card\" content=\"summary_large_image\" \/>\n<meta name=\"twitter:label1\" content=\"Dur\u00e9e de lecture estim\u00e9e\" \/>\n\t<meta name=\"twitter:data1\" content=\"4 minutes\" \/>\n<script type=\"application\/ld+json\" class=\"yoast-schema-graph\">{\"@context\":\"https:\\\/\\\/schema.org\",\"@graph\":[{\"@type\":\"WebPage\",\"@id\":\"https:\\\/\\\/thelyflabs.com\\\/product\\\/cartucho-desechable-stv-sativanol-amnesia\",\"url\":\"https:\\\/\\\/thelyflabs.com\\\/product\\\/cartucho-desechable-stv-sativanol-amnesia\",\"name\":\"Cartucho desechable STV Sativanol - Amnesia - THE LYF LABS\",\"isPartOf\":{\"@id\":\"https:\\\/\\\/thelyflabs.com\\\/#website\"},\"primaryImageOfPage\":{\"@id\":\"https:\\\/\\\/thelyflabs.com\\\/product\\\/cartucho-desechable-stv-sativanol-amnesia#primaryimage\"},\"image\":{\"@id\":\"https:\\\/\\\/thelyflabs.com\\\/product\\\/cartucho-desechable-stv-sativanol-amnesia#primaryimage\"},\"thumbnailUrl\":\"https:\\\/\\\/thelyflabs.com\\\/wp-content\\\/uploads\\\/2025\\\/05\\\/Bolsa-Cart-HHC-Amnesia-bolsa-2025-1.webp\",\"datePublished\":\"2025-05-13T21:53:06+00:00\",\"dateModified\":\"2026-04-20T07:31:28+00:00\",\"description\":\"Cartucho Amnesia con STV Sativanol para venta mayorista. Perfil herbal y c\u00edtrico, sin THC. Formatos de 1 ml y 2 ml disponibles.\",\"breadcrumb\":{\"@id\":\"https:\\\/\\\/thelyflabs.com\\\/product\\\/cartucho-desechable-stv-sativanol-amnesia#breadcrumb\"},\"inLanguage\":\"fr-FR\",\"potentialAction\":[{\"@type\":\"ReadAction\",\"target\":[\"https:\\\/\\\/thelyflabs.com\\\/product\\\/cartucho-desechable-stv-sativanol-amnesia\"]}]},{\"@type\":\"ImageObject\",\"inLanguage\":\"fr-FR\",\"@id\":\"https:\\\/\\\/thelyflabs.com\\\/product\\\/cartucho-desechable-stv-sativanol-amnesia#primaryimage\",\"url\":\"https:\\\/\\\/thelyflabs.com\\\/wp-content\\\/uploads\\\/2025\\\/05\\\/Bolsa-Cart-HHC-Amnesia-bolsa-2025-1.webp\",\"contentUrl\":\"https:\\\/\\\/thelyflabs.com\\\/wp-content\\\/uploads\\\/2025\\\/05\\\/Bolsa-Cart-HHC-Amnesia-bolsa-2025-1.webp\",\"width\":1000,\"height\":1000},{\"@type\":\"BreadcrumbList\",\"@id\":\"https:\\\/\\\/thelyflabs.com\\\/product\\\/cartucho-desechable-stv-sativanol-amnesia#breadcrumb\",\"itemListElement\":[{\"@type\":\"ListItem\",\"position\":1,\"name\":\"Portada\",\"item\":\"https:\\\/\\\/thelyflabs.com\\\/\"},{\"@type\":\"ListItem\",\"position\":2,\"name\":\"Tienda\",\"item\":\"https:\\\/\\\/thelyflabs.com\\\/tienda\"},{\"@type\":\"ListItem\",\"position\":3,\"name\":\"Cartucho desechable STV Sativanol &#8211; Amnesia\"}]},{\"@type\":\"WebSite\",\"@id\":\"https:\\\/\\\/thelyflabs.com\\\/#website\",\"url\":\"https:\\\/\\\/thelyflabs.com\\\/\",\"name\":\"The LYF Labs\",\"description\":\"CBD al por mayor\",\"publisher\":{\"@id\":\"https:\\\/\\\/thelyflabs.com\\\/#organization\"},\"potentialAction\":[{\"@type\":\"SearchAction\",\"target\":{\"@type\":\"EntryPoint\",\"urlTemplate\":\"https:\\\/\\\/thelyflabs.com\\\/?s={search_term_string}\"},\"query-input\":{\"@type\":\"PropertyValueSpecification\",\"valueRequired\":true,\"valueName\":\"search_term_string\"}}],\"inLanguage\":\"fr-FR\"},{\"@type\":\"Organization\",\"@id\":\"https:\\\/\\\/thelyflabs.com\\\/#organization\",\"name\":\"The LYF Labs\",\"url\":\"https:\\\/\\\/thelyflabs.com\\\/\",\"logo\":{\"@type\":\"ImageObject\",\"inLanguage\":\"fr-FR\",\"@id\":\"https:\\\/\\\/thelyflabs.com\\\/#\\\/schema\\\/logo\\\/image\\\/\",\"url\":\"https:\\\/\\\/thelyflabs.com\\\/wp-content\\\/uploads\\\/2023\\\/01\\\/cropped-LogoTheLYFLabs.png\",\"contentUrl\":\"https:\\\/\\\/thelyflabs.com\\\/wp-content\\\/uploads\\\/2023\\\/01\\\/cropped-LogoTheLYFLabs.png\",\"width\":600,\"height\":180,\"caption\":\"The LYF Labs\"},\"image\":{\"@id\":\"https:\\\/\\\/thelyflabs.com\\\/#\\\/schema\\\/logo\\\/image\\\/\"}}]}<\/script>\n<!-- \/ Yoast SEO plugin. -->","yoast_head_json":{"title":"Cartouche jetable STV Sativanol - Amnesia - THE LYF LABS","description":"Cartouche Amnesia avec STV Sativanol, disponible en gros. Profil herbac\u00e9 et citronn\u00e9, sans THC. Formats disponibles\u00a0: 1\u00a0ml et 2\u00a0ml.","robots":{"index":"index","follow":"follow","max-snippet":"max-snippet:-1","max-image-preview":"max-image-preview:large","max-video-preview":"max-video-preview:-1"},"canonical":"https:\/\/thelyflabs.com\/fr\/product\/cartucho-desechable-stv-sativanol-amnesia\/","og_locale":"fr_FR","og_type":"article","og_title":"Cartucho desechable STV Sativanol - Amnesia - THE LYF LABS","og_description":"Cartucho Amnesia con STV Sativanol para venta mayorista. Perfil herbal y c\u00edtrico, sin THC. Formatos de 1 ml y 2 ml disponibles.","og_url":"https:\/\/thelyflabs.com\/fr\/product\/cartucho-desechable-stv-sativanol-amnesia\/","og_site_name":"THE LYF LABS","article_modified_time":"2026-04-20T07:31:28+00:00","og_image":[{"width":1000,"height":1000,"url":"https:\/\/thelyflabs.com\/wp-content\/uploads\/2025\/05\/Bolsa-Cart-HHC-Amnesia-bolsa-2025-1.webp","type":"image\/webp"}],"twitter_card":"summary_large_image","twitter_misc":{"Dur\u00e9e de lecture estim\u00e9e":"4 minutes"},"schema":{"@context":"https:\/\/schema.org","@graph":[{"@type":"WebPage","@id":"https:\/\/thelyflabs.com\/product\/cartucho-desechable-stv-sativanol-amnesia","url":"https:\/\/thelyflabs.com\/product\/cartucho-desechable-stv-sativanol-amnesia","name":"Cartouche jetable STV Sativanol - Amnesia - THE LYF LABS","isPartOf":{"@id":"https:\/\/thelyflabs.com\/#website"},"primaryImageOfPage":{"@id":"https:\/\/thelyflabs.com\/product\/cartucho-desechable-stv-sativanol-amnesia#primaryimage"},"image":{"@id":"https:\/\/thelyflabs.com\/product\/cartucho-desechable-stv-sativanol-amnesia#primaryimage"},"thumbnailUrl":"https:\/\/thelyflabs.com\/wp-content\/uploads\/2025\/05\/Bolsa-Cart-HHC-Amnesia-bolsa-2025-1.webp","datePublished":"2025-05-13T21:53:06+00:00","dateModified":"2026-04-20T07:31:28+00:00","description":"Cartouche Amnesia avec STV Sativanol, disponible en gros. Profil herbac\u00e9 et citronn\u00e9, sans THC. Formats disponibles\u00a0: 1\u00a0ml et 2\u00a0ml.","breadcrumb":{"@id":"https:\/\/thelyflabs.com\/product\/cartucho-desechable-stv-sativanol-amnesia#breadcrumb"},"inLanguage":"fr-FR","potentialAction":[{"@type":"ReadAction","target":["https:\/\/thelyflabs.com\/product\/cartucho-desechable-stv-sativanol-amnesia"]}]},{"@type":"ImageObject","inLanguage":"fr-FR","@id":"https:\/\/thelyflabs.com\/product\/cartucho-desechable-stv-sativanol-amnesia#primaryimage","url":"https:\/\/thelyflabs.com\/wp-content\/uploads\/2025\/05\/Bolsa-Cart-HHC-Amnesia-bolsa-2025-1.webp","contentUrl":"https:\/\/thelyflabs.com\/wp-content\/uploads\/2025\/05\/Bolsa-Cart-HHC-Amnesia-bolsa-2025-1.webp","width":1000,"height":1000},{"@type":"BreadcrumbList","@id":"https:\/\/thelyflabs.com\/product\/cartucho-desechable-stv-sativanol-amnesia#breadcrumb","itemListElement":[{"@type":"ListItem","position":1,"name":"Portada","item":"https:\/\/thelyflabs.com\/"},{"@type":"ListItem","position":2,"name":"Tienda","item":"https:\/\/thelyflabs.com\/tienda"},{"@type":"ListItem","position":3,"name":"Cartucho desechable STV Sativanol &#8211; Amnesia"}]},{"@type":"WebSite","@id":"https:\/\/thelyflabs.com\/#website","url":"https:\/\/thelyflabs.com\/","name":"Les laboratoires LYF","description":"Vente en gros de CBD","publisher":{"@id":"https:\/\/thelyflabs.com\/#organization"},"potentialAction":[{"@type":"SearchAction","target":{"@type":"EntryPoint","urlTemplate":"https:\/\/thelyflabs.com\/?s={search_term_string}"},"query-input":{"@type":"PropertyValueSpecification","valueRequired":true,"valueName":"search_term_string"}}],"inLanguage":"fr-FR"},{"@type":"Organization","@id":"https:\/\/thelyflabs.com\/#organization","name":"Les laboratoires LYF","url":"https:\/\/thelyflabs.com\/","logo":{"@type":"ImageObject","inLanguage":"fr-FR","@id":"https:\/\/thelyflabs.com\/#\/schema\/logo\/image\/","url":"https:\/\/thelyflabs.com\/wp-content\/uploads\/2023\/01\/cropped-LogoTheLYFLabs.png","contentUrl":"https:\/\/thelyflabs.com\/wp-content\/uploads\/2023\/01\/cropped-LogoTheLYFLabs.png","width":600,"height":180,"caption":"The LYF Labs"},"image":{"@id":"https:\/\/thelyflabs.com\/#\/schema\/logo\/image\/"}}]}},"_links":{"self":[{"href":"https:\/\/thelyflabs.com\/fr\/wp-json\/wp\/v2\/product\/11938","targetHints":{"allow":["GET"]}}],"collection":[{"href":"https:\/\/thelyflabs.com\/fr\/wp-json\/wp\/v2\/product"}],"about":[{"href":"https:\/\/thelyflabs.com\/fr\/wp-json\/wp\/v2\/types\/product"}],"replies":[{"embeddable":true,"href":"https:\/\/thelyflabs.com\/fr\/wp-json\/wp\/v2\/comments?post=11938"}],"wp:featuredmedia":[{"embeddable":true,"href":"https:\/\/thelyflabs.com\/fr\/wp-json\/wp\/v2\/media\/11932"}],"wp:attachment":[{"href":"https:\/\/thelyflabs.com\/fr\/wp-json\/wp\/v2\/media?parent=11938"}],"wp:term":[{"taxonomy":"product_brand","embeddable":true,"href":"https:\/\/thelyflabs.com\/fr\/wp-json\/wp\/v2\/product_brand?post=11938"},{"taxonomy":"product_cat","embeddable":true,"href":"https:\/\/thelyflabs.com\/fr\/wp-json\/wp\/v2\/product_cat?post=11938"},{"taxonomy":"product_tag","embeddable":true,"href":"https:\/\/thelyflabs.com\/fr\/wp-json\/wp\/v2\/product_tag?post=11938"}],"curies":[{"name":"wp","href":"https:\/\/api.w.org\/{rel}","templated":true}]}}