{"id":11939,"date":"2025-05-13T23:53:07","date_gmt":"2025-05-13T21:53:07","guid":{"rendered":"https:\/\/thelyflabs.com\/?post_type=product&#038;p=11939"},"modified":"2026-04-08T11:55:23","modified_gmt":"2026-04-08T09:55:23","slug":"cartucho-desechable-stv-sativanol-gorilla-glue","status":"publish","type":"product","link":"https:\/\/thelyflabs.com\/fr\/product\/cartucho-desechable-stv-sativanol-gorilla-glue","title":{"rendered":"Cartouche jetable STV Sativanol \u2013 Gorilla Glue"},"content":{"rendered":"<h1 class=\"\" data-start=\"219\" data-end=\"269\">Cartouche jetable STV Sativanol \u2013 Gorilla Glue<\/h1>\n<p class=\"\" data-start=\"271\" data-end=\"413\"><strong data-start=\"271\" data-end=\"413\">\u00c7a frappe fort. \u00c7a colle bien. D\u00e9couvrez le STV au go\u00fbt de Gorilla Glue et associez-le \u00e0 votre c\u00f4t\u00e9 le plus puissant. Uniquement chez Iguana Smoke, votre boutique chill.<\/strong><\/p>\n<p class=\"\" data-start=\"415\" data-end=\"819\">Il <strong data-start=\"455\" data-end=\"507\">Cartouche jetable STV Sativanol \u2013 Gorilla Glue<\/strong> arrive pour r\u00e9volutionner votre routine. Cette dosette pr\u00e9-remplie combine la puissance stimulante du STV avec le profil de saveur embl\u00e9matique de <strong data-start=\"638\" data-end=\"654\">Colle Gorille<\/strong>, une vari\u00e9t\u00e9 l\u00e9gendaire connue pour son intensit\u00e9, sa profondeur terreuse et ses notes d&#039;agrumes collantes. Un m\u00e9lange qui relie l\u2019esprit et le corps sans vous d\u00e9connecter du monde.<\/p>\n<h3 class=\"\" data-start=\"821\" data-end=\"840\">Qu&#039;est-ce que le STV ?<\/h3>\n<p class=\"\" data-start=\"842\" data-end=\"1151\"><strong data-start=\"842\" data-end=\"861\">STV (Sativanol)<\/strong> Il s\u2019agit d\u2019un cannabino\u00efde de nouvelle g\u00e9n\u00e9ration d\u00e9riv\u00e9 du chanvre. Fabriqu\u00e9 \u00e0 l&#039;aide de techniques semi-synth\u00e9tiques de pr\u00e9cision, ce compos\u00e9 a \u00e9t\u00e9 d\u00e9velopp\u00e9 pour offrir une exp\u00e9rience claire, \u00e9nergique et stable, sans les effets secondaires typiques du THC ou des analogues tels que le HHC et le THCP.<\/p>\n<p class=\"\" data-start=\"1153\" data-end=\"1285\">Si vous cherchez <strong data-start=\"1171\" data-end=\"1193\">acheter STV en ligne<\/strong>Avec des effets stimulants mais sans parano\u00efa ni gueule de bois mentale, cette cartouche est faite pour vous.<\/p>\n<p class=\"\" data-start=\"1287\" data-end=\"1310\"><strong data-start=\"1287\" data-end=\"1310\">Avantages du STV :<\/strong><\/p>\n<ul data-start=\"1311\" data-end=\"1499\">\n<li class=\"\" data-start=\"1311\" data-end=\"1341\">\n<p class=\"\" data-start=\"1313\" data-end=\"1341\">Euphorie lucide et motivante.<\/p>\n<\/li>\n<li class=\"\" data-start=\"1381\" data-end=\"1409\">\n<p class=\"\" data-start=\"1383\" data-end=\"1409\">Aucune somnolence par la suite.<\/p>\n<\/li>\n<li class=\"\" data-start=\"1410\" data-end=\"1457\">\n<p class=\"\" data-start=\"1412\" data-end=\"1457\">Tol\u00e9rance stable m\u00eame en cas d&#039;utilisation fr\u00e9quente.<\/p>\n<\/li>\n<li class=\"\" data-start=\"1458\" data-end=\"1499\">\n<p class=\"\" data-start=\"1460\" data-end=\"1499\">Sans THC, THCP et HHC.<\/p>\n<\/li>\n<\/ul>\n<p class=\"\" data-start=\"1501\" data-end=\"1656\">La formule STV est id\u00e9ale pour ceux qui ont besoin d&#039;\u00eatre actifs, cr\u00e9atifs ou qui veulent simplement profiter d&#039;un moment de clart\u00e9 mentale sans se d\u00e9connecter.<\/p>\n<h3 class=\"\" data-start=\"1663\" data-end=\"1701\">Profil terp\u00e9nique de Gorilla Glue<\/h3>\n<p class=\"\" data-start=\"1703\" data-end=\"1936\">La souche <strong data-start=\"1711\" data-end=\"1727\">Colle Gorille<\/strong> (\u00e9galement connu sous le nom de GG4) est c\u00e9l\u00e8bre pour son effet \u00ab colle \u00bb \u2014 pas litt\u00e9ral, bien s\u00fbr \u2014 qui laisse le corps et l&#039;esprit coll\u00e9s au moment pr\u00e9sent, mais avec STV, l&#039;effet est fonctionnel et \u00e9veill\u00e9. Son profil terp\u00e9nique comprend :<\/p>\n<ul data-start=\"1937\" data-end=\"2130\">\n<li class=\"\" data-start=\"1937\" data-end=\"2005\">\n<p class=\"\" data-start=\"1939\" data-end=\"2005\"><strong data-start=\"1939\" data-end=\"1954\">caryophyll\u00e8ne<\/strong>:\u00e9pic\u00e9, piquant, aux propri\u00e9t\u00e9s stimulantes.<\/p>\n<\/li>\n<li class=\"\" data-start=\"2006\" data-end=\"2065\">\n<p class=\"\" data-start=\"2008\" data-end=\"2065\"><strong data-start=\"2008\" data-end=\"2020\">Limon\u00e8ne<\/strong>: un parfum d&#039;agrumes qui am\u00e9liore votre humeur.<\/p>\n<\/li>\n<li class=\"\" data-start=\"2066\" data-end=\"2130\">\n<p class=\"\" data-start=\"2068\" data-end=\"2130\"><strong data-start=\"2068\" data-end=\"2080\">Humul\u00e8ne<\/strong>:touche terreuse et herbac\u00e9e, avec un effet \u00e9quilibrant.<\/p>\n<\/li>\n<\/ul>\n<p class=\"\" data-start=\"2132\" data-end=\"2336\">Le r\u00e9sultat est une vape robuste avec un <strong data-start=\"2183\" data-end=\"2232\">ar\u00f4me qui combine la terre humide, le pin et le citron<\/strong>. Si vous aimez l&#039;intensit\u00e9 aromatique et la saveur authentique de la fleur, vous adorerez cette cartouche.<\/p>\n<hr class=\"\" data-start=\"2338\" data-end=\"2341\" \/>\n<h3 class=\"\" data-start=\"2343\" data-end=\"2378\">Qu&#039;est-ce qu&#039;une cartouche jetable ?<\/h3>\n<p class=\"\" data-start=\"2380\" data-end=\"2632\">UN <strong data-start=\"2383\" data-end=\"2406\">cartouche jetable<\/strong> (\u00e9galement connu sous le nom de <em data-start=\"2430\" data-end=\"2446\">chariot ou capsule<\/em>) est un r\u00e9cipient pr\u00e9-rempli de liquide de vapotage. Se connecte \u00e0 une batterie viss\u00e9e <strong data-start=\"2533\" data-end=\"2540\">510<\/strong> \u2014la norme de l\u2019industrie\u2014et est jet\u00e9 une fois termin\u00e9. Facile, propre et sans entretien.<\/p>\n<p class=\"\" data-start=\"2634\" data-end=\"2698\">Il <strong data-start=\"2637\" data-end=\"2678\">Cartouche STV Sativanol \u2013 Gorilla Glue<\/strong> est disponible en :<\/p>\n<ul data-start=\"2699\" data-end=\"2762\">\n<li class=\"\" data-start=\"2699\" data-end=\"2730\">\n<p class=\"\" data-start=\"2701\" data-end=\"2730\"><strong data-start=\"2701\" data-end=\"2709\">1 ml<\/strong> \u2013 Jusqu\u2019\u00e0 300 bouff\u00e9es.<\/p>\n<\/li>\n<li class=\"\" data-start=\"2731\" data-end=\"2762\">\n<p class=\"\" data-start=\"2733\" data-end=\"2762\"><strong data-start=\"2733\" data-end=\"2741\">2 ml<\/strong> \u2013 Jusqu\u2019\u00e0 600 bouff\u00e9es.<\/p>\n<\/li>\n<\/ul>\n<p class=\"\" data-start=\"2764\" data-end=\"2916\">Profitez d&#039;un e-liquide premium, sans impuret\u00e9s, avec un profil de saveur complexe et puissant qui vous offre une exp\u00e9rience intense sans compromettre la clart\u00e9.<\/p>\n<h3 class=\"\" data-start=\"2970\" data-end=\"3019\">Pourquoi choisir STV Sativanol \u2013 Gorilla Glue ?<\/h3>\n<p class=\"\" data-start=\"3021\" data-end=\"3224\"><strong data-start=\"3021\" data-end=\"3042\">Acheter un vapoteur STV<\/strong> C&#039;est pour ceux qui recherchent le meilleur du vapotage alternatif. Il n&#039;y a pas de THC ni de d\u00e9riv\u00e9s classiques, mais les effets sont comparables \u00e0 ceux des grands gar\u00e7ons : avec plus de contr\u00f4le, plus de concentration et moins de descentes.<\/p>\n<p class=\"\" data-start=\"3226\" data-end=\"3265\"><strong data-start=\"3226\" data-end=\"3265\">Ce qui rend cette cartouche sp\u00e9ciale :<\/strong><\/p>\n<ul data-start=\"3266\" data-end=\"3495\">\n<li class=\"\" data-start=\"3266\" data-end=\"3309\">\n<p class=\"\" data-start=\"3268\" data-end=\"3309\">Contient du STV Sativanol 100% sans THC.<\/p>\n<\/li>\n<li class=\"\" data-start=\"3310\" data-end=\"3349\">\n<p class=\"\" data-start=\"3312\" data-end=\"3349\">Profil de saveur de la colle Gorilla Glue de qualit\u00e9 sup\u00e9rieure.<\/p>\n<\/li>\n<li class=\"\" data-start=\"3350\" data-end=\"3384\">\n<p class=\"\" data-start=\"3352\" data-end=\"3384\">Compatible avec les appareils 510.<\/p>\n<\/li>\n<li class=\"\" data-start=\"3385\" data-end=\"3420\">\n<p class=\"\" data-start=\"3387\" data-end=\"3420\">Il ne g\u00e9n\u00e8re pas de tol\u00e9rance cumulative.<\/p>\n<\/li>\n<li class=\"\" data-start=\"3421\" data-end=\"3453\">\n<p class=\"\" data-start=\"3423\" data-end=\"3453\">Fabriqu\u00e9 avec du chanvre biologique.<\/p>\n<\/li>\n<\/ul>\n<p class=\"\" data-start=\"3497\" data-end=\"3649\">Que vous soyez novice en mati\u00e8re de cannabino\u00efdes ou un v\u00e9t\u00e9ran chevronn\u00e9, cette cartouche a tout pour plaire : une saveur puissante, un effet fonctionnel et un design compact.<\/p>\n<h3 class=\"\" data-start=\"3656\" data-end=\"3686\">O\u00f9 acheter STV en ligne ?<\/h3>\n<p class=\"\" data-start=\"3688\" data-end=\"3786\">Juste ici dans <strong data-start=\"3703\" data-end=\"3719\">Fum\u00e9e d&#039;iguane<\/strong>, votre magasin de confiance. Peut <strong data-start=\"3752\" data-end=\"3774\">acheter STV en ligne<\/strong>, et aussi :<\/p>\n<ul data-start=\"3787\" data-end=\"4076\">\n<li class=\"\" data-start=\"3787\" data-end=\"3837\">\n<p class=\"\" data-start=\"3789\" data-end=\"3837\"><strong data-start=\"3789\" data-end=\"3836\">Achetez une cartouche STV au go\u00fbt Gorilla Glue<\/strong>.<\/p>\n<\/li>\n<li class=\"\" data-start=\"3838\" data-end=\"3906\">\n<p class=\"\" data-start=\"3840\" data-end=\"3906\"><strong data-start=\"3840\" data-end=\"3871\">Achetez des capsules sans THC mais avec un effet similaire<\/strong> (oui, c&#039;est fou, mais c&#039;est r\u00e9el).<\/p>\n<\/li>\n<\/ul>\n<p class=\"\" data-start=\"4078\" data-end=\"4201\">Exp\u00e9dition rapide, service amical et un magasin qui garde une longueur d&#039;avance. Parce que si vous allez vapoter, faites-le avec style et avec les derni\u00e8res nouveaut\u00e9s.<\/p>\n<h3 class=\"\" data-start=\"4208\" data-end=\"4280\">STV Sativanol \u2013 Gorilla Glue : Quand vous voulez plus qu&#039;une simple vape<\/h3>\n<p class=\"\" data-start=\"4282\" data-end=\"4495\">Vous n\u2019avez plus besoin de rechercher des formules douteuses pour obtenir un bon effet. Avec cette cartouche, le STV vous donne l&#039;\u00e9nergie et la concentration dont vous avez besoin, tandis que la saveur Gorilla Glue vous connecte au chanvre le plus pur.<\/p>\n<p class=\"\" data-start=\"4497\" data-end=\"4591\">Emportez-le dans votre poche, utilisez-le quand vous en avez besoin et profitez d&#039;un moment qui en vaut trois.<\/p>\n<hr class=\"\" data-start=\"4593\" data-end=\"4596\" \/>\n<p class=\"\" data-start=\"4598\" data-end=\"4680\"><strong data-start=\"4598\" data-end=\"4680\">Ce produit est un objet de collection. Ne convient pas \u00e0 la combustion ou \u00e0 la consommation directe.<\/strong><\/p>\n<p class=\"\" data-start=\"4682\" data-end=\"4819\"><strong data-start=\"4682\" data-end=\"4819\">Il ne contient pas de cannabino\u00efdes inclus dans l&#039;annexe I du d\u00e9cret royal 2829\/1977 ni de substances contr\u00f4l\u00e9es par des conventions internationales.<\/strong><\/p>","protected":false},"excerpt":{"rendered":"<h4>Cartouche jetable STV Sativanol \u2013 Gorilla Glue<\/h4>\n<h4><strong>Caract\u00e9ristiques<\/strong><\/h4>\n<ul>\n<li>Connexion : tapez 510<\/li>\n<li>Capacit\u00e9: <span style=\"font-size: 16px\">1 ml \/ 2 ml<\/span><\/li>\n<li>Bouff\u00e9es : <span style=\"font-size: 16px\">300 \/ 600<\/span><\/li>\n<li>Terp\u00e8nes naturels de haute qualit\u00e9<\/li>\n<li>STV (Sativanol)<\/li>\n<li>CBD : 40%<\/li>\n<li>CBG : 30%<\/li>\n<li>THC\u00a0: 0%<\/li>\n<li>HHC: 0%<\/li>\n<li>THC-P : 0%Nicotine : 0%<\/li>\n<li>Ne contient pas de VG, PG, PEG, MCT ou tout autre agent de coupe. Tous nos produits sont issus de chanvre industriel certifi\u00e9. Ils contiennent moins de 0,3% de THC et ne contiennent aucun cannabino\u00efde ill\u00e9gaux tels que HHC, HHC-P, THCP, THCP-O, H4CBD ou l&#039;un de leurs d\u00e9riv\u00e9s. vous pouvez consulter <a href=\"https:\/\/iguanasmoke.com\/analiticas\/\" target=\"_blank\" rel=\"noopener\">Certificat d&#039;analyse ici<\/a><\/li>\n<\/ul>","protected":false},"featured_media":11933,"comment_status":"open","ping_status":"closed","template":"","meta":{"_acf_changed":false,"site-sidebar-layout":"default","site-content-layout":"","ast-site-content-layout":"default","site-content-style":"default","site-sidebar-style":"default","ast-global-header-display":"","ast-banner-title-visibility":"","ast-main-header-display":"","ast-hfb-above-header-display":"","ast-hfb-below-header-display":"","ast-hfb-mobile-header-display":"","site-post-title":"","ast-breadcrumbs-content":"","ast-featured-img":"","footer-sml-layout":"","theme-transparent-header-meta":"default","adv-header-id-meta":"","stick-header-meta":"","header-above-stick-meta":"","header-main-stick-meta":"","header-below-stick-meta":"","astra-migrate-meta-layouts":"set","ast-page-background-enabled":"default","ast-page-background-meta":{"desktop":{"background-color":"var(--ast-global-color-4)","background-image":"","background-repeat":"repeat","background-position":"center center","background-size":"auto","background-attachment":"scroll","background-type":"","background-media":"","overlay-type":"","overlay-color":"","overlay-opacity":"","overlay-gradient":""},"tablet":{"background-color":"","background-image":"","background-repeat":"repeat","background-position":"center center","background-size":"auto","background-attachment":"scroll","background-type":"","background-media":"","overlay-type":"","overlay-color":"","overlay-opacity":"","overlay-gradient":""},"mobile":{"background-color":"","background-image":"","background-repeat":"repeat","background-position":"center center","background-size":"auto","background-attachment":"scroll","background-type":"","background-media":"","overlay-type":"","overlay-color":"","overlay-opacity":"","overlay-gradient":""}},"ast-content-background-meta":{"desktop":{"background-color":"var(--ast-global-color-5)","background-image":"","background-repeat":"repeat","background-position":"center center","background-size":"auto","background-attachment":"scroll","background-type":"","background-media":"","overlay-type":"","overlay-color":"","overlay-opacity":"","overlay-gradient":""},"tablet":{"background-color":"var(--ast-global-color-5)","background-image":"","background-repeat":"repeat","background-position":"center center","background-size":"auto","background-attachment":"scroll","background-type":"","background-media":"","overlay-type":"","overlay-color":"","overlay-opacity":"","overlay-gradient":""},"mobile":{"background-color":"var(--ast-global-color-5)","background-image":"","background-repeat":"repeat","background-position":"center center","background-size":"auto","background-attachment":"scroll","background-type":"","background-media":"","overlay-type":"","overlay-color":"","overlay-opacity":"","overlay-gradient":""}}},"product_brand":[],"product_cat":[91,146,143,138],"product_tag":[],"class_list":{"0":"post-11939","1":"product","2":"type-product","3":"status-publish","4":"has-post-thumbnail","6":"product_cat-cartuchos","7":"product_cat-nuevas-moleculas","8":"product_cat-stv","9":"product_cat-stv-sativanol","10":"desktop-align-center","11":"tablet-align-left","12":"mobile-align-left","14":"first","15":"instock","16":"taxable","17":"shipping-taxable","18":"purchasable","19":"product-type-variable"},"acf":[],"yoast_head":"<!-- This site is optimized with the Yoast SEO plugin v27.3 - https:\/\/yoast.com\/product\/yoast-seo-wordpress\/ -->\n<title>Cartucho desechable STV Sativanol - Gorilla Glue - THE LYF LABS<\/title>\n<meta name=\"description\" content=\"Cartucho STV Sativanol Gorilla Glue para distribuidores. Sabor terroso y relajante, sin THC. Venta mayorista en formatos de 1 ml y 2 ml.\" \/>\n<meta name=\"robots\" content=\"index, follow, max-snippet:-1, max-image-preview:large, max-video-preview:-1\" \/>\n<link rel=\"canonical\" href=\"https:\/\/thelyflabs.com\/fr\/product\/cartucho-desechable-stv-sativanol-gorilla-glue\/\" \/>\n<meta property=\"og:locale\" content=\"fr_FR\" \/>\n<meta property=\"og:type\" content=\"article\" \/>\n<meta property=\"og:title\" content=\"Cartucho desechable STV Sativanol - Gorilla Glue - THE LYF LABS\" \/>\n<meta property=\"og:description\" content=\"Cartucho STV Sativanol Gorilla Glue para distribuidores. Sabor terroso y relajante, sin THC. Venta mayorista en formatos de 1 ml y 2 ml.\" \/>\n<meta property=\"og:url\" content=\"https:\/\/thelyflabs.com\/fr\/product\/cartucho-desechable-stv-sativanol-gorilla-glue\/\" \/>\n<meta property=\"og:site_name\" content=\"THE LYF LABS\" \/>\n<meta property=\"article:modified_time\" content=\"2026-04-08T09:55:23+00:00\" \/>\n<meta property=\"og:image\" content=\"https:\/\/thelyflabs.com\/wp-content\/uploads\/2025\/05\/Bolsa-Cart-HHC-Gorilla-Glue-bolsa-2025.webp\" \/>\n\t<meta property=\"og:image:width\" content=\"1000\" \/>\n\t<meta property=\"og:image:height\" content=\"1000\" \/>\n\t<meta property=\"og:image:type\" content=\"image\/webp\" \/>\n<meta name=\"twitter:card\" content=\"summary_large_image\" \/>\n<meta name=\"twitter:label1\" content=\"Dur\u00e9e de lecture estim\u00e9e\" \/>\n\t<meta name=\"twitter:data1\" content=\"4 minutes\" \/>\n<script type=\"application\/ld+json\" class=\"yoast-schema-graph\">{\"@context\":\"https:\\\/\\\/schema.org\",\"@graph\":[{\"@type\":\"WebPage\",\"@id\":\"https:\\\/\\\/thelyflabs.com\\\/product\\\/cartucho-desechable-stv-sativanol-gorilla-glue\",\"url\":\"https:\\\/\\\/thelyflabs.com\\\/product\\\/cartucho-desechable-stv-sativanol-gorilla-glue\",\"name\":\"Cartucho desechable STV Sativanol - Gorilla Glue - THE LYF LABS\",\"isPartOf\":{\"@id\":\"https:\\\/\\\/thelyflabs.com\\\/#website\"},\"primaryImageOfPage\":{\"@id\":\"https:\\\/\\\/thelyflabs.com\\\/product\\\/cartucho-desechable-stv-sativanol-gorilla-glue#primaryimage\"},\"image\":{\"@id\":\"https:\\\/\\\/thelyflabs.com\\\/product\\\/cartucho-desechable-stv-sativanol-gorilla-glue#primaryimage\"},\"thumbnailUrl\":\"https:\\\/\\\/thelyflabs.com\\\/wp-content\\\/uploads\\\/2025\\\/05\\\/Bolsa-Cart-HHC-Gorilla-Glue-bolsa-2025.webp\",\"datePublished\":\"2025-05-13T21:53:07+00:00\",\"dateModified\":\"2026-04-08T09:55:23+00:00\",\"description\":\"Cartucho STV Sativanol Gorilla Glue para distribuidores. Sabor terroso y relajante, sin THC. Venta mayorista en formatos de 1 ml y 2 ml.\",\"breadcrumb\":{\"@id\":\"https:\\\/\\\/thelyflabs.com\\\/product\\\/cartucho-desechable-stv-sativanol-gorilla-glue#breadcrumb\"},\"inLanguage\":\"fr-FR\",\"potentialAction\":[{\"@type\":\"ReadAction\",\"target\":[\"https:\\\/\\\/thelyflabs.com\\\/product\\\/cartucho-desechable-stv-sativanol-gorilla-glue\"]}]},{\"@type\":\"ImageObject\",\"inLanguage\":\"fr-FR\",\"@id\":\"https:\\\/\\\/thelyflabs.com\\\/product\\\/cartucho-desechable-stv-sativanol-gorilla-glue#primaryimage\",\"url\":\"https:\\\/\\\/thelyflabs.com\\\/wp-content\\\/uploads\\\/2025\\\/05\\\/Bolsa-Cart-HHC-Gorilla-Glue-bolsa-2025.webp\",\"contentUrl\":\"https:\\\/\\\/thelyflabs.com\\\/wp-content\\\/uploads\\\/2025\\\/05\\\/Bolsa-Cart-HHC-Gorilla-Glue-bolsa-2025.webp\",\"width\":1000,\"height\":1000},{\"@type\":\"BreadcrumbList\",\"@id\":\"https:\\\/\\\/thelyflabs.com\\\/product\\\/cartucho-desechable-stv-sativanol-gorilla-glue#breadcrumb\",\"itemListElement\":[{\"@type\":\"ListItem\",\"position\":1,\"name\":\"Portada\",\"item\":\"https:\\\/\\\/thelyflabs.com\\\/\"},{\"@type\":\"ListItem\",\"position\":2,\"name\":\"Tienda\",\"item\":\"https:\\\/\\\/thelyflabs.com\\\/tienda\"},{\"@type\":\"ListItem\",\"position\":3,\"name\":\"Cartucho desechable STV Sativanol &#8211; Gorilla Glue\"}]},{\"@type\":\"WebSite\",\"@id\":\"https:\\\/\\\/thelyflabs.com\\\/#website\",\"url\":\"https:\\\/\\\/thelyflabs.com\\\/\",\"name\":\"The LYF Labs\",\"description\":\"CBD al por mayor\",\"publisher\":{\"@id\":\"https:\\\/\\\/thelyflabs.com\\\/#organization\"},\"potentialAction\":[{\"@type\":\"SearchAction\",\"target\":{\"@type\":\"EntryPoint\",\"urlTemplate\":\"https:\\\/\\\/thelyflabs.com\\\/?s={search_term_string}\"},\"query-input\":{\"@type\":\"PropertyValueSpecification\",\"valueRequired\":true,\"valueName\":\"search_term_string\"}}],\"inLanguage\":\"fr-FR\"},{\"@type\":\"Organization\",\"@id\":\"https:\\\/\\\/thelyflabs.com\\\/#organization\",\"name\":\"The LYF Labs\",\"url\":\"https:\\\/\\\/thelyflabs.com\\\/\",\"logo\":{\"@type\":\"ImageObject\",\"inLanguage\":\"fr-FR\",\"@id\":\"https:\\\/\\\/thelyflabs.com\\\/#\\\/schema\\\/logo\\\/image\\\/\",\"url\":\"https:\\\/\\\/thelyflabs.com\\\/wp-content\\\/uploads\\\/2023\\\/01\\\/cropped-LogoTheLYFLabs.png\",\"contentUrl\":\"https:\\\/\\\/thelyflabs.com\\\/wp-content\\\/uploads\\\/2023\\\/01\\\/cropped-LogoTheLYFLabs.png\",\"width\":600,\"height\":180,\"caption\":\"The LYF Labs\"},\"image\":{\"@id\":\"https:\\\/\\\/thelyflabs.com\\\/#\\\/schema\\\/logo\\\/image\\\/\"}}]}<\/script>\n<!-- \/ Yoast SEO plugin. -->","yoast_head_json":{"title":"Cartucho desechable STV Sativanol - Gorilla Glue - THE LYF LABS","description":"Cartucho STV Sativanol Gorilla Glue para distribuidores. Sabor terroso y relajante, sin THC. Venta mayorista en formatos de 1 ml y 2 ml.","robots":{"index":"index","follow":"follow","max-snippet":"max-snippet:-1","max-image-preview":"max-image-preview:large","max-video-preview":"max-video-preview:-1"},"canonical":"https:\/\/thelyflabs.com\/fr\/product\/cartucho-desechable-stv-sativanol-gorilla-glue\/","og_locale":"fr_FR","og_type":"article","og_title":"Cartucho desechable STV Sativanol - Gorilla Glue - THE LYF LABS","og_description":"Cartucho STV Sativanol Gorilla Glue para distribuidores. Sabor terroso y relajante, sin THC. Venta mayorista en formatos de 1 ml y 2 ml.","og_url":"https:\/\/thelyflabs.com\/fr\/product\/cartucho-desechable-stv-sativanol-gorilla-glue\/","og_site_name":"THE LYF LABS","article_modified_time":"2026-04-08T09:55:23+00:00","og_image":[{"width":1000,"height":1000,"url":"https:\/\/thelyflabs.com\/wp-content\/uploads\/2025\/05\/Bolsa-Cart-HHC-Gorilla-Glue-bolsa-2025.webp","type":"image\/webp"}],"twitter_card":"summary_large_image","twitter_misc":{"Dur\u00e9e de lecture estim\u00e9e":"4 minutes"},"schema":{"@context":"https:\/\/schema.org","@graph":[{"@type":"WebPage","@id":"https:\/\/thelyflabs.com\/product\/cartucho-desechable-stv-sativanol-gorilla-glue","url":"https:\/\/thelyflabs.com\/product\/cartucho-desechable-stv-sativanol-gorilla-glue","name":"Cartucho desechable STV Sativanol - Gorilla Glue - THE LYF LABS","isPartOf":{"@id":"https:\/\/thelyflabs.com\/#website"},"primaryImageOfPage":{"@id":"https:\/\/thelyflabs.com\/product\/cartucho-desechable-stv-sativanol-gorilla-glue#primaryimage"},"image":{"@id":"https:\/\/thelyflabs.com\/product\/cartucho-desechable-stv-sativanol-gorilla-glue#primaryimage"},"thumbnailUrl":"https:\/\/thelyflabs.com\/wp-content\/uploads\/2025\/05\/Bolsa-Cart-HHC-Gorilla-Glue-bolsa-2025.webp","datePublished":"2025-05-13T21:53:07+00:00","dateModified":"2026-04-08T09:55:23+00:00","description":"Cartucho STV Sativanol Gorilla Glue para distribuidores. Sabor terroso y relajante, sin THC. Venta mayorista en formatos de 1 ml y 2 ml.","breadcrumb":{"@id":"https:\/\/thelyflabs.com\/product\/cartucho-desechable-stv-sativanol-gorilla-glue#breadcrumb"},"inLanguage":"fr-FR","potentialAction":[{"@type":"ReadAction","target":["https:\/\/thelyflabs.com\/product\/cartucho-desechable-stv-sativanol-gorilla-glue"]}]},{"@type":"ImageObject","inLanguage":"fr-FR","@id":"https:\/\/thelyflabs.com\/product\/cartucho-desechable-stv-sativanol-gorilla-glue#primaryimage","url":"https:\/\/thelyflabs.com\/wp-content\/uploads\/2025\/05\/Bolsa-Cart-HHC-Gorilla-Glue-bolsa-2025.webp","contentUrl":"https:\/\/thelyflabs.com\/wp-content\/uploads\/2025\/05\/Bolsa-Cart-HHC-Gorilla-Glue-bolsa-2025.webp","width":1000,"height":1000},{"@type":"BreadcrumbList","@id":"https:\/\/thelyflabs.com\/product\/cartucho-desechable-stv-sativanol-gorilla-glue#breadcrumb","itemListElement":[{"@type":"ListItem","position":1,"name":"Portada","item":"https:\/\/thelyflabs.com\/"},{"@type":"ListItem","position":2,"name":"Tienda","item":"https:\/\/thelyflabs.com\/tienda"},{"@type":"ListItem","position":3,"name":"Cartucho desechable STV Sativanol &#8211; Gorilla Glue"}]},{"@type":"WebSite","@id":"https:\/\/thelyflabs.com\/#website","url":"https:\/\/thelyflabs.com\/","name":"Les laboratoires LYF","description":"Vente en gros de CBD","publisher":{"@id":"https:\/\/thelyflabs.com\/#organization"},"potentialAction":[{"@type":"SearchAction","target":{"@type":"EntryPoint","urlTemplate":"https:\/\/thelyflabs.com\/?s={search_term_string}"},"query-input":{"@type":"PropertyValueSpecification","valueRequired":true,"valueName":"search_term_string"}}],"inLanguage":"fr-FR"},{"@type":"Organization","@id":"https:\/\/thelyflabs.com\/#organization","name":"Les laboratoires LYF","url":"https:\/\/thelyflabs.com\/","logo":{"@type":"ImageObject","inLanguage":"fr-FR","@id":"https:\/\/thelyflabs.com\/#\/schema\/logo\/image\/","url":"https:\/\/thelyflabs.com\/wp-content\/uploads\/2023\/01\/cropped-LogoTheLYFLabs.png","contentUrl":"https:\/\/thelyflabs.com\/wp-content\/uploads\/2023\/01\/cropped-LogoTheLYFLabs.png","width":600,"height":180,"caption":"The LYF Labs"},"image":{"@id":"https:\/\/thelyflabs.com\/#\/schema\/logo\/image\/"}}]}},"_links":{"self":[{"href":"https:\/\/thelyflabs.com\/fr\/wp-json\/wp\/v2\/product\/11939","targetHints":{"allow":["GET"]}}],"collection":[{"href":"https:\/\/thelyflabs.com\/fr\/wp-json\/wp\/v2\/product"}],"about":[{"href":"https:\/\/thelyflabs.com\/fr\/wp-json\/wp\/v2\/types\/product"}],"replies":[{"embeddable":true,"href":"https:\/\/thelyflabs.com\/fr\/wp-json\/wp\/v2\/comments?post=11939"}],"wp:featuredmedia":[{"embeddable":true,"href":"https:\/\/thelyflabs.com\/fr\/wp-json\/wp\/v2\/media\/11933"}],"wp:attachment":[{"href":"https:\/\/thelyflabs.com\/fr\/wp-json\/wp\/v2\/media?parent=11939"}],"wp:term":[{"taxonomy":"product_brand","embeddable":true,"href":"https:\/\/thelyflabs.com\/fr\/wp-json\/wp\/v2\/product_brand?post=11939"},{"taxonomy":"product_cat","embeddable":true,"href":"https:\/\/thelyflabs.com\/fr\/wp-json\/wp\/v2\/product_cat?post=11939"},{"taxonomy":"product_tag","embeddable":true,"href":"https:\/\/thelyflabs.com\/fr\/wp-json\/wp\/v2\/product_tag?post=11939"}],"curies":[{"name":"wp","href":"https:\/\/api.w.org\/{rel}","templated":true}]}}