{"id":11940,"date":"2025-05-13T23:53:08","date_gmt":"2025-05-13T21:53:08","guid":{"rendered":"https:\/\/thelyflabs.com\/?post_type=product&#038;p=11940"},"modified":"2026-04-20T09:31:40","modified_gmt":"2026-04-20T07:31:40","slug":"cartucho-desechable-stv-sativanol-gelato","status":"publish","type":"product","link":"https:\/\/thelyflabs.com\/fr\/product\/cartucho-desechable-stv-sativanol-gelato","title":{"rendered":"Cartouche jetable STV Sativanol \u2013 Gelato"},"content":{"rendered":"<h1>Cartouche jetable STV Sativanol \u2013 Gelato<\/h1>\n<p class=\"\" data-start=\"232\" data-end=\"355\"><strong data-start=\"232\" data-end=\"355\">D\u00e9couvrez la puissance du Sativanol avec notre cartouche exclusive STV \u00e0 saveur Gelato. Uniquement chez Iguana Smoke, votre boutique chill.<\/strong><\/p>\n<p class=\"\" data-start=\"357\" data-end=\"730\">Vous recherchez une exp\u00e9rience de vapotage diff\u00e9rente, stimulante et sans THC ? Avec le <strong data-start=\"431\" data-end=\"477\">Cartouche jetable STV Sativanol \u2013 Gelato<\/strong>, tu vas paniquer. Cette capsule de vapotage contient une formule innovante avec <strong data-start=\"551\" data-end=\"570\">STV \u2013 Sativanol<\/strong>, un cannabino\u00efde r\u00e9volutionnaire id\u00e9al pour ceux qui recherchent la clart\u00e9 mentale, l&#039;euphorie cr\u00e9ative et le z\u00e9ro d\u00e9prime.<\/p>\n<h3 class=\"\" data-start=\"732\" data-end=\"751\">Qu&#039;est-ce que le STV ?<\/h3>\n<p class=\"\" data-start=\"753\" data-end=\"1076\"><strong data-start=\"753\" data-end=\"772\">STV (Sativanol)<\/strong> est l&#039;avenir des cannabino\u00efdes. D\u00e9velopp\u00e9 \u00e0 partir de chanvre industriel et am\u00e9lior\u00e9 \u00e0 l&#039;aide de techniques semi-synth\u00e9tiques avanc\u00e9es, ce compos\u00e9 a \u00e9t\u00e9 con\u00e7u pour maximiser ses bienfaits stimulants sans les effets n\u00e9gatifs associ\u00e9s aux cannabino\u00efdes plus courants tels que le THC, le THCP ou le HHC.<\/p>\n<p class=\"\" data-start=\"1078\" data-end=\"1251\">Ce n\u2019est pas du THC, mais son effet est tout aussi puissant et beaucoup plus fonctionnel. <strong data-start=\"1151\" data-end=\"1173\">Achetez STV en ligne<\/strong> C&#039;est l&#039;option id\u00e9ale si vous souhaitez une exp\u00e9rience propre, concentr\u00e9e et \u00e9nergisante.<\/p>\n<p class=\"\" data-start=\"1253\" data-end=\"1273\"><strong data-start=\"1253\" data-end=\"1273\">Effets du STV :<\/strong><\/p>\n<ul data-start=\"1274\" data-end=\"1477\">\n<li class=\"\" data-start=\"1274\" data-end=\"1304\">\n<p class=\"\" data-start=\"1276\" data-end=\"1304\">Clart\u00e9 mentale de type sativa.<\/p>\n<\/li>\n<li class=\"\" data-start=\"1305\" data-end=\"1334\">\n<p class=\"\" data-start=\"1307\" data-end=\"1334\">Euphorie douce mais intense.<\/p>\n<\/li>\n<li class=\"\" data-start=\"1335\" data-end=\"1368\">\n<p class=\"\" data-start=\"1337\" data-end=\"1368\">Sensation de bien-\u00eatre accru.<\/p>\n<\/li>\n<li class=\"\" data-start=\"1369\" data-end=\"1405\">\n<p class=\"\" data-start=\"1371\" data-end=\"1405\">Aucune somnolence le lendemain.<\/p>\n<\/li>\n<li class=\"\" data-start=\"1406\" data-end=\"1477\">\n<p class=\"\" data-start=\"1408\" data-end=\"1477\">Les effets sont maintenus avec une utilisation prolong\u00e9e.<\/p>\n<\/li>\n<\/ul>\n<p class=\"\" data-start=\"1479\" data-end=\"1732\">Ce cannabino\u00efde ne contient pas de THC ni ses variantes, vous pouvez donc en profiter en toute tranquillit\u00e9.<\/p>\n<h3 class=\"\" data-start=\"1739\" data-end=\"1774\">Qu&#039;est-ce qu&#039;une cartouche jetable ?<\/h3>\n<p class=\"\" data-start=\"1776\" data-end=\"2086\">UN <strong data-start=\"1779\" data-end=\"1812\">cartouche ou capsule jetable<\/strong> C&#039;est une fa\u00e7on pratique et moderne de profiter de vos liquides de vapotage pr\u00e9f\u00e9r\u00e9s. Con\u00e7ues pour \u00eatre utilis\u00e9es avec des batteries de type 510, ces cartouches sont faciles \u00e0 installer et \u00e0 jeter une fois vides. Pas de remplissage et pas de tracas !<\/p>\n<p class=\"\" data-start=\"2088\" data-end=\"2444\">Il <strong data-start=\"2091\" data-end=\"2137\">Cartouche jetable STV Sativanol \u2013 Gelato<\/strong> Il est charg\u00e9 avec 1 ou 2 ml de liquide premium, sans impuret\u00e9s et avec toute la saveur douce et cr\u00e9meuse de la vari\u00e9t\u00e9 <strong data-start=\"2236\" data-end=\"2246\">Gelato<\/strong>, l&#039;un des favoris du monde du cannabis. \u00c0 chaque bouff\u00e9e, vous profiterez d&#039;un d\u00e9licieux profil de saveur tout en sentant votre corps et votre esprit s&#039;aligner dans un \u00e9tat d&#039;\u00e9nergie positive et de concentration.<\/p>\n<p class=\"\" data-start=\"2446\" data-end=\"2472\">Disponible en deux tailles :<\/p>\n<ul data-start=\"2473\" data-end=\"2536\">\n<li class=\"\" data-start=\"2473\" data-end=\"2504\">\n<p class=\"\" data-start=\"2475\" data-end=\"2504\"><strong data-start=\"2475\" data-end=\"2483\">1 ml<\/strong> \u2013 Jusqu\u2019\u00e0 300 bouff\u00e9es.<\/p>\n<\/li>\n<li class=\"\" data-start=\"2505\" data-end=\"2536\">\n<p class=\"\" data-start=\"2507\" data-end=\"2536\"><strong data-start=\"2507\" data-end=\"2515\">2 ml<\/strong> \u2013 Jusqu\u2019\u00e0 600 bouff\u00e9es.<\/p>\n<\/li>\n<\/ul>\n<p class=\"\" data-start=\"2538\" data-end=\"2598\"><strong data-start=\"2538\" data-end=\"2565\">Facile, confortable et propre.<\/strong> Branchez-le, inspirez et profitez.<\/p>\n<h3 class=\"\" data-start=\"2605\" data-end=\"2651\">Pourquoi choisir STV Sativanol \u2013 Gelato ?<\/h3>\n<p class=\"\" data-start=\"2653\" data-end=\"3002\"><strong data-start=\"2653\" data-end=\"2674\">Acheter Vaper STV<\/strong> c&#039;est choisir la qualit\u00e9 et l&#039;innovation. Chez Iguana Smoke, nous travaillons uniquement avec des produits test\u00e9s et fabriqu\u00e9s avec des extraits de chanvre biologique certifi\u00e9s.<\/p>\n<p class=\"\" data-start=\"3004\" data-end=\"3023\"><strong data-start=\"3004\" data-end=\"3023\">Principaux avantages :<\/strong><\/p>\n<ul data-start=\"3024\" data-end=\"3201\">\n<li class=\"\" data-start=\"3024\" data-end=\"3047\">\n<p class=\"\" data-start=\"3026\" data-end=\"3047\">Sans THC, THCP ou HHC.<\/p>\n<\/li>\n<li class=\"\" data-start=\"3048\" data-end=\"3069\">\n<p class=\"\" data-start=\"3050\" data-end=\"3069\">Cela ne cr\u00e9e pas de tol\u00e9rance.<\/p>\n<\/li>\n<li class=\"\" data-start=\"3070\" data-end=\"3096\">\n<p class=\"\" data-start=\"3072\" data-end=\"3096\">Stimulant et fonctionnel.<\/p>\n<\/li>\n<li class=\"\" data-start=\"3097\" data-end=\"3120\">\n<p class=\"\" data-start=\"3099\" data-end=\"3120\">Saveur de glace de qualit\u00e9 sup\u00e9rieure.<\/p>\n<\/li>\n<li class=\"\" data-start=\"3121\" data-end=\"3173\">\n<p class=\"\" data-start=\"3123\" data-end=\"3173\">Compatible avec la plupart des batteries du march\u00e9.<\/p>\n<\/li>\n<li class=\"\" data-start=\"3174\" data-end=\"3201\">\n<p class=\"\" data-start=\"3176\" data-end=\"3201\">Parfait pour un usage quotidien.<\/p>\n<\/li>\n<\/ul>\n<h3 class=\"\" data-start=\"4317\" data-end=\"4370\">STV Sativanol \u2013 Gelato\u00a0: ce dont votre routine a besoin<\/h3>\n<p class=\"\" data-start=\"4372\" data-end=\"4666\">Oubliez les produits qui promettent beaucoup et ne livrent rien. La cartouche STV Gelato est <strong data-start=\"4454\" data-end=\"4517\">l&#039;\u00e9quilibre parfait entre go\u00fbt, effets et fonctionnalit\u00e9<\/strong>. Gr\u00e2ce \u00e0 son design compact et \u00e0 son contenu puissant, vous pouvez en profiter partout : \u00e0 la maison, au travail, en d\u00e9placement... o\u00f9 vous le souhaitez !<\/p>\n<p class=\"\" data-start=\"4668\" data-end=\"4856\">Tu sais, si tu cherches <strong data-start=\"4696\" data-end=\"4711\">acheter STV<\/strong>, ne cherchez pas plus loin. Iguana Smoke est votre magasin de d\u00e9tente et ici nous avons tout pr\u00eat pour que vous viviez l&#039;exp\u00e9rience de <strong data-start=\"4827\" data-end=\"4840\">Sativanol<\/strong> comme il le m\u00e9rite.<\/p>\n<div class=\"ewd-ufaq-faq-body\">\n<p>Il s&#039;agit d&#039;un produit de collection. Pas pour la consommation directe ou le tabagisme.<\/p>\n<\/div>\n<div class=\"ewd-ufaq-faq-body\">\n<p><span style=\"font-size: 16px\">Ce produit ne contient pas de cannabino\u00efdes inclus dans l&#039;annexe 1 du d\u00e9cret royal 2829\/1977, mis \u00e0 jour par l&#039;arr\u00eat\u00e9 SND\/380\/2025, du 14 avril, ni de substances contr\u00f4l\u00e9es par la Convention unique sur les stup\u00e9fiants de 1961 et la Convention sur les substances psychotropes de 1971.<\/span><\/p>\n<\/div>","protected":false},"excerpt":{"rendered":"<h4>Cartouche jetable STV Sativanol \u2013 Gelato<\/h4>\n<h4><strong>Caract\u00e9ristiques<\/strong><\/h4>\n<ul>\n<li>Connexion : tapez 510<\/li>\n<li>Capacit\u00e9: <span style=\"font-size: 16px\">1 ml \/ 2 ml<\/span><\/li>\n<li>Bouff\u00e9es : <span style=\"font-size: 16px\">300 \/ 600<\/span><\/li>\n<li>Terp\u00e8nes naturels de haute qualit\u00e9<\/li>\n<li>STV (Sativanol)<\/li>\n<li>CBD : 40%<\/li>\n<li>CBG : 30%<\/li>\n<li>THC\u00a0: 0%<\/li>\n<li>HHC: 0%<\/li>\n<li>THC-P : 0%Nicotine : 0%<\/li>\n<li>Ne contient pas de VG, PG, PEG, MCT ou tout autre agent de coupe. Tous nos produits sont issus de chanvre industriel certifi\u00e9. Ils contiennent moins de 0,3% de THC et ne contiennent aucun cannabino\u00efde ill\u00e9gaux tels que HHC, HHC-P, THCP, THCP-O, H4CBD ou l&#039;un de leurs d\u00e9riv\u00e9s. vous pouvez consulter <a href=\"https:\/\/iguanasmoke.com\/analiticas\/\" target=\"_blank\" rel=\"noopener\">Certificat d&#039;analyse ici<\/a><\/li>\n<\/ul>","protected":false},"featured_media":11934,"comment_status":"open","ping_status":"closed","template":"","meta":{"_acf_changed":false,"site-sidebar-layout":"default","site-content-layout":"","ast-site-content-layout":"default","site-content-style":"default","site-sidebar-style":"default","ast-global-header-display":"","ast-banner-title-visibility":"","ast-main-header-display":"","ast-hfb-above-header-display":"","ast-hfb-below-header-display":"","ast-hfb-mobile-header-display":"","site-post-title":"","ast-breadcrumbs-content":"","ast-featured-img":"","footer-sml-layout":"","theme-transparent-header-meta":"default","adv-header-id-meta":"","stick-header-meta":"","header-above-stick-meta":"","header-main-stick-meta":"","header-below-stick-meta":"","astra-migrate-meta-layouts":"set","ast-page-background-enabled":"default","ast-page-background-meta":{"desktop":{"background-color":"var(--ast-global-color-4)","background-image":"","background-repeat":"repeat","background-position":"center center","background-size":"auto","background-attachment":"scroll","background-type":"","background-media":"","overlay-type":"","overlay-color":"","overlay-opacity":"","overlay-gradient":""},"tablet":{"background-color":"","background-image":"","background-repeat":"repeat","background-position":"center center","background-size":"auto","background-attachment":"scroll","background-type":"","background-media":"","overlay-type":"","overlay-color":"","overlay-opacity":"","overlay-gradient":""},"mobile":{"background-color":"","background-image":"","background-repeat":"repeat","background-position":"center center","background-size":"auto","background-attachment":"scroll","background-type":"","background-media":"","overlay-type":"","overlay-color":"","overlay-opacity":"","overlay-gradient":""}},"ast-content-background-meta":{"desktop":{"background-color":"var(--ast-global-color-5)","background-image":"","background-repeat":"repeat","background-position":"center center","background-size":"auto","background-attachment":"scroll","background-type":"","background-media":"","overlay-type":"","overlay-color":"","overlay-opacity":"","overlay-gradient":""},"tablet":{"background-color":"var(--ast-global-color-5)","background-image":"","background-repeat":"repeat","background-position":"center center","background-size":"auto","background-attachment":"scroll","background-type":"","background-media":"","overlay-type":"","overlay-color":"","overlay-opacity":"","overlay-gradient":""},"mobile":{"background-color":"var(--ast-global-color-5)","background-image":"","background-repeat":"repeat","background-position":"center center","background-size":"auto","background-attachment":"scroll","background-type":"","background-media":"","overlay-type":"","overlay-color":"","overlay-opacity":"","overlay-gradient":""}}},"product_brand":[],"product_cat":[91,146,143,138],"product_tag":[],"class_list":{"0":"post-11940","1":"product","2":"type-product","3":"status-publish","4":"has-post-thumbnail","6":"product_cat-cartuchos","7":"product_cat-nuevas-moleculas","8":"product_cat-stv","9":"product_cat-stv-sativanol","10":"desktop-align-center","11":"tablet-align-left","12":"mobile-align-left","14":"first","15":"instock","16":"taxable","17":"shipping-taxable","18":"purchasable","19":"product-type-variable"},"acf":[],"yoast_head":"<!-- This site is optimized with the Yoast SEO plugin v27.4 - https:\/\/yoast.com\/product\/yoast-seo-wordpress\/ -->\n<title>Cartucho desechable STV Sativanol - Gelato - THE LYF LABS<\/title>\n<meta name=\"description\" content=\"STV Gelato al por mayor. Sabor dulce y cremoso, sin THC. Cartucho desechable en 1 ml o 2 ml con terpenos de alta calidad.\" \/>\n<meta name=\"robots\" content=\"index, follow, max-snippet:-1, max-image-preview:large, max-video-preview:-1\" \/>\n<link rel=\"canonical\" href=\"https:\/\/thelyflabs.com\/fr\/product\/cartucho-desechable-stv-sativanol-gelato\/\" \/>\n<meta property=\"og:locale\" content=\"fr_FR\" \/>\n<meta property=\"og:type\" content=\"article\" \/>\n<meta property=\"og:title\" content=\"Cartucho desechable STV Sativanol - Gelato - THE LYF LABS\" \/>\n<meta property=\"og:description\" content=\"STV Gelato al por mayor. Sabor dulce y cremoso, sin THC. Cartucho desechable en 1 ml o 2 ml con terpenos de alta calidad.\" \/>\n<meta property=\"og:url\" content=\"https:\/\/thelyflabs.com\/fr\/product\/cartucho-desechable-stv-sativanol-gelato\/\" \/>\n<meta property=\"og:site_name\" content=\"THE LYF LABS\" \/>\n<meta property=\"article:modified_time\" content=\"2026-04-20T07:31:40+00:00\" \/>\n<meta property=\"og:image\" content=\"https:\/\/thelyflabs.com\/wp-content\/uploads\/2025\/05\/Bolsa-Cart-HHC-Gelato-bolsa-2025.webp\" \/>\n\t<meta property=\"og:image:width\" content=\"1000\" \/>\n\t<meta property=\"og:image:height\" content=\"1000\" \/>\n\t<meta property=\"og:image:type\" content=\"image\/webp\" \/>\n<meta name=\"twitter:card\" content=\"summary_large_image\" \/>\n<meta name=\"twitter:label1\" content=\"Dur\u00e9e de lecture estim\u00e9e\" \/>\n\t<meta name=\"twitter:data1\" content=\"3 minutes\" \/>\n<script type=\"application\/ld+json\" class=\"yoast-schema-graph\">{\"@context\":\"https:\\\/\\\/schema.org\",\"@graph\":[{\"@type\":\"WebPage\",\"@id\":\"https:\\\/\\\/thelyflabs.com\\\/product\\\/cartucho-desechable-stv-sativanol-gelato\",\"url\":\"https:\\\/\\\/thelyflabs.com\\\/product\\\/cartucho-desechable-stv-sativanol-gelato\",\"name\":\"Cartucho desechable STV Sativanol - Gelato - THE LYF LABS\",\"isPartOf\":{\"@id\":\"https:\\\/\\\/thelyflabs.com\\\/#website\"},\"primaryImageOfPage\":{\"@id\":\"https:\\\/\\\/thelyflabs.com\\\/product\\\/cartucho-desechable-stv-sativanol-gelato#primaryimage\"},\"image\":{\"@id\":\"https:\\\/\\\/thelyflabs.com\\\/product\\\/cartucho-desechable-stv-sativanol-gelato#primaryimage\"},\"thumbnailUrl\":\"https:\\\/\\\/thelyflabs.com\\\/wp-content\\\/uploads\\\/2025\\\/05\\\/Bolsa-Cart-HHC-Gelato-bolsa-2025.webp\",\"datePublished\":\"2025-05-13T21:53:08+00:00\",\"dateModified\":\"2026-04-20T07:31:40+00:00\",\"description\":\"STV Gelato al por mayor. Sabor dulce y cremoso, sin THC. Cartucho desechable en 1 ml o 2 ml con terpenos de alta calidad.\",\"breadcrumb\":{\"@id\":\"https:\\\/\\\/thelyflabs.com\\\/product\\\/cartucho-desechable-stv-sativanol-gelato#breadcrumb\"},\"inLanguage\":\"fr-FR\",\"potentialAction\":[{\"@type\":\"ReadAction\",\"target\":[\"https:\\\/\\\/thelyflabs.com\\\/product\\\/cartucho-desechable-stv-sativanol-gelato\"]}]},{\"@type\":\"ImageObject\",\"inLanguage\":\"fr-FR\",\"@id\":\"https:\\\/\\\/thelyflabs.com\\\/product\\\/cartucho-desechable-stv-sativanol-gelato#primaryimage\",\"url\":\"https:\\\/\\\/thelyflabs.com\\\/wp-content\\\/uploads\\\/2025\\\/05\\\/Bolsa-Cart-HHC-Gelato-bolsa-2025.webp\",\"contentUrl\":\"https:\\\/\\\/thelyflabs.com\\\/wp-content\\\/uploads\\\/2025\\\/05\\\/Bolsa-Cart-HHC-Gelato-bolsa-2025.webp\",\"width\":1000,\"height\":1000},{\"@type\":\"BreadcrumbList\",\"@id\":\"https:\\\/\\\/thelyflabs.com\\\/product\\\/cartucho-desechable-stv-sativanol-gelato#breadcrumb\",\"itemListElement\":[{\"@type\":\"ListItem\",\"position\":1,\"name\":\"Portada\",\"item\":\"https:\\\/\\\/thelyflabs.com\\\/\"},{\"@type\":\"ListItem\",\"position\":2,\"name\":\"Tienda\",\"item\":\"https:\\\/\\\/thelyflabs.com\\\/tienda\"},{\"@type\":\"ListItem\",\"position\":3,\"name\":\"Cartucho desechable STV Sativanol &#8211; Gelato\"}]},{\"@type\":\"WebSite\",\"@id\":\"https:\\\/\\\/thelyflabs.com\\\/#website\",\"url\":\"https:\\\/\\\/thelyflabs.com\\\/\",\"name\":\"The LYF Labs\",\"description\":\"CBD al por mayor\",\"publisher\":{\"@id\":\"https:\\\/\\\/thelyflabs.com\\\/#organization\"},\"potentialAction\":[{\"@type\":\"SearchAction\",\"target\":{\"@type\":\"EntryPoint\",\"urlTemplate\":\"https:\\\/\\\/thelyflabs.com\\\/?s={search_term_string}\"},\"query-input\":{\"@type\":\"PropertyValueSpecification\",\"valueRequired\":true,\"valueName\":\"search_term_string\"}}],\"inLanguage\":\"fr-FR\"},{\"@type\":\"Organization\",\"@id\":\"https:\\\/\\\/thelyflabs.com\\\/#organization\",\"name\":\"The LYF Labs\",\"url\":\"https:\\\/\\\/thelyflabs.com\\\/\",\"logo\":{\"@type\":\"ImageObject\",\"inLanguage\":\"fr-FR\",\"@id\":\"https:\\\/\\\/thelyflabs.com\\\/#\\\/schema\\\/logo\\\/image\\\/\",\"url\":\"https:\\\/\\\/thelyflabs.com\\\/wp-content\\\/uploads\\\/2023\\\/01\\\/cropped-LogoTheLYFLabs.png\",\"contentUrl\":\"https:\\\/\\\/thelyflabs.com\\\/wp-content\\\/uploads\\\/2023\\\/01\\\/cropped-LogoTheLYFLabs.png\",\"width\":600,\"height\":180,\"caption\":\"The LYF Labs\"},\"image\":{\"@id\":\"https:\\\/\\\/thelyflabs.com\\\/#\\\/schema\\\/logo\\\/image\\\/\"}}]}<\/script>\n<!-- \/ Yoast SEO plugin. -->","yoast_head_json":{"title":"Cartucho desechable STV Sativanol - Gelato - THE LYF LABS","description":"STV Gelato al por mayor. Sabor dulce y cremoso, sin THC. Cartucho desechable en 1 ml o 2 ml con terpenos de alta calidad.","robots":{"index":"index","follow":"follow","max-snippet":"max-snippet:-1","max-image-preview":"max-image-preview:large","max-video-preview":"max-video-preview:-1"},"canonical":"https:\/\/thelyflabs.com\/fr\/product\/cartucho-desechable-stv-sativanol-gelato\/","og_locale":"fr_FR","og_type":"article","og_title":"Cartucho desechable STV Sativanol - Gelato - THE LYF LABS","og_description":"STV Gelato al por mayor. Sabor dulce y cremoso, sin THC. Cartucho desechable en 1 ml o 2 ml con terpenos de alta calidad.","og_url":"https:\/\/thelyflabs.com\/fr\/product\/cartucho-desechable-stv-sativanol-gelato\/","og_site_name":"THE LYF LABS","article_modified_time":"2026-04-20T07:31:40+00:00","og_image":[{"width":1000,"height":1000,"url":"https:\/\/thelyflabs.com\/wp-content\/uploads\/2025\/05\/Bolsa-Cart-HHC-Gelato-bolsa-2025.webp","type":"image\/webp"}],"twitter_card":"summary_large_image","twitter_misc":{"Dur\u00e9e de lecture estim\u00e9e":"3 minutes"},"schema":{"@context":"https:\/\/schema.org","@graph":[{"@type":"WebPage","@id":"https:\/\/thelyflabs.com\/product\/cartucho-desechable-stv-sativanol-gelato","url":"https:\/\/thelyflabs.com\/product\/cartucho-desechable-stv-sativanol-gelato","name":"Cartucho desechable STV Sativanol - Gelato - THE LYF LABS","isPartOf":{"@id":"https:\/\/thelyflabs.com\/#website"},"primaryImageOfPage":{"@id":"https:\/\/thelyflabs.com\/product\/cartucho-desechable-stv-sativanol-gelato#primaryimage"},"image":{"@id":"https:\/\/thelyflabs.com\/product\/cartucho-desechable-stv-sativanol-gelato#primaryimage"},"thumbnailUrl":"https:\/\/thelyflabs.com\/wp-content\/uploads\/2025\/05\/Bolsa-Cart-HHC-Gelato-bolsa-2025.webp","datePublished":"2025-05-13T21:53:08+00:00","dateModified":"2026-04-20T07:31:40+00:00","description":"STV Gelato al por mayor. Sabor dulce y cremoso, sin THC. Cartucho desechable en 1 ml o 2 ml con terpenos de alta calidad.","breadcrumb":{"@id":"https:\/\/thelyflabs.com\/product\/cartucho-desechable-stv-sativanol-gelato#breadcrumb"},"inLanguage":"fr-FR","potentialAction":[{"@type":"ReadAction","target":["https:\/\/thelyflabs.com\/product\/cartucho-desechable-stv-sativanol-gelato"]}]},{"@type":"ImageObject","inLanguage":"fr-FR","@id":"https:\/\/thelyflabs.com\/product\/cartucho-desechable-stv-sativanol-gelato#primaryimage","url":"https:\/\/thelyflabs.com\/wp-content\/uploads\/2025\/05\/Bolsa-Cart-HHC-Gelato-bolsa-2025.webp","contentUrl":"https:\/\/thelyflabs.com\/wp-content\/uploads\/2025\/05\/Bolsa-Cart-HHC-Gelato-bolsa-2025.webp","width":1000,"height":1000},{"@type":"BreadcrumbList","@id":"https:\/\/thelyflabs.com\/product\/cartucho-desechable-stv-sativanol-gelato#breadcrumb","itemListElement":[{"@type":"ListItem","position":1,"name":"Portada","item":"https:\/\/thelyflabs.com\/"},{"@type":"ListItem","position":2,"name":"Tienda","item":"https:\/\/thelyflabs.com\/tienda"},{"@type":"ListItem","position":3,"name":"Cartucho desechable STV Sativanol &#8211; Gelato"}]},{"@type":"WebSite","@id":"https:\/\/thelyflabs.com\/#website","url":"https:\/\/thelyflabs.com\/","name":"Les laboratoires LYF","description":"Vente en gros de CBD","publisher":{"@id":"https:\/\/thelyflabs.com\/#organization"},"potentialAction":[{"@type":"SearchAction","target":{"@type":"EntryPoint","urlTemplate":"https:\/\/thelyflabs.com\/?s={search_term_string}"},"query-input":{"@type":"PropertyValueSpecification","valueRequired":true,"valueName":"search_term_string"}}],"inLanguage":"fr-FR"},{"@type":"Organization","@id":"https:\/\/thelyflabs.com\/#organization","name":"Les laboratoires LYF","url":"https:\/\/thelyflabs.com\/","logo":{"@type":"ImageObject","inLanguage":"fr-FR","@id":"https:\/\/thelyflabs.com\/#\/schema\/logo\/image\/","url":"https:\/\/thelyflabs.com\/wp-content\/uploads\/2023\/01\/cropped-LogoTheLYFLabs.png","contentUrl":"https:\/\/thelyflabs.com\/wp-content\/uploads\/2023\/01\/cropped-LogoTheLYFLabs.png","width":600,"height":180,"caption":"The LYF Labs"},"image":{"@id":"https:\/\/thelyflabs.com\/#\/schema\/logo\/image\/"}}]}},"_links":{"self":[{"href":"https:\/\/thelyflabs.com\/fr\/wp-json\/wp\/v2\/product\/11940","targetHints":{"allow":["GET"]}}],"collection":[{"href":"https:\/\/thelyflabs.com\/fr\/wp-json\/wp\/v2\/product"}],"about":[{"href":"https:\/\/thelyflabs.com\/fr\/wp-json\/wp\/v2\/types\/product"}],"replies":[{"embeddable":true,"href":"https:\/\/thelyflabs.com\/fr\/wp-json\/wp\/v2\/comments?post=11940"}],"wp:featuredmedia":[{"embeddable":true,"href":"https:\/\/thelyflabs.com\/fr\/wp-json\/wp\/v2\/media\/11934"}],"wp:attachment":[{"href":"https:\/\/thelyflabs.com\/fr\/wp-json\/wp\/v2\/media?parent=11940"}],"wp:term":[{"taxonomy":"product_brand","embeddable":true,"href":"https:\/\/thelyflabs.com\/fr\/wp-json\/wp\/v2\/product_brand?post=11940"},{"taxonomy":"product_cat","embeddable":true,"href":"https:\/\/thelyflabs.com\/fr\/wp-json\/wp\/v2\/product_cat?post=11940"},{"taxonomy":"product_tag","embeddable":true,"href":"https:\/\/thelyflabs.com\/fr\/wp-json\/wp\/v2\/product_tag?post=11940"}],"curies":[{"name":"wp","href":"https:\/\/api.w.org\/{rel}","templated":true}]}}