{"id":11941,"date":"2025-05-13T23:53:08","date_gmt":"2025-05-13T21:53:08","guid":{"rendered":"https:\/\/thelyflabs.com\/?post_type=product&#038;p=11941"},"modified":"2026-04-20T09:32:06","modified_gmt":"2026-04-20T07:32:06","slug":"cartucho-desechable-stv-sativanol-lemon-haze","status":"publish","type":"product","link":"https:\/\/thelyflabs.com\/fr\/product\/cartucho-desechable-stv-sativanol-lemon-haze","title":{"rendered":"Cartouche jetable STV Sativanol \u2013 Lemon Haze"},"content":{"rendered":"<h1 class=\"\" data-start=\"392\" data-end=\"440\">Cartouche jetable STV Sativanol \u2013 Lemon Haze<\/h1>\n<p class=\"\" data-start=\"442\" data-end=\"593\"><strong data-start=\"442\" data-end=\"593\">Explosion d&#039;agrumes, \u00e9nergie pure. D\u00e9couvrez la saveur Lemon Haze avec STV Sativanol et faites passer votre vapotage au niveau sup\u00e9rieur. Uniquement chez Iguana Smoke, votre boutique chill.<\/strong><\/p>\n<p class=\"\" data-start=\"595\" data-end=\"925\">Si vous recherchez une cartouche qui vous r\u00e9veille comme un rayon de soleil au citron, la <strong data-start=\"676\" data-end=\"706\">STV Sativanol \u2013 Lemon Haze<\/strong> C&#039;est fait pour toi. Ce pod vape pr\u00e9-rempli combine le cannabino\u00efde STV avec l&#039;ar\u00f4me acide et stimulant de la vari\u00e9t\u00e9 <strong data-start=\"832\" data-end=\"846\">Brume de citron<\/strong>, l&#039;une des vari\u00e9t\u00e9s Sativa les plus embl\u00e9matiques et rafra\u00eechissantes du monde du cannabis.<\/p>\n<p class=\"\" data-start=\"927\" data-end=\"1031\">Id\u00e9al pour ceux qui veulent un boost mental et sensoriel, sans THC ni effets secondaires. Seulement clart\u00e9, saveur et fluidit\u00e9.<\/p>\n<h2 class=\"\" data-start=\"1038\" data-end=\"1066\">Qu&#039;est-ce que le STV Sativanol ?<\/h2>\n<p class=\"\" data-start=\"1068\" data-end=\"1319\"><strong data-start=\"1068\" data-end=\"1087\">STV (Sativanol)<\/strong> Il s&#039;agit d&#039;un cannabino\u00efde semi-synth\u00e9tique d\u00e9riv\u00e9 du chanvre, con\u00e7u pour offrir des effets de type Sativa sans les inconv\u00e9nients du THC traditionnel. Il ne contient pas de THC, de HHC ou de THCP, mais son effet est stimulant, propre et fonctionnel.<\/p>\n<p class=\"\" data-start=\"1321\" data-end=\"1352\"><strong data-start=\"1321\" data-end=\"1352\">Avantages du STV Sativanol :<\/strong><\/p>\n<ul data-start=\"1353\" data-end=\"1553\">\n<li class=\"\" data-start=\"1353\" data-end=\"1389\">\n<p class=\"\" data-start=\"1355\" data-end=\"1389\">Euphorie mentale douce mais puissante.<\/p>\n<\/li>\n<li class=\"\" data-start=\"1390\" data-end=\"1429\">\n<p class=\"\" data-start=\"1392\" data-end=\"1429\">Concentration et focalisation sans s\u00e9dation.<\/p>\n<\/li>\n<li class=\"\" data-start=\"1430\" data-end=\"1476\">\n<p class=\"\" data-start=\"1432\" data-end=\"1476\">Ne provoque pas de tol\u00e9rance en cas d&#039;utilisation prolong\u00e9e.<\/p>\n<\/li>\n<li class=\"\" data-start=\"1477\" data-end=\"1509\">\n<p class=\"\" data-start=\"1479\" data-end=\"1509\">Il ne laisse pas de gueule de bois ni de somnolence.<\/p>\n<\/li>\n<li class=\"\" data-start=\"1510\" data-end=\"1553\">\n<p class=\"\" data-start=\"1512\" data-end=\"1553\">100% sans cannabino\u00efdes contr\u00f4l\u00e9s.<\/p>\n<\/li>\n<\/ul>\n<p class=\"\" data-start=\"1555\" data-end=\"1660\"><strong data-start=\"1555\" data-end=\"1577\">Achetez STV en ligne<\/strong> vous permet d&#039;acc\u00e9der \u00e0 une exp\u00e9rience l\u00e9gale, moderne et efficace sans complications.<\/p>\n<h2 class=\"\" data-start=\"1667\" data-end=\"1702\">Profil terp\u00e9nique de Lemon Haze<\/h2>\n<p class=\"\" data-start=\"1704\" data-end=\"1943\">La souche <strong data-start=\"1712\" data-end=\"1726\">Brume de citron<\/strong> Il est c\u00e9l\u00e8bre pour son ar\u00f4me vif, citronn\u00e9 et frais. Lorsque vous vapotez la cartouche STV aromatis\u00e9e Lemon Haze, vous remarquerez un \u00e9quilibre parfait entre douceur et acidit\u00e9, avec des notes de zeste de citron, d&#039;\u00e9pices et une finale \u00e0 base de plantes.<\/p>\n<p class=\"\" data-start=\"1945\" data-end=\"1970\"><strong data-start=\"1945\" data-end=\"1970\">Principaux terp\u00e8nes :<\/strong><\/p>\n<ul data-start=\"1971\" data-end=\"2147\">\n<li class=\"\" data-start=\"1971\" data-end=\"2031\">\n<p class=\"\" data-start=\"1973\" data-end=\"2031\"><strong data-start=\"1973\" data-end=\"1985\">Limon\u00e8ne<\/strong>: ar\u00f4me d&#039;agrumes avec un effet am\u00e9liorant l&#039;humeur.<\/p>\n<\/li>\n<li class=\"\" data-start=\"2032\" data-end=\"2093\">\n<p class=\"\" data-start=\"2034\" data-end=\"2093\"><strong data-start=\"2034\" data-end=\"2045\">Myrc\u00e8ne<\/strong>: terreux et doux, aide \u00e0 \u00e9quilibrer l&#039;effet.<\/p>\n<\/li>\n<li class=\"\" data-start=\"2094\" data-end=\"2147\">\n<p class=\"\" data-start=\"2096\" data-end=\"2147\"><strong data-start=\"2096\" data-end=\"2106\">Pinene<\/strong>:rafra\u00eechissant, am\u00e9liore la clart\u00e9 mentale.<\/p>\n<\/li>\n<\/ul>\n<p class=\"\" data-start=\"2149\" data-end=\"2256\">Une combinaison parfaite pour ceux qui recherchent un go\u00fbt rafra\u00eechissant et une sensation d&#039;activation sans exc\u00e8s.<\/p>\n<h2 class=\"\" data-start=\"2263\" data-end=\"2297\">Qu&#039;est-ce qu&#039;une cartouche jetable ?<\/h2>\n<p class=\"\" data-start=\"2299\" data-end=\"2510\">UN <strong data-start=\"2302\" data-end=\"2325\">cartouche jetable<\/strong> (\u00e9galement appel\u00e9 pod ou chariot) est un appareil pr\u00e9-rempli de liquide de vapotage qui se connecte \u00e0 des batteries filet\u00e9es standard <strong data-start=\"2454\" data-end=\"2461\">510<\/strong>. Il est facile \u00e0 utiliser, portable et sans entretien.<\/p>\n<p class=\"\" data-start=\"2512\" data-end=\"2565\"><strong data-start=\"2512\" data-end=\"2542\">STV Sativanol \u2013 Lemon Haze<\/strong> Il existe en deux formats :<\/p>\n<ul data-start=\"2566\" data-end=\"2629\">\n<li class=\"\" data-start=\"2566\" data-end=\"2597\">\n<p class=\"\" data-start=\"2568\" data-end=\"2597\"><strong data-start=\"2568\" data-end=\"2576\">1 ml<\/strong> \u2013 Jusqu\u2019\u00e0 300 bouff\u00e9es.<\/p>\n<\/li>\n<li class=\"\" data-start=\"2598\" data-end=\"2629\">\n<p class=\"\" data-start=\"2600\" data-end=\"2629\"><strong data-start=\"2600\" data-end=\"2608\">2 ml<\/strong> \u2013 Jusqu\u2019\u00e0 600 bouff\u00e9es.<\/p>\n<\/li>\n<\/ul>\n<p class=\"\" data-start=\"2631\" data-end=\"2741\">Id\u00e9al \u00e0 emporter partout avec vous et \u00e0 profiter sans complications. Connectez-vous, inspirez et l\u00e2chez prise.<\/p>\n<h2 class=\"\" data-start=\"2748\" data-end=\"2794\">Pourquoi choisir la cartouche STV Lemon Haze ?<\/h2>\n<p class=\"\" data-start=\"2796\" data-end=\"2978\"><strong data-start=\"2796\" data-end=\"2817\">Acheter un vapoteur STV<\/strong> c&#039;est miser sur une exp\u00e9rience diff\u00e9rente. Vous n\u2019avez pas besoin de THC pour vous sentir bien. Avec STV, vous obtenez des effets fonctionnels avec un go\u00fbt spectaculaire, l\u00e9galement et sans tracas.<\/p>\n<p class=\"\" data-start=\"2980\" data-end=\"3023\"><strong data-start=\"2980\" data-end=\"3023\">Avantages de la cartouche STV Lemon Haze :<\/strong><\/p>\n<ul data-start=\"3024\" data-end=\"3215\">\n<li class=\"\" data-start=\"3024\" data-end=\"3057\">\n<p class=\"\" data-start=\"3026\" data-end=\"3057\">Contient du STV 100% sans THC.<\/p>\n<\/li>\n<li class=\"\" data-start=\"3058\" data-end=\"3094\">\n<p class=\"\" data-start=\"3060\" data-end=\"3094\">Profil aromatique frais et citronn\u00e9.<\/p>\n<\/li>\n<li class=\"\" data-start=\"3132\" data-end=\"3176\">\n<p class=\"\" data-start=\"3134\" data-end=\"3176\">Compatible avec la plupart des batteries 510.<\/p>\n<\/li>\n<li class=\"\" data-start=\"3177\" data-end=\"3215\">\n<p class=\"\" data-start=\"3179\" data-end=\"3215\">Parfait pour une utilisation de jour et cr\u00e9ative.<\/p>\n<\/li>\n<\/ul>\n<p class=\"\" data-start=\"3217\" data-end=\"3309\">Id\u00e9al pour travailler, socialiser, sortir ou simplement se ressourcer sans perdre le contr\u00f4le.<\/p>\n<h2 class=\"\" data-start=\"3316\" data-end=\"3348\">O\u00f9 acheter STV Sativanol ?<\/h2>\n<p class=\"\" data-start=\"3350\" data-end=\"3450\">Dans <strong data-start=\"3353\" data-end=\"3369\">Fum\u00e9e d&#039;iguane<\/strong>, votre boutique en ligne de confiance pour les produits d\u00e9riv\u00e9s du chanvre. Ici vous pouvez :<\/p>\n<ul data-start=\"3451\" data-end=\"3703\">\n<li class=\"\" data-start=\"3451\" data-end=\"3499\">\n<p class=\"\" data-start=\"3453\" data-end=\"3499\"><strong data-start=\"3453\" data-end=\"3477\">Acheter une cartouche STV<\/strong> avec saveur Lemon Haze.<\/p>\n<\/li>\n<li class=\"\" data-start=\"3500\" data-end=\"3568\">\n<p class=\"\" data-start=\"3502\" data-end=\"3568\"><strong data-start=\"3502\" data-end=\"3537\">Acheter une capsule de THC alternative<\/strong>, sans THC mais avec un effet r\u00e9el<\/p>\n<\/li>\n<li class=\"\" data-start=\"3644\" data-end=\"3703\">\n<p class=\"\" data-start=\"3646\" data-end=\"3703\"><strong data-start=\"3646\" data-end=\"3674\">Achetez STV vape en ligne<\/strong> avec une exp\u00e9dition rapide et discr\u00e8te.<\/p>\n<\/li>\n<\/ul>\n<p class=\"\" data-start=\"3705\" data-end=\"3820\">Nous aimons vous proposer des produits qui non seulement fonctionnent, mais qui ont aussi une belle apparence. Et Lemon Haze est un joyau de notre collection.<\/p>\n<h2 class=\"\" data-start=\"3827\" data-end=\"3875\">STV Lemon Haze : La cartouche qui active votre journ\u00e9e<\/h2>\n<p class=\"\" data-start=\"3877\" data-end=\"4103\">Avec cette cartouche de vape, vous profitez non seulement d&#039;une saveur d&#039;agrumes brutale, mais \u00e9galement d&#039;une exp\u00e9rience mentale claire et douce. <strong data-start=\"4015\" data-end=\"4045\">STV Sativanol \u2013 Lemon Haze<\/strong> C&#039;est ce dont vous avez besoin pour que votre routine ne soit pas si routini\u00e8re.<\/p>\n<p class=\"\" data-start=\"4105\" data-end=\"4181\">Utilisez-le lorsque vous avez besoin d&#039;inspiration, d&#039;\u00e9nergie ou simplement d&#039;une pause dans votre flux.<\/p>\n<hr class=\"\" data-start=\"4183\" data-end=\"4186\" \/>\n<p class=\"\" data-start=\"4188\" data-end=\"4279\"><strong data-start=\"4188\" data-end=\"4279\">Ce produit est un objet de collection. Il n&#039;est pas con\u00e7u pour la consommation directe ou la combustion.<\/strong><\/p>\n<p class=\"\" data-start=\"4281\" data-end=\"4419\"><strong data-start=\"4281\" data-end=\"4419\">Il ne contient pas de cannabino\u00efdes inclus dans l&#039;annexe I du d\u00e9cret royal 2829\/1977 ni de substances contr\u00f4l\u00e9es par des conventions internationales.<\/strong><\/p>","protected":false},"excerpt":{"rendered":"<h4><strong>Caract\u00e9ristiques<\/strong><\/h4>\n<ul>\n<li>Connexion : tapez 510<\/li>\n<li>Capacit\u00e9: <span style=\"font-size: 16px\">1 ml \/ 2 ml<\/span><\/li>\n<li>Bouff\u00e9es : <span style=\"font-size: 16px\">300 \/ 600<\/span><\/li>\n<li>Terp\u00e8nes naturels de haute qualit\u00e9<\/li>\n<li>STV (Sativanol)<\/li>\n<li>CBD : 40%<\/li>\n<li>CBG : 30%<\/li>\n<li>THC\u00a0: 0%<\/li>\n<li>HHC: 0%<\/li>\n<li>THC-P : 0%Nicotine : 0%<\/li>\n<li>Ne contient pas de VG, PG, PEG, MCT ou tout autre agent de coupe.<\/li>\n<\/ul>\n<p>Tous nos produits sont issus de chanvre industriel certifi\u00e9. Ils contiennent moins de 0,3% de THC et ne contiennent aucun cannabino\u00efde ill\u00e9gaux tels que HHC, HHC-P, THCP, THCP-O, H4CBD ou l&#039;un de leurs d\u00e9riv\u00e9s. vous pouvez consulter <a href=\"https:\/\/iguanasmoke.com\/analiticas\/\" target=\"_blank\" rel=\"noopener\">Certificat d&#039;analyse ici.<\/a><\/p>","protected":false},"featured_media":11935,"comment_status":"open","ping_status":"closed","template":"","meta":{"_acf_changed":false,"site-sidebar-layout":"default","site-content-layout":"","ast-site-content-layout":"default","site-content-style":"default","site-sidebar-style":"default","ast-global-header-display":"","ast-banner-title-visibility":"","ast-main-header-display":"","ast-hfb-above-header-display":"","ast-hfb-below-header-display":"","ast-hfb-mobile-header-display":"","site-post-title":"","ast-breadcrumbs-content":"","ast-featured-img":"","footer-sml-layout":"","theme-transparent-header-meta":"default","adv-header-id-meta":"","stick-header-meta":"","header-above-stick-meta":"","header-main-stick-meta":"","header-below-stick-meta":"","astra-migrate-meta-layouts":"set","ast-page-background-enabled":"default","ast-page-background-meta":{"desktop":{"background-color":"var(--ast-global-color-4)","background-image":"","background-repeat":"repeat","background-position":"center center","background-size":"auto","background-attachment":"scroll","background-type":"","background-media":"","overlay-type":"","overlay-color":"","overlay-opacity":"","overlay-gradient":""},"tablet":{"background-color":"","background-image":"","background-repeat":"repeat","background-position":"center center","background-size":"auto","background-attachment":"scroll","background-type":"","background-media":"","overlay-type":"","overlay-color":"","overlay-opacity":"","overlay-gradient":""},"mobile":{"background-color":"","background-image":"","background-repeat":"repeat","background-position":"center center","background-size":"auto","background-attachment":"scroll","background-type":"","background-media":"","overlay-type":"","overlay-color":"","overlay-opacity":"","overlay-gradient":""}},"ast-content-background-meta":{"desktop":{"background-color":"var(--ast-global-color-5)","background-image":"","background-repeat":"repeat","background-position":"center center","background-size":"auto","background-attachment":"scroll","background-type":"","background-media":"","overlay-type":"","overlay-color":"","overlay-opacity":"","overlay-gradient":""},"tablet":{"background-color":"var(--ast-global-color-5)","background-image":"","background-repeat":"repeat","background-position":"center center","background-size":"auto","background-attachment":"scroll","background-type":"","background-media":"","overlay-type":"","overlay-color":"","overlay-opacity":"","overlay-gradient":""},"mobile":{"background-color":"var(--ast-global-color-5)","background-image":"","background-repeat":"repeat","background-position":"center center","background-size":"auto","background-attachment":"scroll","background-type":"","background-media":"","overlay-type":"","overlay-color":"","overlay-opacity":"","overlay-gradient":""}}},"product_brand":[],"product_cat":[91,146,143,138],"product_tag":[],"class_list":{"0":"post-11941","1":"product","2":"type-product","3":"status-publish","4":"has-post-thumbnail","6":"product_cat-cartuchos","7":"product_cat-nuevas-moleculas","8":"product_cat-stv","9":"product_cat-stv-sativanol","10":"desktop-align-center","11":"tablet-align-left","12":"mobile-align-left","14":"first","15":"instock","16":"taxable","17":"shipping-taxable","18":"purchasable","19":"product-type-variable"},"acf":[],"yoast_head":"<!-- This site is optimized with the Yoast SEO plugin v27.4 - https:\/\/yoast.com\/product\/yoast-seo-wordpress\/ -->\n<title>Cartucho desechable STV Sativanol - Lemon Haze - THE LYF LABS<\/title>\n<meta name=\"description\" content=\"Compra al por mayor el cartucho STV Lemon Haze. Sabor c\u00edtrico, terpenos naturales y hasta 600 caladas. Ideal para tiendas y distribuidores. Sin THC.\" \/>\n<meta name=\"robots\" content=\"index, follow, max-snippet:-1, max-image-preview:large, max-video-preview:-1\" \/>\n<link rel=\"canonical\" href=\"https:\/\/thelyflabs.com\/fr\/product\/cartucho-desechable-stv-sativanol-lemon-haze\/\" \/>\n<meta property=\"og:locale\" content=\"fr_FR\" \/>\n<meta property=\"og:type\" content=\"article\" \/>\n<meta property=\"og:title\" content=\"Cartucho desechable STV Sativanol - Lemon Haze - THE LYF LABS\" \/>\n<meta property=\"og:description\" content=\"Compra al por mayor el cartucho STV Lemon Haze. Sabor c\u00edtrico, terpenos naturales y hasta 600 caladas. Ideal para tiendas y distribuidores. Sin THC.\" \/>\n<meta property=\"og:url\" content=\"https:\/\/thelyflabs.com\/fr\/product\/cartucho-desechable-stv-sativanol-lemon-haze\/\" \/>\n<meta property=\"og:site_name\" content=\"THE LYF LABS\" \/>\n<meta property=\"article:modified_time\" content=\"2026-04-20T07:32:06+00:00\" \/>\n<meta property=\"og:image\" content=\"https:\/\/thelyflabs.com\/wp-content\/uploads\/2025\/05\/Bolsa-Cart-HHC-Lemon-bolsa-2025.webp\" \/>\n\t<meta property=\"og:image:width\" content=\"1000\" \/>\n\t<meta property=\"og:image:height\" content=\"1000\" \/>\n\t<meta property=\"og:image:type\" content=\"image\/webp\" \/>\n<meta name=\"twitter:card\" content=\"summary_large_image\" \/>\n<meta name=\"twitter:label1\" content=\"Dur\u00e9e de lecture estim\u00e9e\" \/>\n\t<meta name=\"twitter:data1\" content=\"3 minutes\" \/>\n<script type=\"application\/ld+json\" class=\"yoast-schema-graph\">{\"@context\":\"https:\\\/\\\/schema.org\",\"@graph\":[{\"@type\":\"WebPage\",\"@id\":\"https:\\\/\\\/thelyflabs.com\\\/product\\\/cartucho-desechable-stv-sativanol-lemon-haze\",\"url\":\"https:\\\/\\\/thelyflabs.com\\\/product\\\/cartucho-desechable-stv-sativanol-lemon-haze\",\"name\":\"Cartucho desechable STV Sativanol - Lemon Haze - THE LYF LABS\",\"isPartOf\":{\"@id\":\"https:\\\/\\\/thelyflabs.com\\\/#website\"},\"primaryImageOfPage\":{\"@id\":\"https:\\\/\\\/thelyflabs.com\\\/product\\\/cartucho-desechable-stv-sativanol-lemon-haze#primaryimage\"},\"image\":{\"@id\":\"https:\\\/\\\/thelyflabs.com\\\/product\\\/cartucho-desechable-stv-sativanol-lemon-haze#primaryimage\"},\"thumbnailUrl\":\"https:\\\/\\\/thelyflabs.com\\\/wp-content\\\/uploads\\\/2025\\\/05\\\/Bolsa-Cart-HHC-Lemon-bolsa-2025.webp\",\"datePublished\":\"2025-05-13T21:53:08+00:00\",\"dateModified\":\"2026-04-20T07:32:06+00:00\",\"description\":\"Compra al por mayor el cartucho STV Lemon Haze. Sabor c\u00edtrico, terpenos naturales y hasta 600 caladas. Ideal para tiendas y distribuidores. Sin THC.\",\"breadcrumb\":{\"@id\":\"https:\\\/\\\/thelyflabs.com\\\/product\\\/cartucho-desechable-stv-sativanol-lemon-haze#breadcrumb\"},\"inLanguage\":\"fr-FR\",\"potentialAction\":[{\"@type\":\"ReadAction\",\"target\":[\"https:\\\/\\\/thelyflabs.com\\\/product\\\/cartucho-desechable-stv-sativanol-lemon-haze\"]}]},{\"@type\":\"ImageObject\",\"inLanguage\":\"fr-FR\",\"@id\":\"https:\\\/\\\/thelyflabs.com\\\/product\\\/cartucho-desechable-stv-sativanol-lemon-haze#primaryimage\",\"url\":\"https:\\\/\\\/thelyflabs.com\\\/wp-content\\\/uploads\\\/2025\\\/05\\\/Bolsa-Cart-HHC-Lemon-bolsa-2025.webp\",\"contentUrl\":\"https:\\\/\\\/thelyflabs.com\\\/wp-content\\\/uploads\\\/2025\\\/05\\\/Bolsa-Cart-HHC-Lemon-bolsa-2025.webp\",\"width\":1000,\"height\":1000},{\"@type\":\"BreadcrumbList\",\"@id\":\"https:\\\/\\\/thelyflabs.com\\\/product\\\/cartucho-desechable-stv-sativanol-lemon-haze#breadcrumb\",\"itemListElement\":[{\"@type\":\"ListItem\",\"position\":1,\"name\":\"Portada\",\"item\":\"https:\\\/\\\/thelyflabs.com\\\/\"},{\"@type\":\"ListItem\",\"position\":2,\"name\":\"Tienda\",\"item\":\"https:\\\/\\\/thelyflabs.com\\\/tienda\"},{\"@type\":\"ListItem\",\"position\":3,\"name\":\"Cartucho desechable STV Sativanol &#8211; Lemon Haze\"}]},{\"@type\":\"WebSite\",\"@id\":\"https:\\\/\\\/thelyflabs.com\\\/#website\",\"url\":\"https:\\\/\\\/thelyflabs.com\\\/\",\"name\":\"The LYF Labs\",\"description\":\"CBD al por mayor\",\"publisher\":{\"@id\":\"https:\\\/\\\/thelyflabs.com\\\/#organization\"},\"potentialAction\":[{\"@type\":\"SearchAction\",\"target\":{\"@type\":\"EntryPoint\",\"urlTemplate\":\"https:\\\/\\\/thelyflabs.com\\\/?s={search_term_string}\"},\"query-input\":{\"@type\":\"PropertyValueSpecification\",\"valueRequired\":true,\"valueName\":\"search_term_string\"}}],\"inLanguage\":\"fr-FR\"},{\"@type\":\"Organization\",\"@id\":\"https:\\\/\\\/thelyflabs.com\\\/#organization\",\"name\":\"The LYF Labs\",\"url\":\"https:\\\/\\\/thelyflabs.com\\\/\",\"logo\":{\"@type\":\"ImageObject\",\"inLanguage\":\"fr-FR\",\"@id\":\"https:\\\/\\\/thelyflabs.com\\\/#\\\/schema\\\/logo\\\/image\\\/\",\"url\":\"https:\\\/\\\/thelyflabs.com\\\/wp-content\\\/uploads\\\/2023\\\/01\\\/cropped-LogoTheLYFLabs.png\",\"contentUrl\":\"https:\\\/\\\/thelyflabs.com\\\/wp-content\\\/uploads\\\/2023\\\/01\\\/cropped-LogoTheLYFLabs.png\",\"width\":600,\"height\":180,\"caption\":\"The LYF Labs\"},\"image\":{\"@id\":\"https:\\\/\\\/thelyflabs.com\\\/#\\\/schema\\\/logo\\\/image\\\/\"}}]}<\/script>\n<!-- \/ Yoast SEO plugin. -->","yoast_head_json":{"title":"Cartouche jetable STV Sativanol - Lemon Haze - THE LYF LABS","description":"Achetez la cartouche STV Lemon Haze en gros. Saveur d&#039;agrumes, terp\u00e8nes naturels et jusqu&#039;\u00e0 600 bouff\u00e9es. Id\u00e9ale pour les d\u00e9taillants et les distributeurs. Sans THC.","robots":{"index":"index","follow":"follow","max-snippet":"max-snippet:-1","max-image-preview":"max-image-preview:large","max-video-preview":"max-video-preview:-1"},"canonical":"https:\/\/thelyflabs.com\/fr\/product\/cartucho-desechable-stv-sativanol-lemon-haze\/","og_locale":"fr_FR","og_type":"article","og_title":"Cartucho desechable STV Sativanol - Lemon Haze - THE LYF LABS","og_description":"Compra al por mayor el cartucho STV Lemon Haze. Sabor c\u00edtrico, terpenos naturales y hasta 600 caladas. Ideal para tiendas y distribuidores. Sin THC.","og_url":"https:\/\/thelyflabs.com\/fr\/product\/cartucho-desechable-stv-sativanol-lemon-haze\/","og_site_name":"THE LYF LABS","article_modified_time":"2026-04-20T07:32:06+00:00","og_image":[{"width":1000,"height":1000,"url":"https:\/\/thelyflabs.com\/wp-content\/uploads\/2025\/05\/Bolsa-Cart-HHC-Lemon-bolsa-2025.webp","type":"image\/webp"}],"twitter_card":"summary_large_image","twitter_misc":{"Dur\u00e9e de lecture estim\u00e9e":"3 minutes"},"schema":{"@context":"https:\/\/schema.org","@graph":[{"@type":"WebPage","@id":"https:\/\/thelyflabs.com\/product\/cartucho-desechable-stv-sativanol-lemon-haze","url":"https:\/\/thelyflabs.com\/product\/cartucho-desechable-stv-sativanol-lemon-haze","name":"Cartouche jetable STV Sativanol - Lemon Haze - THE LYF LABS","isPartOf":{"@id":"https:\/\/thelyflabs.com\/#website"},"primaryImageOfPage":{"@id":"https:\/\/thelyflabs.com\/product\/cartucho-desechable-stv-sativanol-lemon-haze#primaryimage"},"image":{"@id":"https:\/\/thelyflabs.com\/product\/cartucho-desechable-stv-sativanol-lemon-haze#primaryimage"},"thumbnailUrl":"https:\/\/thelyflabs.com\/wp-content\/uploads\/2025\/05\/Bolsa-Cart-HHC-Lemon-bolsa-2025.webp","datePublished":"2025-05-13T21:53:08+00:00","dateModified":"2026-04-20T07:32:06+00:00","description":"Achetez la cartouche STV Lemon Haze en gros. Saveur d&#039;agrumes, terp\u00e8nes naturels et jusqu&#039;\u00e0 600 bouff\u00e9es. Id\u00e9ale pour les d\u00e9taillants et les distributeurs. Sans THC.","breadcrumb":{"@id":"https:\/\/thelyflabs.com\/product\/cartucho-desechable-stv-sativanol-lemon-haze#breadcrumb"},"inLanguage":"fr-FR","potentialAction":[{"@type":"ReadAction","target":["https:\/\/thelyflabs.com\/product\/cartucho-desechable-stv-sativanol-lemon-haze"]}]},{"@type":"ImageObject","inLanguage":"fr-FR","@id":"https:\/\/thelyflabs.com\/product\/cartucho-desechable-stv-sativanol-lemon-haze#primaryimage","url":"https:\/\/thelyflabs.com\/wp-content\/uploads\/2025\/05\/Bolsa-Cart-HHC-Lemon-bolsa-2025.webp","contentUrl":"https:\/\/thelyflabs.com\/wp-content\/uploads\/2025\/05\/Bolsa-Cart-HHC-Lemon-bolsa-2025.webp","width":1000,"height":1000},{"@type":"BreadcrumbList","@id":"https:\/\/thelyflabs.com\/product\/cartucho-desechable-stv-sativanol-lemon-haze#breadcrumb","itemListElement":[{"@type":"ListItem","position":1,"name":"Portada","item":"https:\/\/thelyflabs.com\/"},{"@type":"ListItem","position":2,"name":"Tienda","item":"https:\/\/thelyflabs.com\/tienda"},{"@type":"ListItem","position":3,"name":"Cartucho desechable STV Sativanol &#8211; Lemon Haze"}]},{"@type":"WebSite","@id":"https:\/\/thelyflabs.com\/#website","url":"https:\/\/thelyflabs.com\/","name":"Les laboratoires LYF","description":"Vente en gros de CBD","publisher":{"@id":"https:\/\/thelyflabs.com\/#organization"},"potentialAction":[{"@type":"SearchAction","target":{"@type":"EntryPoint","urlTemplate":"https:\/\/thelyflabs.com\/?s={search_term_string}"},"query-input":{"@type":"PropertyValueSpecification","valueRequired":true,"valueName":"search_term_string"}}],"inLanguage":"fr-FR"},{"@type":"Organization","@id":"https:\/\/thelyflabs.com\/#organization","name":"Les laboratoires LYF","url":"https:\/\/thelyflabs.com\/","logo":{"@type":"ImageObject","inLanguage":"fr-FR","@id":"https:\/\/thelyflabs.com\/#\/schema\/logo\/image\/","url":"https:\/\/thelyflabs.com\/wp-content\/uploads\/2023\/01\/cropped-LogoTheLYFLabs.png","contentUrl":"https:\/\/thelyflabs.com\/wp-content\/uploads\/2023\/01\/cropped-LogoTheLYFLabs.png","width":600,"height":180,"caption":"The LYF Labs"},"image":{"@id":"https:\/\/thelyflabs.com\/#\/schema\/logo\/image\/"}}]}},"_links":{"self":[{"href":"https:\/\/thelyflabs.com\/fr\/wp-json\/wp\/v2\/product\/11941","targetHints":{"allow":["GET"]}}],"collection":[{"href":"https:\/\/thelyflabs.com\/fr\/wp-json\/wp\/v2\/product"}],"about":[{"href":"https:\/\/thelyflabs.com\/fr\/wp-json\/wp\/v2\/types\/product"}],"replies":[{"embeddable":true,"href":"https:\/\/thelyflabs.com\/fr\/wp-json\/wp\/v2\/comments?post=11941"}],"wp:featuredmedia":[{"embeddable":true,"href":"https:\/\/thelyflabs.com\/fr\/wp-json\/wp\/v2\/media\/11935"}],"wp:attachment":[{"href":"https:\/\/thelyflabs.com\/fr\/wp-json\/wp\/v2\/media?parent=11941"}],"wp:term":[{"taxonomy":"product_brand","embeddable":true,"href":"https:\/\/thelyflabs.com\/fr\/wp-json\/wp\/v2\/product_brand?post=11941"},{"taxonomy":"product_cat","embeddable":true,"href":"https:\/\/thelyflabs.com\/fr\/wp-json\/wp\/v2\/product_cat?post=11941"},{"taxonomy":"product_tag","embeddable":true,"href":"https:\/\/thelyflabs.com\/fr\/wp-json\/wp\/v2\/product_tag?post=11941"}],"curies":[{"name":"wp","href":"https:\/\/api.w.org\/{rel}","templated":true}]}}