{"id":12088,"date":"2025-05-20T14:28:03","date_gmt":"2025-05-20T12:28:03","guid":{"rendered":"https:\/\/thelyflabs.com\/?post_type=product&#038;p=12088"},"modified":"2025-06-05T11:24:26","modified_gmt":"2025-06-05T09:24:26","slug":"pack-10-flores-de-cbd-ready-to-roll-lyf-15gr","status":"publish","type":"product","link":"https:\/\/thelyflabs.com\/fr\/product\/pack-10-flores-de-cbd-ready-to-roll-lyf-15gr","title":{"rendered":"Pack 10 Fleurs CBD Pr\u00eates \u00e0 Rouler LYF 15gr"},"content":{"rendered":"<h1><b>Caract\u00e9ristiques des fleurs CBD Ready To Roll LYF<\/b><\/h1>\n<p><span style=\"font-weight: 400\">Les fleurs CBD Ready To Roll Gelato sont une bonne option pour ceux qui souhaitent acheter des fleurs CBD. Ces fleurs offrent une exp\u00e9rience unique \u00e0 ceux qui cherchent \u00e0 acheter des t\u00eates en ligne.<\/span><\/p>\n<h3><b>Apparence<\/b><\/h3>\n<p><span style=\"font-weight: 400\">Le confort est la cl\u00e9. En achetant de la fleur de CBD sous forme de fleur d\u00e9chiquet\u00e9e, vous \u00e9conomisez du temps et des efforts, vous permettant ainsi de profiter plus rapidement de votre exp\u00e9rience CBD. Nos fleurs de CBD conservent leur fra\u00eecheur et leur ar\u00f4me, garantissant ainsi une bonne exp\u00e9rience.<\/span><\/p>\n<h3><b>Parfum<\/b><\/h3>\n<p><span style=\"font-weight: 400\">L\u2019un des aspects les plus importants de cette fleur de CBD est son ar\u00f4me. Les fleurs de CBD Ready To Roll Gelato pr\u00e9sentent un profil olfactif complexe et profond\u00e9ment attractif, combinant des notes sucr\u00e9es avec une touche distinctive de diesel. Il pr\u00e9sente des nuances d&#039;agrumes et de terre qui \u00e9quilibrent les notes acides avec de subtiles touches de douceur.<\/span><\/p>\n<h3><b>Origine<\/b><\/h3>\n<p><span style=\"font-weight: 400\">Les fleurs de CBD Ready To Roll Gelato sont enracin\u00e9es dans des g\u00e9n\u00e9tiques soigneusement s\u00e9lectionn\u00e9es. Cette vari\u00e9t\u00e9 est le r\u00e9sultat d\u2019un croisement minutieux visant \u00e0 valoriser le meilleur du CBD. Son origine soigneusement cultiv\u00e9e garantit une exp\u00e9rience constante et de haute qualit\u00e9, elle est donc id\u00e9ale pour ceux qui cherchent o\u00f9 acheter du cannabis digne de confiance.<\/span><\/p>\n<h3><b>Note globale<\/b><\/h3>\n<p><span style=\"font-weight: 400\">Les fleurs de CBD Ready To Roll Gelato repr\u00e9sentent le meilleur du monde du CBD. Son apparence imposante, son ar\u00f4me sucr\u00e9 et son origine de premier ordre en font le choix parfait pour ceux qui recherchent des t\u00eates offrant une exp\u00e9rience sup\u00e9rieure. ce qui est une option id\u00e9ale si vous cherchez \u00e0 acheter des t\u00eates en ligne ou \u00e0 trouver du cannabidiol pr\u00e8s de chez vous.<\/span><\/p>\n<h2><b>Acheter des fleurs et des bourgeons de CBD <\/b><b>aux laboratoires LYF<\/b><\/h2>\n<p><span style=\"font-weight: 400\">Les fleurs de CBD LYF sont r\u00e9colt\u00e9es de mani\u00e8re biologique par des agriculteurs sans utilisation de pesticides ni d&#039;OGM, garantissant des produits de haute qualit\u00e9 et sans produits chimiques. L\u2019utilisation de m\u00e9thodes d\u2019agriculture biologique favorise la durabilit\u00e9 et la responsabilit\u00e9 environnementale, rendant le produit attrayant pour les consommateurs soucieux de l\u2019environnement.<\/span><\/p>\n<p><span style=\"font-weight: 400\">L&#039;Union europ\u00e9enne approuve les plantes de Cannabis Sativa \u00e0 partir desquelles les fleurs d&#039;Iguana Smoke sont r\u00e9colt\u00e9es, ce qui les rend l\u00e9gales 100%. Ces fleurs contiennent moins de 0,2 % THC, elles n&#039;ont donc aucun effet psychoactif. Cela en fait une option parfaite pour ceux qui souhaitent profiter des bienfaits du CBD sans ressentir les effets psychoactifs du THC.<\/span><\/p>\n<p><span style=\"font-weight: 400\">Si vous aimez cette fleur, vous aimerez peut-\u00eatre <a href=\"https:\/\/iguanasmoke.com\/producto\/sour-diesel-cbd\/\"><span style=\"text-decoration: underline\"><strong>Diesel aigre<\/strong><\/span><\/a>, la <a href=\"https:\/\/iguanasmoke.com\/producto\/gorilla-glue-flores-de-cbd\/\"><span style=\"text-decoration: underline\"><strong>Colle Gorille<\/strong><\/span><\/a> vague <a href=\"https:\/\/iguanasmoke.com\/producto\/shelby-cbd\/\"><strong>Shelby<\/strong><\/a>.<\/span><\/p>\n<p><span style=\"font-weight: 400\">Vous pouvez \u00e9galement d\u00e9couvrir d&#039;autres produits, consultez notre <a href=\"https:\/\/iguanasmoke.com\/categoria\/pre-rolls\/\"><span style=\"text-decoration: underline\"><strong>pr\u00e9-rolls<\/strong><\/span><\/a> ou le n\u00f4tre <a href=\"https:\/\/thelyflabs.com\/fr\/product-category\/stv-sativanol\/\"><span style=\"text-decoration: underline\"><strong>Produits Sativanol<\/strong><\/span><\/a>.<\/span><\/p>\n<h3>LYF est la qualit\u00e9<\/h3>\n<p><span style=\"font-weight: 400\">LYF est synonyme de qualit\u00e9 ; Une marque attractive qui se connecte aux nouvelles g\u00e9n\u00e9rations de consommateurs de CBD \u00e0 la recherche d&#039;un produit s\u00fbr, fiable et abordable qui poss\u00e8de toutes les caract\u00e9ristiques pour se positionner avec succ\u00e8s sur le march\u00e9 en plein essor du CBD. Si vous avez des questions, n&#039;h\u00e9sitez pas \u00e0 nous contacter et nous serons heureux de vous aider.<\/span><\/p>\n<p>&nbsp;<\/p>\n<p>&nbsp;<\/p>\n<h2><span style=\"color: #ffffff\">acheter des fleurs de CBD, acheter des fleurs de CBD en ligne, des fleurs de CBD en gros, des bourgeons de CBD, des bourgeons de CBD en ligne, acheter des fleurs de CBD, acheter des fleurs de CBD en ligne, acheter de la marijuana en ligne.<\/span><\/h2>","protected":false},"excerpt":{"rendered":"<p><strong>vraies fleurs<\/strong> de CBD Gelato hach\u00e9 pour faciliter l\u2019utilisation.<\/p>\n<p>Important, <strong><em>Il ne s\u2019agit pas de coupe ou de criblage\u00a0!<\/em><\/strong><\/p>\n<p><span style=\"font-weight: 400\">Les fleurs de CBD Ready To Roll Gelato CBD sont une vari\u00e9t\u00e9 remarquable dans le domaine de la marijuana l\u00e9gale. Certains utilisateurs peuvent remarquer des notes de baies, d&#039;agrumes ou m\u00eame de menthe<\/span><\/p>\n<ul>\n<li>CBD : 15% \/ THC : &lt; 0,2%<\/li>\n<li>Format pr\u00eat \u00e0 rouler<\/li>\n<li>Pochette transportable anti-odeur<\/li>\n<li>Pr\u00eat \u00e0 l&#039;emploi<\/li>\n<li>Dominante Sativa<\/li>\n<li>Ar\u00f4me fort avec des tons doux<\/li>\n<\/ul>\n<p>100% l\u00e9gal en Europe<\/p>\n<p>Analyse qualit\u00e9 : cliquez <a href=\"https:\/\/iguanasmoke.com\/wp-content\/uploads\/2018\/02\/Flor-Sour-Tsunami.pdf\" target=\"_blank\" rel=\"noopener\">ici<\/a><\/p>","protected":false},"featured_media":12092,"comment_status":"open","ping_status":"closed","template":"","meta":{"_acf_changed":false,"site-sidebar-layout":"default","site-content-layout":"","ast-site-content-layout":"default","site-content-style":"default","site-sidebar-style":"default","ast-global-header-display":"","ast-banner-title-visibility":"","ast-main-header-display":"","ast-hfb-above-header-display":"","ast-hfb-below-header-display":"","ast-hfb-mobile-header-display":"","site-post-title":"","ast-breadcrumbs-content":"","ast-featured-img":"","footer-sml-layout":"","theme-transparent-header-meta":"default","adv-header-id-meta":"","stick-header-meta":"","header-above-stick-meta":"","header-main-stick-meta":"","header-below-stick-meta":"","astra-migrate-meta-layouts":"set","ast-page-background-enabled":"default","ast-page-background-meta":{"desktop":{"background-color":"var(--ast-global-color-4)","background-image":"","background-repeat":"repeat","background-position":"center center","background-size":"auto","background-attachment":"scroll","background-type":"","background-media":"","overlay-type":"","overlay-color":"","overlay-opacity":"","overlay-gradient":""},"tablet":{"background-color":"","background-image":"","background-repeat":"repeat","background-position":"center center","background-size":"auto","background-attachment":"scroll","background-type":"","background-media":"","overlay-type":"","overlay-color":"","overlay-opacity":"","overlay-gradient":""},"mobile":{"background-color":"","background-image":"","background-repeat":"repeat","background-position":"center center","background-size":"auto","background-attachment":"scroll","background-type":"","background-media":"","overlay-type":"","overlay-color":"","overlay-opacity":"","overlay-gradient":""}},"ast-content-background-meta":{"desktop":{"background-color":"var(--ast-global-color-5)","background-image":"","background-repeat":"repeat","background-position":"center center","background-size":"auto","background-attachment":"scroll","background-type":"","background-media":"","overlay-type":"","overlay-color":"","overlay-opacity":"","overlay-gradient":""},"tablet":{"background-color":"var(--ast-global-color-5)","background-image":"","background-repeat":"repeat","background-position":"center center","background-size":"auto","background-attachment":"scroll","background-type":"","background-media":"","overlay-type":"","overlay-color":"","overlay-opacity":"","overlay-gradient":""},"mobile":{"background-color":"var(--ast-global-color-5)","background-image":"","background-repeat":"repeat","background-position":"center center","background-size":"auto","background-attachment":"scroll","background-type":"","background-media":"","overlay-type":"","overlay-color":"","overlay-opacity":"","overlay-gradient":""}}},"product_brand":[],"product_cat":[24,44,108,102,116],"product_tag":[],"class_list":{"0":"post-12088","1":"product","2":"type-product","3":"status-publish","4":"has-post-thumbnail","6":"product_cat-flores-de-cbd","7":"product_cat-lyf","8":"product_cat-novedades","9":"product_cat-packs-y-ofertas","10":"product_cat-ready-to-roll","11":"desktop-align-center","12":"tablet-align-left","13":"mobile-align-left","15":"first","16":"instock","17":"taxable","18":"shipping-taxable","19":"purchasable","20":"product-type-composite"},"acf":[],"yoast_head":"<!-- This site is optimized with the Yoast SEO plugin v27.3 - https:\/\/yoast.com\/product\/yoast-seo-wordpress\/ -->\n<title>Pack 10 Flores de CBD Ready to Roll LYF 15gr - THE LYF LABS<\/title>\n<meta name=\"description\" content=\"Flores de CBD picadas Ready to Roll en un formato listo para usar. Compra cogollos de marihuana legal. Env\u00edo gratuito en Espa\u00f1a y Portugal a partir de 100\u20ac.\" \/>\n<meta name=\"robots\" content=\"index, follow, max-snippet:-1, max-image-preview:large, max-video-preview:-1\" \/>\n<link rel=\"canonical\" href=\"https:\/\/thelyflabs.com\/fr\/product\/pack-10-flores-de-cbd-ready-to-roll-lyf-15gr\/\" \/>\n<meta property=\"og:locale\" content=\"fr_FR\" \/>\n<meta property=\"og:type\" content=\"article\" \/>\n<meta property=\"og:title\" content=\"Pack 10 Flores de CBD Ready to Roll LYF 15gr - THE LYF LABS\" \/>\n<meta property=\"og:description\" content=\"Flores de CBD picadas Ready to Roll en un formato listo para usar. Compra cogollos de marihuana legal. Env\u00edo gratuito en Espa\u00f1a y Portugal a partir de 100\u20ac.\" \/>\n<meta property=\"og:url\" content=\"https:\/\/thelyflabs.com\/fr\/product\/pack-10-flores-de-cbd-ready-to-roll-lyf-15gr\/\" \/>\n<meta property=\"og:site_name\" content=\"THE LYF LABS\" \/>\n<meta property=\"article:modified_time\" content=\"2025-06-05T09:24:26+00:00\" \/>\n<meta property=\"og:image\" content=\"https:\/\/thelyflabs.com\/wp-content\/uploads\/2025\/05\/Pack-Ready-to-Roll-10x15g.webp\" \/>\n\t<meta property=\"og:image:width\" content=\"1000\" \/>\n\t<meta property=\"og:image:height\" content=\"1000\" \/>\n\t<meta property=\"og:image:type\" content=\"image\/webp\" \/>\n<meta name=\"twitter:card\" content=\"summary_large_image\" \/>\n<meta name=\"twitter:label1\" content=\"Dur\u00e9e de lecture estim\u00e9e\" \/>\n\t<meta name=\"twitter:data1\" content=\"3 minutes\" \/>\n<script type=\"application\/ld+json\" class=\"yoast-schema-graph\">{\"@context\":\"https:\\\/\\\/schema.org\",\"@graph\":[{\"@type\":\"WebPage\",\"@id\":\"https:\\\/\\\/thelyflabs.com\\\/product\\\/pack-10-flores-de-cbd-ready-to-roll-lyf-15gr\",\"url\":\"https:\\\/\\\/thelyflabs.com\\\/product\\\/pack-10-flores-de-cbd-ready-to-roll-lyf-15gr\",\"name\":\"Pack 10 Flores de CBD Ready to Roll LYF 15gr - THE LYF LABS\",\"isPartOf\":{\"@id\":\"https:\\\/\\\/thelyflabs.com\\\/#website\"},\"primaryImageOfPage\":{\"@id\":\"https:\\\/\\\/thelyflabs.com\\\/product\\\/pack-10-flores-de-cbd-ready-to-roll-lyf-15gr#primaryimage\"},\"image\":{\"@id\":\"https:\\\/\\\/thelyflabs.com\\\/product\\\/pack-10-flores-de-cbd-ready-to-roll-lyf-15gr#primaryimage\"},\"thumbnailUrl\":\"https:\\\/\\\/thelyflabs.com\\\/wp-content\\\/uploads\\\/2025\\\/05\\\/Pack-Ready-to-Roll-10x15g.webp\",\"datePublished\":\"2025-05-20T12:28:03+00:00\",\"dateModified\":\"2025-06-05T09:24:26+00:00\",\"description\":\"Flores de CBD picadas Ready to Roll en un formato listo para usar. Compra cogollos de marihuana legal. Env\u00edo gratuito en Espa\u00f1a y Portugal a partir de 100\u20ac.\",\"breadcrumb\":{\"@id\":\"https:\\\/\\\/thelyflabs.com\\\/product\\\/pack-10-flores-de-cbd-ready-to-roll-lyf-15gr#breadcrumb\"},\"inLanguage\":\"fr-FR\",\"potentialAction\":[{\"@type\":\"ReadAction\",\"target\":[\"https:\\\/\\\/thelyflabs.com\\\/product\\\/pack-10-flores-de-cbd-ready-to-roll-lyf-15gr\"]}]},{\"@type\":\"ImageObject\",\"inLanguage\":\"fr-FR\",\"@id\":\"https:\\\/\\\/thelyflabs.com\\\/product\\\/pack-10-flores-de-cbd-ready-to-roll-lyf-15gr#primaryimage\",\"url\":\"https:\\\/\\\/thelyflabs.com\\\/wp-content\\\/uploads\\\/2025\\\/05\\\/Pack-Ready-to-Roll-10x15g.webp\",\"contentUrl\":\"https:\\\/\\\/thelyflabs.com\\\/wp-content\\\/uploads\\\/2025\\\/05\\\/Pack-Ready-to-Roll-10x15g.webp\",\"width\":1000,\"height\":1000,\"caption\":\"trim cbd\"},{\"@type\":\"BreadcrumbList\",\"@id\":\"https:\\\/\\\/thelyflabs.com\\\/product\\\/pack-10-flores-de-cbd-ready-to-roll-lyf-15gr#breadcrumb\",\"itemListElement\":[{\"@type\":\"ListItem\",\"position\":1,\"name\":\"Portada\",\"item\":\"https:\\\/\\\/thelyflabs.com\\\/\"},{\"@type\":\"ListItem\",\"position\":2,\"name\":\"Tienda\",\"item\":\"https:\\\/\\\/thelyflabs.com\\\/tienda\"},{\"@type\":\"ListItem\",\"position\":3,\"name\":\"Pack 10 Flores de CBD Ready to Roll LYF 15gr\"}]},{\"@type\":\"WebSite\",\"@id\":\"https:\\\/\\\/thelyflabs.com\\\/#website\",\"url\":\"https:\\\/\\\/thelyflabs.com\\\/\",\"name\":\"The LYF Labs\",\"description\":\"CBD al por mayor\",\"publisher\":{\"@id\":\"https:\\\/\\\/thelyflabs.com\\\/#organization\"},\"potentialAction\":[{\"@type\":\"SearchAction\",\"target\":{\"@type\":\"EntryPoint\",\"urlTemplate\":\"https:\\\/\\\/thelyflabs.com\\\/?s={search_term_string}\"},\"query-input\":{\"@type\":\"PropertyValueSpecification\",\"valueRequired\":true,\"valueName\":\"search_term_string\"}}],\"inLanguage\":\"fr-FR\"},{\"@type\":\"Organization\",\"@id\":\"https:\\\/\\\/thelyflabs.com\\\/#organization\",\"name\":\"The LYF Labs\",\"url\":\"https:\\\/\\\/thelyflabs.com\\\/\",\"logo\":{\"@type\":\"ImageObject\",\"inLanguage\":\"fr-FR\",\"@id\":\"https:\\\/\\\/thelyflabs.com\\\/#\\\/schema\\\/logo\\\/image\\\/\",\"url\":\"https:\\\/\\\/thelyflabs.com\\\/wp-content\\\/uploads\\\/2023\\\/01\\\/cropped-LogoTheLYFLabs.png\",\"contentUrl\":\"https:\\\/\\\/thelyflabs.com\\\/wp-content\\\/uploads\\\/2023\\\/01\\\/cropped-LogoTheLYFLabs.png\",\"width\":600,\"height\":180,\"caption\":\"The LYF Labs\"},\"image\":{\"@id\":\"https:\\\/\\\/thelyflabs.com\\\/#\\\/schema\\\/logo\\\/image\\\/\"}}]}<\/script>\n<!-- \/ Yoast SEO plugin. -->","yoast_head_json":{"title":"Pack 10 Flores de CBD Ready to Roll LYF 15gr - THE LYF LABS","description":"Fleurs de CBD hach\u00e9es pr\u00eates \u00e0 rouler, pr\u00eates \u00e0 l&#039;emploi. Achetez des t\u00eates de cannabis l\u00e9gales. Livraison gratuite en Espagne et au Portugal pour toute commande sup\u00e9rieure \u00e0 100 \u20ac.","robots":{"index":"index","follow":"follow","max-snippet":"max-snippet:-1","max-image-preview":"max-image-preview:large","max-video-preview":"max-video-preview:-1"},"canonical":"https:\/\/thelyflabs.com\/fr\/product\/pack-10-flores-de-cbd-ready-to-roll-lyf-15gr\/","og_locale":"fr_FR","og_type":"article","og_title":"Pack 10 Flores de CBD Ready to Roll LYF 15gr - THE LYF LABS","og_description":"Flores de CBD picadas Ready to Roll en un formato listo para usar. Compra cogollos de marihuana legal. Env\u00edo gratuito en Espa\u00f1a y Portugal a partir de 100\u20ac.","og_url":"https:\/\/thelyflabs.com\/fr\/product\/pack-10-flores-de-cbd-ready-to-roll-lyf-15gr\/","og_site_name":"THE LYF LABS","article_modified_time":"2025-06-05T09:24:26+00:00","og_image":[{"width":1000,"height":1000,"url":"https:\/\/thelyflabs.com\/wp-content\/uploads\/2025\/05\/Pack-Ready-to-Roll-10x15g.webp","type":"image\/webp"}],"twitter_card":"summary_large_image","twitter_misc":{"Dur\u00e9e de lecture estim\u00e9e":"3 minutes"},"schema":{"@context":"https:\/\/schema.org","@graph":[{"@type":"WebPage","@id":"https:\/\/thelyflabs.com\/product\/pack-10-flores-de-cbd-ready-to-roll-lyf-15gr","url":"https:\/\/thelyflabs.com\/product\/pack-10-flores-de-cbd-ready-to-roll-lyf-15gr","name":"Pack 10 Flores de CBD Ready to Roll LYF 15gr - THE LYF LABS","isPartOf":{"@id":"https:\/\/thelyflabs.com\/#website"},"primaryImageOfPage":{"@id":"https:\/\/thelyflabs.com\/product\/pack-10-flores-de-cbd-ready-to-roll-lyf-15gr#primaryimage"},"image":{"@id":"https:\/\/thelyflabs.com\/product\/pack-10-flores-de-cbd-ready-to-roll-lyf-15gr#primaryimage"},"thumbnailUrl":"https:\/\/thelyflabs.com\/wp-content\/uploads\/2025\/05\/Pack-Ready-to-Roll-10x15g.webp","datePublished":"2025-05-20T12:28:03+00:00","dateModified":"2025-06-05T09:24:26+00:00","description":"Fleurs de CBD hach\u00e9es pr\u00eates \u00e0 rouler, pr\u00eates \u00e0 l&#039;emploi. Achetez des t\u00eates de cannabis l\u00e9gales. Livraison gratuite en Espagne et au Portugal pour toute commande sup\u00e9rieure \u00e0 100 \u20ac.","breadcrumb":{"@id":"https:\/\/thelyflabs.com\/product\/pack-10-flores-de-cbd-ready-to-roll-lyf-15gr#breadcrumb"},"inLanguage":"fr-FR","potentialAction":[{"@type":"ReadAction","target":["https:\/\/thelyflabs.com\/product\/pack-10-flores-de-cbd-ready-to-roll-lyf-15gr"]}]},{"@type":"ImageObject","inLanguage":"fr-FR","@id":"https:\/\/thelyflabs.com\/product\/pack-10-flores-de-cbd-ready-to-roll-lyf-15gr#primaryimage","url":"https:\/\/thelyflabs.com\/wp-content\/uploads\/2025\/05\/Pack-Ready-to-Roll-10x15g.webp","contentUrl":"https:\/\/thelyflabs.com\/wp-content\/uploads\/2025\/05\/Pack-Ready-to-Roll-10x15g.webp","width":1000,"height":1000,"caption":"trim cbd"},{"@type":"BreadcrumbList","@id":"https:\/\/thelyflabs.com\/product\/pack-10-flores-de-cbd-ready-to-roll-lyf-15gr#breadcrumb","itemListElement":[{"@type":"ListItem","position":1,"name":"Portada","item":"https:\/\/thelyflabs.com\/"},{"@type":"ListItem","position":2,"name":"Tienda","item":"https:\/\/thelyflabs.com\/tienda"},{"@type":"ListItem","position":3,"name":"Pack 10 Flores de CBD Ready to Roll LYF 15gr"}]},{"@type":"WebSite","@id":"https:\/\/thelyflabs.com\/#website","url":"https:\/\/thelyflabs.com\/","name":"Les laboratoires LYF","description":"Vente en gros de CBD","publisher":{"@id":"https:\/\/thelyflabs.com\/#organization"},"potentialAction":[{"@type":"SearchAction","target":{"@type":"EntryPoint","urlTemplate":"https:\/\/thelyflabs.com\/?s={search_term_string}"},"query-input":{"@type":"PropertyValueSpecification","valueRequired":true,"valueName":"search_term_string"}}],"inLanguage":"fr-FR"},{"@type":"Organization","@id":"https:\/\/thelyflabs.com\/#organization","name":"Les laboratoires LYF","url":"https:\/\/thelyflabs.com\/","logo":{"@type":"ImageObject","inLanguage":"fr-FR","@id":"https:\/\/thelyflabs.com\/#\/schema\/logo\/image\/","url":"https:\/\/thelyflabs.com\/wp-content\/uploads\/2023\/01\/cropped-LogoTheLYFLabs.png","contentUrl":"https:\/\/thelyflabs.com\/wp-content\/uploads\/2023\/01\/cropped-LogoTheLYFLabs.png","width":600,"height":180,"caption":"The LYF Labs"},"image":{"@id":"https:\/\/thelyflabs.com\/#\/schema\/logo\/image\/"}}]}},"_links":{"self":[{"href":"https:\/\/thelyflabs.com\/fr\/wp-json\/wp\/v2\/product\/12088","targetHints":{"allow":["GET"]}}],"collection":[{"href":"https:\/\/thelyflabs.com\/fr\/wp-json\/wp\/v2\/product"}],"about":[{"href":"https:\/\/thelyflabs.com\/fr\/wp-json\/wp\/v2\/types\/product"}],"replies":[{"embeddable":true,"href":"https:\/\/thelyflabs.com\/fr\/wp-json\/wp\/v2\/comments?post=12088"}],"wp:featuredmedia":[{"embeddable":true,"href":"https:\/\/thelyflabs.com\/fr\/wp-json\/wp\/v2\/media\/12092"}],"wp:attachment":[{"href":"https:\/\/thelyflabs.com\/fr\/wp-json\/wp\/v2\/media?parent=12088"}],"wp:term":[{"taxonomy":"product_brand","embeddable":true,"href":"https:\/\/thelyflabs.com\/fr\/wp-json\/wp\/v2\/product_brand?post=12088"},{"taxonomy":"product_cat","embeddable":true,"href":"https:\/\/thelyflabs.com\/fr\/wp-json\/wp\/v2\/product_cat?post=12088"},{"taxonomy":"product_tag","embeddable":true,"href":"https:\/\/thelyflabs.com\/fr\/wp-json\/wp\/v2\/product_tag?post=12088"}],"curies":[{"name":"wp","href":"https:\/\/api.w.org\/{rel}","templated":true}]}}