{"id":12198,"date":"2025-05-29T01:25:37","date_gmt":"2025-05-28T23:25:37","guid":{"rendered":"https:\/\/thelyflabs.com\/?post_type=product&#038;p=12198"},"modified":"2026-03-20T10:20:43","modified_gmt":"2026-03-20T09:20:43","slug":"space-hash-moroccan-stv-sativanol","status":"publish","type":"product","link":"https:\/\/thelyflabs.com\/fr\/product\/space-hash-moroccan-stv-sativanol","title":{"rendered":"Space Hash marocain STV (Sativanol)"},"content":{"rendered":"<h1><span style=\"font-weight: 400\">Space Hash Moroccan STV : Les nouvelles mol\u00e9cules<\/span><\/h1>\n<p><span style=\"font-weight: 400\">Le Space Hash Moroccan STV est un bijou pour ceux qui recherchent un <strong>haschisch sans THC<\/strong> qui combine le meilleur du haschisch marocain traditionnel avec la puissance de <strong>Super Sativa<\/strong>Texture souple et finition artisanale, pour ceux qui recherchent quelque chose de diff\u00e9rent sans perdre l&#039;essence du haschisch authentique de qualit\u00e9 sup\u00e9rieure\u00a0:<\/span><\/p>\n<ul>\n<li>Il s&#039;agit d&#039;un produit s\u00fbr qui r\u00e9pond aux normes l\u00e9gales, avec moins de 0,3% de THC.<\/li>\n<li>De plus, il ne contient aucun produit chimique ni additif artificiel.<\/li>\n<li>Id\u00e9al pour les consommateurs exigeants et les amateurs de haschisch de qualit\u00e9 sup\u00e9rieure.<\/li>\n<li>Qualit\u00e9 test\u00e9e par des laboratoires ind\u00e9pendants <a href=\"https:\/\/iguanasmoke.com\/analiticas\/\">ici<\/a>.<\/li>\n<\/ul>\n<h2><\/h2>\n<h2><strong>Qu&#039;est-ce que le STV ? <\/strong><\/h2>\n<p><span style=\"font-weight: 400\">La STV (Super Sativa \u2013 Sativanol) est une <strong>cannabino\u00efde semi-synth\u00e9tique<\/strong> nouvelle g\u00e9n\u00e9ration, d\u00e9riv\u00e9e du chanvre. Elle a \u00e9t\u00e9 con\u00e7ue pour offrir <strong>effets stimulants, sensations d&#039;euphorie et moments de clart\u00e9 mentale<\/strong>Tout cela sans contenir de THC, de HHC, de THCP ni d&#039;analogues psychoactifs. <\/span><\/p>\n<p><span style=\"font-weight: 400\">L&#039;avantage principal de cette mol\u00e9cule est qu&#039;elle n&#039;entra\u00eene pas de tol\u00e9rance, ce qui vous permet de profiter de ses effets plus longtemps. Vous pouvez ainsi d\u00e9couvrir le Space Hash Moroccan STV avec un <strong>d\u00e9but mod\u00e9r\u00e9<\/strong> (10 \u00e0 30 minutes) et un <strong>dur\u00e9e de 3 \u00e0 4 heures<\/strong>, ce qui ne provoque pas de somnolence par la suite.\u00a0<\/span><\/p>\n<p><span style=\"font-weight: 400\">Le plus int\u00e9ressant, c&#039;est que la STV repr\u00e9sente un <strong>nouvelle \u00e8re des cannabino\u00efdes fonctionnels<\/strong>id\u00e9al pour ceux qui recherchent des exp\u00e9riences <strong>Type Sativa sans subir les effets n\u00e9gatifs<\/strong>C&#039;est tout simplement parfait.\u00a0\u00a0<\/span><\/p>\n<p>&nbsp;<\/p>\n<section class=\"product-description\">\n<h2>Caract\u00e9ristiques du Space Hash Moroccan STV\u00a0:<\/h2>\n<ul>\n<li><span style=\"font-size: 16px;font-weight: 400\"><strong>Ar\u00f4me et saveur :<\/strong> Il d\u00e9gage une <strong>ar\u00f4me subtil et \u00e9pic\u00e9<\/strong> \u00c9voquant les classiques nord-africains. Une saveur riche et enveloppante d\u00e8s la premi\u00e8re bouch\u00e9e, sans \u00eatre \u00e9c\u0153urante.\u00a0<\/span><\/li>\n<li><strong>Origine et puret\u00e9 :<\/strong> <span style=\"font-size: 16px;font-weight: 400\">Fabriqu\u00e9 \u00e0 partir de <strong>Chanvre europ\u00e9en s\u00e9lectionn\u00e9<\/strong> en d\u00e9tail et en suivant le <strong>m\u00e9thodes marocaines traditionnelles qui, associ\u00e9es au STV,<\/strong> Ce cannabino\u00efde moderne vous offre une exp\u00e9rience alternative, sans effets psychoactifs et totalement l\u00e9gale.\u00a0<\/span><\/li>\n<li><span style=\"font-size: 16px;font-weight: 400\"><strong>Aspect et texture :<\/strong>\u00a0 Sa couleur blond clair et son aspect compact en font un haschisch attrayant pour ceux qui appr\u00e9cient l&#039;esth\u00e9tique. Facile \u00e0 manipuler, il est parfait \u00e0 d\u00e9guster seul ou \u00e0 plusieurs.\u00a0<\/span><\/li>\n<\/ul>\n<p>&nbsp;<\/p>\n<h2>Qualit\u00e9 et s\u00e9curit\u00e9<\/h2>\n<p>Dans <strong>Les laboratoires Lyf<\/strong>, nous garantissons que chaque lot de <strong>Space Hash marocain STV (Sativanol)<\/strong> Ce produit fait l&#039;objet d&#039;analyses rigoureuses en laboratoire afin de confirmer sa puret\u00e9, l&#039;absence de pesticides et un taux de THC l\u00e9gal (inf\u00e9rieur \u00e0 0,31 g\/L). Notre engagement envers la qualit\u00e9 et la s\u00e9curit\u00e9 nous permet de proposer un produit fiable, adapt\u00e9 \u00e0 tous les consommateurs soucieux de l\u00e9galit\u00e9 et d&#039;excellence.<\/p>\n<p>&nbsp;<\/p>\n<p><span style=\"font-size: 1.7em;font-weight: bold\">Pourquoi acheter Space Hash STV chez The Lyf Labs ?<\/span><\/p>\n<\/section>\n<section class=\"product-description\">\n<ul>\n<li>Produit 100% l\u00e9gal dans l&#039;Union Europ\u00e9enne, conforme \u00e0 la r\u00e9glementation en vigueur sur le THC.<\/li>\n<li>Naturel, sans pesticides ni additifs chimiques, garantissant une consommation s\u00fbre et saine.<\/li>\n<li>Test\u00e9 dans des laboratoires certifi\u00e9s pour garantir une puret\u00e9 et une qualit\u00e9 maximales.<\/li>\n<li>Une livraison rapide et un service professionnel accompagnent chaque achat.<\/li>\n<li>Achat s\u00e9curis\u00e9 et support sp\u00e9cialis\u00e9 pour r\u00e9soudre toutes vos questions.<\/li>\n<\/ul>\n<p>Lyf Labs s&#039;engage \u00e0 proposer des produits alliant tradition, innovation et qualit\u00e9 sup\u00e9rieure. <strong>Space Hash marocain STV (Sativanol)<\/strong> C&#039;est un choix exceptionnel pour ceux qui recherchent un haschisch artisanal au profil moderne et \u00e0 l&#039;exp\u00e9rience utilisateur unique. Faites-nous confiance pour ajouter \u00e0 votre collection ou \u00e0 votre catalogue un produit qui se distingue par son authenticit\u00e9, sa saveur et sa fiabilit\u00e9.<\/p>\n<p><span style=\"font-size: 1.7em;font-weight: bold\">Lyf Labs, c&#039;est de la qualit\u00e9<\/span><\/p>\n<\/section>\n<p>The Lyf Labs repr\u00e9sente l&#039;excellence sur le march\u00e9 de gros des cannabino\u00efdes, proposant des produits innovants, s\u00fbrs et d&#039;une grande puret\u00e9 aux boutiques sp\u00e9cialis\u00e9es et aux distributeurs. Nous nous effor\u00e7ons de r\u00e9pondre aux besoins d&#039;un secteur professionnel en qu\u00eate de qualit\u00e9 constante, de tra\u00e7abilit\u00e9 et de prix comp\u00e9titifs. Si vous recherchez un fournisseur fiable et avant-gardiste, vous trouverez en The Lyf Labs un partenaire strat\u00e9gique pour vous accompagner dans votre croissance sur le march\u00e9 du chanvre.<\/p>\n<section class=\"product-description\">\n<p style=\"position: absolute;left: -9999px\">Haschisch Sativanol et CBD au meilleur prix de gros chez The Lyf Labs. Produits CBD et STV en gros avec des remises exclusives. Haschisch Sativanol en gros disponible sur notre site web.<\/p>\n<\/section>","protected":false},"excerpt":{"rendered":"<p><span style=\"font-weight: 400\">Le Space Hash Moroccan STV poss\u00e8de une texture ferme et un ar\u00f4me \u00e9pic\u00e9. Enrichi en STV (sativanol), il procure une sensation de clart\u00e9 et une l\u00e9g\u00e8re euphorie.\u00a0<\/span><\/p>\n<ul>\n<li><strong style=\"font-size: 16px;font-style: normal\">couleur blond clair <\/strong>\u2013 Parfait pour une exp\u00e9rience authentique<\/li>\n<li><strong>Moins de 0,31 TP3T de THC \u2013 1001 TP3T l\u00e9gal dans toute l&#039;Europe<\/strong><\/li>\n<li><strong>Production naturelle<\/strong>\u2013 Pas de pesticides ni de produits chimiques artificiels<\/li>\n<\/ul>\n<p>Analyse qualit\u00e9 : cliquez\u00a0<a href=\"https:\/\/iguanasmoke.com\/analiticas\/\" target=\"_blank\" rel=\"noopener\">ici<\/a><\/p>","protected":false},"featured_media":12219,"comment_status":"open","ping_status":"closed","template":"","meta":{"_acf_changed":false,"site-sidebar-layout":"default","site-content-layout":"","ast-site-content-layout":"default","site-content-style":"default","site-sidebar-style":"default","ast-global-header-display":"","ast-banner-title-visibility":"","ast-main-header-display":"","ast-hfb-above-header-display":"","ast-hfb-below-header-display":"","ast-hfb-mobile-header-display":"","site-post-title":"","ast-breadcrumbs-content":"","ast-featured-img":"","footer-sml-layout":"","theme-transparent-header-meta":"default","adv-header-id-meta":"","stick-header-meta":"","header-above-stick-meta":"","header-main-stick-meta":"","header-below-stick-meta":"","astra-migrate-meta-layouts":"set","ast-page-background-enabled":"default","ast-page-background-meta":{"desktop":{"background-color":"var(--ast-global-color-4)","background-image":"","background-repeat":"repeat","background-position":"center center","background-size":"auto","background-attachment":"scroll","background-type":"","background-media":"","overlay-type":"","overlay-color":"","overlay-opacity":"","overlay-gradient":""},"tablet":{"background-color":"","background-image":"","background-repeat":"repeat","background-position":"center center","background-size":"auto","background-attachment":"scroll","background-type":"","background-media":"","overlay-type":"","overlay-color":"","overlay-opacity":"","overlay-gradient":""},"mobile":{"background-color":"","background-image":"","background-repeat":"repeat","background-position":"center center","background-size":"auto","background-attachment":"scroll","background-type":"","background-media":"","overlay-type":"","overlay-color":"","overlay-opacity":"","overlay-gradient":""}},"ast-content-background-meta":{"desktop":{"background-color":"var(--ast-global-color-5)","background-image":"","background-repeat":"repeat","background-position":"center center","background-size":"auto","background-attachment":"scroll","background-type":"","background-media":"","overlay-type":"","overlay-color":"","overlay-opacity":"","overlay-gradient":""},"tablet":{"background-color":"var(--ast-global-color-5)","background-image":"","background-repeat":"repeat","background-position":"center center","background-size":"auto","background-attachment":"scroll","background-type":"","background-media":"","overlay-type":"","overlay-color":"","overlay-opacity":"","overlay-gradient":""},"mobile":{"background-color":"var(--ast-global-color-5)","background-image":"","background-repeat":"repeat","background-position":"center center","background-size":"auto","background-attachment":"scroll","background-type":"","background-media":"","overlay-type":"","overlay-color":"","overlay-opacity":"","overlay-gradient":""}}},"product_brand":[],"product_cat":[146,66,143,138],"product_tag":[],"class_list":{"0":"post-12198","1":"product","2":"type-product","3":"status-publish","4":"has-post-thumbnail","6":"product_cat-nuevas-moleculas","7":"product_cat-resinas","8":"product_cat-stv","9":"product_cat-stv-sativanol","10":"desktop-align-center","11":"tablet-align-left","12":"mobile-align-left","14":"first","15":"instock","16":"taxable","17":"shipping-taxable","18":"purchasable","19":"product-type-variable"},"acf":[],"yoast_head":"<!-- This site is optimized with the Yoast SEO plugin v27.3 - https:\/\/yoast.com\/product\/yoast-seo-wordpress\/ -->\n<title>Space Hash Moroccan STV (Sativanol) - THE LYF LABS<\/title>\n<meta name=\"description\" content=\"Hach\u00eds de Sativanol y CBD al mejor precio mayorista. Venta de productos de CBD y STV al por mayor con descuentos exclusivos para tiendas.\" \/>\n<meta name=\"robots\" content=\"index, follow, max-snippet:-1, max-image-preview:large, max-video-preview:-1\" \/>\n<link rel=\"canonical\" href=\"https:\/\/thelyflabs.com\/fr\/product\/space-hash-moroccan-stv-sativanol\/\" \/>\n<meta property=\"og:locale\" content=\"fr_FR\" \/>\n<meta property=\"og:type\" content=\"article\" \/>\n<meta property=\"og:title\" content=\"Space Hash Moroccan STV (Sativanol) - THE LYF LABS\" \/>\n<meta property=\"og:description\" content=\"Hach\u00eds de Sativanol y CBD al mejor precio mayorista. Venta de productos de CBD y STV al por mayor con descuentos exclusivos para tiendas.\" \/>\n<meta property=\"og:url\" content=\"https:\/\/thelyflabs.com\/fr\/product\/space-hash-moroccan-stv-sativanol\/\" \/>\n<meta property=\"og:site_name\" content=\"THE LYF LABS\" \/>\n<meta property=\"article:modified_time\" content=\"2026-03-20T09:20:43+00:00\" \/>\n<meta property=\"og:image\" content=\"https:\/\/thelyflabs.com\/wp-content\/uploads\/2025\/05\/mockup-Blonde-2g.png\" \/>\n\t<meta property=\"og:image:width\" content=\"1000\" \/>\n\t<meta property=\"og:image:height\" content=\"1000\" \/>\n\t<meta property=\"og:image:type\" content=\"image\/png\" \/>\n<meta name=\"twitter:card\" content=\"summary_large_image\" \/>\n<meta name=\"twitter:label1\" content=\"Dur\u00e9e de lecture estim\u00e9e\" \/>\n\t<meta name=\"twitter:data1\" content=\"4 minutes\" \/>\n<script type=\"application\/ld+json\" class=\"yoast-schema-graph\">{\"@context\":\"https:\\\/\\\/schema.org\",\"@graph\":[{\"@type\":\"WebPage\",\"@id\":\"https:\\\/\\\/thelyflabs.com\\\/product\\\/space-hash-moroccan-stv-sativanol\",\"url\":\"https:\\\/\\\/thelyflabs.com\\\/product\\\/space-hash-moroccan-stv-sativanol\",\"name\":\"Space Hash Moroccan STV (Sativanol) - THE LYF LABS\",\"isPartOf\":{\"@id\":\"https:\\\/\\\/thelyflabs.com\\\/#website\"},\"primaryImageOfPage\":{\"@id\":\"https:\\\/\\\/thelyflabs.com\\\/product\\\/space-hash-moroccan-stv-sativanol#primaryimage\"},\"image\":{\"@id\":\"https:\\\/\\\/thelyflabs.com\\\/product\\\/space-hash-moroccan-stv-sativanol#primaryimage\"},\"thumbnailUrl\":\"https:\\\/\\\/thelyflabs.com\\\/wp-content\\\/uploads\\\/2025\\\/05\\\/mockup-Blonde-2g.png\",\"datePublished\":\"2025-05-28T23:25:37+00:00\",\"dateModified\":\"2026-03-20T09:20:43+00:00\",\"description\":\"Hach\u00eds de Sativanol y CBD al mejor precio mayorista. Venta de productos de CBD y STV al por mayor con descuentos exclusivos para tiendas.\",\"breadcrumb\":{\"@id\":\"https:\\\/\\\/thelyflabs.com\\\/product\\\/space-hash-moroccan-stv-sativanol#breadcrumb\"},\"inLanguage\":\"fr-FR\",\"potentialAction\":[{\"@type\":\"ReadAction\",\"target\":[\"https:\\\/\\\/thelyflabs.com\\\/product\\\/space-hash-moroccan-stv-sativanol\"]}]},{\"@type\":\"ImageObject\",\"inLanguage\":\"fr-FR\",\"@id\":\"https:\\\/\\\/thelyflabs.com\\\/product\\\/space-hash-moroccan-stv-sativanol#primaryimage\",\"url\":\"https:\\\/\\\/thelyflabs.com\\\/wp-content\\\/uploads\\\/2025\\\/05\\\/mockup-Blonde-2g.png\",\"contentUrl\":\"https:\\\/\\\/thelyflabs.com\\\/wp-content\\\/uploads\\\/2025\\\/05\\\/mockup-Blonde-2g.png\",\"width\":1000,\"height\":1000},{\"@type\":\"BreadcrumbList\",\"@id\":\"https:\\\/\\\/thelyflabs.com\\\/product\\\/space-hash-moroccan-stv-sativanol#breadcrumb\",\"itemListElement\":[{\"@type\":\"ListItem\",\"position\":1,\"name\":\"Portada\",\"item\":\"https:\\\/\\\/thelyflabs.com\\\/\"},{\"@type\":\"ListItem\",\"position\":2,\"name\":\"Tienda\",\"item\":\"https:\\\/\\\/thelyflabs.com\\\/tienda\"},{\"@type\":\"ListItem\",\"position\":3,\"name\":\"Space Hash Moroccan STV (Sativanol)\"}]},{\"@type\":\"WebSite\",\"@id\":\"https:\\\/\\\/thelyflabs.com\\\/#website\",\"url\":\"https:\\\/\\\/thelyflabs.com\\\/\",\"name\":\"The LYF Labs\",\"description\":\"CBD al por mayor\",\"publisher\":{\"@id\":\"https:\\\/\\\/thelyflabs.com\\\/#organization\"},\"potentialAction\":[{\"@type\":\"SearchAction\",\"target\":{\"@type\":\"EntryPoint\",\"urlTemplate\":\"https:\\\/\\\/thelyflabs.com\\\/?s={search_term_string}\"},\"query-input\":{\"@type\":\"PropertyValueSpecification\",\"valueRequired\":true,\"valueName\":\"search_term_string\"}}],\"inLanguage\":\"fr-FR\"},{\"@type\":\"Organization\",\"@id\":\"https:\\\/\\\/thelyflabs.com\\\/#organization\",\"name\":\"The LYF Labs\",\"url\":\"https:\\\/\\\/thelyflabs.com\\\/\",\"logo\":{\"@type\":\"ImageObject\",\"inLanguage\":\"fr-FR\",\"@id\":\"https:\\\/\\\/thelyflabs.com\\\/#\\\/schema\\\/logo\\\/image\\\/\",\"url\":\"https:\\\/\\\/thelyflabs.com\\\/wp-content\\\/uploads\\\/2023\\\/01\\\/cropped-LogoTheLYFLabs.png\",\"contentUrl\":\"https:\\\/\\\/thelyflabs.com\\\/wp-content\\\/uploads\\\/2023\\\/01\\\/cropped-LogoTheLYFLabs.png\",\"width\":600,\"height\":180,\"caption\":\"The LYF Labs\"},\"image\":{\"@id\":\"https:\\\/\\\/thelyflabs.com\\\/#\\\/schema\\\/logo\\\/image\\\/\"}}]}<\/script>\n<!-- \/ Yoast SEO plugin. -->","yoast_head_json":{"title":"Space Hash Moroccan STV (Sativanol) - THE LYF LABS","description":"Hach\u00eds de Sativanol y CBD al mejor precio mayorista. Venta de productos de CBD y STV al por mayor con descuentos exclusivos para tiendas.","robots":{"index":"index","follow":"follow","max-snippet":"max-snippet:-1","max-image-preview":"max-image-preview:large","max-video-preview":"max-video-preview:-1"},"canonical":"https:\/\/thelyflabs.com\/fr\/product\/space-hash-moroccan-stv-sativanol\/","og_locale":"fr_FR","og_type":"article","og_title":"Space Hash Moroccan STV (Sativanol) - THE LYF LABS","og_description":"Hach\u00eds de Sativanol y CBD al mejor precio mayorista. Venta de productos de CBD y STV al por mayor con descuentos exclusivos para tiendas.","og_url":"https:\/\/thelyflabs.com\/fr\/product\/space-hash-moroccan-stv-sativanol\/","og_site_name":"THE LYF LABS","article_modified_time":"2026-03-20T09:20:43+00:00","og_image":[{"width":1000,"height":1000,"url":"https:\/\/thelyflabs.com\/wp-content\/uploads\/2025\/05\/mockup-Blonde-2g.png","type":"image\/png"}],"twitter_card":"summary_large_image","twitter_misc":{"Dur\u00e9e de lecture estim\u00e9e":"4 minutes"},"schema":{"@context":"https:\/\/schema.org","@graph":[{"@type":"WebPage","@id":"https:\/\/thelyflabs.com\/product\/space-hash-moroccan-stv-sativanol","url":"https:\/\/thelyflabs.com\/product\/space-hash-moroccan-stv-sativanol","name":"Space Hash Moroccan STV (Sativanol) - THE LYF LABS","isPartOf":{"@id":"https:\/\/thelyflabs.com\/#website"},"primaryImageOfPage":{"@id":"https:\/\/thelyflabs.com\/product\/space-hash-moroccan-stv-sativanol#primaryimage"},"image":{"@id":"https:\/\/thelyflabs.com\/product\/space-hash-moroccan-stv-sativanol#primaryimage"},"thumbnailUrl":"https:\/\/thelyflabs.com\/wp-content\/uploads\/2025\/05\/mockup-Blonde-2g.png","datePublished":"2025-05-28T23:25:37+00:00","dateModified":"2026-03-20T09:20:43+00:00","description":"Hach\u00eds de Sativanol y CBD al mejor precio mayorista. Venta de productos de CBD y STV al por mayor con descuentos exclusivos para tiendas.","breadcrumb":{"@id":"https:\/\/thelyflabs.com\/product\/space-hash-moroccan-stv-sativanol#breadcrumb"},"inLanguage":"fr-FR","potentialAction":[{"@type":"ReadAction","target":["https:\/\/thelyflabs.com\/product\/space-hash-moroccan-stv-sativanol"]}]},{"@type":"ImageObject","inLanguage":"fr-FR","@id":"https:\/\/thelyflabs.com\/product\/space-hash-moroccan-stv-sativanol#primaryimage","url":"https:\/\/thelyflabs.com\/wp-content\/uploads\/2025\/05\/mockup-Blonde-2g.png","contentUrl":"https:\/\/thelyflabs.com\/wp-content\/uploads\/2025\/05\/mockup-Blonde-2g.png","width":1000,"height":1000},{"@type":"BreadcrumbList","@id":"https:\/\/thelyflabs.com\/product\/space-hash-moroccan-stv-sativanol#breadcrumb","itemListElement":[{"@type":"ListItem","position":1,"name":"Portada","item":"https:\/\/thelyflabs.com\/"},{"@type":"ListItem","position":2,"name":"Tienda","item":"https:\/\/thelyflabs.com\/tienda"},{"@type":"ListItem","position":3,"name":"Space Hash Moroccan STV (Sativanol)"}]},{"@type":"WebSite","@id":"https:\/\/thelyflabs.com\/#website","url":"https:\/\/thelyflabs.com\/","name":"Les laboratoires LYF","description":"Vente en gros de CBD","publisher":{"@id":"https:\/\/thelyflabs.com\/#organization"},"potentialAction":[{"@type":"SearchAction","target":{"@type":"EntryPoint","urlTemplate":"https:\/\/thelyflabs.com\/?s={search_term_string}"},"query-input":{"@type":"PropertyValueSpecification","valueRequired":true,"valueName":"search_term_string"}}],"inLanguage":"fr-FR"},{"@type":"Organization","@id":"https:\/\/thelyflabs.com\/#organization","name":"Les laboratoires LYF","url":"https:\/\/thelyflabs.com\/","logo":{"@type":"ImageObject","inLanguage":"fr-FR","@id":"https:\/\/thelyflabs.com\/#\/schema\/logo\/image\/","url":"https:\/\/thelyflabs.com\/wp-content\/uploads\/2023\/01\/cropped-LogoTheLYFLabs.png","contentUrl":"https:\/\/thelyflabs.com\/wp-content\/uploads\/2023\/01\/cropped-LogoTheLYFLabs.png","width":600,"height":180,"caption":"The LYF Labs"},"image":{"@id":"https:\/\/thelyflabs.com\/#\/schema\/logo\/image\/"}}]}},"_links":{"self":[{"href":"https:\/\/thelyflabs.com\/fr\/wp-json\/wp\/v2\/product\/12198","targetHints":{"allow":["GET"]}}],"collection":[{"href":"https:\/\/thelyflabs.com\/fr\/wp-json\/wp\/v2\/product"}],"about":[{"href":"https:\/\/thelyflabs.com\/fr\/wp-json\/wp\/v2\/types\/product"}],"replies":[{"embeddable":true,"href":"https:\/\/thelyflabs.com\/fr\/wp-json\/wp\/v2\/comments?post=12198"}],"wp:featuredmedia":[{"embeddable":true,"href":"https:\/\/thelyflabs.com\/fr\/wp-json\/wp\/v2\/media\/12219"}],"wp:attachment":[{"href":"https:\/\/thelyflabs.com\/fr\/wp-json\/wp\/v2\/media?parent=12198"}],"wp:term":[{"taxonomy":"product_brand","embeddable":true,"href":"https:\/\/thelyflabs.com\/fr\/wp-json\/wp\/v2\/product_brand?post=12198"},{"taxonomy":"product_cat","embeddable":true,"href":"https:\/\/thelyflabs.com\/fr\/wp-json\/wp\/v2\/product_cat?post=12198"},{"taxonomy":"product_tag","embeddable":true,"href":"https:\/\/thelyflabs.com\/fr\/wp-json\/wp\/v2\/product_tag?post=12198"}],"curies":[{"name":"wp","href":"https:\/\/api.w.org\/{rel}","templated":true}]}}