{"id":12207,"date":"2025-08-26T09:22:45","date_gmt":"2025-08-26T07:22:45","guid":{"rendered":"https:\/\/thelyflabs.com\/?post_type=product&#038;p=12207"},"modified":"2026-04-13T09:02:43","modified_gmt":"2026-04-13T07:02:43","slug":"space-hash-dry-sift-10-oh","status":"publish","type":"product","link":"https:\/\/thelyflabs.com\/fr\/product\/space-hash-dry-sift-10-oh","title":{"rendered":"Hash spatial tamis\u00e9 \u00e0 sec 10-OH"},"content":{"rendered":"<section class=\"space-hash-dry-sift-10oh-description\">\n<h1>Hash spatial tamis\u00e9 \u00e0 sec 10-OH<\/h1>\n<p>D\u00e9couvrez l&#039;exp\u00e9rience unique du Space Hash Dry Sift 10-OH, une r\u00e9sine premium alliant m\u00e9thodes traditionnelles et technologies d&#039;extraction modernes. Fabriqu\u00e9 \u00e0 partir de chanvre de la plus haute qualit\u00e9 et enrichi en cannabino\u00efde 10-OH, ce haschisch vous offre une alternative innovante et s\u00fbre, sans effets psychoactifs et conforme \u00e0 toutes les r\u00e9glementations europ\u00e9ennes.<\/p>\n<p>&nbsp;<\/p>\n<h2><em>Space Hash : Un voyage dans l&#039;autre monde<\/em><\/h2>\n<p><span style=\"font-weight: 400;\">Le terme \u00ab espace \u00bb n&#039;est pas un hasard. <strong>Les r\u00e9sines Space Hash sont de haute puret\u00e9.<\/strong>, <strong>enrichi en mol\u00e9cules suppl\u00e9mentaires<\/strong> qui vous invitent \u00e0 un <strong>un voyage sensoriel unique<\/strong>D\u00e9couvrez une exp\u00e9rience hors du commun qui combine <strong>tradition artisanale du haschisch<\/strong> avec le <strong>innovation<\/strong> le plus avant-gardiste au monde <strong>CBD<\/strong>.\u00a0<\/span><\/p>\n<p>&nbsp;<\/p>\n<section class=\"space-hash-dry-sift-10oh-description\">\n<h2><strong>Qu\u2019est-ce que le haschisch 10-OH Dry Sift\u00a0?\u00a0: Comprendre le 10-OH<\/strong><\/h2>\n<p><span style=\"font-weight: 400;\">Tout commence par la m\u00e9thode d&#039;extraction du haschisch, qui se fait en <strong>tamisage \u00e0 sec<\/strong>Il s&#039;agit d&#039;une m\u00e9thode artisanale de <strong>s\u00e9parer les cristaux les plus purs<\/strong> \u00e0 partir de la plante de chanvre. Pour cela, on utilise des tamis \u00e0 mailles fines afin d&#039;obtenir une r\u00e9sine avec un <strong>Texture onctueuse, ar\u00f4me intense et puret\u00e9 in\u00e9gal\u00e9e<\/strong>. <\/span><\/p>\n<p><span style=\"font-weight: 400;\">Et pour le rendre encore plus sp\u00e9cial, nous avons ajout\u00e9 au haschisch <strong>10-OH<\/strong>ce qui vous procure une sensation unique sans n\u00e9gliger la l\u00e9galit\u00e9. <\/span><\/p>\n<p><span style=\"font-weight: 400;\">Il <strong>10-Hydroxy (10-OH)<\/strong> C&#039;est un <strong>mol\u00e9cule<\/strong> qui offre une exp\u00e9rience extrasensorielle plus douce que le THC. Contrairement au CBD, le 10-OH <strong>Oui, cela modifie subtilement la perception.<\/strong>De plus, il s&#039;agit d&#039;un nouveau compos\u00e9 sur le march\u00e9 qui est conforme, comme tous nos produits, \u00e0 la l\u00e9gislation europ\u00e9enne ; contenant toujours moins de 0,3% de THC.<\/span><\/p>\n<p>&nbsp;<\/p>\n<\/section>\n<h2><strong>Caract\u00e9ristiques du Space Hash Dry Sift 10-OH\u00a0:<\/strong><\/h2>\n<ul>\n<li><span style=\"font-weight: 400;\"><strong>Ar\u00f4me et saveur :<\/strong> Il d\u00e9gage un ar\u00f4me profond, avec des notes de <strong>atterrir<\/strong> d\u00e9j\u00e0 <strong>herbes<\/strong>C&#039;est le genre de haschisch qui fait de chaque utilisation un petit plaisir.\u00a0<\/span><\/li>\n<li><span style=\"font-weight: 400;\"><strong>Origine et puret\u00e9 :<\/strong> Cela se fait en utilisant le <strong>m\u00e9thode de tamisage \u00e0 sec<\/strong>Chaque lot de nos <strong>Hash spatial tamis\u00e9 \u00e0 sec 10-OH<\/strong> Il est fabriqu\u00e9 artisanalement avec le plus grand soin, toujours \u00e0 partir du meilleur chanvre europ\u00e9en.\u00a0<\/span><\/li>\n<li><span style=\"font-weight: 400;\"><strong>Aspect et texture :<\/strong> Avec un <strong>texture soyeuse<\/strong>, vous pouvez voir le <strong>petits cristaux de r\u00e9sine<\/strong>, signe qu&#039;il est riche en cannabino\u00efdes et en terp\u00e8nes de haute qualit\u00e9.<\/span><\/li>\n<\/ul>\n<\/section>\n<section class=\"space-hash-dry-sift-10oh-description\">\n<section class=\"product-description\">\n<h2>Qualit\u00e9 et s\u00e9curit\u00e9<\/h2>\n<p>Dans <strong>Les laboratoires Lyf<\/strong>, nous garantissons que chaque lot de <span style=\"font-weight: 400;\"><strong>Hash spatial tamis\u00e9 \u00e0 sec 10-OH<\/strong><\/span>\u00a0Ce produit fait l&#039;objet d&#039;analyses rigoureuses en laboratoire afin de confirmer sa puret\u00e9, l&#039;absence de pesticides et un taux de THC l\u00e9gal (inf\u00e9rieur \u00e0 0,31 g\/L). Notre engagement envers la qualit\u00e9 et la s\u00e9curit\u00e9 nous permet de proposer un produit fiable, adapt\u00e9 \u00e0 tous les consommateurs soucieux de l\u00e9galit\u00e9 et d&#039;excellence.<\/p>\n<p>&nbsp;<\/p>\n<p><span style=\"font-size: 1.7em; font-weight: bold;\">Pourquoi acheter <span style=\"font-weight: 400;\"><strong>Hash spatial tamis\u00e9 \u00e0 sec 10-OH<\/strong><\/span>\u00a0chez Lyf Labs ?<\/span><\/p>\n<\/section>\n<section class=\"product-description\">\n<ul>\n<li>Produit 100% l\u00e9gal dans l&#039;Union Europ\u00e9enne, conforme \u00e0 la r\u00e9glementation en vigueur sur le THC.<\/li>\n<li>Naturel, sans pesticides ni additifs chimiques, garantissant une consommation s\u00fbre et saine.<\/li>\n<li>Test\u00e9 dans des laboratoires certifi\u00e9s pour garantir une puret\u00e9 et une qualit\u00e9 maximales.<\/li>\n<li>Une livraison rapide et un service professionnel accompagnent chaque achat.<\/li>\n<li>Achat s\u00e9curis\u00e9 et support sp\u00e9cialis\u00e9 pour r\u00e9soudre toutes vos questions.<\/li>\n<\/ul>\n<p>Lyf Labs s&#039;engage \u00e0 proposer des produits alliant tradition, innovation et qualit\u00e9 sup\u00e9rieure. <span style=\"font-weight: 400;\"><strong>Hash spatial tamis\u00e9 \u00e0 sec 10-OH<\/strong><\/span>\u00a0C&#039;est un choix exceptionnel pour ceux qui recherchent un haschisch artisanal au profil moderne et \u00e0 l&#039;exp\u00e9rience utilisateur unique. Faites-nous confiance pour ajouter \u00e0 votre collection ou \u00e0 votre catalogue un produit qui se distingue par son authenticit\u00e9, sa saveur et sa fiabilit\u00e9.<\/p>\n<p>&nbsp;<\/p>\n<p><span style=\"font-size: 1.7em; font-weight: bold;\">Lyf Labs, c&#039;est de la qualit\u00e9<\/span><\/p>\n<\/section>\n<p>The Lyf Labs repr\u00e9sente l&#039;excellence sur le march\u00e9 de gros des cannabino\u00efdes, proposant des produits innovants, s\u00fbrs et d&#039;une grande puret\u00e9 aux boutiques sp\u00e9cialis\u00e9es et aux distributeurs. Nous nous effor\u00e7ons de r\u00e9pondre aux besoins d&#039;un secteur professionnel en qu\u00eate de qualit\u00e9 constante, de tra\u00e7abilit\u00e9 et de prix comp\u00e9titifs. Si vous recherchez un fournisseur fiable et avant-gardiste, vous trouverez en The Lyf Labs un partenaire strat\u00e9gique pour vous accompagner dans votre croissance sur le march\u00e9 du chanvre.<\/p>\n<\/section>\n<p style=\"position: absolute; left: -9999px;\">Haschisch 10-OH et CBD au meilleur prix de gros chez The Lyf Labs. Produits CBD et 10-OH en gros avec des remises exclusives. Haschisch 10-OH en gros disponible sur notre site web.<\/p>","protected":false},"excerpt":{"rendered":"<p>D\u00e9couvrez le <b>Hash spatial tamis\u00e9 \u00e0 sec 10-OH<\/b>, la r\u00e9sine qui allie la tradition artisanale du tamisage \u00e0 sec \u00e0 l&#039;innovation du 10-OH.<\/p>\n<ul>\n<li><b>Ar\u00f4me et texture irr\u00e9sistibles :<\/b> Des notes terreuses et sucr\u00e9es avec des touches de noix.<\/li>\n<li><b>Enrichi en 10-OH :<\/b> une exp\u00e9rience unique.<\/li>\n<li><b>100% l\u00e9gal :<\/b> &lt;0,3% de THC.<\/li>\n<\/ul>\n<p>Analyse qualit\u00e9 : cliquez\u00a0<a href=\"https:\/\/iguanasmoke.com\/analiticas\/\" target=\"_blank\" rel=\"noopener\">ici<\/a><\/p>","protected":false},"featured_media":17287,"comment_status":"open","ping_status":"closed","template":"","meta":{"_acf_changed":false,"site-sidebar-layout":"default","site-content-layout":"","ast-site-content-layout":"default","site-content-style":"default","site-sidebar-style":"default","ast-global-header-display":"","ast-banner-title-visibility":"","ast-main-header-display":"","ast-hfb-above-header-display":"","ast-hfb-below-header-display":"","ast-hfb-mobile-header-display":"","site-post-title":"","ast-breadcrumbs-content":"","ast-featured-img":"","footer-sml-layout":"","theme-transparent-header-meta":"default","adv-header-id-meta":"","stick-header-meta":"","header-above-stick-meta":"","header-main-stick-meta":"","header-below-stick-meta":"","astra-migrate-meta-layouts":"set","ast-page-background-enabled":"default","ast-page-background-meta":{"desktop":{"background-color":"var(--ast-global-color-4)","background-image":"","background-repeat":"repeat","background-position":"center center","background-size":"auto","background-attachment":"scroll","background-type":"","background-media":"","overlay-type":"","overlay-color":"","overlay-opacity":"","overlay-gradient":""},"tablet":{"background-color":"","background-image":"","background-repeat":"repeat","background-position":"center center","background-size":"auto","background-attachment":"scroll","background-type":"","background-media":"","overlay-type":"","overlay-color":"","overlay-opacity":"","overlay-gradient":""},"mobile":{"background-color":"","background-image":"","background-repeat":"repeat","background-position":"center center","background-size":"auto","background-attachment":"scroll","background-type":"","background-media":"","overlay-type":"","overlay-color":"","overlay-opacity":"","overlay-gradient":""}},"ast-content-background-meta":{"desktop":{"background-color":"var(--ast-global-color-5)","background-image":"","background-repeat":"repeat","background-position":"center center","background-size":"auto","background-attachment":"scroll","background-type":"","background-media":"","overlay-type":"","overlay-color":"","overlay-opacity":"","overlay-gradient":""},"tablet":{"background-color":"var(--ast-global-color-5)","background-image":"","background-repeat":"repeat","background-position":"center center","background-size":"auto","background-attachment":"scroll","background-type":"","background-media":"","overlay-type":"","overlay-color":"","overlay-opacity":"","overlay-gradient":""},"mobile":{"background-color":"var(--ast-global-color-5)","background-image":"","background-repeat":"repeat","background-position":"center center","background-size":"auto","background-attachment":"scroll","background-type":"","background-media":"","overlay-type":"","overlay-color":"","overlay-opacity":"","overlay-gradient":""}}},"product_brand":[],"product_cat":[140,146,66],"product_tag":[],"class_list":{"0":"post-12207","1":"product","2":"type-product","3":"status-publish","4":"has-post-thumbnail","6":"product_cat-10oh","7":"product_cat-nuevas-moleculas","8":"product_cat-resinas","9":"desktop-align-center","10":"tablet-align-left","11":"mobile-align-left","13":"first","14":"outofstock","15":"taxable","16":"shipping-taxable","17":"purchasable","18":"product-type-variable"},"acf":[],"yoast_head":"<!-- This site is optimized with the Yoast SEO plugin v27.4 - https:\/\/yoast.com\/product\/yoast-seo-wordpress\/ -->\n<title>Space Hash Dry Sift 10-OH - Comprar resinas CBD mayorista - THE LYF LABS<\/title>\n<meta name=\"description\" content=\"Compra Space Hash Dry Sift 10-OH al por mayor. Hach\u00eds de textura suave, aroma potente y efectos psicoactivos equilibrados. Legal en la UE con &lt;0,2% THC.\" \/>\n<meta name=\"robots\" content=\"index, follow, max-snippet:-1, max-image-preview:large, max-video-preview:-1\" \/>\n<link rel=\"canonical\" href=\"https:\/\/thelyflabs.com\/fr\/product\/space-hash-dry-sift-10-oh\/\" \/>\n<meta property=\"og:locale\" content=\"fr_FR\" \/>\n<meta property=\"og:type\" content=\"article\" \/>\n<meta property=\"og:title\" content=\"Space Hash Dry Sift 10-OH - Comprar resinas CBD mayorista - THE LYF LABS\" \/>\n<meta property=\"og:description\" content=\"Compra Space Hash Dry Sift 10-OH al por mayor. Hach\u00eds de textura suave, aroma potente y efectos psicoactivos equilibrados. Legal en la UE con &lt;0,2% THC.\" \/>\n<meta property=\"og:url\" content=\"https:\/\/thelyflabs.com\/fr\/product\/space-hash-dry-sift-10-oh\/\" \/>\n<meta property=\"og:site_name\" content=\"THE LYF LABS\" \/>\n<meta property=\"article:modified_time\" content=\"2026-04-13T07:02:43+00:00\" \/>\n<meta property=\"og:image\" content=\"https:\/\/thelyflabs.com\/wp-content\/uploads\/2025\/08\/Dry-10-OH-2g.webp\" \/>\n\t<meta property=\"og:image:width\" content=\"1000\" \/>\n\t<meta property=\"og:image:height\" content=\"1000\" \/>\n\t<meta property=\"og:image:type\" content=\"image\/webp\" \/>\n<meta name=\"twitter:card\" content=\"summary_large_image\" \/>\n<meta name=\"twitter:label1\" content=\"Dur\u00e9e de lecture estim\u00e9e\" \/>\n\t<meta name=\"twitter:data1\" content=\"4 minutes\" \/>\n<script type=\"application\/ld+json\" class=\"yoast-schema-graph\">{\"@context\":\"https:\\\/\\\/schema.org\",\"@graph\":[{\"@type\":\"WebPage\",\"@id\":\"https:\\\/\\\/thelyflabs.com\\\/product\\\/space-hash-dry-sift-10-oh\",\"url\":\"https:\\\/\\\/thelyflabs.com\\\/product\\\/space-hash-dry-sift-10-oh\",\"name\":\"Space Hash Dry Sift 10-OH - Comprar resinas CBD mayorista - THE LYF LABS\",\"isPartOf\":{\"@id\":\"https:\\\/\\\/thelyflabs.com\\\/#website\"},\"primaryImageOfPage\":{\"@id\":\"https:\\\/\\\/thelyflabs.com\\\/product\\\/space-hash-dry-sift-10-oh#primaryimage\"},\"image\":{\"@id\":\"https:\\\/\\\/thelyflabs.com\\\/product\\\/space-hash-dry-sift-10-oh#primaryimage\"},\"thumbnailUrl\":\"https:\\\/\\\/thelyflabs.com\\\/wp-content\\\/uploads\\\/2025\\\/08\\\/Dry-10-OH-2g.webp\",\"datePublished\":\"2025-08-26T07:22:45+00:00\",\"dateModified\":\"2026-04-13T07:02:43+00:00\",\"description\":\"Compra Space Hash Dry Sift 10-OH al por mayor. Hach\u00eds de textura suave, aroma potente y efectos psicoactivos equilibrados. Legal en la UE con &lt;0,2% THC.\",\"breadcrumb\":{\"@id\":\"https:\\\/\\\/thelyflabs.com\\\/product\\\/space-hash-dry-sift-10-oh#breadcrumb\"},\"inLanguage\":\"fr-FR\",\"potentialAction\":[{\"@type\":\"ReadAction\",\"target\":[\"https:\\\/\\\/thelyflabs.com\\\/product\\\/space-hash-dry-sift-10-oh\"]}]},{\"@type\":\"ImageObject\",\"inLanguage\":\"fr-FR\",\"@id\":\"https:\\\/\\\/thelyflabs.com\\\/product\\\/space-hash-dry-sift-10-oh#primaryimage\",\"url\":\"https:\\\/\\\/thelyflabs.com\\\/wp-content\\\/uploads\\\/2025\\\/08\\\/Dry-10-OH-2g.webp\",\"contentUrl\":\"https:\\\/\\\/thelyflabs.com\\\/wp-content\\\/uploads\\\/2025\\\/08\\\/Dry-10-OH-2g.webp\",\"width\":1000,\"height\":1000},{\"@type\":\"BreadcrumbList\",\"@id\":\"https:\\\/\\\/thelyflabs.com\\\/product\\\/space-hash-dry-sift-10-oh#breadcrumb\",\"itemListElement\":[{\"@type\":\"ListItem\",\"position\":1,\"name\":\"Portada\",\"item\":\"https:\\\/\\\/thelyflabs.com\\\/\"},{\"@type\":\"ListItem\",\"position\":2,\"name\":\"Tienda\",\"item\":\"https:\\\/\\\/thelyflabs.com\\\/tienda\"},{\"@type\":\"ListItem\",\"position\":3,\"name\":\"Space Hash Dry Sift 10-OH\"}]},{\"@type\":\"WebSite\",\"@id\":\"https:\\\/\\\/thelyflabs.com\\\/#website\",\"url\":\"https:\\\/\\\/thelyflabs.com\\\/\",\"name\":\"The LYF Labs\",\"description\":\"CBD al por mayor\",\"publisher\":{\"@id\":\"https:\\\/\\\/thelyflabs.com\\\/#organization\"},\"potentialAction\":[{\"@type\":\"SearchAction\",\"target\":{\"@type\":\"EntryPoint\",\"urlTemplate\":\"https:\\\/\\\/thelyflabs.com\\\/?s={search_term_string}\"},\"query-input\":{\"@type\":\"PropertyValueSpecification\",\"valueRequired\":true,\"valueName\":\"search_term_string\"}}],\"inLanguage\":\"fr-FR\"},{\"@type\":\"Organization\",\"@id\":\"https:\\\/\\\/thelyflabs.com\\\/#organization\",\"name\":\"The LYF Labs\",\"url\":\"https:\\\/\\\/thelyflabs.com\\\/\",\"logo\":{\"@type\":\"ImageObject\",\"inLanguage\":\"fr-FR\",\"@id\":\"https:\\\/\\\/thelyflabs.com\\\/#\\\/schema\\\/logo\\\/image\\\/\",\"url\":\"https:\\\/\\\/thelyflabs.com\\\/wp-content\\\/uploads\\\/2023\\\/01\\\/cropped-LogoTheLYFLabs.png\",\"contentUrl\":\"https:\\\/\\\/thelyflabs.com\\\/wp-content\\\/uploads\\\/2023\\\/01\\\/cropped-LogoTheLYFLabs.png\",\"width\":600,\"height\":180,\"caption\":\"The LYF Labs\"},\"image\":{\"@id\":\"https:\\\/\\\/thelyflabs.com\\\/#\\\/schema\\\/logo\\\/image\\\/\"}}]}<\/script>\n<!-- \/ Yoast SEO plugin. -->","yoast_head_json":{"title":"Space Hash Dry Sift 10-OH - Comprar resinas CBD mayorista - THE LYF LABS","description":"Compra Space Hash Dry Sift 10-OH al por mayor. Hach\u00eds de textura suave, aroma potente y efectos psicoactivos equilibrados. Legal en la UE con &lt;0,2% THC.","robots":{"index":"index","follow":"follow","max-snippet":"max-snippet:-1","max-image-preview":"max-image-preview:large","max-video-preview":"max-video-preview:-1"},"canonical":"https:\/\/thelyflabs.com\/fr\/product\/space-hash-dry-sift-10-oh\/","og_locale":"fr_FR","og_type":"article","og_title":"Space Hash Dry Sift 10-OH - Comprar resinas CBD mayorista - THE LYF LABS","og_description":"Compra Space Hash Dry Sift 10-OH al por mayor. Hach\u00eds de textura suave, aroma potente y efectos psicoactivos equilibrados. Legal en la UE con &lt;0,2% THC.","og_url":"https:\/\/thelyflabs.com\/fr\/product\/space-hash-dry-sift-10-oh\/","og_site_name":"THE LYF LABS","article_modified_time":"2026-04-13T07:02:43+00:00","og_image":[{"width":1000,"height":1000,"url":"https:\/\/thelyflabs.com\/wp-content\/uploads\/2025\/08\/Dry-10-OH-2g.webp","type":"image\/webp"}],"twitter_card":"summary_large_image","twitter_misc":{"Dur\u00e9e de lecture estim\u00e9e":"4 minutes"},"schema":{"@context":"https:\/\/schema.org","@graph":[{"@type":"WebPage","@id":"https:\/\/thelyflabs.com\/product\/space-hash-dry-sift-10-oh","url":"https:\/\/thelyflabs.com\/product\/space-hash-dry-sift-10-oh","name":"Space Hash Dry Sift 10-OH - Comprar resinas CBD mayorista - THE LYF LABS","isPartOf":{"@id":"https:\/\/thelyflabs.com\/#website"},"primaryImageOfPage":{"@id":"https:\/\/thelyflabs.com\/product\/space-hash-dry-sift-10-oh#primaryimage"},"image":{"@id":"https:\/\/thelyflabs.com\/product\/space-hash-dry-sift-10-oh#primaryimage"},"thumbnailUrl":"https:\/\/thelyflabs.com\/wp-content\/uploads\/2025\/08\/Dry-10-OH-2g.webp","datePublished":"2025-08-26T07:22:45+00:00","dateModified":"2026-04-13T07:02:43+00:00","description":"Compra Space Hash Dry Sift 10-OH al por mayor. Hach\u00eds de textura suave, aroma potente y efectos psicoactivos equilibrados. Legal en la UE con &lt;0,2% THC.","breadcrumb":{"@id":"https:\/\/thelyflabs.com\/product\/space-hash-dry-sift-10-oh#breadcrumb"},"inLanguage":"fr-FR","potentialAction":[{"@type":"ReadAction","target":["https:\/\/thelyflabs.com\/product\/space-hash-dry-sift-10-oh"]}]},{"@type":"ImageObject","inLanguage":"fr-FR","@id":"https:\/\/thelyflabs.com\/product\/space-hash-dry-sift-10-oh#primaryimage","url":"https:\/\/thelyflabs.com\/wp-content\/uploads\/2025\/08\/Dry-10-OH-2g.webp","contentUrl":"https:\/\/thelyflabs.com\/wp-content\/uploads\/2025\/08\/Dry-10-OH-2g.webp","width":1000,"height":1000},{"@type":"BreadcrumbList","@id":"https:\/\/thelyflabs.com\/product\/space-hash-dry-sift-10-oh#breadcrumb","itemListElement":[{"@type":"ListItem","position":1,"name":"Portada","item":"https:\/\/thelyflabs.com\/"},{"@type":"ListItem","position":2,"name":"Tienda","item":"https:\/\/thelyflabs.com\/tienda"},{"@type":"ListItem","position":3,"name":"Space Hash Dry Sift 10-OH"}]},{"@type":"WebSite","@id":"https:\/\/thelyflabs.com\/#website","url":"https:\/\/thelyflabs.com\/","name":"Les laboratoires LYF","description":"Vente en gros de CBD","publisher":{"@id":"https:\/\/thelyflabs.com\/#organization"},"potentialAction":[{"@type":"SearchAction","target":{"@type":"EntryPoint","urlTemplate":"https:\/\/thelyflabs.com\/?s={search_term_string}"},"query-input":{"@type":"PropertyValueSpecification","valueRequired":true,"valueName":"search_term_string"}}],"inLanguage":"fr-FR"},{"@type":"Organization","@id":"https:\/\/thelyflabs.com\/#organization","name":"Les laboratoires LYF","url":"https:\/\/thelyflabs.com\/","logo":{"@type":"ImageObject","inLanguage":"fr-FR","@id":"https:\/\/thelyflabs.com\/#\/schema\/logo\/image\/","url":"https:\/\/thelyflabs.com\/wp-content\/uploads\/2023\/01\/cropped-LogoTheLYFLabs.png","contentUrl":"https:\/\/thelyflabs.com\/wp-content\/uploads\/2023\/01\/cropped-LogoTheLYFLabs.png","width":600,"height":180,"caption":"The LYF Labs"},"image":{"@id":"https:\/\/thelyflabs.com\/#\/schema\/logo\/image\/"}}]}},"_links":{"self":[{"href":"https:\/\/thelyflabs.com\/fr\/wp-json\/wp\/v2\/product\/12207","targetHints":{"allow":["GET"]}}],"collection":[{"href":"https:\/\/thelyflabs.com\/fr\/wp-json\/wp\/v2\/product"}],"about":[{"href":"https:\/\/thelyflabs.com\/fr\/wp-json\/wp\/v2\/types\/product"}],"replies":[{"embeddable":true,"href":"https:\/\/thelyflabs.com\/fr\/wp-json\/wp\/v2\/comments?post=12207"}],"wp:featuredmedia":[{"embeddable":true,"href":"https:\/\/thelyflabs.com\/fr\/wp-json\/wp\/v2\/media\/17287"}],"wp:attachment":[{"href":"https:\/\/thelyflabs.com\/fr\/wp-json\/wp\/v2\/media?parent=12207"}],"wp:term":[{"taxonomy":"product_brand","embeddable":true,"href":"https:\/\/thelyflabs.com\/fr\/wp-json\/wp\/v2\/product_brand?post=12207"},{"taxonomy":"product_cat","embeddable":true,"href":"https:\/\/thelyflabs.com\/fr\/wp-json\/wp\/v2\/product_cat?post=12207"},{"taxonomy":"product_tag","embeddable":true,"href":"https:\/\/thelyflabs.com\/fr\/wp-json\/wp\/v2\/product_tag?post=12207"}],"curies":[{"name":"wp","href":"https:\/\/api.w.org\/{rel}","templated":true}]}}