{"id":12452,"date":"2025-06-13T14:43:12","date_gmt":"2025-06-13T12:43:12","guid":{"rendered":"https:\/\/thelyflabs.com\/?post_type=product&#038;p=12452"},"modified":"2026-03-20T10:34:13","modified_gmt":"2026-03-20T09:34:13","slug":"hash-cbn-40","status":"publish","type":"product","link":"https:\/\/thelyflabs.com\/fr\/product\/hash-cbn-40","title":{"rendered":"Hachage CBN 40%"},"content":{"rendered":"<h1><span style=\"font-weight: 400\">Hash CBN 40%\u00a0: Notre unique et v\u00e9ritable r\u00e9f\u00e9rence<\/span><\/h1>\n<p><span style=\"font-weight: 400\">Ce haschisch est aussi sp\u00e9cial qu&#039;unique, <strong>Hachage CBN 40%<\/strong> Il est unique en son genre : avec 40% de CBN (cannabinol) dans sa composition et moins de 0,3% de THC, il constitue le haschisch id\u00e9al \u00e0 d\u00e9guster seul.<\/span><span style=\"font-weight: 400\">\u00a0D\u00e9couvrez pourquoi <strong>haschisch CBN 40%<\/strong><strong>\u00a0<\/strong>C&#039;est l&#039;une des r\u00e9sines les plus puissantes et de la plus haute qualit\u00e9 que vous puissiez trouver si vous le souhaitez <strong>acheter du haschisch CBN pas cher<\/strong> mais premium.<\/span><\/p>\n<p><span style=\"font-weight: 400\">Explorez sa texture et savourez ses ar\u00f4mes !<\/span><\/p>\n<p>&nbsp;<\/p>\n<h2><strong>Qu&#039;est-ce que la CBN\u00a0?<\/strong><\/h2>\n<p><span style=\"font-weight: 400\">Il <strong>CBN<\/strong> (cannabinol) est un <strong>cannabino\u00efdes naturels<\/strong> qui se trouve dans le <strong>plante de cannabis<\/strong>, bien qu&#039;en petites proportions. Cela se forme naturellement lorsque le <strong>Le THC s&#039;oxyde ou vieillit<\/strong>C&#039;est pourquoi on le retrouve souvent dans les fleurs fan\u00e9es ou les extraits. Sa pr\u00e9sence est vitale dans notre <strong>Hachage CBN 40%<\/strong> seulement.<\/span><\/p>\n<p><span style=\"font-weight: 400\"><strong>Ce n&#039;est pas une substance psychoactive<\/strong> Par cons\u00e9quent, comme le CBD, il ne produit pas d&#039;effets psychoactifs. Il est fr\u00e9quemment utilis\u00e9 pour am\u00e9liorer le sommeil en raison de ses propri\u00e9t\u00e9s <strong>effet relaxant et s\u00e9datif<\/strong>Il peut \u00e9galement contribuer \u00e0 r\u00e9duire l&#039;anxi\u00e9t\u00e9, la douleur et l&#039;inflammation. Associ\u00e9 au CBD, il peut renforcer ses effets apaisants sans alt\u00e9rer l&#039;\u00e9tat mental.\u00a0<\/span><\/p>\n<p>&nbsp;<\/p>\n<h2>Caract\u00e9ristiques du haschisch CBN\u00a0:<\/h2>\n<ul>\n<li><b>Aspect et texture : <span style=\"font-size: 16px;font-weight: 400\">Elle se distingue par sa couleur beige. <strong>texture cr\u00e9meuse et mall\u00e9able<\/strong> avec la pr\u00e9sence notable d&#039;un CBN 40%.\u00a0<\/span><\/b><\/li>\n<li><span style=\"font-size: 16px;font-weight: 400\"><strong>Ar\u00f4me et saveur :<\/strong> intense avec des tons <strong>bonbons<\/strong>.<\/span><\/li>\n<li><strong>Origine et puret\u00e9 :<\/strong><span style=\"font-size: 16px;font-weight: 400\"> Fabriqu\u00e9 avec <strong>fleurs de chanvre en d\u00e9composition<\/strong> progressivement au fil du temps ou par exposition \u00e0 l&#039;air et \u00e0 la lumi\u00e8re.\u00a0<\/span><\/li>\n<\/ul>\n<p>&nbsp;<\/p>\n<section class=\"product-description\">\n<h2>Qualit\u00e9 et s\u00e9curit\u00e9<\/h2>\n<p>Dans <strong>Les laboratoires Lyf<\/strong>, nous garantissons que chaque lot de <span style=\"font-weight: 400\"><strong>Hachage CBN 40%<\/strong><\/span>\u00a0Ce produit fait l&#039;objet d&#039;analyses rigoureuses en laboratoire afin de confirmer sa puret\u00e9, l&#039;absence de pesticides et un taux de THC l\u00e9gal (inf\u00e9rieur \u00e0 0,31 g\/L). Notre engagement envers la qualit\u00e9 et la s\u00e9curit\u00e9 nous permet de proposer un produit fiable, adapt\u00e9 \u00e0 tous les consommateurs soucieux de l\u00e9galit\u00e9 et d&#039;excellence.<\/p>\n<p>&nbsp;<\/p>\n<p><span style=\"font-size: 1.7em;font-weight: bold\">Pourquoi acheter <span style=\"font-weight: 400\"><strong>Hachage CBN 40%<\/strong><\/span>\u00a0chez Lyf Labs ?<\/span><\/p>\n<\/section>\n<section class=\"product-description\">\n<ul>\n<li>Produit 100% l\u00e9gal dans l&#039;Union Europ\u00e9enne, conforme \u00e0 la r\u00e9glementation en vigueur sur le THC.<\/li>\n<li>Naturel, sans pesticides ni additifs chimiques, garantissant une consommation s\u00fbre et saine.<\/li>\n<li>Test\u00e9 dans des laboratoires certifi\u00e9s pour garantir une puret\u00e9 et une qualit\u00e9 maximales.<\/li>\n<li>Une livraison rapide et un service professionnel accompagnent chaque achat.<\/li>\n<li>Achat s\u00e9curis\u00e9 et support sp\u00e9cialis\u00e9 pour r\u00e9soudre toutes vos questions.<\/li>\n<\/ul>\n<p>Lyf Labs s&#039;engage \u00e0 proposer des produits alliant tradition, innovation et qualit\u00e9 sup\u00e9rieure. <span style=\"font-weight: 400\"><strong>Hachage CBN 40%<\/strong><\/span>\u00a0C&#039;est un choix exceptionnel pour ceux qui recherchent un haschisch artisanal au profil moderne et \u00e0 l&#039;exp\u00e9rience utilisateur unique. Faites-nous confiance pour ajouter \u00e0 votre collection ou \u00e0 votre catalogue un produit qui se distingue par son authenticit\u00e9, sa saveur et sa fiabilit\u00e9.<\/p>\n<p>&nbsp;<\/p>\n<\/section>\n<h2><b>Les laboratoires Lyf<\/b><b> C&#039;est de la qualit\u00e9<\/b><\/h2>\n<p><span style=\"font-weight: 400\">Lyf Labs est synonyme de qualit\u00e9\u00a0; une marque attractive qui s\u00e9duit la nouvelle g\u00e9n\u00e9ration d&#039;utilisateurs de CBD \u00e0 la recherche d&#039;un produit s\u00fbr, fiable et abordable, dot\u00e9 de toutes les caract\u00e9ristiques n\u00e9cessaires pour se positionner avec succ\u00e8s sur le march\u00e9 en plein essor du CBD. Pour toute question, n&#039;h\u00e9sitez pas \u00e0 nous contacter\u00a0; nous serons ravis de vous aider.<\/span><\/p>","protected":false},"excerpt":{"rendered":"<p><span style=\"font-weight: 400\">Le haschisch CBN 40% se distingue par son ar\u00f4me intense et ses notes sucr\u00e9es, offrant une texture cr\u00e9meuse et mall\u00e9able. Ce haschisch est id\u00e9al pour les amateurs en qu\u00eate d&#039;une exp\u00e9rience authentique et souhaitant acheter du CBD en ligne.<\/span><\/p>\n<ul>\n<li>CBN : 40% \/ THC : &lt;0,3%<\/li>\n<li>100% l\u00e9gal en Europe<\/li>\n<\/ul>\n<p>Analyse qualit\u00e9 : cliquez\u00a0<a href=\"https:\/\/iguanasmoke.com\/analiticas\/\" target=\"_blank\" rel=\"noopener\">ici<\/a><\/p>","protected":false},"featured_media":17458,"comment_status":"open","ping_status":"closed","template":"","meta":{"_acf_changed":false,"site-sidebar-layout":"default","site-content-layout":"","ast-site-content-layout":"default","site-content-style":"default","site-sidebar-style":"default","ast-global-header-display":"","ast-banner-title-visibility":"","ast-main-header-display":"","ast-hfb-above-header-display":"","ast-hfb-below-header-display":"","ast-hfb-mobile-header-display":"","site-post-title":"","ast-breadcrumbs-content":"","ast-featured-img":"","footer-sml-layout":"","theme-transparent-header-meta":"default","adv-header-id-meta":"","stick-header-meta":"","header-above-stick-meta":"","header-main-stick-meta":"","header-below-stick-meta":"","astra-migrate-meta-layouts":"set","ast-page-background-enabled":"default","ast-page-background-meta":{"desktop":{"background-color":"var(--ast-global-color-4)","background-image":"","background-repeat":"repeat","background-position":"center center","background-size":"auto","background-attachment":"scroll","background-type":"","background-media":"","overlay-type":"","overlay-color":"","overlay-opacity":"","overlay-gradient":""},"tablet":{"background-color":"","background-image":"","background-repeat":"repeat","background-position":"center center","background-size":"auto","background-attachment":"scroll","background-type":"","background-media":"","overlay-type":"","overlay-color":"","overlay-opacity":"","overlay-gradient":""},"mobile":{"background-color":"","background-image":"","background-repeat":"repeat","background-position":"center center","background-size":"auto","background-attachment":"scroll","background-type":"","background-media":"","overlay-type":"","overlay-color":"","overlay-opacity":"","overlay-gradient":""}},"ast-content-background-meta":{"desktop":{"background-color":"var(--ast-global-color-5)","background-image":"","background-repeat":"repeat","background-position":"center center","background-size":"auto","background-attachment":"scroll","background-type":"","background-media":"","overlay-type":"","overlay-color":"","overlay-opacity":"","overlay-gradient":""},"tablet":{"background-color":"var(--ast-global-color-5)","background-image":"","background-repeat":"repeat","background-position":"center center","background-size":"auto","background-attachment":"scroll","background-type":"","background-media":"","overlay-type":"","overlay-color":"","overlay-opacity":"","overlay-gradient":""},"mobile":{"background-color":"var(--ast-global-color-5)","background-image":"","background-repeat":"repeat","background-position":"center center","background-size":"auto","background-attachment":"scroll","background-type":"","background-media":"","overlay-type":"","overlay-color":"","overlay-opacity":"","overlay-gradient":""}}},"product_brand":[],"product_cat":[66],"product_tag":[],"class_list":{"0":"post-12452","1":"product","2":"type-product","3":"status-publish","4":"has-post-thumbnail","6":"product_cat-resinas","7":"desktop-align-center","8":"tablet-align-left","9":"mobile-align-left","11":"first","12":"outofstock","13":"taxable","14":"shipping-taxable","15":"purchasable","16":"product-type-variable"},"acf":[],"yoast_head":"<!-- This site is optimized with the Yoast SEO plugin v27.3 - https:\/\/yoast.com\/product\/yoast-seo-wordpress\/ -->\n<title>Hash CBN 40% - THE LYF LABS<\/title>\n<meta name=\"description\" content=\"Compra Hash CBN 40%, hash CBD al mejor precio en The Lyf Labs. Compra hach\u00eds legal Iguana Smoke al por mayor para tiendas y distribuidores.\" \/>\n<meta name=\"robots\" content=\"index, follow, max-snippet:-1, max-image-preview:large, max-video-preview:-1\" \/>\n<link rel=\"canonical\" href=\"https:\/\/thelyflabs.com\/fr\/product\/hash-cbn-40\/\" \/>\n<meta property=\"og:locale\" content=\"fr_FR\" \/>\n<meta property=\"og:type\" content=\"article\" \/>\n<meta property=\"og:title\" content=\"Hash CBN 40% - THE LYF LABS\" \/>\n<meta property=\"og:description\" content=\"Compra Hash CBN 40%, hash CBD al mejor precio en The Lyf Labs. Compra hach\u00eds legal Iguana Smoke al por mayor para tiendas y distribuidores.\" \/>\n<meta property=\"og:url\" content=\"https:\/\/thelyflabs.com\/fr\/product\/hash-cbn-40\/\" \/>\n<meta property=\"og:site_name\" content=\"THE LYF LABS\" \/>\n<meta property=\"article:modified_time\" content=\"2026-03-20T09:34:13+00:00\" \/>\n<meta property=\"og:image\" content=\"https:\/\/thelyflabs.com\/wp-content\/uploads\/2025\/06\/CBN-2g-con-hash.webp\" \/>\n\t<meta property=\"og:image:width\" content=\"1000\" \/>\n\t<meta property=\"og:image:height\" content=\"1000\" \/>\n\t<meta property=\"og:image:type\" content=\"image\/webp\" \/>\n<meta name=\"twitter:card\" content=\"summary_large_image\" \/>\n<meta name=\"twitter:label1\" content=\"Dur\u00e9e de lecture estim\u00e9e\" \/>\n\t<meta name=\"twitter:data1\" content=\"3 minutes\" \/>\n<script type=\"application\/ld+json\" class=\"yoast-schema-graph\">{\"@context\":\"https:\\\/\\\/schema.org\",\"@graph\":[{\"@type\":\"WebPage\",\"@id\":\"https:\\\/\\\/thelyflabs.com\\\/product\\\/hash-cbn-40\",\"url\":\"https:\\\/\\\/thelyflabs.com\\\/product\\\/hash-cbn-40\",\"name\":\"Hash CBN 40% - THE LYF LABS\",\"isPartOf\":{\"@id\":\"https:\\\/\\\/thelyflabs.com\\\/#website\"},\"primaryImageOfPage\":{\"@id\":\"https:\\\/\\\/thelyflabs.com\\\/product\\\/hash-cbn-40#primaryimage\"},\"image\":{\"@id\":\"https:\\\/\\\/thelyflabs.com\\\/product\\\/hash-cbn-40#primaryimage\"},\"thumbnailUrl\":\"https:\\\/\\\/thelyflabs.com\\\/wp-content\\\/uploads\\\/2025\\\/06\\\/CBN-2g-con-hash.webp\",\"datePublished\":\"2025-06-13T12:43:12+00:00\",\"dateModified\":\"2026-03-20T09:34:13+00:00\",\"description\":\"Compra Hash CBN 40%, hash CBD al mejor precio en The Lyf Labs. Compra hach\u00eds legal Iguana Smoke al por mayor para tiendas y distribuidores.\",\"breadcrumb\":{\"@id\":\"https:\\\/\\\/thelyflabs.com\\\/product\\\/hash-cbn-40#breadcrumb\"},\"inLanguage\":\"fr-FR\",\"potentialAction\":[{\"@type\":\"ReadAction\",\"target\":[\"https:\\\/\\\/thelyflabs.com\\\/product\\\/hash-cbn-40\"]}]},{\"@type\":\"ImageObject\",\"inLanguage\":\"fr-FR\",\"@id\":\"https:\\\/\\\/thelyflabs.com\\\/product\\\/hash-cbn-40#primaryimage\",\"url\":\"https:\\\/\\\/thelyflabs.com\\\/wp-content\\\/uploads\\\/2025\\\/06\\\/CBN-2g-con-hash.webp\",\"contentUrl\":\"https:\\\/\\\/thelyflabs.com\\\/wp-content\\\/uploads\\\/2025\\\/06\\\/CBN-2g-con-hash.webp\",\"width\":1000,\"height\":1000,\"caption\":\"Hash CBN 2g\"},{\"@type\":\"BreadcrumbList\",\"@id\":\"https:\\\/\\\/thelyflabs.com\\\/product\\\/hash-cbn-40#breadcrumb\",\"itemListElement\":[{\"@type\":\"ListItem\",\"position\":1,\"name\":\"Portada\",\"item\":\"https:\\\/\\\/thelyflabs.com\\\/\"},{\"@type\":\"ListItem\",\"position\":2,\"name\":\"Tienda\",\"item\":\"https:\\\/\\\/thelyflabs.com\\\/tienda\"},{\"@type\":\"ListItem\",\"position\":3,\"name\":\"Hash CBN 40%\"}]},{\"@type\":\"WebSite\",\"@id\":\"https:\\\/\\\/thelyflabs.com\\\/#website\",\"url\":\"https:\\\/\\\/thelyflabs.com\\\/\",\"name\":\"The LYF Labs\",\"description\":\"CBD al por mayor\",\"publisher\":{\"@id\":\"https:\\\/\\\/thelyflabs.com\\\/#organization\"},\"potentialAction\":[{\"@type\":\"SearchAction\",\"target\":{\"@type\":\"EntryPoint\",\"urlTemplate\":\"https:\\\/\\\/thelyflabs.com\\\/?s={search_term_string}\"},\"query-input\":{\"@type\":\"PropertyValueSpecification\",\"valueRequired\":true,\"valueName\":\"search_term_string\"}}],\"inLanguage\":\"fr-FR\"},{\"@type\":\"Organization\",\"@id\":\"https:\\\/\\\/thelyflabs.com\\\/#organization\",\"name\":\"The LYF Labs\",\"url\":\"https:\\\/\\\/thelyflabs.com\\\/\",\"logo\":{\"@type\":\"ImageObject\",\"inLanguage\":\"fr-FR\",\"@id\":\"https:\\\/\\\/thelyflabs.com\\\/#\\\/schema\\\/logo\\\/image\\\/\",\"url\":\"https:\\\/\\\/thelyflabs.com\\\/wp-content\\\/uploads\\\/2023\\\/01\\\/cropped-LogoTheLYFLabs.png\",\"contentUrl\":\"https:\\\/\\\/thelyflabs.com\\\/wp-content\\\/uploads\\\/2023\\\/01\\\/cropped-LogoTheLYFLabs.png\",\"width\":600,\"height\":180,\"caption\":\"The LYF Labs\"},\"image\":{\"@id\":\"https:\\\/\\\/thelyflabs.com\\\/#\\\/schema\\\/logo\\\/image\\\/\"}}]}<\/script>\n<!-- \/ Yoast SEO plugin. -->","yoast_head_json":{"title":"Hash CBN 40% - THE LYF LABS","description":"Compra Hash CBN 40%, hash CBD al mejor precio en The Lyf Labs. Compra hach\u00eds legal Iguana Smoke al por mayor para tiendas y distribuidores.","robots":{"index":"index","follow":"follow","max-snippet":"max-snippet:-1","max-image-preview":"max-image-preview:large","max-video-preview":"max-video-preview:-1"},"canonical":"https:\/\/thelyflabs.com\/fr\/product\/hash-cbn-40\/","og_locale":"fr_FR","og_type":"article","og_title":"Hash CBN 40% - THE LYF LABS","og_description":"Compra Hash CBN 40%, hash CBD al mejor precio en The Lyf Labs. Compra hach\u00eds legal Iguana Smoke al por mayor para tiendas y distribuidores.","og_url":"https:\/\/thelyflabs.com\/fr\/product\/hash-cbn-40\/","og_site_name":"THE LYF LABS","article_modified_time":"2026-03-20T09:34:13+00:00","og_image":[{"width":1000,"height":1000,"url":"https:\/\/thelyflabs.com\/wp-content\/uploads\/2025\/06\/CBN-2g-con-hash.webp","type":"image\/webp"}],"twitter_card":"summary_large_image","twitter_misc":{"Dur\u00e9e de lecture estim\u00e9e":"3 minutes"},"schema":{"@context":"https:\/\/schema.org","@graph":[{"@type":"WebPage","@id":"https:\/\/thelyflabs.com\/product\/hash-cbn-40","url":"https:\/\/thelyflabs.com\/product\/hash-cbn-40","name":"Hash CBN 40% - THE LYF LABS","isPartOf":{"@id":"https:\/\/thelyflabs.com\/#website"},"primaryImageOfPage":{"@id":"https:\/\/thelyflabs.com\/product\/hash-cbn-40#primaryimage"},"image":{"@id":"https:\/\/thelyflabs.com\/product\/hash-cbn-40#primaryimage"},"thumbnailUrl":"https:\/\/thelyflabs.com\/wp-content\/uploads\/2025\/06\/CBN-2g-con-hash.webp","datePublished":"2025-06-13T12:43:12+00:00","dateModified":"2026-03-20T09:34:13+00:00","description":"Compra Hash CBN 40%, hash CBD al mejor precio en The Lyf Labs. Compra hach\u00eds legal Iguana Smoke al por mayor para tiendas y distribuidores.","breadcrumb":{"@id":"https:\/\/thelyflabs.com\/product\/hash-cbn-40#breadcrumb"},"inLanguage":"fr-FR","potentialAction":[{"@type":"ReadAction","target":["https:\/\/thelyflabs.com\/product\/hash-cbn-40"]}]},{"@type":"ImageObject","inLanguage":"fr-FR","@id":"https:\/\/thelyflabs.com\/product\/hash-cbn-40#primaryimage","url":"https:\/\/thelyflabs.com\/wp-content\/uploads\/2025\/06\/CBN-2g-con-hash.webp","contentUrl":"https:\/\/thelyflabs.com\/wp-content\/uploads\/2025\/06\/CBN-2g-con-hash.webp","width":1000,"height":1000,"caption":"Hash CBN 2g"},{"@type":"BreadcrumbList","@id":"https:\/\/thelyflabs.com\/product\/hash-cbn-40#breadcrumb","itemListElement":[{"@type":"ListItem","position":1,"name":"Portada","item":"https:\/\/thelyflabs.com\/"},{"@type":"ListItem","position":2,"name":"Tienda","item":"https:\/\/thelyflabs.com\/tienda"},{"@type":"ListItem","position":3,"name":"Hash CBN 40%"}]},{"@type":"WebSite","@id":"https:\/\/thelyflabs.com\/#website","url":"https:\/\/thelyflabs.com\/","name":"Les laboratoires LYF","description":"Vente en gros de CBD","publisher":{"@id":"https:\/\/thelyflabs.com\/#organization"},"potentialAction":[{"@type":"SearchAction","target":{"@type":"EntryPoint","urlTemplate":"https:\/\/thelyflabs.com\/?s={search_term_string}"},"query-input":{"@type":"PropertyValueSpecification","valueRequired":true,"valueName":"search_term_string"}}],"inLanguage":"fr-FR"},{"@type":"Organization","@id":"https:\/\/thelyflabs.com\/#organization","name":"Les laboratoires LYF","url":"https:\/\/thelyflabs.com\/","logo":{"@type":"ImageObject","inLanguage":"fr-FR","@id":"https:\/\/thelyflabs.com\/#\/schema\/logo\/image\/","url":"https:\/\/thelyflabs.com\/wp-content\/uploads\/2023\/01\/cropped-LogoTheLYFLabs.png","contentUrl":"https:\/\/thelyflabs.com\/wp-content\/uploads\/2023\/01\/cropped-LogoTheLYFLabs.png","width":600,"height":180,"caption":"The LYF Labs"},"image":{"@id":"https:\/\/thelyflabs.com\/#\/schema\/logo\/image\/"}}]}},"_links":{"self":[{"href":"https:\/\/thelyflabs.com\/fr\/wp-json\/wp\/v2\/product\/12452","targetHints":{"allow":["GET"]}}],"collection":[{"href":"https:\/\/thelyflabs.com\/fr\/wp-json\/wp\/v2\/product"}],"about":[{"href":"https:\/\/thelyflabs.com\/fr\/wp-json\/wp\/v2\/types\/product"}],"replies":[{"embeddable":true,"href":"https:\/\/thelyflabs.com\/fr\/wp-json\/wp\/v2\/comments?post=12452"}],"wp:featuredmedia":[{"embeddable":true,"href":"https:\/\/thelyflabs.com\/fr\/wp-json\/wp\/v2\/media\/17458"}],"wp:attachment":[{"href":"https:\/\/thelyflabs.com\/fr\/wp-json\/wp\/v2\/media?parent=12452"}],"wp:term":[{"taxonomy":"product_brand","embeddable":true,"href":"https:\/\/thelyflabs.com\/fr\/wp-json\/wp\/v2\/product_brand?post=12452"},{"taxonomy":"product_cat","embeddable":true,"href":"https:\/\/thelyflabs.com\/fr\/wp-json\/wp\/v2\/product_cat?post=12452"},{"taxonomy":"product_tag","embeddable":true,"href":"https:\/\/thelyflabs.com\/fr\/wp-json\/wp\/v2\/product_tag?post=12452"}],"curies":[{"name":"wp","href":"https:\/\/api.w.org\/{rel}","templated":true}]}}