{"id":12510,"date":"2025-06-18T18:45:06","date_gmt":"2025-06-18T16:45:06","guid":{"rendered":"https:\/\/thelyflabs.com\/?post_type=product&#038;p=12510"},"modified":"2025-09-11T13:07:50","modified_gmt":"2025-09-11T11:07:50","slug":"white-widow-cbd-indoor","status":"publish","type":"product","link":"https:\/\/thelyflabs.com\/fr\/product\/white-widow-cbd-indoor","title":{"rendered":"Fleur de CBD White Widow Indoor"},"content":{"rendered":"<h3 data-start=\"529\" data-end=\"683\">Fleur de CBD d&#039;int\u00e9rieur White Widow | Ar\u00f4me terreux et effet relaxant<\/h3>\n<p data-start=\"493\" data-end=\"830\"><strong data-start=\"314\" data-end=\"340\">CBD White Widow <\/strong>Iguana Smoke est une fleur de chanvre cultiv\u00e9e en int\u00e9rieur selon des m\u00e9thodes propres et contr\u00f4l\u00e9es, sans pesticides ni organismes g\u00e9n\u00e9tiquement modifi\u00e9s.<\/p>\n<p data-start=\"493\" data-end=\"830\">Son profil aromatique est terreux et profond, avec de douces nuances florales et un fond l\u00e9g\u00e8rement acide. Sa saveur est \u00e9quilibr\u00e9e, ronde et persistante. La fleur pr\u00e9sente une teinte vert clair avec des pistils orange et une couche de r\u00e9sine cristalline, gage de sa grande qualit\u00e9. La densit\u00e9 des trichomes lui conf\u00e8re un \u00e9clat naturel et collant, typique d&#039;une bonne culture en int\u00e9rieur.<\/p>\n<p data-start=\"986\" data-end=\"1224\">Le<strong> Fleur de CBD White Widow<\/strong> <strong>Int\u00e9rieur<\/strong> Il contient un taux \u00e9lev\u00e9 de cannabidiol et moins de 0,2 \u00b5g de THC, garantissant un effet relaxant sans sensation psychoactive. Il est id\u00e9al pour ceux qui cherchent \u00e0 se d\u00e9tendre ou \u00e0 \u00e9vacuer le stress sans compromettre leur concentration.<\/p>\n<p data-start=\"1226\" data-end=\"1316\">Une vari\u00e9t\u00e9 l\u00e9gale et s\u00fbre avec la norme de qualit\u00e9 sup\u00e9rieure qui d\u00e9finit <strong>Fum\u00e9e d&#039;iguane<\/strong>.<\/p>\n<p data-start=\"1226\" data-end=\"1316\">Si vous aimez White Widow, essayez-le aussi. <a href=\"https:\/\/thelyflabs.com\/fr\/product\/amnesia-cbd-indoor\/\">Amn\u00e9sie en int\u00e9rieur<\/a>, avec son ar\u00f4me d&#039;agrumes et son profil aromatique unique.<\/p>\n<p data-start=\"1226\" data-end=\"1316\">","protected":false},"excerpt":{"rendered":"<ul>\n<li style=\"font-size: 16px\" data-start=\"263\" data-end=\"319\"><strong style=\"font-size: 16px\">Fleur d&#039;int\u00e9rieur haut de gamme :<\/strong>\u00a0dense, r\u00e9sineux et de haute qualit\u00e9<\/li>\n<li data-start=\"219\" data-end=\"260\"><strong>Agriculture biologique<\/strong> pas de pesticides ni d&#039;OGM<\/li>\n<li><strong>Ar\u00f4me terreux<\/strong> aux notes florales et \u00e9pic\u00e9es<\/li>\n<li data-start=\"372\" data-end=\"421\"><strong>Teneur \u00e9lev\u00e9e en CBD<\/strong>, sans effets psychoactifs<\/li>\n<li data-start=\"424\" data-end=\"466\"><strong>Moins de 0,2% de THC,<\/strong> 100% l\u00e9gal dans l&#039;UE<\/li>\n<\/ul>\n<p><a href=\"https:\/\/iguanasmoke.com\/analiticas\/\">Consultez les analyses de laboratoire ici<\/a><\/p>","protected":false},"featured_media":12536,"comment_status":"open","ping_status":"closed","template":"","meta":{"_acf_changed":false,"site-sidebar-layout":"default","site-content-layout":"","ast-site-content-layout":"default","site-content-style":"default","site-sidebar-style":"default","ast-global-header-display":"","ast-banner-title-visibility":"","ast-main-header-display":"","ast-hfb-above-header-display":"","ast-hfb-below-header-display":"","ast-hfb-mobile-header-display":"","site-post-title":"","ast-breadcrumbs-content":"","ast-featured-img":"","footer-sml-layout":"","theme-transparent-header-meta":"default","adv-header-id-meta":"","stick-header-meta":"","header-above-stick-meta":"","header-main-stick-meta":"","header-below-stick-meta":"","astra-migrate-meta-layouts":"set","ast-page-background-enabled":"default","ast-page-background-meta":{"desktop":{"background-color":"var(--ast-global-color-4)","background-image":"","background-repeat":"repeat","background-position":"center center","background-size":"auto","background-attachment":"scroll","background-type":"","background-media":"","overlay-type":"","overlay-color":"","overlay-opacity":"","overlay-gradient":""},"tablet":{"background-color":"","background-image":"","background-repeat":"repeat","background-position":"center center","background-size":"auto","background-attachment":"scroll","background-type":"","background-media":"","overlay-type":"","overlay-color":"","overlay-opacity":"","overlay-gradient":""},"mobile":{"background-color":"","background-image":"","background-repeat":"repeat","background-position":"center center","background-size":"auto","background-attachment":"scroll","background-type":"","background-media":"","overlay-type":"","overlay-color":"","overlay-opacity":"","overlay-gradient":""}},"ast-content-background-meta":{"desktop":{"background-color":"var(--ast-global-color-5)","background-image":"","background-repeat":"repeat","background-position":"center center","background-size":"auto","background-attachment":"scroll","background-type":"","background-media":"","overlay-type":"","overlay-color":"","overlay-opacity":"","overlay-gradient":""},"tablet":{"background-color":"var(--ast-global-color-5)","background-image":"","background-repeat":"repeat","background-position":"center center","background-size":"auto","background-attachment":"scroll","background-type":"","background-media":"","overlay-type":"","overlay-color":"","overlay-opacity":"","overlay-gradient":""},"mobile":{"background-color":"var(--ast-global-color-5)","background-image":"","background-repeat":"repeat","background-position":"center center","background-size":"auto","background-attachment":"scroll","background-type":"","background-media":"","overlay-type":"","overlay-color":"","overlay-opacity":"","overlay-gradient":""}}},"product_brand":[],"product_cat":[144,24],"product_tag":[],"class_list":{"0":"post-12510","1":"product","2":"type-product","3":"status-publish","4":"has-post-thumbnail","6":"product_cat-flores-cbd-indoor","7":"product_cat-flores-de-cbd","8":"desktop-align-center","9":"tablet-align-left","10":"mobile-align-left","12":"first","13":"instock","14":"taxable","15":"shipping-taxable","16":"purchasable","17":"product-type-variable"},"acf":[],"yoast_head":"<!-- This site is optimized with the Yoast SEO plugin v27.4 - https:\/\/yoast.com\/product\/yoast-seo-wordpress\/ -->\n<title>Flor CBD White Widow Indoor - Flores CBD mayoristas - THE LYF LABS<\/title>\n<meta name=\"description\" content=\"White Widow CBD Indoor de Iguana Smoke: flor ecol\u00f3gica con aroma terroso y floral. Alto CBD, sin pesticidas ni GMO. Legal en la UE, THC &lt; 0,2 %.\" \/>\n<meta name=\"robots\" content=\"index, follow, max-snippet:-1, max-image-preview:large, max-video-preview:-1\" \/>\n<link rel=\"canonical\" href=\"https:\/\/thelyflabs.com\/fr\/product\/white-widow-cbd-indoor\/\" \/>\n<meta property=\"og:locale\" content=\"fr_FR\" \/>\n<meta property=\"og:type\" content=\"article\" \/>\n<meta property=\"og:title\" content=\"Flor CBD White Widow Indoor - Flores CBD mayoristas - THE LYF LABS\" \/>\n<meta property=\"og:description\" content=\"White Widow CBD Indoor de Iguana Smoke: flor ecol\u00f3gica con aroma terroso y floral. Alto CBD, sin pesticidas ni GMO. Legal en la UE, THC &lt; 0,2 %.\" \/>\n<meta property=\"og:url\" content=\"https:\/\/thelyflabs.com\/fr\/product\/white-widow-cbd-indoor\/\" \/>\n<meta property=\"og:site_name\" content=\"THE LYF LABS\" \/>\n<meta property=\"article:modified_time\" content=\"2025-09-11T11:07:50+00:00\" \/>\n<meta property=\"og:image\" content=\"https:\/\/thelyflabs.com\/wp-content\/uploads\/2025\/06\/white-widow-indoor.webp\" \/>\n\t<meta property=\"og:image:width\" content=\"1000\" \/>\n\t<meta property=\"og:image:height\" content=\"1000\" \/>\n\t<meta property=\"og:image:type\" content=\"image\/webp\" \/>\n<meta name=\"twitter:card\" content=\"summary_large_image\" \/>\n<meta name=\"twitter:label1\" content=\"Dur\u00e9e de lecture estim\u00e9e\" \/>\n\t<meta name=\"twitter:data1\" content=\"2 minutes\" \/>\n<script type=\"application\/ld+json\" class=\"yoast-schema-graph\">{\"@context\":\"https:\\\/\\\/schema.org\",\"@graph\":[{\"@type\":\"WebPage\",\"@id\":\"https:\\\/\\\/thelyflabs.com\\\/product\\\/white-widow-cbd-indoor\",\"url\":\"https:\\\/\\\/thelyflabs.com\\\/product\\\/white-widow-cbd-indoor\",\"name\":\"Flor CBD White Widow Indoor - Flores CBD mayoristas - THE LYF LABS\",\"isPartOf\":{\"@id\":\"https:\\\/\\\/thelyflabs.com\\\/#website\"},\"primaryImageOfPage\":{\"@id\":\"https:\\\/\\\/thelyflabs.com\\\/product\\\/white-widow-cbd-indoor#primaryimage\"},\"image\":{\"@id\":\"https:\\\/\\\/thelyflabs.com\\\/product\\\/white-widow-cbd-indoor#primaryimage\"},\"thumbnailUrl\":\"https:\\\/\\\/thelyflabs.com\\\/wp-content\\\/uploads\\\/2025\\\/06\\\/white-widow-indoor.webp\",\"datePublished\":\"2025-06-18T16:45:06+00:00\",\"dateModified\":\"2025-09-11T11:07:50+00:00\",\"description\":\"White Widow CBD Indoor de Iguana Smoke: flor ecol\u00f3gica con aroma terroso y floral. Alto CBD, sin pesticidas ni GMO. Legal en la UE, THC &lt; 0,2 %.\",\"breadcrumb\":{\"@id\":\"https:\\\/\\\/thelyflabs.com\\\/product\\\/white-widow-cbd-indoor#breadcrumb\"},\"inLanguage\":\"fr-FR\",\"potentialAction\":[{\"@type\":\"ReadAction\",\"target\":[\"https:\\\/\\\/thelyflabs.com\\\/product\\\/white-widow-cbd-indoor\"]}]},{\"@type\":\"ImageObject\",\"inLanguage\":\"fr-FR\",\"@id\":\"https:\\\/\\\/thelyflabs.com\\\/product\\\/white-widow-cbd-indoor#primaryimage\",\"url\":\"https:\\\/\\\/thelyflabs.com\\\/wp-content\\\/uploads\\\/2025\\\/06\\\/white-widow-indoor.webp\",\"contentUrl\":\"https:\\\/\\\/thelyflabs.com\\\/wp-content\\\/uploads\\\/2025\\\/06\\\/white-widow-indoor.webp\",\"width\":1000,\"height\":1000},{\"@type\":\"BreadcrumbList\",\"@id\":\"https:\\\/\\\/thelyflabs.com\\\/product\\\/white-widow-cbd-indoor#breadcrumb\",\"itemListElement\":[{\"@type\":\"ListItem\",\"position\":1,\"name\":\"Portada\",\"item\":\"https:\\\/\\\/thelyflabs.com\\\/\"},{\"@type\":\"ListItem\",\"position\":2,\"name\":\"Tienda\",\"item\":\"https:\\\/\\\/thelyflabs.com\\\/tienda\"},{\"@type\":\"ListItem\",\"position\":3,\"name\":\"Flor CBD White Widow Indoor\"}]},{\"@type\":\"WebSite\",\"@id\":\"https:\\\/\\\/thelyflabs.com\\\/#website\",\"url\":\"https:\\\/\\\/thelyflabs.com\\\/\",\"name\":\"The LYF Labs\",\"description\":\"CBD al por mayor\",\"publisher\":{\"@id\":\"https:\\\/\\\/thelyflabs.com\\\/#organization\"},\"potentialAction\":[{\"@type\":\"SearchAction\",\"target\":{\"@type\":\"EntryPoint\",\"urlTemplate\":\"https:\\\/\\\/thelyflabs.com\\\/?s={search_term_string}\"},\"query-input\":{\"@type\":\"PropertyValueSpecification\",\"valueRequired\":true,\"valueName\":\"search_term_string\"}}],\"inLanguage\":\"fr-FR\"},{\"@type\":\"Organization\",\"@id\":\"https:\\\/\\\/thelyflabs.com\\\/#organization\",\"name\":\"The LYF Labs\",\"url\":\"https:\\\/\\\/thelyflabs.com\\\/\",\"logo\":{\"@type\":\"ImageObject\",\"inLanguage\":\"fr-FR\",\"@id\":\"https:\\\/\\\/thelyflabs.com\\\/#\\\/schema\\\/logo\\\/image\\\/\",\"url\":\"https:\\\/\\\/thelyflabs.com\\\/wp-content\\\/uploads\\\/2023\\\/01\\\/cropped-LogoTheLYFLabs.png\",\"contentUrl\":\"https:\\\/\\\/thelyflabs.com\\\/wp-content\\\/uploads\\\/2023\\\/01\\\/cropped-LogoTheLYFLabs.png\",\"width\":600,\"height\":180,\"caption\":\"The LYF Labs\"},\"image\":{\"@id\":\"https:\\\/\\\/thelyflabs.com\\\/#\\\/schema\\\/logo\\\/image\\\/\"}}]}<\/script>\n<!-- \/ Yoast SEO plugin. -->","yoast_head_json":{"title":"Flor CBD White Widow Indoor - Flores CBD mayoristas - THE LYF LABS","description":"White Widow CBD Indoor de Iguana Smoke: flor ecol\u00f3gica con aroma terroso y floral. Alto CBD, sin pesticidas ni GMO. Legal en la UE, THC &lt; 0,2 %.","robots":{"index":"index","follow":"follow","max-snippet":"max-snippet:-1","max-image-preview":"max-image-preview:large","max-video-preview":"max-video-preview:-1"},"canonical":"https:\/\/thelyflabs.com\/fr\/product\/white-widow-cbd-indoor\/","og_locale":"fr_FR","og_type":"article","og_title":"Flor CBD White Widow Indoor - Flores CBD mayoristas - THE LYF LABS","og_description":"White Widow CBD Indoor de Iguana Smoke: flor ecol\u00f3gica con aroma terroso y floral. Alto CBD, sin pesticidas ni GMO. Legal en la UE, THC &lt; 0,2 %.","og_url":"https:\/\/thelyflabs.com\/fr\/product\/white-widow-cbd-indoor\/","og_site_name":"THE LYF LABS","article_modified_time":"2025-09-11T11:07:50+00:00","og_image":[{"width":1000,"height":1000,"url":"https:\/\/thelyflabs.com\/wp-content\/uploads\/2025\/06\/white-widow-indoor.webp","type":"image\/webp"}],"twitter_card":"summary_large_image","twitter_misc":{"Dur\u00e9e de lecture estim\u00e9e":"2 minutes"},"schema":{"@context":"https:\/\/schema.org","@graph":[{"@type":"WebPage","@id":"https:\/\/thelyflabs.com\/product\/white-widow-cbd-indoor","url":"https:\/\/thelyflabs.com\/product\/white-widow-cbd-indoor","name":"Flor CBD White Widow Indoor - Flores CBD mayoristas - THE LYF LABS","isPartOf":{"@id":"https:\/\/thelyflabs.com\/#website"},"primaryImageOfPage":{"@id":"https:\/\/thelyflabs.com\/product\/white-widow-cbd-indoor#primaryimage"},"image":{"@id":"https:\/\/thelyflabs.com\/product\/white-widow-cbd-indoor#primaryimage"},"thumbnailUrl":"https:\/\/thelyflabs.com\/wp-content\/uploads\/2025\/06\/white-widow-indoor.webp","datePublished":"2025-06-18T16:45:06+00:00","dateModified":"2025-09-11T11:07:50+00:00","description":"White Widow CBD Indoor de Iguana Smoke: flor ecol\u00f3gica con aroma terroso y floral. Alto CBD, sin pesticidas ni GMO. Legal en la UE, THC &lt; 0,2 %.","breadcrumb":{"@id":"https:\/\/thelyflabs.com\/product\/white-widow-cbd-indoor#breadcrumb"},"inLanguage":"fr-FR","potentialAction":[{"@type":"ReadAction","target":["https:\/\/thelyflabs.com\/product\/white-widow-cbd-indoor"]}]},{"@type":"ImageObject","inLanguage":"fr-FR","@id":"https:\/\/thelyflabs.com\/product\/white-widow-cbd-indoor#primaryimage","url":"https:\/\/thelyflabs.com\/wp-content\/uploads\/2025\/06\/white-widow-indoor.webp","contentUrl":"https:\/\/thelyflabs.com\/wp-content\/uploads\/2025\/06\/white-widow-indoor.webp","width":1000,"height":1000},{"@type":"BreadcrumbList","@id":"https:\/\/thelyflabs.com\/product\/white-widow-cbd-indoor#breadcrumb","itemListElement":[{"@type":"ListItem","position":1,"name":"Portada","item":"https:\/\/thelyflabs.com\/"},{"@type":"ListItem","position":2,"name":"Tienda","item":"https:\/\/thelyflabs.com\/tienda"},{"@type":"ListItem","position":3,"name":"Flor CBD White Widow Indoor"}]},{"@type":"WebSite","@id":"https:\/\/thelyflabs.com\/#website","url":"https:\/\/thelyflabs.com\/","name":"Les laboratoires LYF","description":"Vente en gros de CBD","publisher":{"@id":"https:\/\/thelyflabs.com\/#organization"},"potentialAction":[{"@type":"SearchAction","target":{"@type":"EntryPoint","urlTemplate":"https:\/\/thelyflabs.com\/?s={search_term_string}"},"query-input":{"@type":"PropertyValueSpecification","valueRequired":true,"valueName":"search_term_string"}}],"inLanguage":"fr-FR"},{"@type":"Organization","@id":"https:\/\/thelyflabs.com\/#organization","name":"Les laboratoires LYF","url":"https:\/\/thelyflabs.com\/","logo":{"@type":"ImageObject","inLanguage":"fr-FR","@id":"https:\/\/thelyflabs.com\/#\/schema\/logo\/image\/","url":"https:\/\/thelyflabs.com\/wp-content\/uploads\/2023\/01\/cropped-LogoTheLYFLabs.png","contentUrl":"https:\/\/thelyflabs.com\/wp-content\/uploads\/2023\/01\/cropped-LogoTheLYFLabs.png","width":600,"height":180,"caption":"The LYF Labs"},"image":{"@id":"https:\/\/thelyflabs.com\/#\/schema\/logo\/image\/"}}]}},"_links":{"self":[{"href":"https:\/\/thelyflabs.com\/fr\/wp-json\/wp\/v2\/product\/12510","targetHints":{"allow":["GET"]}}],"collection":[{"href":"https:\/\/thelyflabs.com\/fr\/wp-json\/wp\/v2\/product"}],"about":[{"href":"https:\/\/thelyflabs.com\/fr\/wp-json\/wp\/v2\/types\/product"}],"replies":[{"embeddable":true,"href":"https:\/\/thelyflabs.com\/fr\/wp-json\/wp\/v2\/comments?post=12510"}],"wp:featuredmedia":[{"embeddable":true,"href":"https:\/\/thelyflabs.com\/fr\/wp-json\/wp\/v2\/media\/12536"}],"wp:attachment":[{"href":"https:\/\/thelyflabs.com\/fr\/wp-json\/wp\/v2\/media?parent=12510"}],"wp:term":[{"taxonomy":"product_brand","embeddable":true,"href":"https:\/\/thelyflabs.com\/fr\/wp-json\/wp\/v2\/product_brand?post=12510"},{"taxonomy":"product_cat","embeddable":true,"href":"https:\/\/thelyflabs.com\/fr\/wp-json\/wp\/v2\/product_cat?post=12510"},{"taxonomy":"product_tag","embeddable":true,"href":"https:\/\/thelyflabs.com\/fr\/wp-json\/wp\/v2\/product_tag?post=12510"}],"curies":[{"name":"wp","href":"https:\/\/api.w.org\/{rel}","templated":true}]}}