{"id":12851,"date":"2025-08-21T11:19:27","date_gmt":"2025-08-21T09:19:27","guid":{"rendered":"https:\/\/thelyflabs.com\/?post_type=product&#038;p=12851"},"modified":"2026-04-28T16:27:46","modified_gmt":"2026-04-28T14:27:46","slug":"flor-amnesia-stv-20","status":"publish","type":"product","link":"https:\/\/thelyflabs.com\/fr\/product\/flor-amnesia-stv-20","title":{"rendered":"Fleur d&#039;amn\u00e9sie STV 20%"},"content":{"rendered":"<h2><strong>Flor Amnesia STV 20% \u2013 Concentration et bonnes vibrations sativa<\/strong><\/h2>\n<p>Amnesia Flower STV 20% est une fleur de CBD cultiv\u00e9e avec le plus grand soin et enrichie en <strong>STV (Sativanol)<\/strong>, un cannabino\u00efde de pointe d\u00e9riv\u00e9 du chanvre. Il procure une clart\u00e9 mentale et une \u00e9nergie similaires \u00e0 celles des meilleures sativas, mais sans l&#039;effet euphorisant ni la somnolence.<\/p>\n<h3>Votre esprit clair et \u00e9nergique<\/h3>\n<p>Le STV est diff\u00e9rent du THC et du HHC (interdits en Espagne). Par cons\u00e9quent, avec cette fleur, vous obtenez\u00a0:<\/p>\n<ul>\n<li><strong>Effet pr\u00e9visible :<\/strong> clart\u00e9 mentale et \u00e9nergie sans surprises.<\/li>\n<li><strong>Pas de high :<\/strong> Il n&#039;est pas psychoactif et est l\u00e9gal 100%.<\/li>\n<li><strong>Pas de somnolence :<\/strong> pour que vous puissiez vous r\u00e9veiller frais et dispos le lendemain.<\/li>\n<li><strong>Cela ne g\u00e9n\u00e8re pas de tol\u00e9rance.<\/strong><\/li>\n<\/ul>\n<p>De plus, les effets sont perceptibles en 10 \u00e0 30 minutes et durent environ 3 \u00e0 4 heures. C&#039;est donc id\u00e9al pour \u00e9tudier, travailler ou toute activit\u00e9 n\u00e9cessitant concentration et bonne humeur.<\/p>\n<h3>Ar\u00f4me et saveur que vous aimez<\/h3>\n<p>Quant \u00e0 son ar\u00f4me, vous appr\u00e9cierez un parfum frais et puissant, aux notes d&#039;agrumes et d&#039;herbes, avec une pointe de terre. Son go\u00fbt est doux et naturel, avec une agr\u00e9able note \u00e9pic\u00e9e.<\/p>\n<h3>\u00c0 qui s&#039;adresse-t-il ?<\/h3>\n<p>Cette fleur est con\u00e7ue pour ceux qui ont besoin de concentration et de bonne humeur durant la journ\u00e9e, sans effets psychoactifs ou s\u00e9datifs.<\/p>\n<h3>Principales caract\u00e9ristiques de la fleur Amnesia STV<\/h3>\n<ul>\n<li><strong>CBD avec Sativanol :<\/strong> \u00e9nergie et clart\u00e9 mentale.<\/li>\n<li><strong>100% l\u00e9gal et sans THC :<\/strong> aucun effet psychoactif.<\/li>\n<li><strong>Cela ne g\u00e9n\u00e8re pas de tol\u00e9rance.<\/strong><\/li>\n<li><strong>Pas de somnolence<\/strong> le lendemain.<\/li>\n<li><strong>Culture propre :<\/strong> sans produits chimiques ni pesticides.<\/li>\n<li><strong>Ar\u00f4me frais :<\/strong> agrumes, herbac\u00e9, terreux.<\/li>\n<li><strong>Formats :<\/strong> 2g et 5g disponibles.<\/li>\n<\/ul>\n<h3 data-start=\"1394\" data-end=\"1432\">Pourquoi acheter chez The Lyf Labs ?<\/h3>\n<p>Chez Lyf Labs, nous proposons des fleurs l\u00e9gales, s\u00fbres et de haute qualit\u00e9, con\u00e7ues pour les grossistes \u00e0 la recherche de produits fiables et efficaces. Notre Amnesia STV 20% est le choix id\u00e9al pour les distributeurs qui souhaitent offrir \u00e0 leurs clients attention et bien-\u00eatre, avec la garantie d&#039;un produit fiable. Nous disposons \u00e9galement d&#039;un service client d\u00e9di\u00e9 pour vous accompagner \u00e0 tout moment.<\/p>\n<div class=\"disclaimer\">\n<p><strong>Important:<\/strong> Nos produits sont destin\u00e9s \u00e0 des usages industriels, techniques et horticoles. Nous ne promouvons pas la consommation humaine.<\/p>\n<\/div>","protected":false},"excerpt":{"rendered":"<ul>\n<li>Fleur de qualit\u00e9 sup\u00e9rieure de <strong>CBD<\/strong><\/li>\n<li>Enrichi avec <strong>STV (Sativanol)<\/strong><\/li>\n<li><strong>&lt;0,2% THC<\/strong><\/li>\n<li>Culture contr\u00f4l\u00e9e et sans pesticides<\/li>\n<li>Ar\u00f4me frais avec des notes d&#039;agrumes, d&#039;herbes et de terre<\/li>\n<li>100% l\u00e9gal en Espagne<\/li>\n<\/ul>\n<p>Disponible d\u00e8s maintenant chez The Lyf Labs. Essayez-le et constatez la diff\u00e9rence.<\/p>","protected":false},"featured_media":13719,"comment_status":"open","ping_status":"closed","template":"","meta":{"_acf_changed":false,"site-sidebar-layout":"default","site-content-layout":"","ast-site-content-layout":"default","site-content-style":"default","site-sidebar-style":"default","ast-global-header-display":"","ast-banner-title-visibility":"","ast-main-header-display":"","ast-hfb-above-header-display":"","ast-hfb-below-header-display":"","ast-hfb-mobile-header-display":"","site-post-title":"","ast-breadcrumbs-content":"","ast-featured-img":"","footer-sml-layout":"","theme-transparent-header-meta":"default","adv-header-id-meta":"","stick-header-meta":"","header-above-stick-meta":"","header-main-stick-meta":"","header-below-stick-meta":"","astra-migrate-meta-layouts":"set","ast-page-background-enabled":"default","ast-page-background-meta":{"desktop":{"background-color":"var(--ast-global-color-4)","background-image":"","background-repeat":"repeat","background-position":"center center","background-size":"auto","background-attachment":"scroll","background-type":"","background-media":"","overlay-type":"","overlay-color":"","overlay-opacity":"","overlay-gradient":""},"tablet":{"background-color":"","background-image":"","background-repeat":"repeat","background-position":"center center","background-size":"auto","background-attachment":"scroll","background-type":"","background-media":"","overlay-type":"","overlay-color":"","overlay-opacity":"","overlay-gradient":""},"mobile":{"background-color":"","background-image":"","background-repeat":"repeat","background-position":"center center","background-size":"auto","background-attachment":"scroll","background-type":"","background-media":"","overlay-type":"","overlay-color":"","overlay-opacity":"","overlay-gradient":""}},"ast-content-background-meta":{"desktop":{"background-color":"var(--ast-global-color-5)","background-image":"","background-repeat":"repeat","background-position":"center center","background-size":"auto","background-attachment":"scroll","background-type":"","background-media":"","overlay-type":"","overlay-color":"","overlay-opacity":"","overlay-gradient":""},"tablet":{"background-color":"var(--ast-global-color-5)","background-image":"","background-repeat":"repeat","background-position":"center center","background-size":"auto","background-attachment":"scroll","background-type":"","background-media":"","overlay-type":"","overlay-color":"","overlay-opacity":"","overlay-gradient":""},"mobile":{"background-color":"var(--ast-global-color-5)","background-image":"","background-repeat":"repeat","background-position":"center center","background-size":"auto","background-attachment":"scroll","background-type":"","background-media":"","overlay-type":"","overlay-color":"","overlay-opacity":"","overlay-gradient":""}}},"product_brand":[],"product_cat":[24,146,143,138],"product_tag":[],"class_list":{"0":"post-12851","1":"product","2":"type-product","3":"status-publish","4":"has-post-thumbnail","6":"product_cat-flores-de-cbd","7":"product_cat-nuevas-moleculas","8":"product_cat-stv","9":"product_cat-stv-sativanol","10":"desktop-align-center","11":"tablet-align-left","12":"mobile-align-left","14":"first","15":"instock","16":"taxable","17":"shipping-taxable","18":"purchasable","19":"product-type-variable"},"acf":[],"yoast_head":"<!-- This site is optimized with the Yoast SEO plugin v27.4 - https:\/\/yoast.com\/product\/yoast-seo-wordpress\/ -->\n<title>Flor Amnesia STV 20% - THE LYF LABS - Comprar CBD distribuidores<\/title>\n<meta name=\"description\" content=\"Flor rica en CBD y STV. 0% THC, 100% legal. Ideal para distribuidores que apuestan por productos sativa premium, sin efectos psicoactivos.\" \/>\n<meta name=\"robots\" content=\"index, follow, max-snippet:-1, max-image-preview:large, max-video-preview:-1\" \/>\n<link rel=\"canonical\" href=\"https:\/\/thelyflabs.com\/fr\/product\/flor-amnesia-stv-20\/\" \/>\n<meta property=\"og:locale\" content=\"fr_FR\" \/>\n<meta property=\"og:type\" content=\"article\" \/>\n<meta property=\"og:title\" content=\"Flor Amnesia STV 20% - THE LYF LABS - Comprar CBD distribuidores\" \/>\n<meta property=\"og:description\" content=\"Flor rica en CBD y STV. 0% THC, 100% legal. Ideal para distribuidores que apuestan por productos sativa premium, sin efectos psicoactivos.\" \/>\n<meta property=\"og:url\" content=\"https:\/\/thelyflabs.com\/fr\/product\/flor-amnesia-stv-20\/\" \/>\n<meta property=\"og:site_name\" content=\"THE LYF LABS\" \/>\n<meta property=\"article:modified_time\" content=\"2026-04-28T14:27:46+00:00\" \/>\n<meta property=\"og:image\" content=\"https:\/\/thelyflabs.com\/wp-content\/uploads\/2025\/08\/Amnesia-STV-2g-bolsa-con-cogollo-2025.webp\" \/>\n\t<meta property=\"og:image:width\" content=\"1000\" \/>\n\t<meta property=\"og:image:height\" content=\"1000\" \/>\n\t<meta property=\"og:image:type\" content=\"image\/webp\" \/>\n<meta name=\"twitter:card\" content=\"summary_large_image\" \/>\n<meta name=\"twitter:label1\" content=\"Dur\u00e9e de lecture estim\u00e9e\" \/>\n\t<meta name=\"twitter:data1\" content=\"2 minutes\" \/>\n<script type=\"application\/ld+json\" class=\"yoast-schema-graph\">{\"@context\":\"https:\\\/\\\/schema.org\",\"@graph\":[{\"@type\":\"WebPage\",\"@id\":\"https:\\\/\\\/thelyflabs.com\\\/product\\\/flor-amnesia-stv-20\",\"url\":\"https:\\\/\\\/thelyflabs.com\\\/product\\\/flor-amnesia-stv-20\",\"name\":\"Flor Amnesia STV 20% - THE LYF LABS - Comprar CBD distribuidores\",\"isPartOf\":{\"@id\":\"https:\\\/\\\/thelyflabs.com\\\/#website\"},\"primaryImageOfPage\":{\"@id\":\"https:\\\/\\\/thelyflabs.com\\\/product\\\/flor-amnesia-stv-20#primaryimage\"},\"image\":{\"@id\":\"https:\\\/\\\/thelyflabs.com\\\/product\\\/flor-amnesia-stv-20#primaryimage\"},\"thumbnailUrl\":\"https:\\\/\\\/thelyflabs.com\\\/wp-content\\\/uploads\\\/2025\\\/08\\\/Amnesia-STV-2g-bolsa-con-cogollo-2025.webp\",\"datePublished\":\"2025-08-21T09:19:27+00:00\",\"dateModified\":\"2026-04-28T14:27:46+00:00\",\"description\":\"Flor rica en CBD y STV. 0% THC, 100% legal. Ideal para distribuidores que apuestan por productos sativa premium, sin efectos psicoactivos.\",\"breadcrumb\":{\"@id\":\"https:\\\/\\\/thelyflabs.com\\\/product\\\/flor-amnesia-stv-20#breadcrumb\"},\"inLanguage\":\"fr-FR\",\"potentialAction\":[{\"@type\":\"ReadAction\",\"target\":[\"https:\\\/\\\/thelyflabs.com\\\/product\\\/flor-amnesia-stv-20\"]}]},{\"@type\":\"ImageObject\",\"inLanguage\":\"fr-FR\",\"@id\":\"https:\\\/\\\/thelyflabs.com\\\/product\\\/flor-amnesia-stv-20#primaryimage\",\"url\":\"https:\\\/\\\/thelyflabs.com\\\/wp-content\\\/uploads\\\/2025\\\/08\\\/Amnesia-STV-2g-bolsa-con-cogollo-2025.webp\",\"contentUrl\":\"https:\\\/\\\/thelyflabs.com\\\/wp-content\\\/uploads\\\/2025\\\/08\\\/Amnesia-STV-2g-bolsa-con-cogollo-2025.webp\",\"width\":1000,\"height\":1000,\"caption\":\"flor amnesia stv 20%\"},{\"@type\":\"BreadcrumbList\",\"@id\":\"https:\\\/\\\/thelyflabs.com\\\/product\\\/flor-amnesia-stv-20#breadcrumb\",\"itemListElement\":[{\"@type\":\"ListItem\",\"position\":1,\"name\":\"Portada\",\"item\":\"https:\\\/\\\/thelyflabs.com\\\/\"},{\"@type\":\"ListItem\",\"position\":2,\"name\":\"Tienda\",\"item\":\"https:\\\/\\\/thelyflabs.com\\\/tienda\"},{\"@type\":\"ListItem\",\"position\":3,\"name\":\"Flor Amnesia STV 20%\"}]},{\"@type\":\"WebSite\",\"@id\":\"https:\\\/\\\/thelyflabs.com\\\/#website\",\"url\":\"https:\\\/\\\/thelyflabs.com\\\/\",\"name\":\"The LYF Labs\",\"description\":\"CBD al por mayor\",\"publisher\":{\"@id\":\"https:\\\/\\\/thelyflabs.com\\\/#organization\"},\"potentialAction\":[{\"@type\":\"SearchAction\",\"target\":{\"@type\":\"EntryPoint\",\"urlTemplate\":\"https:\\\/\\\/thelyflabs.com\\\/?s={search_term_string}\"},\"query-input\":{\"@type\":\"PropertyValueSpecification\",\"valueRequired\":true,\"valueName\":\"search_term_string\"}}],\"inLanguage\":\"fr-FR\"},{\"@type\":\"Organization\",\"@id\":\"https:\\\/\\\/thelyflabs.com\\\/#organization\",\"name\":\"The LYF Labs\",\"url\":\"https:\\\/\\\/thelyflabs.com\\\/\",\"logo\":{\"@type\":\"ImageObject\",\"inLanguage\":\"fr-FR\",\"@id\":\"https:\\\/\\\/thelyflabs.com\\\/#\\\/schema\\\/logo\\\/image\\\/\",\"url\":\"https:\\\/\\\/thelyflabs.com\\\/wp-content\\\/uploads\\\/2023\\\/01\\\/cropped-LogoTheLYFLabs.png\",\"contentUrl\":\"https:\\\/\\\/thelyflabs.com\\\/wp-content\\\/uploads\\\/2023\\\/01\\\/cropped-LogoTheLYFLabs.png\",\"width\":600,\"height\":180,\"caption\":\"The LYF Labs\"},\"image\":{\"@id\":\"https:\\\/\\\/thelyflabs.com\\\/#\\\/schema\\\/logo\\\/image\\\/\"}}]}<\/script>\n<!-- \/ Yoast SEO plugin. -->","yoast_head_json":{"title":"Flor Amnesia STV 20% - THE LYF LABS - Comprar CBD distribuidores","description":"Flor rica en CBD y STV. 0% THC, 100% legal. Ideal para distribuidores que apuestan por productos sativa premium, sin efectos psicoactivos.","robots":{"index":"index","follow":"follow","max-snippet":"max-snippet:-1","max-image-preview":"max-image-preview:large","max-video-preview":"max-video-preview:-1"},"canonical":"https:\/\/thelyflabs.com\/fr\/product\/flor-amnesia-stv-20\/","og_locale":"fr_FR","og_type":"article","og_title":"Flor Amnesia STV 20% - THE LYF LABS - Comprar CBD distribuidores","og_description":"Flor rica en CBD y STV. 0% THC, 100% legal. Ideal para distribuidores que apuestan por productos sativa premium, sin efectos psicoactivos.","og_url":"https:\/\/thelyflabs.com\/fr\/product\/flor-amnesia-stv-20\/","og_site_name":"THE LYF LABS","article_modified_time":"2026-04-28T14:27:46+00:00","og_image":[{"width":1000,"height":1000,"url":"https:\/\/thelyflabs.com\/wp-content\/uploads\/2025\/08\/Amnesia-STV-2g-bolsa-con-cogollo-2025.webp","type":"image\/webp"}],"twitter_card":"summary_large_image","twitter_misc":{"Dur\u00e9e de lecture estim\u00e9e":"2 minutes"},"schema":{"@context":"https:\/\/schema.org","@graph":[{"@type":"WebPage","@id":"https:\/\/thelyflabs.com\/product\/flor-amnesia-stv-20","url":"https:\/\/thelyflabs.com\/product\/flor-amnesia-stv-20","name":"Flor Amnesia STV 20% - THE LYF LABS - Comprar CBD distribuidores","isPartOf":{"@id":"https:\/\/thelyflabs.com\/#website"},"primaryImageOfPage":{"@id":"https:\/\/thelyflabs.com\/product\/flor-amnesia-stv-20#primaryimage"},"image":{"@id":"https:\/\/thelyflabs.com\/product\/flor-amnesia-stv-20#primaryimage"},"thumbnailUrl":"https:\/\/thelyflabs.com\/wp-content\/uploads\/2025\/08\/Amnesia-STV-2g-bolsa-con-cogollo-2025.webp","datePublished":"2025-08-21T09:19:27+00:00","dateModified":"2026-04-28T14:27:46+00:00","description":"Flor rica en CBD y STV. 0% THC, 100% legal. Ideal para distribuidores que apuestan por productos sativa premium, sin efectos psicoactivos.","breadcrumb":{"@id":"https:\/\/thelyflabs.com\/product\/flor-amnesia-stv-20#breadcrumb"},"inLanguage":"fr-FR","potentialAction":[{"@type":"ReadAction","target":["https:\/\/thelyflabs.com\/product\/flor-amnesia-stv-20"]}]},{"@type":"ImageObject","inLanguage":"fr-FR","@id":"https:\/\/thelyflabs.com\/product\/flor-amnesia-stv-20#primaryimage","url":"https:\/\/thelyflabs.com\/wp-content\/uploads\/2025\/08\/Amnesia-STV-2g-bolsa-con-cogollo-2025.webp","contentUrl":"https:\/\/thelyflabs.com\/wp-content\/uploads\/2025\/08\/Amnesia-STV-2g-bolsa-con-cogollo-2025.webp","width":1000,"height":1000,"caption":"flor amnesia stv 20%"},{"@type":"BreadcrumbList","@id":"https:\/\/thelyflabs.com\/product\/flor-amnesia-stv-20#breadcrumb","itemListElement":[{"@type":"ListItem","position":1,"name":"Portada","item":"https:\/\/thelyflabs.com\/"},{"@type":"ListItem","position":2,"name":"Tienda","item":"https:\/\/thelyflabs.com\/tienda"},{"@type":"ListItem","position":3,"name":"Flor Amnesia STV 20%"}]},{"@type":"WebSite","@id":"https:\/\/thelyflabs.com\/#website","url":"https:\/\/thelyflabs.com\/","name":"Les laboratoires LYF","description":"Vente en gros de CBD","publisher":{"@id":"https:\/\/thelyflabs.com\/#organization"},"potentialAction":[{"@type":"SearchAction","target":{"@type":"EntryPoint","urlTemplate":"https:\/\/thelyflabs.com\/?s={search_term_string}"},"query-input":{"@type":"PropertyValueSpecification","valueRequired":true,"valueName":"search_term_string"}}],"inLanguage":"fr-FR"},{"@type":"Organization","@id":"https:\/\/thelyflabs.com\/#organization","name":"Les laboratoires LYF","url":"https:\/\/thelyflabs.com\/","logo":{"@type":"ImageObject","inLanguage":"fr-FR","@id":"https:\/\/thelyflabs.com\/#\/schema\/logo\/image\/","url":"https:\/\/thelyflabs.com\/wp-content\/uploads\/2023\/01\/cropped-LogoTheLYFLabs.png","contentUrl":"https:\/\/thelyflabs.com\/wp-content\/uploads\/2023\/01\/cropped-LogoTheLYFLabs.png","width":600,"height":180,"caption":"The LYF Labs"},"image":{"@id":"https:\/\/thelyflabs.com\/#\/schema\/logo\/image\/"}}]}},"_links":{"self":[{"href":"https:\/\/thelyflabs.com\/fr\/wp-json\/wp\/v2\/product\/12851","targetHints":{"allow":["GET"]}}],"collection":[{"href":"https:\/\/thelyflabs.com\/fr\/wp-json\/wp\/v2\/product"}],"about":[{"href":"https:\/\/thelyflabs.com\/fr\/wp-json\/wp\/v2\/types\/product"}],"replies":[{"embeddable":true,"href":"https:\/\/thelyflabs.com\/fr\/wp-json\/wp\/v2\/comments?post=12851"}],"wp:featuredmedia":[{"embeddable":true,"href":"https:\/\/thelyflabs.com\/fr\/wp-json\/wp\/v2\/media\/13719"}],"wp:attachment":[{"href":"https:\/\/thelyflabs.com\/fr\/wp-json\/wp\/v2\/media?parent=12851"}],"wp:term":[{"taxonomy":"product_brand","embeddable":true,"href":"https:\/\/thelyflabs.com\/fr\/wp-json\/wp\/v2\/product_brand?post=12851"},{"taxonomy":"product_cat","embeddable":true,"href":"https:\/\/thelyflabs.com\/fr\/wp-json\/wp\/v2\/product_cat?post=12851"},{"taxonomy":"product_tag","embeddable":true,"href":"https:\/\/thelyflabs.com\/fr\/wp-json\/wp\/v2\/product_tag?post=12851"}],"curies":[{"name":"wp","href":"https:\/\/api.w.org\/{rel}","templated":true}]}}