{"id":12937,"date":"2025-07-16T21:05:09","date_gmt":"2025-07-16T19:05:09","guid":{"rendered":"https:\/\/thelyflabs.com\/?post_type=product&#038;p=12937"},"modified":"2026-03-19T15:28:45","modified_gmt":"2026-03-19T14:28:45","slug":"hash-cbd-frozen-cider","status":"publish","type":"product","link":"https:\/\/thelyflabs.com\/fr\/product\/hash-cbd-frozen-cider","title":{"rendered":"Hash CBD Cidre dor\u00e9 glac\u00e9"},"content":{"rendered":"<h1><span style=\"font-weight: 400\">Hash CBD Frozen Golden Cider 61%\u00a0: Puret\u00e9 glac\u00e9e et effet profond<\/span><\/h1>\n<p><span style=\"font-weight: 400\">Il <strong>Cidre dor\u00e9 glac\u00e9 au CBD et haschisch<\/strong> Il se distingue par sa teneur impressionnante en CBD, qui atteint jusqu&#039;\u00e0 <strong>61% en total (56%CBD + 5%CBD-A)<\/strong>, ainsi qu&#039;un <strong>0,4% de CBG<\/strong>Cette forte concentration en fait un choix id\u00e9al pour ceux qui recherchent un <strong>effet relaxant puissant et durable<\/strong>De plus, cette vari\u00e9t\u00e9 est reconnue dans le monde des cannabino\u00efdes, <strong>Haschisch CBD Cidre dor\u00e9 glac\u00e9<\/strong> Il se distingue par ses effets uniques.\u00a0<\/span><\/p>\n<p><span style=\"font-weight: 400\">Ce haschisch est fabriqu\u00e9 \u00e0 partir de <strong>fleurs de chanvre congel\u00e9es<\/strong> juste apr\u00e8s la r\u00e9colte pour pr\u00e9server les cannabino\u00efdes et les terp\u00e8nes gr\u00e2ce \u00e0 la technique d&#039;extraction congel\u00e9e. En utilisant le \u00ab<strong>hachis d&#039;eau glac\u00e9e<\/strong>\u00bb ou l&#039;extraction \u00e0 l&#039;eau glac\u00e9e, qui consiste \u00e0 agiter les fleurs congel\u00e9es dans de l&#039;eau glac\u00e9e pour s\u00e9parer les <strong>trichomes <\/strong>(petites glandes remplies de r\u00e9sine contenant du CBD et d&#039;autres compos\u00e9s actifs) et sont press\u00e9es pour cr\u00e9er un <strong>haschisch pur et puissant<\/strong>. <\/span><\/p>\n<p><span style=\"font-weight: 400\">Parfois, la technique est appliqu\u00e9e <em>colophane<\/em>, qui extrait la r\u00e9sine sans solvants en utilisant la chaleur et la pression, pour une extraction encore plus propre.\u00a0<\/span><\/p>\n<p><span style=\"font-weight: 400\">Il contient \u00e9galement moins de 0,31 % de THC, donc ce haschisch est <strong>l\u00e9gal en Espagne et en Europe<\/strong>Explorez sa texture et savourez ses ar\u00f4mes ! D\u00e9couvrez pourquoi <strong>Cidre dor\u00e9 glac\u00e9 au CBD et haschisch 61% <\/strong>C&#039;est l&#039;une des r\u00e9sines les plus puissantes et de la plus haute qualit\u00e9 que vous puissiez trouver si vous le souhaitez <strong>haschisch CBD bon march\u00e9<\/strong> mais premium.<\/span><\/p>\n<p>&nbsp;<\/p>\n<h2>Caract\u00e9ristiques du cidre dor\u00e9 glac\u00e9 au CBD et au haschisch\u00a0:<\/h2>\n<ul>\n<li><b>Aspect et texture : <span style=\"font-size: 16px;font-weight: 400\">Elle se distingue par sa couleur dor\u00e9e, <strong>texture cristalline et compacte<\/strong>Chauff\u00e9, il fond doucement, lib\u00e9rant un <strong>fum\u00e9e \u00e9paisse<\/strong> et soyeuse, r\u00e9v\u00e9lant sa puret\u00e9 et sa qualit\u00e9 sup\u00e9rieure. Son c<strong>consistance friable<\/strong> Elle offre une utilisation agr\u00e9able, t\u00e9moignant du soin et de la pr\u00e9cision apport\u00e9s \u00e0 sa fabrication artisanale.\u00a0<\/span><\/b><\/li>\n<li><span style=\"font-size: 16px;font-weight: 400\"><strong>Ar\u00f4me et saveur :<\/strong> frais et naturel, rappelant <strong>for\u00eats de pins<\/strong>Il offre une saveur \u00e9quilibr\u00e9e avec <strong>notes herbac\u00e9es<\/strong> qui \u00e9voquent la fra\u00eecheur de la nature, accompagn\u00e9es d&#039;une <strong>l\u00e9g\u00e8re touche menthol\u00e9e<\/strong> qui apporte de la fra\u00eecheur. <strong>Nuances d&#039;agrumes et notes de bois de c\u00e8dre<\/strong> qui enrichissent l&#039;exp\u00e9rience et la rendent m\u00e9morable.\u00a0\u00a0<\/span><\/li>\n<li><strong>Origine et puret\u00e9 :<\/strong><span style=\"font-size: 16px;font-weight: 400\"> Elle trouve ses racines dans les montagnes de <strong>Afghanistan<\/strong>Il allie la tradition du haschisch afghan aux techniques modernes. Fabriqu\u00e9 \u00e0 partir de fleurs de chanvre riches en CBD, il offre une exp\u00e9rience l\u00e9gale, apaisante et relaxante. Il unit le <strong style=\"font-size: 16px;font-style: normal\">sagesse ancestrale et innovation<\/strong>afin de pr\u00e9server l&#039;essence du haschisch artisanal authentique.\u00a0<\/span><\/li>\n<\/ul>\n<p>&nbsp;<\/p>\n<h3 data-start=\"249\" data-end=\"612\">Origine du haschisch CBD congel\u00e9<\/h3>\n<p data-start=\"192\" data-end=\"448\">Frozen trouve ses racines dans les montagnes d&#039;Afghanistan, une r\u00e9gion r\u00e9put\u00e9e depuis des si\u00e8cles pour son expertise dans la production de haschisch de haute qualit\u00e9. C&#039;est l\u00e0 que sont n\u00e9es et perfectionn\u00e9es des techniques traditionnelles qui inspirent encore aujourd&#039;hui les artisans du cannabis.<\/p>\n<p data-start=\"450\" data-end=\"735\">Frozen Golden Cider s&#039;appuie sur cet h\u00e9ritage ancestral pour allier techniques ancestrales d&#039;extraction du haschisch et m\u00e9thodes modernes, utilisant des fleurs de chanvre riches en CBD pour cr\u00e9er du haschisch l\u00e9gal offrant une exp\u00e9rience apaisante et profond\u00e9ment relaxante. Ainsi, Frozen Hash n&#039;est pas un simple produit\u00a0; c&#039;est le fruit de l&#039;alliance du savoir ancestral et de l&#039;innovation.<\/p>\n<h3 data-start=\"96\" data-end=\"128\">Forte concentration de CBD<\/h3>\n<p data-start=\"130\" data-end=\"468\">Le Frozen Golden Cider se distingue par son impressionnante teneur en CBD, atteignant un total de 61% (56% CBD + 5% CBD-A), ainsi que 0,4% CBG. Cette concentration \u00e9lev\u00e9e en fait le choix id\u00e9al pour ceux qui recherchent un effet relaxant puissant et durable.<\/p>\n<section class=\"product-description\">\n<h2>Qualit\u00e9 et s\u00e9curit\u00e9<\/h2>\n<p>Dans <strong>Les laboratoires Lyf<\/strong>, nous garantissons que chaque lot de <span style=\"font-weight: 400\"><strong>Hash CBD Cidre dor\u00e9 glac\u00e9<\/strong><\/span>\u00a0Ce produit fait l&#039;objet d&#039;analyses rigoureuses en laboratoire afin de confirmer sa puret\u00e9, l&#039;absence de pesticides et un taux de THC l\u00e9gal (inf\u00e9rieur \u00e0 0,31 g\/L). Notre engagement envers la qualit\u00e9 et la s\u00e9curit\u00e9 nous permet de proposer un produit fiable, adapt\u00e9 \u00e0 tous les consommateurs soucieux de l\u00e9galit\u00e9 et d&#039;excellence.<\/p>\n<p>&nbsp;<\/p>\n<p><span style=\"font-size: 1.7em;font-weight: bold\">Pourquoi acheter <span style=\"font-weight: 400\"><strong>Hash CBD Cidre dor\u00e9 glac\u00e9<\/strong><\/span>\u00a0chez Lyf Labs ?<\/span><\/p>\n<\/section>\n<section class=\"product-description\">\n<ul>\n<li>Produit 100% l\u00e9gal dans l&#039;Union Europ\u00e9enne, conforme \u00e0 la r\u00e9glementation en vigueur sur le THC.<\/li>\n<li>Naturel, sans pesticides ni additifs chimiques, garantissant une consommation s\u00fbre et saine.<\/li>\n<li>Test\u00e9 dans des laboratoires certifi\u00e9s pour garantir une puret\u00e9 et une qualit\u00e9 maximales.<\/li>\n<li>Une livraison rapide et un service professionnel accompagnent chaque achat.<\/li>\n<li>Achat s\u00e9curis\u00e9 et support sp\u00e9cialis\u00e9 pour r\u00e9soudre toutes vos questions.<\/li>\n<\/ul>\n<p>Lyf Labs s&#039;engage \u00e0 proposer des produits alliant tradition, innovation et qualit\u00e9 sup\u00e9rieure. <span style=\"font-weight: 400\"><strong>Hash CBD Cidre dor\u00e9 glac\u00e9<\/strong><\/span>\u00a0C&#039;est un choix exceptionnel pour ceux qui recherchent un haschisch artisanal au profil moderne et \u00e0 l&#039;exp\u00e9rience utilisateur unique. Faites-nous confiance pour ajouter \u00e0 votre collection ou \u00e0 votre catalogue un produit qui se distingue par son authenticit\u00e9, sa saveur et sa fiabilit\u00e9.<\/p>\n<p>&nbsp;<\/p>\n<p><span style=\"font-size: 1.7em;font-weight: bold\">Lyf Labs, c&#039;est de la qualit\u00e9<\/span><\/p>\n<\/section>\n<p>The Lyf Labs repr\u00e9sente l&#039;excellence sur le march\u00e9 de gros des cannabino\u00efdes, proposant des produits innovants, s\u00fbrs et d&#039;une grande puret\u00e9 aux boutiques sp\u00e9cialis\u00e9es et aux distributeurs. Nous nous effor\u00e7ons de r\u00e9pondre aux besoins d&#039;un secteur professionnel en qu\u00eate de qualit\u00e9 constante, de tra\u00e7abilit\u00e9 et de prix comp\u00e9titifs. Si vous recherchez un fournisseur fiable et avant-gardiste, vous trouverez en The Lyf Labs un partenaire strat\u00e9gique pour vous accompagner dans votre croissance sur le march\u00e9 du chanvre.<\/p>","protected":false},"excerpt":{"rendered":"<ul>\n<li>Ce <strong>hacher<\/strong> <span style=\"font-weight: 400\"><strong>Cidre dor\u00e9 glac\u00e9 au CBD <\/strong><\/span>Il est \u00e9labor\u00e9 \u00e0 partir de fleurs fra\u00eeches, congel\u00e9es et extraites \u00e0 froid afin de pr\u00e9server une puret\u00e9 et une concentration en terp\u00e8nes maximales\u00a0:\n<ul>\n<li data-start=\"246\" data-end=\"275\">Texture fine et dor\u00e9e<\/li>\n<li>Produit l\u00e9gal en Espagne\u00a0: THC &lt; 0,31\u00a0g\/L<\/li>\n<\/ul>\n<p>Analyse qualit\u00e9 : cliquez <a href=\"https:\/\/iguanasmoke.com\/analiticas\/\">ici<\/a><\/li>\n<\/ul>","protected":false},"featured_media":17440,"comment_status":"open","ping_status":"closed","template":"","meta":{"_acf_changed":false,"site-sidebar-layout":"default","site-content-layout":"","ast-site-content-layout":"default","site-content-style":"default","site-sidebar-style":"default","ast-global-header-display":"","ast-banner-title-visibility":"","ast-main-header-display":"","ast-hfb-above-header-display":"","ast-hfb-below-header-display":"","ast-hfb-mobile-header-display":"","site-post-title":"","ast-breadcrumbs-content":"","ast-featured-img":"","footer-sml-layout":"","theme-transparent-header-meta":"default","adv-header-id-meta":"","stick-header-meta":"","header-above-stick-meta":"","header-main-stick-meta":"","header-below-stick-meta":"","astra-migrate-meta-layouts":"set","ast-page-background-enabled":"default","ast-page-background-meta":{"desktop":{"background-color":"var(--ast-global-color-4)","background-image":"","background-repeat":"repeat","background-position":"center center","background-size":"auto","background-attachment":"scroll","background-type":"","background-media":"","overlay-type":"","overlay-color":"","overlay-opacity":"","overlay-gradient":""},"tablet":{"background-color":"","background-image":"","background-repeat":"repeat","background-position":"center center","background-size":"auto","background-attachment":"scroll","background-type":"","background-media":"","overlay-type":"","overlay-color":"","overlay-opacity":"","overlay-gradient":""},"mobile":{"background-color":"","background-image":"","background-repeat":"repeat","background-position":"center center","background-size":"auto","background-attachment":"scroll","background-type":"","background-media":"","overlay-type":"","overlay-color":"","overlay-opacity":"","overlay-gradient":""}},"ast-content-background-meta":{"desktop":{"background-color":"var(--ast-global-color-5)","background-image":"","background-repeat":"repeat","background-position":"center center","background-size":"auto","background-attachment":"scroll","background-type":"","background-media":"","overlay-type":"","overlay-color":"","overlay-opacity":"","overlay-gradient":""},"tablet":{"background-color":"var(--ast-global-color-5)","background-image":"","background-repeat":"repeat","background-position":"center center","background-size":"auto","background-attachment":"scroll","background-type":"","background-media":"","overlay-type":"","overlay-color":"","overlay-opacity":"","overlay-gradient":""},"mobile":{"background-color":"var(--ast-global-color-5)","background-image":"","background-repeat":"repeat","background-position":"center center","background-size":"auto","background-attachment":"scroll","background-type":"","background-media":"","overlay-type":"","overlay-color":"","overlay-opacity":"","overlay-gradient":""}}},"product_brand":[],"product_cat":[66],"product_tag":[],"class_list":{"0":"post-12937","1":"product","2":"type-product","3":"status-publish","4":"has-post-thumbnail","6":"product_cat-resinas","7":"desktop-align-center","8":"tablet-align-left","9":"mobile-align-left","11":"first","12":"instock","13":"taxable","14":"shipping-taxable","15":"purchasable","16":"product-type-variable"},"acf":[],"yoast_head":"<!-- This site is optimized with the Yoast SEO plugin v27.4 - https:\/\/yoast.com\/product\/yoast-seo-wordpress\/ -->\n<title>Hash CBD Frozen Golden Cider - Comprar CBD legal al por mayor - THE LYF LABS<\/title>\n<meta name=\"description\" content=\"Compra Hash CBD Frozen Golden Cider al por mayor. Producto legal en la UE. Descuentos para mayoristas y distribuidores de CBD legal\" \/>\n<meta name=\"robots\" content=\"index, follow, max-snippet:-1, max-image-preview:large, max-video-preview:-1\" \/>\n<link rel=\"canonical\" href=\"https:\/\/thelyflabs.com\/fr\/product\/hash-cbd-frozen-cider\/\" \/>\n<meta property=\"og:locale\" content=\"fr_FR\" \/>\n<meta property=\"og:type\" content=\"article\" \/>\n<meta property=\"og:title\" content=\"Hash CBD Frozen Golden Cider - Comprar CBD legal al por mayor - THE LYF LABS\" \/>\n<meta property=\"og:description\" content=\"Compra Hash CBD Frozen Golden Cider al por mayor. Producto legal en la UE. Descuentos para mayoristas y distribuidores de CBD legal\" \/>\n<meta property=\"og:url\" content=\"https:\/\/thelyflabs.com\/fr\/product\/hash-cbd-frozen-cider\/\" \/>\n<meta property=\"og:site_name\" content=\"THE LYF LABS\" \/>\n<meta property=\"article:modified_time\" content=\"2026-03-19T14:28:45+00:00\" \/>\n<meta property=\"og:image\" content=\"https:\/\/thelyflabs.com\/wp-content\/uploads\/2025\/07\/Frozen-2g-con-hash.webp\" \/>\n\t<meta property=\"og:image:width\" content=\"1000\" \/>\n\t<meta property=\"og:image:height\" content=\"1000\" \/>\n\t<meta property=\"og:image:type\" content=\"image\/webp\" \/>\n<meta name=\"twitter:card\" content=\"summary_large_image\" \/>\n<meta name=\"twitter:label1\" content=\"Dur\u00e9e de lecture estim\u00e9e\" \/>\n\t<meta name=\"twitter:data1\" content=\"4 minutes\" \/>\n<script type=\"application\/ld+json\" class=\"yoast-schema-graph\">{\"@context\":\"https:\\\/\\\/schema.org\",\"@graph\":[{\"@type\":\"WebPage\",\"@id\":\"https:\\\/\\\/thelyflabs.com\\\/product\\\/hash-cbd-frozen-cider\",\"url\":\"https:\\\/\\\/thelyflabs.com\\\/product\\\/hash-cbd-frozen-cider\",\"name\":\"Hash CBD Frozen Golden Cider - Comprar CBD legal al por mayor - THE LYF LABS\",\"isPartOf\":{\"@id\":\"https:\\\/\\\/thelyflabs.com\\\/#website\"},\"primaryImageOfPage\":{\"@id\":\"https:\\\/\\\/thelyflabs.com\\\/product\\\/hash-cbd-frozen-cider#primaryimage\"},\"image\":{\"@id\":\"https:\\\/\\\/thelyflabs.com\\\/product\\\/hash-cbd-frozen-cider#primaryimage\"},\"thumbnailUrl\":\"https:\\\/\\\/thelyflabs.com\\\/wp-content\\\/uploads\\\/2025\\\/07\\\/Frozen-2g-con-hash.webp\",\"datePublished\":\"2025-07-16T19:05:09+00:00\",\"dateModified\":\"2026-03-19T14:28:45+00:00\",\"description\":\"Compra Hash CBD Frozen Golden Cider al por mayor. Producto legal en la UE. Descuentos para mayoristas y distribuidores de CBD legal\",\"breadcrumb\":{\"@id\":\"https:\\\/\\\/thelyflabs.com\\\/product\\\/hash-cbd-frozen-cider#breadcrumb\"},\"inLanguage\":\"fr-FR\",\"potentialAction\":[{\"@type\":\"ReadAction\",\"target\":[\"https:\\\/\\\/thelyflabs.com\\\/product\\\/hash-cbd-frozen-cider\"]}]},{\"@type\":\"ImageObject\",\"inLanguage\":\"fr-FR\",\"@id\":\"https:\\\/\\\/thelyflabs.com\\\/product\\\/hash-cbd-frozen-cider#primaryimage\",\"url\":\"https:\\\/\\\/thelyflabs.com\\\/wp-content\\\/uploads\\\/2025\\\/07\\\/Frozen-2g-con-hash.webp\",\"contentUrl\":\"https:\\\/\\\/thelyflabs.com\\\/wp-content\\\/uploads\\\/2025\\\/07\\\/Frozen-2g-con-hash.webp\",\"width\":1000,\"height\":1000,\"caption\":\"Hash CBD Frozen Golden 2g\"},{\"@type\":\"BreadcrumbList\",\"@id\":\"https:\\\/\\\/thelyflabs.com\\\/product\\\/hash-cbd-frozen-cider#breadcrumb\",\"itemListElement\":[{\"@type\":\"ListItem\",\"position\":1,\"name\":\"Portada\",\"item\":\"https:\\\/\\\/thelyflabs.com\\\/\"},{\"@type\":\"ListItem\",\"position\":2,\"name\":\"Tienda\",\"item\":\"https:\\\/\\\/thelyflabs.com\\\/tienda\"},{\"@type\":\"ListItem\",\"position\":3,\"name\":\"Hash CBD Frozen Golden Cider\"}]},{\"@type\":\"WebSite\",\"@id\":\"https:\\\/\\\/thelyflabs.com\\\/#website\",\"url\":\"https:\\\/\\\/thelyflabs.com\\\/\",\"name\":\"The LYF Labs\",\"description\":\"CBD al por mayor\",\"publisher\":{\"@id\":\"https:\\\/\\\/thelyflabs.com\\\/#organization\"},\"potentialAction\":[{\"@type\":\"SearchAction\",\"target\":{\"@type\":\"EntryPoint\",\"urlTemplate\":\"https:\\\/\\\/thelyflabs.com\\\/?s={search_term_string}\"},\"query-input\":{\"@type\":\"PropertyValueSpecification\",\"valueRequired\":true,\"valueName\":\"search_term_string\"}}],\"inLanguage\":\"fr-FR\"},{\"@type\":\"Organization\",\"@id\":\"https:\\\/\\\/thelyflabs.com\\\/#organization\",\"name\":\"The LYF Labs\",\"url\":\"https:\\\/\\\/thelyflabs.com\\\/\",\"logo\":{\"@type\":\"ImageObject\",\"inLanguage\":\"fr-FR\",\"@id\":\"https:\\\/\\\/thelyflabs.com\\\/#\\\/schema\\\/logo\\\/image\\\/\",\"url\":\"https:\\\/\\\/thelyflabs.com\\\/wp-content\\\/uploads\\\/2023\\\/01\\\/cropped-LogoTheLYFLabs.png\",\"contentUrl\":\"https:\\\/\\\/thelyflabs.com\\\/wp-content\\\/uploads\\\/2023\\\/01\\\/cropped-LogoTheLYFLabs.png\",\"width\":600,\"height\":180,\"caption\":\"The LYF Labs\"},\"image\":{\"@id\":\"https:\\\/\\\/thelyflabs.com\\\/#\\\/schema\\\/logo\\\/image\\\/\"}}]}<\/script>\n<!-- \/ Yoast SEO plugin. -->","yoast_head_json":{"title":"Hash CBD Frozen Golden Cider - Comprar CBD legal al por mayor - THE LYF LABS","description":"Compra Hash CBD Frozen Golden Cider al por mayor. Producto legal en la UE. Descuentos para mayoristas y distribuidores de CBD legal","robots":{"index":"index","follow":"follow","max-snippet":"max-snippet:-1","max-image-preview":"max-image-preview:large","max-video-preview":"max-video-preview:-1"},"canonical":"https:\/\/thelyflabs.com\/fr\/product\/hash-cbd-frozen-cider\/","og_locale":"fr_FR","og_type":"article","og_title":"Hash CBD Frozen Golden Cider - Comprar CBD legal al por mayor - THE LYF LABS","og_description":"Compra Hash CBD Frozen Golden Cider al por mayor. Producto legal en la UE. Descuentos para mayoristas y distribuidores de CBD legal","og_url":"https:\/\/thelyflabs.com\/fr\/product\/hash-cbd-frozen-cider\/","og_site_name":"THE LYF LABS","article_modified_time":"2026-03-19T14:28:45+00:00","og_image":[{"width":1000,"height":1000,"url":"https:\/\/thelyflabs.com\/wp-content\/uploads\/2025\/07\/Frozen-2g-con-hash.webp","type":"image\/webp"}],"twitter_card":"summary_large_image","twitter_misc":{"Dur\u00e9e de lecture estim\u00e9e":"4 minutes"},"schema":{"@context":"https:\/\/schema.org","@graph":[{"@type":"WebPage","@id":"https:\/\/thelyflabs.com\/product\/hash-cbd-frozen-cider","url":"https:\/\/thelyflabs.com\/product\/hash-cbd-frozen-cider","name":"Hash CBD Frozen Golden Cider - Comprar CBD legal al por mayor - THE LYF LABS","isPartOf":{"@id":"https:\/\/thelyflabs.com\/#website"},"primaryImageOfPage":{"@id":"https:\/\/thelyflabs.com\/product\/hash-cbd-frozen-cider#primaryimage"},"image":{"@id":"https:\/\/thelyflabs.com\/product\/hash-cbd-frozen-cider#primaryimage"},"thumbnailUrl":"https:\/\/thelyflabs.com\/wp-content\/uploads\/2025\/07\/Frozen-2g-con-hash.webp","datePublished":"2025-07-16T19:05:09+00:00","dateModified":"2026-03-19T14:28:45+00:00","description":"Compra Hash CBD Frozen Golden Cider al por mayor. Producto legal en la UE. Descuentos para mayoristas y distribuidores de CBD legal","breadcrumb":{"@id":"https:\/\/thelyflabs.com\/product\/hash-cbd-frozen-cider#breadcrumb"},"inLanguage":"fr-FR","potentialAction":[{"@type":"ReadAction","target":["https:\/\/thelyflabs.com\/product\/hash-cbd-frozen-cider"]}]},{"@type":"ImageObject","inLanguage":"fr-FR","@id":"https:\/\/thelyflabs.com\/product\/hash-cbd-frozen-cider#primaryimage","url":"https:\/\/thelyflabs.com\/wp-content\/uploads\/2025\/07\/Frozen-2g-con-hash.webp","contentUrl":"https:\/\/thelyflabs.com\/wp-content\/uploads\/2025\/07\/Frozen-2g-con-hash.webp","width":1000,"height":1000,"caption":"Hash CBD Frozen Golden 2g"},{"@type":"BreadcrumbList","@id":"https:\/\/thelyflabs.com\/product\/hash-cbd-frozen-cider#breadcrumb","itemListElement":[{"@type":"ListItem","position":1,"name":"Portada","item":"https:\/\/thelyflabs.com\/"},{"@type":"ListItem","position":2,"name":"Tienda","item":"https:\/\/thelyflabs.com\/tienda"},{"@type":"ListItem","position":3,"name":"Hash CBD Frozen Golden Cider"}]},{"@type":"WebSite","@id":"https:\/\/thelyflabs.com\/#website","url":"https:\/\/thelyflabs.com\/","name":"Les laboratoires LYF","description":"Vente en gros de CBD","publisher":{"@id":"https:\/\/thelyflabs.com\/#organization"},"potentialAction":[{"@type":"SearchAction","target":{"@type":"EntryPoint","urlTemplate":"https:\/\/thelyflabs.com\/?s={search_term_string}"},"query-input":{"@type":"PropertyValueSpecification","valueRequired":true,"valueName":"search_term_string"}}],"inLanguage":"fr-FR"},{"@type":"Organization","@id":"https:\/\/thelyflabs.com\/#organization","name":"Les laboratoires LYF","url":"https:\/\/thelyflabs.com\/","logo":{"@type":"ImageObject","inLanguage":"fr-FR","@id":"https:\/\/thelyflabs.com\/#\/schema\/logo\/image\/","url":"https:\/\/thelyflabs.com\/wp-content\/uploads\/2023\/01\/cropped-LogoTheLYFLabs.png","contentUrl":"https:\/\/thelyflabs.com\/wp-content\/uploads\/2023\/01\/cropped-LogoTheLYFLabs.png","width":600,"height":180,"caption":"The LYF Labs"},"image":{"@id":"https:\/\/thelyflabs.com\/#\/schema\/logo\/image\/"}}]}},"_links":{"self":[{"href":"https:\/\/thelyflabs.com\/fr\/wp-json\/wp\/v2\/product\/12937","targetHints":{"allow":["GET"]}}],"collection":[{"href":"https:\/\/thelyflabs.com\/fr\/wp-json\/wp\/v2\/product"}],"about":[{"href":"https:\/\/thelyflabs.com\/fr\/wp-json\/wp\/v2\/types\/product"}],"replies":[{"embeddable":true,"href":"https:\/\/thelyflabs.com\/fr\/wp-json\/wp\/v2\/comments?post=12937"}],"wp:featuredmedia":[{"embeddable":true,"href":"https:\/\/thelyflabs.com\/fr\/wp-json\/wp\/v2\/media\/17440"}],"wp:attachment":[{"href":"https:\/\/thelyflabs.com\/fr\/wp-json\/wp\/v2\/media?parent=12937"}],"wp:term":[{"taxonomy":"product_brand","embeddable":true,"href":"https:\/\/thelyflabs.com\/fr\/wp-json\/wp\/v2\/product_brand?post=12937"},{"taxonomy":"product_cat","embeddable":true,"href":"https:\/\/thelyflabs.com\/fr\/wp-json\/wp\/v2\/product_cat?post=12937"},{"taxonomy":"product_tag","embeddable":true,"href":"https:\/\/thelyflabs.com\/fr\/wp-json\/wp\/v2\/product_tag?post=12937"}],"curies":[{"name":"wp","href":"https:\/\/api.w.org\/{rel}","templated":true}]}}