{"id":12951,"date":"2025-07-16T21:04:52","date_gmt":"2025-07-16T19:04:52","guid":{"rendered":"https:\/\/thelyflabs.com\/?post_type=product&#038;p=12951"},"modified":"2026-03-19T15:31:35","modified_gmt":"2026-03-19T14:31:35","slug":"hash-cbd-kiwi-creams","status":"publish","type":"product","link":"https:\/\/thelyflabs.com\/fr\/product\/hash-cbd-kiwi-creams","title":{"rendered":"Cr\u00e8me de kiwi au CBD et haschisch"},"content":{"rendered":"<h1><span style=\"font-weight: 400\">Kiwi Cream Hash 30% CBD\u00a0: Le haschisch de haute qualit\u00e9 le plus fruit\u00e9<\/span><\/h1>\n<p data-start=\"178\" data-end=\"443\">D\u00e9couvrez la saveur exotique et \u00e9quilibr\u00e9e de Kiwi Creams, un haschisch CBD premium au profil aromatique unique m\u00ealant des notes de kiwi m\u00fbr \u00e0 une base onctueuse et cr\u00e9meuse. Essayez-le d\u00e8s maintenant et laissez-vous s\u00e9duire par ses notes fruit\u00e9es pour une sensation douce, relaxante et agr\u00e9able.<\/p>\n<p data-start=\"445\" data-end=\"681\" data-is-last-node=\"\" data-is-only-node=\"\">Fabriqu\u00e9 \u00e0 partir de chanvre s\u00e9lectionn\u00e9 de premi\u00e8re qualit\u00e9, Kiwi Creams se distingue par sa texture douce et r\u00e9sineuse, sa concentration \u00e9lev\u00e9e en CBD et son profil terp\u00e9nique naturel, ce qui en fait un choix id\u00e9al pour ceux qui recherchent la qualit\u00e9, la saveur et le bien-\u00eatre.<\/p>\n<h2>Caract\u00e9ristiques de la cr\u00e8me Hash CBD Kiwi 30%\u00a0:<\/h2>\n<ul>\n<li>Aspect et texture : <span style=\"font-weight: 400\">Son apparence vous invite \u00e0 appr\u00e9cier sa sensation <strong>mall\u00e9able, r\u00e9sineux et facile \u00e0 manipuler<\/strong>. D&#039;apparence <strong>doux, compact et l\u00e9g\u00e8rement gras<\/strong> avec une teinte brun clair qui r\u00e9v\u00e8le sa puret\u00e9.\u00a0<\/span><\/li>\n<li><span style=\"font-size: 16px;font-weight: 400\"><strong>Ar\u00f4me et saveur :<\/strong> L&#039;ar\u00f4me est <strong>exotique<\/strong>L&#039;un de ses principaux attraits est la combinaison de marques <strong>notes fruit\u00e9es de kiwi m\u00fbr<\/strong>, <strong>notes d&#039;agrumes<\/strong> et un fond avec un c<strong>texture douce et miell\u00e9e<\/strong> ce qui en fera l&#039;un de vos hashtags pr\u00e9f\u00e9r\u00e9s.<\/span><\/li>\n<li><span style=\"font-size: 16px;font-weight: 400\"><strong>Origine et puret\u00e9 :<\/strong> Cette r\u00e9sine est obtenue \u00e0 partir de fleurs de chanvre par un proc\u00e9d\u00e9 d&#039;extraction m\u00e9canique, sans solvants ni produits chimiques. Cette m\u00e9thode pr\u00e9serve les trichomes et conserve intacts les terp\u00e8nes naturels de la plante, responsables de son ar\u00f4me distinctif. Essentiel pour ceux qui recherchent <strong>CBD pas cher<\/strong> mais ils ne veulent pas faire de compromis sur la qualit\u00e9 de <strong>Cr\u00e8me CBD Hash Kiwi 30%.<\/strong><\/span><\/li>\n<\/ul>\n<p>&nbsp;<\/p>\n<h3>Comment est-il fabriqu\u00e9 ?<\/h3>\n<p>Les cr\u00e8mes de kiwi sont obtenues \u00e0 partir de fleurs de chanvre soigneusement trait\u00e9es gr\u00e2ce \u00e0 un proc\u00e9d\u00e9 d&#039;extraction m\u00e9canique, sans solvants ni produits chimiques. Cette m\u00e9thode pr\u00e9serve les trichomes et pr\u00e9serve les terp\u00e8nes naturels de la plante, responsables de son ar\u00f4me distinctif.<\/p>\n<h3>Emballage et pr\u00e9sentation<\/h3>\n<p data-start=\"168\" data-end=\"445\">Le haschisch CBD Kiwi Creams est pr\u00e9sent\u00e9 dans un pot en verre herm\u00e9tique et r\u00e9utilisable, con\u00e7u pour pr\u00e9server l&#039;ar\u00f4me, la texture et la fra\u00eecheur du produit plus longtemps. Disponible en formats de 2 g, 5 g et 10 g, vous pouvez choisir celui qui vous convient le mieux. Nous vous recommandons de conserver le produit dans un endroit frais et sec, \u00e0 l&#039;abri de la lumi\u00e8re directe.<\/p>\n<h3 data-start=\"168\" data-end=\"445\">Effets attendus du Kiwi Creams Hash CBD<\/h3>\n<p data-start=\"153\" data-end=\"495\">Gr\u00e2ce \u00e0 sa combinaison de CBD et de terp\u00e8nes naturels, les cr\u00e8mes Kiwi sont associ\u00e9es \u00e0 des moments de d\u00e9tente, de bonne humeur et de sensation de bien-\u00eatre, comme certains l&#039;indiquent. <a href=\"https:\/\/pubmed.ncbi.nlm.nih.gov\/38924898\/\">\u00e9tudes.<\/a><\/p>\n<p data-start=\"153\" data-end=\"495\"><strong>Remarque importante\u00a0:<\/strong> Ce contenu est fourni \u00e0 titre informatif uniquement et ne remplace pas l&#039;avis d&#039;un professionnel de sant\u00e9. Tenir le produit hors de port\u00e9e des enfants et le conserver correctement pour garantir sa qualit\u00e9.<\/p>\n<p>&nbsp;<\/p>\n<section class=\"product-description\">\n<h2>Qualit\u00e9 et s\u00e9curit\u00e9<\/h2>\n<p>Dans <strong>Les laboratoires Lyf<\/strong>, nous garantissons que chaque lot de <span style=\"font-weight: 400\"><strong>Cr\u00e8me de kiwi au CBD et haschisch<\/strong><\/span>\u00a0Ce produit fait l&#039;objet d&#039;analyses rigoureuses en laboratoire afin de confirmer sa puret\u00e9, l&#039;absence de pesticides et un taux de THC l\u00e9gal (inf\u00e9rieur \u00e0 0,31 g\/L). Notre engagement envers la qualit\u00e9 et la s\u00e9curit\u00e9 nous permet de proposer un produit fiable, adapt\u00e9 \u00e0 tous les consommateurs soucieux de l\u00e9galit\u00e9 et d&#039;excellence.<\/p>\n<p>&nbsp;<\/p>\n<p><span style=\"font-size: 1.7em;font-weight: bold\">Pourquoi acheter <span style=\"font-weight: 400\"><strong>Cr\u00e8me de kiwi au CBD et haschisch<\/strong><\/span>\u00a0chez Lyf Labs ?<\/span><\/p>\n<\/section>\n<section class=\"product-description\">\n<ul>\n<li>Produit 100% l\u00e9gal dans l&#039;Union Europ\u00e9enne, conforme \u00e0 la r\u00e9glementation en vigueur sur le THC.<\/li>\n<li>Naturel, sans pesticides ni additifs chimiques, garantissant une consommation s\u00fbre et saine.<\/li>\n<li>Test\u00e9 dans des laboratoires certifi\u00e9s pour garantir une puret\u00e9 et une qualit\u00e9 maximales.<\/li>\n<li>Une livraison rapide et un service professionnel accompagnent chaque achat.<\/li>\n<li>Achat s\u00e9curis\u00e9 et support sp\u00e9cialis\u00e9 pour r\u00e9soudre toutes vos questions.<\/li>\n<\/ul>\n<p>Lyf Labs s&#039;engage \u00e0 proposer des produits alliant tradition, innovation et qualit\u00e9 sup\u00e9rieure. <span style=\"font-weight: 400\"><strong>Cr\u00e8me de kiwi au CBD et haschisch<\/strong><\/span>\u00a0C&#039;est un choix exceptionnel pour ceux qui recherchent un haschisch artisanal au profil moderne et \u00e0 l&#039;exp\u00e9rience utilisateur unique. Faites-nous confiance pour ajouter \u00e0 votre collection ou \u00e0 votre catalogue un produit qui se distingue par son authenticit\u00e9, sa saveur et sa fiabilit\u00e9.<\/p>\n<p>&nbsp;<\/p>\n<p><span style=\"font-size: 1.7em;font-weight: bold\">Lyf Labs, c&#039;est de la qualit\u00e9<\/span><\/p>\n<\/section>\n<p>The Lyf Labs repr\u00e9sente l&#039;excellence sur le march\u00e9 de gros des cannabino\u00efdes, proposant des produits innovants, s\u00fbrs et d&#039;une grande puret\u00e9 aux boutiques sp\u00e9cialis\u00e9es et aux distributeurs. Nous nous effor\u00e7ons de r\u00e9pondre aux besoins d&#039;un secteur professionnel en qu\u00eate de qualit\u00e9 constante, de tra\u00e7abilit\u00e9 et de prix comp\u00e9titifs. Si vous recherchez un fournisseur fiable et avant-gardiste, vous trouverez en The Lyf Labs un partenaire strat\u00e9gique pour vous accompagner dans votre croissance sur le march\u00e9 du chanvre.<\/p>","protected":false},"excerpt":{"rendered":"<ul>\n<li data-start=\"165\" data-end=\"194\">D\u00e9couvrez notre CBD Cr\u00e8me de Kiwi <span style=\"font-weight: 400\"><span style=\"font-size: 16px;font-weight: 400\"><strong>30%<\/strong><\/span><\/span>, une r\u00e9sine de CBD qui se distingue par son ar\u00f4me fruit\u00e9 de kiwi avec des notes cr\u00e9meuses.\n<ul>\n<li data-start=\"235\" data-end=\"281\">Texture douce et r\u00e9sineuse et facile \u00e0 manipuler<\/li>\n<li data-start=\"284\" data-end=\"312\">Riche en terp\u00e8nes naturels<\/li>\n<li data-start=\"315\" data-end=\"355\">Produit l\u00e9gal en Espagne\u00a0: THC &lt; 0,31\u00a0g\/L<\/li>\n<\/ul>\n<p>Analyse qualit\u00e9 : cliquez <a href=\"https:\/\/iguanasmoke.com\/analiticas\/\">ici<\/a><\/li>\n<\/ul>","protected":false},"featured_media":17449,"comment_status":"open","ping_status":"closed","template":"","meta":{"_acf_changed":false,"site-sidebar-layout":"default","site-content-layout":"","ast-site-content-layout":"default","site-content-style":"default","site-sidebar-style":"default","ast-global-header-display":"","ast-banner-title-visibility":"","ast-main-header-display":"","ast-hfb-above-header-display":"","ast-hfb-below-header-display":"","ast-hfb-mobile-header-display":"","site-post-title":"","ast-breadcrumbs-content":"","ast-featured-img":"","footer-sml-layout":"","theme-transparent-header-meta":"default","adv-header-id-meta":"","stick-header-meta":"","header-above-stick-meta":"","header-main-stick-meta":"","header-below-stick-meta":"","astra-migrate-meta-layouts":"set","ast-page-background-enabled":"default","ast-page-background-meta":{"desktop":{"background-color":"var(--ast-global-color-4)","background-image":"","background-repeat":"repeat","background-position":"center center","background-size":"auto","background-attachment":"scroll","background-type":"","background-media":"","overlay-type":"","overlay-color":"","overlay-opacity":"","overlay-gradient":""},"tablet":{"background-color":"","background-image":"","background-repeat":"repeat","background-position":"center center","background-size":"auto","background-attachment":"scroll","background-type":"","background-media":"","overlay-type":"","overlay-color":"","overlay-opacity":"","overlay-gradient":""},"mobile":{"background-color":"","background-image":"","background-repeat":"repeat","background-position":"center center","background-size":"auto","background-attachment":"scroll","background-type":"","background-media":"","overlay-type":"","overlay-color":"","overlay-opacity":"","overlay-gradient":""}},"ast-content-background-meta":{"desktop":{"background-color":"var(--ast-global-color-5)","background-image":"","background-repeat":"repeat","background-position":"center center","background-size":"auto","background-attachment":"scroll","background-type":"","background-media":"","overlay-type":"","overlay-color":"","overlay-opacity":"","overlay-gradient":""},"tablet":{"background-color":"var(--ast-global-color-5)","background-image":"","background-repeat":"repeat","background-position":"center center","background-size":"auto","background-attachment":"scroll","background-type":"","background-media":"","overlay-type":"","overlay-color":"","overlay-opacity":"","overlay-gradient":""},"mobile":{"background-color":"var(--ast-global-color-5)","background-image":"","background-repeat":"repeat","background-position":"center center","background-size":"auto","background-attachment":"scroll","background-type":"","background-media":"","overlay-type":"","overlay-color":"","overlay-opacity":"","overlay-gradient":""}}},"product_brand":[],"product_cat":[66],"product_tag":[],"class_list":{"0":"post-12951","1":"product","2":"type-product","3":"status-publish","4":"has-post-thumbnail","6":"product_cat-resinas","7":"desktop-align-center","8":"tablet-align-left","9":"mobile-align-left","11":"first","12":"instock","13":"taxable","14":"shipping-taxable","15":"purchasable","16":"product-type-variable"},"acf":[],"yoast_head":"<!-- This site is optimized with the Yoast SEO plugin v27.3 - https:\/\/yoast.com\/product\/yoast-seo-wordpress\/ -->\n<title>Hash CBD Kiwi Cream - THE LYF LABS<\/title>\n<meta name=\"description\" content=\"Descubre Kiwi Creams, hash CBD premium con aroma frutal y textura suave. Legal en Espa\u00f1a. Precios exclusivos para mayoristas. Compra segura y r\u00e1pida.\" \/>\n<meta name=\"robots\" content=\"index, follow, max-snippet:-1, max-image-preview:large, max-video-preview:-1\" \/>\n<link rel=\"canonical\" href=\"https:\/\/thelyflabs.com\/fr\/product\/hash-cbd-kiwi-creams\/\" \/>\n<meta property=\"og:locale\" content=\"fr_FR\" \/>\n<meta property=\"og:type\" content=\"article\" \/>\n<meta property=\"og:title\" content=\"Hash CBD Kiwi Cream - THE LYF LABS\" \/>\n<meta property=\"og:description\" content=\"Descubre Kiwi Creams, hash CBD premium con aroma frutal y textura suave. Legal en Espa\u00f1a. Precios exclusivos para mayoristas. Compra segura y r\u00e1pida.\" \/>\n<meta property=\"og:url\" content=\"https:\/\/thelyflabs.com\/fr\/product\/hash-cbd-kiwi-creams\/\" \/>\n<meta property=\"og:site_name\" content=\"THE LYF LABS\" \/>\n<meta property=\"article:modified_time\" content=\"2026-03-19T14:31:35+00:00\" \/>\n<meta property=\"og:image\" content=\"https:\/\/thelyflabs.com\/wp-content\/uploads\/2025\/07\/Kiwi-2g-con-hash.webp\" \/>\n\t<meta property=\"og:image:width\" content=\"1000\" \/>\n\t<meta property=\"og:image:height\" content=\"1000\" \/>\n\t<meta property=\"og:image:type\" content=\"image\/webp\" \/>\n<meta name=\"twitter:card\" content=\"summary_large_image\" \/>\n<meta name=\"twitter:label1\" content=\"Dur\u00e9e de lecture estim\u00e9e\" \/>\n\t<meta name=\"twitter:data1\" content=\"4 minutes\" \/>\n<script type=\"application\/ld+json\" class=\"yoast-schema-graph\">{\"@context\":\"https:\\\/\\\/schema.org\",\"@graph\":[{\"@type\":\"WebPage\",\"@id\":\"https:\\\/\\\/thelyflabs.com\\\/product\\\/hash-cbd-kiwi-creams\",\"url\":\"https:\\\/\\\/thelyflabs.com\\\/product\\\/hash-cbd-kiwi-creams\",\"name\":\"Hash CBD Kiwi Cream - THE LYF LABS\",\"isPartOf\":{\"@id\":\"https:\\\/\\\/thelyflabs.com\\\/#website\"},\"primaryImageOfPage\":{\"@id\":\"https:\\\/\\\/thelyflabs.com\\\/product\\\/hash-cbd-kiwi-creams#primaryimage\"},\"image\":{\"@id\":\"https:\\\/\\\/thelyflabs.com\\\/product\\\/hash-cbd-kiwi-creams#primaryimage\"},\"thumbnailUrl\":\"https:\\\/\\\/thelyflabs.com\\\/wp-content\\\/uploads\\\/2025\\\/07\\\/Kiwi-2g-con-hash.webp\",\"datePublished\":\"2025-07-16T19:04:52+00:00\",\"dateModified\":\"2026-03-19T14:31:35+00:00\",\"description\":\"Descubre Kiwi Creams, hash CBD premium con aroma frutal y textura suave. Legal en Espa\u00f1a. Precios exclusivos para mayoristas. Compra segura y r\u00e1pida.\",\"breadcrumb\":{\"@id\":\"https:\\\/\\\/thelyflabs.com\\\/product\\\/hash-cbd-kiwi-creams#breadcrumb\"},\"inLanguage\":\"fr-FR\",\"potentialAction\":[{\"@type\":\"ReadAction\",\"target\":[\"https:\\\/\\\/thelyflabs.com\\\/product\\\/hash-cbd-kiwi-creams\"]}]},{\"@type\":\"ImageObject\",\"inLanguage\":\"fr-FR\",\"@id\":\"https:\\\/\\\/thelyflabs.com\\\/product\\\/hash-cbd-kiwi-creams#primaryimage\",\"url\":\"https:\\\/\\\/thelyflabs.com\\\/wp-content\\\/uploads\\\/2025\\\/07\\\/Kiwi-2g-con-hash.webp\",\"contentUrl\":\"https:\\\/\\\/thelyflabs.com\\\/wp-content\\\/uploads\\\/2025\\\/07\\\/Kiwi-2g-con-hash.webp\",\"width\":1000,\"height\":1000,\"caption\":\"Hash CBD Kiwi Cream 2g\"},{\"@type\":\"BreadcrumbList\",\"@id\":\"https:\\\/\\\/thelyflabs.com\\\/product\\\/hash-cbd-kiwi-creams#breadcrumb\",\"itemListElement\":[{\"@type\":\"ListItem\",\"position\":1,\"name\":\"Portada\",\"item\":\"https:\\\/\\\/thelyflabs.com\\\/\"},{\"@type\":\"ListItem\",\"position\":2,\"name\":\"Tienda\",\"item\":\"https:\\\/\\\/thelyflabs.com\\\/tienda\"},{\"@type\":\"ListItem\",\"position\":3,\"name\":\"Hash CBD Kiwi Cream\"}]},{\"@type\":\"WebSite\",\"@id\":\"https:\\\/\\\/thelyflabs.com\\\/#website\",\"url\":\"https:\\\/\\\/thelyflabs.com\\\/\",\"name\":\"The LYF Labs\",\"description\":\"CBD al por mayor\",\"publisher\":{\"@id\":\"https:\\\/\\\/thelyflabs.com\\\/#organization\"},\"potentialAction\":[{\"@type\":\"SearchAction\",\"target\":{\"@type\":\"EntryPoint\",\"urlTemplate\":\"https:\\\/\\\/thelyflabs.com\\\/?s={search_term_string}\"},\"query-input\":{\"@type\":\"PropertyValueSpecification\",\"valueRequired\":true,\"valueName\":\"search_term_string\"}}],\"inLanguage\":\"fr-FR\"},{\"@type\":\"Organization\",\"@id\":\"https:\\\/\\\/thelyflabs.com\\\/#organization\",\"name\":\"The LYF Labs\",\"url\":\"https:\\\/\\\/thelyflabs.com\\\/\",\"logo\":{\"@type\":\"ImageObject\",\"inLanguage\":\"fr-FR\",\"@id\":\"https:\\\/\\\/thelyflabs.com\\\/#\\\/schema\\\/logo\\\/image\\\/\",\"url\":\"https:\\\/\\\/thelyflabs.com\\\/wp-content\\\/uploads\\\/2023\\\/01\\\/cropped-LogoTheLYFLabs.png\",\"contentUrl\":\"https:\\\/\\\/thelyflabs.com\\\/wp-content\\\/uploads\\\/2023\\\/01\\\/cropped-LogoTheLYFLabs.png\",\"width\":600,\"height\":180,\"caption\":\"The LYF Labs\"},\"image\":{\"@id\":\"https:\\\/\\\/thelyflabs.com\\\/#\\\/schema\\\/logo\\\/image\\\/\"}}]}<\/script>\n<!-- \/ Yoast SEO plugin. -->","yoast_head_json":{"title":"Hash CBD Kiwi Cream - THE LYF LABS","description":"Descubre Kiwi Creams, hash CBD premium con aroma frutal y textura suave. Legal en Espa\u00f1a. Precios exclusivos para mayoristas. Compra segura y r\u00e1pida.","robots":{"index":"index","follow":"follow","max-snippet":"max-snippet:-1","max-image-preview":"max-image-preview:large","max-video-preview":"max-video-preview:-1"},"canonical":"https:\/\/thelyflabs.com\/fr\/product\/hash-cbd-kiwi-creams\/","og_locale":"fr_FR","og_type":"article","og_title":"Hash CBD Kiwi Cream - THE LYF LABS","og_description":"Descubre Kiwi Creams, hash CBD premium con aroma frutal y textura suave. Legal en Espa\u00f1a. Precios exclusivos para mayoristas. Compra segura y r\u00e1pida.","og_url":"https:\/\/thelyflabs.com\/fr\/product\/hash-cbd-kiwi-creams\/","og_site_name":"THE LYF LABS","article_modified_time":"2026-03-19T14:31:35+00:00","og_image":[{"width":1000,"height":1000,"url":"https:\/\/thelyflabs.com\/wp-content\/uploads\/2025\/07\/Kiwi-2g-con-hash.webp","type":"image\/webp"}],"twitter_card":"summary_large_image","twitter_misc":{"Dur\u00e9e de lecture estim\u00e9e":"4 minutes"},"schema":{"@context":"https:\/\/schema.org","@graph":[{"@type":"WebPage","@id":"https:\/\/thelyflabs.com\/product\/hash-cbd-kiwi-creams","url":"https:\/\/thelyflabs.com\/product\/hash-cbd-kiwi-creams","name":"Hash CBD Kiwi Cream - THE LYF LABS","isPartOf":{"@id":"https:\/\/thelyflabs.com\/#website"},"primaryImageOfPage":{"@id":"https:\/\/thelyflabs.com\/product\/hash-cbd-kiwi-creams#primaryimage"},"image":{"@id":"https:\/\/thelyflabs.com\/product\/hash-cbd-kiwi-creams#primaryimage"},"thumbnailUrl":"https:\/\/thelyflabs.com\/wp-content\/uploads\/2025\/07\/Kiwi-2g-con-hash.webp","datePublished":"2025-07-16T19:04:52+00:00","dateModified":"2026-03-19T14:31:35+00:00","description":"Descubre Kiwi Creams, hash CBD premium con aroma frutal y textura suave. Legal en Espa\u00f1a. Precios exclusivos para mayoristas. Compra segura y r\u00e1pida.","breadcrumb":{"@id":"https:\/\/thelyflabs.com\/product\/hash-cbd-kiwi-creams#breadcrumb"},"inLanguage":"fr-FR","potentialAction":[{"@type":"ReadAction","target":["https:\/\/thelyflabs.com\/product\/hash-cbd-kiwi-creams"]}]},{"@type":"ImageObject","inLanguage":"fr-FR","@id":"https:\/\/thelyflabs.com\/product\/hash-cbd-kiwi-creams#primaryimage","url":"https:\/\/thelyflabs.com\/wp-content\/uploads\/2025\/07\/Kiwi-2g-con-hash.webp","contentUrl":"https:\/\/thelyflabs.com\/wp-content\/uploads\/2025\/07\/Kiwi-2g-con-hash.webp","width":1000,"height":1000,"caption":"Hash CBD Kiwi Cream 2g"},{"@type":"BreadcrumbList","@id":"https:\/\/thelyflabs.com\/product\/hash-cbd-kiwi-creams#breadcrumb","itemListElement":[{"@type":"ListItem","position":1,"name":"Portada","item":"https:\/\/thelyflabs.com\/"},{"@type":"ListItem","position":2,"name":"Tienda","item":"https:\/\/thelyflabs.com\/tienda"},{"@type":"ListItem","position":3,"name":"Hash CBD Kiwi Cream"}]},{"@type":"WebSite","@id":"https:\/\/thelyflabs.com\/#website","url":"https:\/\/thelyflabs.com\/","name":"Les laboratoires LYF","description":"Vente en gros de CBD","publisher":{"@id":"https:\/\/thelyflabs.com\/#organization"},"potentialAction":[{"@type":"SearchAction","target":{"@type":"EntryPoint","urlTemplate":"https:\/\/thelyflabs.com\/?s={search_term_string}"},"query-input":{"@type":"PropertyValueSpecification","valueRequired":true,"valueName":"search_term_string"}}],"inLanguage":"fr-FR"},{"@type":"Organization","@id":"https:\/\/thelyflabs.com\/#organization","name":"Les laboratoires LYF","url":"https:\/\/thelyflabs.com\/","logo":{"@type":"ImageObject","inLanguage":"fr-FR","@id":"https:\/\/thelyflabs.com\/#\/schema\/logo\/image\/","url":"https:\/\/thelyflabs.com\/wp-content\/uploads\/2023\/01\/cropped-LogoTheLYFLabs.png","contentUrl":"https:\/\/thelyflabs.com\/wp-content\/uploads\/2023\/01\/cropped-LogoTheLYFLabs.png","width":600,"height":180,"caption":"The LYF Labs"},"image":{"@id":"https:\/\/thelyflabs.com\/#\/schema\/logo\/image\/"}}]}},"_links":{"self":[{"href":"https:\/\/thelyflabs.com\/fr\/wp-json\/wp\/v2\/product\/12951","targetHints":{"allow":["GET"]}}],"collection":[{"href":"https:\/\/thelyflabs.com\/fr\/wp-json\/wp\/v2\/product"}],"about":[{"href":"https:\/\/thelyflabs.com\/fr\/wp-json\/wp\/v2\/types\/product"}],"replies":[{"embeddable":true,"href":"https:\/\/thelyflabs.com\/fr\/wp-json\/wp\/v2\/comments?post=12951"}],"wp:featuredmedia":[{"embeddable":true,"href":"https:\/\/thelyflabs.com\/fr\/wp-json\/wp\/v2\/media\/17449"}],"wp:attachment":[{"href":"https:\/\/thelyflabs.com\/fr\/wp-json\/wp\/v2\/media?parent=12951"}],"wp:term":[{"taxonomy":"product_brand","embeddable":true,"href":"https:\/\/thelyflabs.com\/fr\/wp-json\/wp\/v2\/product_brand?post=12951"},{"taxonomy":"product_cat","embeddable":true,"href":"https:\/\/thelyflabs.com\/fr\/wp-json\/wp\/v2\/product_cat?post=12951"},{"taxonomy":"product_tag","embeddable":true,"href":"https:\/\/thelyflabs.com\/fr\/wp-json\/wp\/v2\/product_tag?post=12951"}],"curies":[{"name":"wp","href":"https:\/\/api.w.org\/{rel}","templated":true}]}}