{"id":12973,"date":"2025-07-16T21:02:40","date_gmt":"2025-07-16T19:02:40","guid":{"rendered":"https:\/\/thelyflabs.com\/?post_type=product&#038;p=12973"},"modified":"2026-04-20T09:27:11","modified_gmt":"2026-04-20T07:27:11","slug":"cartucho-desechable-10-oh-amnesia","status":"publish","type":"product","link":"https:\/\/thelyflabs.com\/fr\/product\/cartucho-desechable-10-oh-amnesia","title":{"rendered":"Cartouche jetable 10-OH \u2013 Amnesia"},"content":{"rendered":"<h1>Cartouche jetable 10-OH \u2013 Amnesia\u00a0: activez votre esprit, r\u00e9veillez votre flow<\/h1>\n<p>Activez votre esprit, r\u00e9veillez votre flow ! D\u00e9couvrez la 10-OH au go\u00fbt d&#039;Amnesia, la vari\u00e9t\u00e9 la plus citronn\u00e9e et c\u00e9r\u00e9brale du march\u00e9. Exclusivement chez Iguana Smoke, votre boutique de confiance pour la d\u00e9tente.<\/p>\n<p>La cartouche jetable 10-OH \u2013 Amnesia est, sans aucun doute, un pur concentr\u00e9 de dynamisme. En effet, ce pod pr\u00e9rempli est formul\u00e9 avec du 10-OH (10-hydroxyhydroxycannabinol), un cannabino\u00efde nouvelle g\u00e9n\u00e9ration qui vous propulse au-del\u00e0 des limites sans THC. \u00c0 cela s&#039;ajoute l&#039;ar\u00f4me vibrant du l\u00e9gendaire Amnesia, une vari\u00e9t\u00e9 aux terp\u00e8nes d&#039;agrumes et aux notes herbac\u00e9es capable de revitaliser le corps et l&#039;esprit \u00e0 chaque bouff\u00e9e.<\/p>\n<p>Id\u00e9al pour ceux qui recherchent un regain d&#039;\u00e9nergie mentale sans se sentir lourd ou confus. Respirez un grand bol d&#039;air frais sans quitter le sol.<\/p>\n<h3>Qu&#039;est-ce que 10-OH ?<\/h3>\n<p>Le 10-OH est un m\u00e9tabolite du HHC, une substance produite lors de sa d\u00e9gradation par l&#039;organisme. Ainsi, en laboratoire, il est obtenu par transformation du HHC en sa forme hydroxyl\u00e9e, ce qui donne un cannabino\u00efde plus stable, dot\u00e9 d&#039;une affinit\u00e9 sp\u00e9cifique pour certains r\u00e9cepteurs du syst\u00e8me endocannabino\u00efde.<\/p>\n<p>Bien que les effets puissent varier d\u2019une personne \u00e0 l\u2019autre, les consommateurs qui ont essay\u00e9 le 10-OH (dans les pays o\u00f9 son utilisation est l\u00e9gale) d\u00e9crivent souvent des exp\u00e9riences telles que :<\/p>\n<ul>\n<li>Euphorie mod\u00e9r\u00e9e, sans l\u2019\u00e9tat d\u2019alt\u00e9ration plus intense que le THC peut provoquer.<\/li>\n<li>Relaxation physique, sans produire de sensation de s\u00e9dation excessive.<\/li>\n<li>Clart\u00e9 mentale, qui favorise la concentration ou l&#039;interaction sociale.<\/li>\n<li>Moins d\u2019anxi\u00e9t\u00e9, ce qui en fait une option attrayante pour ceux qui ne tol\u00e8rent pas bien le THC.<\/li>\n<\/ul>\n<p>Par cons\u00e9quent, ces effets placent le 10-OH quelque part entre le HHC et le THC\u00a0: plus intense que le premier, mais plus facile \u00e0 g\u00e9rer que le second. Acheter du 10-OH en ligne est donc l&#039;option la plus s\u00fbre pour profiter d&#039;un high moderne et fonctionnel.<\/p>\n<p>Pour en savoir plus, si vous souhaitez d\u00e9couvrir les diff\u00e9rences entre le 10-OH et d&#039;autres mol\u00e9cules comme le HHC, nous vous invitons \u00e0 visiter notre article.<\/p>\n<h3>Profil terp\u00e9nique d&#039;Amnesia<\/h3>\n<p>La vari\u00e9t\u00e9 Amnesia est sans conteste l&#039;une des vari\u00e9t\u00e9s de cannabis les plus reconnues au monde pour son ar\u00f4me citronn\u00e9, frais et l\u00e9g\u00e8rement \u00e9pic\u00e9, associ\u00e9 \u00e0 un effet Sativa c\u00e9r\u00e9bral et p\u00e9tillant. C&#039;est pourquoi sa combinaison de terp\u00e8nes cr\u00e9e une exp\u00e9rience aromatique explosive\u00a0:<\/p>\n<ul>\n<li>Limon\u00e8ne : Agrume, \u00e9nergisant et aux propri\u00e9t\u00e9s anti-stress.<\/li>\n<li>Myrc\u00e8ne : Herbac\u00e9, avec une note apaisante qui \u00e9quilibre le profil.<\/li>\n<li>Terpinol\u00e8ne : Floral et complexe, avec une touche qui favorise la clart\u00e9 mentale.<\/li>\n<\/ul>\n<p>Le r\u00e9sultat final est une saveur propre, fra\u00eeche et stimulante, id\u00e9ale pour commencer votre journ\u00e9e ou activer votre cr\u00e9ativit\u00e9 \u00e0 tout moment.<\/p>\n<h3>Qu&#039;est-ce qu&#039;une cartouche jetable ?<\/h3>\n<p>Une cartouche ou un pod jetable est, en fait, un syst\u00e8me de vapotage pr\u00eat \u00e0 l&#039;emploi. Autrement dit, vous le connectez \u00e0 votre batterie \u00e0 filetage 510 (la norme industrielle), vous l&#039;utilisez et, une fois vide, vous le jetez. Ainsi, vous \u00e9vitez les recharges et les tracas. De plus, vous pouvez donner une seconde vie \u00e0 vos pods\u00a0; une fois vides, vous les apportez \u00e0 un centre de recyclage.<\/p>\n<p>La cartouche 10-OH \u2013 Amnesia est disponible en deux tailles :<\/p>\n<ul>\n<li>1 ml \u2013 Jusqu\u2019\u00e0 300 bouff\u00e9es.<\/li>\n<li>2 ml \u2013 Jusqu\u2019\u00e0 600 bouff\u00e9es.<\/li>\n<\/ul>\n<p>Fabriqu\u00e9 \u00e0 partir d&#039;extrait de chanvre biologique, sans solvants ni additifs inhabituels. Uniquement des cannabino\u00efdes fonctionnels (pour usages l\u00e9gaux) et une saveur exceptionnelle.<\/p>\n<h3>Pourquoi choisir la cartouche jetable 10-OH \u2013 Amnesia ?<\/h3>\n<p>Acheter une cartouche de vape 10-OH, c&#039;est emporter la technologie du cannabis du futur dans sa poche. Sans THC, elle offre n\u00e9anmoins une puissance ph\u00e9nom\u00e9nale (dans un contexte l\u00e9gal). Aucun doute\u00a0: cette cartouche est une bombe \u00e0 la perfection.<\/p>\n<p>Ses principaux avantages incluent :<\/p>\n<ul>\n<li>Contient du 10-OH sans THC ni substances contr\u00f4l\u00e9es.<\/li>\n<li>Saveur d&#039;agrumes de cannabis inspir\u00e9e de la vari\u00e9t\u00e9 Amnesia.<\/li>\n<li>Compatible avec tous les vapoteurs avec connexion 510.<\/li>\n<li>Effets stimulants sans tol\u00e9rance accumul\u00e9e (selon des \u00e9tudes pr\u00e9liminaires).<\/li>\n<li>Id\u00e9al pour une utilisation \u00e0 tout moment de la journ\u00e9e (dans les pays o\u00f9 son utilisation est l\u00e9gale).<\/li>\n<\/ul>\n<p>Alors, que vous l&#039;utilisiez pour vous concentrer, socialiser ou simplement flotter avec style, cette cartouche est le compagnon id\u00e9al pour vous.<\/p>\n<h3>O\u00f9 acheter du 10-OH en ligne ?<\/h3>\n<p>Ici m\u00eame, chez Iguana Smoke, bien s\u00fbr. Votre magasin de confiance o\u00f9 vous pouvez acheter des cartouches 10-OH aromatis\u00e9es \u00e0 l&#039;Amnesia et toute la gamme, avec une livraison rapide et une garantie de fra\u00eecheur.<\/p>\n<p>En plus:<\/p>\n<ul>\n<li>Vous pouvez acheter des capsules sans THC avec un effet de type Sativa pour la collection.<\/li>\n<li>Achetez une cartouche 10-OH en ligne, sans surprise.<\/li>\n<\/ul>\n<h3>Amn\u00e9sie 10-OH\u00a0: clart\u00e9 mentale, go\u00fbt brutal<\/h3>\n<p>Plus besoin de vous ruiner pour vivre une exp\u00e9rience mentale et sensorielle exceptionnelle. Au contraire, la cartouche jetable 10-OH aux terp\u00e8nes d&#039;Amnesia vous pr\u00e9parera \u00e0 toutes les situations\u00a0: travail, salle de sport, art ou tout simplement divertissement.<\/p>\n<p>Compact, propre et puissant. Votre nouveau rituel commence ici.<\/p>\n<h4>Informations l\u00e9gales<\/h4>\n<p>Tous nos produits sont issus de chanvre industriel certifi\u00e9. Ils contiennent \u00e9galement moins de 0,31 TP3T de THC et sont exempts de cannabino\u00efdes ill\u00e9gaux tels que le HHC, le HHC-P, le THCP, le THCP-O, le H4CBD ou leurs d\u00e9riv\u00e9s. Vous pouvez consulter le <a href=\"https:\/\/iguanasmoke.com\/analiticas\/\">Certificat d&#039;analyse ici.<\/a><\/p>\n<p><em><b>Il est important de se rappeler que<\/b> Ce produit est un objet de collection. Il ne convient ni \u00e0 la combustion ni \u00e0 la consommation directe. Il ne contient pas de cannabino\u00efdes list\u00e9s \u00e0 l&#039;annexe I du d\u00e9cret royal 2829\/1977, ni de substances r\u00e9glement\u00e9es par la Convention unique sur les stup\u00e9fiants de 1961 et la Convention sur les substances psychotropes de 1971.<\/em><\/p>","protected":false},"excerpt":{"rendered":"<h4>Cartouche jetable 10-OH \u2013 Amnesia<\/h4>\n<h4>Caract\u00e9ristiques<\/h4>\n<ul>\n<li>Saveur de cannabis<\/li>\n<li>Connexion : tapez 510<\/li>\n<li>Capacit\u00e9 : 1 ml \/ 2 ml<\/li>\n<li>Bouff\u00e9es : 300 \/ 600<\/li>\n<li>Terp\u00e8nes naturels de haute qualit\u00e9<\/li>\n<li>10-OH<\/li>\n<li>THC : 0%, HHC : 0%, THC-P : 0%, Nicotine : 0%<\/li>\n<li>Ne contient pas de VG, PG, PEG, MCT ou tout autre agent de coupe.<\/li>\n<\/ul>","protected":false},"featured_media":13007,"comment_status":"open","ping_status":"closed","template":"","meta":{"_acf_changed":false,"site-sidebar-layout":"default","site-content-layout":"","ast-site-content-layout":"default","site-content-style":"default","site-sidebar-style":"default","ast-global-header-display":"","ast-banner-title-visibility":"","ast-main-header-display":"","ast-hfb-above-header-display":"","ast-hfb-below-header-display":"","ast-hfb-mobile-header-display":"","site-post-title":"","ast-breadcrumbs-content":"","ast-featured-img":"","footer-sml-layout":"","theme-transparent-header-meta":"default","adv-header-id-meta":"","stick-header-meta":"","header-above-stick-meta":"","header-main-stick-meta":"","header-below-stick-meta":"","astra-migrate-meta-layouts":"set","ast-page-background-enabled":"default","ast-page-background-meta":{"desktop":{"background-color":"var(--ast-global-color-4)","background-image":"","background-repeat":"repeat","background-position":"center center","background-size":"auto","background-attachment":"scroll","background-type":"","background-media":"","overlay-type":"","overlay-color":"","overlay-opacity":"","overlay-gradient":""},"tablet":{"background-color":"","background-image":"","background-repeat":"repeat","background-position":"center center","background-size":"auto","background-attachment":"scroll","background-type":"","background-media":"","overlay-type":"","overlay-color":"","overlay-opacity":"","overlay-gradient":""},"mobile":{"background-color":"","background-image":"","background-repeat":"repeat","background-position":"center center","background-size":"auto","background-attachment":"scroll","background-type":"","background-media":"","overlay-type":"","overlay-color":"","overlay-opacity":"","overlay-gradient":""}},"ast-content-background-meta":{"desktop":{"background-color":"var(--ast-global-color-5)","background-image":"","background-repeat":"repeat","background-position":"center center","background-size":"auto","background-attachment":"scroll","background-type":"","background-media":"","overlay-type":"","overlay-color":"","overlay-opacity":"","overlay-gradient":""},"tablet":{"background-color":"var(--ast-global-color-5)","background-image":"","background-repeat":"repeat","background-position":"center center","background-size":"auto","background-attachment":"scroll","background-type":"","background-media":"","overlay-type":"","overlay-color":"","overlay-opacity":"","overlay-gradient":""},"mobile":{"background-color":"var(--ast-global-color-5)","background-image":"","background-repeat":"repeat","background-position":"center center","background-size":"auto","background-attachment":"scroll","background-type":"","background-media":"","overlay-type":"","overlay-color":"","overlay-opacity":"","overlay-gradient":""}}},"product_brand":[],"product_cat":[140,91,146],"product_tag":[],"class_list":{"0":"post-12973","1":"product","2":"type-product","3":"status-publish","4":"has-post-thumbnail","6":"product_cat-10oh","7":"product_cat-cartuchos","8":"product_cat-nuevas-moleculas","9":"desktop-align-center","10":"tablet-align-left","11":"mobile-align-left","13":"first","14":"instock","15":"taxable","16":"shipping-taxable","17":"purchasable","18":"product-type-variable"},"acf":[],"yoast_head":"<!-- This site is optimized with the Yoast SEO plugin v27.4 - https:\/\/yoast.com\/product\/yoast-seo-wordpress\/ -->\n<title>Cartucho desechable 10-OH - Amnesia - Comprar 10-OH mayorista - THE LYF LABS<\/title>\n<meta name=\"description\" content=\"Compra el cartucho 10-OH sabor Amnesia en TheLyfLabs. Claridad mental, energ\u00eda c\u00edtrica y cero THC. Precios para mayoristas y distribuidores.\" \/>\n<meta name=\"robots\" content=\"index, follow, max-snippet:-1, max-image-preview:large, max-video-preview:-1\" \/>\n<link rel=\"canonical\" href=\"https:\/\/thelyflabs.com\/fr\/product\/cartucho-desechable-10-oh-amnesia\/\" \/>\n<meta property=\"og:locale\" content=\"fr_FR\" \/>\n<meta property=\"og:type\" content=\"article\" \/>\n<meta property=\"og:title\" content=\"Cartucho desechable 10-OH - Amnesia - Comprar 10-OH mayorista - THE LYF LABS\" \/>\n<meta property=\"og:description\" content=\"Compra el cartucho 10-OH sabor Amnesia en TheLyfLabs. Claridad mental, energ\u00eda c\u00edtrica y cero THC. Precios para mayoristas y distribuidores.\" \/>\n<meta property=\"og:url\" content=\"https:\/\/thelyflabs.com\/fr\/product\/cartucho-desechable-10-oh-amnesia\/\" \/>\n<meta property=\"og:site_name\" content=\"THE LYF LABS\" \/>\n<meta property=\"article:modified_time\" content=\"2026-04-20T07:27:11+00:00\" \/>\n<meta property=\"og:image\" content=\"https:\/\/thelyflabs.com\/wp-content\/uploads\/2025\/07\/bolsa-10-OH-cart-Amnesia-con-cartucho.webp\" \/>\n\t<meta property=\"og:image:width\" content=\"1000\" \/>\n\t<meta property=\"og:image:height\" content=\"1000\" \/>\n\t<meta property=\"og:image:type\" content=\"image\/webp\" \/>\n<meta name=\"twitter:card\" content=\"summary_large_image\" \/>\n<meta name=\"twitter:label1\" content=\"Dur\u00e9e de lecture estim\u00e9e\" \/>\n\t<meta name=\"twitter:data1\" content=\"5 minutes\" \/>\n<script type=\"application\/ld+json\" class=\"yoast-schema-graph\">{\"@context\":\"https:\\\/\\\/schema.org\",\"@graph\":[{\"@type\":\"WebPage\",\"@id\":\"https:\\\/\\\/thelyflabs.com\\\/product\\\/cartucho-desechable-10-oh-amnesia\",\"url\":\"https:\\\/\\\/thelyflabs.com\\\/product\\\/cartucho-desechable-10-oh-amnesia\",\"name\":\"Cartucho desechable 10-OH - Amnesia - Comprar 10-OH mayorista - THE LYF LABS\",\"isPartOf\":{\"@id\":\"https:\\\/\\\/thelyflabs.com\\\/#website\"},\"primaryImageOfPage\":{\"@id\":\"https:\\\/\\\/thelyflabs.com\\\/product\\\/cartucho-desechable-10-oh-amnesia#primaryimage\"},\"image\":{\"@id\":\"https:\\\/\\\/thelyflabs.com\\\/product\\\/cartucho-desechable-10-oh-amnesia#primaryimage\"},\"thumbnailUrl\":\"https:\\\/\\\/thelyflabs.com\\\/wp-content\\\/uploads\\\/2025\\\/07\\\/bolsa-10-OH-cart-Amnesia-con-cartucho.webp\",\"datePublished\":\"2025-07-16T19:02:40+00:00\",\"dateModified\":\"2026-04-20T07:27:11+00:00\",\"description\":\"Compra el cartucho 10-OH sabor Amnesia en TheLyfLabs. Claridad mental, energ\u00eda c\u00edtrica y cero THC. Precios para mayoristas y distribuidores.\",\"breadcrumb\":{\"@id\":\"https:\\\/\\\/thelyflabs.com\\\/product\\\/cartucho-desechable-10-oh-amnesia#breadcrumb\"},\"inLanguage\":\"fr-FR\",\"potentialAction\":[{\"@type\":\"ReadAction\",\"target\":[\"https:\\\/\\\/thelyflabs.com\\\/product\\\/cartucho-desechable-10-oh-amnesia\"]}]},{\"@type\":\"ImageObject\",\"inLanguage\":\"fr-FR\",\"@id\":\"https:\\\/\\\/thelyflabs.com\\\/product\\\/cartucho-desechable-10-oh-amnesia#primaryimage\",\"url\":\"https:\\\/\\\/thelyflabs.com\\\/wp-content\\\/uploads\\\/2025\\\/07\\\/bolsa-10-OH-cart-Amnesia-con-cartucho.webp\",\"contentUrl\":\"https:\\\/\\\/thelyflabs.com\\\/wp-content\\\/uploads\\\/2025\\\/07\\\/bolsa-10-OH-cart-Amnesia-con-cartucho.webp\",\"width\":1000,\"height\":1000},{\"@type\":\"BreadcrumbList\",\"@id\":\"https:\\\/\\\/thelyflabs.com\\\/product\\\/cartucho-desechable-10-oh-amnesia#breadcrumb\",\"itemListElement\":[{\"@type\":\"ListItem\",\"position\":1,\"name\":\"Portada\",\"item\":\"https:\\\/\\\/thelyflabs.com\\\/\"},{\"@type\":\"ListItem\",\"position\":2,\"name\":\"Tienda\",\"item\":\"https:\\\/\\\/thelyflabs.com\\\/tienda\"},{\"@type\":\"ListItem\",\"position\":3,\"name\":\"Cartucho desechable 10-OH &#8211; Amnesia\"}]},{\"@type\":\"WebSite\",\"@id\":\"https:\\\/\\\/thelyflabs.com\\\/#website\",\"url\":\"https:\\\/\\\/thelyflabs.com\\\/\",\"name\":\"The LYF Labs\",\"description\":\"CBD al por mayor\",\"publisher\":{\"@id\":\"https:\\\/\\\/thelyflabs.com\\\/#organization\"},\"potentialAction\":[{\"@type\":\"SearchAction\",\"target\":{\"@type\":\"EntryPoint\",\"urlTemplate\":\"https:\\\/\\\/thelyflabs.com\\\/?s={search_term_string}\"},\"query-input\":{\"@type\":\"PropertyValueSpecification\",\"valueRequired\":true,\"valueName\":\"search_term_string\"}}],\"inLanguage\":\"fr-FR\"},{\"@type\":\"Organization\",\"@id\":\"https:\\\/\\\/thelyflabs.com\\\/#organization\",\"name\":\"The LYF Labs\",\"url\":\"https:\\\/\\\/thelyflabs.com\\\/\",\"logo\":{\"@type\":\"ImageObject\",\"inLanguage\":\"fr-FR\",\"@id\":\"https:\\\/\\\/thelyflabs.com\\\/#\\\/schema\\\/logo\\\/image\\\/\",\"url\":\"https:\\\/\\\/thelyflabs.com\\\/wp-content\\\/uploads\\\/2023\\\/01\\\/cropped-LogoTheLYFLabs.png\",\"contentUrl\":\"https:\\\/\\\/thelyflabs.com\\\/wp-content\\\/uploads\\\/2023\\\/01\\\/cropped-LogoTheLYFLabs.png\",\"width\":600,\"height\":180,\"caption\":\"The LYF Labs\"},\"image\":{\"@id\":\"https:\\\/\\\/thelyflabs.com\\\/#\\\/schema\\\/logo\\\/image\\\/\"}}]}<\/script>\n<!-- \/ Yoast SEO plugin. -->","yoast_head_json":{"title":"Cartucho desechable 10-OH - Amnesia - Comprar 10-OH mayorista - THE LYF LABS","description":"Compra el cartucho 10-OH sabor Amnesia en TheLyfLabs. Claridad mental, energ\u00eda c\u00edtrica y cero THC. Precios para mayoristas y distribuidores.","robots":{"index":"index","follow":"follow","max-snippet":"max-snippet:-1","max-image-preview":"max-image-preview:large","max-video-preview":"max-video-preview:-1"},"canonical":"https:\/\/thelyflabs.com\/fr\/product\/cartucho-desechable-10-oh-amnesia\/","og_locale":"fr_FR","og_type":"article","og_title":"Cartucho desechable 10-OH - Amnesia - Comprar 10-OH mayorista - THE LYF LABS","og_description":"Compra el cartucho 10-OH sabor Amnesia en TheLyfLabs. Claridad mental, energ\u00eda c\u00edtrica y cero THC. Precios para mayoristas y distribuidores.","og_url":"https:\/\/thelyflabs.com\/fr\/product\/cartucho-desechable-10-oh-amnesia\/","og_site_name":"THE LYF LABS","article_modified_time":"2026-04-20T07:27:11+00:00","og_image":[{"width":1000,"height":1000,"url":"https:\/\/thelyflabs.com\/wp-content\/uploads\/2025\/07\/bolsa-10-OH-cart-Amnesia-con-cartucho.webp","type":"image\/webp"}],"twitter_card":"summary_large_image","twitter_misc":{"Dur\u00e9e de lecture estim\u00e9e":"5 minutes"},"schema":{"@context":"https:\/\/schema.org","@graph":[{"@type":"WebPage","@id":"https:\/\/thelyflabs.com\/product\/cartucho-desechable-10-oh-amnesia","url":"https:\/\/thelyflabs.com\/product\/cartucho-desechable-10-oh-amnesia","name":"Cartucho desechable 10-OH - Amnesia - Comprar 10-OH mayorista - THE LYF LABS","isPartOf":{"@id":"https:\/\/thelyflabs.com\/#website"},"primaryImageOfPage":{"@id":"https:\/\/thelyflabs.com\/product\/cartucho-desechable-10-oh-amnesia#primaryimage"},"image":{"@id":"https:\/\/thelyflabs.com\/product\/cartucho-desechable-10-oh-amnesia#primaryimage"},"thumbnailUrl":"https:\/\/thelyflabs.com\/wp-content\/uploads\/2025\/07\/bolsa-10-OH-cart-Amnesia-con-cartucho.webp","datePublished":"2025-07-16T19:02:40+00:00","dateModified":"2026-04-20T07:27:11+00:00","description":"Compra el cartucho 10-OH sabor Amnesia en TheLyfLabs. Claridad mental, energ\u00eda c\u00edtrica y cero THC. Precios para mayoristas y distribuidores.","breadcrumb":{"@id":"https:\/\/thelyflabs.com\/product\/cartucho-desechable-10-oh-amnesia#breadcrumb"},"inLanguage":"fr-FR","potentialAction":[{"@type":"ReadAction","target":["https:\/\/thelyflabs.com\/product\/cartucho-desechable-10-oh-amnesia"]}]},{"@type":"ImageObject","inLanguage":"fr-FR","@id":"https:\/\/thelyflabs.com\/product\/cartucho-desechable-10-oh-amnesia#primaryimage","url":"https:\/\/thelyflabs.com\/wp-content\/uploads\/2025\/07\/bolsa-10-OH-cart-Amnesia-con-cartucho.webp","contentUrl":"https:\/\/thelyflabs.com\/wp-content\/uploads\/2025\/07\/bolsa-10-OH-cart-Amnesia-con-cartucho.webp","width":1000,"height":1000},{"@type":"BreadcrumbList","@id":"https:\/\/thelyflabs.com\/product\/cartucho-desechable-10-oh-amnesia#breadcrumb","itemListElement":[{"@type":"ListItem","position":1,"name":"Portada","item":"https:\/\/thelyflabs.com\/"},{"@type":"ListItem","position":2,"name":"Tienda","item":"https:\/\/thelyflabs.com\/tienda"},{"@type":"ListItem","position":3,"name":"Cartucho desechable 10-OH &#8211; Amnesia"}]},{"@type":"WebSite","@id":"https:\/\/thelyflabs.com\/#website","url":"https:\/\/thelyflabs.com\/","name":"Les laboratoires LYF","description":"Vente en gros de CBD","publisher":{"@id":"https:\/\/thelyflabs.com\/#organization"},"potentialAction":[{"@type":"SearchAction","target":{"@type":"EntryPoint","urlTemplate":"https:\/\/thelyflabs.com\/?s={search_term_string}"},"query-input":{"@type":"PropertyValueSpecification","valueRequired":true,"valueName":"search_term_string"}}],"inLanguage":"fr-FR"},{"@type":"Organization","@id":"https:\/\/thelyflabs.com\/#organization","name":"Les laboratoires LYF","url":"https:\/\/thelyflabs.com\/","logo":{"@type":"ImageObject","inLanguage":"fr-FR","@id":"https:\/\/thelyflabs.com\/#\/schema\/logo\/image\/","url":"https:\/\/thelyflabs.com\/wp-content\/uploads\/2023\/01\/cropped-LogoTheLYFLabs.png","contentUrl":"https:\/\/thelyflabs.com\/wp-content\/uploads\/2023\/01\/cropped-LogoTheLYFLabs.png","width":600,"height":180,"caption":"The LYF Labs"},"image":{"@id":"https:\/\/thelyflabs.com\/#\/schema\/logo\/image\/"}}]}},"_links":{"self":[{"href":"https:\/\/thelyflabs.com\/fr\/wp-json\/wp\/v2\/product\/12973","targetHints":{"allow":["GET"]}}],"collection":[{"href":"https:\/\/thelyflabs.com\/fr\/wp-json\/wp\/v2\/product"}],"about":[{"href":"https:\/\/thelyflabs.com\/fr\/wp-json\/wp\/v2\/types\/product"}],"replies":[{"embeddable":true,"href":"https:\/\/thelyflabs.com\/fr\/wp-json\/wp\/v2\/comments?post=12973"}],"wp:featuredmedia":[{"embeddable":true,"href":"https:\/\/thelyflabs.com\/fr\/wp-json\/wp\/v2\/media\/13007"}],"wp:attachment":[{"href":"https:\/\/thelyflabs.com\/fr\/wp-json\/wp\/v2\/media?parent=12973"}],"wp:term":[{"taxonomy":"product_brand","embeddable":true,"href":"https:\/\/thelyflabs.com\/fr\/wp-json\/wp\/v2\/product_brand?post=12973"},{"taxonomy":"product_cat","embeddable":true,"href":"https:\/\/thelyflabs.com\/fr\/wp-json\/wp\/v2\/product_cat?post=12973"},{"taxonomy":"product_tag","embeddable":true,"href":"https:\/\/thelyflabs.com\/fr\/wp-json\/wp\/v2\/product_tag?post=12973"}],"curies":[{"name":"wp","href":"https:\/\/api.w.org\/{rel}","templated":true}]}}