{"id":12983,"date":"2025-07-16T21:02:08","date_gmt":"2025-07-16T19:02:08","guid":{"rendered":"https:\/\/thelyflabs.com\/?post_type=product&#038;p=12983"},"modified":"2026-04-08T11:54:01","modified_gmt":"2026-04-08T09:54:01","slug":"cartucho-desechable-10-oh-gorilla-glue","status":"publish","type":"product","link":"https:\/\/thelyflabs.com\/fr\/product\/cartucho-desechable-10-oh-gorilla-glue","title":{"rendered":"Cartouche jetable 10-OH \u2013 Gorilla Glue"},"content":{"rendered":"<h2>Cartouche jetable 10-OH \u2013 Gorilla Glue\u00a0: puissance et saveur incomparables<\/h2>\n<p>Frappe fort. Frappe bien. D\u00e9couvrez le <b>10-OH<\/b> avec saveur <b>Colle Gorille<\/b> et exprimez votre c\u00f4t\u00e9 le plus puissant. Uniquement chez Iguana Smoke, votre boutique de confiance pour la d\u00e9tente.<\/p>\n<p>Il <b>Cartouche jetable 10-OH \u2013 Gorilla Glue<\/b> r\u00e9volutionne votre routine. Cette capsule pr\u00e9remplie allie la puissance de <b>10-OH (10-hydroxyhaxahydrocannabinol)<\/b> avec le profil de saveur embl\u00e9matique de <b>Colle Gorille<\/b>, une vari\u00e9t\u00e9 l\u00e9gendaire connue pour son intensit\u00e9, sa profondeur terreuse et ses notes d&#039;agrumes. Un m\u00e9lange qui relie le corps et l&#039;esprit sans vous couper du monde.<\/p>\n<h3>Qu&#039;est-ce que 10-OH ?<\/h3>\n<p>Il <b>10-OH<\/b> c&#039;est un <b>m\u00e9tabolite du HHC<\/b>, une substance produite par la d\u00e9gradation du HHC par l&#039;organisme. En laboratoire, elle est obtenue par transformation du HHC en sa forme hydroxyl\u00e9e, ce qui donne un cannabino\u00efde plus stable, dot\u00e9 d&#039;une affinit\u00e9 sp\u00e9cifique pour certains r\u00e9cepteurs du syst\u00e8me endocannabino\u00efde.<\/p>\n<p>Bien que les effets puissent varier d\u2019une personne \u00e0 l\u2019autre, les consommateurs qui ont essay\u00e9 le 10-OH (dans les pays o\u00f9 son utilisation est l\u00e9gale) d\u00e9crivent souvent des exp\u00e9riences telles que :<\/p>\n<ul>\n<li><b>Euphorie mod\u00e9r\u00e9e<\/b>, sans l\u2019\u00e9tat alt\u00e9r\u00e9 plus intense que le THC peut provoquer.<\/li>\n<li><b>D\u00e9tente physique<\/b>, sans produire une sensation de s\u00e9dation excessive.<\/li>\n<li><b>Clart\u00e9 mentale<\/b>, qui favorise la concentration ou l&#039;interaction sociale.<\/li>\n<li><b>Moins d&#039;anxi\u00e9t\u00e9<\/b>, ce qui en fait une option int\u00e9ressante pour ceux qui ne tol\u00e8rent pas bien le THC.<\/li>\n<\/ul>\n<p>Ces effets placent le 10-OH \u00e0 mi-chemin entre le HHC et le THC : <b>plus intense que le premier, mais plus g\u00e9rable que le second<\/b>. Si vous cherchez <b>acheter du 10-OH en ligne<\/b>Avec des effets stimulants mais sans parano\u00efa ni gueule de bois mentale, cette cartouche est faite pour vous.<\/p>\n<p>Si vous souhaitez d\u00e9couvrir les diff\u00e9rences entre le 10-OH et d&#039;autres mol\u00e9cules comme le HHC, visitez <a href=\"https:\/\/iguanasmoke.com\/que-es-el-10-oh-la-nueva-opcion-en-cannabinoides\/\">notre article<\/a>.<\/p>\n<h3>Profil terp\u00e9nique de Gorilla Glue<\/h3>\n<p>La souche <b>Colle Gorille<\/b> (\u00e9galement connu sous le nom de GG4) est c\u00e9l\u00e8bre pour son effet \u00ab colle \u00bb \u2014 pas litt\u00e9ral, bien s\u00fbr \u2014 qui laisse le corps et l&#039;esprit ancr\u00e9s dans l&#039;instant, mais avec <b>10-OH<\/b> L&#039;effet est fonctionnel et stimulant. Son profil terp\u00e9nique comprend\u00a0:<\/p>\n<ul>\n<li><b>Caryophyll\u00e8ne :<\/b> \u00e9pic\u00e9, piquant, aux propri\u00e9t\u00e9s stimulantes.<\/li>\n<li><b>Limon\u00e8ne :<\/b> ar\u00f4me d&#039;agrumes qui am\u00e9liore l&#039;humeur.<\/li>\n<li><b>Humul\u00e8ne :<\/b> touche terreuse et herbac\u00e9e, avec un effet \u00e9quilibrant.<\/li>\n<\/ul>\n<p>Le r\u00e9sultat est une vape robuste avec un ar\u00f4me qui combine <b>sol humide, pin et citronnier<\/b>. Si vous aimez l&#039;intensit\u00e9 aromatique et la saveur authentique de la fleur, vous adorerez cette cartouche.<\/p>\n<h3>Qu&#039;est-ce qu&#039;une cartouche jetable ?<\/h3>\n<p>UN <b>cartouche jetable<\/b> (\u00e9galement appel\u00e9 cartouche ou pod) est un r\u00e9cipient pr\u00e9rempli de liquide de vapotage. Il se connecte \u00e0 une batterie gr\u00e2ce \u00e0 un filetage 510 (la norme industrielle) et est jet\u00e9 une fois vide. <b>Facile, propre et sans entretien.<\/b><\/p>\n<p>Il <b>Cartouche 10-OH \u2013 Gorilla Glue<\/b> est disponible en :<\/p>\n<ul>\n<li><b>1 ml<\/b> \u2013 Jusqu\u2019\u00e0 300 bouff\u00e9es.<\/li>\n<li><b>2 ml<\/b> \u2013 Jusqu\u2019\u00e0 600 bouff\u00e9es.<\/li>\n<\/ul>\n<p>Profitez d&#039;un e-liquide premium, sans impuret\u00e9s, avec un profil de saveur complexe et puissant qui vous offre une exp\u00e9rience intense sans compromettre la clart\u00e9.<\/p>\n<h3>Pourquoi choisir la cartouche de colle Gorilla 10-OH ?<\/h3>\n<p><b>Achetez une vape avec 10-OH<\/b> C&#039;est pour ceux qui recherchent le meilleur du vapotage alternatif. Il n&#039;y a pas de THC ni de d\u00e9riv\u00e9s classiques, mais les effets sont comparables \u00e0 ceux des grands gar\u00e7ons : avec plus de contr\u00f4le, plus de concentration et moins de descentes.<\/p>\n<p>Ce qui rend cette cartouche sp\u00e9ciale :<\/p>\n<ul>\n<li>Contient <b>10-OH<\/b>, un cannabino\u00efde d\u00e9riv\u00e9 du chanvre et du 100% <b>Sans THC<\/b>.<\/li>\n<li>Profil de saveur du cannabis \u00e0 <b>Colle Gorilla Premium<\/b>.<\/li>\n<li><b>Compatible avec les appareils 510<\/b>.<\/li>\n<li><b>Ne g\u00e9n\u00e8re pas de tol\u00e9rance cumulative<\/b> (selon des \u00e9tudes pr\u00e9liminaires).<\/li>\n<li>Fabriqu\u00e9 avec du chanvre biologique.<\/li>\n<\/ul>\n<p>Que vous soyez novice en mati\u00e8re de cannabino\u00efdes ou un v\u00e9t\u00e9ran chevronn\u00e9, cette cartouche a tout pour plaire : une saveur puissante, un effet fonctionnel et un design compact.<\/p>\n<h3>O\u00f9 acheter du 10-OH en ligne ?<\/h3>\n<p>Ici m\u00eame, chez Iguana Smoke, votre magasin de confiance. Vous pouvez <b>acheter du 10-OH en ligne<\/b>, et aussi :<\/p>\n<ul>\n<li><b>Achetez une cartouche 10-OH au go\u00fbt Gorilla Glue<\/b>.<\/li>\n<li>Explorer <b>Capsules sans THC<\/b> mais avec des profils int\u00e9ressants \u00e0 collectionner.<\/li>\n<\/ul>\n<p>Exp\u00e9dition rapide, service amical et un magasin qui garde une longueur d&#039;avance. Parce que si vous allez vapoter, faites-le avec style et avec les derni\u00e8res nouveaut\u00e9s.<\/p>\n<h3>10-OH Gorilla Glue\u00a0: quand vous voulez plus qu&#039;une simple vape<\/h3>\n<p>Plus besoin de chercher des formules douteuses pour obtenir un effet optimal. Avec cette cartouche, <b>10-OH<\/b> vous donne l&#039;\u00e9nergie et la concentration dont vous avez besoin, tandis que la saveur <b>Colle Gorille<\/b> vous connecte au chanvre le plus pur.<\/p>\n<p>Emportez-le dans votre poche, utilisez-le quand vous en avez besoin et profitez d&#039;un moment qui en vaut trois.<\/p>\n<p><i>Ce produit est un objet de collection. Ne convient pas \u00e0 la combustion ou \u00e0 la consommation directe.<\/i> <i>Il ne contient pas de cannabino\u00efdes inclus dans l&#039;annexe I du d\u00e9cret royal 2829\/1977 ni de substances contr\u00f4l\u00e9es par des conventions internationales.<\/i><\/p>","protected":false},"excerpt":{"rendered":"<h4>Cartouche jetable 10-OH \u2013 Gorilla Glue<\/h4>\n<h4>Caract\u00e9ristiques<\/h4>\n<ul>\n<li>Saveur de cannabis<\/li>\n<li>Connexion : tapez 510<\/li>\n<li>Capacit\u00e9 : 1 ml \/ 2 ml<\/li>\n<li>Bouff\u00e9es : 300 \/ 600<\/li>\n<li>Terp\u00e8nes naturels de haute qualit\u00e9<\/li>\n<li>10-OH<\/li>\n<li>THC : 0%, HHC : 0%, THC-P : 0%, Nicotine : 0%<\/li>\n<li>Ne contient pas de VG, PG, PEG, MCT ou autres agents de coupe.<\/li>\n<\/ul>","protected":false},"featured_media":13011,"comment_status":"open","ping_status":"closed","template":"","meta":{"_acf_changed":false,"site-sidebar-layout":"default","site-content-layout":"","ast-site-content-layout":"default","site-content-style":"default","site-sidebar-style":"default","ast-global-header-display":"","ast-banner-title-visibility":"","ast-main-header-display":"","ast-hfb-above-header-display":"","ast-hfb-below-header-display":"","ast-hfb-mobile-header-display":"","site-post-title":"","ast-breadcrumbs-content":"","ast-featured-img":"","footer-sml-layout":"","theme-transparent-header-meta":"default","adv-header-id-meta":"","stick-header-meta":"","header-above-stick-meta":"","header-main-stick-meta":"","header-below-stick-meta":"","astra-migrate-meta-layouts":"set","ast-page-background-enabled":"default","ast-page-background-meta":{"desktop":{"background-color":"var(--ast-global-color-4)","background-image":"","background-repeat":"repeat","background-position":"center center","background-size":"auto","background-attachment":"scroll","background-type":"","background-media":"","overlay-type":"","overlay-color":"","overlay-opacity":"","overlay-gradient":""},"tablet":{"background-color":"","background-image":"","background-repeat":"repeat","background-position":"center center","background-size":"auto","background-attachment":"scroll","background-type":"","background-media":"","overlay-type":"","overlay-color":"","overlay-opacity":"","overlay-gradient":""},"mobile":{"background-color":"","background-image":"","background-repeat":"repeat","background-position":"center center","background-size":"auto","background-attachment":"scroll","background-type":"","background-media":"","overlay-type":"","overlay-color":"","overlay-opacity":"","overlay-gradient":""}},"ast-content-background-meta":{"desktop":{"background-color":"var(--ast-global-color-5)","background-image":"","background-repeat":"repeat","background-position":"center center","background-size":"auto","background-attachment":"scroll","background-type":"","background-media":"","overlay-type":"","overlay-color":"","overlay-opacity":"","overlay-gradient":""},"tablet":{"background-color":"var(--ast-global-color-5)","background-image":"","background-repeat":"repeat","background-position":"center center","background-size":"auto","background-attachment":"scroll","background-type":"","background-media":"","overlay-type":"","overlay-color":"","overlay-opacity":"","overlay-gradient":""},"mobile":{"background-color":"var(--ast-global-color-5)","background-image":"","background-repeat":"repeat","background-position":"center center","background-size":"auto","background-attachment":"scroll","background-type":"","background-media":"","overlay-type":"","overlay-color":"","overlay-opacity":"","overlay-gradient":""}}},"product_brand":[],"product_cat":[140,91,146],"product_tag":[],"class_list":{"0":"post-12983","1":"product","2":"type-product","3":"status-publish","4":"has-post-thumbnail","6":"product_cat-10oh","7":"product_cat-cartuchos","8":"product_cat-nuevas-moleculas","9":"desktop-align-center","10":"tablet-align-left","11":"mobile-align-left","13":"first","14":"instock","15":"taxable","16":"shipping-taxable","17":"purchasable","18":"product-type-variable"},"acf":[],"yoast_head":"<!-- This site is optimized with the Yoast SEO plugin v27.3 - https:\/\/yoast.com\/product\/yoast-seo-wordpress\/ -->\n<title>Cartucho desechable 10-OH - Gorilla Glue - Comprar 10-OH legal- THE LYF LABS<\/title>\n<meta name=\"description\" content=\"Compra al por mayor el cartucho 10-OH Gorilla Glue. Sabor intenso y claridad mental sin THC. Ideal para tiendas. Descuentos exclusivos distribuidores.\" \/>\n<meta name=\"robots\" content=\"index, follow, max-snippet:-1, max-image-preview:large, max-video-preview:-1\" \/>\n<link rel=\"canonical\" href=\"https:\/\/thelyflabs.com\/fr\/product\/cartucho-desechable-10-oh-gorilla-glue\/\" \/>\n<meta property=\"og:locale\" content=\"fr_FR\" \/>\n<meta property=\"og:type\" content=\"article\" \/>\n<meta property=\"og:title\" content=\"Cartucho desechable 10-OH - Gorilla Glue - Comprar 10-OH legal- THE LYF LABS\" \/>\n<meta property=\"og:description\" content=\"Compra al por mayor el cartucho 10-OH Gorilla Glue. Sabor intenso y claridad mental sin THC. Ideal para tiendas. Descuentos exclusivos distribuidores.\" \/>\n<meta property=\"og:url\" content=\"https:\/\/thelyflabs.com\/fr\/product\/cartucho-desechable-10-oh-gorilla-glue\/\" \/>\n<meta property=\"og:site_name\" content=\"THE LYF LABS\" \/>\n<meta property=\"article:modified_time\" content=\"2026-04-08T09:54:01+00:00\" \/>\n<meta property=\"og:image\" content=\"https:\/\/thelyflabs.com\/wp-content\/uploads\/2025\/07\/bolsa-10-OH-cart-Gorilla-con-cartucho.webp\" \/>\n\t<meta property=\"og:image:width\" content=\"1000\" \/>\n\t<meta property=\"og:image:height\" content=\"1000\" \/>\n\t<meta property=\"og:image:type\" content=\"image\/webp\" \/>\n<meta name=\"twitter:card\" content=\"summary_large_image\" \/>\n<meta name=\"twitter:label1\" content=\"Dur\u00e9e de lecture estim\u00e9e\" \/>\n\t<meta name=\"twitter:data1\" content=\"4 minutes\" \/>\n<script type=\"application\/ld+json\" class=\"yoast-schema-graph\">{\"@context\":\"https:\\\/\\\/schema.org\",\"@graph\":[{\"@type\":\"WebPage\",\"@id\":\"https:\\\/\\\/thelyflabs.com\\\/product\\\/cartucho-desechable-10-oh-gorilla-glue\",\"url\":\"https:\\\/\\\/thelyflabs.com\\\/product\\\/cartucho-desechable-10-oh-gorilla-glue\",\"name\":\"Cartucho desechable 10-OH - Gorilla Glue - Comprar 10-OH legal- THE LYF LABS\",\"isPartOf\":{\"@id\":\"https:\\\/\\\/thelyflabs.com\\\/#website\"},\"primaryImageOfPage\":{\"@id\":\"https:\\\/\\\/thelyflabs.com\\\/product\\\/cartucho-desechable-10-oh-gorilla-glue#primaryimage\"},\"image\":{\"@id\":\"https:\\\/\\\/thelyflabs.com\\\/product\\\/cartucho-desechable-10-oh-gorilla-glue#primaryimage\"},\"thumbnailUrl\":\"https:\\\/\\\/thelyflabs.com\\\/wp-content\\\/uploads\\\/2025\\\/07\\\/bolsa-10-OH-cart-Gorilla-con-cartucho.webp\",\"datePublished\":\"2025-07-16T19:02:08+00:00\",\"dateModified\":\"2026-04-08T09:54:01+00:00\",\"description\":\"Compra al por mayor el cartucho 10-OH Gorilla Glue. Sabor intenso y claridad mental sin THC. Ideal para tiendas. Descuentos exclusivos distribuidores.\",\"breadcrumb\":{\"@id\":\"https:\\\/\\\/thelyflabs.com\\\/product\\\/cartucho-desechable-10-oh-gorilla-glue#breadcrumb\"},\"inLanguage\":\"fr-FR\",\"potentialAction\":[{\"@type\":\"ReadAction\",\"target\":[\"https:\\\/\\\/thelyflabs.com\\\/product\\\/cartucho-desechable-10-oh-gorilla-glue\"]}]},{\"@type\":\"ImageObject\",\"inLanguage\":\"fr-FR\",\"@id\":\"https:\\\/\\\/thelyflabs.com\\\/product\\\/cartucho-desechable-10-oh-gorilla-glue#primaryimage\",\"url\":\"https:\\\/\\\/thelyflabs.com\\\/wp-content\\\/uploads\\\/2025\\\/07\\\/bolsa-10-OH-cart-Gorilla-con-cartucho.webp\",\"contentUrl\":\"https:\\\/\\\/thelyflabs.com\\\/wp-content\\\/uploads\\\/2025\\\/07\\\/bolsa-10-OH-cart-Gorilla-con-cartucho.webp\",\"width\":1000,\"height\":1000},{\"@type\":\"BreadcrumbList\",\"@id\":\"https:\\\/\\\/thelyflabs.com\\\/product\\\/cartucho-desechable-10-oh-gorilla-glue#breadcrumb\",\"itemListElement\":[{\"@type\":\"ListItem\",\"position\":1,\"name\":\"Portada\",\"item\":\"https:\\\/\\\/thelyflabs.com\\\/\"},{\"@type\":\"ListItem\",\"position\":2,\"name\":\"Tienda\",\"item\":\"https:\\\/\\\/thelyflabs.com\\\/tienda\"},{\"@type\":\"ListItem\",\"position\":3,\"name\":\"Cartucho desechable 10-OH &#8211; Gorilla Glue\"}]},{\"@type\":\"WebSite\",\"@id\":\"https:\\\/\\\/thelyflabs.com\\\/#website\",\"url\":\"https:\\\/\\\/thelyflabs.com\\\/\",\"name\":\"The LYF Labs\",\"description\":\"CBD al por mayor\",\"publisher\":{\"@id\":\"https:\\\/\\\/thelyflabs.com\\\/#organization\"},\"potentialAction\":[{\"@type\":\"SearchAction\",\"target\":{\"@type\":\"EntryPoint\",\"urlTemplate\":\"https:\\\/\\\/thelyflabs.com\\\/?s={search_term_string}\"},\"query-input\":{\"@type\":\"PropertyValueSpecification\",\"valueRequired\":true,\"valueName\":\"search_term_string\"}}],\"inLanguage\":\"fr-FR\"},{\"@type\":\"Organization\",\"@id\":\"https:\\\/\\\/thelyflabs.com\\\/#organization\",\"name\":\"The LYF Labs\",\"url\":\"https:\\\/\\\/thelyflabs.com\\\/\",\"logo\":{\"@type\":\"ImageObject\",\"inLanguage\":\"fr-FR\",\"@id\":\"https:\\\/\\\/thelyflabs.com\\\/#\\\/schema\\\/logo\\\/image\\\/\",\"url\":\"https:\\\/\\\/thelyflabs.com\\\/wp-content\\\/uploads\\\/2023\\\/01\\\/cropped-LogoTheLYFLabs.png\",\"contentUrl\":\"https:\\\/\\\/thelyflabs.com\\\/wp-content\\\/uploads\\\/2023\\\/01\\\/cropped-LogoTheLYFLabs.png\",\"width\":600,\"height\":180,\"caption\":\"The LYF Labs\"},\"image\":{\"@id\":\"https:\\\/\\\/thelyflabs.com\\\/#\\\/schema\\\/logo\\\/image\\\/\"}}]}<\/script>\n<!-- \/ Yoast SEO plugin. -->","yoast_head_json":{"title":"Cartucho desechable 10-OH - Gorilla Glue - Comprar 10-OH legal- THE LYF LABS","description":"Compra al por mayor el cartucho 10-OH Gorilla Glue. Sabor intenso y claridad mental sin THC. Ideal para tiendas. Descuentos exclusivos distribuidores.","robots":{"index":"index","follow":"follow","max-snippet":"max-snippet:-1","max-image-preview":"max-image-preview:large","max-video-preview":"max-video-preview:-1"},"canonical":"https:\/\/thelyflabs.com\/fr\/product\/cartucho-desechable-10-oh-gorilla-glue\/","og_locale":"fr_FR","og_type":"article","og_title":"Cartucho desechable 10-OH - Gorilla Glue - Comprar 10-OH legal- THE LYF LABS","og_description":"Compra al por mayor el cartucho 10-OH Gorilla Glue. Sabor intenso y claridad mental sin THC. Ideal para tiendas. Descuentos exclusivos distribuidores.","og_url":"https:\/\/thelyflabs.com\/fr\/product\/cartucho-desechable-10-oh-gorilla-glue\/","og_site_name":"THE LYF LABS","article_modified_time":"2026-04-08T09:54:01+00:00","og_image":[{"width":1000,"height":1000,"url":"https:\/\/thelyflabs.com\/wp-content\/uploads\/2025\/07\/bolsa-10-OH-cart-Gorilla-con-cartucho.webp","type":"image\/webp"}],"twitter_card":"summary_large_image","twitter_misc":{"Dur\u00e9e de lecture estim\u00e9e":"4 minutes"},"schema":{"@context":"https:\/\/schema.org","@graph":[{"@type":"WebPage","@id":"https:\/\/thelyflabs.com\/product\/cartucho-desechable-10-oh-gorilla-glue","url":"https:\/\/thelyflabs.com\/product\/cartucho-desechable-10-oh-gorilla-glue","name":"Cartucho desechable 10-OH - Gorilla Glue - Comprar 10-OH legal- THE LYF LABS","isPartOf":{"@id":"https:\/\/thelyflabs.com\/#website"},"primaryImageOfPage":{"@id":"https:\/\/thelyflabs.com\/product\/cartucho-desechable-10-oh-gorilla-glue#primaryimage"},"image":{"@id":"https:\/\/thelyflabs.com\/product\/cartucho-desechable-10-oh-gorilla-glue#primaryimage"},"thumbnailUrl":"https:\/\/thelyflabs.com\/wp-content\/uploads\/2025\/07\/bolsa-10-OH-cart-Gorilla-con-cartucho.webp","datePublished":"2025-07-16T19:02:08+00:00","dateModified":"2026-04-08T09:54:01+00:00","description":"Compra al por mayor el cartucho 10-OH Gorilla Glue. Sabor intenso y claridad mental sin THC. Ideal para tiendas. Descuentos exclusivos distribuidores.","breadcrumb":{"@id":"https:\/\/thelyflabs.com\/product\/cartucho-desechable-10-oh-gorilla-glue#breadcrumb"},"inLanguage":"fr-FR","potentialAction":[{"@type":"ReadAction","target":["https:\/\/thelyflabs.com\/product\/cartucho-desechable-10-oh-gorilla-glue"]}]},{"@type":"ImageObject","inLanguage":"fr-FR","@id":"https:\/\/thelyflabs.com\/product\/cartucho-desechable-10-oh-gorilla-glue#primaryimage","url":"https:\/\/thelyflabs.com\/wp-content\/uploads\/2025\/07\/bolsa-10-OH-cart-Gorilla-con-cartucho.webp","contentUrl":"https:\/\/thelyflabs.com\/wp-content\/uploads\/2025\/07\/bolsa-10-OH-cart-Gorilla-con-cartucho.webp","width":1000,"height":1000},{"@type":"BreadcrumbList","@id":"https:\/\/thelyflabs.com\/product\/cartucho-desechable-10-oh-gorilla-glue#breadcrumb","itemListElement":[{"@type":"ListItem","position":1,"name":"Portada","item":"https:\/\/thelyflabs.com\/"},{"@type":"ListItem","position":2,"name":"Tienda","item":"https:\/\/thelyflabs.com\/tienda"},{"@type":"ListItem","position":3,"name":"Cartucho desechable 10-OH &#8211; Gorilla Glue"}]},{"@type":"WebSite","@id":"https:\/\/thelyflabs.com\/#website","url":"https:\/\/thelyflabs.com\/","name":"Les laboratoires LYF","description":"Vente en gros de CBD","publisher":{"@id":"https:\/\/thelyflabs.com\/#organization"},"potentialAction":[{"@type":"SearchAction","target":{"@type":"EntryPoint","urlTemplate":"https:\/\/thelyflabs.com\/?s={search_term_string}"},"query-input":{"@type":"PropertyValueSpecification","valueRequired":true,"valueName":"search_term_string"}}],"inLanguage":"fr-FR"},{"@type":"Organization","@id":"https:\/\/thelyflabs.com\/#organization","name":"Les laboratoires LYF","url":"https:\/\/thelyflabs.com\/","logo":{"@type":"ImageObject","inLanguage":"fr-FR","@id":"https:\/\/thelyflabs.com\/#\/schema\/logo\/image\/","url":"https:\/\/thelyflabs.com\/wp-content\/uploads\/2023\/01\/cropped-LogoTheLYFLabs.png","contentUrl":"https:\/\/thelyflabs.com\/wp-content\/uploads\/2023\/01\/cropped-LogoTheLYFLabs.png","width":600,"height":180,"caption":"The LYF Labs"},"image":{"@id":"https:\/\/thelyflabs.com\/#\/schema\/logo\/image\/"}}]}},"_links":{"self":[{"href":"https:\/\/thelyflabs.com\/fr\/wp-json\/wp\/v2\/product\/12983","targetHints":{"allow":["GET"]}}],"collection":[{"href":"https:\/\/thelyflabs.com\/fr\/wp-json\/wp\/v2\/product"}],"about":[{"href":"https:\/\/thelyflabs.com\/fr\/wp-json\/wp\/v2\/types\/product"}],"replies":[{"embeddable":true,"href":"https:\/\/thelyflabs.com\/fr\/wp-json\/wp\/v2\/comments?post=12983"}],"wp:featuredmedia":[{"embeddable":true,"href":"https:\/\/thelyflabs.com\/fr\/wp-json\/wp\/v2\/media\/13011"}],"wp:attachment":[{"href":"https:\/\/thelyflabs.com\/fr\/wp-json\/wp\/v2\/media?parent=12983"}],"wp:term":[{"taxonomy":"product_brand","embeddable":true,"href":"https:\/\/thelyflabs.com\/fr\/wp-json\/wp\/v2\/product_brand?post=12983"},{"taxonomy":"product_cat","embeddable":true,"href":"https:\/\/thelyflabs.com\/fr\/wp-json\/wp\/v2\/product_cat?post=12983"},{"taxonomy":"product_tag","embeddable":true,"href":"https:\/\/thelyflabs.com\/fr\/wp-json\/wp\/v2\/product_tag?post=12983"}],"curies":[{"name":"wp","href":"https:\/\/api.w.org\/{rel}","templated":true}]}}