{"id":12986,"date":"2025-07-16T21:00:44","date_gmt":"2025-07-16T19:00:44","guid":{"rendered":"https:\/\/thelyflabs.com\/?post_type=product&#038;p=12986"},"modified":"2026-04-20T09:27:24","modified_gmt":"2026-04-20T07:27:24","slug":"cartucho-desechable-10-oh-gelato","status":"publish","type":"product","link":"https:\/\/thelyflabs.com\/fr\/product\/cartucho-desechable-10-oh-gelato","title":{"rendered":"Cartouche jetable 10-OH \u2013 Gelato"},"content":{"rendered":"<h1>Cartouche jetable 10-OH \u2013 Gelato\u00a0: euphorie \u00e9quilibr\u00e9e et saveur cannabis<\/h1>\n<p>D\u00e9couvrez la puissance de <b>10-OH<\/b> avec notre exclusivit\u00e9 <b>Cartouche jetable 10-OH \u2013 Gelato<\/b>Uniquement chez Iguana Smoke, votre chill shop de confiance \u00e0 Madrid.<\/p>\n<p>Envie d&#039;une exp\u00e9rience de vapotage unique, puissante et sans THC\u00a0? Avec <b>Cartouche jetable 10-OH \u2013 Gelato<\/b>, tu vas paniquer. Cette capsule de vapotage contient une formule innovante avec <b>10-OH (10-hydroxyhaxahydrocannabinol)<\/b>, un cannabino\u00efde r\u00e9volutionnaire id\u00e9al pour ceux qui recherchent <b>clart\u00e9 mentale, euphorie mod\u00e9r\u00e9e et bien-\u00eatre \u00e9quilibr\u00e9<\/b>.<\/p>\n<h3>Qu&#039;est-ce que 10-OH ?<\/h3>\n<p>Il <b>10-OH<\/b> c&#039;est un <b>m\u00e9tabolite du HHC<\/b>, une substance produite par la d\u00e9gradation du HHC par l&#039;organisme. En laboratoire, elle est obtenue par transformation du HHC en sa forme hydroxyl\u00e9e, ce qui donne un cannabino\u00efde plus stable, dot\u00e9 d&#039;une affinit\u00e9 sp\u00e9cifique pour certains r\u00e9cepteurs du syst\u00e8me endocannabino\u00efde.<\/p>\n<p>Bien que les effets puissent varier d\u2019une personne \u00e0 l\u2019autre, les consommateurs qui ont essay\u00e9 le 10-OH (dans les pays o\u00f9 son utilisation est l\u00e9gale) d\u00e9crivent souvent des exp\u00e9riences telles que :<\/p>\n<ul>\n<li><b>Euphorie mod\u00e9r\u00e9e<\/b>, sans l\u2019\u00e9tat alt\u00e9r\u00e9 plus intense que le THC peut provoquer.<\/li>\n<li><b>D\u00e9tente physique<\/b>, sans produire une sensation de s\u00e9dation excessive.<\/li>\n<li><b>Clart\u00e9 mentale<\/b>, qui favorise la concentration ou l&#039;interaction sociale.<\/li>\n<li><b>Moins d&#039;anxi\u00e9t\u00e9<\/b>, ce qui en fait une option int\u00e9ressante pour ceux qui ne tol\u00e8rent pas bien le THC.<\/li>\n<\/ul>\n<p>Ces effets placent le 10-OH \u00e0 mi-chemin entre le HHC et le THC : <b>plus intense que le premier, mais plus g\u00e9rable que le second<\/b>Pour cette raison, de nombreuses personnes int\u00e9ress\u00e9es par l\u2019achat de HHC finissent par opter pour le 10-OH comme alternative plus puissante et structur\u00e9e.<\/p>\n<p>Si vous souhaitez d\u00e9couvrir les diff\u00e9rences entre le 10-OH et d&#039;autres mol\u00e9cules comme le HHC, visitez <a href=\"https:\/\/iguanasmoke.com\/que-es-el-10-oh-la-nueva-opcion-en-cannabinoides\/\">notre article<\/a>.<\/p>\n<h3>Profil de saveur de la glace<\/h3>\n<p>Il <b>Cartouche jetable 10-OH \u2013 Gelato<\/b> Il est charg\u00e9 d&#039;un liquide de premi\u00e8re qualit\u00e9, sans impuret\u00e9s et avec toute la saveur authentique et herbac\u00e9e de la vari\u00e9t\u00e9 <b>Gelato<\/b>, un favori dans le monde du cannabis. \u00c0 chaque bouff\u00e9e, vous savourerez un profil aromatique d\u00e9licieux et complexe, aux nuances herbac\u00e9es et terreuses, agr\u00e9ment\u00e9 d&#039;une touche sucr\u00e9e rappelant le cannabis le plus abouti, tout en ressentant ses effets \u00e9quilibr\u00e9s.<\/p>\n<h3>Qu&#039;est-ce qu&#039;une cartouche jetable ?<\/h3>\n<p>UN <b>cartouche ou capsule jetable<\/b> C&#039;est une fa\u00e7on pratique et moderne de profiter de vos liquides de vapotage pr\u00e9f\u00e9r\u00e9s. Con\u00e7ues pour \u00eatre utilis\u00e9es avec des batteries de type 510, ces cartouches sont faciles \u00e0 installer et \u00e0 jeter une fois vides. Pas de remplissage et pas de tracas !<\/p>\n<p>Il <b>Cartouche jetable 10-OH \u2013 Gelato<\/b> Il est disponible en deux tailles :<\/p>\n<ul>\n<li><b>1 ml<\/b> \u2013 Jusqu\u2019\u00e0 300 bouff\u00e9es.<\/li>\n<li><b>2 ml<\/b> \u2013 Jusqu\u2019\u00e0 600 bouff\u00e9es.<\/li>\n<\/ul>\n<p><b>Facile, confortable et propre.<\/b> Branchez-le, inspirez et profitez.<\/p>\n<h3>Pourquoi choisir la cartouche jetable 10-OH Gelato ?<\/h3>\n<p><b>Achetez une vape avec 10-OH<\/b> Il s&#039;agit de privil\u00e9gier l&#039;innovation et un profil cannabino\u00efde unique. Chez Iguana Smoke, nous travaillons uniquement avec des produits certifi\u00e9s, fabriqu\u00e9s \u00e0 partir d&#039;extraits de chanvre r\u00e9pondant aux normes les plus strictes.<\/p>\n<p><b>Principaux avantages de la cartouche 10-OH Gelato\u00a0:<\/b><\/p>\n<ul>\n<li>Contient <b>10-OH<\/b>, un cannabino\u00efde d\u00e9riv\u00e9 du chanvre et <b>Sans THC<\/b>.<\/li>\n<li><b>Saveur Gelato au cannabis de qualit\u00e9 sup\u00e9rieure.<\/b>.<\/li>\n<li><b>Compatible avec la plupart des batteries 510<\/b> du march\u00e9.<\/li>\n<li>Il offre un <b>euphorie mod\u00e9r\u00e9e<\/b> et <b>clart\u00e9 mentale<\/b> (dans les pays o\u00f9 sa consommation est l\u00e9gale).<\/li>\n<li><b>Cela ne g\u00e9n\u00e8re pas de tol\u00e9rance<\/b> avec une utilisation fr\u00e9quente (informations bas\u00e9es sur des \u00e9tudes pr\u00e9liminaires).<\/li>\n<\/ul>\n<h3>Gelato 10-OH\u00a0: l&#039;\u00e9quilibre parfait pour votre routine<\/h3>\n<p>Oubliez les produits qui promettent beaucoup et ne livrent rien. <b>Cartouche Gelato 10-OH<\/b> C&#039;est l&#039;\u00e9quilibre parfait entre saveur exceptionnelle et exp\u00e9rience pratique. Gr\u00e2ce \u00e0 son design compact et \u00e0 son contenu puissant, vous pouvez en profiter partout\u00a0: \u00e0 la maison, au travail, en d\u00e9placement\u2026 o\u00f9 que vous soyez\u00a0!<\/p>\n<p>Tu sais, si tu cherches <b>acheter 10-OH<\/b>Ne cherchez plus. Iguana Smoke est votre bar \u00e0 cocktails relaxant, et nous avons tout pr\u00e9vu pour que vous profitiez de l&#039;exp\u00e9rience 10-OH que vous m\u00e9ritez.<\/p>\n<h4>Informations l\u00e9gales<\/h4>\n<p>Tous nos produits sont issus de chanvre industriel certifi\u00e9. Ils contiennent moins de 0,31 TP3T de THC et sont exempts de cannabino\u00efdes ill\u00e9gaux tels que le HHC, le HHC-P, le THCP, le THCP-O, le H4CBD ou leurs d\u00e9riv\u00e9s. Vous pouvez consulter le <a href=\"https:\/\/iguanasmoke.com\/analiticas\/\" target=\"_blank\" rel=\"noopener\">Certificat d&#039;analyse ici.<\/a><\/p>\n<p><i>Ce produit est un objet de collection. Il n&#039;est pas con\u00e7u pour la consommation directe ou la combustion.<\/i> <i>Ce produit ne contient pas de cannabino\u00efdes inclus dans l&#039;annexe I du d\u00e9cret royal 2829\/1977, mis \u00e0 jour par l&#039;arr\u00eat\u00e9 SND\/380\/2025, du 14 avril, ni de substances contr\u00f4l\u00e9es par la Convention unique sur les stup\u00e9fiants de 1961 et la Convention sur les substances psychotropes de 1971.<\/i><\/p>","protected":false},"excerpt":{"rendered":"<h4>Cartouche jetable 10-OH \u2013 Gelato<\/h4>\n<h4>Caract\u00e9ristiques<\/h4>\n<ul>\n<li>Saveur de cannabis<\/li>\n<li>Connexion : tapez 510<\/li>\n<li>Capacit\u00e9 : 1 ml \/ 2 ml<\/li>\n<li>Bouff\u00e9es : 300 \/ 600<\/li>\n<li>Terp\u00e8nes naturels de haute qualit\u00e9<\/li>\n<li>10-OH<\/li>\n<li>CBD : 40%<\/li>\n<li>CBG : 30%<\/li>\n<li>THC : 0%, HHC : 0%, THC-P : 0%, Nicotine : 0%<\/li>\n<li>Ne contient pas de VG, PG, PEG, MCT ou tout autre agent de coupe.<\/li>\n<\/ul>","protected":false},"featured_media":13009,"comment_status":"open","ping_status":"closed","template":"","meta":{"_acf_changed":false,"site-sidebar-layout":"default","site-content-layout":"","ast-site-content-layout":"default","site-content-style":"default","site-sidebar-style":"default","ast-global-header-display":"","ast-banner-title-visibility":"","ast-main-header-display":"","ast-hfb-above-header-display":"","ast-hfb-below-header-display":"","ast-hfb-mobile-header-display":"","site-post-title":"","ast-breadcrumbs-content":"","ast-featured-img":"","footer-sml-layout":"","theme-transparent-header-meta":"default","adv-header-id-meta":"","stick-header-meta":"","header-above-stick-meta":"","header-main-stick-meta":"","header-below-stick-meta":"","astra-migrate-meta-layouts":"set","ast-page-background-enabled":"default","ast-page-background-meta":{"desktop":{"background-color":"var(--ast-global-color-4)","background-image":"","background-repeat":"repeat","background-position":"center center","background-size":"auto","background-attachment":"scroll","background-type":"","background-media":"","overlay-type":"","overlay-color":"","overlay-opacity":"","overlay-gradient":""},"tablet":{"background-color":"","background-image":"","background-repeat":"repeat","background-position":"center center","background-size":"auto","background-attachment":"scroll","background-type":"","background-media":"","overlay-type":"","overlay-color":"","overlay-opacity":"","overlay-gradient":""},"mobile":{"background-color":"","background-image":"","background-repeat":"repeat","background-position":"center center","background-size":"auto","background-attachment":"scroll","background-type":"","background-media":"","overlay-type":"","overlay-color":"","overlay-opacity":"","overlay-gradient":""}},"ast-content-background-meta":{"desktop":{"background-color":"var(--ast-global-color-5)","background-image":"","background-repeat":"repeat","background-position":"center center","background-size":"auto","background-attachment":"scroll","background-type":"","background-media":"","overlay-type":"","overlay-color":"","overlay-opacity":"","overlay-gradient":""},"tablet":{"background-color":"var(--ast-global-color-5)","background-image":"","background-repeat":"repeat","background-position":"center center","background-size":"auto","background-attachment":"scroll","background-type":"","background-media":"","overlay-type":"","overlay-color":"","overlay-opacity":"","overlay-gradient":""},"mobile":{"background-color":"var(--ast-global-color-5)","background-image":"","background-repeat":"repeat","background-position":"center center","background-size":"auto","background-attachment":"scroll","background-type":"","background-media":"","overlay-type":"","overlay-color":"","overlay-opacity":"","overlay-gradient":""}}},"product_brand":[],"product_cat":[140,91,146],"product_tag":[],"class_list":{"0":"post-12986","1":"product","2":"type-product","3":"status-publish","4":"has-post-thumbnail","6":"product_cat-10oh","7":"product_cat-cartuchos","8":"product_cat-nuevas-moleculas","9":"desktop-align-center","10":"tablet-align-left","11":"mobile-align-left","13":"first","14":"instock","15":"taxable","16":"shipping-taxable","17":"purchasable","18":"product-type-variable"},"acf":[],"yoast_head":"<!-- This site is optimized with the Yoast SEO plugin v27.4 - https:\/\/yoast.com\/product\/yoast-seo-wordpress\/ -->\n<title>Cartucho desechable 10-OH - Gelato - Comprar cartuchos mayorista - THE LYF LABS<\/title>\n<meta name=\"description\" content=\"Mayorista 10-OH Gelato. Cartuchos Thelyflabs con sabor a cannabis y efecto r\u00e1pido. Producto innovador sin THC para tu negocio. Compra al por mayor.\" \/>\n<meta name=\"robots\" content=\"index, follow, max-snippet:-1, max-image-preview:large, max-video-preview:-1\" \/>\n<link rel=\"canonical\" href=\"https:\/\/thelyflabs.com\/fr\/product\/cartucho-desechable-10-oh-gelato\/\" \/>\n<meta property=\"og:locale\" content=\"fr_FR\" \/>\n<meta property=\"og:type\" content=\"article\" \/>\n<meta property=\"og:title\" content=\"Cartucho desechable 10-OH - Gelato - Comprar cartuchos mayorista - THE LYF LABS\" \/>\n<meta property=\"og:description\" content=\"Mayorista 10-OH Gelato. Cartuchos Thelyflabs con sabor a cannabis y efecto r\u00e1pido. Producto innovador sin THC para tu negocio. Compra al por mayor.\" \/>\n<meta property=\"og:url\" content=\"https:\/\/thelyflabs.com\/fr\/product\/cartucho-desechable-10-oh-gelato\/\" \/>\n<meta property=\"og:site_name\" content=\"THE LYF LABS\" \/>\n<meta property=\"article:modified_time\" content=\"2026-04-20T07:27:24+00:00\" \/>\n<meta property=\"og:image\" content=\"https:\/\/thelyflabs.com\/wp-content\/uploads\/2025\/07\/bolsa-10-OH-cart-Gelato-con-cartucho.webp\" \/>\n\t<meta property=\"og:image:width\" content=\"1000\" \/>\n\t<meta property=\"og:image:height\" content=\"1000\" \/>\n\t<meta property=\"og:image:type\" content=\"image\/webp\" \/>\n<meta name=\"twitter:card\" content=\"summary_large_image\" \/>\n<meta name=\"twitter:label1\" content=\"Dur\u00e9e de lecture estim\u00e9e\" \/>\n\t<meta name=\"twitter:data1\" content=\"4 minutes\" \/>\n<script type=\"application\/ld+json\" class=\"yoast-schema-graph\">{\"@context\":\"https:\\\/\\\/schema.org\",\"@graph\":[{\"@type\":\"WebPage\",\"@id\":\"https:\\\/\\\/thelyflabs.com\\\/product\\\/cartucho-desechable-10-oh-gelato\",\"url\":\"https:\\\/\\\/thelyflabs.com\\\/product\\\/cartucho-desechable-10-oh-gelato\",\"name\":\"Cartucho desechable 10-OH - Gelato - Comprar cartuchos mayorista - THE LYF LABS\",\"isPartOf\":{\"@id\":\"https:\\\/\\\/thelyflabs.com\\\/#website\"},\"primaryImageOfPage\":{\"@id\":\"https:\\\/\\\/thelyflabs.com\\\/product\\\/cartucho-desechable-10-oh-gelato#primaryimage\"},\"image\":{\"@id\":\"https:\\\/\\\/thelyflabs.com\\\/product\\\/cartucho-desechable-10-oh-gelato#primaryimage\"},\"thumbnailUrl\":\"https:\\\/\\\/thelyflabs.com\\\/wp-content\\\/uploads\\\/2025\\\/07\\\/bolsa-10-OH-cart-Gelato-con-cartucho.webp\",\"datePublished\":\"2025-07-16T19:00:44+00:00\",\"dateModified\":\"2026-04-20T07:27:24+00:00\",\"description\":\"Mayorista 10-OH Gelato. Cartuchos Thelyflabs con sabor a cannabis y efecto r\u00e1pido. Producto innovador sin THC para tu negocio. Compra al por mayor.\",\"breadcrumb\":{\"@id\":\"https:\\\/\\\/thelyflabs.com\\\/product\\\/cartucho-desechable-10-oh-gelato#breadcrumb\"},\"inLanguage\":\"fr-FR\",\"potentialAction\":[{\"@type\":\"ReadAction\",\"target\":[\"https:\\\/\\\/thelyflabs.com\\\/product\\\/cartucho-desechable-10-oh-gelato\"]}]},{\"@type\":\"ImageObject\",\"inLanguage\":\"fr-FR\",\"@id\":\"https:\\\/\\\/thelyflabs.com\\\/product\\\/cartucho-desechable-10-oh-gelato#primaryimage\",\"url\":\"https:\\\/\\\/thelyflabs.com\\\/wp-content\\\/uploads\\\/2025\\\/07\\\/bolsa-10-OH-cart-Gelato-con-cartucho.webp\",\"contentUrl\":\"https:\\\/\\\/thelyflabs.com\\\/wp-content\\\/uploads\\\/2025\\\/07\\\/bolsa-10-OH-cart-Gelato-con-cartucho.webp\",\"width\":1000,\"height\":1000},{\"@type\":\"BreadcrumbList\",\"@id\":\"https:\\\/\\\/thelyflabs.com\\\/product\\\/cartucho-desechable-10-oh-gelato#breadcrumb\",\"itemListElement\":[{\"@type\":\"ListItem\",\"position\":1,\"name\":\"Portada\",\"item\":\"https:\\\/\\\/thelyflabs.com\\\/\"},{\"@type\":\"ListItem\",\"position\":2,\"name\":\"Tienda\",\"item\":\"https:\\\/\\\/thelyflabs.com\\\/tienda\"},{\"@type\":\"ListItem\",\"position\":3,\"name\":\"Cartucho desechable 10-OH &#8211; Gelato\"}]},{\"@type\":\"WebSite\",\"@id\":\"https:\\\/\\\/thelyflabs.com\\\/#website\",\"url\":\"https:\\\/\\\/thelyflabs.com\\\/\",\"name\":\"The LYF Labs\",\"description\":\"CBD al por mayor\",\"publisher\":{\"@id\":\"https:\\\/\\\/thelyflabs.com\\\/#organization\"},\"potentialAction\":[{\"@type\":\"SearchAction\",\"target\":{\"@type\":\"EntryPoint\",\"urlTemplate\":\"https:\\\/\\\/thelyflabs.com\\\/?s={search_term_string}\"},\"query-input\":{\"@type\":\"PropertyValueSpecification\",\"valueRequired\":true,\"valueName\":\"search_term_string\"}}],\"inLanguage\":\"fr-FR\"},{\"@type\":\"Organization\",\"@id\":\"https:\\\/\\\/thelyflabs.com\\\/#organization\",\"name\":\"The LYF Labs\",\"url\":\"https:\\\/\\\/thelyflabs.com\\\/\",\"logo\":{\"@type\":\"ImageObject\",\"inLanguage\":\"fr-FR\",\"@id\":\"https:\\\/\\\/thelyflabs.com\\\/#\\\/schema\\\/logo\\\/image\\\/\",\"url\":\"https:\\\/\\\/thelyflabs.com\\\/wp-content\\\/uploads\\\/2023\\\/01\\\/cropped-LogoTheLYFLabs.png\",\"contentUrl\":\"https:\\\/\\\/thelyflabs.com\\\/wp-content\\\/uploads\\\/2023\\\/01\\\/cropped-LogoTheLYFLabs.png\",\"width\":600,\"height\":180,\"caption\":\"The LYF Labs\"},\"image\":{\"@id\":\"https:\\\/\\\/thelyflabs.com\\\/#\\\/schema\\\/logo\\\/image\\\/\"}}]}<\/script>\n<!-- \/ Yoast SEO plugin. -->","yoast_head_json":{"title":"Cartucho desechable 10-OH - Gelato - Comprar cartuchos mayorista - THE LYF LABS","description":"Mayorista 10-OH Gelato. Cartuchos Thelyflabs con sabor a cannabis y efecto r\u00e1pido. Producto innovador sin THC para tu negocio. Compra al por mayor.","robots":{"index":"index","follow":"follow","max-snippet":"max-snippet:-1","max-image-preview":"max-image-preview:large","max-video-preview":"max-video-preview:-1"},"canonical":"https:\/\/thelyflabs.com\/fr\/product\/cartucho-desechable-10-oh-gelato\/","og_locale":"fr_FR","og_type":"article","og_title":"Cartucho desechable 10-OH - Gelato - Comprar cartuchos mayorista - THE LYF LABS","og_description":"Mayorista 10-OH Gelato. Cartuchos Thelyflabs con sabor a cannabis y efecto r\u00e1pido. Producto innovador sin THC para tu negocio. Compra al por mayor.","og_url":"https:\/\/thelyflabs.com\/fr\/product\/cartucho-desechable-10-oh-gelato\/","og_site_name":"THE LYF LABS","article_modified_time":"2026-04-20T07:27:24+00:00","og_image":[{"width":1000,"height":1000,"url":"https:\/\/thelyflabs.com\/wp-content\/uploads\/2025\/07\/bolsa-10-OH-cart-Gelato-con-cartucho.webp","type":"image\/webp"}],"twitter_card":"summary_large_image","twitter_misc":{"Dur\u00e9e de lecture estim\u00e9e":"4 minutes"},"schema":{"@context":"https:\/\/schema.org","@graph":[{"@type":"WebPage","@id":"https:\/\/thelyflabs.com\/product\/cartucho-desechable-10-oh-gelato","url":"https:\/\/thelyflabs.com\/product\/cartucho-desechable-10-oh-gelato","name":"Cartucho desechable 10-OH - Gelato - Comprar cartuchos mayorista - THE LYF LABS","isPartOf":{"@id":"https:\/\/thelyflabs.com\/#website"},"primaryImageOfPage":{"@id":"https:\/\/thelyflabs.com\/product\/cartucho-desechable-10-oh-gelato#primaryimage"},"image":{"@id":"https:\/\/thelyflabs.com\/product\/cartucho-desechable-10-oh-gelato#primaryimage"},"thumbnailUrl":"https:\/\/thelyflabs.com\/wp-content\/uploads\/2025\/07\/bolsa-10-OH-cart-Gelato-con-cartucho.webp","datePublished":"2025-07-16T19:00:44+00:00","dateModified":"2026-04-20T07:27:24+00:00","description":"Mayorista 10-OH Gelato. Cartuchos Thelyflabs con sabor a cannabis y efecto r\u00e1pido. Producto innovador sin THC para tu negocio. Compra al por mayor.","breadcrumb":{"@id":"https:\/\/thelyflabs.com\/product\/cartucho-desechable-10-oh-gelato#breadcrumb"},"inLanguage":"fr-FR","potentialAction":[{"@type":"ReadAction","target":["https:\/\/thelyflabs.com\/product\/cartucho-desechable-10-oh-gelato"]}]},{"@type":"ImageObject","inLanguage":"fr-FR","@id":"https:\/\/thelyflabs.com\/product\/cartucho-desechable-10-oh-gelato#primaryimage","url":"https:\/\/thelyflabs.com\/wp-content\/uploads\/2025\/07\/bolsa-10-OH-cart-Gelato-con-cartucho.webp","contentUrl":"https:\/\/thelyflabs.com\/wp-content\/uploads\/2025\/07\/bolsa-10-OH-cart-Gelato-con-cartucho.webp","width":1000,"height":1000},{"@type":"BreadcrumbList","@id":"https:\/\/thelyflabs.com\/product\/cartucho-desechable-10-oh-gelato#breadcrumb","itemListElement":[{"@type":"ListItem","position":1,"name":"Portada","item":"https:\/\/thelyflabs.com\/"},{"@type":"ListItem","position":2,"name":"Tienda","item":"https:\/\/thelyflabs.com\/tienda"},{"@type":"ListItem","position":3,"name":"Cartucho desechable 10-OH &#8211; Gelato"}]},{"@type":"WebSite","@id":"https:\/\/thelyflabs.com\/#website","url":"https:\/\/thelyflabs.com\/","name":"Les laboratoires LYF","description":"Vente en gros de CBD","publisher":{"@id":"https:\/\/thelyflabs.com\/#organization"},"potentialAction":[{"@type":"SearchAction","target":{"@type":"EntryPoint","urlTemplate":"https:\/\/thelyflabs.com\/?s={search_term_string}"},"query-input":{"@type":"PropertyValueSpecification","valueRequired":true,"valueName":"search_term_string"}}],"inLanguage":"fr-FR"},{"@type":"Organization","@id":"https:\/\/thelyflabs.com\/#organization","name":"Les laboratoires LYF","url":"https:\/\/thelyflabs.com\/","logo":{"@type":"ImageObject","inLanguage":"fr-FR","@id":"https:\/\/thelyflabs.com\/#\/schema\/logo\/image\/","url":"https:\/\/thelyflabs.com\/wp-content\/uploads\/2023\/01\/cropped-LogoTheLYFLabs.png","contentUrl":"https:\/\/thelyflabs.com\/wp-content\/uploads\/2023\/01\/cropped-LogoTheLYFLabs.png","width":600,"height":180,"caption":"The LYF Labs"},"image":{"@id":"https:\/\/thelyflabs.com\/#\/schema\/logo\/image\/"}}]}},"_links":{"self":[{"href":"https:\/\/thelyflabs.com\/fr\/wp-json\/wp\/v2\/product\/12986","targetHints":{"allow":["GET"]}}],"collection":[{"href":"https:\/\/thelyflabs.com\/fr\/wp-json\/wp\/v2\/product"}],"about":[{"href":"https:\/\/thelyflabs.com\/fr\/wp-json\/wp\/v2\/types\/product"}],"replies":[{"embeddable":true,"href":"https:\/\/thelyflabs.com\/fr\/wp-json\/wp\/v2\/comments?post=12986"}],"wp:featuredmedia":[{"embeddable":true,"href":"https:\/\/thelyflabs.com\/fr\/wp-json\/wp\/v2\/media\/13009"}],"wp:attachment":[{"href":"https:\/\/thelyflabs.com\/fr\/wp-json\/wp\/v2\/media?parent=12986"}],"wp:term":[{"taxonomy":"product_brand","embeddable":true,"href":"https:\/\/thelyflabs.com\/fr\/wp-json\/wp\/v2\/product_brand?post=12986"},{"taxonomy":"product_cat","embeddable":true,"href":"https:\/\/thelyflabs.com\/fr\/wp-json\/wp\/v2\/product_cat?post=12986"},{"taxonomy":"product_tag","embeddable":true,"href":"https:\/\/thelyflabs.com\/fr\/wp-json\/wp\/v2\/product_tag?post=12986"}],"curies":[{"name":"wp","href":"https:\/\/api.w.org\/{rel}","templated":true}]}}