{"id":13053,"date":"2025-07-21T15:36:20","date_gmt":"2025-07-21T13:36:20","guid":{"rendered":"https:\/\/thelyflabs.com\/?post_type=product&#038;p=13053"},"modified":"2026-03-19T15:21:36","modified_gmt":"2026-03-19T14:21:36","slug":"kit-iguana-power-cartucho-de-stv-sativanol-1ml","status":"publish","type":"product","link":"https:\/\/thelyflabs.com\/fr\/product\/kit-iguana-power-cartucho-de-stv-sativanol-1ml","title":{"rendered":"Kit Iguana Power + Cartouche STV (Sativanol) 1 ml"},"content":{"rendered":"<h3>Kit Iguana Power + Cartouche STV (Sativanol) 1 ml\u00a0: votre exp\u00e9rience de vapotage am\u00e9lior\u00e9e<\/h3>\n<p>Ce kit complet Iguana Power + cartouche STV (Sativanol) 1 ml vous offre la combinaison parfaite de puissance et d&#039;une large gamme de cannabino\u00efdes. Pour commencer, il allie la polyvalence <a href=\"https:\/\/thelyflabs.com\/fr\/product\/iguana-power-bateria-510-para-cartuchos-320mah\/\">Batterie mince 510<\/a> avec des cartouches STV (Sativanol) de 1 ml pour une exp\u00e9rience de vapotage de haute qualit\u00e9.<\/p>\n<h3>Fonctionnalit\u00e9s en vedette\u00a0:<\/h3>\n<ul>\n<li><strong>Compatibilit\u00e9 universelle avec la batterie 510<\/strong>La batterie Iguana Power 510 fonctionne avec de nombreuses cartouches et atomiseurs, vous pouvez donc choisir vos accessoires pr\u00e9f\u00e9r\u00e9s en toute libert\u00e9.<\/li>\n<li><strong>Bouton poussoir multifonction :<\/strong> Le bouton d&#039;alimentation a trois fonctions diff\u00e9rentes\u00a0: appuyez 5 fois pour allumer l&#039;appareil, 3 fois pour modifier la tension et 2 fois pour le pr\u00e9chauffer.<\/li>\n<li><strong>Puissance r\u00e9glable pour une vapeur personnalis\u00e9e<\/strong>:Vous pouvez ajuster la puissance \u00e0 votre guise pour personnaliser votre vape, afin de profiter de gros nuages et de saveurs intenses en quelques clics.<\/li>\n<li><strong>Conception compacte et durable :<\/strong> Sa petite taille et sa durabilit\u00e9 en font un outil id\u00e9al pour un usage quotidien. Vous pouvez l&#039;emporter partout avec vous sans souci, car il est con\u00e7u pour durer.<\/li>\n<li><strong>Cartouches STV (Sativanol) d&#039;une puret\u00e9 maximale<\/strong>D\u00e9couvrez le futur du vapotage avec les cartouches modernes STV (Sativanol). Ces cartouches sont compos\u00e9es de cannabino\u00efdes de haute qualit\u00e9\u00a0: le STV (Sativanol), un cannabino\u00efde semi-synth\u00e9tique associ\u00e9 \u00e0 des effets relaxants\u00a0; le CBG (cannabig\u00e9rol)\u00a0; et le CBD (cannabidiol). Associ\u00e9s aux terp\u00e8nes (ou ar\u00f4mes) de la cartouche, ils offrent une exp\u00e9rience de vapotage unique, ajoutant une nouvelle dimension \u00e0 vos moments de d\u00e9tente.<\/li>\n<li><strong>Diff\u00e9rentes saveurs<\/strong>Choisissez votre saveur pr\u00e9f\u00e9r\u00e9e parmi la s\u00e9lection disponible. Vous y trouverez tout, des saveurs classiques de cannabis (Amnesia, Gelato et Gorilla Glue) aux d\u00e9licieuses saveurs fruit\u00e9es (Mango et Lemon Haze).<\/li>\n<li><strong>Kit d&#039;alimentation Iguana complet et pr\u00eat \u00e0 l&#039;emploi<\/strong>De la batterie aux cartouches, ce kit contient tout ce dont vous avez besoin pour vapoter en toute simplicit\u00e9. Profitez de la commodit\u00e9 d&#039;un kit tout-en-un pour une d\u00e9tente optimale.<\/li>\n<\/ul>\n<h4>Qu&#039;est-ce qu&#039;une cartouche jetable ?<\/h4>\n<p>Le <b>cartouches jetables<\/b> Ce sont des appareils qui se connectent \u00e0 des batteries avec une entr\u00e9e de type 510. Une fois le liquide \u00e9puis\u00e9, il suffit de jeter ces cartouches.<\/p>\n<p>Remarque importante\u00a0: il s&#039;agit d&#039;un objet de collection. Ne pas consommer directement ni fumer.<\/p>","protected":false},"excerpt":{"rendered":"<h4>Kit batterie + cartouche STV 1 ml<\/h4>\n<h5><strong>Caract\u00e9ristiques<\/strong>:<\/h5>\n<ul>\n<li><span style=\"font-size: 16px\">Batterie mince : 320 mAh pour les cartouches de 1 ml<\/span><\/li>\n<li>Tension : 2,7 V \u2013 3,1 V \u2013 3,6 V<\/li>\n<li>Fonction de pr\u00e9chauffage de 15 secondes<\/li>\n<li>Connexion : USB-C<\/li>\n<li>Cartouche STV de 1 ml incluse (300 bouff\u00e9es)<\/li>\n<\/ul>","protected":false},"featured_media":13114,"comment_status":"open","ping_status":"closed","template":"","meta":{"_acf_changed":false,"site-sidebar-layout":"default","site-content-layout":"","ast-site-content-layout":"default","site-content-style":"default","site-sidebar-style":"default","ast-global-header-display":"","ast-banner-title-visibility":"","ast-main-header-display":"","ast-hfb-above-header-display":"","ast-hfb-below-header-display":"","ast-hfb-mobile-header-display":"","site-post-title":"","ast-breadcrumbs-content":"","ast-featured-img":"","footer-sml-layout":"","theme-transparent-header-meta":"default","adv-header-id-meta":"","stick-header-meta":"","header-above-stick-meta":"","header-main-stick-meta":"","header-below-stick-meta":"","astra-migrate-meta-layouts":"set","ast-page-background-enabled":"default","ast-page-background-meta":{"desktop":{"background-color":"var(--ast-global-color-4)","background-image":"","background-repeat":"repeat","background-position":"center center","background-size":"auto","background-attachment":"scroll","background-type":"","background-media":"","overlay-type":"","overlay-color":"","overlay-opacity":"","overlay-gradient":""},"tablet":{"background-color":"","background-image":"","background-repeat":"repeat","background-position":"center center","background-size":"auto","background-attachment":"scroll","background-type":"","background-media":"","overlay-type":"","overlay-color":"","overlay-opacity":"","overlay-gradient":""},"mobile":{"background-color":"","background-image":"","background-repeat":"repeat","background-position":"center center","background-size":"auto","background-attachment":"scroll","background-type":"","background-media":"","overlay-type":"","overlay-color":"","overlay-opacity":"","overlay-gradient":""}},"ast-content-background-meta":{"desktop":{"background-color":"var(--ast-global-color-5)","background-image":"","background-repeat":"repeat","background-position":"center center","background-size":"auto","background-attachment":"scroll","background-type":"","background-media":"","overlay-type":"","overlay-color":"","overlay-opacity":"","overlay-gradient":""},"tablet":{"background-color":"var(--ast-global-color-5)","background-image":"","background-repeat":"repeat","background-position":"center center","background-size":"auto","background-attachment":"scroll","background-type":"","background-media":"","overlay-type":"","overlay-color":"","overlay-opacity":"","overlay-gradient":""},"mobile":{"background-color":"var(--ast-global-color-5)","background-image":"","background-repeat":"repeat","background-position":"center center","background-size":"auto","background-attachment":"scroll","background-type":"","background-media":"","overlay-type":"","overlay-color":"","overlay-opacity":"","overlay-gradient":""}}},"product_brand":[],"product_cat":[91,146,143,138],"product_tag":[],"class_list":{"0":"post-13053","1":"product","2":"type-product","3":"status-publish","4":"has-post-thumbnail","6":"product_cat-cartuchos","7":"product_cat-nuevas-moleculas","8":"product_cat-stv","9":"product_cat-stv-sativanol","10":"desktop-align-center","11":"tablet-align-left","12":"mobile-align-left","14":"first","15":"instock","16":"taxable","17":"shipping-taxable","18":"purchasable","19":"product-type-composite"},"acf":[],"yoast_head":"<!-- This site is optimized with the Yoast SEO plugin v27.4 - https:\/\/yoast.com\/product\/yoast-seo-wordpress\/ -->\n<title>Kit Iguana Power + Cartucho de STV (Sativanol) 1ml - THE LYF LABS<\/title>\n<meta name=\"description\" content=\"Kit Iguana Power + Cartucho STV 1ml. Alto contenido en CBD. Ofrece a tus clientes una experiencia de vapeo premium. Vapers CBD para mayoristas.\" \/>\n<meta name=\"robots\" content=\"index, follow, max-snippet:-1, max-image-preview:large, max-video-preview:-1\" \/>\n<link rel=\"canonical\" href=\"https:\/\/thelyflabs.com\/fr\/product\/kit-iguana-power-cartucho-de-stv-sativanol-1ml\/\" \/>\n<meta property=\"og:locale\" content=\"fr_FR\" \/>\n<meta property=\"og:type\" content=\"article\" \/>\n<meta property=\"og:title\" content=\"Kit Iguana Power + Cartucho de STV (Sativanol) 1ml - THE LYF LABS\" \/>\n<meta property=\"og:description\" content=\"Kit Iguana Power + Cartucho STV 1ml. Alto contenido en CBD. Ofrece a tus clientes una experiencia de vapeo premium. Vapers CBD para mayoristas.\" \/>\n<meta property=\"og:url\" content=\"https:\/\/thelyflabs.com\/fr\/product\/kit-iguana-power-cartucho-de-stv-sativanol-1ml\/\" \/>\n<meta property=\"og:site_name\" content=\"THE LYF LABS\" \/>\n<meta property=\"article:modified_time\" content=\"2026-03-19T14:21:36+00:00\" \/>\n<meta property=\"og:image\" content=\"https:\/\/thelyflabs.com\/wp-content\/uploads\/2025\/07\/Bateria-slim-Cartucho-STV-1ml.webp\" \/>\n\t<meta property=\"og:image:width\" content=\"1000\" \/>\n\t<meta property=\"og:image:height\" content=\"1000\" \/>\n\t<meta property=\"og:image:type\" content=\"image\/webp\" \/>\n<meta name=\"twitter:card\" content=\"summary_large_image\" \/>\n<meta name=\"twitter:label1\" content=\"Dur\u00e9e de lecture estim\u00e9e\" \/>\n\t<meta name=\"twitter:data1\" content=\"2 minutes\" \/>\n<script type=\"application\/ld+json\" class=\"yoast-schema-graph\">{\"@context\":\"https:\\\/\\\/schema.org\",\"@graph\":[{\"@type\":\"WebPage\",\"@id\":\"https:\\\/\\\/thelyflabs.com\\\/product\\\/kit-iguana-power-cartucho-de-stv-sativanol-1ml\",\"url\":\"https:\\\/\\\/thelyflabs.com\\\/product\\\/kit-iguana-power-cartucho-de-stv-sativanol-1ml\",\"name\":\"Kit Iguana Power + Cartucho de STV (Sativanol) 1ml - THE LYF LABS\",\"isPartOf\":{\"@id\":\"https:\\\/\\\/thelyflabs.com\\\/#website\"},\"primaryImageOfPage\":{\"@id\":\"https:\\\/\\\/thelyflabs.com\\\/product\\\/kit-iguana-power-cartucho-de-stv-sativanol-1ml#primaryimage\"},\"image\":{\"@id\":\"https:\\\/\\\/thelyflabs.com\\\/product\\\/kit-iguana-power-cartucho-de-stv-sativanol-1ml#primaryimage\"},\"thumbnailUrl\":\"https:\\\/\\\/thelyflabs.com\\\/wp-content\\\/uploads\\\/2025\\\/07\\\/Bateria-slim-Cartucho-STV-1ml.webp\",\"datePublished\":\"2025-07-21T13:36:20+00:00\",\"dateModified\":\"2026-03-19T14:21:36+00:00\",\"description\":\"Kit Iguana Power + Cartucho STV 1ml. Alto contenido en CBD. Ofrece a tus clientes una experiencia de vapeo premium. Vapers CBD para mayoristas.\",\"breadcrumb\":{\"@id\":\"https:\\\/\\\/thelyflabs.com\\\/product\\\/kit-iguana-power-cartucho-de-stv-sativanol-1ml#breadcrumb\"},\"inLanguage\":\"fr-FR\",\"potentialAction\":[{\"@type\":\"ReadAction\",\"target\":[\"https:\\\/\\\/thelyflabs.com\\\/product\\\/kit-iguana-power-cartucho-de-stv-sativanol-1ml\"]}]},{\"@type\":\"ImageObject\",\"inLanguage\":\"fr-FR\",\"@id\":\"https:\\\/\\\/thelyflabs.com\\\/product\\\/kit-iguana-power-cartucho-de-stv-sativanol-1ml#primaryimage\",\"url\":\"https:\\\/\\\/thelyflabs.com\\\/wp-content\\\/uploads\\\/2025\\\/07\\\/Bateria-slim-Cartucho-STV-1ml.webp\",\"contentUrl\":\"https:\\\/\\\/thelyflabs.com\\\/wp-content\\\/uploads\\\/2025\\\/07\\\/Bateria-slim-Cartucho-STV-1ml.webp\",\"width\":1000,\"height\":1000,\"caption\":\"cart stv\"},{\"@type\":\"BreadcrumbList\",\"@id\":\"https:\\\/\\\/thelyflabs.com\\\/product\\\/kit-iguana-power-cartucho-de-stv-sativanol-1ml#breadcrumb\",\"itemListElement\":[{\"@type\":\"ListItem\",\"position\":1,\"name\":\"Portada\",\"item\":\"https:\\\/\\\/thelyflabs.com\\\/\"},{\"@type\":\"ListItem\",\"position\":2,\"name\":\"Tienda\",\"item\":\"https:\\\/\\\/thelyflabs.com\\\/tienda\"},{\"@type\":\"ListItem\",\"position\":3,\"name\":\"Kit Iguana Power + Cartucho de STV (Sativanol) 1ml\"}]},{\"@type\":\"WebSite\",\"@id\":\"https:\\\/\\\/thelyflabs.com\\\/#website\",\"url\":\"https:\\\/\\\/thelyflabs.com\\\/\",\"name\":\"The LYF Labs\",\"description\":\"CBD al por mayor\",\"publisher\":{\"@id\":\"https:\\\/\\\/thelyflabs.com\\\/#organization\"},\"potentialAction\":[{\"@type\":\"SearchAction\",\"target\":{\"@type\":\"EntryPoint\",\"urlTemplate\":\"https:\\\/\\\/thelyflabs.com\\\/?s={search_term_string}\"},\"query-input\":{\"@type\":\"PropertyValueSpecification\",\"valueRequired\":true,\"valueName\":\"search_term_string\"}}],\"inLanguage\":\"fr-FR\"},{\"@type\":\"Organization\",\"@id\":\"https:\\\/\\\/thelyflabs.com\\\/#organization\",\"name\":\"The LYF Labs\",\"url\":\"https:\\\/\\\/thelyflabs.com\\\/\",\"logo\":{\"@type\":\"ImageObject\",\"inLanguage\":\"fr-FR\",\"@id\":\"https:\\\/\\\/thelyflabs.com\\\/#\\\/schema\\\/logo\\\/image\\\/\",\"url\":\"https:\\\/\\\/thelyflabs.com\\\/wp-content\\\/uploads\\\/2023\\\/01\\\/cropped-LogoTheLYFLabs.png\",\"contentUrl\":\"https:\\\/\\\/thelyflabs.com\\\/wp-content\\\/uploads\\\/2023\\\/01\\\/cropped-LogoTheLYFLabs.png\",\"width\":600,\"height\":180,\"caption\":\"The LYF Labs\"},\"image\":{\"@id\":\"https:\\\/\\\/thelyflabs.com\\\/#\\\/schema\\\/logo\\\/image\\\/\"}}]}<\/script>\n<!-- \/ Yoast SEO plugin. -->","yoast_head_json":{"title":"Kit Iguana Power + Cartucho de STV (Sativanol) 1ml - THE LYF LABS","description":"Kit Iguana Power + Cartucho STV 1ml. Alto contenido en CBD. Ofrece a tus clientes una experiencia de vapeo premium. Vapers CBD para mayoristas.","robots":{"index":"index","follow":"follow","max-snippet":"max-snippet:-1","max-image-preview":"max-image-preview:large","max-video-preview":"max-video-preview:-1"},"canonical":"https:\/\/thelyflabs.com\/fr\/product\/kit-iguana-power-cartucho-de-stv-sativanol-1ml\/","og_locale":"fr_FR","og_type":"article","og_title":"Kit Iguana Power + Cartucho de STV (Sativanol) 1ml - THE LYF LABS","og_description":"Kit Iguana Power + Cartucho STV 1ml. Alto contenido en CBD. Ofrece a tus clientes una experiencia de vapeo premium. Vapers CBD para mayoristas.","og_url":"https:\/\/thelyflabs.com\/fr\/product\/kit-iguana-power-cartucho-de-stv-sativanol-1ml\/","og_site_name":"THE LYF LABS","article_modified_time":"2026-03-19T14:21:36+00:00","og_image":[{"width":1000,"height":1000,"url":"https:\/\/thelyflabs.com\/wp-content\/uploads\/2025\/07\/Bateria-slim-Cartucho-STV-1ml.webp","type":"image\/webp"}],"twitter_card":"summary_large_image","twitter_misc":{"Dur\u00e9e de lecture estim\u00e9e":"2 minutes"},"schema":{"@context":"https:\/\/schema.org","@graph":[{"@type":"WebPage","@id":"https:\/\/thelyflabs.com\/product\/kit-iguana-power-cartucho-de-stv-sativanol-1ml","url":"https:\/\/thelyflabs.com\/product\/kit-iguana-power-cartucho-de-stv-sativanol-1ml","name":"Kit Iguana Power + Cartucho de STV (Sativanol) 1ml - THE LYF LABS","isPartOf":{"@id":"https:\/\/thelyflabs.com\/#website"},"primaryImageOfPage":{"@id":"https:\/\/thelyflabs.com\/product\/kit-iguana-power-cartucho-de-stv-sativanol-1ml#primaryimage"},"image":{"@id":"https:\/\/thelyflabs.com\/product\/kit-iguana-power-cartucho-de-stv-sativanol-1ml#primaryimage"},"thumbnailUrl":"https:\/\/thelyflabs.com\/wp-content\/uploads\/2025\/07\/Bateria-slim-Cartucho-STV-1ml.webp","datePublished":"2025-07-21T13:36:20+00:00","dateModified":"2026-03-19T14:21:36+00:00","description":"Kit Iguana Power + Cartucho STV 1ml. Alto contenido en CBD. Ofrece a tus clientes una experiencia de vapeo premium. Vapers CBD para mayoristas.","breadcrumb":{"@id":"https:\/\/thelyflabs.com\/product\/kit-iguana-power-cartucho-de-stv-sativanol-1ml#breadcrumb"},"inLanguage":"fr-FR","potentialAction":[{"@type":"ReadAction","target":["https:\/\/thelyflabs.com\/product\/kit-iguana-power-cartucho-de-stv-sativanol-1ml"]}]},{"@type":"ImageObject","inLanguage":"fr-FR","@id":"https:\/\/thelyflabs.com\/product\/kit-iguana-power-cartucho-de-stv-sativanol-1ml#primaryimage","url":"https:\/\/thelyflabs.com\/wp-content\/uploads\/2025\/07\/Bateria-slim-Cartucho-STV-1ml.webp","contentUrl":"https:\/\/thelyflabs.com\/wp-content\/uploads\/2025\/07\/Bateria-slim-Cartucho-STV-1ml.webp","width":1000,"height":1000,"caption":"cart stv"},{"@type":"BreadcrumbList","@id":"https:\/\/thelyflabs.com\/product\/kit-iguana-power-cartucho-de-stv-sativanol-1ml#breadcrumb","itemListElement":[{"@type":"ListItem","position":1,"name":"Portada","item":"https:\/\/thelyflabs.com\/"},{"@type":"ListItem","position":2,"name":"Tienda","item":"https:\/\/thelyflabs.com\/tienda"},{"@type":"ListItem","position":3,"name":"Kit Iguana Power + Cartucho de STV (Sativanol) 1ml"}]},{"@type":"WebSite","@id":"https:\/\/thelyflabs.com\/#website","url":"https:\/\/thelyflabs.com\/","name":"Les laboratoires LYF","description":"Vente en gros de CBD","publisher":{"@id":"https:\/\/thelyflabs.com\/#organization"},"potentialAction":[{"@type":"SearchAction","target":{"@type":"EntryPoint","urlTemplate":"https:\/\/thelyflabs.com\/?s={search_term_string}"},"query-input":{"@type":"PropertyValueSpecification","valueRequired":true,"valueName":"search_term_string"}}],"inLanguage":"fr-FR"},{"@type":"Organization","@id":"https:\/\/thelyflabs.com\/#organization","name":"Les laboratoires LYF","url":"https:\/\/thelyflabs.com\/","logo":{"@type":"ImageObject","inLanguage":"fr-FR","@id":"https:\/\/thelyflabs.com\/#\/schema\/logo\/image\/","url":"https:\/\/thelyflabs.com\/wp-content\/uploads\/2023\/01\/cropped-LogoTheLYFLabs.png","contentUrl":"https:\/\/thelyflabs.com\/wp-content\/uploads\/2023\/01\/cropped-LogoTheLYFLabs.png","width":600,"height":180,"caption":"The LYF Labs"},"image":{"@id":"https:\/\/thelyflabs.com\/#\/schema\/logo\/image\/"}}]}},"_links":{"self":[{"href":"https:\/\/thelyflabs.com\/fr\/wp-json\/wp\/v2\/product\/13053","targetHints":{"allow":["GET"]}}],"collection":[{"href":"https:\/\/thelyflabs.com\/fr\/wp-json\/wp\/v2\/product"}],"about":[{"href":"https:\/\/thelyflabs.com\/fr\/wp-json\/wp\/v2\/types\/product"}],"replies":[{"embeddable":true,"href":"https:\/\/thelyflabs.com\/fr\/wp-json\/wp\/v2\/comments?post=13053"}],"wp:featuredmedia":[{"embeddable":true,"href":"https:\/\/thelyflabs.com\/fr\/wp-json\/wp\/v2\/media\/13114"}],"wp:attachment":[{"href":"https:\/\/thelyflabs.com\/fr\/wp-json\/wp\/v2\/media?parent=13053"}],"wp:term":[{"taxonomy":"product_brand","embeddable":true,"href":"https:\/\/thelyflabs.com\/fr\/wp-json\/wp\/v2\/product_brand?post=13053"},{"taxonomy":"product_cat","embeddable":true,"href":"https:\/\/thelyflabs.com\/fr\/wp-json\/wp\/v2\/product_cat?post=13053"},{"taxonomy":"product_tag","embeddable":true,"href":"https:\/\/thelyflabs.com\/fr\/wp-json\/wp\/v2\/product_tag?post=13053"}],"curies":[{"name":"wp","href":"https:\/\/api.w.org\/{rel}","templated":true}]}}