{"id":13291,"date":"2025-07-30T02:05:06","date_gmt":"2025-07-30T00:05:06","guid":{"rendered":"https:\/\/thelyflabs.com\/?post_type=product&#038;p=13291"},"modified":"2026-03-19T15:21:11","modified_gmt":"2026-03-19T14:21:11","slug":"vaper-e8h-space-vape-gelato-2ml","status":"publish","type":"product","link":"https:\/\/thelyflabs.com\/fr\/product\/vaper-e8h-space-vape-gelato-2ml","title":{"rendered":"Vapeur E8H 90% \u2013 Space Vape Gelato 2 ml"},"content":{"rendered":"<h3 data-start=\"598\" data-end=\"698\"><strong data-start=\"602\" data-end=\"698\">Vaper E8H Space Vape 2 ml \u2013 Vape jetable au go\u00fbt de gelato\u00a0: le plaisir d&#039;un dessert au cannabis l\u00e9gal<\/strong><\/h3>\n<p data-start=\"700\" data-end=\"1034\">Plongez dans la saveur du Terp\u00e8ne Gelato E8H Space Vape 2 ml, une exp\u00e9rience de vape douce et sophistiqu\u00e9e inspir\u00e9e de la c\u00e9l\u00e8bre vari\u00e9t\u00e9 Gelato. Dot\u00e9 de la mol\u00e9cule E8H avanc\u00e9e et d&#039;un design compact, ce vaporisateur allie la douceur d&#039;un dessert \u00e0 des notes terreuses et d&#039;agrumes. Pas besoin de recharger\u00a0: il suffit de d\u00e9boucher et de l\u00e2cher prise.<\/p>\n<h3>Qu&#039;est-ce que E8H ?<\/h3>\n<p>Il <b>E8H<\/b> L&#039;E8H est un cannabino\u00efde synth\u00e9tique de nouvelle g\u00e9n\u00e9ration con\u00e7u pour offrir une exp\u00e9rience unique, similaire au HHC. Contrairement aux autres cannabino\u00efdes, l&#039;E8H est \u00e0 la pointe de l&#039;innovation et procure une sensation unique. Son d\u00e9veloppement r\u00e9cent le place dans un cadre r\u00e9glementaire en constante \u00e9volution, ouvrant de nouvelles perspectives sur le march\u00e9 du vapotage.<\/p>\n<h3 data-start=\"1096\" data-end=\"1149\"><strong data-start=\"1100\" data-end=\"1149\">Voici votre Vape jetable E8H au go\u00fbt de Gelato<\/strong><\/h3>\n<p data-start=\"1151\" data-end=\"1569\">Cette vape jetable E8H Space Vape au profil terp\u00e9nique Gelato est un appareil pratique et sophistiqu\u00e9, id\u00e9al pour ceux qui recherchent une exp\u00e9rience sucr\u00e9e et aromatique. Elle est dot\u00e9e d&#039;une batterie longue dur\u00e9e et d&#039;un r\u00e9servoir pr\u00e9rempli de 2 ml offrant jusqu&#039;\u00e0 600 bouff\u00e9es. Sa formule, \u00e0 base de mol\u00e9cule E8H et de terp\u00e8nes naturels, offre une saveur cr\u00e9meuse et fruit\u00e9e aux notes terreuses caract\u00e9ristiques de la vari\u00e9t\u00e9 Gelato.<\/p>\n<p data-start=\"1571\" data-end=\"1926\">Il est important de noter que ce produit est totalement exempt de THC, HHC, THC-P, nicotine et de tout additif inutile. Tous nos produits sont issus de chanvre industriel certifi\u00e9 et respectent scrupuleusement la r\u00e9glementation en vigueur, avec une teneur en THC inf\u00e9rieure \u00e0 0,31 TP3T. Nous garantissons l&#039;absence de cannabino\u00efdes ill\u00e9gaux.<\/p>\n<h4><\/h4>\n<h4><strong>Qu&#039;est-ce qu&#039;une vape jetable ?<\/strong><\/h4>\n<p>Les vapoteurs jetables, \u00e9galement appel\u00e9s pods jetables, vaporisateurs jetables ou cigarettes \u00e9lectroniques, sont des appareils de vapotage de type \u00ab stylo \u00bb tr\u00e8s confortables et pratiques avec une batterie int\u00e9gr\u00e9e qui n&#039;est pas n\u00e9cessaire et avec un r\u00e9cipient pour le liquide \u00e0 vaper. Ni la batterie ni le liquide n&#039;ont besoin d&#039;\u00eatre recharg\u00e9s. Ce sont des appareils con\u00e7us pour r\u00e9aliser un certain nombre de bouff\u00e9es qui sont g\u00e9n\u00e9ralement indiqu\u00e9es \u00e0 l&#039;ext\u00e9rieur du produit.<\/p>\n<h4><strong>Placez-vous le Space Vape ?<\/strong><\/h4>\n<p>Comme le THC, l&#039;E8H procure \u00e0 de nombreuses personnes une sensation agr\u00e9able. Certaines personnes rapportent des effets similaires \u00e0 ceux des produits \u00e0 base de THC conventionnels, mais les donn\u00e9es sont insuffisantes pour en \u00eatre certaine. Il n&#039;existe pas non plus suffisamment de donn\u00e9es pour d\u00e9terminer si la consommation de STV peut entra\u00eener des effets secondaires n\u00e9gatifs, voire \u00e0 long terme.<\/p>\n<div class=\"ewd-ufaq-faq-body\">\n<p>Cependant, conform\u00e9ment \u00e0 la l\u00e9gislation en vigueur en Espagne, nous n&#039;encourageons en aucun cas l&#039;utilisation ou l&#039;ingestion des substances mentionn\u00e9es ci-dessus. Ne conduisez pas de v\u00e9hicules \u00e0 moteur et n\u2019utilisez pas de machines lourdes apr\u00e8s consommation.<br \/>\nDestin\u00e9 \u00e0 des fins industrielles, techniques et horticoles.<\/p>\n<p>Il s&#039;agit d&#039;un produit de collection. Pas pour la consommation directe ou le tabagisme.<\/p>\n<\/div>\n<p>Ce produit ne contient pas de cannabino\u00efdes inclus dans l&#039;annexe 1 du d\u00e9cret royal 2829\/1977, mis \u00e0 jour par l&#039;arr\u00eat\u00e9 SND\/380\/2025, du 14 avril, ni de substances contr\u00f4l\u00e9es par la Convention unique sur les stup\u00e9fiants de 1961 et la Convention sur les substances psychotropes de 1971.<\/p>","protected":false},"excerpt":{"rendered":"<h4>E8H 90% Space Vape Gelato Vape jetable<\/h4>\n<p>Contient du E8H et de l&#039;ar\u00f4me Gelato.<\/p>\n<h5><strong>Caract\u00e9ristiques<\/strong><\/h5>\n<ul>\n<li>Dimensions : 105 mm x 24 mm x 11,2 mm<\/li>\n<li>Batterie : 380 mAh<\/li>\n<li>Capacit\u00e9 : 2 ml<\/li>\n<li>Bouff\u00e9es : jusqu&#039;\u00e0 600<\/li>\n<li>Terp\u00e8nes naturels de haute qualit\u00e9<\/li>\n<li>E8H 90%<\/li>\n<li>THC\u00a0: 0%<\/li>\n<li>HHC: 0%<\/li>\n<li>THC-P : 0%<\/li>\n<li>Nicotine\u00a0: 0%<\/li>\n<li>Ne contient pas de VG, PG, PEG, MCT ou tout autre agent de coupe<\/li>\n<\/ul>\n<p>Tous nos produits sont issus de chanvre industriel certifi\u00e9. Ils contiennent moins de 0,31 TP3T de THC et sont exempts de cannabino\u00efdes ill\u00e9gaux tels que le HHC, le HHC-P, le THCP, le THCP-O, le H4CBD ou leurs d\u00e9riv\u00e9s. Consultez la section <a href=\"https:\/\/iguanasmoke.com\/analiticas\/\">Certificat d&#039;analyse ici.<\/a><\/p>","protected":false},"featured_media":17155,"comment_status":"open","ping_status":"closed","template":"","meta":{"_acf_changed":false,"site-sidebar-layout":"default","site-content-layout":"","ast-site-content-layout":"default","site-content-style":"default","site-sidebar-style":"default","ast-global-header-display":"","ast-banner-title-visibility":"","ast-main-header-display":"","ast-hfb-above-header-display":"","ast-hfb-below-header-display":"","ast-hfb-mobile-header-display":"","site-post-title":"","ast-breadcrumbs-content":"","ast-featured-img":"","footer-sml-layout":"","theme-transparent-header-meta":"default","adv-header-id-meta":"","stick-header-meta":"","header-above-stick-meta":"","header-main-stick-meta":"","header-below-stick-meta":"","astra-migrate-meta-layouts":"set","ast-page-background-enabled":"default","ast-page-background-meta":{"desktop":{"background-color":"var(--ast-global-color-4)","background-image":"","background-repeat":"repeat","background-position":"center center","background-size":"auto","background-attachment":"scroll","background-type":"","background-media":"","overlay-type":"","overlay-color":"","overlay-opacity":"","overlay-gradient":""},"tablet":{"background-color":"","background-image":"","background-repeat":"repeat","background-position":"center center","background-size":"auto","background-attachment":"scroll","background-type":"","background-media":"","overlay-type":"","overlay-color":"","overlay-opacity":"","overlay-gradient":""},"mobile":{"background-color":"","background-image":"","background-repeat":"repeat","background-position":"center center","background-size":"auto","background-attachment":"scroll","background-type":"","background-media":"","overlay-type":"","overlay-color":"","overlay-opacity":"","overlay-gradient":""}},"ast-content-background-meta":{"desktop":{"background-color":"var(--ast-global-color-5)","background-image":"","background-repeat":"repeat","background-position":"center center","background-size":"auto","background-attachment":"scroll","background-type":"","background-media":"","overlay-type":"","overlay-color":"","overlay-opacity":"","overlay-gradient":""},"tablet":{"background-color":"var(--ast-global-color-5)","background-image":"","background-repeat":"repeat","background-position":"center center","background-size":"auto","background-attachment":"scroll","background-type":"","background-media":"","overlay-type":"","overlay-color":"","overlay-opacity":"","overlay-gradient":""},"mobile":{"background-color":"var(--ast-global-color-5)","background-image":"","background-repeat":"repeat","background-position":"center center","background-size":"auto","background-attachment":"scroll","background-type":"","background-media":"","overlay-type":"","overlay-color":"","overlay-opacity":"","overlay-gradient":""}}},"product_brand":[],"product_cat":[145,146],"product_tag":[],"class_list":{"0":"post-13291","1":"product","2":"type-product","3":"status-publish","4":"has-post-thumbnail","6":"product_cat-e8h","7":"product_cat-nuevas-moleculas","8":"desktop-align-center","9":"tablet-align-left","10":"mobile-align-left","12":"first","13":"instock","14":"taxable","15":"shipping-taxable","16":"purchasable","17":"product-type-simple"},"acf":[],"yoast_head":"<!-- This site is optimized with the Yoast SEO plugin v27.4 - https:\/\/yoast.com\/product\/yoast-seo-wordpress\/ -->\n<title>Vaper E8H 90% - Space Vape Gelato 2ml - THE LYF LABS<\/title>\n<meta name=\"description\" content=\"Vaper desechable Space Vape sabor Gelato con STV, CBD 40% y CBG 30%. Terpenos naturales, sin THC ni nicotina. Precio exclusivo para tiendas y mayoristas.\" \/>\n<meta name=\"robots\" content=\"index, follow, max-snippet:-1, max-image-preview:large, max-video-preview:-1\" \/>\n<link rel=\"canonical\" href=\"https:\/\/thelyflabs.com\/fr\/product\/vaper-e8h-space-vape-gelato-2ml\/\" \/>\n<meta property=\"og:locale\" content=\"fr_FR\" \/>\n<meta property=\"og:type\" content=\"article\" \/>\n<meta property=\"og:title\" content=\"Vaper E8H 90% - Space Vape Gelato 2ml - THE LYF LABS\" \/>\n<meta property=\"og:description\" content=\"Vaper desechable Space Vape sabor Gelato con STV, CBD 40% y CBG 30%. Terpenos naturales, sin THC ni nicotina. Precio exclusivo para tiendas y mayoristas.\" \/>\n<meta property=\"og:url\" content=\"https:\/\/thelyflabs.com\/fr\/product\/vaper-e8h-space-vape-gelato-2ml\/\" \/>\n<meta property=\"og:site_name\" content=\"THE LYF LABS\" \/>\n<meta property=\"article:modified_time\" content=\"2026-03-19T14:21:11+00:00\" \/>\n<meta property=\"og:image\" content=\"https:\/\/thelyflabs.com\/wp-content\/uploads\/2026\/03\/ktkyktyky.webp\" \/>\n\t<meta property=\"og:image:width\" content=\"1000\" \/>\n\t<meta property=\"og:image:height\" content=\"1000\" \/>\n\t<meta property=\"og:image:type\" content=\"image\/webp\" \/>\n<meta name=\"twitter:card\" content=\"summary_large_image\" \/>\n<meta name=\"twitter:label1\" content=\"Dur\u00e9e de lecture estim\u00e9e\" \/>\n\t<meta name=\"twitter:data1\" content=\"3 minutes\" \/>\n<script type=\"application\/ld+json\" class=\"yoast-schema-graph\">{\"@context\":\"https:\\\/\\\/schema.org\",\"@graph\":[{\"@type\":\"WebPage\",\"@id\":\"https:\\\/\\\/thelyflabs.com\\\/product\\\/vaper-e8h-space-vape-gelato-2ml\",\"url\":\"https:\\\/\\\/thelyflabs.com\\\/product\\\/vaper-e8h-space-vape-gelato-2ml\",\"name\":\"Vaper E8H 90% - Space Vape Gelato 2ml - THE LYF LABS\",\"isPartOf\":{\"@id\":\"https:\\\/\\\/thelyflabs.com\\\/#website\"},\"primaryImageOfPage\":{\"@id\":\"https:\\\/\\\/thelyflabs.com\\\/product\\\/vaper-e8h-space-vape-gelato-2ml#primaryimage\"},\"image\":{\"@id\":\"https:\\\/\\\/thelyflabs.com\\\/product\\\/vaper-e8h-space-vape-gelato-2ml#primaryimage\"},\"thumbnailUrl\":\"https:\\\/\\\/thelyflabs.com\\\/wp-content\\\/uploads\\\/2026\\\/03\\\/ktkyktyky.webp\",\"datePublished\":\"2025-07-30T00:05:06+00:00\",\"dateModified\":\"2026-03-19T14:21:11+00:00\",\"description\":\"Vaper desechable Space Vape sabor Gelato con STV, CBD 40% y CBG 30%. Terpenos naturales, sin THC ni nicotina. Precio exclusivo para tiendas y mayoristas.\",\"breadcrumb\":{\"@id\":\"https:\\\/\\\/thelyflabs.com\\\/product\\\/vaper-e8h-space-vape-gelato-2ml#breadcrumb\"},\"inLanguage\":\"fr-FR\",\"potentialAction\":[{\"@type\":\"ReadAction\",\"target\":[\"https:\\\/\\\/thelyflabs.com\\\/product\\\/vaper-e8h-space-vape-gelato-2ml\"]}]},{\"@type\":\"ImageObject\",\"inLanguage\":\"fr-FR\",\"@id\":\"https:\\\/\\\/thelyflabs.com\\\/product\\\/vaper-e8h-space-vape-gelato-2ml#primaryimage\",\"url\":\"https:\\\/\\\/thelyflabs.com\\\/wp-content\\\/uploads\\\/2026\\\/03\\\/ktkyktyky.webp\",\"contentUrl\":\"https:\\\/\\\/thelyflabs.com\\\/wp-content\\\/uploads\\\/2026\\\/03\\\/ktkyktyky.webp\",\"width\":1000,\"height\":1000,\"caption\":\"Caja m\u00e1s vaper azul Gelato 10-OH 2ml dcha\"},{\"@type\":\"BreadcrumbList\",\"@id\":\"https:\\\/\\\/thelyflabs.com\\\/product\\\/vaper-e8h-space-vape-gelato-2ml#breadcrumb\",\"itemListElement\":[{\"@type\":\"ListItem\",\"position\":1,\"name\":\"Portada\",\"item\":\"https:\\\/\\\/thelyflabs.com\\\/\"},{\"@type\":\"ListItem\",\"position\":2,\"name\":\"Tienda\",\"item\":\"https:\\\/\\\/thelyflabs.com\\\/tienda\"},{\"@type\":\"ListItem\",\"position\":3,\"name\":\"Vaper E8H 90% &#8211; Space Vape Gelato 2ml\"}]},{\"@type\":\"WebSite\",\"@id\":\"https:\\\/\\\/thelyflabs.com\\\/#website\",\"url\":\"https:\\\/\\\/thelyflabs.com\\\/\",\"name\":\"The LYF Labs\",\"description\":\"CBD al por mayor\",\"publisher\":{\"@id\":\"https:\\\/\\\/thelyflabs.com\\\/#organization\"},\"potentialAction\":[{\"@type\":\"SearchAction\",\"target\":{\"@type\":\"EntryPoint\",\"urlTemplate\":\"https:\\\/\\\/thelyflabs.com\\\/?s={search_term_string}\"},\"query-input\":{\"@type\":\"PropertyValueSpecification\",\"valueRequired\":true,\"valueName\":\"search_term_string\"}}],\"inLanguage\":\"fr-FR\"},{\"@type\":\"Organization\",\"@id\":\"https:\\\/\\\/thelyflabs.com\\\/#organization\",\"name\":\"The LYF Labs\",\"url\":\"https:\\\/\\\/thelyflabs.com\\\/\",\"logo\":{\"@type\":\"ImageObject\",\"inLanguage\":\"fr-FR\",\"@id\":\"https:\\\/\\\/thelyflabs.com\\\/#\\\/schema\\\/logo\\\/image\\\/\",\"url\":\"https:\\\/\\\/thelyflabs.com\\\/wp-content\\\/uploads\\\/2023\\\/01\\\/cropped-LogoTheLYFLabs.png\",\"contentUrl\":\"https:\\\/\\\/thelyflabs.com\\\/wp-content\\\/uploads\\\/2023\\\/01\\\/cropped-LogoTheLYFLabs.png\",\"width\":600,\"height\":180,\"caption\":\"The LYF Labs\"},\"image\":{\"@id\":\"https:\\\/\\\/thelyflabs.com\\\/#\\\/schema\\\/logo\\\/image\\\/\"}}]}<\/script>\n<!-- \/ Yoast SEO plugin. -->","yoast_head_json":{"title":"Vaper E8H 90% - Space Vape Gelato 2ml - THE LYF LABS","description":"Vaper desechable Space Vape sabor Gelato con STV, CBD 40% y CBG 30%. Terpenos naturales, sin THC ni nicotina. Precio exclusivo para tiendas y mayoristas.","robots":{"index":"index","follow":"follow","max-snippet":"max-snippet:-1","max-image-preview":"max-image-preview:large","max-video-preview":"max-video-preview:-1"},"canonical":"https:\/\/thelyflabs.com\/fr\/product\/vaper-e8h-space-vape-gelato-2ml\/","og_locale":"fr_FR","og_type":"article","og_title":"Vaper E8H 90% - Space Vape Gelato 2ml - THE LYF LABS","og_description":"Vaper desechable Space Vape sabor Gelato con STV, CBD 40% y CBG 30%. Terpenos naturales, sin THC ni nicotina. Precio exclusivo para tiendas y mayoristas.","og_url":"https:\/\/thelyflabs.com\/fr\/product\/vaper-e8h-space-vape-gelato-2ml\/","og_site_name":"THE LYF LABS","article_modified_time":"2026-03-19T14:21:11+00:00","og_image":[{"width":1000,"height":1000,"url":"https:\/\/thelyflabs.com\/wp-content\/uploads\/2026\/03\/ktkyktyky.webp","type":"image\/webp"}],"twitter_card":"summary_large_image","twitter_misc":{"Dur\u00e9e de lecture estim\u00e9e":"3 minutes"},"schema":{"@context":"https:\/\/schema.org","@graph":[{"@type":"WebPage","@id":"https:\/\/thelyflabs.com\/product\/vaper-e8h-space-vape-gelato-2ml","url":"https:\/\/thelyflabs.com\/product\/vaper-e8h-space-vape-gelato-2ml","name":"Vaper E8H 90% - Space Vape Gelato 2ml - THE LYF LABS","isPartOf":{"@id":"https:\/\/thelyflabs.com\/#website"},"primaryImageOfPage":{"@id":"https:\/\/thelyflabs.com\/product\/vaper-e8h-space-vape-gelato-2ml#primaryimage"},"image":{"@id":"https:\/\/thelyflabs.com\/product\/vaper-e8h-space-vape-gelato-2ml#primaryimage"},"thumbnailUrl":"https:\/\/thelyflabs.com\/wp-content\/uploads\/2026\/03\/ktkyktyky.webp","datePublished":"2025-07-30T00:05:06+00:00","dateModified":"2026-03-19T14:21:11+00:00","description":"Vaper desechable Space Vape sabor Gelato con STV, CBD 40% y CBG 30%. Terpenos naturales, sin THC ni nicotina. Precio exclusivo para tiendas y mayoristas.","breadcrumb":{"@id":"https:\/\/thelyflabs.com\/product\/vaper-e8h-space-vape-gelato-2ml#breadcrumb"},"inLanguage":"fr-FR","potentialAction":[{"@type":"ReadAction","target":["https:\/\/thelyflabs.com\/product\/vaper-e8h-space-vape-gelato-2ml"]}]},{"@type":"ImageObject","inLanguage":"fr-FR","@id":"https:\/\/thelyflabs.com\/product\/vaper-e8h-space-vape-gelato-2ml#primaryimage","url":"https:\/\/thelyflabs.com\/wp-content\/uploads\/2026\/03\/ktkyktyky.webp","contentUrl":"https:\/\/thelyflabs.com\/wp-content\/uploads\/2026\/03\/ktkyktyky.webp","width":1000,"height":1000,"caption":"Caja m\u00e1s vaper azul Gelato 10-OH 2ml dcha"},{"@type":"BreadcrumbList","@id":"https:\/\/thelyflabs.com\/product\/vaper-e8h-space-vape-gelato-2ml#breadcrumb","itemListElement":[{"@type":"ListItem","position":1,"name":"Portada","item":"https:\/\/thelyflabs.com\/"},{"@type":"ListItem","position":2,"name":"Tienda","item":"https:\/\/thelyflabs.com\/tienda"},{"@type":"ListItem","position":3,"name":"Vaper E8H 90% &#8211; Space Vape Gelato 2ml"}]},{"@type":"WebSite","@id":"https:\/\/thelyflabs.com\/#website","url":"https:\/\/thelyflabs.com\/","name":"Les laboratoires LYF","description":"Vente en gros de CBD","publisher":{"@id":"https:\/\/thelyflabs.com\/#organization"},"potentialAction":[{"@type":"SearchAction","target":{"@type":"EntryPoint","urlTemplate":"https:\/\/thelyflabs.com\/?s={search_term_string}"},"query-input":{"@type":"PropertyValueSpecification","valueRequired":true,"valueName":"search_term_string"}}],"inLanguage":"fr-FR"},{"@type":"Organization","@id":"https:\/\/thelyflabs.com\/#organization","name":"Les laboratoires LYF","url":"https:\/\/thelyflabs.com\/","logo":{"@type":"ImageObject","inLanguage":"fr-FR","@id":"https:\/\/thelyflabs.com\/#\/schema\/logo\/image\/","url":"https:\/\/thelyflabs.com\/wp-content\/uploads\/2023\/01\/cropped-LogoTheLYFLabs.png","contentUrl":"https:\/\/thelyflabs.com\/wp-content\/uploads\/2023\/01\/cropped-LogoTheLYFLabs.png","width":600,"height":180,"caption":"The LYF Labs"},"image":{"@id":"https:\/\/thelyflabs.com\/#\/schema\/logo\/image\/"}}]}},"_links":{"self":[{"href":"https:\/\/thelyflabs.com\/fr\/wp-json\/wp\/v2\/product\/13291","targetHints":{"allow":["GET"]}}],"collection":[{"href":"https:\/\/thelyflabs.com\/fr\/wp-json\/wp\/v2\/product"}],"about":[{"href":"https:\/\/thelyflabs.com\/fr\/wp-json\/wp\/v2\/types\/product"}],"replies":[{"embeddable":true,"href":"https:\/\/thelyflabs.com\/fr\/wp-json\/wp\/v2\/comments?post=13291"}],"wp:featuredmedia":[{"embeddable":true,"href":"https:\/\/thelyflabs.com\/fr\/wp-json\/wp\/v2\/media\/17155"}],"wp:attachment":[{"href":"https:\/\/thelyflabs.com\/fr\/wp-json\/wp\/v2\/media?parent=13291"}],"wp:term":[{"taxonomy":"product_brand","embeddable":true,"href":"https:\/\/thelyflabs.com\/fr\/wp-json\/wp\/v2\/product_brand?post=13291"},{"taxonomy":"product_cat","embeddable":true,"href":"https:\/\/thelyflabs.com\/fr\/wp-json\/wp\/v2\/product_cat?post=13291"},{"taxonomy":"product_tag","embeddable":true,"href":"https:\/\/thelyflabs.com\/fr\/wp-json\/wp\/v2\/product_tag?post=13291"}],"curies":[{"name":"wp","href":"https:\/\/api.w.org\/{rel}","templated":true}]}}