{"id":13399,"date":"2025-08-05T20:25:03","date_gmt":"2025-08-05T18:25:03","guid":{"rendered":"https:\/\/thelyflabs.com\/?post_type=product&#038;p=13399"},"modified":"2026-03-19T15:20:55","modified_gmt":"2026-03-19T14:20:55","slug":"vaper-e8h-90-space-vape-lemon-1ml","status":"publish","type":"product","link":"https:\/\/thelyflabs.com\/fr\/product\/vaper-e8h-90-space-vape-lemon-1ml","title":{"rendered":"Vapeur E8H 90% \u2013 Space Vape Citron 1 ml"},"content":{"rendered":"<h2 data-start=\"174\" data-end=\"251\"><strong data-start=\"177\" data-end=\"249\">Vaper E8H Space Vape 1 ml \u2013 Citron\u00a0: fra\u00eecheur et \u00e9nergie \u00e0 chaque bouff\u00e9e<\/strong><\/h2>\n<p data-start=\"253\" data-end=\"523\">D\u00e9couvrez le <strong data-start=\"265\" data-end=\"300\">Vaper E8H Space Vape Citron 1 ml<\/strong>, un appareil portable, pr\u00eat \u00e0 l&#039;emploi, qui combine la mol\u00e9cule innovante <strong data-start=\"379\" data-end=\"386\">E8H<\/strong> avec un profil de saveur de <strong data-start=\"412\" data-end=\"426\">Brume de citron<\/strong>Rafra\u00eechissant, citronn\u00e9 et plein d&#039;\u00e9nergie. Pas besoin de recharge ni d&#039;entretien\u00a0: il suffit d&#039;ouvrir et de savourer.<\/p>\n<h3 data-start=\"525\" data-end=\"574\"><strong data-start=\"529\" data-end=\"572\">Technologie E8H \u2013 Innovation dans le vapotage<\/strong><\/h3>\n<p data-start=\"575\" data-end=\"814\">Il <strong data-start=\"578\" data-end=\"585\">E8H<\/strong> Il s&#039;agit d&#039;un cannabino\u00efde synth\u00e9tique de nouvelle g\u00e9n\u00e9ration, inspir\u00e9 du HHC, con\u00e7u pour offrir une exp\u00e9rience unique. Son d\u00e9veloppement r\u00e9cent le place \u00e0 l&#039;avant-garde du secteur, dans un cadre r\u00e9glementaire en constante \u00e9volution.<\/p>\n<h3 data-start=\"816\" data-end=\"867\"><strong data-start=\"820\" data-end=\"865\">Caract\u00e9ristiques de Space Vape Lemon 1 ml<\/strong><\/h3>\n<ul data-start=\"868\" data-end=\"1221\">\n<li data-start=\"868\" data-end=\"914\">\n<p data-start=\"870\" data-end=\"914\"><strong data-start=\"870\" data-end=\"884\">Capacit\u00e9:<\/strong> 1 ml de liquide pr\u00e9-rempli.<\/p>\n<\/li>\n<li data-start=\"915\" data-end=\"985\">\n<p data-start=\"917\" data-end=\"985\"><strong data-start=\"917\" data-end=\"941\">Nombre approximatif de bouff\u00e9es :<\/strong> jusqu&#039;\u00e0 300, avec une saveur d&#039;agrumes vibrante.<\/p>\n<\/li>\n<li data-start=\"986\" data-end=\"1040\">\n<p data-start=\"988\" data-end=\"1040\"><strong data-start=\"988\" data-end=\"1010\">Batterie int\u00e9gr\u00e9e :<\/strong> durable et pr\u00eat \u00e0 l&#039;emploi.<\/p>\n<\/li>\n<li data-start=\"1041\" data-end=\"1144\">\n<p data-start=\"1043\" data-end=\"1144\"><strong data-start=\"1043\" data-end=\"1063\">Profil aromatique :<\/strong> Citron frais aux notes herbac\u00e9es, gr\u00e2ce \u00e0 des terp\u00e8nes naturels de haute qualit\u00e9.<\/p>\n<\/li>\n<li data-start=\"1145\" data-end=\"1221\">\n<p data-start=\"1147\" data-end=\"1221\"><strong data-start=\"1147\" data-end=\"1168\">Formule sans :<\/strong> THC, HHC, THC-P, nicotine et additifs inutiles.<\/p>\n<\/li>\n<\/ul>\n<p data-start=\"1223\" data-end=\"1416\">Tous nos produits proviennent de <strong data-start=\"1260\" data-end=\"1293\">chanvre industriel certifi\u00e9<\/strong> et respectent strictement la r\u00e9glementation en vigueur, avec une teneur en THC inf\u00e9rieure \u00e0 0,3% et aucun cannabino\u00efde ill\u00e9gal.<\/p>\n<h3 data-start=\"1418\" data-end=\"1459\"><strong data-start=\"1422\" data-end=\"1457\">Qu&#039;est-ce qu&#039;une vape jetable ?<\/strong><\/h3>\n<p data-start=\"1460\" data-end=\"1644\">Un stylo avec batterie et r\u00e9servoir int\u00e9gr\u00e9s, sans recharge, con\u00e7u pour un nombre pr\u00e9cis de bouff\u00e9es. Id\u00e9al pour une utilisation \u00e0 tout moment et en tout lieu.<\/p>\n<h3 data-start=\"1646\" data-end=\"1667\"><strong data-start=\"1650\" data-end=\"1665\">Mentions l\u00e9gales<\/strong><\/h3>\n<ul data-start=\"1668\" data-end=\"1973\">\n<li data-start=\"1668\" data-end=\"1739\">\n<p data-start=\"1670\" data-end=\"1739\">Produit destin\u00e9 \u00e0 des fins <strong data-start=\"1697\" data-end=\"1736\">industriel, technique et horticole<\/strong>.<\/p>\n<\/li>\n<li data-start=\"1740\" data-end=\"1786\">\n<p data-start=\"1742\" data-end=\"1786\"><strong data-start=\"1742\" data-end=\"1784\">Ne pas consommer directement ni fumer.<\/strong><\/p>\n<\/li>\n<li data-start=\"1787\" data-end=\"1836\">\n<p data-start=\"1789\" data-end=\"1836\">Ne pas conduire ni utiliser de machines apr\u00e8s utilisation.<\/p>\n<\/li>\n<li data-start=\"1837\" data-end=\"1902\">\n<p data-start=\"1839\" data-end=\"1902\">Conforme au D\u00e9cret Royal 2829\/1977 et \u00e0 l&#039;Ordonnance SND\/380\/2025.<\/p>\n<\/li>\n<li data-start=\"1903\" data-end=\"1973\">\n<p data-start=\"1905\" data-end=\"1973\">Il ne contient pas de substances contr\u00f4l\u00e9es par les conventions internationales.<\/p>\n<\/li>\n<\/ul>","protected":false},"excerpt":{"rendered":"<h4>E8H 90% Space Vape Vape jetable au go\u00fbt de citron.<\/h4>\n<p>Contient du E8H et un ar\u00f4me de citron.<\/p>\n<h5><strong>Caract\u00e9ristiques<\/strong><\/h5>\n<ul>\n<li>Dimensions : 94 mm x 19 mm x 9 mm<\/li>\n<li>Batterie : 380 mAh<\/li>\n<li>Capacit\u00e9 : 1 ml<\/li>\n<li>Bouff\u00e9es : jusqu&#039;\u00e0 300<\/li>\n<li>Terp\u00e8nes naturels de haute qualit\u00e9<\/li>\n<li>E8H 90%<\/li>\n<li>THC\u00a0: 0%<\/li>\n<li>HHC: 0%<\/li>\n<li>THC-P : 0%<\/li>\n<li>Nicotine\u00a0: 0%<\/li>\n<li>Ne contient pas de VG, PG, PEG, MCT ou tout autre agent de coupe<\/li>\n<\/ul>\n<p>Tous nos produits sont issus de chanvre industriel certifi\u00e9. Ils contiennent moins de 0,31 TP3T de THC et sont exempts de cannabino\u00efdes ill\u00e9gaux tels que le HHC, le HHC-P, le THCP, le THCP-O, le H4CBD ou leurs d\u00e9riv\u00e9s. Consultez la section <a href=\"https:\/\/iguanasmoke.com\/analiticas\/\">Certificat d&#039;analyse ici.<\/a><\/p>","protected":false},"featured_media":17168,"comment_status":"open","ping_status":"closed","template":"","meta":{"_acf_changed":false,"site-sidebar-layout":"default","site-content-layout":"","ast-site-content-layout":"default","site-content-style":"default","site-sidebar-style":"default","ast-global-header-display":"","ast-banner-title-visibility":"","ast-main-header-display":"","ast-hfb-above-header-display":"","ast-hfb-below-header-display":"","ast-hfb-mobile-header-display":"","site-post-title":"","ast-breadcrumbs-content":"","ast-featured-img":"","footer-sml-layout":"","theme-transparent-header-meta":"default","adv-header-id-meta":"","stick-header-meta":"","header-above-stick-meta":"","header-main-stick-meta":"","header-below-stick-meta":"","astra-migrate-meta-layouts":"set","ast-page-background-enabled":"default","ast-page-background-meta":{"desktop":{"background-color":"var(--ast-global-color-4)","background-image":"","background-repeat":"repeat","background-position":"center center","background-size":"auto","background-attachment":"scroll","background-type":"","background-media":"","overlay-type":"","overlay-color":"","overlay-opacity":"","overlay-gradient":""},"tablet":{"background-color":"","background-image":"","background-repeat":"repeat","background-position":"center center","background-size":"auto","background-attachment":"scroll","background-type":"","background-media":"","overlay-type":"","overlay-color":"","overlay-opacity":"","overlay-gradient":""},"mobile":{"background-color":"","background-image":"","background-repeat":"repeat","background-position":"center center","background-size":"auto","background-attachment":"scroll","background-type":"","background-media":"","overlay-type":"","overlay-color":"","overlay-opacity":"","overlay-gradient":""}},"ast-content-background-meta":{"desktop":{"background-color":"var(--ast-global-color-5)","background-image":"","background-repeat":"repeat","background-position":"center center","background-size":"auto","background-attachment":"scroll","background-type":"","background-media":"","overlay-type":"","overlay-color":"","overlay-opacity":"","overlay-gradient":""},"tablet":{"background-color":"var(--ast-global-color-5)","background-image":"","background-repeat":"repeat","background-position":"center center","background-size":"auto","background-attachment":"scroll","background-type":"","background-media":"","overlay-type":"","overlay-color":"","overlay-opacity":"","overlay-gradient":""},"mobile":{"background-color":"var(--ast-global-color-5)","background-image":"","background-repeat":"repeat","background-position":"center center","background-size":"auto","background-attachment":"scroll","background-type":"","background-media":"","overlay-type":"","overlay-color":"","overlay-opacity":"","overlay-gradient":""}}},"product_brand":[],"product_cat":[145,146],"product_tag":[],"class_list":{"0":"post-13399","1":"product","2":"type-product","3":"status-publish","4":"has-post-thumbnail","6":"product_cat-e8h","7":"product_cat-nuevas-moleculas","8":"desktop-align-center","9":"tablet-align-left","10":"mobile-align-left","12":"first","13":"instock","14":"taxable","15":"shipping-taxable","16":"purchasable","17":"product-type-simple"},"acf":[],"yoast_head":"<!-- This site is optimized with the Yoast SEO plugin v27.4 - https:\/\/yoast.com\/product\/yoast-seo-wordpress\/ -->\n<title>Vaper E8H 90% - Space Vape Lemon 1ml - THE LYF LABS<\/title>\n<meta name=\"description\" content=\"Vaper Space Vape Lemon Haze con STV, CBD 40% y CBG 30%. Terpenos naturales, sin cannabinoides ilegales. Legal para la venta bajo normativa.\" \/>\n<meta name=\"robots\" content=\"index, follow, max-snippet:-1, max-image-preview:large, max-video-preview:-1\" \/>\n<link rel=\"canonical\" href=\"https:\/\/thelyflabs.com\/fr\/product\/vaper-e8h-90-space-vape-lemon-1ml\/\" \/>\n<meta property=\"og:locale\" content=\"fr_FR\" \/>\n<meta property=\"og:type\" content=\"article\" \/>\n<meta property=\"og:title\" content=\"Vaper E8H 90% - Space Vape Lemon 1ml - THE LYF LABS\" \/>\n<meta property=\"og:description\" content=\"Vaper Space Vape Lemon Haze con STV, CBD 40% y CBG 30%. Terpenos naturales, sin cannabinoides ilegales. Legal para la venta bajo normativa.\" \/>\n<meta property=\"og:url\" content=\"https:\/\/thelyflabs.com\/fr\/product\/vaper-e8h-90-space-vape-lemon-1ml\/\" \/>\n<meta property=\"og:site_name\" content=\"THE LYF LABS\" \/>\n<meta property=\"article:modified_time\" content=\"2026-03-19T14:20:55+00:00\" \/>\n<meta property=\"og:image\" content=\"https:\/\/thelyflabs.com\/wp-content\/uploads\/2026\/03\/Bolsa-Space-Vape-Lemon-E8H-1ml-con-vape.webp\" \/>\n\t<meta property=\"og:image:width\" content=\"1000\" \/>\n\t<meta property=\"og:image:height\" content=\"1000\" \/>\n\t<meta property=\"og:image:type\" content=\"image\/webp\" \/>\n<meta name=\"twitter:card\" content=\"summary_large_image\" \/>\n<meta name=\"twitter:label1\" content=\"Dur\u00e9e de lecture estim\u00e9e\" \/>\n\t<meta name=\"twitter:data1\" content=\"2 minutes\" \/>\n<script type=\"application\/ld+json\" class=\"yoast-schema-graph\">{\"@context\":\"https:\\\/\\\/schema.org\",\"@graph\":[{\"@type\":\"WebPage\",\"@id\":\"https:\\\/\\\/thelyflabs.com\\\/product\\\/vaper-e8h-90-space-vape-lemon-1ml\",\"url\":\"https:\\\/\\\/thelyflabs.com\\\/product\\\/vaper-e8h-90-space-vape-lemon-1ml\",\"name\":\"Vaper E8H 90% - Space Vape Lemon 1ml - THE LYF LABS\",\"isPartOf\":{\"@id\":\"https:\\\/\\\/thelyflabs.com\\\/#website\"},\"primaryImageOfPage\":{\"@id\":\"https:\\\/\\\/thelyflabs.com\\\/product\\\/vaper-e8h-90-space-vape-lemon-1ml#primaryimage\"},\"image\":{\"@id\":\"https:\\\/\\\/thelyflabs.com\\\/product\\\/vaper-e8h-90-space-vape-lemon-1ml#primaryimage\"},\"thumbnailUrl\":\"https:\\\/\\\/thelyflabs.com\\\/wp-content\\\/uploads\\\/2026\\\/03\\\/Bolsa-Space-Vape-Lemon-E8H-1ml-con-vape.webp\",\"datePublished\":\"2025-08-05T18:25:03+00:00\",\"dateModified\":\"2026-03-19T14:20:55+00:00\",\"description\":\"Vaper Space Vape Lemon Haze con STV, CBD 40% y CBG 30%. Terpenos naturales, sin cannabinoides ilegales. Legal para la venta bajo normativa.\",\"breadcrumb\":{\"@id\":\"https:\\\/\\\/thelyflabs.com\\\/product\\\/vaper-e8h-90-space-vape-lemon-1ml#breadcrumb\"},\"inLanguage\":\"fr-FR\",\"potentialAction\":[{\"@type\":\"ReadAction\",\"target\":[\"https:\\\/\\\/thelyflabs.com\\\/product\\\/vaper-e8h-90-space-vape-lemon-1ml\"]}]},{\"@type\":\"ImageObject\",\"inLanguage\":\"fr-FR\",\"@id\":\"https:\\\/\\\/thelyflabs.com\\\/product\\\/vaper-e8h-90-space-vape-lemon-1ml#primaryimage\",\"url\":\"https:\\\/\\\/thelyflabs.com\\\/wp-content\\\/uploads\\\/2026\\\/03\\\/Bolsa-Space-Vape-Lemon-E8H-1ml-con-vape.webp\",\"contentUrl\":\"https:\\\/\\\/thelyflabs.com\\\/wp-content\\\/uploads\\\/2026\\\/03\\\/Bolsa-Space-Vape-Lemon-E8H-1ml-con-vape.webp\",\"width\":1000,\"height\":1000,\"caption\":\"Bolsa m\u00e1s vaper azul Lemon Haze STV 1 ml\"},{\"@type\":\"BreadcrumbList\",\"@id\":\"https:\\\/\\\/thelyflabs.com\\\/product\\\/vaper-e8h-90-space-vape-lemon-1ml#breadcrumb\",\"itemListElement\":[{\"@type\":\"ListItem\",\"position\":1,\"name\":\"Portada\",\"item\":\"https:\\\/\\\/thelyflabs.com\\\/\"},{\"@type\":\"ListItem\",\"position\":2,\"name\":\"Tienda\",\"item\":\"https:\\\/\\\/thelyflabs.com\\\/tienda\"},{\"@type\":\"ListItem\",\"position\":3,\"name\":\"Vaper E8H 90% &#8211; Space Vape Lemon 1ml\"}]},{\"@type\":\"WebSite\",\"@id\":\"https:\\\/\\\/thelyflabs.com\\\/#website\",\"url\":\"https:\\\/\\\/thelyflabs.com\\\/\",\"name\":\"The LYF Labs\",\"description\":\"CBD al por mayor\",\"publisher\":{\"@id\":\"https:\\\/\\\/thelyflabs.com\\\/#organization\"},\"potentialAction\":[{\"@type\":\"SearchAction\",\"target\":{\"@type\":\"EntryPoint\",\"urlTemplate\":\"https:\\\/\\\/thelyflabs.com\\\/?s={search_term_string}\"},\"query-input\":{\"@type\":\"PropertyValueSpecification\",\"valueRequired\":true,\"valueName\":\"search_term_string\"}}],\"inLanguage\":\"fr-FR\"},{\"@type\":\"Organization\",\"@id\":\"https:\\\/\\\/thelyflabs.com\\\/#organization\",\"name\":\"The LYF Labs\",\"url\":\"https:\\\/\\\/thelyflabs.com\\\/\",\"logo\":{\"@type\":\"ImageObject\",\"inLanguage\":\"fr-FR\",\"@id\":\"https:\\\/\\\/thelyflabs.com\\\/#\\\/schema\\\/logo\\\/image\\\/\",\"url\":\"https:\\\/\\\/thelyflabs.com\\\/wp-content\\\/uploads\\\/2023\\\/01\\\/cropped-LogoTheLYFLabs.png\",\"contentUrl\":\"https:\\\/\\\/thelyflabs.com\\\/wp-content\\\/uploads\\\/2023\\\/01\\\/cropped-LogoTheLYFLabs.png\",\"width\":600,\"height\":180,\"caption\":\"The LYF Labs\"},\"image\":{\"@id\":\"https:\\\/\\\/thelyflabs.com\\\/#\\\/schema\\\/logo\\\/image\\\/\"}}]}<\/script>\n<!-- \/ Yoast SEO plugin. -->","yoast_head_json":{"title":"Vaper E8H 90% - Space Vape Lemon 1ml - THE LYF LABS","description":"Vaper Space Vape Lemon Haze con STV, CBD 40% y CBG 30%. Terpenos naturales, sin cannabinoides ilegales. Legal para la venta bajo normativa.","robots":{"index":"index","follow":"follow","max-snippet":"max-snippet:-1","max-image-preview":"max-image-preview:large","max-video-preview":"max-video-preview:-1"},"canonical":"https:\/\/thelyflabs.com\/fr\/product\/vaper-e8h-90-space-vape-lemon-1ml\/","og_locale":"fr_FR","og_type":"article","og_title":"Vaper E8H 90% - Space Vape Lemon 1ml - THE LYF LABS","og_description":"Vaper Space Vape Lemon Haze con STV, CBD 40% y CBG 30%. Terpenos naturales, sin cannabinoides ilegales. Legal para la venta bajo normativa.","og_url":"https:\/\/thelyflabs.com\/fr\/product\/vaper-e8h-90-space-vape-lemon-1ml\/","og_site_name":"THE LYF LABS","article_modified_time":"2026-03-19T14:20:55+00:00","og_image":[{"width":1000,"height":1000,"url":"https:\/\/thelyflabs.com\/wp-content\/uploads\/2026\/03\/Bolsa-Space-Vape-Lemon-E8H-1ml-con-vape.webp","type":"image\/webp"}],"twitter_card":"summary_large_image","twitter_misc":{"Dur\u00e9e de lecture estim\u00e9e":"2 minutes"},"schema":{"@context":"https:\/\/schema.org","@graph":[{"@type":"WebPage","@id":"https:\/\/thelyflabs.com\/product\/vaper-e8h-90-space-vape-lemon-1ml","url":"https:\/\/thelyflabs.com\/product\/vaper-e8h-90-space-vape-lemon-1ml","name":"Vaper E8H 90% - Space Vape Lemon 1ml - THE LYF LABS","isPartOf":{"@id":"https:\/\/thelyflabs.com\/#website"},"primaryImageOfPage":{"@id":"https:\/\/thelyflabs.com\/product\/vaper-e8h-90-space-vape-lemon-1ml#primaryimage"},"image":{"@id":"https:\/\/thelyflabs.com\/product\/vaper-e8h-90-space-vape-lemon-1ml#primaryimage"},"thumbnailUrl":"https:\/\/thelyflabs.com\/wp-content\/uploads\/2026\/03\/Bolsa-Space-Vape-Lemon-E8H-1ml-con-vape.webp","datePublished":"2025-08-05T18:25:03+00:00","dateModified":"2026-03-19T14:20:55+00:00","description":"Vaper Space Vape Lemon Haze con STV, CBD 40% y CBG 30%. Terpenos naturales, sin cannabinoides ilegales. Legal para la venta bajo normativa.","breadcrumb":{"@id":"https:\/\/thelyflabs.com\/product\/vaper-e8h-90-space-vape-lemon-1ml#breadcrumb"},"inLanguage":"fr-FR","potentialAction":[{"@type":"ReadAction","target":["https:\/\/thelyflabs.com\/product\/vaper-e8h-90-space-vape-lemon-1ml"]}]},{"@type":"ImageObject","inLanguage":"fr-FR","@id":"https:\/\/thelyflabs.com\/product\/vaper-e8h-90-space-vape-lemon-1ml#primaryimage","url":"https:\/\/thelyflabs.com\/wp-content\/uploads\/2026\/03\/Bolsa-Space-Vape-Lemon-E8H-1ml-con-vape.webp","contentUrl":"https:\/\/thelyflabs.com\/wp-content\/uploads\/2026\/03\/Bolsa-Space-Vape-Lemon-E8H-1ml-con-vape.webp","width":1000,"height":1000,"caption":"Bolsa m\u00e1s vaper azul Lemon Haze STV 1 ml"},{"@type":"BreadcrumbList","@id":"https:\/\/thelyflabs.com\/product\/vaper-e8h-90-space-vape-lemon-1ml#breadcrumb","itemListElement":[{"@type":"ListItem","position":1,"name":"Portada","item":"https:\/\/thelyflabs.com\/"},{"@type":"ListItem","position":2,"name":"Tienda","item":"https:\/\/thelyflabs.com\/tienda"},{"@type":"ListItem","position":3,"name":"Vaper E8H 90% &#8211; Space Vape Lemon 1ml"}]},{"@type":"WebSite","@id":"https:\/\/thelyflabs.com\/#website","url":"https:\/\/thelyflabs.com\/","name":"Les laboratoires LYF","description":"Vente en gros de CBD","publisher":{"@id":"https:\/\/thelyflabs.com\/#organization"},"potentialAction":[{"@type":"SearchAction","target":{"@type":"EntryPoint","urlTemplate":"https:\/\/thelyflabs.com\/?s={search_term_string}"},"query-input":{"@type":"PropertyValueSpecification","valueRequired":true,"valueName":"search_term_string"}}],"inLanguage":"fr-FR"},{"@type":"Organization","@id":"https:\/\/thelyflabs.com\/#organization","name":"Les laboratoires LYF","url":"https:\/\/thelyflabs.com\/","logo":{"@type":"ImageObject","inLanguage":"fr-FR","@id":"https:\/\/thelyflabs.com\/#\/schema\/logo\/image\/","url":"https:\/\/thelyflabs.com\/wp-content\/uploads\/2023\/01\/cropped-LogoTheLYFLabs.png","contentUrl":"https:\/\/thelyflabs.com\/wp-content\/uploads\/2023\/01\/cropped-LogoTheLYFLabs.png","width":600,"height":180,"caption":"The LYF Labs"},"image":{"@id":"https:\/\/thelyflabs.com\/#\/schema\/logo\/image\/"}}]}},"_links":{"self":[{"href":"https:\/\/thelyflabs.com\/fr\/wp-json\/wp\/v2\/product\/13399","targetHints":{"allow":["GET"]}}],"collection":[{"href":"https:\/\/thelyflabs.com\/fr\/wp-json\/wp\/v2\/product"}],"about":[{"href":"https:\/\/thelyflabs.com\/fr\/wp-json\/wp\/v2\/types\/product"}],"replies":[{"embeddable":true,"href":"https:\/\/thelyflabs.com\/fr\/wp-json\/wp\/v2\/comments?post=13399"}],"wp:featuredmedia":[{"embeddable":true,"href":"https:\/\/thelyflabs.com\/fr\/wp-json\/wp\/v2\/media\/17168"}],"wp:attachment":[{"href":"https:\/\/thelyflabs.com\/fr\/wp-json\/wp\/v2\/media?parent=13399"}],"wp:term":[{"taxonomy":"product_brand","embeddable":true,"href":"https:\/\/thelyflabs.com\/fr\/wp-json\/wp\/v2\/product_brand?post=13399"},{"taxonomy":"product_cat","embeddable":true,"href":"https:\/\/thelyflabs.com\/fr\/wp-json\/wp\/v2\/product_cat?post=13399"},{"taxonomy":"product_tag","embeddable":true,"href":"https:\/\/thelyflabs.com\/fr\/wp-json\/wp\/v2\/product_tag?post=13399"}],"curies":[{"name":"wp","href":"https:\/\/api.w.org\/{rel}","templated":true}]}}