{"id":13400,"date":"2025-08-05T20:25:08","date_gmt":"2025-08-05T18:25:08","guid":{"rendered":"https:\/\/thelyflabs.com\/?post_type=product&#038;p=13400"},"modified":"2026-03-19T15:20:42","modified_gmt":"2026-03-19T14:20:42","slug":"vaper-e8h-90-space-vape-gelato-1ml","status":"publish","type":"product","link":"https:\/\/thelyflabs.com\/fr\/product\/vaper-e8h-90-space-vape-gelato-1ml","title":{"rendered":"Vapeur E8H 90% \u2013 Space Vape Gelato 1 ml"},"content":{"rendered":"<h2 data-start=\"137\" data-end=\"214\"><strong data-start=\"140\" data-end=\"212\">Vaper E8H Space Vape 1 ml \u2013 Gelato\u00a0: le plaisir d&#039;un dessert au cannabis<\/strong><\/h2>\n<p data-start=\"216\" data-end=\"513\">Profitez de la douceur et de l&#039;ar\u00f4me de <strong data-start=\"255\" data-end=\"299\">Vaper E8H Space Vape Terpene Gelato 1 ml<\/strong>, inspir\u00e9 de la c\u00e9l\u00e8bre souche <strong data-start=\"330\" data-end=\"340\">Gelato<\/strong>Cette vape allie un profil sucr\u00e9, cr\u00e9meux et fruit\u00e9 \u00e0 de subtiles notes terreuses et d&#039;agrumes. Compacte, pr\u00eate \u00e0 l&#039;emploi et sans recharge\u00a0: <strong data-start=\"480\" data-end=\"510\">ouvrez et savourez chaque bouff\u00e9e<\/strong>.<\/p>\n<h3 data-start=\"515\" data-end=\"575\"><strong data-start=\"519\" data-end=\"573\">Technologie E8H \u2013 Innovation dans le go\u00fbt et les sensations<\/strong><\/h3>\n<p data-start=\"576\" data-end=\"814\">Il <strong data-start=\"579\" data-end=\"586\">E8H<\/strong> Il s&#039;agit d&#039;un cannabino\u00efde synth\u00e9tique de nouvelle g\u00e9n\u00e9ration, inspir\u00e9 du HHC, con\u00e7u pour offrir une exp\u00e9rience unique. Son d\u00e9veloppement r\u00e9cent le place \u00e0 la pointe de l&#039;innovation, dans un cadre r\u00e9glementaire en constante \u00e9volution.<\/p>\n<h3 data-start=\"816\" data-end=\"868\"><strong data-start=\"820\" data-end=\"866\">Caract\u00e9ristiques de Space Vape Gelato 1 ml<\/strong><\/h3>\n<ul data-start=\"869\" data-end=\"1207\">\n<li data-start=\"869\" data-end=\"915\">\n<p data-start=\"871\" data-end=\"915\"><strong data-start=\"871\" data-end=\"885\">Capacit\u00e9:<\/strong> 1 ml de liquide pr\u00e9-rempli.<\/p>\n<\/li>\n<li data-start=\"916\" data-end=\"1003\">\n<p data-start=\"918\" data-end=\"1003\"><strong data-start=\"918\" data-end=\"942\">Nombre approximatif de bouff\u00e9es :<\/strong> jusqu&#039;\u00e0 300, avec une saveur cr\u00e9meuse et fruit\u00e9e caract\u00e9ristique.<\/p>\n<\/li>\n<li data-start=\"1004\" data-end=\"1058\">\n<p data-start=\"1006\" data-end=\"1058\"><strong data-start=\"1006\" data-end=\"1028\">Batterie int\u00e9gr\u00e9e :<\/strong> durable et pr\u00eat \u00e0 l&#039;emploi.<\/p>\n<\/li>\n<li data-start=\"1059\" data-end=\"1138\">\n<p data-start=\"1061\" data-end=\"1138\"><strong data-start=\"1061\" data-end=\"1081\">Profil aromatique :<\/strong> doux, cr\u00e9meux et fruit\u00e9 avec des notes terreuses et d&#039;agrumes.<\/p>\n<\/li>\n<li data-start=\"1139\" data-end=\"1207\">\n<p data-start=\"1141\" data-end=\"1207\"><strong data-start=\"1141\" data-end=\"1154\">Sans :<\/strong> THC, HHC, THC-P, nicotine et additifs inutiles.<\/p>\n<\/li>\n<\/ul>\n<p data-start=\"1209\" data-end=\"1399\">Tous nos produits sont fabriqu\u00e9s avec <strong data-start=\"1250\" data-end=\"1283\">chanvre industriel certifi\u00e9<\/strong>, conforme \u00e0 la r\u00e9glementation en vigueur et garantissant une teneur en THC inf\u00e9rieure \u00e0 0,3%, sans cannabino\u00efdes ill\u00e9gaux.<\/p>\n<h3 data-start=\"1401\" data-end=\"1442\"><strong data-start=\"1405\" data-end=\"1440\">Qu&#039;est-ce qu&#039;une vape jetable ?<\/strong><\/h3>\n<p data-start=\"1443\" data-end=\"1632\">Un stylo avec batterie et r\u00e9servoir int\u00e9gr\u00e9s, jamais besoin de recharger. Con\u00e7u pour un nombre de bouff\u00e9es pr\u00e9cis, il est pratique et portable pour une utilisation \u00e0 tout moment.<\/p>\n<h3 data-start=\"1634\" data-end=\"1655\"><strong data-start=\"1638\" data-end=\"1653\">Mentions l\u00e9gales<\/strong><\/h3>\n<ul data-start=\"1656\" data-end=\"1961\">\n<li data-start=\"1656\" data-end=\"1727\">\n<p data-start=\"1658\" data-end=\"1727\">Produit destin\u00e9 \u00e0 des fins <strong data-start=\"1685\" data-end=\"1724\">industriel, technique et horticole<\/strong>.<\/p>\n<\/li>\n<li data-start=\"1728\" data-end=\"1774\">\n<p data-start=\"1730\" data-end=\"1774\"><strong data-start=\"1730\" data-end=\"1772\">Ne pas consommer directement ni fumer.<\/strong><\/p>\n<\/li>\n<li data-start=\"1775\" data-end=\"1825\">\n<p data-start=\"1777\" data-end=\"1825\">Ne pas conduire ni utiliser de machines apr\u00e8s utilisation.<\/p>\n<\/li>\n<li data-start=\"1826\" data-end=\"1891\">\n<p data-start=\"1828\" data-end=\"1891\">Conforme au D\u00e9cret Royal 2829\/1977 et \u00e0 l&#039;Ordonnance SND\/380\/2025.<\/p>\n<\/li>\n<li data-start=\"1892\" data-end=\"1961\">\n<p data-start=\"1894\" data-end=\"1961\">Il ne contient pas de substances contr\u00f4l\u00e9es par les conventions internationales.<\/p>\n<\/li>\n<\/ul>","protected":false},"excerpt":{"rendered":"<h4>E8H 90% Space Vape Gelato Vape jetable<\/h4>\n<p>Contient de l&#039;ar\u00f4me de terp\u00e8ne E8H et Gelato, une pure fra\u00eecheur de cannabis.<\/p>\n<h5><strong>Caract\u00e9ristiques<\/strong><\/h5>\n<ul>\n<li>Dimensions : 94 mm x 90 mm x 9 mm<\/li>\n<li>Batterie : 380 mAh<\/li>\n<li>Capacit\u00e9 : 1 ml<\/li>\n<li>Bouff\u00e9es : jusqu&#039;\u00e0 300<\/li>\n<li>Terp\u00e8nes naturels de haute qualit\u00e9<\/li>\n<li>E8H 90%<\/li>\n<li>THC\u00a0: 0%<\/li>\n<li>HHC: 0%<\/li>\n<li>THC-P : 0%<\/li>\n<li>Nicotine\u00a0: 0%<\/li>\n<li>Ne contient pas de VG, PG, PEG, MCT ou tout autre agent de coupe<\/li>\n<\/ul>\n<p>Tous nos produits sont issus de chanvre industriel certifi\u00e9. Ils contiennent moins de 0,31 TP3T de THC et sont exempts de cannabino\u00efdes ill\u00e9gaux tels que le HHC, le HHC-P, le THCP, le THCP-O, le H4CBD ou leurs d\u00e9riv\u00e9s. Consultez la section <a href=\"https:\/\/iguanasmoke.com\/analiticas\/\">Certificat d&#039;analyse ici.<\/a><\/p>","protected":false},"featured_media":17164,"comment_status":"open","ping_status":"closed","template":"","meta":{"_acf_changed":false,"site-sidebar-layout":"default","site-content-layout":"","ast-site-content-layout":"default","site-content-style":"default","site-sidebar-style":"default","ast-global-header-display":"","ast-banner-title-visibility":"","ast-main-header-display":"","ast-hfb-above-header-display":"","ast-hfb-below-header-display":"","ast-hfb-mobile-header-display":"","site-post-title":"","ast-breadcrumbs-content":"","ast-featured-img":"","footer-sml-layout":"","theme-transparent-header-meta":"default","adv-header-id-meta":"","stick-header-meta":"","header-above-stick-meta":"","header-main-stick-meta":"","header-below-stick-meta":"","astra-migrate-meta-layouts":"set","ast-page-background-enabled":"default","ast-page-background-meta":{"desktop":{"background-color":"var(--ast-global-color-4)","background-image":"","background-repeat":"repeat","background-position":"center center","background-size":"auto","background-attachment":"scroll","background-type":"","background-media":"","overlay-type":"","overlay-color":"","overlay-opacity":"","overlay-gradient":""},"tablet":{"background-color":"","background-image":"","background-repeat":"repeat","background-position":"center center","background-size":"auto","background-attachment":"scroll","background-type":"","background-media":"","overlay-type":"","overlay-color":"","overlay-opacity":"","overlay-gradient":""},"mobile":{"background-color":"","background-image":"","background-repeat":"repeat","background-position":"center center","background-size":"auto","background-attachment":"scroll","background-type":"","background-media":"","overlay-type":"","overlay-color":"","overlay-opacity":"","overlay-gradient":""}},"ast-content-background-meta":{"desktop":{"background-color":"var(--ast-global-color-5)","background-image":"","background-repeat":"repeat","background-position":"center center","background-size":"auto","background-attachment":"scroll","background-type":"","background-media":"","overlay-type":"","overlay-color":"","overlay-opacity":"","overlay-gradient":""},"tablet":{"background-color":"var(--ast-global-color-5)","background-image":"","background-repeat":"repeat","background-position":"center center","background-size":"auto","background-attachment":"scroll","background-type":"","background-media":"","overlay-type":"","overlay-color":"","overlay-opacity":"","overlay-gradient":""},"mobile":{"background-color":"var(--ast-global-color-5)","background-image":"","background-repeat":"repeat","background-position":"center center","background-size":"auto","background-attachment":"scroll","background-type":"","background-media":"","overlay-type":"","overlay-color":"","overlay-opacity":"","overlay-gradient":""}}},"product_brand":[],"product_cat":[145,146],"product_tag":[],"class_list":{"0":"post-13400","1":"product","2":"type-product","3":"status-publish","4":"has-post-thumbnail","6":"product_cat-e8h","7":"product_cat-nuevas-moleculas","8":"desktop-align-center","9":"tablet-align-left","10":"mobile-align-left","12":"first","13":"instock","14":"taxable","15":"shipping-taxable","16":"purchasable","17":"product-type-simple"},"acf":[],"yoast_head":"<!-- This site is optimized with the Yoast SEO plugin v27.4 - https:\/\/yoast.com\/product\/yoast-seo-wordpress\/ -->\n<title>Vaper E8H 90% - Space Vape Gelato 1ml - THE LYF LABS<\/title>\n<meta name=\"description\" content=\"Vaper desechable Space Vape sabor Gelato con STV, CBD 40% y CBG 30%. Terpenos naturales, sin THC ni nicotina. Precio exclusivo para tiendas y mayoristas.\" \/>\n<meta name=\"robots\" content=\"index, follow, max-snippet:-1, max-image-preview:large, max-video-preview:-1\" \/>\n<link rel=\"canonical\" href=\"https:\/\/thelyflabs.com\/fr\/product\/vaper-e8h-90-space-vape-gelato-1ml\/\" \/>\n<meta property=\"og:locale\" content=\"fr_FR\" \/>\n<meta property=\"og:type\" content=\"article\" \/>\n<meta property=\"og:title\" content=\"Vaper E8H 90% - Space Vape Gelato 1ml - THE LYF LABS\" \/>\n<meta property=\"og:description\" content=\"Vaper desechable Space Vape sabor Gelato con STV, CBD 40% y CBG 30%. Terpenos naturales, sin THC ni nicotina. Precio exclusivo para tiendas y mayoristas.\" \/>\n<meta property=\"og:url\" content=\"https:\/\/thelyflabs.com\/fr\/product\/vaper-e8h-90-space-vape-gelato-1ml\/\" \/>\n<meta property=\"og:site_name\" content=\"THE LYF LABS\" \/>\n<meta property=\"article:modified_time\" content=\"2026-03-19T14:20:42+00:00\" \/>\n<meta property=\"og:image\" content=\"https:\/\/thelyflabs.com\/wp-content\/uploads\/2026\/03\/Bolsa-Space-Vape-Gelato-E8H-1ml-con-vape.webp\" \/>\n\t<meta property=\"og:image:width\" content=\"1000\" \/>\n\t<meta property=\"og:image:height\" content=\"1000\" \/>\n\t<meta property=\"og:image:type\" content=\"image\/webp\" \/>\n<meta name=\"twitter:card\" content=\"summary_large_image\" \/>\n<meta name=\"twitter:label1\" content=\"Dur\u00e9e de lecture estim\u00e9e\" \/>\n\t<meta name=\"twitter:data1\" content=\"2 minutes\" \/>\n<script type=\"application\/ld+json\" class=\"yoast-schema-graph\">{\"@context\":\"https:\\\/\\\/schema.org\",\"@graph\":[{\"@type\":\"WebPage\",\"@id\":\"https:\\\/\\\/thelyflabs.com\\\/product\\\/vaper-e8h-90-space-vape-gelato-1ml\",\"url\":\"https:\\\/\\\/thelyflabs.com\\\/product\\\/vaper-e8h-90-space-vape-gelato-1ml\",\"name\":\"Vaper E8H 90% - Space Vape Gelato 1ml - THE LYF LABS\",\"isPartOf\":{\"@id\":\"https:\\\/\\\/thelyflabs.com\\\/#website\"},\"primaryImageOfPage\":{\"@id\":\"https:\\\/\\\/thelyflabs.com\\\/product\\\/vaper-e8h-90-space-vape-gelato-1ml#primaryimage\"},\"image\":{\"@id\":\"https:\\\/\\\/thelyflabs.com\\\/product\\\/vaper-e8h-90-space-vape-gelato-1ml#primaryimage\"},\"thumbnailUrl\":\"https:\\\/\\\/thelyflabs.com\\\/wp-content\\\/uploads\\\/2026\\\/03\\\/Bolsa-Space-Vape-Gelato-E8H-1ml-con-vape.webp\",\"datePublished\":\"2025-08-05T18:25:08+00:00\",\"dateModified\":\"2026-03-19T14:20:42+00:00\",\"description\":\"Vaper desechable Space Vape sabor Gelato con STV, CBD 40% y CBG 30%. Terpenos naturales, sin THC ni nicotina. Precio exclusivo para tiendas y mayoristas.\",\"breadcrumb\":{\"@id\":\"https:\\\/\\\/thelyflabs.com\\\/product\\\/vaper-e8h-90-space-vape-gelato-1ml#breadcrumb\"},\"inLanguage\":\"fr-FR\",\"potentialAction\":[{\"@type\":\"ReadAction\",\"target\":[\"https:\\\/\\\/thelyflabs.com\\\/product\\\/vaper-e8h-90-space-vape-gelato-1ml\"]}]},{\"@type\":\"ImageObject\",\"inLanguage\":\"fr-FR\",\"@id\":\"https:\\\/\\\/thelyflabs.com\\\/product\\\/vaper-e8h-90-space-vape-gelato-1ml#primaryimage\",\"url\":\"https:\\\/\\\/thelyflabs.com\\\/wp-content\\\/uploads\\\/2026\\\/03\\\/Bolsa-Space-Vape-Gelato-E8H-1ml-con-vape.webp\",\"contentUrl\":\"https:\\\/\\\/thelyflabs.com\\\/wp-content\\\/uploads\\\/2026\\\/03\\\/Bolsa-Space-Vape-Gelato-E8H-1ml-con-vape.webp\",\"width\":1000,\"height\":1000,\"caption\":\"Bolsa m\u00e1s vaper azul Gelato STV 1 ml\"},{\"@type\":\"BreadcrumbList\",\"@id\":\"https:\\\/\\\/thelyflabs.com\\\/product\\\/vaper-e8h-90-space-vape-gelato-1ml#breadcrumb\",\"itemListElement\":[{\"@type\":\"ListItem\",\"position\":1,\"name\":\"Portada\",\"item\":\"https:\\\/\\\/thelyflabs.com\\\/\"},{\"@type\":\"ListItem\",\"position\":2,\"name\":\"Tienda\",\"item\":\"https:\\\/\\\/thelyflabs.com\\\/tienda\"},{\"@type\":\"ListItem\",\"position\":3,\"name\":\"Vaper E8H 90% &#8211; Space Vape Gelato 1ml\"}]},{\"@type\":\"WebSite\",\"@id\":\"https:\\\/\\\/thelyflabs.com\\\/#website\",\"url\":\"https:\\\/\\\/thelyflabs.com\\\/\",\"name\":\"The LYF Labs\",\"description\":\"CBD al por mayor\",\"publisher\":{\"@id\":\"https:\\\/\\\/thelyflabs.com\\\/#organization\"},\"potentialAction\":[{\"@type\":\"SearchAction\",\"target\":{\"@type\":\"EntryPoint\",\"urlTemplate\":\"https:\\\/\\\/thelyflabs.com\\\/?s={search_term_string}\"},\"query-input\":{\"@type\":\"PropertyValueSpecification\",\"valueRequired\":true,\"valueName\":\"search_term_string\"}}],\"inLanguage\":\"fr-FR\"},{\"@type\":\"Organization\",\"@id\":\"https:\\\/\\\/thelyflabs.com\\\/#organization\",\"name\":\"The LYF Labs\",\"url\":\"https:\\\/\\\/thelyflabs.com\\\/\",\"logo\":{\"@type\":\"ImageObject\",\"inLanguage\":\"fr-FR\",\"@id\":\"https:\\\/\\\/thelyflabs.com\\\/#\\\/schema\\\/logo\\\/image\\\/\",\"url\":\"https:\\\/\\\/thelyflabs.com\\\/wp-content\\\/uploads\\\/2023\\\/01\\\/cropped-LogoTheLYFLabs.png\",\"contentUrl\":\"https:\\\/\\\/thelyflabs.com\\\/wp-content\\\/uploads\\\/2023\\\/01\\\/cropped-LogoTheLYFLabs.png\",\"width\":600,\"height\":180,\"caption\":\"The LYF Labs\"},\"image\":{\"@id\":\"https:\\\/\\\/thelyflabs.com\\\/#\\\/schema\\\/logo\\\/image\\\/\"}}]}<\/script>\n<!-- \/ Yoast SEO plugin. -->","yoast_head_json":{"title":"Vaper E8H 90% - Space Vape Gelato 1ml - THE LYF LABS","description":"Vaper desechable Space Vape sabor Gelato con STV, CBD 40% y CBG 30%. Terpenos naturales, sin THC ni nicotina. Precio exclusivo para tiendas y mayoristas.","robots":{"index":"index","follow":"follow","max-snippet":"max-snippet:-1","max-image-preview":"max-image-preview:large","max-video-preview":"max-video-preview:-1"},"canonical":"https:\/\/thelyflabs.com\/fr\/product\/vaper-e8h-90-space-vape-gelato-1ml\/","og_locale":"fr_FR","og_type":"article","og_title":"Vaper E8H 90% - Space Vape Gelato 1ml - THE LYF LABS","og_description":"Vaper desechable Space Vape sabor Gelato con STV, CBD 40% y CBG 30%. Terpenos naturales, sin THC ni nicotina. Precio exclusivo para tiendas y mayoristas.","og_url":"https:\/\/thelyflabs.com\/fr\/product\/vaper-e8h-90-space-vape-gelato-1ml\/","og_site_name":"THE LYF LABS","article_modified_time":"2026-03-19T14:20:42+00:00","og_image":[{"width":1000,"height":1000,"url":"https:\/\/thelyflabs.com\/wp-content\/uploads\/2026\/03\/Bolsa-Space-Vape-Gelato-E8H-1ml-con-vape.webp","type":"image\/webp"}],"twitter_card":"summary_large_image","twitter_misc":{"Dur\u00e9e de lecture estim\u00e9e":"2 minutes"},"schema":{"@context":"https:\/\/schema.org","@graph":[{"@type":"WebPage","@id":"https:\/\/thelyflabs.com\/product\/vaper-e8h-90-space-vape-gelato-1ml","url":"https:\/\/thelyflabs.com\/product\/vaper-e8h-90-space-vape-gelato-1ml","name":"Vaper E8H 90% - Space Vape Gelato 1ml - THE LYF LABS","isPartOf":{"@id":"https:\/\/thelyflabs.com\/#website"},"primaryImageOfPage":{"@id":"https:\/\/thelyflabs.com\/product\/vaper-e8h-90-space-vape-gelato-1ml#primaryimage"},"image":{"@id":"https:\/\/thelyflabs.com\/product\/vaper-e8h-90-space-vape-gelato-1ml#primaryimage"},"thumbnailUrl":"https:\/\/thelyflabs.com\/wp-content\/uploads\/2026\/03\/Bolsa-Space-Vape-Gelato-E8H-1ml-con-vape.webp","datePublished":"2025-08-05T18:25:08+00:00","dateModified":"2026-03-19T14:20:42+00:00","description":"Vaper desechable Space Vape sabor Gelato con STV, CBD 40% y CBG 30%. Terpenos naturales, sin THC ni nicotina. Precio exclusivo para tiendas y mayoristas.","breadcrumb":{"@id":"https:\/\/thelyflabs.com\/product\/vaper-e8h-90-space-vape-gelato-1ml#breadcrumb"},"inLanguage":"fr-FR","potentialAction":[{"@type":"ReadAction","target":["https:\/\/thelyflabs.com\/product\/vaper-e8h-90-space-vape-gelato-1ml"]}]},{"@type":"ImageObject","inLanguage":"fr-FR","@id":"https:\/\/thelyflabs.com\/product\/vaper-e8h-90-space-vape-gelato-1ml#primaryimage","url":"https:\/\/thelyflabs.com\/wp-content\/uploads\/2026\/03\/Bolsa-Space-Vape-Gelato-E8H-1ml-con-vape.webp","contentUrl":"https:\/\/thelyflabs.com\/wp-content\/uploads\/2026\/03\/Bolsa-Space-Vape-Gelato-E8H-1ml-con-vape.webp","width":1000,"height":1000,"caption":"Bolsa m\u00e1s vaper azul Gelato STV 1 ml"},{"@type":"BreadcrumbList","@id":"https:\/\/thelyflabs.com\/product\/vaper-e8h-90-space-vape-gelato-1ml#breadcrumb","itemListElement":[{"@type":"ListItem","position":1,"name":"Portada","item":"https:\/\/thelyflabs.com\/"},{"@type":"ListItem","position":2,"name":"Tienda","item":"https:\/\/thelyflabs.com\/tienda"},{"@type":"ListItem","position":3,"name":"Vaper E8H 90% &#8211; Space Vape Gelato 1ml"}]},{"@type":"WebSite","@id":"https:\/\/thelyflabs.com\/#website","url":"https:\/\/thelyflabs.com\/","name":"Les laboratoires LYF","description":"Vente en gros de CBD","publisher":{"@id":"https:\/\/thelyflabs.com\/#organization"},"potentialAction":[{"@type":"SearchAction","target":{"@type":"EntryPoint","urlTemplate":"https:\/\/thelyflabs.com\/?s={search_term_string}"},"query-input":{"@type":"PropertyValueSpecification","valueRequired":true,"valueName":"search_term_string"}}],"inLanguage":"fr-FR"},{"@type":"Organization","@id":"https:\/\/thelyflabs.com\/#organization","name":"Les laboratoires LYF","url":"https:\/\/thelyflabs.com\/","logo":{"@type":"ImageObject","inLanguage":"fr-FR","@id":"https:\/\/thelyflabs.com\/#\/schema\/logo\/image\/","url":"https:\/\/thelyflabs.com\/wp-content\/uploads\/2023\/01\/cropped-LogoTheLYFLabs.png","contentUrl":"https:\/\/thelyflabs.com\/wp-content\/uploads\/2023\/01\/cropped-LogoTheLYFLabs.png","width":600,"height":180,"caption":"The LYF Labs"},"image":{"@id":"https:\/\/thelyflabs.com\/#\/schema\/logo\/image\/"}}]}},"_links":{"self":[{"href":"https:\/\/thelyflabs.com\/fr\/wp-json\/wp\/v2\/product\/13400","targetHints":{"allow":["GET"]}}],"collection":[{"href":"https:\/\/thelyflabs.com\/fr\/wp-json\/wp\/v2\/product"}],"about":[{"href":"https:\/\/thelyflabs.com\/fr\/wp-json\/wp\/v2\/types\/product"}],"replies":[{"embeddable":true,"href":"https:\/\/thelyflabs.com\/fr\/wp-json\/wp\/v2\/comments?post=13400"}],"wp:featuredmedia":[{"embeddable":true,"href":"https:\/\/thelyflabs.com\/fr\/wp-json\/wp\/v2\/media\/17164"}],"wp:attachment":[{"href":"https:\/\/thelyflabs.com\/fr\/wp-json\/wp\/v2\/media?parent=13400"}],"wp:term":[{"taxonomy":"product_brand","embeddable":true,"href":"https:\/\/thelyflabs.com\/fr\/wp-json\/wp\/v2\/product_brand?post=13400"},{"taxonomy":"product_cat","embeddable":true,"href":"https:\/\/thelyflabs.com\/fr\/wp-json\/wp\/v2\/product_cat?post=13400"},{"taxonomy":"product_tag","embeddable":true,"href":"https:\/\/thelyflabs.com\/fr\/wp-json\/wp\/v2\/product_tag?post=13400"}],"curies":[{"name":"wp","href":"https:\/\/api.w.org\/{rel}","templated":true}]}}