{"id":13401,"date":"2025-08-05T20:25:08","date_gmt":"2025-08-05T18:25:08","guid":{"rendered":"https:\/\/thelyflabs.com\/?post_type=product&#038;p=13401"},"modified":"2026-03-19T15:20:47","modified_gmt":"2026-03-19T14:20:47","slug":"vaper-e8h-90-space-vape-amnesia-1ml","status":"publish","type":"product","link":"https:\/\/thelyflabs.com\/fr\/product\/vaper-e8h-90-space-vape-amnesia-1ml","title":{"rendered":"Vapeur E8H 90% \u2013 Space Vape Amnesia 1 ml"},"content":{"rendered":"<h2 data-start=\"148\" data-end=\"230\"><strong data-start=\"151\" data-end=\"228\">Vaper E8H Space Vape 1 ml \u2013 Amnesia\u00a0: intensit\u00e9 herbac\u00e9e et fra\u00eecheur d&#039;agrumes<\/strong><\/h2>\n<p data-start=\"232\" data-end=\"522\">Vivez une exp\u00e9rience aromatique unique avec le <strong data-start=\"276\" data-end=\"321\">Vaper E8H Space Vape Terpene Amnesia 1 ml<\/strong>, inspir\u00e9 de la souche l\u00e9gendaire <strong data-start=\"355\" data-end=\"366\">Amn\u00e9sie<\/strong>Avec un profil de terp\u00e8nes herbac\u00e9s, citronn\u00e9s et stimulants, cette vape compacte et portable est con\u00e7ue pour un plaisir sans tracas : <strong data-start=\"503\" data-end=\"519\">ouvrir et vapoter<\/strong>.<\/p>\n<h3 data-start=\"524\" data-end=\"576\"><strong data-start=\"528\" data-end=\"574\">Technologie E8H \u2013 L&#039;innovation \u00e0 chaque bouff\u00e9e<\/strong><\/h3>\n<p data-start=\"577\" data-end=\"813\">Il <strong data-start=\"580\" data-end=\"587\">E8H<\/strong> Il s&#039;agit d&#039;un cannabino\u00efde synth\u00e9tique de nouvelle g\u00e9n\u00e9ration, inspir\u00e9 du HHC, qui offre une sensation distinctive et novatrice. Son d\u00e9veloppement r\u00e9cent le place \u00e0 l&#039;avant-garde du secteur, dans un cadre r\u00e9glementaire en constante \u00e9volution.<\/p>\n<h3 data-start=\"815\" data-end=\"868\"><strong data-start=\"819\" data-end=\"866\">Caract\u00e9ristiques de Space Vape Amnesia 1 ml<\/strong><\/h3>\n<ul data-start=\"869\" data-end=\"1218\">\n<li data-start=\"869\" data-end=\"915\">\n<p data-start=\"871\" data-end=\"915\"><strong data-start=\"871\" data-end=\"885\">Capacit\u00e9:<\/strong> 1 ml de liquide pr\u00e9-rempli.<\/p>\n<\/li>\n<li data-start=\"916\" data-end=\"1001\">\n<p data-start=\"918\" data-end=\"1001\"><strong data-start=\"918\" data-end=\"942\">Nombre approximatif de bouff\u00e9es :<\/strong> jusqu&#039;\u00e0 300, avec un profil herbac\u00e9 et d&#039;agrumes incomparable.<\/p>\n<\/li>\n<li data-start=\"1002\" data-end=\"1065\">\n<p data-start=\"1004\" data-end=\"1065\"><strong data-start=\"1004\" data-end=\"1026\">Batterie int\u00e9gr\u00e9e :<\/strong> pr\u00eat \u00e0 l&#039;emploi et durable.<\/p>\n<\/li>\n<li data-start=\"1066\" data-end=\"1149\">\n<p data-start=\"1068\" data-end=\"1149\"><strong data-start=\"1068\" data-end=\"1085\">Ingr\u00e9dients:<\/strong> formule exclusive \u00e0 base d&#039;E8H et de terp\u00e8nes naturels s\u00e9lectionn\u00e9s.<\/p>\n<\/li>\n<li data-start=\"1150\" data-end=\"1218\">\n<p data-start=\"1152\" data-end=\"1218\"><strong data-start=\"1152\" data-end=\"1165\">Sans :<\/strong> THC, HHC, THC-P, nicotine et additifs inutiles.<\/p>\n<\/li>\n<\/ul>\n<p data-start=\"1220\" data-end=\"1375\">Fabriqu\u00e9 avec <strong data-start=\"1234\" data-end=\"1267\">chanvre industriel certifi\u00e9<\/strong> et conforme \u00e0 la r\u00e9glementation en vigueur, avec une teneur en THC inf\u00e9rieure \u00e0 0,3% et sans cannabino\u00efdes ill\u00e9gaux.<\/p>\n<h3 data-start=\"1377\" data-end=\"1418\"><strong data-start=\"1381\" data-end=\"1416\">Qu&#039;est-ce qu&#039;une vape jetable ?<\/strong><\/h3>\n<p data-start=\"1419\" data-end=\"1589\">Un stylo vaporisateur avec batterie et r\u00e9servoir int\u00e9gr\u00e9s, sans recharge. Con\u00e7u pour un nombre de bouff\u00e9es pr\u00e9cis, il est id\u00e9al pour l&#039;emporter partout avec soi.<\/p>\n<h3 data-start=\"1591\" data-end=\"1612\"><strong data-start=\"1595\" data-end=\"1610\">Mentions l\u00e9gales<\/strong><\/h3>\n<ul data-start=\"1613\" data-end=\"1916\">\n<li data-start=\"1613\" data-end=\"1684\">\n<p data-start=\"1615\" data-end=\"1684\">Produit destin\u00e9 \u00e0 des fins <strong data-start=\"1642\" data-end=\"1681\">industriel, technique et horticole<\/strong>.<\/p>\n<\/li>\n<li data-start=\"1685\" data-end=\"1731\">\n<p data-start=\"1687\" data-end=\"1731\"><strong data-start=\"1687\" data-end=\"1729\">Ne pas consommer directement ni fumer.<\/strong><\/p>\n<\/li>\n<li data-start=\"1732\" data-end=\"1782\">\n<p data-start=\"1734\" data-end=\"1782\">Ne pas conduire ni utiliser de machines apr\u00e8s utilisation.<\/p>\n<\/li>\n<li data-start=\"1783\" data-end=\"1848\">\n<p data-start=\"1785\" data-end=\"1848\">Conforme au D\u00e9cret Royal 2829\/1977 et \u00e0 l&#039;Ordonnance SND\/380\/2025.<\/p>\n<\/li>\n<li data-start=\"1849\" data-end=\"1916\">\n<p data-start=\"1851\" data-end=\"1916\">Sans substances contr\u00f4l\u00e9es par des accords internationaux.<\/p>\n<\/li>\n<\/ul>","protected":false},"excerpt":{"rendered":"<h4>E8H 90% Space Vape Saveur Amnesia Vape jetable.<\/h4>\n<p>Contient du E8H \u00e0 90% et des terp\u00e8nes naturels aromatis\u00e9s avec l&#039;une des vari\u00e9t\u00e9s de cannabis les plus connues, la puissante Amensia<\/p>\n<h5><strong>Caract\u00e9ristiques<\/strong><\/h5>\n<ul>\n<li>Dimensions : 94 mm x 90 mm x 9 mm<\/li>\n<li>Batterie : 380 mAh<\/li>\n<li>Capacit\u00e9 : 1 ml<\/li>\n<li>Bouff\u00e9es : jusqu&#039;\u00e0 300<\/li>\n<li>Terp\u00e8nes naturels de haute qualit\u00e9<\/li>\n<li>E8H : 90%<\/li>\n<li>THC\u00a0: 0%<\/li>\n<li>HHC: 0%<\/li>\n<li>THC-P : 0%<\/li>\n<li>Nicotine\u00a0: 0%<\/li>\n<li>Ne contient pas de VG, PG, PEG, MCT ou tout autre agent de coupe<\/li>\n<\/ul>\n<p>Tous nos produits sont issus de chanvre industriel certifi\u00e9. Ils contiennent moins de 0,31 TP3T de THC et sont exempts de cannabino\u00efdes ill\u00e9gaux tels que le HHC, le HHC-P, le THCP, le THCP-O, le H4CBD ou leurs d\u00e9riv\u00e9s. Voir le <a href=\"https:\/\/iguanasmoke.com\/analiticas\/\">Certificat d&#039;analyse ici<\/a>.<\/p>","protected":false},"featured_media":17162,"comment_status":"open","ping_status":"closed","template":"","meta":{"_acf_changed":false,"site-sidebar-layout":"default","site-content-layout":"","ast-site-content-layout":"default","site-content-style":"default","site-sidebar-style":"default","ast-global-header-display":"","ast-banner-title-visibility":"","ast-main-header-display":"","ast-hfb-above-header-display":"","ast-hfb-below-header-display":"","ast-hfb-mobile-header-display":"","site-post-title":"","ast-breadcrumbs-content":"","ast-featured-img":"","footer-sml-layout":"","theme-transparent-header-meta":"default","adv-header-id-meta":"","stick-header-meta":"","header-above-stick-meta":"","header-main-stick-meta":"","header-below-stick-meta":"","astra-migrate-meta-layouts":"set","ast-page-background-enabled":"default","ast-page-background-meta":{"desktop":{"background-color":"var(--ast-global-color-4)","background-image":"","background-repeat":"repeat","background-position":"center center","background-size":"auto","background-attachment":"scroll","background-type":"","background-media":"","overlay-type":"","overlay-color":"","overlay-opacity":"","overlay-gradient":""},"tablet":{"background-color":"","background-image":"","background-repeat":"repeat","background-position":"center center","background-size":"auto","background-attachment":"scroll","background-type":"","background-media":"","overlay-type":"","overlay-color":"","overlay-opacity":"","overlay-gradient":""},"mobile":{"background-color":"","background-image":"","background-repeat":"repeat","background-position":"center center","background-size":"auto","background-attachment":"scroll","background-type":"","background-media":"","overlay-type":"","overlay-color":"","overlay-opacity":"","overlay-gradient":""}},"ast-content-background-meta":{"desktop":{"background-color":"var(--ast-global-color-5)","background-image":"","background-repeat":"repeat","background-position":"center center","background-size":"auto","background-attachment":"scroll","background-type":"","background-media":"","overlay-type":"","overlay-color":"","overlay-opacity":"","overlay-gradient":""},"tablet":{"background-color":"var(--ast-global-color-5)","background-image":"","background-repeat":"repeat","background-position":"center center","background-size":"auto","background-attachment":"scroll","background-type":"","background-media":"","overlay-type":"","overlay-color":"","overlay-opacity":"","overlay-gradient":""},"mobile":{"background-color":"var(--ast-global-color-5)","background-image":"","background-repeat":"repeat","background-position":"center center","background-size":"auto","background-attachment":"scroll","background-type":"","background-media":"","overlay-type":"","overlay-color":"","overlay-opacity":"","overlay-gradient":""}}},"product_brand":[],"product_cat":[145,146],"product_tag":[],"class_list":{"0":"post-13401","1":"product","2":"type-product","3":"status-publish","4":"has-post-thumbnail","6":"product_cat-e8h","7":"product_cat-nuevas-moleculas","8":"desktop-align-center","9":"tablet-align-left","10":"mobile-align-left","12":"first","13":"instock","14":"taxable","15":"shipping-taxable","16":"purchasable","17":"product-type-simple"},"acf":[],"yoast_head":"<!-- This site is optimized with the Yoast SEO plugin v27.4 - https:\/\/yoast.com\/product\/yoast-seo-wordpress\/ -->\n<title>Vaper E8H 90% - Space Vape Amnesia 1ml - THE LYF LABS<\/title>\n<meta name=\"description\" content=\"Vaper desechable al por mayor STV Space Vape sabor Amnesia. Con STV, CBD 40%, CBG 30% y terpenos naturales. Legal, sin THC ni nicotina.\" \/>\n<meta name=\"robots\" content=\"index, follow, max-snippet:-1, max-image-preview:large, max-video-preview:-1\" \/>\n<link rel=\"canonical\" href=\"https:\/\/thelyflabs.com\/fr\/product\/vaper-e8h-90-space-vape-amnesia-1ml\/\" \/>\n<meta property=\"og:locale\" content=\"fr_FR\" \/>\n<meta property=\"og:type\" content=\"article\" \/>\n<meta property=\"og:title\" content=\"Vaper E8H 90% - Space Vape Amnesia 1ml - THE LYF LABS\" \/>\n<meta property=\"og:description\" content=\"Vaper desechable al por mayor STV Space Vape sabor Amnesia. Con STV, CBD 40%, CBG 30% y terpenos naturales. Legal, sin THC ni nicotina.\" \/>\n<meta property=\"og:url\" content=\"https:\/\/thelyflabs.com\/fr\/product\/vaper-e8h-90-space-vape-amnesia-1ml\/\" \/>\n<meta property=\"og:site_name\" content=\"THE LYF LABS\" \/>\n<meta property=\"article:modified_time\" content=\"2026-03-19T14:20:47+00:00\" \/>\n<meta property=\"og:image\" content=\"https:\/\/thelyflabs.com\/wp-content\/uploads\/2026\/03\/Bolsa-Space-Vape-Amnesia-E8H-1ml-con-vape.webp\" \/>\n\t<meta property=\"og:image:width\" content=\"1000\" \/>\n\t<meta property=\"og:image:height\" content=\"1000\" \/>\n\t<meta property=\"og:image:type\" content=\"image\/webp\" \/>\n<meta name=\"twitter:card\" content=\"summary_large_image\" \/>\n<meta name=\"twitter:label1\" content=\"Dur\u00e9e de lecture estim\u00e9e\" \/>\n\t<meta name=\"twitter:data1\" content=\"2 minutes\" \/>\n<script type=\"application\/ld+json\" class=\"yoast-schema-graph\">{\"@context\":\"https:\\\/\\\/schema.org\",\"@graph\":[{\"@type\":\"WebPage\",\"@id\":\"https:\\\/\\\/thelyflabs.com\\\/product\\\/vaper-e8h-90-space-vape-amnesia-1ml\",\"url\":\"https:\\\/\\\/thelyflabs.com\\\/product\\\/vaper-e8h-90-space-vape-amnesia-1ml\",\"name\":\"Vaper E8H 90% - Space Vape Amnesia 1ml - THE LYF LABS\",\"isPartOf\":{\"@id\":\"https:\\\/\\\/thelyflabs.com\\\/#website\"},\"primaryImageOfPage\":{\"@id\":\"https:\\\/\\\/thelyflabs.com\\\/product\\\/vaper-e8h-90-space-vape-amnesia-1ml#primaryimage\"},\"image\":{\"@id\":\"https:\\\/\\\/thelyflabs.com\\\/product\\\/vaper-e8h-90-space-vape-amnesia-1ml#primaryimage\"},\"thumbnailUrl\":\"https:\\\/\\\/thelyflabs.com\\\/wp-content\\\/uploads\\\/2026\\\/03\\\/Bolsa-Space-Vape-Amnesia-E8H-1ml-con-vape.webp\",\"datePublished\":\"2025-08-05T18:25:08+00:00\",\"dateModified\":\"2026-03-19T14:20:47+00:00\",\"description\":\"Vaper desechable al por mayor STV Space Vape sabor Amnesia. Con STV, CBD 40%, CBG 30% y terpenos naturales. Legal, sin THC ni nicotina.\",\"breadcrumb\":{\"@id\":\"https:\\\/\\\/thelyflabs.com\\\/product\\\/vaper-e8h-90-space-vape-amnesia-1ml#breadcrumb\"},\"inLanguage\":\"fr-FR\",\"potentialAction\":[{\"@type\":\"ReadAction\",\"target\":[\"https:\\\/\\\/thelyflabs.com\\\/product\\\/vaper-e8h-90-space-vape-amnesia-1ml\"]}]},{\"@type\":\"ImageObject\",\"inLanguage\":\"fr-FR\",\"@id\":\"https:\\\/\\\/thelyflabs.com\\\/product\\\/vaper-e8h-90-space-vape-amnesia-1ml#primaryimage\",\"url\":\"https:\\\/\\\/thelyflabs.com\\\/wp-content\\\/uploads\\\/2026\\\/03\\\/Bolsa-Space-Vape-Amnesia-E8H-1ml-con-vape.webp\",\"contentUrl\":\"https:\\\/\\\/thelyflabs.com\\\/wp-content\\\/uploads\\\/2026\\\/03\\\/Bolsa-Space-Vape-Amnesia-E8H-1ml-con-vape.webp\",\"width\":1000,\"height\":1000,\"caption\":\"Bolsa m\u00e1s vaper azul Amnesia STV 1 ml\"},{\"@type\":\"BreadcrumbList\",\"@id\":\"https:\\\/\\\/thelyflabs.com\\\/product\\\/vaper-e8h-90-space-vape-amnesia-1ml#breadcrumb\",\"itemListElement\":[{\"@type\":\"ListItem\",\"position\":1,\"name\":\"Portada\",\"item\":\"https:\\\/\\\/thelyflabs.com\\\/\"},{\"@type\":\"ListItem\",\"position\":2,\"name\":\"Tienda\",\"item\":\"https:\\\/\\\/thelyflabs.com\\\/tienda\"},{\"@type\":\"ListItem\",\"position\":3,\"name\":\"Vaper E8H 90% &#8211; Space Vape Amnesia 1ml\"}]},{\"@type\":\"WebSite\",\"@id\":\"https:\\\/\\\/thelyflabs.com\\\/#website\",\"url\":\"https:\\\/\\\/thelyflabs.com\\\/\",\"name\":\"The LYF Labs\",\"description\":\"CBD al por mayor\",\"publisher\":{\"@id\":\"https:\\\/\\\/thelyflabs.com\\\/#organization\"},\"potentialAction\":[{\"@type\":\"SearchAction\",\"target\":{\"@type\":\"EntryPoint\",\"urlTemplate\":\"https:\\\/\\\/thelyflabs.com\\\/?s={search_term_string}\"},\"query-input\":{\"@type\":\"PropertyValueSpecification\",\"valueRequired\":true,\"valueName\":\"search_term_string\"}}],\"inLanguage\":\"fr-FR\"},{\"@type\":\"Organization\",\"@id\":\"https:\\\/\\\/thelyflabs.com\\\/#organization\",\"name\":\"The LYF Labs\",\"url\":\"https:\\\/\\\/thelyflabs.com\\\/\",\"logo\":{\"@type\":\"ImageObject\",\"inLanguage\":\"fr-FR\",\"@id\":\"https:\\\/\\\/thelyflabs.com\\\/#\\\/schema\\\/logo\\\/image\\\/\",\"url\":\"https:\\\/\\\/thelyflabs.com\\\/wp-content\\\/uploads\\\/2023\\\/01\\\/cropped-LogoTheLYFLabs.png\",\"contentUrl\":\"https:\\\/\\\/thelyflabs.com\\\/wp-content\\\/uploads\\\/2023\\\/01\\\/cropped-LogoTheLYFLabs.png\",\"width\":600,\"height\":180,\"caption\":\"The LYF Labs\"},\"image\":{\"@id\":\"https:\\\/\\\/thelyflabs.com\\\/#\\\/schema\\\/logo\\\/image\\\/\"}}]}<\/script>\n<!-- \/ Yoast SEO plugin. -->","yoast_head_json":{"title":"Vaper E8H 90% - Space Vape Amnesia 1ml - THE LYF LABS","description":"Vaper desechable al por mayor STV Space Vape sabor Amnesia. Con STV, CBD 40%, CBG 30% y terpenos naturales. Legal, sin THC ni nicotina.","robots":{"index":"index","follow":"follow","max-snippet":"max-snippet:-1","max-image-preview":"max-image-preview:large","max-video-preview":"max-video-preview:-1"},"canonical":"https:\/\/thelyflabs.com\/fr\/product\/vaper-e8h-90-space-vape-amnesia-1ml\/","og_locale":"fr_FR","og_type":"article","og_title":"Vaper E8H 90% - Space Vape Amnesia 1ml - THE LYF LABS","og_description":"Vaper desechable al por mayor STV Space Vape sabor Amnesia. Con STV, CBD 40%, CBG 30% y terpenos naturales. Legal, sin THC ni nicotina.","og_url":"https:\/\/thelyflabs.com\/fr\/product\/vaper-e8h-90-space-vape-amnesia-1ml\/","og_site_name":"THE LYF LABS","article_modified_time":"2026-03-19T14:20:47+00:00","og_image":[{"width":1000,"height":1000,"url":"https:\/\/thelyflabs.com\/wp-content\/uploads\/2026\/03\/Bolsa-Space-Vape-Amnesia-E8H-1ml-con-vape.webp","type":"image\/webp"}],"twitter_card":"summary_large_image","twitter_misc":{"Dur\u00e9e de lecture estim\u00e9e":"2 minutes"},"schema":{"@context":"https:\/\/schema.org","@graph":[{"@type":"WebPage","@id":"https:\/\/thelyflabs.com\/product\/vaper-e8h-90-space-vape-amnesia-1ml","url":"https:\/\/thelyflabs.com\/product\/vaper-e8h-90-space-vape-amnesia-1ml","name":"Vaper E8H 90% - Space Vape Amnesia 1ml - THE LYF LABS","isPartOf":{"@id":"https:\/\/thelyflabs.com\/#website"},"primaryImageOfPage":{"@id":"https:\/\/thelyflabs.com\/product\/vaper-e8h-90-space-vape-amnesia-1ml#primaryimage"},"image":{"@id":"https:\/\/thelyflabs.com\/product\/vaper-e8h-90-space-vape-amnesia-1ml#primaryimage"},"thumbnailUrl":"https:\/\/thelyflabs.com\/wp-content\/uploads\/2026\/03\/Bolsa-Space-Vape-Amnesia-E8H-1ml-con-vape.webp","datePublished":"2025-08-05T18:25:08+00:00","dateModified":"2026-03-19T14:20:47+00:00","description":"Vaper desechable al por mayor STV Space Vape sabor Amnesia. Con STV, CBD 40%, CBG 30% y terpenos naturales. Legal, sin THC ni nicotina.","breadcrumb":{"@id":"https:\/\/thelyflabs.com\/product\/vaper-e8h-90-space-vape-amnesia-1ml#breadcrumb"},"inLanguage":"fr-FR","potentialAction":[{"@type":"ReadAction","target":["https:\/\/thelyflabs.com\/product\/vaper-e8h-90-space-vape-amnesia-1ml"]}]},{"@type":"ImageObject","inLanguage":"fr-FR","@id":"https:\/\/thelyflabs.com\/product\/vaper-e8h-90-space-vape-amnesia-1ml#primaryimage","url":"https:\/\/thelyflabs.com\/wp-content\/uploads\/2026\/03\/Bolsa-Space-Vape-Amnesia-E8H-1ml-con-vape.webp","contentUrl":"https:\/\/thelyflabs.com\/wp-content\/uploads\/2026\/03\/Bolsa-Space-Vape-Amnesia-E8H-1ml-con-vape.webp","width":1000,"height":1000,"caption":"Bolsa m\u00e1s vaper azul Amnesia STV 1 ml"},{"@type":"BreadcrumbList","@id":"https:\/\/thelyflabs.com\/product\/vaper-e8h-90-space-vape-amnesia-1ml#breadcrumb","itemListElement":[{"@type":"ListItem","position":1,"name":"Portada","item":"https:\/\/thelyflabs.com\/"},{"@type":"ListItem","position":2,"name":"Tienda","item":"https:\/\/thelyflabs.com\/tienda"},{"@type":"ListItem","position":3,"name":"Vaper E8H 90% &#8211; Space Vape Amnesia 1ml"}]},{"@type":"WebSite","@id":"https:\/\/thelyflabs.com\/#website","url":"https:\/\/thelyflabs.com\/","name":"Les laboratoires LYF","description":"Vente en gros de CBD","publisher":{"@id":"https:\/\/thelyflabs.com\/#organization"},"potentialAction":[{"@type":"SearchAction","target":{"@type":"EntryPoint","urlTemplate":"https:\/\/thelyflabs.com\/?s={search_term_string}"},"query-input":{"@type":"PropertyValueSpecification","valueRequired":true,"valueName":"search_term_string"}}],"inLanguage":"fr-FR"},{"@type":"Organization","@id":"https:\/\/thelyflabs.com\/#organization","name":"Les laboratoires LYF","url":"https:\/\/thelyflabs.com\/","logo":{"@type":"ImageObject","inLanguage":"fr-FR","@id":"https:\/\/thelyflabs.com\/#\/schema\/logo\/image\/","url":"https:\/\/thelyflabs.com\/wp-content\/uploads\/2023\/01\/cropped-LogoTheLYFLabs.png","contentUrl":"https:\/\/thelyflabs.com\/wp-content\/uploads\/2023\/01\/cropped-LogoTheLYFLabs.png","width":600,"height":180,"caption":"The LYF Labs"},"image":{"@id":"https:\/\/thelyflabs.com\/#\/schema\/logo\/image\/"}}]}},"_links":{"self":[{"href":"https:\/\/thelyflabs.com\/fr\/wp-json\/wp\/v2\/product\/13401","targetHints":{"allow":["GET"]}}],"collection":[{"href":"https:\/\/thelyflabs.com\/fr\/wp-json\/wp\/v2\/product"}],"about":[{"href":"https:\/\/thelyflabs.com\/fr\/wp-json\/wp\/v2\/types\/product"}],"replies":[{"embeddable":true,"href":"https:\/\/thelyflabs.com\/fr\/wp-json\/wp\/v2\/comments?post=13401"}],"wp:featuredmedia":[{"embeddable":true,"href":"https:\/\/thelyflabs.com\/fr\/wp-json\/wp\/v2\/media\/17162"}],"wp:attachment":[{"href":"https:\/\/thelyflabs.com\/fr\/wp-json\/wp\/v2\/media?parent=13401"}],"wp:term":[{"taxonomy":"product_brand","embeddable":true,"href":"https:\/\/thelyflabs.com\/fr\/wp-json\/wp\/v2\/product_brand?post=13401"},{"taxonomy":"product_cat","embeddable":true,"href":"https:\/\/thelyflabs.com\/fr\/wp-json\/wp\/v2\/product_cat?post=13401"},{"taxonomy":"product_tag","embeddable":true,"href":"https:\/\/thelyflabs.com\/fr\/wp-json\/wp\/v2\/product_tag?post=13401"}],"curies":[{"name":"wp","href":"https:\/\/api.w.org\/{rel}","templated":true}]}}