{"id":13477,"date":"2025-08-06T16:49:04","date_gmt":"2025-08-06T14:49:04","guid":{"rendered":"https:\/\/thelyflabs.com\/?post_type=product&#038;p=13477"},"modified":"2026-03-19T15:01:50","modified_gmt":"2026-03-19T14:01:50","slug":"pack-10-vapes-de-e8h-stv-o-10oh-space-vape-1ml","status":"publish","type":"product","link":"https:\/\/thelyflabs.com\/fr\/product\/pack-10-vapes-de-e8h-stv-o-10oh-space-vape-1ml","title":{"rendered":"Pack de 10 vapes de E8H, STV ou 10OH \u2013 Space Vape 1 ml"},"content":{"rendered":"<h4>Pack 10 <strong>Vapeurs<\/strong>\u00a0 E8H, STV et 10-OH \u2013 Choisissez les derni\u00e8res nouveaut\u00e9s d&#039;Iguana Smoke<\/h4>\n<p>D\u00e9couvrez les nouveaux vaporisateurs de notre collection\u00a0: les vaporisateurs Space Vape 1\u00a0ml, contenant du E8H, du STV et du 10-OH. Disponibles en pack de 10, choisissez vos pr\u00e9f\u00e9r\u00e9s et profitez d&#039;une exp\u00e9rience de vape optimale.<\/p>\n<h5>D\u00e9couvrez la nouvelle g\u00e9n\u00e9ration de vapoteurs<\/h5>\n<p>Dans ce Pack de 10 vapes E8H, STV et 10-OH vous pourrez choisir entre nos deux types de vapoteurs Space Vape :<\/p>\n<ul>\n<li>STV Vape : Le fleuron d&#039;Iguana Smoke. Chaque Space Vape contient 40% de CBD et du STV (Sativanol), un cannabino\u00efde qui fait fureur. Avec 2 ml de liquide premium et les terp\u00e8nes exquis de Cali Terpenes, vous obtiendrez jusqu&#039;\u00e0 600 bouff\u00e9es sans nicotine ni THC.<\/li>\n<li>Vapeur 10-OH\u00a0: Explorez l&#039;intrigant 10-OH (10-hydroxy), une mol\u00e9cule du chanvre qui suscite un vif int\u00e9r\u00eat. La recherche est limit\u00e9e et son statut juridique \u00e9volue constamment, mais son profil est fascinant.<\/li>\n<\/ul>\n<h5>Diff\u00e9rentes saveurs au choix<\/h5>\n<p>Pour rendre votre exp\u00e9rience encore meilleure, le pack de 10 vapoteurs E8H, STV et 10-OH propose une s\u00e9lection de saveurs que vous adorerez :<\/p>\n<ul>\n<li>Amnesia : Avec un profil de cannabis authentique qui \u00e9voque des notes terreuses et une touche \u00e9pic\u00e9e caract\u00e9ristique de cette vari\u00e9t\u00e9 populaire.<\/li>\n<li>Gelato : Une saveur de cannabis douce et sucr\u00e9e, avec des nuances cr\u00e9meuses rappelant la c\u00e9l\u00e8bre vari\u00e9t\u00e9.<\/li>\n<li>Gorilla Glue : Profitez d&#039;une saveur de cannabis robuste et puissante, avec des notes terreuses et de pin qui capturent l&#039;essence de cette vari\u00e9t\u00e9 l\u00e9gendaire.<\/li>\n<li>Mangue : Exotique et sucr\u00e9e, avec la saveur tropicale incomparable de la mangue fra\u00eechement m\u00fbre.<\/li>\n<li>Lemon Haze : Vibrant et rafra\u00eechissant, avec un ar\u00f4me intense de citron et une touche d&#039;agrumes qui dynamise.<\/li>\n<\/ul>\n<p>Pr\u00eat \u00e0 choisir vos vapes pr\u00e9f\u00e9r\u00e9es parmi la nouvelle collection d&#039;Iguana Smoke\u00a0? D\u00e9couvrez-les\u00a0!<\/p>\n<h5>Design et confort avec l&#039;Iguana Smoke Seal<\/h5>\n<p>Nos vapes jetables incarnent l&#039;essence m\u00eame d&#039;Iguana Smoke\u00a0: pr\u00eates \u00e0 l&#039;emploi, faciles \u00e0 recharger et \u00e0 entretenir, et dot\u00e9es d&#039;un design moderne et \u00e9l\u00e9gant, elles sont id\u00e9ales pour un usage quotidien.<\/p>\n<h6>Informations l\u00e9gales<\/h6>\n<p>Conform\u00e9ment \u00e0 la r\u00e9glementation espagnole, ces produits ne sont pas destin\u00e9s \u00e0 la consommation humaine. Ils sont destin\u00e9s \u00e0 un usage industriel, technique, horticole ou de collection uniquement. Veuillez ne pas conduire ni utiliser de machines lourdes apr\u00e8s manipulation. Les informations sur le STV et le 10-OH sont encore limit\u00e9es. Veuillez noter que nos produits ne contiennent pas de cannabino\u00efdes r\u00e9glement\u00e9s.<\/p>\n<p>Tous nos produits sont issus de chanvre industriel certifi\u00e9. Ils contiennent moins de 0,31 TP3T de THC et sont exempts de cannabino\u00efdes non autoris\u00e9s tels que le HHC, le HHC-P, le THCP, le THCP-O, le H4CBD et leurs d\u00e9riv\u00e9s.<br \/>\nV\u00e9rifiez le <a href=\"https:\/\/iguanasmoke.com\/analiticas\/\">Certificat d&#039;analyse ici.<\/a><\/p>","protected":false},"excerpt":{"rendered":"<h4>Pack de vape jetable E8H, STV ou 10-OH \u2013 Space Vape x 10 unit\u00e9s<\/h4>\n<p>Choisissez et combinez vos vapoteurs Space Vape avec diff\u00e9rents cannabino\u00efdes STV, 10OH \u00e0 90% ou E8H \u00e0 90%<\/p>\n<h5><strong>Caract\u00e9ristiques<\/strong><\/h5>\n<ul>\n<li>\u00c9conomisez 2,50 \u20ac<\/li>\n<li>Livraison gratuite incluse dans le prix<\/li>\n<li>Recevez 15 \u20ac en cr\u00e9dits LYF pour votre prochain achat<\/li>\n<li>Dimensions : 105 mm x 24 mm x 11,2 mm<\/li>\n<li>Batterie : 380 mAh<\/li>\n<li>Capacit\u00e9 : 1 ml<\/li>\n<li>Bouff\u00e9es : jusqu&#039;\u00e0 300<\/li>\n<li>Terp\u00e8nes naturels de haute qualit\u00e9<\/li>\n<li>CBD : 40%<\/li>\n<li>CBG : 30%<\/li>\n<li>STV (Sativanol)<\/li>\n<li>10-OH 90%<\/li>\n<li>THC\u00a0: 0%<\/li>\n<li>HHC: 0%<\/li>\n<li>THC-P : 0%<\/li>\n<li>Nicotine\u00a0: 0%<\/li>\n<li>Ne contient pas de VG, PG, PEG, MCT ou tout autre agent de coupe<\/li>\n<\/ul>","protected":false},"featured_media":13515,"comment_status":"open","ping_status":"closed","template":"","meta":{"_acf_changed":false,"site-sidebar-layout":"default","site-content-layout":"","ast-site-content-layout":"default","site-content-style":"default","site-sidebar-style":"default","ast-global-header-display":"","ast-banner-title-visibility":"","ast-main-header-display":"","ast-hfb-above-header-display":"","ast-hfb-below-header-display":"","ast-hfb-mobile-header-display":"","site-post-title":"","ast-breadcrumbs-content":"","ast-featured-img":"","footer-sml-layout":"","theme-transparent-header-meta":"default","adv-header-id-meta":"","stick-header-meta":"","header-above-stick-meta":"","header-main-stick-meta":"","header-below-stick-meta":"","astra-migrate-meta-layouts":"set","ast-page-background-enabled":"default","ast-page-background-meta":{"desktop":{"background-color":"var(--ast-global-color-4)","background-image":"","background-repeat":"repeat","background-position":"center center","background-size":"auto","background-attachment":"scroll","background-type":"","background-media":"","overlay-type":"","overlay-color":"","overlay-opacity":"","overlay-gradient":""},"tablet":{"background-color":"","background-image":"","background-repeat":"repeat","background-position":"center center","background-size":"auto","background-attachment":"scroll","background-type":"","background-media":"","overlay-type":"","overlay-color":"","overlay-opacity":"","overlay-gradient":""},"mobile":{"background-color":"","background-image":"","background-repeat":"repeat","background-position":"center center","background-size":"auto","background-attachment":"scroll","background-type":"","background-media":"","overlay-type":"","overlay-color":"","overlay-opacity":"","overlay-gradient":""}},"ast-content-background-meta":{"desktop":{"background-color":"var(--ast-global-color-5)","background-image":"","background-repeat":"repeat","background-position":"center center","background-size":"auto","background-attachment":"scroll","background-type":"","background-media":"","overlay-type":"","overlay-color":"","overlay-opacity":"","overlay-gradient":""},"tablet":{"background-color":"var(--ast-global-color-5)","background-image":"","background-repeat":"repeat","background-position":"center center","background-size":"auto","background-attachment":"scroll","background-type":"","background-media":"","overlay-type":"","overlay-color":"","overlay-opacity":"","overlay-gradient":""},"mobile":{"background-color":"var(--ast-global-color-5)","background-image":"","background-repeat":"repeat","background-position":"center center","background-size":"auto","background-attachment":"scroll","background-type":"","background-media":"","overlay-type":"","overlay-color":"","overlay-opacity":"","overlay-gradient":""}}},"product_brand":[],"product_cat":[140,145,40,146,102,143,138],"product_tag":[],"class_list":{"0":"post-13477","1":"product","2":"type-product","3":"status-publish","4":"has-post-thumbnail","6":"product_cat-10oh","7":"product_cat-e8h","8":"product_cat-iguanasmoke","9":"product_cat-nuevas-moleculas","10":"product_cat-packs-y-ofertas","11":"product_cat-stv","12":"product_cat-stv-sativanol","13":"desktop-align-center","14":"tablet-align-left","15":"mobile-align-left","17":"first","18":"instock","19":"sale","20":"taxable","21":"shipping-taxable","22":"purchasable","23":"product-type-composite"},"acf":[],"yoast_head":"<!-- This site is optimized with the Yoast SEO plugin v27.4 - https:\/\/yoast.com\/product\/yoast-seo-wordpress\/ -->\n<title>Pack 10 Vapes de E8H, STV o 10OH - Space Vape 1ml - THE LYF LABS<\/title>\n<meta name=\"description\" content=\"Compra el Pack de 10 vapes de STV y 10-OH desechables al por mayor. Al mejor precio y con una calidad inigualable. Ideal para profesionales y mayoristas.\" \/>\n<meta name=\"robots\" content=\"index, follow, max-snippet:-1, max-image-preview:large, max-video-preview:-1\" \/>\n<link rel=\"canonical\" href=\"https:\/\/thelyflabs.com\/fr\/product\/pack-10-vapes-de-e8h-stv-o-10oh-space-vape-1ml\/\" \/>\n<meta property=\"og:locale\" content=\"fr_FR\" \/>\n<meta property=\"og:type\" content=\"article\" \/>\n<meta property=\"og:title\" content=\"Pack 10 Vapes de E8H, STV o 10OH - Space Vape 1ml - THE LYF LABS\" \/>\n<meta property=\"og:description\" content=\"Compra el Pack de 10 vapes de STV y 10-OH desechables al por mayor. Al mejor precio y con una calidad inigualable. Ideal para profesionales y mayoristas.\" \/>\n<meta property=\"og:url\" content=\"https:\/\/thelyflabs.com\/fr\/product\/pack-10-vapes-de-e8h-stv-o-10oh-space-vape-1ml\/\" \/>\n<meta property=\"og:site_name\" content=\"THE LYF LABS\" \/>\n<meta property=\"article:modified_time\" content=\"2026-03-19T14:01:50+00:00\" \/>\n<meta property=\"og:image\" content=\"https:\/\/thelyflabs.com\/wp-content\/uploads\/2025\/08\/Pack-Space-Vape-10x-1ml-1.webp\" \/>\n\t<meta property=\"og:image:width\" content=\"1000\" \/>\n\t<meta property=\"og:image:height\" content=\"1000\" \/>\n\t<meta property=\"og:image:type\" content=\"image\/webp\" \/>\n<meta name=\"twitter:card\" content=\"summary_large_image\" \/>\n<meta name=\"twitter:label1\" content=\"Dur\u00e9e de lecture estim\u00e9e\" \/>\n\t<meta name=\"twitter:data1\" content=\"3 minutes\" \/>\n<script type=\"application\/ld+json\" class=\"yoast-schema-graph\">{\"@context\":\"https:\\\/\\\/schema.org\",\"@graph\":[{\"@type\":\"WebPage\",\"@id\":\"https:\\\/\\\/thelyflabs.com\\\/product\\\/pack-10-vapes-de-e8h-stv-o-10oh-space-vape-1ml\",\"url\":\"https:\\\/\\\/thelyflabs.com\\\/product\\\/pack-10-vapes-de-e8h-stv-o-10oh-space-vape-1ml\",\"name\":\"Pack 10 Vapes de E8H, STV o 10OH - Space Vape 1ml - THE LYF LABS\",\"isPartOf\":{\"@id\":\"https:\\\/\\\/thelyflabs.com\\\/#website\"},\"primaryImageOfPage\":{\"@id\":\"https:\\\/\\\/thelyflabs.com\\\/product\\\/pack-10-vapes-de-e8h-stv-o-10oh-space-vape-1ml#primaryimage\"},\"image\":{\"@id\":\"https:\\\/\\\/thelyflabs.com\\\/product\\\/pack-10-vapes-de-e8h-stv-o-10oh-space-vape-1ml#primaryimage\"},\"thumbnailUrl\":\"https:\\\/\\\/thelyflabs.com\\\/wp-content\\\/uploads\\\/2025\\\/08\\\/Pack-Space-Vape-10x-1ml-1.webp\",\"datePublished\":\"2025-08-06T14:49:04+00:00\",\"dateModified\":\"2026-03-19T14:01:50+00:00\",\"description\":\"Compra el Pack de 10 vapes de STV y 10-OH desechables al por mayor. Al mejor precio y con una calidad inigualable. Ideal para profesionales y mayoristas.\",\"breadcrumb\":{\"@id\":\"https:\\\/\\\/thelyflabs.com\\\/product\\\/pack-10-vapes-de-e8h-stv-o-10oh-space-vape-1ml#breadcrumb\"},\"inLanguage\":\"fr-FR\",\"potentialAction\":[{\"@type\":\"ReadAction\",\"target\":[\"https:\\\/\\\/thelyflabs.com\\\/product\\\/pack-10-vapes-de-e8h-stv-o-10oh-space-vape-1ml\"]}]},{\"@type\":\"ImageObject\",\"inLanguage\":\"fr-FR\",\"@id\":\"https:\\\/\\\/thelyflabs.com\\\/product\\\/pack-10-vapes-de-e8h-stv-o-10oh-space-vape-1ml#primaryimage\",\"url\":\"https:\\\/\\\/thelyflabs.com\\\/wp-content\\\/uploads\\\/2025\\\/08\\\/Pack-Space-Vape-10x-1ml-1.webp\",\"contentUrl\":\"https:\\\/\\\/thelyflabs.com\\\/wp-content\\\/uploads\\\/2025\\\/08\\\/Pack-Space-Vape-10x-1ml-1.webp\",\"width\":1000,\"height\":1000},{\"@type\":\"BreadcrumbList\",\"@id\":\"https:\\\/\\\/thelyflabs.com\\\/product\\\/pack-10-vapes-de-e8h-stv-o-10oh-space-vape-1ml#breadcrumb\",\"itemListElement\":[{\"@type\":\"ListItem\",\"position\":1,\"name\":\"Portada\",\"item\":\"https:\\\/\\\/thelyflabs.com\\\/\"},{\"@type\":\"ListItem\",\"position\":2,\"name\":\"Tienda\",\"item\":\"https:\\\/\\\/thelyflabs.com\\\/tienda\"},{\"@type\":\"ListItem\",\"position\":3,\"name\":\"Pack 10 Vapes de E8H, STV o 10OH &#8211; Space Vape 1ml\"}]},{\"@type\":\"WebSite\",\"@id\":\"https:\\\/\\\/thelyflabs.com\\\/#website\",\"url\":\"https:\\\/\\\/thelyflabs.com\\\/\",\"name\":\"The LYF Labs\",\"description\":\"CBD al por mayor\",\"publisher\":{\"@id\":\"https:\\\/\\\/thelyflabs.com\\\/#organization\"},\"potentialAction\":[{\"@type\":\"SearchAction\",\"target\":{\"@type\":\"EntryPoint\",\"urlTemplate\":\"https:\\\/\\\/thelyflabs.com\\\/?s={search_term_string}\"},\"query-input\":{\"@type\":\"PropertyValueSpecification\",\"valueRequired\":true,\"valueName\":\"search_term_string\"}}],\"inLanguage\":\"fr-FR\"},{\"@type\":\"Organization\",\"@id\":\"https:\\\/\\\/thelyflabs.com\\\/#organization\",\"name\":\"The LYF Labs\",\"url\":\"https:\\\/\\\/thelyflabs.com\\\/\",\"logo\":{\"@type\":\"ImageObject\",\"inLanguage\":\"fr-FR\",\"@id\":\"https:\\\/\\\/thelyflabs.com\\\/#\\\/schema\\\/logo\\\/image\\\/\",\"url\":\"https:\\\/\\\/thelyflabs.com\\\/wp-content\\\/uploads\\\/2023\\\/01\\\/cropped-LogoTheLYFLabs.png\",\"contentUrl\":\"https:\\\/\\\/thelyflabs.com\\\/wp-content\\\/uploads\\\/2023\\\/01\\\/cropped-LogoTheLYFLabs.png\",\"width\":600,\"height\":180,\"caption\":\"The LYF Labs\"},\"image\":{\"@id\":\"https:\\\/\\\/thelyflabs.com\\\/#\\\/schema\\\/logo\\\/image\\\/\"}}]}<\/script>\n<!-- \/ Yoast SEO plugin. -->","yoast_head_json":{"title":"Pack 10 Vapes de E8H, STV o 10OH - Space Vape 1ml - THE LYF LABS","description":"Compra el Pack de 10 vapes de STV y 10-OH desechables al por mayor. Al mejor precio y con una calidad inigualable. Ideal para profesionales y mayoristas.","robots":{"index":"index","follow":"follow","max-snippet":"max-snippet:-1","max-image-preview":"max-image-preview:large","max-video-preview":"max-video-preview:-1"},"canonical":"https:\/\/thelyflabs.com\/fr\/product\/pack-10-vapes-de-e8h-stv-o-10oh-space-vape-1ml\/","og_locale":"fr_FR","og_type":"article","og_title":"Pack 10 Vapes de E8H, STV o 10OH - Space Vape 1ml - THE LYF LABS","og_description":"Compra el Pack de 10 vapes de STV y 10-OH desechables al por mayor. Al mejor precio y con una calidad inigualable. Ideal para profesionales y mayoristas.","og_url":"https:\/\/thelyflabs.com\/fr\/product\/pack-10-vapes-de-e8h-stv-o-10oh-space-vape-1ml\/","og_site_name":"THE LYF LABS","article_modified_time":"2026-03-19T14:01:50+00:00","og_image":[{"width":1000,"height":1000,"url":"https:\/\/thelyflabs.com\/wp-content\/uploads\/2025\/08\/Pack-Space-Vape-10x-1ml-1.webp","type":"image\/webp"}],"twitter_card":"summary_large_image","twitter_misc":{"Dur\u00e9e de lecture estim\u00e9e":"3 minutes"},"schema":{"@context":"https:\/\/schema.org","@graph":[{"@type":"WebPage","@id":"https:\/\/thelyflabs.com\/product\/pack-10-vapes-de-e8h-stv-o-10oh-space-vape-1ml","url":"https:\/\/thelyflabs.com\/product\/pack-10-vapes-de-e8h-stv-o-10oh-space-vape-1ml","name":"Pack 10 Vapes de E8H, STV o 10OH - Space Vape 1ml - THE LYF LABS","isPartOf":{"@id":"https:\/\/thelyflabs.com\/#website"},"primaryImageOfPage":{"@id":"https:\/\/thelyflabs.com\/product\/pack-10-vapes-de-e8h-stv-o-10oh-space-vape-1ml#primaryimage"},"image":{"@id":"https:\/\/thelyflabs.com\/product\/pack-10-vapes-de-e8h-stv-o-10oh-space-vape-1ml#primaryimage"},"thumbnailUrl":"https:\/\/thelyflabs.com\/wp-content\/uploads\/2025\/08\/Pack-Space-Vape-10x-1ml-1.webp","datePublished":"2025-08-06T14:49:04+00:00","dateModified":"2026-03-19T14:01:50+00:00","description":"Compra el Pack de 10 vapes de STV y 10-OH desechables al por mayor. Al mejor precio y con una calidad inigualable. Ideal para profesionales y mayoristas.","breadcrumb":{"@id":"https:\/\/thelyflabs.com\/product\/pack-10-vapes-de-e8h-stv-o-10oh-space-vape-1ml#breadcrumb"},"inLanguage":"fr-FR","potentialAction":[{"@type":"ReadAction","target":["https:\/\/thelyflabs.com\/product\/pack-10-vapes-de-e8h-stv-o-10oh-space-vape-1ml"]}]},{"@type":"ImageObject","inLanguage":"fr-FR","@id":"https:\/\/thelyflabs.com\/product\/pack-10-vapes-de-e8h-stv-o-10oh-space-vape-1ml#primaryimage","url":"https:\/\/thelyflabs.com\/wp-content\/uploads\/2025\/08\/Pack-Space-Vape-10x-1ml-1.webp","contentUrl":"https:\/\/thelyflabs.com\/wp-content\/uploads\/2025\/08\/Pack-Space-Vape-10x-1ml-1.webp","width":1000,"height":1000},{"@type":"BreadcrumbList","@id":"https:\/\/thelyflabs.com\/product\/pack-10-vapes-de-e8h-stv-o-10oh-space-vape-1ml#breadcrumb","itemListElement":[{"@type":"ListItem","position":1,"name":"Portada","item":"https:\/\/thelyflabs.com\/"},{"@type":"ListItem","position":2,"name":"Tienda","item":"https:\/\/thelyflabs.com\/tienda"},{"@type":"ListItem","position":3,"name":"Pack 10 Vapes de E8H, STV o 10OH &#8211; Space Vape 1ml"}]},{"@type":"WebSite","@id":"https:\/\/thelyflabs.com\/#website","url":"https:\/\/thelyflabs.com\/","name":"Les laboratoires LYF","description":"Vente en gros de CBD","publisher":{"@id":"https:\/\/thelyflabs.com\/#organization"},"potentialAction":[{"@type":"SearchAction","target":{"@type":"EntryPoint","urlTemplate":"https:\/\/thelyflabs.com\/?s={search_term_string}"},"query-input":{"@type":"PropertyValueSpecification","valueRequired":true,"valueName":"search_term_string"}}],"inLanguage":"fr-FR"},{"@type":"Organization","@id":"https:\/\/thelyflabs.com\/#organization","name":"Les laboratoires LYF","url":"https:\/\/thelyflabs.com\/","logo":{"@type":"ImageObject","inLanguage":"fr-FR","@id":"https:\/\/thelyflabs.com\/#\/schema\/logo\/image\/","url":"https:\/\/thelyflabs.com\/wp-content\/uploads\/2023\/01\/cropped-LogoTheLYFLabs.png","contentUrl":"https:\/\/thelyflabs.com\/wp-content\/uploads\/2023\/01\/cropped-LogoTheLYFLabs.png","width":600,"height":180,"caption":"The LYF Labs"},"image":{"@id":"https:\/\/thelyflabs.com\/#\/schema\/logo\/image\/"}}]}},"_links":{"self":[{"href":"https:\/\/thelyflabs.com\/fr\/wp-json\/wp\/v2\/product\/13477","targetHints":{"allow":["GET"]}}],"collection":[{"href":"https:\/\/thelyflabs.com\/fr\/wp-json\/wp\/v2\/product"}],"about":[{"href":"https:\/\/thelyflabs.com\/fr\/wp-json\/wp\/v2\/types\/product"}],"replies":[{"embeddable":true,"href":"https:\/\/thelyflabs.com\/fr\/wp-json\/wp\/v2\/comments?post=13477"}],"wp:featuredmedia":[{"embeddable":true,"href":"https:\/\/thelyflabs.com\/fr\/wp-json\/wp\/v2\/media\/13515"}],"wp:attachment":[{"href":"https:\/\/thelyflabs.com\/fr\/wp-json\/wp\/v2\/media?parent=13477"}],"wp:term":[{"taxonomy":"product_brand","embeddable":true,"href":"https:\/\/thelyflabs.com\/fr\/wp-json\/wp\/v2\/product_brand?post=13477"},{"taxonomy":"product_cat","embeddable":true,"href":"https:\/\/thelyflabs.com\/fr\/wp-json\/wp\/v2\/product_cat?post=13477"},{"taxonomy":"product_tag","embeddable":true,"href":"https:\/\/thelyflabs.com\/fr\/wp-json\/wp\/v2\/product_tag?post=13477"}],"curies":[{"name":"wp","href":"https:\/\/api.w.org\/{rel}","templated":true}]}}