{"id":14057,"date":"2025-09-11T17:07:49","date_gmt":"2025-09-11T15:07:49","guid":{"rendered":"https:\/\/thelyflabs.com\/?post_type=product&#038;p=14057"},"modified":"2026-04-16T11:06:51","modified_gmt":"2026-04-16T09:06:51","slug":"cartucho-desechable-e8h-90-lemon-haze-1ml","status":"publish","type":"product","link":"https:\/\/thelyflabs.com\/fr\/product\/cartucho-desechable-e8h-90-lemon-haze-1ml","title":{"rendered":"Cartouche jetable E8H 90% \u2013 Lemon Haze 1 ml"},"content":{"rendered":"<h2><b>Cartouche E8H 90% Ar\u00f4me Fruity Lemon Haze\u00a0: la sensation de paix et d&#039;agrumes<\/b><\/h2>\n<p>Il <b>Cartouche jetable E8H<\/b> avec l&#039;ar\u00f4me de <b>Brume de citron<\/b> C&#039;est un excellent choix si vous cherchez une vape pour un moment de d\u00e9tente. Cette cartouche vous offre une vague d&#039;ar\u00f4mes d&#039;agrumes qui, associ\u00e9e \u00e0 la mol\u00e9cule E8H, transformera votre exp\u00e9rience de vape en une exp\u00e9rience incroyable. Il vous suffit de connecter votre <b>Cartouche E8H<\/b> avec l&#039;ar\u00f4me de <b>Brume de citron<\/b> \u00e0 votre batterie 510 et pr\u00e9parez-vous \u00e0 profiter d&#039;une saveur si pure qu&#039;elle vous fera sentir la brise d&#039;un champ de citron.<\/p>\n<p>&nbsp;<\/p>\n<h3><b>Qu&#039;est-ce que E8H ?<\/b><\/h3>\n<p>Notre <b>Cartouches jetables E8H<\/b> Ils contiennent 90% de cette mol\u00e9cule nouvelle g\u00e9n\u00e9ration, une r\u00e9f\u00e9rence dans le monde du vapotage. Con\u00e7u pour offrir une exp\u00e9rience unique, l&#039;E8H procure une sensation unique, diff\u00e9rente de tout autre cannabino\u00efde. Sa formule innovante le place au premier plan, ouvrant un nouvel univers de possibilit\u00e9s.<\/p>\n<p>&nbsp;<\/p>\n<h3><b>Profil aromatique de Lemon Haze\u00a0: une saveur qui vous accroche<\/b><\/h3>\n<p>La souche <b>Brume de citron<\/b>\u00a0 Le CBD est l\u00e9gendaire pour sa saveur et son ar\u00f4me incomparables, un m\u00e9lange rafra\u00eechissant d&#039;agrumes et de notes \u00e9pic\u00e9es. Son profil aromatique a \u00e9t\u00e9 soigneusement s\u00e9lectionn\u00e9 pour recr\u00e9er cette exp\u00e9rience dans votre quotidien. <b>Cartouche E8H ar\u00f4me Lemon Haze<\/b>.<\/p>\n<p>&nbsp;<\/p>\n<h3><b>Qu&#039;est-ce qu&#039;une cartouche de vape jetable ?<\/b><\/h3>\n<p>Notre <b>cartouches jetables<\/b> C&#039;est l&#039;option la plus pratique pour vapoter, car ce sont de petits contenants pr\u00e9remplis de liquide qui se connectent \u00e0 n&#039;importe quelle batterie 510. Oubliez le remplissage\u00a0: branchez-le et profitez de 300 \u00e0 600 bouff\u00e9es, selon le format de 1 ou 2 ml choisi. C&#039;est le moyen le plus simple de varier les saveurs et de l&#039;emporter partout avec vous.<\/p>\n<p>&nbsp;<\/p>\n<h3><b>La cartouche E8H Lemon Haze vous fait-elle planer ?<\/b><\/h3>\n<p>Tout comme le THC, l&#039;E8H procure \u00e0 de nombreuses personnes un effet euphorisant. Certaines personnes rapportent des effets similaires \u00e0 ceux des produits \u00e0 base de THC conventionnels, mais les donn\u00e9es sont insuffisantes pour en \u00eatre certaines. Il n&#039;existe pas non plus suffisamment de donn\u00e9es pour d\u00e9terminer si la consommation d&#039;E8H peut entra\u00eener des effets secondaires n\u00e9gatifs ou des effets \u00e0 long terme. Cependant, conform\u00e9ment \u00e0 la l\u00e9gislation espagnole en vigueur, nous d\u00e9conseillons formellement l&#039;utilisation ou l&#039;ingestion des substances susmentionn\u00e9es. Il est d\u00e9conseill\u00e9 de conduire des v\u00e9hicules \u00e0 moteur ou d&#039;utiliser des machines lourdes apr\u00e8s consommation.<\/p>\n<p>&nbsp;<\/p>\n<h3><b>Voici votre cartouche jetable E8H Lemon Haze : clart\u00e9 et puissance \u00e0 chaque bouff\u00e9e<\/b><\/h3>\n<p>Chaque bouff\u00e9e de <b>Cartouche E8H<\/b> avec l&#039;ar\u00f4me de <b>Brume de citron<\/b> C&#039;est un voyage vers une exp\u00e9rience intense, sans compromis sur la clart\u00e9. Notre formule contient 901 TP3T d&#039;E8H et est pure \u00e0 1001 TP3T, sans THC, HHC, THC-P ni nicotine. Issu de chanvre industriel certifi\u00e9, ce produit est strictement conforme \u00e0 la r\u00e9glementation et maintient une teneur en THC inf\u00e9rieure \u00e0 0,31 TP3T.<\/p>\n<h6>Une formule propre<\/h6>\n<p>Ce produit est totalement exempt de THC, HHC, THC-P, nicotine et autres additifs inutiles. Tous nos produits sont issus de chanvre industriel certifi\u00e9 et respectent scrupuleusement la r\u00e9glementation en vigueur, avec une teneur en THC inf\u00e9rieure \u00e0 0,31 TP3T. Nous garantissons l&#039;absence de cannabino\u00efdes ill\u00e9gaux.<\/p>\n<hr \/>\n<p><em>Destin\u00e9 \u00e0 des fins industrielles, techniques et horticoles.<\/em><\/p>\n<p><em>C&#039;est un <b>objet de collection<\/b>. Ne pas consommer directement ni fumer.<\/em><\/p>\n<p><em>Ce produit ne contient pas de cannabino\u00efdes inclus dans l&#039;annexe 1 du d\u00e9cret royal 2829\/1977, mis \u00e0 jour par l&#039;arr\u00eat\u00e9 SND\/380\/2025, du 14 avril, ni de substances contr\u00f4l\u00e9es par la Convention unique sur les stup\u00e9fiants de 1961 et la Convention sur les substances psychotropes de 1971.<\/em><\/p>","protected":false},"excerpt":{"rendered":"<h4>Caract\u00e9ristiques<\/h4>\n<ul>\n<li>Saveur fruit\u00e9e Lemon Haze<\/li>\n<li>Type de connexion de batterie 510<\/li>\n<li>Capacit\u00e9 : 1 ml<\/li>\n<li>Bouff\u00e9es : 300<\/li>\n<li>Ar\u00f4mes naturels de haute qualit\u00e9<\/li>\n<li>E8H \u00e0 90%<\/li>\n<li>THC : 0%, HHC : 0%, THC-P : 0%, Nicotine : 0%<\/li>\n<li>Ne contient pas de VG, PG, PEG, MCT ou autres agents de coupe.<\/li>\n<li>Produit l\u00e9gal \u00e0 \u00e9tudier ou \u00e0 collectionner.<\/li>\n<li>V\u00e9rifiez le<a href=\"https:\/\/iguanasmoke.com\/analiticas\/\"> Analyse de la qualit\u00e9 ici.<\/a><\/li>\n<\/ul>","protected":false},"featured_media":14059,"comment_status":"open","ping_status":"closed","template":"","meta":{"_acf_changed":false,"site-sidebar-layout":"default","site-content-layout":"","ast-site-content-layout":"default","site-content-style":"default","site-sidebar-style":"default","ast-global-header-display":"","ast-banner-title-visibility":"","ast-main-header-display":"","ast-hfb-above-header-display":"","ast-hfb-below-header-display":"","ast-hfb-mobile-header-display":"","site-post-title":"","ast-breadcrumbs-content":"","ast-featured-img":"","footer-sml-layout":"","theme-transparent-header-meta":"default","adv-header-id-meta":"","stick-header-meta":"","header-above-stick-meta":"","header-main-stick-meta":"","header-below-stick-meta":"","astra-migrate-meta-layouts":"set","ast-page-background-enabled":"default","ast-page-background-meta":{"desktop":{"background-color":"var(--ast-global-color-4)","background-image":"","background-repeat":"repeat","background-position":"center center","background-size":"auto","background-attachment":"scroll","background-type":"","background-media":"","overlay-type":"","overlay-color":"","overlay-opacity":"","overlay-gradient":""},"tablet":{"background-color":"","background-image":"","background-repeat":"repeat","background-position":"center center","background-size":"auto","background-attachment":"scroll","background-type":"","background-media":"","overlay-type":"","overlay-color":"","overlay-opacity":"","overlay-gradient":""},"mobile":{"background-color":"","background-image":"","background-repeat":"repeat","background-position":"center center","background-size":"auto","background-attachment":"scroll","background-type":"","background-media":"","overlay-type":"","overlay-color":"","overlay-opacity":"","overlay-gradient":""}},"ast-content-background-meta":{"desktop":{"background-color":"var(--ast-global-color-5)","background-image":"","background-repeat":"repeat","background-position":"center center","background-size":"auto","background-attachment":"scroll","background-type":"","background-media":"","overlay-type":"","overlay-color":"","overlay-opacity":"","overlay-gradient":""},"tablet":{"background-color":"var(--ast-global-color-5)","background-image":"","background-repeat":"repeat","background-position":"center center","background-size":"auto","background-attachment":"scroll","background-type":"","background-media":"","overlay-type":"","overlay-color":"","overlay-opacity":"","overlay-gradient":""},"mobile":{"background-color":"var(--ast-global-color-5)","background-image":"","background-repeat":"repeat","background-position":"center center","background-size":"auto","background-attachment":"scroll","background-type":"","background-media":"","overlay-type":"","overlay-color":"","overlay-opacity":"","overlay-gradient":""}}},"product_brand":[],"product_cat":[91,142,145,146],"product_tag":[],"class_list":{"0":"post-14057","1":"product","2":"type-product","3":"status-publish","4":"has-post-thumbnail","6":"product_cat-cartuchos","7":"product_cat-cartuchos-vapers-cbd","8":"product_cat-e8h","9":"product_cat-nuevas-moleculas","10":"desktop-align-center","11":"tablet-align-left","12":"mobile-align-left","14":"first","15":"outofstock","16":"taxable","17":"shipping-taxable","18":"purchasable","19":"product-type-simple"},"acf":[],"yoast_head":"<!-- This site is optimized with the Yoast SEO plugin v27.4 - https:\/\/yoast.com\/product\/yoast-seo-wordpress\/ -->\n<title>Cartucho desechable E8H 90% - Lemon Haze 1ml - THE LYF LABS<\/title>\n<meta name=\"description\" content=\"Descubre el Cartucho desechable con E8H al 90% aroma a Lemon Haze. Encuentra cartuchos E8H y vapers CBD sin THC para tiendas y distribuidores.\" \/>\n<meta name=\"robots\" content=\"index, follow, max-snippet:-1, max-image-preview:large, max-video-preview:-1\" \/>\n<link rel=\"canonical\" href=\"https:\/\/thelyflabs.com\/fr\/product\/cartucho-desechable-e8h-90-lemon-haze-1ml\/\" \/>\n<meta property=\"og:locale\" content=\"fr_FR\" \/>\n<meta property=\"og:type\" content=\"article\" \/>\n<meta property=\"og:title\" content=\"Cartucho desechable E8H 90% - Lemon Haze 1ml - THE LYF LABS\" \/>\n<meta property=\"og:description\" content=\"Descubre el Cartucho desechable con E8H al 90% aroma a Lemon Haze. Encuentra cartuchos E8H y vapers CBD sin THC para tiendas y distribuidores.\" \/>\n<meta property=\"og:url\" content=\"https:\/\/thelyflabs.com\/fr\/product\/cartucho-desechable-e8h-90-lemon-haze-1ml\/\" \/>\n<meta property=\"og:site_name\" content=\"THE LYF LABS\" \/>\n<meta property=\"article:modified_time\" content=\"2026-04-16T09:06:51+00:00\" \/>\n<meta property=\"og:image\" content=\"https:\/\/thelyflabs.com\/wp-content\/uploads\/2025\/09\/Bolsa-Cart-Lemon-Haze-2025-E8H-con-cartucho.webp\" \/>\n\t<meta property=\"og:image:width\" content=\"1000\" \/>\n\t<meta property=\"og:image:height\" content=\"1000\" \/>\n\t<meta property=\"og:image:type\" content=\"image\/webp\" \/>\n<meta name=\"twitter:card\" content=\"summary_large_image\" \/>\n<meta name=\"twitter:label1\" content=\"Dur\u00e9e de lecture estim\u00e9e\" \/>\n\t<meta name=\"twitter:data1\" content=\"3 minutes\" \/>\n<script type=\"application\/ld+json\" class=\"yoast-schema-graph\">{\"@context\":\"https:\\\/\\\/schema.org\",\"@graph\":[{\"@type\":\"WebPage\",\"@id\":\"https:\\\/\\\/thelyflabs.com\\\/product\\\/cartucho-desechable-e8h-90-lemon-haze-1ml\",\"url\":\"https:\\\/\\\/thelyflabs.com\\\/product\\\/cartucho-desechable-e8h-90-lemon-haze-1ml\",\"name\":\"Cartucho desechable E8H 90% - Lemon Haze 1ml - THE LYF LABS\",\"isPartOf\":{\"@id\":\"https:\\\/\\\/thelyflabs.com\\\/#website\"},\"primaryImageOfPage\":{\"@id\":\"https:\\\/\\\/thelyflabs.com\\\/product\\\/cartucho-desechable-e8h-90-lemon-haze-1ml#primaryimage\"},\"image\":{\"@id\":\"https:\\\/\\\/thelyflabs.com\\\/product\\\/cartucho-desechable-e8h-90-lemon-haze-1ml#primaryimage\"},\"thumbnailUrl\":\"https:\\\/\\\/thelyflabs.com\\\/wp-content\\\/uploads\\\/2025\\\/09\\\/Bolsa-Cart-Lemon-Haze-2025-E8H-con-cartucho.webp\",\"datePublished\":\"2025-09-11T15:07:49+00:00\",\"dateModified\":\"2026-04-16T09:06:51+00:00\",\"description\":\"Descubre el Cartucho desechable con E8H al 90% aroma a Lemon Haze. Encuentra cartuchos E8H y vapers CBD sin THC para tiendas y distribuidores.\",\"breadcrumb\":{\"@id\":\"https:\\\/\\\/thelyflabs.com\\\/product\\\/cartucho-desechable-e8h-90-lemon-haze-1ml#breadcrumb\"},\"inLanguage\":\"fr-FR\",\"potentialAction\":[{\"@type\":\"ReadAction\",\"target\":[\"https:\\\/\\\/thelyflabs.com\\\/product\\\/cartucho-desechable-e8h-90-lemon-haze-1ml\"]}]},{\"@type\":\"ImageObject\",\"inLanguage\":\"fr-FR\",\"@id\":\"https:\\\/\\\/thelyflabs.com\\\/product\\\/cartucho-desechable-e8h-90-lemon-haze-1ml#primaryimage\",\"url\":\"https:\\\/\\\/thelyflabs.com\\\/wp-content\\\/uploads\\\/2025\\\/09\\\/Bolsa-Cart-Lemon-Haze-2025-E8H-con-cartucho.webp\",\"contentUrl\":\"https:\\\/\\\/thelyflabs.com\\\/wp-content\\\/uploads\\\/2025\\\/09\\\/Bolsa-Cart-Lemon-Haze-2025-E8H-con-cartucho.webp\",\"width\":1000,\"height\":1000,\"caption\":\"cartucho e8h lemon haze 1ml\"},{\"@type\":\"BreadcrumbList\",\"@id\":\"https:\\\/\\\/thelyflabs.com\\\/product\\\/cartucho-desechable-e8h-90-lemon-haze-1ml#breadcrumb\",\"itemListElement\":[{\"@type\":\"ListItem\",\"position\":1,\"name\":\"Portada\",\"item\":\"https:\\\/\\\/thelyflabs.com\\\/\"},{\"@type\":\"ListItem\",\"position\":2,\"name\":\"Tienda\",\"item\":\"https:\\\/\\\/thelyflabs.com\\\/tienda\"},{\"@type\":\"ListItem\",\"position\":3,\"name\":\"Cartucho desechable E8H 90% &#8211; Lemon Haze 1ml\"}]},{\"@type\":\"WebSite\",\"@id\":\"https:\\\/\\\/thelyflabs.com\\\/#website\",\"url\":\"https:\\\/\\\/thelyflabs.com\\\/\",\"name\":\"The LYF Labs\",\"description\":\"CBD al por mayor\",\"publisher\":{\"@id\":\"https:\\\/\\\/thelyflabs.com\\\/#organization\"},\"potentialAction\":[{\"@type\":\"SearchAction\",\"target\":{\"@type\":\"EntryPoint\",\"urlTemplate\":\"https:\\\/\\\/thelyflabs.com\\\/?s={search_term_string}\"},\"query-input\":{\"@type\":\"PropertyValueSpecification\",\"valueRequired\":true,\"valueName\":\"search_term_string\"}}],\"inLanguage\":\"fr-FR\"},{\"@type\":\"Organization\",\"@id\":\"https:\\\/\\\/thelyflabs.com\\\/#organization\",\"name\":\"The LYF Labs\",\"url\":\"https:\\\/\\\/thelyflabs.com\\\/\",\"logo\":{\"@type\":\"ImageObject\",\"inLanguage\":\"fr-FR\",\"@id\":\"https:\\\/\\\/thelyflabs.com\\\/#\\\/schema\\\/logo\\\/image\\\/\",\"url\":\"https:\\\/\\\/thelyflabs.com\\\/wp-content\\\/uploads\\\/2023\\\/01\\\/cropped-LogoTheLYFLabs.png\",\"contentUrl\":\"https:\\\/\\\/thelyflabs.com\\\/wp-content\\\/uploads\\\/2023\\\/01\\\/cropped-LogoTheLYFLabs.png\",\"width\":600,\"height\":180,\"caption\":\"The LYF Labs\"},\"image\":{\"@id\":\"https:\\\/\\\/thelyflabs.com\\\/#\\\/schema\\\/logo\\\/image\\\/\"}}]}<\/script>\n<!-- \/ Yoast SEO plugin. -->","yoast_head_json":{"title":"Cartucho desechable E8H 90% - Lemon Haze 1ml - THE LYF LABS","description":"Descubre el Cartucho desechable con E8H al 90% aroma a Lemon Haze. Encuentra cartuchos E8H y vapers CBD sin THC para tiendas y distribuidores.","robots":{"index":"index","follow":"follow","max-snippet":"max-snippet:-1","max-image-preview":"max-image-preview:large","max-video-preview":"max-video-preview:-1"},"canonical":"https:\/\/thelyflabs.com\/fr\/product\/cartucho-desechable-e8h-90-lemon-haze-1ml\/","og_locale":"fr_FR","og_type":"article","og_title":"Cartucho desechable E8H 90% - Lemon Haze 1ml - THE LYF LABS","og_description":"Descubre el Cartucho desechable con E8H al 90% aroma a Lemon Haze. Encuentra cartuchos E8H y vapers CBD sin THC para tiendas y distribuidores.","og_url":"https:\/\/thelyflabs.com\/fr\/product\/cartucho-desechable-e8h-90-lemon-haze-1ml\/","og_site_name":"THE LYF LABS","article_modified_time":"2026-04-16T09:06:51+00:00","og_image":[{"width":1000,"height":1000,"url":"https:\/\/thelyflabs.com\/wp-content\/uploads\/2025\/09\/Bolsa-Cart-Lemon-Haze-2025-E8H-con-cartucho.webp","type":"image\/webp"}],"twitter_card":"summary_large_image","twitter_misc":{"Dur\u00e9e de lecture estim\u00e9e":"3 minutes"},"schema":{"@context":"https:\/\/schema.org","@graph":[{"@type":"WebPage","@id":"https:\/\/thelyflabs.com\/product\/cartucho-desechable-e8h-90-lemon-haze-1ml","url":"https:\/\/thelyflabs.com\/product\/cartucho-desechable-e8h-90-lemon-haze-1ml","name":"Cartucho desechable E8H 90% - Lemon Haze 1ml - THE LYF LABS","isPartOf":{"@id":"https:\/\/thelyflabs.com\/#website"},"primaryImageOfPage":{"@id":"https:\/\/thelyflabs.com\/product\/cartucho-desechable-e8h-90-lemon-haze-1ml#primaryimage"},"image":{"@id":"https:\/\/thelyflabs.com\/product\/cartucho-desechable-e8h-90-lemon-haze-1ml#primaryimage"},"thumbnailUrl":"https:\/\/thelyflabs.com\/wp-content\/uploads\/2025\/09\/Bolsa-Cart-Lemon-Haze-2025-E8H-con-cartucho.webp","datePublished":"2025-09-11T15:07:49+00:00","dateModified":"2026-04-16T09:06:51+00:00","description":"Descubre el Cartucho desechable con E8H al 90% aroma a Lemon Haze. Encuentra cartuchos E8H y vapers CBD sin THC para tiendas y distribuidores.","breadcrumb":{"@id":"https:\/\/thelyflabs.com\/product\/cartucho-desechable-e8h-90-lemon-haze-1ml#breadcrumb"},"inLanguage":"fr-FR","potentialAction":[{"@type":"ReadAction","target":["https:\/\/thelyflabs.com\/product\/cartucho-desechable-e8h-90-lemon-haze-1ml"]}]},{"@type":"ImageObject","inLanguage":"fr-FR","@id":"https:\/\/thelyflabs.com\/product\/cartucho-desechable-e8h-90-lemon-haze-1ml#primaryimage","url":"https:\/\/thelyflabs.com\/wp-content\/uploads\/2025\/09\/Bolsa-Cart-Lemon-Haze-2025-E8H-con-cartucho.webp","contentUrl":"https:\/\/thelyflabs.com\/wp-content\/uploads\/2025\/09\/Bolsa-Cart-Lemon-Haze-2025-E8H-con-cartucho.webp","width":1000,"height":1000,"caption":"cartucho e8h lemon haze 1ml"},{"@type":"BreadcrumbList","@id":"https:\/\/thelyflabs.com\/product\/cartucho-desechable-e8h-90-lemon-haze-1ml#breadcrumb","itemListElement":[{"@type":"ListItem","position":1,"name":"Portada","item":"https:\/\/thelyflabs.com\/"},{"@type":"ListItem","position":2,"name":"Tienda","item":"https:\/\/thelyflabs.com\/tienda"},{"@type":"ListItem","position":3,"name":"Cartucho desechable E8H 90% &#8211; Lemon Haze 1ml"}]},{"@type":"WebSite","@id":"https:\/\/thelyflabs.com\/#website","url":"https:\/\/thelyflabs.com\/","name":"Les laboratoires LYF","description":"Vente en gros de CBD","publisher":{"@id":"https:\/\/thelyflabs.com\/#organization"},"potentialAction":[{"@type":"SearchAction","target":{"@type":"EntryPoint","urlTemplate":"https:\/\/thelyflabs.com\/?s={search_term_string}"},"query-input":{"@type":"PropertyValueSpecification","valueRequired":true,"valueName":"search_term_string"}}],"inLanguage":"fr-FR"},{"@type":"Organization","@id":"https:\/\/thelyflabs.com\/#organization","name":"Les laboratoires LYF","url":"https:\/\/thelyflabs.com\/","logo":{"@type":"ImageObject","inLanguage":"fr-FR","@id":"https:\/\/thelyflabs.com\/#\/schema\/logo\/image\/","url":"https:\/\/thelyflabs.com\/wp-content\/uploads\/2023\/01\/cropped-LogoTheLYFLabs.png","contentUrl":"https:\/\/thelyflabs.com\/wp-content\/uploads\/2023\/01\/cropped-LogoTheLYFLabs.png","width":600,"height":180,"caption":"The LYF Labs"},"image":{"@id":"https:\/\/thelyflabs.com\/#\/schema\/logo\/image\/"}}]}},"_links":{"self":[{"href":"https:\/\/thelyflabs.com\/fr\/wp-json\/wp\/v2\/product\/14057","targetHints":{"allow":["GET"]}}],"collection":[{"href":"https:\/\/thelyflabs.com\/fr\/wp-json\/wp\/v2\/product"}],"about":[{"href":"https:\/\/thelyflabs.com\/fr\/wp-json\/wp\/v2\/types\/product"}],"replies":[{"embeddable":true,"href":"https:\/\/thelyflabs.com\/fr\/wp-json\/wp\/v2\/comments?post=14057"}],"wp:featuredmedia":[{"embeddable":true,"href":"https:\/\/thelyflabs.com\/fr\/wp-json\/wp\/v2\/media\/14059"}],"wp:attachment":[{"href":"https:\/\/thelyflabs.com\/fr\/wp-json\/wp\/v2\/media?parent=14057"}],"wp:term":[{"taxonomy":"product_brand","embeddable":true,"href":"https:\/\/thelyflabs.com\/fr\/wp-json\/wp\/v2\/product_brand?post=14057"},{"taxonomy":"product_cat","embeddable":true,"href":"https:\/\/thelyflabs.com\/fr\/wp-json\/wp\/v2\/product_cat?post=14057"},{"taxonomy":"product_tag","embeddable":true,"href":"https:\/\/thelyflabs.com\/fr\/wp-json\/wp\/v2\/product_tag?post=14057"}],"curies":[{"name":"wp","href":"https:\/\/api.w.org\/{rel}","templated":true}]}}