{"id":14064,"date":"2025-09-11T17:08:54","date_gmt":"2025-09-11T15:08:54","guid":{"rendered":"https:\/\/thelyflabs.com\/?post_type=product&#038;p=14064"},"modified":"2026-05-05T17:49:26","modified_gmt":"2026-05-05T15:49:26","slug":"cartucho-desechable-e8h-90-amnesia-1ml","status":"publish","type":"product","link":"https:\/\/thelyflabs.com\/fr\/product\/cartucho-desechable-e8h-90-amnesia-1ml","title":{"rendered":"Cartouche jetable E8H 90% \u2013 Amnesia 1 ml"},"content":{"rendered":"<h2>Cartouche Amnesia E8H 90% \u2013 Cartouche CBD jetable aromatis\u00e9e Amnesia\u00a0: ressentez l&#039;\u00e9nergie du cannabis l\u00e9gal<\/h2>\n<p>D\u00e9couvrez le<strong> CA<\/strong><b>Cartouche jetable d&#039;amn\u00e9sie au terp\u00e8ne E8H<\/b>Con\u00e7ue pour une exp\u00e9rience de vapotage exceptionnelle. Inspir\u00e9e du profil aromatique reconnu de la vari\u00e9t\u00e9 Amnesia, cette cartouche jetable est unique\u00a0: elle est charg\u00e9e d&#039;une mol\u00e9cule innovante. <b>E8H<\/b> pour vous offrir une sensation intense, immersive et totalement unique.<\/p>\n<p>Si vous recherchez une saveur de cannabis fra\u00eeche, herbac\u00e9e et d\u00e9licieuse qui \u00e9veille vos sens, vous \u00eates au bon endroit. La cartouche jetable Amnesia E8H est si simple que vous en tomberez amoureux\u00a0: il suffit de la brancher sur votre appareil. <b>batterie 510<\/b> et plongez dans une nouvelle dimension de saveur et de puissance.<\/p>\n<p>&nbsp;<\/p>\n<h3>Qu&#039;est-ce que E8H ?<\/h3>\n<p>Nos cartouches E8H contiennent 90% de cette mol\u00e9cule semi-synth\u00e9tique nouvelle g\u00e9n\u00e9ration. L&#039;E8H a \u00e9t\u00e9 con\u00e7ue pour offrir une exp\u00e9rience unique, similaire au HHC. Contrairement \u00e0 ce que vous connaissez d\u00e9j\u00e0, cette mol\u00e9cule innovante offre une exp\u00e9rience singuli\u00e8re qui red\u00e9finit les attentes. Son d\u00e9veloppement r\u00e9cent l&#039;inscrit dans un cadre r\u00e9glementaire en constante \u00e9volution, ouvrant de nouvelles perspectives dans le monde de la vape.<\/p>\n<p>&nbsp;<\/p>\n<h3>Profil terp\u00e9nique d&#039;Amnesia<\/h3>\n<p>La vari\u00e9t\u00e9 Amnesia est sans conteste l&#039;une des vari\u00e9t\u00e9s de cannabis les plus reconnues au monde pour son ar\u00f4me citronn\u00e9, frais et l\u00e9g\u00e8rement \u00e9pic\u00e9, associ\u00e9 \u00e0 un effet Sativa c\u00e9r\u00e9bral et p\u00e9tillant. C&#039;est pourquoi sa combinaison de terp\u00e8nes cr\u00e9e une exp\u00e9rience aromatique explosive\u00a0:<\/p>\n<ul>\n<li>Limon\u00e8ne : Agrume, \u00e9nergisant et aux propri\u00e9t\u00e9s anti-stress.<\/li>\n<li>Myrc\u00e8ne : Herbac\u00e9, avec une note apaisante qui \u00e9quilibre le profil.<\/li>\n<li>Terpinol\u00e8ne : Floral et complexe, avec une touche qui favorise la clart\u00e9 mentale.<\/li>\n<\/ul>\n<p>Le r\u00e9sultat final est une saveur propre, fra\u00eeche et stimulante, id\u00e9ale \u00e0 tout moment.<\/p>\n<p>&nbsp;<\/p>\n<h3>Qu&#039;est-ce qu&#039;une cartouche de vape jetable ?<\/h3>\n<p>Le <b>cartouches<\/b> vapotage, \u00e9galement connu sous le nom de <b>cartouches<\/b> Les vapes jetables sont de petits contenants pr\u00e9remplis de liquide qui se connectent \u00e0 une batterie. Nos cartouches sont compatibles avec les accus 510 de 1 ml et 2 ml, disponibles sur notre site web. Contrairement aux vapes jetables, <b>cartouches<\/b> Ils permettent de changer de saveurs facilement et sont tr\u00e8s pratiques \u00e0 transporter.<\/p>\n<p>Il <b>Cartouche jetable E8H \u2013 Amnesia<\/b>\u00a0est disponible en :<\/p>\n<ul>\n<li><b>1 ml<\/b> \u2013 Jusqu\u2019\u00e0 300 bouff\u00e9es.<\/li>\n<li><b>2 ml<\/b> \u2013 Jusqu\u2019\u00e0 600 bouff\u00e9es.<\/li>\n<\/ul>\n<p>Profitez d&#039;un liquide innovant et sans impuret\u00e9s avec un profil de saveur complexe et puissant qui vous offre une exp\u00e9rience intense sans compromettre la clart\u00e9.<\/p>\n<p>&nbsp;<\/p>\n<h3>La cartouche E8H Amnesia vous fait-elle planer ?<\/h3>\n<p>Comme le THC, <b>E8H<\/b> Il procure \u00e0 de nombreuses personnes une sensation agr\u00e9able. Certaines personnes rapportent des effets similaires \u00e0 ceux des produits \u00e0 base de THC conventionnels, mais les donn\u00e9es sont insuffisantes pour en \u00eatre s\u00fbres. Il n&#039;existe pas non plus suffisamment de donn\u00e9es pour d\u00e9terminer si son utilisation peut entra\u00eener des effets secondaires n\u00e9gatifs ou des effets \u00e0 long terme. <b>E8H<\/b>.<\/p>\n<p>Cependant, conform\u00e9ment \u00e0 la l\u00e9gislation espagnole en vigueur, nous n&#039;encourageons en aucun cas l&#039;utilisation ou l&#039;ingestion des substances susmentionn\u00e9es. Il est d\u00e9conseill\u00e9 de conduire des v\u00e9hicules \u00e0 moteur ni d&#039;utiliser des machines lourdes apr\u00e8s consommation.<\/p>\n<p>&nbsp;<\/p>\n<h3>Voici votre cartouche de terp\u00e8ne Amnesia E8H : puissance et saveur \u00e0 chaque bouff\u00e9e<\/h3>\n<p>Ce <b>Cartouche jetable E8H<\/b>\u00a0avec un profil terp\u00e9nique Amnesia est non seulement facile \u00e0 utiliser, mais il vous garantit <b>300 \u00e0 600 bouff\u00e9es<\/b> de saveur pure, en formats de 1 ml ou 2 ml. Notre formule exclusive fusionne la mol\u00e9cule <b>E8H<\/b> avec des terp\u00e8nes naturels, obtenant un profil aromatique d&#039;agrumes et stimulant qui rend hommage \u00e0 la l\u00e9gendaire vari\u00e9t\u00e9 Amnesia.<\/p>\n<h6>Une formule propre<\/h6>\n<p>Ce produit est totalement exempt de THC, HHC, THC-P et nicotine, ainsi que d&#039;additifs ou d&#039;agents de coupe inutiles. Tous nos produits sont issus de chanvre industriel certifi\u00e9 et respectent scrupuleusement la r\u00e9glementation en vigueur, avec une teneur en THC inf\u00e9rieure \u00e0 0,31 TP3T. Nous garantissons l&#039;absence de cannabino\u00efdes ill\u00e9gaux.<\/p>\n<hr \/>\n<p><em>Destin\u00e9 \u00e0 des fins industrielles, techniques et horticoles.<\/em><\/p>\n<p><em>C&#039;est un <b>objet de collection<\/b>. Ne pas consommer directement ni fumer.<\/em><\/p>\n<p><em>Ce produit ne contient pas de cannabino\u00efdes inclus dans l&#039;annexe 1 du d\u00e9cret royal 2829\/1977, mis \u00e0 jour par l&#039;arr\u00eat\u00e9 SND\/380\/2025, du 14 avril, ni de substances contr\u00f4l\u00e9es par la Convention unique sur les stup\u00e9fiants de 1961 et la Convention sur les substances psychotropes de 1971.<\/em><\/p>","protected":false},"excerpt":{"rendered":"<h4>Caract\u00e9ristiques<\/h4>\n<ul>\n<li>Saveur terp\u00e9nique d&#039;Amnesia<\/li>\n<li>Type de connexion de batterie 510<\/li>\n<li>Capacit\u00e9 : 1 ml<\/li>\n<li>Bouff\u00e9es : 300<\/li>\n<li>Terp\u00e8nes naturels de haute qualit\u00e9<\/li>\n<li>E8H \u00e0 90%<\/li>\n<li>THC : 0%, HHC : 0%, THC-P : 0%, Nicotine : 0%<\/li>\n<li>Ne contient pas de VG, PG, PEG, MCT ou autres agents de coupe.<\/li>\n<li>Produit l\u00e9gal \u00e0 \u00e9tudier ou \u00e0 collectionner.<\/li>\n<li>V\u00e9rifiez le<a href=\"https:\/\/iguanasmoke.com\/analiticas\/\"> Analyse de la qualit\u00e9 ici.<\/a><\/li>\n<\/ul>","protected":false},"featured_media":14068,"comment_status":"open","ping_status":"closed","template":"","meta":{"_acf_changed":false,"site-sidebar-layout":"default","site-content-layout":"","ast-site-content-layout":"default","site-content-style":"default","site-sidebar-style":"default","ast-global-header-display":"","ast-banner-title-visibility":"","ast-main-header-display":"","ast-hfb-above-header-display":"","ast-hfb-below-header-display":"","ast-hfb-mobile-header-display":"","site-post-title":"","ast-breadcrumbs-content":"","ast-featured-img":"","footer-sml-layout":"","theme-transparent-header-meta":"default","adv-header-id-meta":"","stick-header-meta":"","header-above-stick-meta":"","header-main-stick-meta":"","header-below-stick-meta":"","astra-migrate-meta-layouts":"set","ast-page-background-enabled":"default","ast-page-background-meta":{"desktop":{"background-color":"var(--ast-global-color-4)","background-image":"","background-repeat":"repeat","background-position":"center center","background-size":"auto","background-attachment":"scroll","background-type":"","background-media":"","overlay-type":"","overlay-color":"","overlay-opacity":"","overlay-gradient":""},"tablet":{"background-color":"","background-image":"","background-repeat":"repeat","background-position":"center center","background-size":"auto","background-attachment":"scroll","background-type":"","background-media":"","overlay-type":"","overlay-color":"","overlay-opacity":"","overlay-gradient":""},"mobile":{"background-color":"","background-image":"","background-repeat":"repeat","background-position":"center center","background-size":"auto","background-attachment":"scroll","background-type":"","background-media":"","overlay-type":"","overlay-color":"","overlay-opacity":"","overlay-gradient":""}},"ast-content-background-meta":{"desktop":{"background-color":"var(--ast-global-color-5)","background-image":"","background-repeat":"repeat","background-position":"center center","background-size":"auto","background-attachment":"scroll","background-type":"","background-media":"","overlay-type":"","overlay-color":"","overlay-opacity":"","overlay-gradient":""},"tablet":{"background-color":"var(--ast-global-color-5)","background-image":"","background-repeat":"repeat","background-position":"center center","background-size":"auto","background-attachment":"scroll","background-type":"","background-media":"","overlay-type":"","overlay-color":"","overlay-opacity":"","overlay-gradient":""},"mobile":{"background-color":"var(--ast-global-color-5)","background-image":"","background-repeat":"repeat","background-position":"center center","background-size":"auto","background-attachment":"scroll","background-type":"","background-media":"","overlay-type":"","overlay-color":"","overlay-opacity":"","overlay-gradient":""}}},"product_brand":[],"product_cat":[142,91,145,146],"product_tag":[],"class_list":{"0":"post-14064","1":"product","2":"type-product","3":"status-publish","4":"has-post-thumbnail","6":"product_cat-cartuchos-vapers-cbd","7":"product_cat-cartuchos","8":"product_cat-e8h","9":"product_cat-nuevas-moleculas","10":"desktop-align-center","11":"tablet-align-left","12":"mobile-align-left","14":"first","15":"instock","16":"taxable","17":"shipping-taxable","18":"purchasable","19":"product-type-simple"},"acf":[],"yoast_head":"<!-- This site is optimized with the Yoast SEO plugin v27.4 - https:\/\/yoast.com\/product\/yoast-seo-wordpress\/ -->\n<title>Cartucho desechable E8H 90% - Amnesia 1ml - Cartuchos E8H THE LYF LABS<\/title>\n<meta name=\"description\" content=\"Compra el Cartucho Desechable E8H al 90% sabor Amnesia. Un vapeo potente y discreto con la mol\u00e9cula E8H. Tienda mayorista de vapers CBD, E8h, 10-OH, STV.\" \/>\n<meta name=\"robots\" content=\"index, follow, max-snippet:-1, max-image-preview:large, max-video-preview:-1\" \/>\n<link rel=\"canonical\" href=\"https:\/\/thelyflabs.com\/fr\/product\/cartucho-desechable-e8h-90-amnesia-1ml\/\" \/>\n<meta property=\"og:locale\" content=\"fr_FR\" \/>\n<meta property=\"og:type\" content=\"article\" \/>\n<meta property=\"og:title\" content=\"Cartucho desechable E8H 90% - Amnesia 1ml - Cartuchos E8H THE LYF LABS\" \/>\n<meta property=\"og:description\" content=\"Compra el Cartucho Desechable E8H al 90% sabor Amnesia. Un vapeo potente y discreto con la mol\u00e9cula E8H. Tienda mayorista de vapers CBD, E8h, 10-OH, STV.\" \/>\n<meta property=\"og:url\" content=\"https:\/\/thelyflabs.com\/fr\/product\/cartucho-desechable-e8h-90-amnesia-1ml\/\" \/>\n<meta property=\"og:site_name\" content=\"THE LYF LABS\" \/>\n<meta property=\"article:modified_time\" content=\"2026-05-05T15:49:26+00:00\" \/>\n<meta property=\"og:image\" content=\"https:\/\/thelyflabs.com\/wp-content\/uploads\/2025\/09\/Bolsa-Cart-Amnesia-2025-E8H-con-cartucho.webp\" \/>\n\t<meta property=\"og:image:width\" content=\"1000\" \/>\n\t<meta property=\"og:image:height\" content=\"1000\" \/>\n\t<meta property=\"og:image:type\" content=\"image\/webp\" \/>\n<meta name=\"twitter:card\" content=\"summary_large_image\" \/>\n<meta name=\"twitter:label1\" content=\"Dur\u00e9e de lecture estim\u00e9e\" \/>\n\t<meta name=\"twitter:data1\" content=\"4 minutes\" \/>\n<script type=\"application\/ld+json\" class=\"yoast-schema-graph\">{\"@context\":\"https:\\\/\\\/schema.org\",\"@graph\":[{\"@type\":\"WebPage\",\"@id\":\"https:\\\/\\\/thelyflabs.com\\\/product\\\/cartucho-desechable-e8h-90-amnesia-1ml\",\"url\":\"https:\\\/\\\/thelyflabs.com\\\/product\\\/cartucho-desechable-e8h-90-amnesia-1ml\",\"name\":\"Cartucho desechable E8H 90% - Amnesia 1ml - Cartuchos E8H THE LYF LABS\",\"isPartOf\":{\"@id\":\"https:\\\/\\\/thelyflabs.com\\\/#website\"},\"primaryImageOfPage\":{\"@id\":\"https:\\\/\\\/thelyflabs.com\\\/product\\\/cartucho-desechable-e8h-90-amnesia-1ml#primaryimage\"},\"image\":{\"@id\":\"https:\\\/\\\/thelyflabs.com\\\/product\\\/cartucho-desechable-e8h-90-amnesia-1ml#primaryimage\"},\"thumbnailUrl\":\"https:\\\/\\\/thelyflabs.com\\\/wp-content\\\/uploads\\\/2025\\\/09\\\/Bolsa-Cart-Amnesia-2025-E8H-con-cartucho.webp\",\"datePublished\":\"2025-09-11T15:08:54+00:00\",\"dateModified\":\"2026-05-05T15:49:26+00:00\",\"description\":\"Compra el Cartucho Desechable E8H al 90% sabor Amnesia. Un vapeo potente y discreto con la mol\u00e9cula E8H. Tienda mayorista de vapers CBD, E8h, 10-OH, STV.\",\"breadcrumb\":{\"@id\":\"https:\\\/\\\/thelyflabs.com\\\/product\\\/cartucho-desechable-e8h-90-amnesia-1ml#breadcrumb\"},\"inLanguage\":\"fr-FR\",\"potentialAction\":[{\"@type\":\"ReadAction\",\"target\":[\"https:\\\/\\\/thelyflabs.com\\\/product\\\/cartucho-desechable-e8h-90-amnesia-1ml\"]}]},{\"@type\":\"ImageObject\",\"inLanguage\":\"fr-FR\",\"@id\":\"https:\\\/\\\/thelyflabs.com\\\/product\\\/cartucho-desechable-e8h-90-amnesia-1ml#primaryimage\",\"url\":\"https:\\\/\\\/thelyflabs.com\\\/wp-content\\\/uploads\\\/2025\\\/09\\\/Bolsa-Cart-Amnesia-2025-E8H-con-cartucho.webp\",\"contentUrl\":\"https:\\\/\\\/thelyflabs.com\\\/wp-content\\\/uploads\\\/2025\\\/09\\\/Bolsa-Cart-Amnesia-2025-E8H-con-cartucho.webp\",\"width\":1000,\"height\":1000,\"caption\":\"cartucho desechable e8h amnesia 1ml\"},{\"@type\":\"BreadcrumbList\",\"@id\":\"https:\\\/\\\/thelyflabs.com\\\/product\\\/cartucho-desechable-e8h-90-amnesia-1ml#breadcrumb\",\"itemListElement\":[{\"@type\":\"ListItem\",\"position\":1,\"name\":\"Portada\",\"item\":\"https:\\\/\\\/thelyflabs.com\\\/\"},{\"@type\":\"ListItem\",\"position\":2,\"name\":\"Tienda\",\"item\":\"https:\\\/\\\/thelyflabs.com\\\/tienda\"},{\"@type\":\"ListItem\",\"position\":3,\"name\":\"Cartucho desechable E8H 90% &#8211; Amnesia 1ml\"}]},{\"@type\":\"WebSite\",\"@id\":\"https:\\\/\\\/thelyflabs.com\\\/#website\",\"url\":\"https:\\\/\\\/thelyflabs.com\\\/\",\"name\":\"The LYF Labs\",\"description\":\"CBD al por mayor\",\"publisher\":{\"@id\":\"https:\\\/\\\/thelyflabs.com\\\/#organization\"},\"potentialAction\":[{\"@type\":\"SearchAction\",\"target\":{\"@type\":\"EntryPoint\",\"urlTemplate\":\"https:\\\/\\\/thelyflabs.com\\\/?s={search_term_string}\"},\"query-input\":{\"@type\":\"PropertyValueSpecification\",\"valueRequired\":true,\"valueName\":\"search_term_string\"}}],\"inLanguage\":\"fr-FR\"},{\"@type\":\"Organization\",\"@id\":\"https:\\\/\\\/thelyflabs.com\\\/#organization\",\"name\":\"The LYF Labs\",\"url\":\"https:\\\/\\\/thelyflabs.com\\\/\",\"logo\":{\"@type\":\"ImageObject\",\"inLanguage\":\"fr-FR\",\"@id\":\"https:\\\/\\\/thelyflabs.com\\\/#\\\/schema\\\/logo\\\/image\\\/\",\"url\":\"https:\\\/\\\/thelyflabs.com\\\/wp-content\\\/uploads\\\/2023\\\/01\\\/cropped-LogoTheLYFLabs.png\",\"contentUrl\":\"https:\\\/\\\/thelyflabs.com\\\/wp-content\\\/uploads\\\/2023\\\/01\\\/cropped-LogoTheLYFLabs.png\",\"width\":600,\"height\":180,\"caption\":\"The LYF Labs\"},\"image\":{\"@id\":\"https:\\\/\\\/thelyflabs.com\\\/#\\\/schema\\\/logo\\\/image\\\/\"}}]}<\/script>\n<!-- \/ Yoast SEO plugin. -->","yoast_head_json":{"title":"Cartucho desechable E8H 90% - Amnesia 1ml - Cartuchos E8H THE LYF LABS","description":"Compra el Cartucho Desechable E8H al 90% sabor Amnesia. Un vapeo potente y discreto con la mol\u00e9cula E8H. Tienda mayorista de vapers CBD, E8h, 10-OH, STV.","robots":{"index":"index","follow":"follow","max-snippet":"max-snippet:-1","max-image-preview":"max-image-preview:large","max-video-preview":"max-video-preview:-1"},"canonical":"https:\/\/thelyflabs.com\/fr\/product\/cartucho-desechable-e8h-90-amnesia-1ml\/","og_locale":"fr_FR","og_type":"article","og_title":"Cartucho desechable E8H 90% - Amnesia 1ml - Cartuchos E8H THE LYF LABS","og_description":"Compra el Cartucho Desechable E8H al 90% sabor Amnesia. Un vapeo potente y discreto con la mol\u00e9cula E8H. Tienda mayorista de vapers CBD, E8h, 10-OH, STV.","og_url":"https:\/\/thelyflabs.com\/fr\/product\/cartucho-desechable-e8h-90-amnesia-1ml\/","og_site_name":"THE LYF LABS","article_modified_time":"2026-05-05T15:49:26+00:00","og_image":[{"width":1000,"height":1000,"url":"https:\/\/thelyflabs.com\/wp-content\/uploads\/2025\/09\/Bolsa-Cart-Amnesia-2025-E8H-con-cartucho.webp","type":"image\/webp"}],"twitter_card":"summary_large_image","twitter_misc":{"Dur\u00e9e de lecture estim\u00e9e":"4 minutes"},"schema":{"@context":"https:\/\/schema.org","@graph":[{"@type":"WebPage","@id":"https:\/\/thelyflabs.com\/product\/cartucho-desechable-e8h-90-amnesia-1ml","url":"https:\/\/thelyflabs.com\/product\/cartucho-desechable-e8h-90-amnesia-1ml","name":"Cartucho desechable E8H 90% - Amnesia 1ml - Cartuchos E8H THE LYF LABS","isPartOf":{"@id":"https:\/\/thelyflabs.com\/#website"},"primaryImageOfPage":{"@id":"https:\/\/thelyflabs.com\/product\/cartucho-desechable-e8h-90-amnesia-1ml#primaryimage"},"image":{"@id":"https:\/\/thelyflabs.com\/product\/cartucho-desechable-e8h-90-amnesia-1ml#primaryimage"},"thumbnailUrl":"https:\/\/thelyflabs.com\/wp-content\/uploads\/2025\/09\/Bolsa-Cart-Amnesia-2025-E8H-con-cartucho.webp","datePublished":"2025-09-11T15:08:54+00:00","dateModified":"2026-05-05T15:49:26+00:00","description":"Compra el Cartucho Desechable E8H al 90% sabor Amnesia. Un vapeo potente y discreto con la mol\u00e9cula E8H. Tienda mayorista de vapers CBD, E8h, 10-OH, STV.","breadcrumb":{"@id":"https:\/\/thelyflabs.com\/product\/cartucho-desechable-e8h-90-amnesia-1ml#breadcrumb"},"inLanguage":"fr-FR","potentialAction":[{"@type":"ReadAction","target":["https:\/\/thelyflabs.com\/product\/cartucho-desechable-e8h-90-amnesia-1ml"]}]},{"@type":"ImageObject","inLanguage":"fr-FR","@id":"https:\/\/thelyflabs.com\/product\/cartucho-desechable-e8h-90-amnesia-1ml#primaryimage","url":"https:\/\/thelyflabs.com\/wp-content\/uploads\/2025\/09\/Bolsa-Cart-Amnesia-2025-E8H-con-cartucho.webp","contentUrl":"https:\/\/thelyflabs.com\/wp-content\/uploads\/2025\/09\/Bolsa-Cart-Amnesia-2025-E8H-con-cartucho.webp","width":1000,"height":1000,"caption":"cartucho desechable e8h amnesia 1ml"},{"@type":"BreadcrumbList","@id":"https:\/\/thelyflabs.com\/product\/cartucho-desechable-e8h-90-amnesia-1ml#breadcrumb","itemListElement":[{"@type":"ListItem","position":1,"name":"Portada","item":"https:\/\/thelyflabs.com\/"},{"@type":"ListItem","position":2,"name":"Tienda","item":"https:\/\/thelyflabs.com\/tienda"},{"@type":"ListItem","position":3,"name":"Cartucho desechable E8H 90% &#8211; Amnesia 1ml"}]},{"@type":"WebSite","@id":"https:\/\/thelyflabs.com\/#website","url":"https:\/\/thelyflabs.com\/","name":"Les laboratoires LYF","description":"Vente en gros de CBD","publisher":{"@id":"https:\/\/thelyflabs.com\/#organization"},"potentialAction":[{"@type":"SearchAction","target":{"@type":"EntryPoint","urlTemplate":"https:\/\/thelyflabs.com\/?s={search_term_string}"},"query-input":{"@type":"PropertyValueSpecification","valueRequired":true,"valueName":"search_term_string"}}],"inLanguage":"fr-FR"},{"@type":"Organization","@id":"https:\/\/thelyflabs.com\/#organization","name":"Les laboratoires LYF","url":"https:\/\/thelyflabs.com\/","logo":{"@type":"ImageObject","inLanguage":"fr-FR","@id":"https:\/\/thelyflabs.com\/#\/schema\/logo\/image\/","url":"https:\/\/thelyflabs.com\/wp-content\/uploads\/2023\/01\/cropped-LogoTheLYFLabs.png","contentUrl":"https:\/\/thelyflabs.com\/wp-content\/uploads\/2023\/01\/cropped-LogoTheLYFLabs.png","width":600,"height":180,"caption":"The LYF Labs"},"image":{"@id":"https:\/\/thelyflabs.com\/#\/schema\/logo\/image\/"}}]}},"_links":{"self":[{"href":"https:\/\/thelyflabs.com\/fr\/wp-json\/wp\/v2\/product\/14064","targetHints":{"allow":["GET"]}}],"collection":[{"href":"https:\/\/thelyflabs.com\/fr\/wp-json\/wp\/v2\/product"}],"about":[{"href":"https:\/\/thelyflabs.com\/fr\/wp-json\/wp\/v2\/types\/product"}],"replies":[{"embeddable":true,"href":"https:\/\/thelyflabs.com\/fr\/wp-json\/wp\/v2\/comments?post=14064"}],"wp:featuredmedia":[{"embeddable":true,"href":"https:\/\/thelyflabs.com\/fr\/wp-json\/wp\/v2\/media\/14068"}],"wp:attachment":[{"href":"https:\/\/thelyflabs.com\/fr\/wp-json\/wp\/v2\/media?parent=14064"}],"wp:term":[{"taxonomy":"product_brand","embeddable":true,"href":"https:\/\/thelyflabs.com\/fr\/wp-json\/wp\/v2\/product_brand?post=14064"},{"taxonomy":"product_cat","embeddable":true,"href":"https:\/\/thelyflabs.com\/fr\/wp-json\/wp\/v2\/product_cat?post=14064"},{"taxonomy":"product_tag","embeddable":true,"href":"https:\/\/thelyflabs.com\/fr\/wp-json\/wp\/v2\/product_tag?post=14064"}],"curies":[{"name":"wp","href":"https:\/\/api.w.org\/{rel}","templated":true}]}}