{"id":14071,"date":"2025-09-11T17:09:56","date_gmt":"2025-09-11T15:09:56","guid":{"rendered":"https:\/\/thelyflabs.com\/?post_type=product&#038;p=14071"},"modified":"2026-04-16T11:06:41","modified_gmt":"2026-04-16T09:06:41","slug":"cartucho-desechable-e8h-90-gelato-1ml","status":"publish","type":"product","link":"https:\/\/thelyflabs.com\/fr\/product\/cartucho-desechable-e8h-90-gelato-1ml","title":{"rendered":"Cartouche jetable E8H 90% \u2013 Gelato 1 ml"},"content":{"rendered":"<h2>Cartouche Gelato E8H 90% \u2013 Cartouche CBD jetable au go\u00fbt de gelato\u00a0: d\u00e9couvrez la douceur du cannabis l\u00e9gal<\/h2>\n<p>D\u00e9couvrez le <b>Cartouche jetable de terp\u00e8nes Gelato E8H<\/b>Con\u00e7u pour une exp\u00e9rience de vapotage exceptionnelle. Inspir\u00e9 par le profil aromatique reconnu de la vari\u00e9t\u00e9 CBD. <b>Gelato<\/b>, cette cartouche n&#039;est pas n&#039;importe quelle cartouche : elle est charg\u00e9e de la mol\u00e9cule innovante 90% <b>E8H<\/b> pour vous offrir une sensation intense, immersive et totalement unique.<\/p>\n<p>Si vous recherchez une saveur de cannabis douce et herbac\u00e9e, avec des notes cr\u00e9meuses et une touche de dessert pour apaiser vos sens, vous \u00eates au bon endroit. La cartouche jetable E8H Gelato est si simple \u00e0 utiliser que vous l&#039;adorerez\u00a0: branchez-la simplement sur votre accu 510 et plongez dans une nouvelle dimension de saveurs et de d\u00e9tente.<\/p>\n<p>&nbsp;<\/p>\n<h3>Qu&#039;est-ce que E8H ?<\/h3>\n<p>Nos cartouches E8H contiennent 90% de cette mol\u00e9cule semi-synth\u00e9tique nouvelle g\u00e9n\u00e9ration. L&#039;E8H a \u00e9t\u00e9 con\u00e7ue pour offrir une exp\u00e9rience unique, similaire au HHC. Contrairement \u00e0 ce que vous connaissez d\u00e9j\u00e0, cette mol\u00e9cule innovante offre une exp\u00e9rience singuli\u00e8re qui red\u00e9finit les attentes. Son d\u00e9veloppement r\u00e9cent l&#039;inscrit dans un cadre r\u00e9glementaire en constante \u00e9volution, ouvrant de nouvelles perspectives dans le monde de la vape.<\/p>\n<p>&nbsp;<\/p>\n<h3>Profil terp\u00e9nique de la glace<\/h3>\n<p>La souche <b>Gelato<\/b>Larry Bird, aussi connue sous le nom de Larry Bird, est l&#039;une des vari\u00e9t\u00e9s de cannabis les plus populaires au monde, reconnue pour son ar\u00f4me sucr\u00e9 et fruit\u00e9 aux notes cr\u00e9meuses rappelant un dessert. Cette combinaison unique de terp\u00e8nes cr\u00e9e une exp\u00e9rience aromatique d\u00e9licieuse et \u00e9quilibr\u00e9e\u00a0:<\/p>\n<ul>\n<li><b>Caryophyll\u00e8ne :<\/b> Avec des notes \u00e9pic\u00e9es et bois\u00e9es qui offrent une base solide et une touche de calme.<\/li>\n<li><b>Limon\u00e8ne :<\/b> Agrumes, qui ajoute une note lumineuse et rehausse le profil de saveur.<\/li>\n<li><b>Myrc\u00e8ne :<\/b> Herbac\u00e9 et sucr\u00e9, il adoucit le m\u00e9lange et apporte une touche relaxante.<\/li>\n<\/ul>\n<p>Le r\u00e9sultat final est une cartouche de saveur herbac\u00e9e et cr\u00e9meuse, avec une touche fruit\u00e9e, id\u00e9ale \u00e0 tout moment de la journ\u00e9e.<\/p>\n<p>&nbsp;<\/p>\n<h3>Qu&#039;est-ce qu&#039;une cartouche de vape jetable ?<\/h3>\n<p>Les cartouches de vape, aussi appel\u00e9es pods jetables, sont de petits contenants pr\u00e9remplis de liquide qui se connectent \u00e0 une batterie. Nos pods sont compatibles avec les accus 510 de 1 ml et 2 ml, disponibles sur notre site web. Contrairement aux vapes jetables, les pods permettent de changer facilement de saveur et sont tr\u00e8s pratiques \u00e0 transporter.<\/p>\n<p>La cartouche jetable E8H \u2013 Gelato est disponible en :<\/p>\n<ul>\n<li><b>1 ml<\/b> \u2013 Jusqu\u2019\u00e0 300 bouff\u00e9es.<\/li>\n<li><b>2 ml<\/b> \u2013 Jusqu\u2019\u00e0 600 bouff\u00e9es.<\/li>\n<\/ul>\n<p>Profitez d&#039;un liquide innovant et sans impuret\u00e9s avec un profil de saveur Gelato complexe et puissant, vous offrant une exp\u00e9rience intense sans compromettre la clart\u00e9.<\/p>\n<p>&nbsp;<\/p>\n<h3>La cartouche de gelato E8H 90% vous fait-elle planer ?<\/h3>\n<p>Comme le THC, l&#039;E8H procure \u00e0 de nombreuses personnes un effet euphorisant. Certaines personnes rapportent des effets similaires \u00e0 ceux des produits \u00e0 base de THC conventionnels, mais les donn\u00e9es sont insuffisantes pour en \u00eatre certaines. Il n&#039;existe pas non plus suffisamment de donn\u00e9es pour d\u00e9terminer si la consommation d&#039;E8H peut entra\u00eener des effets secondaires n\u00e9gatifs ou des effets \u00e0 long terme.<\/p>\n<p>Cependant, conform\u00e9ment \u00e0 la l\u00e9gislation espagnole en vigueur, nous n&#039;encourageons en aucun cas l&#039;utilisation ou l&#039;ingestion des substances susmentionn\u00e9es. Il est d\u00e9conseill\u00e9 de conduire des v\u00e9hicules \u00e0 moteur ni d&#039;utiliser des machines lourdes apr\u00e8s consommation.<\/p>\n<p>&nbsp;<\/p>\n<h3>Voici votre cartouche de gelato au terp\u00e8ne E8H\u00a0: saveur et puissance \u00e0 chaque bouff\u00e9e<\/h3>\n<p>Cette cartouche E8H jetable au profil terp\u00e9nique Gelato est non seulement facile \u00e0 utiliser, mais vous garantit \u00e9galement 300 \u00e0 600 bouff\u00e9es de saveur pure, en formats de 1 ml ou 2 ml. Notre formule exclusive fusionne la mol\u00e9cule E8H avec des terp\u00e8nes naturels de qualit\u00e9, cr\u00e9ant un profil aromatique doux et \u00e9quilibr\u00e9, hommage \u00e0 cette vari\u00e9t\u00e9 l\u00e9gendaire. <b>Gelato<\/b>.<\/p>\n<h6>Une formule propre<\/h6>\n<p>Ce produit est totalement exempt de <b>THC, HHC, THC-P et nicotine<\/b>, ainsi que des additifs ou agents de coupe inutiles. Tous nos produits sont issus de chanvre industriel certifi\u00e9 et respectent scrupuleusement la r\u00e9glementation en vigueur, avec une teneur en THC inf\u00e9rieure \u00e0 0,3%. Nous garantissons qu&#039;ils ne contiennent aucun cannabino\u00efde ill\u00e9gal.<\/p>\n<hr \/>\n<p><em>Destin\u00e9 \u00e0 des fins industrielles, techniques et horticoles.<\/em><\/p>\n<p><em>C&#039;est un <b>objet de collection<\/b>. Ne pas consommer directement ni fumer.<\/em><\/p>\n<p><em>Ce produit ne contient pas de cannabino\u00efdes inclus dans l&#039;annexe 1 du d\u00e9cret royal 2829\/1977, mis \u00e0 jour par l&#039;arr\u00eat\u00e9 SND\/380\/2025, du 14 avril, ni de substances contr\u00f4l\u00e9es par la Convention unique sur les stup\u00e9fiants de 1961 et la Convention sur les substances psychotropes de 1971.<\/em><\/p>\n<p>Acheter ca<\/p>","protected":false},"excerpt":{"rendered":"<h4>Caract\u00e9ristiques<\/h4>\n<ul>\n<li>Ar\u00f4me de gelato aux terp\u00e8nes<\/li>\n<li>Type de connexion de batterie 510<\/li>\n<li>Capacit\u00e9 : 1 ml<\/li>\n<li>Bouff\u00e9es : 300<\/li>\n<li>Terp\u00e8nes naturels de haute qualit\u00e9<\/li>\n<li>E8H \u00e0 90%<\/li>\n<li>THC : 0%, HHC : 0%, THC-P : 0%, Nicotine : 0%<\/li>\n<li>Ne contient pas de VG, PG, PEG, MCT ou autres agents de coupe.<\/li>\n<li>Produit l\u00e9gal \u00e0 \u00e9tudier ou \u00e0 collectionner.<\/li>\n<li>V\u00e9rifiez le<a href=\"https:\/\/iguanasmoke.com\/analiticas\/\"> Analyse de la qualit\u00e9 ici.<\/a><\/li>\n<\/ul>","protected":false},"featured_media":14073,"comment_status":"open","ping_status":"closed","template":"","meta":{"_acf_changed":false,"site-sidebar-layout":"default","site-content-layout":"","ast-site-content-layout":"default","site-content-style":"default","site-sidebar-style":"default","ast-global-header-display":"","ast-banner-title-visibility":"","ast-main-header-display":"","ast-hfb-above-header-display":"","ast-hfb-below-header-display":"","ast-hfb-mobile-header-display":"","site-post-title":"","ast-breadcrumbs-content":"","ast-featured-img":"","footer-sml-layout":"","theme-transparent-header-meta":"default","adv-header-id-meta":"","stick-header-meta":"","header-above-stick-meta":"","header-main-stick-meta":"","header-below-stick-meta":"","astra-migrate-meta-layouts":"set","ast-page-background-enabled":"default","ast-page-background-meta":{"desktop":{"background-color":"var(--ast-global-color-4)","background-image":"","background-repeat":"repeat","background-position":"center center","background-size":"auto","background-attachment":"scroll","background-type":"","background-media":"","overlay-type":"","overlay-color":"","overlay-opacity":"","overlay-gradient":""},"tablet":{"background-color":"","background-image":"","background-repeat":"repeat","background-position":"center center","background-size":"auto","background-attachment":"scroll","background-type":"","background-media":"","overlay-type":"","overlay-color":"","overlay-opacity":"","overlay-gradient":""},"mobile":{"background-color":"","background-image":"","background-repeat":"repeat","background-position":"center center","background-size":"auto","background-attachment":"scroll","background-type":"","background-media":"","overlay-type":"","overlay-color":"","overlay-opacity":"","overlay-gradient":""}},"ast-content-background-meta":{"desktop":{"background-color":"var(--ast-global-color-5)","background-image":"","background-repeat":"repeat","background-position":"center center","background-size":"auto","background-attachment":"scroll","background-type":"","background-media":"","overlay-type":"","overlay-color":"","overlay-opacity":"","overlay-gradient":""},"tablet":{"background-color":"var(--ast-global-color-5)","background-image":"","background-repeat":"repeat","background-position":"center center","background-size":"auto","background-attachment":"scroll","background-type":"","background-media":"","overlay-type":"","overlay-color":"","overlay-opacity":"","overlay-gradient":""},"mobile":{"background-color":"var(--ast-global-color-5)","background-image":"","background-repeat":"repeat","background-position":"center center","background-size":"auto","background-attachment":"scroll","background-type":"","background-media":"","overlay-type":"","overlay-color":"","overlay-opacity":"","overlay-gradient":""}}},"product_brand":[],"product_cat":[91,142,145,146],"product_tag":[],"class_list":{"0":"post-14071","1":"product","2":"type-product","3":"status-publish","4":"has-post-thumbnail","6":"product_cat-cartuchos","7":"product_cat-cartuchos-vapers-cbd","8":"product_cat-e8h","9":"product_cat-nuevas-moleculas","10":"desktop-align-center","11":"tablet-align-left","12":"mobile-align-left","14":"first","15":"outofstock","16":"taxable","17":"shipping-taxable","18":"purchasable","19":"product-type-simple"},"acf":[],"yoast_head":"<!-- This site is optimized with the Yoast SEO plugin v27.4 - https:\/\/yoast.com\/product\/yoast-seo-wordpress\/ -->\n<title>Cartucho desechable E8H 90% - Gelato 1ml - THE LYF LABS<\/title>\n<meta name=\"description\" content=\"Cartucho desechable E8H 90% Gelato 1ml. Cartuchos desechables para baterias y vapers recargables STV, E8H, 10-OH. Compra mayorista y distribuidor CBD.\" \/>\n<meta name=\"robots\" content=\"index, follow, max-snippet:-1, max-image-preview:large, max-video-preview:-1\" \/>\n<link rel=\"canonical\" href=\"https:\/\/thelyflabs.com\/fr\/product\/cartucho-desechable-e8h-90-gelato-1ml\/\" \/>\n<meta property=\"og:locale\" content=\"fr_FR\" \/>\n<meta property=\"og:type\" content=\"article\" \/>\n<meta property=\"og:title\" content=\"Cartucho desechable E8H 90% - Gelato 1ml - THE LYF LABS\" \/>\n<meta property=\"og:description\" content=\"Cartucho desechable E8H 90% Gelato 1ml. Cartuchos desechables para baterias y vapers recargables STV, E8H, 10-OH. Compra mayorista y distribuidor CBD.\" \/>\n<meta property=\"og:url\" content=\"https:\/\/thelyflabs.com\/fr\/product\/cartucho-desechable-e8h-90-gelato-1ml\/\" \/>\n<meta property=\"og:site_name\" content=\"THE LYF LABS\" \/>\n<meta property=\"article:modified_time\" content=\"2026-04-16T09:06:41+00:00\" \/>\n<meta property=\"og:image\" content=\"https:\/\/thelyflabs.com\/wp-content\/uploads\/2025\/09\/Bolsa-Cart-Gelato-2025-E8H-con-cartucho.webp\" \/>\n\t<meta property=\"og:image:width\" content=\"1000\" \/>\n\t<meta property=\"og:image:height\" content=\"1000\" \/>\n\t<meta property=\"og:image:type\" content=\"image\/webp\" \/>\n<meta name=\"twitter:card\" content=\"summary_large_image\" \/>\n<meta name=\"twitter:label1\" content=\"Dur\u00e9e de lecture estim\u00e9e\" \/>\n\t<meta name=\"twitter:data1\" content=\"4 minutes\" \/>\n<script type=\"application\/ld+json\" class=\"yoast-schema-graph\">{\"@context\":\"https:\\\/\\\/schema.org\",\"@graph\":[{\"@type\":\"WebPage\",\"@id\":\"https:\\\/\\\/thelyflabs.com\\\/product\\\/cartucho-desechable-e8h-90-gelato-1ml\",\"url\":\"https:\\\/\\\/thelyflabs.com\\\/product\\\/cartucho-desechable-e8h-90-gelato-1ml\",\"name\":\"Cartucho desechable E8H 90% - Gelato 1ml - THE LYF LABS\",\"isPartOf\":{\"@id\":\"https:\\\/\\\/thelyflabs.com\\\/#website\"},\"primaryImageOfPage\":{\"@id\":\"https:\\\/\\\/thelyflabs.com\\\/product\\\/cartucho-desechable-e8h-90-gelato-1ml#primaryimage\"},\"image\":{\"@id\":\"https:\\\/\\\/thelyflabs.com\\\/product\\\/cartucho-desechable-e8h-90-gelato-1ml#primaryimage\"},\"thumbnailUrl\":\"https:\\\/\\\/thelyflabs.com\\\/wp-content\\\/uploads\\\/2025\\\/09\\\/Bolsa-Cart-Gelato-2025-E8H-con-cartucho.webp\",\"datePublished\":\"2025-09-11T15:09:56+00:00\",\"dateModified\":\"2026-04-16T09:06:41+00:00\",\"description\":\"Cartucho desechable E8H 90% Gelato 1ml. Cartuchos desechables para baterias y vapers recargables STV, E8H, 10-OH. Compra mayorista y distribuidor CBD.\",\"breadcrumb\":{\"@id\":\"https:\\\/\\\/thelyflabs.com\\\/product\\\/cartucho-desechable-e8h-90-gelato-1ml#breadcrumb\"},\"inLanguage\":\"fr-FR\",\"potentialAction\":[{\"@type\":\"ReadAction\",\"target\":[\"https:\\\/\\\/thelyflabs.com\\\/product\\\/cartucho-desechable-e8h-90-gelato-1ml\"]}]},{\"@type\":\"ImageObject\",\"inLanguage\":\"fr-FR\",\"@id\":\"https:\\\/\\\/thelyflabs.com\\\/product\\\/cartucho-desechable-e8h-90-gelato-1ml#primaryimage\",\"url\":\"https:\\\/\\\/thelyflabs.com\\\/wp-content\\\/uploads\\\/2025\\\/09\\\/Bolsa-Cart-Gelato-2025-E8H-con-cartucho.webp\",\"contentUrl\":\"https:\\\/\\\/thelyflabs.com\\\/wp-content\\\/uploads\\\/2025\\\/09\\\/Bolsa-Cart-Gelato-2025-E8H-con-cartucho.webp\",\"width\":1000,\"height\":1000,\"caption\":\"cartucho e8h gelato 1ml\"},{\"@type\":\"BreadcrumbList\",\"@id\":\"https:\\\/\\\/thelyflabs.com\\\/product\\\/cartucho-desechable-e8h-90-gelato-1ml#breadcrumb\",\"itemListElement\":[{\"@type\":\"ListItem\",\"position\":1,\"name\":\"Portada\",\"item\":\"https:\\\/\\\/thelyflabs.com\\\/\"},{\"@type\":\"ListItem\",\"position\":2,\"name\":\"Tienda\",\"item\":\"https:\\\/\\\/thelyflabs.com\\\/tienda\"},{\"@type\":\"ListItem\",\"position\":3,\"name\":\"Cartucho desechable E8H 90% &#8211; Gelato 1ml\"}]},{\"@type\":\"WebSite\",\"@id\":\"https:\\\/\\\/thelyflabs.com\\\/#website\",\"url\":\"https:\\\/\\\/thelyflabs.com\\\/\",\"name\":\"The LYF Labs\",\"description\":\"CBD al por mayor\",\"publisher\":{\"@id\":\"https:\\\/\\\/thelyflabs.com\\\/#organization\"},\"potentialAction\":[{\"@type\":\"SearchAction\",\"target\":{\"@type\":\"EntryPoint\",\"urlTemplate\":\"https:\\\/\\\/thelyflabs.com\\\/?s={search_term_string}\"},\"query-input\":{\"@type\":\"PropertyValueSpecification\",\"valueRequired\":true,\"valueName\":\"search_term_string\"}}],\"inLanguage\":\"fr-FR\"},{\"@type\":\"Organization\",\"@id\":\"https:\\\/\\\/thelyflabs.com\\\/#organization\",\"name\":\"The LYF Labs\",\"url\":\"https:\\\/\\\/thelyflabs.com\\\/\",\"logo\":{\"@type\":\"ImageObject\",\"inLanguage\":\"fr-FR\",\"@id\":\"https:\\\/\\\/thelyflabs.com\\\/#\\\/schema\\\/logo\\\/image\\\/\",\"url\":\"https:\\\/\\\/thelyflabs.com\\\/wp-content\\\/uploads\\\/2023\\\/01\\\/cropped-LogoTheLYFLabs.png\",\"contentUrl\":\"https:\\\/\\\/thelyflabs.com\\\/wp-content\\\/uploads\\\/2023\\\/01\\\/cropped-LogoTheLYFLabs.png\",\"width\":600,\"height\":180,\"caption\":\"The LYF Labs\"},\"image\":{\"@id\":\"https:\\\/\\\/thelyflabs.com\\\/#\\\/schema\\\/logo\\\/image\\\/\"}}]}<\/script>\n<!-- \/ Yoast SEO plugin. -->","yoast_head_json":{"title":"Cartucho desechable E8H 90% - Gelato 1ml - THE LYF LABS","description":"Cartucho desechable E8H 90% Gelato 1ml. Cartuchos desechables para baterias y vapers recargables STV, E8H, 10-OH. Compra mayorista y distribuidor CBD.","robots":{"index":"index","follow":"follow","max-snippet":"max-snippet:-1","max-image-preview":"max-image-preview:large","max-video-preview":"max-video-preview:-1"},"canonical":"https:\/\/thelyflabs.com\/fr\/product\/cartucho-desechable-e8h-90-gelato-1ml\/","og_locale":"fr_FR","og_type":"article","og_title":"Cartucho desechable E8H 90% - Gelato 1ml - THE LYF LABS","og_description":"Cartucho desechable E8H 90% Gelato 1ml. Cartuchos desechables para baterias y vapers recargables STV, E8H, 10-OH. Compra mayorista y distribuidor CBD.","og_url":"https:\/\/thelyflabs.com\/fr\/product\/cartucho-desechable-e8h-90-gelato-1ml\/","og_site_name":"THE LYF LABS","article_modified_time":"2026-04-16T09:06:41+00:00","og_image":[{"width":1000,"height":1000,"url":"https:\/\/thelyflabs.com\/wp-content\/uploads\/2025\/09\/Bolsa-Cart-Gelato-2025-E8H-con-cartucho.webp","type":"image\/webp"}],"twitter_card":"summary_large_image","twitter_misc":{"Dur\u00e9e de lecture estim\u00e9e":"4 minutes"},"schema":{"@context":"https:\/\/schema.org","@graph":[{"@type":"WebPage","@id":"https:\/\/thelyflabs.com\/product\/cartucho-desechable-e8h-90-gelato-1ml","url":"https:\/\/thelyflabs.com\/product\/cartucho-desechable-e8h-90-gelato-1ml","name":"Cartucho desechable E8H 90% - Gelato 1ml - THE LYF LABS","isPartOf":{"@id":"https:\/\/thelyflabs.com\/#website"},"primaryImageOfPage":{"@id":"https:\/\/thelyflabs.com\/product\/cartucho-desechable-e8h-90-gelato-1ml#primaryimage"},"image":{"@id":"https:\/\/thelyflabs.com\/product\/cartucho-desechable-e8h-90-gelato-1ml#primaryimage"},"thumbnailUrl":"https:\/\/thelyflabs.com\/wp-content\/uploads\/2025\/09\/Bolsa-Cart-Gelato-2025-E8H-con-cartucho.webp","datePublished":"2025-09-11T15:09:56+00:00","dateModified":"2026-04-16T09:06:41+00:00","description":"Cartucho desechable E8H 90% Gelato 1ml. Cartuchos desechables para baterias y vapers recargables STV, E8H, 10-OH. Compra mayorista y distribuidor CBD.","breadcrumb":{"@id":"https:\/\/thelyflabs.com\/product\/cartucho-desechable-e8h-90-gelato-1ml#breadcrumb"},"inLanguage":"fr-FR","potentialAction":[{"@type":"ReadAction","target":["https:\/\/thelyflabs.com\/product\/cartucho-desechable-e8h-90-gelato-1ml"]}]},{"@type":"ImageObject","inLanguage":"fr-FR","@id":"https:\/\/thelyflabs.com\/product\/cartucho-desechable-e8h-90-gelato-1ml#primaryimage","url":"https:\/\/thelyflabs.com\/wp-content\/uploads\/2025\/09\/Bolsa-Cart-Gelato-2025-E8H-con-cartucho.webp","contentUrl":"https:\/\/thelyflabs.com\/wp-content\/uploads\/2025\/09\/Bolsa-Cart-Gelato-2025-E8H-con-cartucho.webp","width":1000,"height":1000,"caption":"cartucho e8h gelato 1ml"},{"@type":"BreadcrumbList","@id":"https:\/\/thelyflabs.com\/product\/cartucho-desechable-e8h-90-gelato-1ml#breadcrumb","itemListElement":[{"@type":"ListItem","position":1,"name":"Portada","item":"https:\/\/thelyflabs.com\/"},{"@type":"ListItem","position":2,"name":"Tienda","item":"https:\/\/thelyflabs.com\/tienda"},{"@type":"ListItem","position":3,"name":"Cartucho desechable E8H 90% &#8211; Gelato 1ml"}]},{"@type":"WebSite","@id":"https:\/\/thelyflabs.com\/#website","url":"https:\/\/thelyflabs.com\/","name":"Les laboratoires LYF","description":"Vente en gros de CBD","publisher":{"@id":"https:\/\/thelyflabs.com\/#organization"},"potentialAction":[{"@type":"SearchAction","target":{"@type":"EntryPoint","urlTemplate":"https:\/\/thelyflabs.com\/?s={search_term_string}"},"query-input":{"@type":"PropertyValueSpecification","valueRequired":true,"valueName":"search_term_string"}}],"inLanguage":"fr-FR"},{"@type":"Organization","@id":"https:\/\/thelyflabs.com\/#organization","name":"Les laboratoires LYF","url":"https:\/\/thelyflabs.com\/","logo":{"@type":"ImageObject","inLanguage":"fr-FR","@id":"https:\/\/thelyflabs.com\/#\/schema\/logo\/image\/","url":"https:\/\/thelyflabs.com\/wp-content\/uploads\/2023\/01\/cropped-LogoTheLYFLabs.png","contentUrl":"https:\/\/thelyflabs.com\/wp-content\/uploads\/2023\/01\/cropped-LogoTheLYFLabs.png","width":600,"height":180,"caption":"The LYF Labs"},"image":{"@id":"https:\/\/thelyflabs.com\/#\/schema\/logo\/image\/"}}]}},"_links":{"self":[{"href":"https:\/\/thelyflabs.com\/fr\/wp-json\/wp\/v2\/product\/14071","targetHints":{"allow":["GET"]}}],"collection":[{"href":"https:\/\/thelyflabs.com\/fr\/wp-json\/wp\/v2\/product"}],"about":[{"href":"https:\/\/thelyflabs.com\/fr\/wp-json\/wp\/v2\/types\/product"}],"replies":[{"embeddable":true,"href":"https:\/\/thelyflabs.com\/fr\/wp-json\/wp\/v2\/comments?post=14071"}],"wp:featuredmedia":[{"embeddable":true,"href":"https:\/\/thelyflabs.com\/fr\/wp-json\/wp\/v2\/media\/14073"}],"wp:attachment":[{"href":"https:\/\/thelyflabs.com\/fr\/wp-json\/wp\/v2\/media?parent=14071"}],"wp:term":[{"taxonomy":"product_brand","embeddable":true,"href":"https:\/\/thelyflabs.com\/fr\/wp-json\/wp\/v2\/product_brand?post=14071"},{"taxonomy":"product_cat","embeddable":true,"href":"https:\/\/thelyflabs.com\/fr\/wp-json\/wp\/v2\/product_cat?post=14071"},{"taxonomy":"product_tag","embeddable":true,"href":"https:\/\/thelyflabs.com\/fr\/wp-json\/wp\/v2\/product_tag?post=14071"}],"curies":[{"name":"wp","href":"https:\/\/api.w.org\/{rel}","templated":true}]}}