{"id":14084,"date":"2025-09-11T17:10:17","date_gmt":"2025-09-11T15:10:17","guid":{"rendered":"https:\/\/thelyflabs.com\/?post_type=product&#038;p=14084"},"modified":"2026-04-20T09:26:35","modified_gmt":"2026-04-20T07:26:35","slug":"cartucho-desechable-e8h-90-strawberry-2ml","status":"publish","type":"product","link":"https:\/\/thelyflabs.com\/fr\/product\/cartucho-desechable-e8h-90-strawberry-2ml","title":{"rendered":"Cartouche jetable E8H 90% \u2013 Fraise 2 ml"},"content":{"rendered":"<h2>Cartouche CBD jetable E8H 90% Fraise \u2013 Saveur fraise\u00a0: intensit\u00e9 et saveur pures<\/h2>\n<p>Envie d&#039;une exp\u00e9rience de vapotage qui vous replongera dans vos plus beaux souvenirs\u00a0? D\u00e9couvrez <b>Cartouche jetable E8H 90% au parfum de fraise<\/b>Nous avons captur\u00e9 la saveur irr\u00e9sistible et juteuse des fraises fra\u00eeches dans une cartouche pr\u00eate \u00e0 l&#039;emploi. De plus, nous l&#039;avons charg\u00e9e \u00e0 <b>90% avec la mol\u00e9cule innovante E8H <\/b>pour rendre votre exp\u00e9rience de vapotage parfaite.<\/p>\n<p>Si vous recherchez une saveur fruit\u00e9e, sucr\u00e9e et famili\u00e8re, vous \u00eates au bon endroit. La cartouche jetable E8H Fraise est si simple \u00e0 utiliser que vous en tomberez amoureux\u00a0: branchez-la simplement sur votre accu 510 et plongez dans une nouvelle dimension de saveur et de puissance.<\/p>\n<p>&nbsp;<\/p>\n<h3>Qu&#039;est-ce que E8H ?<\/h3>\n<p>Nos cartouches E8H contiennent un <b>90% de cette mol\u00e9cule semi-synth\u00e9tique de derni\u00e8re g\u00e9n\u00e9ration<\/b>. Il <b>E8H<\/b> Con\u00e7ue pour offrir une exp\u00e9rience unique, similaire \u00e0 celle du HHC, cette mol\u00e9cule innovante offre une exp\u00e9rience singuli\u00e8re qui r\u00e9volutionne les attentes. Son d\u00e9veloppement r\u00e9cent l&#039;inscrit dans un cadre r\u00e9glementaire en constante \u00e9volution, ouvrant de nouvelles perspectives dans le monde du vapotage.<\/p>\n<p>&nbsp;<\/p>\n<h3>Saveur fraise<\/h3>\n<p>L&#039;ar\u00f4me de cette cartouche reproduit fid\u00e8lement le go\u00fbt des fraises m\u00fbres. Vous y d\u00e9couvrirez une note sucr\u00e9e et fruit\u00e9e, relev\u00e9e d&#039;une pointe acidul\u00e9e. La simplicit\u00e9 de son ar\u00f4me, alli\u00e9e \u00e0 l&#039;innovation de la mol\u00e9cule E8H, fait de la cartouche fraise E8H 90% un classique que vous adorerez.<\/p>\n<p>&nbsp;<\/p>\n<h3>Qu&#039;est-ce qu&#039;une cartouche de vape jetable ?<\/h3>\n<p>Le <b>cartouches de vapotage<\/b> Ce sont de petits contenants pr\u00e9remplis de liquide qui se connectent \u00e0 une batterie de vape. Nos cartouches sont compatibles avec les accus 510 de 1 ml et 2 ml, disponibles sur notre site web. Tr\u00e8s pratiques \u00e0 transporter, elles permettent de changer facilement de saveur.<\/p>\n<p>La cartouche jetable E8H \u2013 Fraise est disponible en :<\/p>\n<ul>\n<li><b>1 ml<\/b> \u2013 Jusqu\u2019\u00e0 300 bouff\u00e9es.<\/li>\n<li><b>2 ml<\/b> \u2013 Jusqu\u2019\u00e0 600 bouff\u00e9es.<\/li>\n<\/ul>\n<p>Profitez d&#039;un e-liquide innovant, sans impuret\u00e9s et au go\u00fbt authentique qui vous offre une exp\u00e9rience intense sans compromettre la clart\u00e9.<\/p>\n<p>&nbsp;<\/p>\n<h3>La cartouche de fraise E8H 90% vous fait-elle planer ?<\/h3>\n<p>Comme le THC, l&#039;E8H procure \u00e0 de nombreuses personnes un effet euphorisant. Certaines personnes rapportent des effets similaires \u00e0 ceux des produits \u00e0 base de THC conventionnels, mais les donn\u00e9es sont insuffisantes pour en \u00eatre certaines. Il n&#039;existe pas non plus suffisamment de donn\u00e9es pour d\u00e9terminer si la consommation d&#039;E8H peut entra\u00eener des effets secondaires n\u00e9gatifs ou des effets \u00e0 long terme.<\/p>\n<p>Toutefois, conform\u00e9ment \u00e0 la l\u00e9gislation en vigueur, nous n&#039;encourageons en aucun cas l&#039;utilisation ou l&#039;ingestion des substances susmentionn\u00e9es. Il est d\u00e9conseill\u00e9 de conduire des v\u00e9hicules \u00e0 moteur ni d&#039;utiliser des machines lourdes apr\u00e8s consommation.<\/p>\n<p>&nbsp;<\/p>\n<h3>Voici votre cartouche saveur fraise E8H : douceur et puissance \u00e0 chaque bouff\u00e9e<\/h3>\n<p>Cette cartouche jetable <b>E8H \u00e0 l&#039;ar\u00f4me de fraise<\/b> Non seulement il est facile \u00e0 utiliser, mais il vous garantit \u00e9galement 300 \u00e0 600 bouff\u00e9es de saveur pure. Notre formule exclusive et pure associe la mol\u00e9cule E8H au 90% et \u00e0 un d\u00e9licieux ar\u00f4me de fraise, pour un profil fruit\u00e9 et sucr\u00e9 que vous adorerez.<\/p>\n<h6>Une formule propre<\/h6>\n<p>Ce produit est totalement exempt de <b>THC, HHC, THC-P et nicotine<\/b>, ainsi que des additifs ou agents de coupe inutiles. Tous nos produits sont issus de chanvre industriel certifi\u00e9 et respectent scrupuleusement la r\u00e9glementation en vigueur, avec une teneur en THC inf\u00e9rieure \u00e0 0,3%. Nous garantissons qu&#039;ils ne contiennent aucun cannabino\u00efde ill\u00e9gal.<\/p>\n<hr \/>\n<p><em>Destin\u00e9 \u00e0 des fins industrielles, techniques et horticoles.<\/em><\/p>\n<p><em>C&#039;est un <b>objet de collection<\/b>. Ne pas consommer directement ni fumer.<\/em><\/p>\n<p><em>Ce produit ne contient pas de cannabino\u00efdes inclus dans l&#039;annexe 1 du d\u00e9cret royal 2829\/1977, mis \u00e0 jour par l&#039;arr\u00eat\u00e9 SND\/380\/2025, du 14 avril, ni de substances contr\u00f4l\u00e9es par la Convention unique sur les stup\u00e9fiants de 1961 et la Convention sur les substances psychotropes de 1971.<\/em><\/p>","protected":false},"excerpt":{"rendered":"<h4>Caract\u00e9ristiques<\/h4>\n<ul>\n<li>Saveur fruit\u00e9e de fraise<\/li>\n<li>Type de connexion de batterie 510<\/li>\n<li>Capacit\u00e9 : 2 ml<\/li>\n<li>Bouff\u00e9es : 600<\/li>\n<li>Ar\u00f4mes naturels de haute qualit\u00e9<\/li>\n<li>E8H \u00e0 90%<\/li>\n<li>THC : 0%, HHC : 0%, THC-P : 0%, Nicotine : 0%<\/li>\n<li>Ne contient pas de VG, PG, PEG, MCT ou autres agents de coupe.<\/li>\n<li>Produit l\u00e9gal \u00e0 \u00e9tudier ou \u00e0 collectionner.<\/li>\n<li>V\u00e9rifiez le<a href=\"https:\/\/iguanasmoke.com\/analiticas\/\"> Analyse de la qualit\u00e9 ici.<\/a><\/li>\n<\/ul>","protected":false},"featured_media":14087,"comment_status":"open","ping_status":"closed","template":"","meta":{"_acf_changed":false,"site-sidebar-layout":"default","site-content-layout":"","ast-site-content-layout":"default","site-content-style":"default","site-sidebar-style":"default","ast-global-header-display":"","ast-banner-title-visibility":"","ast-main-header-display":"","ast-hfb-above-header-display":"","ast-hfb-below-header-display":"","ast-hfb-mobile-header-display":"","site-post-title":"","ast-breadcrumbs-content":"","ast-featured-img":"","footer-sml-layout":"","theme-transparent-header-meta":"default","adv-header-id-meta":"","stick-header-meta":"","header-above-stick-meta":"","header-main-stick-meta":"","header-below-stick-meta":"","astra-migrate-meta-layouts":"set","ast-page-background-enabled":"default","ast-page-background-meta":{"desktop":{"background-color":"var(--ast-global-color-4)","background-image":"","background-repeat":"repeat","background-position":"center center","background-size":"auto","background-attachment":"scroll","background-type":"","background-media":"","overlay-type":"","overlay-color":"","overlay-opacity":"","overlay-gradient":""},"tablet":{"background-color":"","background-image":"","background-repeat":"repeat","background-position":"center center","background-size":"auto","background-attachment":"scroll","background-type":"","background-media":"","overlay-type":"","overlay-color":"","overlay-opacity":"","overlay-gradient":""},"mobile":{"background-color":"","background-image":"","background-repeat":"repeat","background-position":"center center","background-size":"auto","background-attachment":"scroll","background-type":"","background-media":"","overlay-type":"","overlay-color":"","overlay-opacity":"","overlay-gradient":""}},"ast-content-background-meta":{"desktop":{"background-color":"var(--ast-global-color-5)","background-image":"","background-repeat":"repeat","background-position":"center center","background-size":"auto","background-attachment":"scroll","background-type":"","background-media":"","overlay-type":"","overlay-color":"","overlay-opacity":"","overlay-gradient":""},"tablet":{"background-color":"var(--ast-global-color-5)","background-image":"","background-repeat":"repeat","background-position":"center center","background-size":"auto","background-attachment":"scroll","background-type":"","background-media":"","overlay-type":"","overlay-color":"","overlay-opacity":"","overlay-gradient":""},"mobile":{"background-color":"var(--ast-global-color-5)","background-image":"","background-repeat":"repeat","background-position":"center center","background-size":"auto","background-attachment":"scroll","background-type":"","background-media":"","overlay-type":"","overlay-color":"","overlay-opacity":"","overlay-gradient":""}}},"product_brand":[],"product_cat":[91,142,145,146],"product_tag":[],"class_list":{"0":"post-14084","1":"product","2":"type-product","3":"status-publish","4":"has-post-thumbnail","6":"product_cat-cartuchos","7":"product_cat-cartuchos-vapers-cbd","8":"product_cat-e8h","9":"product_cat-nuevas-moleculas","10":"desktop-align-center","11":"tablet-align-left","12":"mobile-align-left","14":"first","15":"instock","16":"taxable","17":"shipping-taxable","18":"purchasable","19":"product-type-simple"},"acf":[],"yoast_head":"<!-- This site is optimized with the Yoast SEO plugin v27.4 - https:\/\/yoast.com\/product\/yoast-seo-wordpress\/ -->\n<title>Cartucho desechable E8H 90% - Strawberry 2ml - THE LYF LABS<\/title>\n<meta name=\"description\" content=\"Cartucho desechable E8H 90% Strawberry. Cartuchos desechables para bater\u00edas y vapers recargables. STV, 10-OH, E8H y CBD. Venta al por mayor y distribuidores\" \/>\n<meta name=\"robots\" content=\"index, follow, max-snippet:-1, max-image-preview:large, max-video-preview:-1\" \/>\n<link rel=\"canonical\" href=\"https:\/\/thelyflabs.com\/fr\/product\/cartucho-desechable-e8h-90-strawberry-2ml\/\" \/>\n<meta property=\"og:locale\" content=\"fr_FR\" \/>\n<meta property=\"og:type\" content=\"article\" \/>\n<meta property=\"og:title\" content=\"Cartucho desechable E8H 90% - Strawberry 2ml - THE LYF LABS\" \/>\n<meta property=\"og:description\" content=\"Cartucho desechable E8H 90% Strawberry. Cartuchos desechables para bater\u00edas y vapers recargables. STV, 10-OH, E8H y CBD. Venta al por mayor y distribuidores\" \/>\n<meta property=\"og:url\" content=\"https:\/\/thelyflabs.com\/fr\/product\/cartucho-desechable-e8h-90-strawberry-2ml\/\" \/>\n<meta property=\"og:site_name\" content=\"THE LYF LABS\" \/>\n<meta property=\"article:modified_time\" content=\"2026-04-20T07:26:35+00:00\" \/>\n<meta property=\"og:image\" content=\"https:\/\/thelyflabs.com\/wp-content\/uploads\/2025\/09\/Bolsa-Cart-Strawberry-2025-E8H-con-cartucho.webp\" \/>\n\t<meta property=\"og:image:width\" content=\"1000\" \/>\n\t<meta property=\"og:image:height\" content=\"1000\" \/>\n\t<meta property=\"og:image:type\" content=\"image\/webp\" \/>\n<meta name=\"twitter:card\" content=\"summary_large_image\" \/>\n<meta name=\"twitter:label1\" content=\"Dur\u00e9e de lecture estim\u00e9e\" \/>\n\t<meta name=\"twitter:data1\" content=\"3 minutes\" \/>\n<script type=\"application\/ld+json\" class=\"yoast-schema-graph\">{\"@context\":\"https:\\\/\\\/schema.org\",\"@graph\":[{\"@type\":\"WebPage\",\"@id\":\"https:\\\/\\\/thelyflabs.com\\\/product\\\/cartucho-desechable-e8h-90-strawberry-2ml\",\"url\":\"https:\\\/\\\/thelyflabs.com\\\/product\\\/cartucho-desechable-e8h-90-strawberry-2ml\",\"name\":\"Cartucho desechable E8H 90% - Strawberry 2ml - THE LYF LABS\",\"isPartOf\":{\"@id\":\"https:\\\/\\\/thelyflabs.com\\\/#website\"},\"primaryImageOfPage\":{\"@id\":\"https:\\\/\\\/thelyflabs.com\\\/product\\\/cartucho-desechable-e8h-90-strawberry-2ml#primaryimage\"},\"image\":{\"@id\":\"https:\\\/\\\/thelyflabs.com\\\/product\\\/cartucho-desechable-e8h-90-strawberry-2ml#primaryimage\"},\"thumbnailUrl\":\"https:\\\/\\\/thelyflabs.com\\\/wp-content\\\/uploads\\\/2025\\\/09\\\/Bolsa-Cart-Strawberry-2025-E8H-con-cartucho.webp\",\"datePublished\":\"2025-09-11T15:10:17+00:00\",\"dateModified\":\"2026-04-20T07:26:35+00:00\",\"description\":\"Cartucho desechable E8H 90% Strawberry. Cartuchos desechables para bater\u00edas y vapers recargables. STV, 10-OH, E8H y CBD. Venta al por mayor y distribuidores\",\"breadcrumb\":{\"@id\":\"https:\\\/\\\/thelyflabs.com\\\/product\\\/cartucho-desechable-e8h-90-strawberry-2ml#breadcrumb\"},\"inLanguage\":\"fr-FR\",\"potentialAction\":[{\"@type\":\"ReadAction\",\"target\":[\"https:\\\/\\\/thelyflabs.com\\\/product\\\/cartucho-desechable-e8h-90-strawberry-2ml\"]}]},{\"@type\":\"ImageObject\",\"inLanguage\":\"fr-FR\",\"@id\":\"https:\\\/\\\/thelyflabs.com\\\/product\\\/cartucho-desechable-e8h-90-strawberry-2ml#primaryimage\",\"url\":\"https:\\\/\\\/thelyflabs.com\\\/wp-content\\\/uploads\\\/2025\\\/09\\\/Bolsa-Cart-Strawberry-2025-E8H-con-cartucho.webp\",\"contentUrl\":\"https:\\\/\\\/thelyflabs.com\\\/wp-content\\\/uploads\\\/2025\\\/09\\\/Bolsa-Cart-Strawberry-2025-E8H-con-cartucho.webp\",\"width\":1000,\"height\":1000,\"caption\":\"cartucho e8h\"},{\"@type\":\"BreadcrumbList\",\"@id\":\"https:\\\/\\\/thelyflabs.com\\\/product\\\/cartucho-desechable-e8h-90-strawberry-2ml#breadcrumb\",\"itemListElement\":[{\"@type\":\"ListItem\",\"position\":1,\"name\":\"Portada\",\"item\":\"https:\\\/\\\/thelyflabs.com\\\/\"},{\"@type\":\"ListItem\",\"position\":2,\"name\":\"Tienda\",\"item\":\"https:\\\/\\\/thelyflabs.com\\\/tienda\"},{\"@type\":\"ListItem\",\"position\":3,\"name\":\"Cartucho desechable E8H 90% &#8211; Strawberry 2ml\"}]},{\"@type\":\"WebSite\",\"@id\":\"https:\\\/\\\/thelyflabs.com\\\/#website\",\"url\":\"https:\\\/\\\/thelyflabs.com\\\/\",\"name\":\"The LYF Labs\",\"description\":\"CBD al por mayor\",\"publisher\":{\"@id\":\"https:\\\/\\\/thelyflabs.com\\\/#organization\"},\"potentialAction\":[{\"@type\":\"SearchAction\",\"target\":{\"@type\":\"EntryPoint\",\"urlTemplate\":\"https:\\\/\\\/thelyflabs.com\\\/?s={search_term_string}\"},\"query-input\":{\"@type\":\"PropertyValueSpecification\",\"valueRequired\":true,\"valueName\":\"search_term_string\"}}],\"inLanguage\":\"fr-FR\"},{\"@type\":\"Organization\",\"@id\":\"https:\\\/\\\/thelyflabs.com\\\/#organization\",\"name\":\"The LYF Labs\",\"url\":\"https:\\\/\\\/thelyflabs.com\\\/\",\"logo\":{\"@type\":\"ImageObject\",\"inLanguage\":\"fr-FR\",\"@id\":\"https:\\\/\\\/thelyflabs.com\\\/#\\\/schema\\\/logo\\\/image\\\/\",\"url\":\"https:\\\/\\\/thelyflabs.com\\\/wp-content\\\/uploads\\\/2023\\\/01\\\/cropped-LogoTheLYFLabs.png\",\"contentUrl\":\"https:\\\/\\\/thelyflabs.com\\\/wp-content\\\/uploads\\\/2023\\\/01\\\/cropped-LogoTheLYFLabs.png\",\"width\":600,\"height\":180,\"caption\":\"The LYF Labs\"},\"image\":{\"@id\":\"https:\\\/\\\/thelyflabs.com\\\/#\\\/schema\\\/logo\\\/image\\\/\"}}]}<\/script>\n<!-- \/ Yoast SEO plugin. -->","yoast_head_json":{"title":"Cartucho desechable E8H 90% - Strawberry 2ml - THE LYF LABS","description":"Cartucho desechable E8H 90% Strawberry. Cartuchos desechables para bater\u00edas y vapers recargables. STV, 10-OH, E8H y CBD. Venta al por mayor y distribuidores","robots":{"index":"index","follow":"follow","max-snippet":"max-snippet:-1","max-image-preview":"max-image-preview:large","max-video-preview":"max-video-preview:-1"},"canonical":"https:\/\/thelyflabs.com\/fr\/product\/cartucho-desechable-e8h-90-strawberry-2ml\/","og_locale":"fr_FR","og_type":"article","og_title":"Cartucho desechable E8H 90% - Strawberry 2ml - THE LYF LABS","og_description":"Cartucho desechable E8H 90% Strawberry. Cartuchos desechables para bater\u00edas y vapers recargables. STV, 10-OH, E8H y CBD. Venta al por mayor y distribuidores","og_url":"https:\/\/thelyflabs.com\/fr\/product\/cartucho-desechable-e8h-90-strawberry-2ml\/","og_site_name":"THE LYF LABS","article_modified_time":"2026-04-20T07:26:35+00:00","og_image":[{"width":1000,"height":1000,"url":"https:\/\/thelyflabs.com\/wp-content\/uploads\/2025\/09\/Bolsa-Cart-Strawberry-2025-E8H-con-cartucho.webp","type":"image\/webp"}],"twitter_card":"summary_large_image","twitter_misc":{"Dur\u00e9e de lecture estim\u00e9e":"3 minutes"},"schema":{"@context":"https:\/\/schema.org","@graph":[{"@type":"WebPage","@id":"https:\/\/thelyflabs.com\/product\/cartucho-desechable-e8h-90-strawberry-2ml","url":"https:\/\/thelyflabs.com\/product\/cartucho-desechable-e8h-90-strawberry-2ml","name":"Cartucho desechable E8H 90% - Strawberry 2ml - THE LYF LABS","isPartOf":{"@id":"https:\/\/thelyflabs.com\/#website"},"primaryImageOfPage":{"@id":"https:\/\/thelyflabs.com\/product\/cartucho-desechable-e8h-90-strawberry-2ml#primaryimage"},"image":{"@id":"https:\/\/thelyflabs.com\/product\/cartucho-desechable-e8h-90-strawberry-2ml#primaryimage"},"thumbnailUrl":"https:\/\/thelyflabs.com\/wp-content\/uploads\/2025\/09\/Bolsa-Cart-Strawberry-2025-E8H-con-cartucho.webp","datePublished":"2025-09-11T15:10:17+00:00","dateModified":"2026-04-20T07:26:35+00:00","description":"Cartucho desechable E8H 90% Strawberry. Cartuchos desechables para bater\u00edas y vapers recargables. STV, 10-OH, E8H y CBD. Venta al por mayor y distribuidores","breadcrumb":{"@id":"https:\/\/thelyflabs.com\/product\/cartucho-desechable-e8h-90-strawberry-2ml#breadcrumb"},"inLanguage":"fr-FR","potentialAction":[{"@type":"ReadAction","target":["https:\/\/thelyflabs.com\/product\/cartucho-desechable-e8h-90-strawberry-2ml"]}]},{"@type":"ImageObject","inLanguage":"fr-FR","@id":"https:\/\/thelyflabs.com\/product\/cartucho-desechable-e8h-90-strawberry-2ml#primaryimage","url":"https:\/\/thelyflabs.com\/wp-content\/uploads\/2025\/09\/Bolsa-Cart-Strawberry-2025-E8H-con-cartucho.webp","contentUrl":"https:\/\/thelyflabs.com\/wp-content\/uploads\/2025\/09\/Bolsa-Cart-Strawberry-2025-E8H-con-cartucho.webp","width":1000,"height":1000,"caption":"cartucho e8h"},{"@type":"BreadcrumbList","@id":"https:\/\/thelyflabs.com\/product\/cartucho-desechable-e8h-90-strawberry-2ml#breadcrumb","itemListElement":[{"@type":"ListItem","position":1,"name":"Portada","item":"https:\/\/thelyflabs.com\/"},{"@type":"ListItem","position":2,"name":"Tienda","item":"https:\/\/thelyflabs.com\/tienda"},{"@type":"ListItem","position":3,"name":"Cartucho desechable E8H 90% &#8211; Strawberry 2ml"}]},{"@type":"WebSite","@id":"https:\/\/thelyflabs.com\/#website","url":"https:\/\/thelyflabs.com\/","name":"Les laboratoires LYF","description":"Vente en gros de CBD","publisher":{"@id":"https:\/\/thelyflabs.com\/#organization"},"potentialAction":[{"@type":"SearchAction","target":{"@type":"EntryPoint","urlTemplate":"https:\/\/thelyflabs.com\/?s={search_term_string}"},"query-input":{"@type":"PropertyValueSpecification","valueRequired":true,"valueName":"search_term_string"}}],"inLanguage":"fr-FR"},{"@type":"Organization","@id":"https:\/\/thelyflabs.com\/#organization","name":"Les laboratoires LYF","url":"https:\/\/thelyflabs.com\/","logo":{"@type":"ImageObject","inLanguage":"fr-FR","@id":"https:\/\/thelyflabs.com\/#\/schema\/logo\/image\/","url":"https:\/\/thelyflabs.com\/wp-content\/uploads\/2023\/01\/cropped-LogoTheLYFLabs.png","contentUrl":"https:\/\/thelyflabs.com\/wp-content\/uploads\/2023\/01\/cropped-LogoTheLYFLabs.png","width":600,"height":180,"caption":"The LYF Labs"},"image":{"@id":"https:\/\/thelyflabs.com\/#\/schema\/logo\/image\/"}}]}},"_links":{"self":[{"href":"https:\/\/thelyflabs.com\/fr\/wp-json\/wp\/v2\/product\/14084","targetHints":{"allow":["GET"]}}],"collection":[{"href":"https:\/\/thelyflabs.com\/fr\/wp-json\/wp\/v2\/product"}],"about":[{"href":"https:\/\/thelyflabs.com\/fr\/wp-json\/wp\/v2\/types\/product"}],"replies":[{"embeddable":true,"href":"https:\/\/thelyflabs.com\/fr\/wp-json\/wp\/v2\/comments?post=14084"}],"wp:featuredmedia":[{"embeddable":true,"href":"https:\/\/thelyflabs.com\/fr\/wp-json\/wp\/v2\/media\/14087"}],"wp:attachment":[{"href":"https:\/\/thelyflabs.com\/fr\/wp-json\/wp\/v2\/media?parent=14084"}],"wp:term":[{"taxonomy":"product_brand","embeddable":true,"href":"https:\/\/thelyflabs.com\/fr\/wp-json\/wp\/v2\/product_brand?post=14084"},{"taxonomy":"product_cat","embeddable":true,"href":"https:\/\/thelyflabs.com\/fr\/wp-json\/wp\/v2\/product_cat?post=14084"},{"taxonomy":"product_tag","embeddable":true,"href":"https:\/\/thelyflabs.com\/fr\/wp-json\/wp\/v2\/product_tag?post=14084"}],"curies":[{"name":"wp","href":"https:\/\/api.w.org\/{rel}","templated":true}]}}